{"id":81226,"date":"2018-12-20T15:50:17","date_gmt":"2018-12-20T14:50:17","guid":{"rendered":"https:\/\/www.bagnoitalia.com\/product\/miroir-de-salle-de-bain-arezzo-90x100-ou-100x90-193"},"modified":"2024-09-23T10:36:03","modified_gmt":"2024-09-23T08:36:03","slug":"miroir-de-salle-de-bain-arezzo-90x100-ou-100x90-193","status":"publish","type":"product","link":"https:\/\/www.bagnoitalia.com\/fr\/produit\/miroir-de-salle-de-bain-arezzo-90x100-ou-100x90-193.html","title":{"rendered":"Miroir de salle de bain anti-bu\u00e9e \u00e0 LED 141&#215;70 cm SP053"},"content":{"rendered":"<p><span style=\"font-size: 12pt;\"><strong>Miroir de salle de bain<\/strong><\/span><\/p>\n<p>&nbsp;<\/p>\n<p><span style=\"font-size: 12pt;\">disponible dans les dimensions 141&#215;70 cm<\/span><\/p>\n<p><span style=\"font-size: 12pt;\">\u00e9clairage led en p\u00e9riph\u00e9rie du miroir<\/span><\/p>\n<p><span style=\"font-size: 12pt;\"><strong>Syst\u00e8me anti-bu\u00e9e<\/strong><\/span><\/p>\n","protected":false},"excerpt":{"rendered":"<p>Miroir de salle de bain anti-bu\u00e9e \u00e0 LED 141&#215;70 cm<\/p>\n","protected":false},"featured_media":42302,"comment_status":"open","ping_status":"closed","template":"","meta":[],"product_brand":[5011],"product_cat":[9679],"product_tag":[],"class_list":{"0":"post-81226","1":"product","2":"type-product","3":"status-publish","4":"has-post-thumbnail","6":"product_brand-baden-haus","7":"product_cat-miroirs","9":"first","10":"instock","11":"sale","12":"taxable","13":"shipping-taxable","14":"purchasable","15":"product-type-simple"},"exclude_global_add_ons":[],"addons":[],"yoast_head":"<!-- This site is optimized with the Yoast SEO plugin v26.7 - https:\/\/yoast.com\/wordpress\/plugins\/seo\/ -->\n<title>Miroir de salle de bain anti-bu\u00e9e \u00e0 LED 141x70 cm<\/title>\n<meta name=\"description\" content=\"Miroir de salle de bains Arezzo de 90x100 ou 100x90 cm, installation verticale et horizontale, avec ou sans applique murale.\" \/>\n<meta name=\"robots\" content=\"index, follow, max-snippet:-1, max-image-preview:large, max-video-preview:-1\" \/>\n<link rel=\"canonical\" href=\"https:\/\/www.bagnoitalia.com\/fr\/produit\/miroir-de-salle-de-bain-arezzo-90x100-ou-100x90-193.html\" \/>\n<meta property=\"og:locale\" content=\"fr_FR\" \/>\n<meta property=\"og:type\" content=\"article\" \/>\n<meta property=\"og:title\" content=\"Miroir de salle de bain anti-bu\u00e9e \u00e0 LED 141x70 cm\" \/>\n<meta property=\"og:description\" content=\"Miroir de salle de bains Arezzo de 90x100 ou 100x90 cm, installation verticale et horizontale, avec ou sans applique murale.\" \/>\n<meta property=\"og:url\" content=\"https:\/\/www.bagnoitalia.com\/fr\/produit\/miroir-de-salle-de-bain-arezzo-90x100-ou-100x90-193.html\" \/>\n<meta property=\"og:site_name\" content=\"Bagno Italia\" \/>\n<meta property=\"article:modified_time\" content=\"2024-09-23T08:36:03+00:00\" \/>\n<meta property=\"og:image\" content=\"https:\/\/img.bagnoitalia.com\/wp-content\/uploads\/virtuemart\/product\/141x70-cm-led-bathroom-mirror-with-anti-fog-system-132_1545321419_636.jpg\" \/>\n\t<meta property=\"og:image:width\" content=\"571\" \/>\n\t<meta property=\"og:image:height\" content=\"570\" \/>\n\t<meta property=\"og:image:type\" content=\"image\/jpeg\" \/>\n<meta name=\"twitter:card\" content=\"summary_large_image\" \/>\n<meta name=\"twitter:label1\" content=\"Dur\u00e9e de lecture estim\u00e9e\" \/>\n\t<meta name=\"twitter:data1\" content=\"1 minute\" \/>\n<script type=\"application\/ld+json\" class=\"yoast-schema-graph\">{\"@context\":\"https:\/\/schema.org\",\"@graph\":[{\"@type\":\"WebPage\",\"@id\":\"https:\/\/www.bagnoitalia.com\/fr\/produit\/miroir-de-salle-de-bain-arezzo-90x100-ou-100x90-193.html\",\"url\":\"https:\/\/www.bagnoitalia.com\/fr\/produit\/miroir-de-salle-de-bain-arezzo-90x100-ou-100x90-193.html\",\"name\":\"Miroir de salle de bain anti-bu\u00e9e \u00e0 LED 141x70 cm\",\"isPartOf\":{\"@id\":\"https:\/\/www.bagnoitalia.com\/fr#website\"},\"primaryImageOfPage\":{\"@id\":\"https:\/\/www.bagnoitalia.com\/fr\/produit\/miroir-de-salle-de-bain-arezzo-90x100-ou-100x90-193.html#primaryimage\"},\"image\":{\"@id\":\"https:\/\/www.bagnoitalia.com\/fr\/produit\/miroir-de-salle-de-bain-arezzo-90x100-ou-100x90-193.html#primaryimage\"},\"thumbnailUrl\":\"https:\/\/img.bagnoitalia.com\/wp-content\/uploads\/virtuemart\/product\/141x70-cm-led-bathroom-mirror-with-anti-fog-system-132_1545321419_636.jpg\",\"datePublished\":\"2018-12-20T14:50:17+00:00\",\"dateModified\":\"2024-09-23T08:36:03+00:00\",\"description\":\"Miroir de salle de bains Arezzo de 90x100 ou 100x90 cm, installation verticale et horizontale, avec ou sans applique murale.\",\"breadcrumb\":{\"@id\":\"https:\/\/www.bagnoitalia.com\/fr\/produit\/miroir-de-salle-de-bain-arezzo-90x100-ou-100x90-193.html#breadcrumb\"},\"inLanguage\":\"fr-FR\",\"potentialAction\":[{\"@type\":\"ReadAction\",\"target\":[\"https:\/\/www.bagnoitalia.com\/fr\/produit\/miroir-de-salle-de-bain-arezzo-90x100-ou-100x90-193.html\"]}]},{\"@type\":\"ImageObject\",\"inLanguage\":\"fr-FR\",\"@id\":\"https:\/\/www.bagnoitalia.com\/fr\/produit\/miroir-de-salle-de-bain-arezzo-90x100-ou-100x90-193.html#primaryimage\",\"url\":\"https:\/\/img.bagnoitalia.com\/wp-content\/uploads\/virtuemart\/product\/141x70-cm-led-bathroom-mirror-with-anti-fog-system-132_1545321419_636.jpg\",\"contentUrl\":\"https:\/\/img.bagnoitalia.com\/wp-content\/uploads\/virtuemart\/product\/141x70-cm-led-bathroom-mirror-with-anti-fog-system-132_1545321419_636.jpg\",\"width\":571,\"height\":570},{\"@type\":\"BreadcrumbList\",\"@id\":\"https:\/\/www.bagnoitalia.com\/fr\/produit\/miroir-de-salle-de-bain-arezzo-90x100-ou-100x90-193.html#breadcrumb\",\"itemListElement\":[{\"@type\":\"ListItem\",\"position\":1,\"name\":\"Home\",\"item\":\"https:\/\/www.bagnoitalia.com\/fr\"},{\"@type\":\"ListItem\",\"position\":2,\"name\":\"Produits\",\"item\":\"https:\/\/www.bagnoitalia.com\/fr\/shop\"},{\"@type\":\"ListItem\",\"position\":3,\"name\":\"Miroir de salle de bain anti-bu\u00e9e \u00e0 LED 141&#215;70 cm SP053\"}]},{\"@type\":\"WebSite\",\"@id\":\"https:\/\/www.bagnoitalia.com\/fr#website\",\"url\":\"https:\/\/www.bagnoitalia.com\/fr\",\"name\":\"Bagno Italia\",\"description\":\"\",\"publisher\":{\"@id\":\"https:\/\/www.bagnoitalia.com\/fr#organization\"},\"potentialAction\":[{\"@type\":\"SearchAction\",\"target\":{\"@type\":\"EntryPoint\",\"urlTemplate\":\"https:\/\/www.bagnoitalia.com\/fr?s={search_term_string}\"},\"query-input\":{\"@type\":\"PropertyValueSpecification\",\"valueRequired\":true,\"valueName\":\"search_term_string\"}}],\"inLanguage\":\"fr-FR\"},{\"@type\":\"Organization\",\"@id\":\"https:\/\/www.bagnoitalia.com\/fr#organization\",\"name\":\"Bagno Italia\",\"url\":\"https:\/\/www.bagnoitalia.com\/fr\",\"logo\":{\"@type\":\"ImageObject\",\"inLanguage\":\"fr-FR\",\"@id\":\"https:\/\/www.bagnoitalia.com\/fr#\/schema\/logo\/image\/\",\"url\":\"https:\/\/img.bagnoitalia.com\/wp-content\/uploads\/logo-bagnoitalia.webp\",\"contentUrl\":\"https:\/\/img.bagnoitalia.com\/wp-content\/uploads\/logo-bagnoitalia.webp\",\"width\":400,\"height\":70,\"caption\":\"Bagno Italia\"},\"image\":{\"@id\":\"https:\/\/www.bagnoitalia.com\/fr#\/schema\/logo\/image\/\"}}]}<\/script>\n<!-- \/ Yoast SEO plugin. -->","yoast_head_json":{"title":"Miroir de salle de bain anti-bu\u00e9e \u00e0 LED 141x70 cm","description":"Miroir de salle de bains Arezzo de 90x100 ou 100x90 cm, installation verticale et horizontale, avec ou sans applique murale.","robots":{"index":"index","follow":"follow","max-snippet":"max-snippet:-1","max-image-preview":"max-image-preview:large","max-video-preview":"max-video-preview:-1"},"canonical":"https:\/\/www.bagnoitalia.com\/fr\/produit\/miroir-de-salle-de-bain-arezzo-90x100-ou-100x90-193.html","og_locale":"fr_FR","og_type":"article","og_title":"Miroir de salle de bain anti-bu\u00e9e \u00e0 LED 141x70 cm","og_description":"Miroir de salle de bains Arezzo de 90x100 ou 100x90 cm, installation verticale et horizontale, avec ou sans applique murale.","og_url":"https:\/\/www.bagnoitalia.com\/fr\/produit\/miroir-de-salle-de-bain-arezzo-90x100-ou-100x90-193.html","og_site_name":"Bagno Italia","article_modified_time":"2024-09-23T08:36:03+00:00","og_image":[{"width":571,"height":570,"url":"https:\/\/img.bagnoitalia.com\/wp-content\/uploads\/virtuemart\/product\/141x70-cm-led-bathroom-mirror-with-anti-fog-system-132_1545321419_636.jpg","type":"image\/jpeg"}],"twitter_card":"summary_large_image","twitter_misc":{"Dur\u00e9e de lecture estim\u00e9e":"1 minute"},"schema":{"@context":"https:\/\/schema.org","@graph":[{"@type":"WebPage","@id":"https:\/\/www.bagnoitalia.com\/fr\/produit\/miroir-de-salle-de-bain-arezzo-90x100-ou-100x90-193.html","url":"https:\/\/www.bagnoitalia.com\/fr\/produit\/miroir-de-salle-de-bain-arezzo-90x100-ou-100x90-193.html","name":"Miroir de salle de bain anti-bu\u00e9e \u00e0 LED 141x70 cm","isPartOf":{"@id":"https:\/\/www.bagnoitalia.com\/fr#website"},"primaryImageOfPage":{"@id":"https:\/\/www.bagnoitalia.com\/fr\/produit\/miroir-de-salle-de-bain-arezzo-90x100-ou-100x90-193.html#primaryimage"},"image":{"@id":"https:\/\/www.bagnoitalia.com\/fr\/produit\/miroir-de-salle-de-bain-arezzo-90x100-ou-100x90-193.html#primaryimage"},"thumbnailUrl":"https:\/\/img.bagnoitalia.com\/wp-content\/uploads\/virtuemart\/product\/141x70-cm-led-bathroom-mirror-with-anti-fog-system-132_1545321419_636.jpg","datePublished":"2018-12-20T14:50:17+00:00","dateModified":"2024-09-23T08:36:03+00:00","description":"Miroir de salle de bains Arezzo de 90x100 ou 100x90 cm, installation verticale et horizontale, avec ou sans applique murale.","breadcrumb":{"@id":"https:\/\/www.bagnoitalia.com\/fr\/produit\/miroir-de-salle-de-bain-arezzo-90x100-ou-100x90-193.html#breadcrumb"},"inLanguage":"fr-FR","potentialAction":[{"@type":"ReadAction","target":["https:\/\/www.bagnoitalia.com\/fr\/produit\/miroir-de-salle-de-bain-arezzo-90x100-ou-100x90-193.html"]}]},{"@type":"ImageObject","inLanguage":"fr-FR","@id":"https:\/\/www.bagnoitalia.com\/fr\/produit\/miroir-de-salle-de-bain-arezzo-90x100-ou-100x90-193.html#primaryimage","url":"https:\/\/img.bagnoitalia.com\/wp-content\/uploads\/virtuemart\/product\/141x70-cm-led-bathroom-mirror-with-anti-fog-system-132_1545321419_636.jpg","contentUrl":"https:\/\/img.bagnoitalia.com\/wp-content\/uploads\/virtuemart\/product\/141x70-cm-led-bathroom-mirror-with-anti-fog-system-132_1545321419_636.jpg","width":571,"height":570},{"@type":"BreadcrumbList","@id":"https:\/\/www.bagnoitalia.com\/fr\/produit\/miroir-de-salle-de-bain-arezzo-90x100-ou-100x90-193.html#breadcrumb","itemListElement":[{"@type":"ListItem","position":1,"name":"Home","item":"https:\/\/www.bagnoitalia.com\/fr"},{"@type":"ListItem","position":2,"name":"Produits","item":"https:\/\/www.bagnoitalia.com\/fr\/shop"},{"@type":"ListItem","position":3,"name":"Miroir de salle de bain anti-bu\u00e9e \u00e0 LED 141&#215;70 cm SP053"}]},{"@type":"WebSite","@id":"https:\/\/www.bagnoitalia.com\/fr#website","url":"https:\/\/www.bagnoitalia.com\/fr","name":"Bagno Italia","description":"","publisher":{"@id":"https:\/\/www.bagnoitalia.com\/fr#organization"},"potentialAction":[{"@type":"SearchAction","target":{"@type":"EntryPoint","urlTemplate":"https:\/\/www.bagnoitalia.com\/fr?s={search_term_string}"},"query-input":{"@type":"PropertyValueSpecification","valueRequired":true,"valueName":"search_term_string"}}],"inLanguage":"fr-FR"},{"@type":"Organization","@id":"https:\/\/www.bagnoitalia.com\/fr#organization","name":"Bagno Italia","url":"https:\/\/www.bagnoitalia.com\/fr","logo":{"@type":"ImageObject","inLanguage":"fr-FR","@id":"https:\/\/www.bagnoitalia.com\/fr#\/schema\/logo\/image\/","url":"https:\/\/img.bagnoitalia.com\/wp-content\/uploads\/logo-bagnoitalia.webp","contentUrl":"https:\/\/img.bagnoitalia.com\/wp-content\/uploads\/logo-bagnoitalia.webp","width":400,"height":70,"caption":"Bagno Italia"},"image":{"@id":"https:\/\/www.bagnoitalia.com\/fr#\/schema\/logo\/image\/"}}]}},"_links":{"self":[{"href":"https:\/\/www.bagnoitalia.com\/fr\/wp-json\/wp\/v2\/product\/81226","targetHints":{"allow":["GET"]}}],"collection":[{"href":"https:\/\/www.bagnoitalia.com\/fr\/wp-json\/wp\/v2\/product"}],"about":[{"href":"https:\/\/www.bagnoitalia.com\/fr\/wp-json\/wp\/v2\/types\/product"}],"replies":[{"embeddable":true,"href":"https:\/\/www.bagnoitalia.com\/fr\/wp-json\/wp\/v2\/comments?post=81226"}],"version-history":[{"count":1,"href":"https:\/\/www.bagnoitalia.com\/fr\/wp-json\/wp\/v2\/product\/81226\/revisions"}],"predecessor-version":[{"id":92296,"href":"https:\/\/www.bagnoitalia.com\/fr\/wp-json\/wp\/v2\/product\/81226\/revisions\/92296"}],"wp:featuredmedia":[{"embeddable":true,"href":"https:\/\/www.bagnoitalia.com\/fr\/wp-json\/wp\/v2\/media\/42302"}],"wp:attachment":[{"href":"https:\/\/www.bagnoitalia.com\/fr\/wp-json\/wp\/v2\/media?parent=81226"}],"wp:term":[{"taxonomy":"product_brand","embeddable":true,"href":"https:\/\/www.bagnoitalia.com\/fr\/wp-json\/wp\/v2\/product_brand?post=81226"},{"taxonomy":"product_cat","embeddable":true,"href":"https:\/\/www.bagnoitalia.com\/fr\/wp-json\/wp\/v2\/product_cat?post=81226"},{"taxonomy":"product_tag","embeddable":true,"href":"https:\/\/www.bagnoitalia.com\/fr\/wp-json\/wp\/v2\/product_tag?post=81226"}],"curies":[{"name":"wp","href":"https:\/\/api.w.org\/{rel}","templated":true}]}}