{"id":81202,"date":"2018-12-19T10:59:27","date_gmt":"2018-12-19T09:59:27","guid":{"rendered":"https:\/\/www.bagnoitalia.com\/product\/cabine-de-douche-70x90-en-verre-opaque-transparent-ou-semi-circulaire-reversible-box010-549"},"modified":"2018-12-19T10:59:27","modified_gmt":"2018-12-19T09:59:27","slug":"cabine-de-douche-70x90-en-verre-opaque-transparent-ou-semi-circulaire-reversible-box010-549","status":"publish","type":"product","link":"https:\/\/www.bagnoitalia.com\/fr\/produit\/cabine-de-douche-70x90-en-verre-opaque-transparent-ou-semi-circulaire-reversible-box010-549.html","title":{"rendered":"Cabine de douche semi-circulaire 70&#215;90 verre transparent profil\u00e9 slim BOX061"},"content":{"rendered":"<p><span style=\"font-size: 12pt;\"><strong>Cabine de Douche <strong>BOX061<\/strong><br \/><\/strong><\/span><\/p>\n<\/p>\n<p><span style=\"color: #000000; font-size: 10pt;\">Piatto doccia non incluso nel prezzo (\u00e8 possibile includerlo tramite il men\u00f9 laterale).&nbsp;<\/span><\/p>\n<p><span style=\"color: #000000; font-size: 10pt;\">Dimensions 70x90xH185 cm<\/span><\/p>\n<p><span style=\"color: #000000; font-size: 10pt;\">Verre tremp\u00e9 transparent 6mm.<\/span><\/p>\n<p><span style=\"color: #000000; font-size: 10pt;\">Profil\u00e9 slim en aluminium chrom\u00e9&nbsp;<br \/><\/span><\/p>\n<p><span style=\"color: #000000; font-size: 10pt;\">Fermeture magn\u00e9tique (aimant) <br \/><\/span><\/p>\n<p><span style=\"color: #000000; font-size: 10pt;\">Ouverture avec 2 portes d&rsquo;angle coulissantes<\/span><\/p>\n<p><span style=\"color: #000000; font-size: 10pt;\">Dimension passage d&rsquo;entr\u00e9e 42 cm<\/span><\/p>\n<p><span style=\"color: #000000; font-size: 10pt;\">R\u00e9glable jusqu&rsquo;\u00e0 2 cm en moins et 1 cm en plus par c\u00f4t\u00e9<\/span><\/p>\n<p>&nbsp;<\/p>\n<p><span style=\"color: #000000;\"><span style=\"font-size: 10pt;\">Receveur de douche non inclus (vous pouvez l&rsquo;ajouter dans le menu sus-jacent)<\/span> <br \/><\/span><\/p>\n<p><span style=\"text-decoration: underline; font-size: 10pt; color: #ff0000;\"><strong>&nbsp;<\/strong><\/span><\/p>\n","protected":false},"excerpt":{"rendered":"<p>Cabine de douche semi-circulaire r\u00e9versible 70x90x185h profil\u00e9 en aluminium Slim, verre 6 mm, disponible aussi avec receveur de douche<\/p>\n","protected":false},"featured_media":42082,"comment_status":"open","ping_status":"closed","template":"","meta":[],"product_brand":[9885],"product_cat":[15],"product_tag":[],"class_list":{"0":"post-81202","1":"product","2":"type-product","3":"status-publish","4":"has-post-thumbnail","6":"product_brand-hydrastar-fr","7":"product_cat-senza-categoria","9":"first","10":"outofstock","11":"taxable","12":"shipping-taxable","13":"purchasable","14":"product-type-simple"},"exclude_global_add_ons":false,"addons":[{"name":"CAMPI_PIATTO_DOCCIA\r\n","type":"select","position":0,"required":true,"title_format":"label","default":"","description_enable":false,"description":"","placeholder_enable":false,"placeholder":"","display":"select","restrictions_type":"any_text","adjust_price":false,"price":"","price_type":"","restrictions":false,"min":"0","max":"0","options":[]}],"yoast_head":"<!-- This site is optimized with the Yoast SEO plugin v26.7 - https:\/\/yoast.com\/wordpress\/plugins\/seo\/ -->\n<title>Cabine de douche semi-circulaire 70x90 verre transparent profil\u00e9 slim BOX061<\/title>\n<meta name=\"description\" content=\"Cabine de douche disponible dans la mesure de 70 x 90 cm, mod\u00e8le semi-circulaire r\u00e9versible, avec cristal transparent ou \u00e0 pois\" \/>\n<meta name=\"robots\" content=\"index, follow, max-snippet:-1, max-image-preview:large, max-video-preview:-1\" \/>\n<link rel=\"canonical\" href=\"https:\/\/www.bagnoitalia.com\/fr\/produit\/cabine-de-douche-70x90-en-verre-opaque-transparent-ou-semi-circulaire-reversible-box010-549.html\" \/>\n<meta property=\"og:locale\" content=\"fr_FR\" \/>\n<meta property=\"og:type\" content=\"article\" \/>\n<meta property=\"og:title\" content=\"Cabine de douche semi-circulaire 70x90 verre transparent profil\u00e9 slim BOX061\" \/>\n<meta property=\"og:description\" content=\"Cabine de douche disponible dans la mesure de 70 x 90 cm, mod\u00e8le semi-circulaire r\u00e9versible, avec cristal transparent ou \u00e0 pois\" \/>\n<meta property=\"og:url\" content=\"https:\/\/www.bagnoitalia.com\/fr\/produit\/cabine-de-douche-70x90-en-verre-opaque-transparent-ou-semi-circulaire-reversible-box010-549.html\" \/>\n<meta property=\"og:site_name\" content=\"Bagno Italia\" \/>\n<meta property=\"og:image\" content=\"https:\/\/img.bagnoitalia.com\/wp-content\/uploads\/virtuemart\/product\/semicircular-shower-enclosure-70x90-cm-transparent-slim-box061-123_1545217448_855.jpg\" \/>\n\t<meta property=\"og:image:width\" content=\"505\" \/>\n\t<meta property=\"og:image:height\" content=\"550\" \/>\n\t<meta property=\"og:image:type\" content=\"image\/jpeg\" \/>\n<meta name=\"twitter:card\" content=\"summary_large_image\" \/>\n<script type=\"application\/ld+json\" class=\"yoast-schema-graph\">{\"@context\":\"https:\/\/schema.org\",\"@graph\":[{\"@type\":\"WebPage\",\"@id\":\"https:\/\/www.bagnoitalia.com\/fr\/produit\/cabine-de-douche-70x90-en-verre-opaque-transparent-ou-semi-circulaire-reversible-box010-549.html\",\"url\":\"https:\/\/www.bagnoitalia.com\/fr\/produit\/cabine-de-douche-70x90-en-verre-opaque-transparent-ou-semi-circulaire-reversible-box010-549.html\",\"name\":\"Cabine de douche semi-circulaire 70x90 verre transparent profil\u00e9 slim BOX061\",\"isPartOf\":{\"@id\":\"https:\/\/www.bagnoitalia.com\/fr#website\"},\"primaryImageOfPage\":{\"@id\":\"https:\/\/www.bagnoitalia.com\/fr\/produit\/cabine-de-douche-70x90-en-verre-opaque-transparent-ou-semi-circulaire-reversible-box010-549.html#primaryimage\"},\"image\":{\"@id\":\"https:\/\/www.bagnoitalia.com\/fr\/produit\/cabine-de-douche-70x90-en-verre-opaque-transparent-ou-semi-circulaire-reversible-box010-549.html#primaryimage\"},\"thumbnailUrl\":\"https:\/\/img.bagnoitalia.com\/wp-content\/uploads\/virtuemart\/product\/semicircular-shower-enclosure-70x90-cm-transparent-slim-box061-123_1545217448_855.jpg\",\"datePublished\":\"2018-12-19T09:59:27+00:00\",\"description\":\"Cabine de douche disponible dans la mesure de 70 x 90 cm, mod\u00e8le semi-circulaire r\u00e9versible, avec cristal transparent ou \u00e0 pois\",\"breadcrumb\":{\"@id\":\"https:\/\/www.bagnoitalia.com\/fr\/produit\/cabine-de-douche-70x90-en-verre-opaque-transparent-ou-semi-circulaire-reversible-box010-549.html#breadcrumb\"},\"inLanguage\":\"fr-FR\",\"potentialAction\":[{\"@type\":\"ReadAction\",\"target\":[\"https:\/\/www.bagnoitalia.com\/fr\/produit\/cabine-de-douche-70x90-en-verre-opaque-transparent-ou-semi-circulaire-reversible-box010-549.html\"]}]},{\"@type\":\"ImageObject\",\"inLanguage\":\"fr-FR\",\"@id\":\"https:\/\/www.bagnoitalia.com\/fr\/produit\/cabine-de-douche-70x90-en-verre-opaque-transparent-ou-semi-circulaire-reversible-box010-549.html#primaryimage\",\"url\":\"https:\/\/img.bagnoitalia.com\/wp-content\/uploads\/virtuemart\/product\/semicircular-shower-enclosure-70x90-cm-transparent-slim-box061-123_1545217448_855.jpg\",\"contentUrl\":\"https:\/\/img.bagnoitalia.com\/wp-content\/uploads\/virtuemart\/product\/semicircular-shower-enclosure-70x90-cm-transparent-slim-box061-123_1545217448_855.jpg\",\"width\":505,\"height\":550},{\"@type\":\"BreadcrumbList\",\"@id\":\"https:\/\/www.bagnoitalia.com\/fr\/produit\/cabine-de-douche-70x90-en-verre-opaque-transparent-ou-semi-circulaire-reversible-box010-549.html#breadcrumb\",\"itemListElement\":[{\"@type\":\"ListItem\",\"position\":1,\"name\":\"Home\",\"item\":\"https:\/\/www.bagnoitalia.com\/fr\"},{\"@type\":\"ListItem\",\"position\":2,\"name\":\"Produits\",\"item\":\"https:\/\/www.bagnoitalia.com\/fr\/shop\"},{\"@type\":\"ListItem\",\"position\":3,\"name\":\"Cabine de douche semi-circulaire 70&#215;90 verre transparent profil\u00e9 slim BOX061\"}]},{\"@type\":\"WebSite\",\"@id\":\"https:\/\/www.bagnoitalia.com\/fr#website\",\"url\":\"https:\/\/www.bagnoitalia.com\/fr\",\"name\":\"Bagno Italia\",\"description\":\"\",\"publisher\":{\"@id\":\"https:\/\/www.bagnoitalia.com\/fr#organization\"},\"potentialAction\":[{\"@type\":\"SearchAction\",\"target\":{\"@type\":\"EntryPoint\",\"urlTemplate\":\"https:\/\/www.bagnoitalia.com\/fr?s={search_term_string}\"},\"query-input\":{\"@type\":\"PropertyValueSpecification\",\"valueRequired\":true,\"valueName\":\"search_term_string\"}}],\"inLanguage\":\"fr-FR\"},{\"@type\":\"Organization\",\"@id\":\"https:\/\/www.bagnoitalia.com\/fr#organization\",\"name\":\"Bagno Italia\",\"url\":\"https:\/\/www.bagnoitalia.com\/fr\",\"logo\":{\"@type\":\"ImageObject\",\"inLanguage\":\"fr-FR\",\"@id\":\"https:\/\/www.bagnoitalia.com\/fr#\/schema\/logo\/image\/\",\"url\":\"https:\/\/img.bagnoitalia.com\/wp-content\/uploads\/logo-bagnoitalia.webp\",\"contentUrl\":\"https:\/\/img.bagnoitalia.com\/wp-content\/uploads\/logo-bagnoitalia.webp\",\"width\":400,\"height\":70,\"caption\":\"Bagno Italia\"},\"image\":{\"@id\":\"https:\/\/www.bagnoitalia.com\/fr#\/schema\/logo\/image\/\"}}]}<\/script>\n<!-- \/ Yoast SEO plugin. -->","yoast_head_json":{"title":"Cabine de douche semi-circulaire 70x90 verre transparent profil\u00e9 slim BOX061","description":"Cabine de douche disponible dans la mesure de 70 x 90 cm, mod\u00e8le semi-circulaire r\u00e9versible, avec cristal transparent ou \u00e0 pois","robots":{"index":"index","follow":"follow","max-snippet":"max-snippet:-1","max-image-preview":"max-image-preview:large","max-video-preview":"max-video-preview:-1"},"canonical":"https:\/\/www.bagnoitalia.com\/fr\/produit\/cabine-de-douche-70x90-en-verre-opaque-transparent-ou-semi-circulaire-reversible-box010-549.html","og_locale":"fr_FR","og_type":"article","og_title":"Cabine de douche semi-circulaire 70x90 verre transparent profil\u00e9 slim BOX061","og_description":"Cabine de douche disponible dans la mesure de 70 x 90 cm, mod\u00e8le semi-circulaire r\u00e9versible, avec cristal transparent ou \u00e0 pois","og_url":"https:\/\/www.bagnoitalia.com\/fr\/produit\/cabine-de-douche-70x90-en-verre-opaque-transparent-ou-semi-circulaire-reversible-box010-549.html","og_site_name":"Bagno Italia","og_image":[{"width":505,"height":550,"url":"https:\/\/img.bagnoitalia.com\/wp-content\/uploads\/virtuemart\/product\/semicircular-shower-enclosure-70x90-cm-transparent-slim-box061-123_1545217448_855.jpg","type":"image\/jpeg"}],"twitter_card":"summary_large_image","schema":{"@context":"https:\/\/schema.org","@graph":[{"@type":"WebPage","@id":"https:\/\/www.bagnoitalia.com\/fr\/produit\/cabine-de-douche-70x90-en-verre-opaque-transparent-ou-semi-circulaire-reversible-box010-549.html","url":"https:\/\/www.bagnoitalia.com\/fr\/produit\/cabine-de-douche-70x90-en-verre-opaque-transparent-ou-semi-circulaire-reversible-box010-549.html","name":"Cabine de douche semi-circulaire 70x90 verre transparent profil\u00e9 slim BOX061","isPartOf":{"@id":"https:\/\/www.bagnoitalia.com\/fr#website"},"primaryImageOfPage":{"@id":"https:\/\/www.bagnoitalia.com\/fr\/produit\/cabine-de-douche-70x90-en-verre-opaque-transparent-ou-semi-circulaire-reversible-box010-549.html#primaryimage"},"image":{"@id":"https:\/\/www.bagnoitalia.com\/fr\/produit\/cabine-de-douche-70x90-en-verre-opaque-transparent-ou-semi-circulaire-reversible-box010-549.html#primaryimage"},"thumbnailUrl":"https:\/\/img.bagnoitalia.com\/wp-content\/uploads\/virtuemart\/product\/semicircular-shower-enclosure-70x90-cm-transparent-slim-box061-123_1545217448_855.jpg","datePublished":"2018-12-19T09:59:27+00:00","description":"Cabine de douche disponible dans la mesure de 70 x 90 cm, mod\u00e8le semi-circulaire r\u00e9versible, avec cristal transparent ou \u00e0 pois","breadcrumb":{"@id":"https:\/\/www.bagnoitalia.com\/fr\/produit\/cabine-de-douche-70x90-en-verre-opaque-transparent-ou-semi-circulaire-reversible-box010-549.html#breadcrumb"},"inLanguage":"fr-FR","potentialAction":[{"@type":"ReadAction","target":["https:\/\/www.bagnoitalia.com\/fr\/produit\/cabine-de-douche-70x90-en-verre-opaque-transparent-ou-semi-circulaire-reversible-box010-549.html"]}]},{"@type":"ImageObject","inLanguage":"fr-FR","@id":"https:\/\/www.bagnoitalia.com\/fr\/produit\/cabine-de-douche-70x90-en-verre-opaque-transparent-ou-semi-circulaire-reversible-box010-549.html#primaryimage","url":"https:\/\/img.bagnoitalia.com\/wp-content\/uploads\/virtuemart\/product\/semicircular-shower-enclosure-70x90-cm-transparent-slim-box061-123_1545217448_855.jpg","contentUrl":"https:\/\/img.bagnoitalia.com\/wp-content\/uploads\/virtuemart\/product\/semicircular-shower-enclosure-70x90-cm-transparent-slim-box061-123_1545217448_855.jpg","width":505,"height":550},{"@type":"BreadcrumbList","@id":"https:\/\/www.bagnoitalia.com\/fr\/produit\/cabine-de-douche-70x90-en-verre-opaque-transparent-ou-semi-circulaire-reversible-box010-549.html#breadcrumb","itemListElement":[{"@type":"ListItem","position":1,"name":"Home","item":"https:\/\/www.bagnoitalia.com\/fr"},{"@type":"ListItem","position":2,"name":"Produits","item":"https:\/\/www.bagnoitalia.com\/fr\/shop"},{"@type":"ListItem","position":3,"name":"Cabine de douche semi-circulaire 70&#215;90 verre transparent profil\u00e9 slim BOX061"}]},{"@type":"WebSite","@id":"https:\/\/www.bagnoitalia.com\/fr#website","url":"https:\/\/www.bagnoitalia.com\/fr","name":"Bagno Italia","description":"","publisher":{"@id":"https:\/\/www.bagnoitalia.com\/fr#organization"},"potentialAction":[{"@type":"SearchAction","target":{"@type":"EntryPoint","urlTemplate":"https:\/\/www.bagnoitalia.com\/fr?s={search_term_string}"},"query-input":{"@type":"PropertyValueSpecification","valueRequired":true,"valueName":"search_term_string"}}],"inLanguage":"fr-FR"},{"@type":"Organization","@id":"https:\/\/www.bagnoitalia.com\/fr#organization","name":"Bagno Italia","url":"https:\/\/www.bagnoitalia.com\/fr","logo":{"@type":"ImageObject","inLanguage":"fr-FR","@id":"https:\/\/www.bagnoitalia.com\/fr#\/schema\/logo\/image\/","url":"https:\/\/img.bagnoitalia.com\/wp-content\/uploads\/logo-bagnoitalia.webp","contentUrl":"https:\/\/img.bagnoitalia.com\/wp-content\/uploads\/logo-bagnoitalia.webp","width":400,"height":70,"caption":"Bagno Italia"},"image":{"@id":"https:\/\/www.bagnoitalia.com\/fr#\/schema\/logo\/image\/"}}]}},"_links":{"self":[{"href":"https:\/\/www.bagnoitalia.com\/fr\/wp-json\/wp\/v2\/product\/81202","targetHints":{"allow":["GET"]}}],"collection":[{"href":"https:\/\/www.bagnoitalia.com\/fr\/wp-json\/wp\/v2\/product"}],"about":[{"href":"https:\/\/www.bagnoitalia.com\/fr\/wp-json\/wp\/v2\/types\/product"}],"replies":[{"embeddable":true,"href":"https:\/\/www.bagnoitalia.com\/fr\/wp-json\/wp\/v2\/comments?post=81202"}],"version-history":[{"count":0,"href":"https:\/\/www.bagnoitalia.com\/fr\/wp-json\/wp\/v2\/product\/81202\/revisions"}],"wp:featuredmedia":[{"embeddable":true,"href":"https:\/\/www.bagnoitalia.com\/fr\/wp-json\/wp\/v2\/media\/42082"}],"wp:attachment":[{"href":"https:\/\/www.bagnoitalia.com\/fr\/wp-json\/wp\/v2\/media?parent=81202"}],"wp:term":[{"taxonomy":"product_brand","embeddable":true,"href":"https:\/\/www.bagnoitalia.com\/fr\/wp-json\/wp\/v2\/product_brand?post=81202"},{"taxonomy":"product_cat","embeddable":true,"href":"https:\/\/www.bagnoitalia.com\/fr\/wp-json\/wp\/v2\/product_cat?post=81202"},{"taxonomy":"product_tag","embeddable":true,"href":"https:\/\/www.bagnoitalia.com\/fr\/wp-json\/wp\/v2\/product_tag?post=81202"}],"curies":[{"name":"wp","href":"https:\/\/api.w.org\/{rel}","templated":true}]}}