{"id":81190,"date":"2018-12-19T09:38:30","date_gmt":"2018-12-19T08:38:30","guid":{"rendered":"https:\/\/www.bagnoitalia.com\/product\/vasque-a-poser-48x425x145-suspendue-en-ceramique-blanche-modele-lav20-863"},"modified":"2018-12-19T09:38:30","modified_gmt":"2018-12-19T08:38:30","slug":"vasque-a-poser-48x425x145-suspendue-en-ceramique-blanche-modele-lav20-863","status":"publish","type":"product","link":"https:\/\/www.bagnoitalia.com\/fr\/produit\/vasque-a-poser-48x425x145-suspendue-en-ceramique-blanche-modele-lav20-863.html","title":{"rendered":"Lavabo \u00e0 poser ou suspendu Glass, blanc en c\u00e9ramique"},"content":{"rendered":"<p><span style=\"font-size: 12pt;\"><strong><span style=\"text-decoration: underline;\">Lavabo \u00e0 poser&nbsp; mod\u00e8le Glass<\/span><\/strong><\/span><\/p>\n<ul>\n<li>\n<p style=\"margin-bottom: 0cm;\"><span style=\"font-size: 12pt;\">Lavabo en c\u00e9ramique, couleur blanc <\/span><\/p>\n<\/li>\n<li>\n<p style=\"margin-bottom: 0cm;\"><span style=\"font-size: 12pt;\">Dimensions:&nbsp;50,5&#215;42,5xH38 cm<\/span><\/p>\n<\/li>\n<li>\n<p style=\"margin-bottom: 0cm;\"><span style=\"font-size: 12pt;\">Diam\u00e8tre de sortie: 45 mm<\/span><\/p>\n<\/li>\n<li>\n<p style=\"margin-bottom: 0cm;\"><span style=\"font-size: 12pt;\">Installation sur les surfaces planes ou au mur<\/span><\/p>\n<\/li>\n<li>\n<p style=\"margin-bottom: 0cm;\"><span style=\"font-size: 12pt;\">Distance entre les trous de fixation d&rsquo;environ 12 cm<\/span><\/p>\n<\/li>\n<li>\n<p><span style=\"font-size: 12pt;\">Accessoires d&rsquo;installation et robinets non inclus dans le prix<\/span><\/p>\n<\/li>\n<\/ul>\n<p><span style=\"text-decoration: underline; font-size: 12pt;\"><strong>La bonde automatique peut \u00e9galement \u00eatre achet\u00e9 avec le lavabo en la s\u00e9lectionnant dans le menu en haut \u00e0 droite<\/strong><\/span><\/p>\n<\/p>\n<\/p>\n<\/p>\n<h2><span style=\"text-decoration: line-through;\"><span style=\"text-decoration: underline;\"><span style=\"font-size: 10pt;\"><\/span><\/span><\/span><\/h2>\n","protected":false},"excerpt":{"rendered":"<p>Lavabo \u00e0 poser ou sospendu mod\u00e8le Glass, dimensions 50,5&#215;42,5&#215;38 cm en blanc brillant <\/p>\n","protected":false},"featured_media":42010,"comment_status":"open","ping_status":"closed","template":"","meta":[],"product_brand":[9918],"product_cat":[15],"product_tag":[],"class_list":{"0":"post-81190","1":"product","2":"type-product","3":"status-publish","4":"has-post-thumbnail","6":"product_brand-goccioline-ambrosia-group-fr","7":"product_cat-senza-categoria","9":"first","10":"outofstock","11":"taxable","12":"shipping-taxable","13":"purchasable","14":"product-type-simple"},"exclude_global_add_ons":false,"addons":[{"name":"CAMPI_PILETTA\r\n","type":"select","position":0,"required":true,"title_format":"label","default":"","description_enable":false,"description":"","placeholder_enable":false,"placeholder":"","display":"select","restrictions_type":"any_text","adjust_price":false,"price":"","price_type":"","restrictions":false,"min":"0","max":"0","options":[]}],"yoast_head":"<!-- This site is optimized with the Yoast SEO plugin v26.7 - https:\/\/yoast.com\/wordpress\/plugins\/seo\/ -->\n<title>Lavabo \u00e0 poser ou suspendu Glass, blanc en c\u00e9ramique<\/title>\n<meta name=\"description\" content=\"Lavabo \u00e0 poser mesure 48x42,5x14,5 mod\u00e8le en c\u00e9ramique blanche mod\u00e8le LAV20\" \/>\n<meta name=\"robots\" content=\"index, follow, max-snippet:-1, max-image-preview:large, max-video-preview:-1\" \/>\n<link rel=\"canonical\" href=\"https:\/\/www.bagnoitalia.com\/fr\/produit\/vasque-a-poser-48x425x145-suspendue-en-ceramique-blanche-modele-lav20-863.html\" \/>\n<meta property=\"og:locale\" content=\"fr_FR\" \/>\n<meta property=\"og:type\" content=\"article\" \/>\n<meta property=\"og:title\" content=\"Lavabo \u00e0 poser ou suspendu Glass, blanc en c\u00e9ramique\" \/>\n<meta property=\"og:description\" content=\"Lavabo \u00e0 poser mesure 48x42,5x14,5 mod\u00e8le en c\u00e9ramique blanche mod\u00e8le LAV20\" \/>\n<meta property=\"og:url\" content=\"https:\/\/www.bagnoitalia.com\/fr\/produit\/vasque-a-poser-48x425x145-suspendue-en-ceramique-blanche-modele-lav20-863.html\" \/>\n<meta property=\"og:site_name\" content=\"Bagno Italia\" \/>\n<meta property=\"og:image\" content=\"https:\/\/img.bagnoitalia.com\/wp-content\/uploads\/virtuemart\/product\/wall-hung-or-countertop-washbasin-glass-model-02135_1545212472_70.jpg\" \/>\n\t<meta property=\"og:image:width\" content=\"550\" \/>\n\t<meta property=\"og:image:height\" content=\"440\" \/>\n\t<meta property=\"og:image:type\" content=\"image\/jpeg\" \/>\n<meta name=\"twitter:card\" content=\"summary_large_image\" \/>\n<script type=\"application\/ld+json\" class=\"yoast-schema-graph\">{\"@context\":\"https:\/\/schema.org\",\"@graph\":[{\"@type\":\"WebPage\",\"@id\":\"https:\/\/www.bagnoitalia.com\/fr\/produit\/vasque-a-poser-48x425x145-suspendue-en-ceramique-blanche-modele-lav20-863.html\",\"url\":\"https:\/\/www.bagnoitalia.com\/fr\/produit\/vasque-a-poser-48x425x145-suspendue-en-ceramique-blanche-modele-lav20-863.html\",\"name\":\"Lavabo \u00e0 poser ou suspendu Glass, blanc en c\u00e9ramique\",\"isPartOf\":{\"@id\":\"https:\/\/www.bagnoitalia.com\/fr#website\"},\"primaryImageOfPage\":{\"@id\":\"https:\/\/www.bagnoitalia.com\/fr\/produit\/vasque-a-poser-48x425x145-suspendue-en-ceramique-blanche-modele-lav20-863.html#primaryimage\"},\"image\":{\"@id\":\"https:\/\/www.bagnoitalia.com\/fr\/produit\/vasque-a-poser-48x425x145-suspendue-en-ceramique-blanche-modele-lav20-863.html#primaryimage\"},\"thumbnailUrl\":\"https:\/\/img.bagnoitalia.com\/wp-content\/uploads\/virtuemart\/product\/wall-hung-or-countertop-washbasin-glass-model-02135_1545212472_70.jpg\",\"datePublished\":\"2018-12-19T08:38:30+00:00\",\"description\":\"Lavabo \u00e0 poser mesure 48x42,5x14,5 mod\u00e8le en c\u00e9ramique blanche mod\u00e8le LAV20\",\"breadcrumb\":{\"@id\":\"https:\/\/www.bagnoitalia.com\/fr\/produit\/vasque-a-poser-48x425x145-suspendue-en-ceramique-blanche-modele-lav20-863.html#breadcrumb\"},\"inLanguage\":\"fr-FR\",\"potentialAction\":[{\"@type\":\"ReadAction\",\"target\":[\"https:\/\/www.bagnoitalia.com\/fr\/produit\/vasque-a-poser-48x425x145-suspendue-en-ceramique-blanche-modele-lav20-863.html\"]}]},{\"@type\":\"ImageObject\",\"inLanguage\":\"fr-FR\",\"@id\":\"https:\/\/www.bagnoitalia.com\/fr\/produit\/vasque-a-poser-48x425x145-suspendue-en-ceramique-blanche-modele-lav20-863.html#primaryimage\",\"url\":\"https:\/\/img.bagnoitalia.com\/wp-content\/uploads\/virtuemart\/product\/wall-hung-or-countertop-washbasin-glass-model-02135_1545212472_70.jpg\",\"contentUrl\":\"https:\/\/img.bagnoitalia.com\/wp-content\/uploads\/virtuemart\/product\/wall-hung-or-countertop-washbasin-glass-model-02135_1545212472_70.jpg\",\"width\":550,\"height\":440},{\"@type\":\"BreadcrumbList\",\"@id\":\"https:\/\/www.bagnoitalia.com\/fr\/produit\/vasque-a-poser-48x425x145-suspendue-en-ceramique-blanche-modele-lav20-863.html#breadcrumb\",\"itemListElement\":[{\"@type\":\"ListItem\",\"position\":1,\"name\":\"Home\",\"item\":\"https:\/\/www.bagnoitalia.com\/fr\"},{\"@type\":\"ListItem\",\"position\":2,\"name\":\"Produits\",\"item\":\"https:\/\/www.bagnoitalia.com\/fr\/shop\"},{\"@type\":\"ListItem\",\"position\":3,\"name\":\"Lavabo \u00e0 poser ou suspendu Glass, blanc en c\u00e9ramique\"}]},{\"@type\":\"WebSite\",\"@id\":\"https:\/\/www.bagnoitalia.com\/fr#website\",\"url\":\"https:\/\/www.bagnoitalia.com\/fr\",\"name\":\"Bagno Italia\",\"description\":\"\",\"publisher\":{\"@id\":\"https:\/\/www.bagnoitalia.com\/fr#organization\"},\"potentialAction\":[{\"@type\":\"SearchAction\",\"target\":{\"@type\":\"EntryPoint\",\"urlTemplate\":\"https:\/\/www.bagnoitalia.com\/fr?s={search_term_string}\"},\"query-input\":{\"@type\":\"PropertyValueSpecification\",\"valueRequired\":true,\"valueName\":\"search_term_string\"}}],\"inLanguage\":\"fr-FR\"},{\"@type\":\"Organization\",\"@id\":\"https:\/\/www.bagnoitalia.com\/fr#organization\",\"name\":\"Bagno Italia\",\"url\":\"https:\/\/www.bagnoitalia.com\/fr\",\"logo\":{\"@type\":\"ImageObject\",\"inLanguage\":\"fr-FR\",\"@id\":\"https:\/\/www.bagnoitalia.com\/fr#\/schema\/logo\/image\/\",\"url\":\"https:\/\/img.bagnoitalia.com\/wp-content\/uploads\/logo-bagnoitalia.webp\",\"contentUrl\":\"https:\/\/img.bagnoitalia.com\/wp-content\/uploads\/logo-bagnoitalia.webp\",\"width\":400,\"height\":70,\"caption\":\"Bagno Italia\"},\"image\":{\"@id\":\"https:\/\/www.bagnoitalia.com\/fr#\/schema\/logo\/image\/\"}}]}<\/script>\n<!-- \/ Yoast SEO plugin. -->","yoast_head_json":{"title":"Lavabo \u00e0 poser ou suspendu Glass, blanc en c\u00e9ramique","description":"Lavabo \u00e0 poser mesure 48x42,5x14,5 mod\u00e8le en c\u00e9ramique blanche mod\u00e8le LAV20","robots":{"index":"index","follow":"follow","max-snippet":"max-snippet:-1","max-image-preview":"max-image-preview:large","max-video-preview":"max-video-preview:-1"},"canonical":"https:\/\/www.bagnoitalia.com\/fr\/produit\/vasque-a-poser-48x425x145-suspendue-en-ceramique-blanche-modele-lav20-863.html","og_locale":"fr_FR","og_type":"article","og_title":"Lavabo \u00e0 poser ou suspendu Glass, blanc en c\u00e9ramique","og_description":"Lavabo \u00e0 poser mesure 48x42,5x14,5 mod\u00e8le en c\u00e9ramique blanche mod\u00e8le LAV20","og_url":"https:\/\/www.bagnoitalia.com\/fr\/produit\/vasque-a-poser-48x425x145-suspendue-en-ceramique-blanche-modele-lav20-863.html","og_site_name":"Bagno Italia","og_image":[{"width":550,"height":440,"url":"https:\/\/img.bagnoitalia.com\/wp-content\/uploads\/virtuemart\/product\/wall-hung-or-countertop-washbasin-glass-model-02135_1545212472_70.jpg","type":"image\/jpeg"}],"twitter_card":"summary_large_image","schema":{"@context":"https:\/\/schema.org","@graph":[{"@type":"WebPage","@id":"https:\/\/www.bagnoitalia.com\/fr\/produit\/vasque-a-poser-48x425x145-suspendue-en-ceramique-blanche-modele-lav20-863.html","url":"https:\/\/www.bagnoitalia.com\/fr\/produit\/vasque-a-poser-48x425x145-suspendue-en-ceramique-blanche-modele-lav20-863.html","name":"Lavabo \u00e0 poser ou suspendu Glass, blanc en c\u00e9ramique","isPartOf":{"@id":"https:\/\/www.bagnoitalia.com\/fr#website"},"primaryImageOfPage":{"@id":"https:\/\/www.bagnoitalia.com\/fr\/produit\/vasque-a-poser-48x425x145-suspendue-en-ceramique-blanche-modele-lav20-863.html#primaryimage"},"image":{"@id":"https:\/\/www.bagnoitalia.com\/fr\/produit\/vasque-a-poser-48x425x145-suspendue-en-ceramique-blanche-modele-lav20-863.html#primaryimage"},"thumbnailUrl":"https:\/\/img.bagnoitalia.com\/wp-content\/uploads\/virtuemart\/product\/wall-hung-or-countertop-washbasin-glass-model-02135_1545212472_70.jpg","datePublished":"2018-12-19T08:38:30+00:00","description":"Lavabo \u00e0 poser mesure 48x42,5x14,5 mod\u00e8le en c\u00e9ramique blanche mod\u00e8le LAV20","breadcrumb":{"@id":"https:\/\/www.bagnoitalia.com\/fr\/produit\/vasque-a-poser-48x425x145-suspendue-en-ceramique-blanche-modele-lav20-863.html#breadcrumb"},"inLanguage":"fr-FR","potentialAction":[{"@type":"ReadAction","target":["https:\/\/www.bagnoitalia.com\/fr\/produit\/vasque-a-poser-48x425x145-suspendue-en-ceramique-blanche-modele-lav20-863.html"]}]},{"@type":"ImageObject","inLanguage":"fr-FR","@id":"https:\/\/www.bagnoitalia.com\/fr\/produit\/vasque-a-poser-48x425x145-suspendue-en-ceramique-blanche-modele-lav20-863.html#primaryimage","url":"https:\/\/img.bagnoitalia.com\/wp-content\/uploads\/virtuemart\/product\/wall-hung-or-countertop-washbasin-glass-model-02135_1545212472_70.jpg","contentUrl":"https:\/\/img.bagnoitalia.com\/wp-content\/uploads\/virtuemart\/product\/wall-hung-or-countertop-washbasin-glass-model-02135_1545212472_70.jpg","width":550,"height":440},{"@type":"BreadcrumbList","@id":"https:\/\/www.bagnoitalia.com\/fr\/produit\/vasque-a-poser-48x425x145-suspendue-en-ceramique-blanche-modele-lav20-863.html#breadcrumb","itemListElement":[{"@type":"ListItem","position":1,"name":"Home","item":"https:\/\/www.bagnoitalia.com\/fr"},{"@type":"ListItem","position":2,"name":"Produits","item":"https:\/\/www.bagnoitalia.com\/fr\/shop"},{"@type":"ListItem","position":3,"name":"Lavabo \u00e0 poser ou suspendu Glass, blanc en c\u00e9ramique"}]},{"@type":"WebSite","@id":"https:\/\/www.bagnoitalia.com\/fr#website","url":"https:\/\/www.bagnoitalia.com\/fr","name":"Bagno Italia","description":"","publisher":{"@id":"https:\/\/www.bagnoitalia.com\/fr#organization"},"potentialAction":[{"@type":"SearchAction","target":{"@type":"EntryPoint","urlTemplate":"https:\/\/www.bagnoitalia.com\/fr?s={search_term_string}"},"query-input":{"@type":"PropertyValueSpecification","valueRequired":true,"valueName":"search_term_string"}}],"inLanguage":"fr-FR"},{"@type":"Organization","@id":"https:\/\/www.bagnoitalia.com\/fr#organization","name":"Bagno Italia","url":"https:\/\/www.bagnoitalia.com\/fr","logo":{"@type":"ImageObject","inLanguage":"fr-FR","@id":"https:\/\/www.bagnoitalia.com\/fr#\/schema\/logo\/image\/","url":"https:\/\/img.bagnoitalia.com\/wp-content\/uploads\/logo-bagnoitalia.webp","contentUrl":"https:\/\/img.bagnoitalia.com\/wp-content\/uploads\/logo-bagnoitalia.webp","width":400,"height":70,"caption":"Bagno Italia"},"image":{"@id":"https:\/\/www.bagnoitalia.com\/fr#\/schema\/logo\/image\/"}}]}},"_links":{"self":[{"href":"https:\/\/www.bagnoitalia.com\/fr\/wp-json\/wp\/v2\/product\/81190","targetHints":{"allow":["GET"]}}],"collection":[{"href":"https:\/\/www.bagnoitalia.com\/fr\/wp-json\/wp\/v2\/product"}],"about":[{"href":"https:\/\/www.bagnoitalia.com\/fr\/wp-json\/wp\/v2\/types\/product"}],"replies":[{"embeddable":true,"href":"https:\/\/www.bagnoitalia.com\/fr\/wp-json\/wp\/v2\/comments?post=81190"}],"version-history":[{"count":0,"href":"https:\/\/www.bagnoitalia.com\/fr\/wp-json\/wp\/v2\/product\/81190\/revisions"}],"wp:featuredmedia":[{"embeddable":true,"href":"https:\/\/www.bagnoitalia.com\/fr\/wp-json\/wp\/v2\/media\/42010"}],"wp:attachment":[{"href":"https:\/\/www.bagnoitalia.com\/fr\/wp-json\/wp\/v2\/media?parent=81190"}],"wp:term":[{"taxonomy":"product_brand","embeddable":true,"href":"https:\/\/www.bagnoitalia.com\/fr\/wp-json\/wp\/v2\/product_brand?post=81190"},{"taxonomy":"product_cat","embeddable":true,"href":"https:\/\/www.bagnoitalia.com\/fr\/wp-json\/wp\/v2\/product_cat?post=81190"},{"taxonomy":"product_tag","embeddable":true,"href":"https:\/\/www.bagnoitalia.com\/fr\/wp-json\/wp\/v2\/product_tag?post=81190"}],"curies":[{"name":"wp","href":"https:\/\/api.w.org\/{rel}","templated":true}]}}