{"id":81146,"date":"2018-12-17T14:02:47","date_gmt":"2018-12-17T13:02:47","guid":{"rendered":"https:\/\/www.bagnoitalia.com\/product\/receveur-de-douche-en-marbre-et-resine-de-3-cm-avec-siphon-disponible-en-6-couleurs-egalement-sur-mesure-927-1106-1107-1108"},"modified":"2018-12-17T14:02:47","modified_gmt":"2018-12-17T13:02:47","slug":"receveur-de-douche-en-marbre-et-resine-de-3-cm-avec-siphon-disponible-en-6-couleurs-egalement-sur-mesure-927-1106-1107-1108","status":"publish","type":"product","link":"https:\/\/www.bagnoitalia.com\/fr\/produit\/receveur-de-douche-en-marbre-et-resine-de-3-cm-avec-siphon-disponible-en-6-couleurs-egalement-sur-mesure-927-1106-1107-1108.html","title":{"rendered":"Receveur de douche Glasstone en 3 couleurs, disponible en plusieurs dimensions PA017"},"content":{"rendered":"<p><span style=\"font-family: arial, helvetica, sans-serif; font-size: 12pt;\"><strong>Receveur de douche en Glasstone<\/strong><\/span><\/p>\n<p>&nbsp;<\/p>\n<p><span style=\"font-family: arial, helvetica, sans-serif; font-size: 12pt;\">Caract\u00e9ristiques principales:<\/span><\/p>\n<p><span style=\"font-family: arial, helvetica, sans-serif; font-size: 12pt;\">&#8211; Le Glasstone est un mat\u00e9riau qui d\u00e9rive de la composition de r\u00e9sine de polyester et de fibre de verre<\/span><\/p>\n<p><span style=\"font-family: arial, helvetica, sans-serif; font-size: 12pt;\">&#8211; Couleurs disponibles: blanc, anthracite et ivoire <\/span><\/p>\n<p><span style=\"font-family: arial, helvetica, sans-serif; font-size: 12pt;\">&#8211; Il peut \u00eatre <strong>coup\u00e9<\/strong> avec un disque de diamant, peut donc \u00eatre fabriqu\u00e9 sur mesure<\/span><\/p>\n<p><span style=\"font-family: arial, helvetica, sans-serif; font-size: 12pt;\">&#8211; La surface a un effet de pierre qui les rend <strong>antid\u00e9rapants<\/strong> et donc plus s\u00fbrs<\/span><\/p>\n<p><span style=\"font-family: arial, helvetica, sans-serif; font-size: 12pt;\">&#8211; F<strong>inission<\/strong>&nbsp;sur tous les c\u00f4t\u00e9s (<span style=\"font-family: arial, helvetica, sans-serif; font-size: 12pt;\">il <\/span>est <span style=\"font-family: arial, helvetica, sans-serif; font-size: 12pt;\">donc&nbsp;<\/span>reversible)<\/span><\/p>\n<p><span style=\"font-family: arial, helvetica, sans-serif; font-size: 12pt;\">&#8211; Il est ultra-l\u00e9ger mais tr\u00e8s r\u00e9sistant<\/span><\/p>\n<p><span style=\"font-family: arial, helvetica, sans-serif; font-size: 12pt;\">&#8211; Facile \u00e0 nettoyer<\/span><\/p>\n<p><span style=\"font-family: arial, helvetica, sans-serif; font-size: 12pt;\">&#8211; Il est possible de l\u2019installer \u00e0 la fois sur le sol ou encastr\u00e9<\/span><\/p>\n<p><span style=\"font-family: arial, helvetica, sans-serif; font-size: 12pt;\">&#8211; Il est ultrafin (\u00e9paisseur du receveur: 2,5 cm)<\/span><\/p>\n<p>&nbsp;<\/p>\n<p><span style=\"font-family: arial, helvetica, sans-serif; font-size: 12pt;\"><strong>ATTENTION<\/strong>: BONDE NON INCLUSE DANS LE PRIX<\/span><\/p>\n","protected":false},"excerpt":{"rendered":"<p>Ce receveur de douche est fabriqu\u00e9 dans un mat\u00e9riau innovant: le glasstone. Il est disponible dans les couleurs blanc, anthracite et ivoire. Il peut \u00eatre coup\u00e9 avec un disque de diamant<\/p>\n","protected":false},"featured_media":41586,"comment_status":"open","ping_status":"closed","template":"","meta":[],"product_brand":[9918],"product_cat":[15],"product_tag":[],"class_list":{"0":"post-81146","1":"product","2":"type-product","3":"status-publish","4":"has-post-thumbnail","6":"product_brand-goccioline-ambrosia-group-fr","7":"product_cat-senza-categoria","9":"first","10":"outofstock","11":"taxable","12":"shipping-taxable","13":"purchasable","14":"product-type-simple"},"exclude_global_add_ons":false,"addons":[{"name":"CAMPI_DIMENSIONI\r\n","type":"select","position":0,"required":true,"title_format":"label","default":"","description_enable":false,"description":"","placeholder_enable":false,"placeholder":"","display":"select","restrictions_type":"any_text","adjust_price":false,"price":"","price_type":"","restrictions":false,"min":"0","max":"0","options":[]},{"name":"CAMPI_PILETTA\r\n","type":"select","position":0,"required":true,"title_format":"label","default":"","description_enable":false,"description":"","placeholder_enable":false,"placeholder":"","display":"select","restrictions_type":"any_text","adjust_price":false,"price":"","price_type":"","restrictions":false,"min":"0","max":"0","options":[]}],"yoast_head":"<!-- This site is optimized with the Yoast SEO plugin v26.7 - https:\/\/yoast.com\/wordpress\/plugins\/seo\/ -->\n<title>Receveur de douche Glasstone en 3 couleurs, disponible en plusieurs dimensions PA017<\/title>\n<meta name=\"description\" content=\"Le receveur de douche est fait de r\u00e9sine de marbre qui cr\u00e9e un relief, rendant la surface antid\u00e9rapante disponible en blanc, beige, anthracite, chrome, chocolat, taupe. Fabriqu\u00e9 en diff\u00e9rentes tailles.\" \/>\n<meta name=\"robots\" content=\"index, follow, max-snippet:-1, max-image-preview:large, max-video-preview:-1\" \/>\n<link rel=\"canonical\" href=\"https:\/\/www.bagnoitalia.com\/fr\/produit\/receveur-de-douche-en-marbre-et-resine-de-3-cm-avec-siphon-disponible-en-6-couleurs-egalement-sur-mesure-927-1106-1107-1108.html\" \/>\n<meta property=\"og:locale\" content=\"fr_FR\" \/>\n<meta property=\"og:type\" content=\"article\" \/>\n<meta property=\"og:title\" content=\"Receveur de douche Glasstone en 3 couleurs, disponible en plusieurs dimensions PA017\" \/>\n<meta property=\"og:description\" content=\"Le receveur de douche est fait de r\u00e9sine de marbre qui cr\u00e9e un relief, rendant la surface antid\u00e9rapante disponible en blanc, beige, anthracite, chrome, chocolat, taupe. Fabriqu\u00e9 en diff\u00e9rentes tailles.\" \/>\n<meta property=\"og:url\" content=\"https:\/\/www.bagnoitalia.com\/fr\/produit\/receveur-de-douche-en-marbre-et-resine-de-3-cm-avec-siphon-disponible-en-6-couleurs-egalement-sur-mesure-927-1106-1107-1108.html\" \/>\n<meta property=\"og:site_name\" content=\"Bagno Italia\" \/>\n<meta property=\"og:image\" content=\"https:\/\/img.bagnoitalia.com\/wp-content\/uploads\/virtuemart\/product\/glasstone-shower-tray-made-in-many-sizes-pa017-651_1545055549_538.jpg\" \/>\n\t<meta property=\"og:image:width\" content=\"550\" \/>\n\t<meta property=\"og:image:height\" content=\"550\" \/>\n\t<meta property=\"og:image:type\" content=\"image\/jpeg\" \/>\n<meta name=\"twitter:card\" content=\"summary_large_image\" \/>\n<meta name=\"twitter:label1\" content=\"Dur\u00e9e de lecture estim\u00e9e\" \/>\n\t<meta name=\"twitter:data1\" content=\"1 minute\" \/>\n<script type=\"application\/ld+json\" class=\"yoast-schema-graph\">{\"@context\":\"https:\/\/schema.org\",\"@graph\":[{\"@type\":\"WebPage\",\"@id\":\"https:\/\/www.bagnoitalia.com\/fr\/produit\/receveur-de-douche-en-marbre-et-resine-de-3-cm-avec-siphon-disponible-en-6-couleurs-egalement-sur-mesure-927-1106-1107-1108.html\",\"url\":\"https:\/\/www.bagnoitalia.com\/fr\/produit\/receveur-de-douche-en-marbre-et-resine-de-3-cm-avec-siphon-disponible-en-6-couleurs-egalement-sur-mesure-927-1106-1107-1108.html\",\"name\":\"Receveur de douche Glasstone en 3 couleurs, disponible en plusieurs dimensions PA017\",\"isPartOf\":{\"@id\":\"https:\/\/www.bagnoitalia.com\/fr#website\"},\"primaryImageOfPage\":{\"@id\":\"https:\/\/www.bagnoitalia.com\/fr\/produit\/receveur-de-douche-en-marbre-et-resine-de-3-cm-avec-siphon-disponible-en-6-couleurs-egalement-sur-mesure-927-1106-1107-1108.html#primaryimage\"},\"image\":{\"@id\":\"https:\/\/www.bagnoitalia.com\/fr\/produit\/receveur-de-douche-en-marbre-et-resine-de-3-cm-avec-siphon-disponible-en-6-couleurs-egalement-sur-mesure-927-1106-1107-1108.html#primaryimage\"},\"thumbnailUrl\":\"https:\/\/img.bagnoitalia.com\/wp-content\/uploads\/virtuemart\/product\/glasstone-shower-tray-made-in-many-sizes-pa017-651_1545055549_538.jpg\",\"datePublished\":\"2018-12-17T13:02:47+00:00\",\"description\":\"Le receveur de douche est fait de r\u00e9sine de marbre qui cr\u00e9e un relief, rendant la surface antid\u00e9rapante disponible en blanc, beige, anthracite, chrome, chocolat, taupe. Fabriqu\u00e9 en diff\u00e9rentes tailles.\",\"breadcrumb\":{\"@id\":\"https:\/\/www.bagnoitalia.com\/fr\/produit\/receveur-de-douche-en-marbre-et-resine-de-3-cm-avec-siphon-disponible-en-6-couleurs-egalement-sur-mesure-927-1106-1107-1108.html#breadcrumb\"},\"inLanguage\":\"fr-FR\",\"potentialAction\":[{\"@type\":\"ReadAction\",\"target\":[\"https:\/\/www.bagnoitalia.com\/fr\/produit\/receveur-de-douche-en-marbre-et-resine-de-3-cm-avec-siphon-disponible-en-6-couleurs-egalement-sur-mesure-927-1106-1107-1108.html\"]}]},{\"@type\":\"ImageObject\",\"inLanguage\":\"fr-FR\",\"@id\":\"https:\/\/www.bagnoitalia.com\/fr\/produit\/receveur-de-douche-en-marbre-et-resine-de-3-cm-avec-siphon-disponible-en-6-couleurs-egalement-sur-mesure-927-1106-1107-1108.html#primaryimage\",\"url\":\"https:\/\/img.bagnoitalia.com\/wp-content\/uploads\/virtuemart\/product\/glasstone-shower-tray-made-in-many-sizes-pa017-651_1545055549_538.jpg\",\"contentUrl\":\"https:\/\/img.bagnoitalia.com\/wp-content\/uploads\/virtuemart\/product\/glasstone-shower-tray-made-in-many-sizes-pa017-651_1545055549_538.jpg\",\"width\":550,\"height\":550},{\"@type\":\"BreadcrumbList\",\"@id\":\"https:\/\/www.bagnoitalia.com\/fr\/produit\/receveur-de-douche-en-marbre-et-resine-de-3-cm-avec-siphon-disponible-en-6-couleurs-egalement-sur-mesure-927-1106-1107-1108.html#breadcrumb\",\"itemListElement\":[{\"@type\":\"ListItem\",\"position\":1,\"name\":\"Home\",\"item\":\"https:\/\/www.bagnoitalia.com\/fr\"},{\"@type\":\"ListItem\",\"position\":2,\"name\":\"Produits\",\"item\":\"https:\/\/www.bagnoitalia.com\/fr\/shop\"},{\"@type\":\"ListItem\",\"position\":3,\"name\":\"Receveur de douche Glasstone en 3 couleurs, disponible en plusieurs dimensions PA017\"}]},{\"@type\":\"WebSite\",\"@id\":\"https:\/\/www.bagnoitalia.com\/fr#website\",\"url\":\"https:\/\/www.bagnoitalia.com\/fr\",\"name\":\"Bagno Italia\",\"description\":\"\",\"publisher\":{\"@id\":\"https:\/\/www.bagnoitalia.com\/fr#organization\"},\"potentialAction\":[{\"@type\":\"SearchAction\",\"target\":{\"@type\":\"EntryPoint\",\"urlTemplate\":\"https:\/\/www.bagnoitalia.com\/fr?s={search_term_string}\"},\"query-input\":{\"@type\":\"PropertyValueSpecification\",\"valueRequired\":true,\"valueName\":\"search_term_string\"}}],\"inLanguage\":\"fr-FR\"},{\"@type\":\"Organization\",\"@id\":\"https:\/\/www.bagnoitalia.com\/fr#organization\",\"name\":\"Bagno Italia\",\"url\":\"https:\/\/www.bagnoitalia.com\/fr\",\"logo\":{\"@type\":\"ImageObject\",\"inLanguage\":\"fr-FR\",\"@id\":\"https:\/\/www.bagnoitalia.com\/fr#\/schema\/logo\/image\/\",\"url\":\"https:\/\/img.bagnoitalia.com\/wp-content\/uploads\/logo-bagnoitalia.webp\",\"contentUrl\":\"https:\/\/img.bagnoitalia.com\/wp-content\/uploads\/logo-bagnoitalia.webp\",\"width\":400,\"height\":70,\"caption\":\"Bagno Italia\"},\"image\":{\"@id\":\"https:\/\/www.bagnoitalia.com\/fr#\/schema\/logo\/image\/\"}}]}<\/script>\n<!-- \/ Yoast SEO plugin. -->","yoast_head_json":{"title":"Receveur de douche Glasstone en 3 couleurs, disponible en plusieurs dimensions PA017","description":"Le receveur de douche est fait de r\u00e9sine de marbre qui cr\u00e9e un relief, rendant la surface antid\u00e9rapante disponible en blanc, beige, anthracite, chrome, chocolat, taupe. Fabriqu\u00e9 en diff\u00e9rentes tailles.","robots":{"index":"index","follow":"follow","max-snippet":"max-snippet:-1","max-image-preview":"max-image-preview:large","max-video-preview":"max-video-preview:-1"},"canonical":"https:\/\/www.bagnoitalia.com\/fr\/produit\/receveur-de-douche-en-marbre-et-resine-de-3-cm-avec-siphon-disponible-en-6-couleurs-egalement-sur-mesure-927-1106-1107-1108.html","og_locale":"fr_FR","og_type":"article","og_title":"Receveur de douche Glasstone en 3 couleurs, disponible en plusieurs dimensions PA017","og_description":"Le receveur de douche est fait de r\u00e9sine de marbre qui cr\u00e9e un relief, rendant la surface antid\u00e9rapante disponible en blanc, beige, anthracite, chrome, chocolat, taupe. Fabriqu\u00e9 en diff\u00e9rentes tailles.","og_url":"https:\/\/www.bagnoitalia.com\/fr\/produit\/receveur-de-douche-en-marbre-et-resine-de-3-cm-avec-siphon-disponible-en-6-couleurs-egalement-sur-mesure-927-1106-1107-1108.html","og_site_name":"Bagno Italia","og_image":[{"width":550,"height":550,"url":"https:\/\/img.bagnoitalia.com\/wp-content\/uploads\/virtuemart\/product\/glasstone-shower-tray-made-in-many-sizes-pa017-651_1545055549_538.jpg","type":"image\/jpeg"}],"twitter_card":"summary_large_image","twitter_misc":{"Dur\u00e9e de lecture estim\u00e9e":"1 minute"},"schema":{"@context":"https:\/\/schema.org","@graph":[{"@type":"WebPage","@id":"https:\/\/www.bagnoitalia.com\/fr\/produit\/receveur-de-douche-en-marbre-et-resine-de-3-cm-avec-siphon-disponible-en-6-couleurs-egalement-sur-mesure-927-1106-1107-1108.html","url":"https:\/\/www.bagnoitalia.com\/fr\/produit\/receveur-de-douche-en-marbre-et-resine-de-3-cm-avec-siphon-disponible-en-6-couleurs-egalement-sur-mesure-927-1106-1107-1108.html","name":"Receveur de douche Glasstone en 3 couleurs, disponible en plusieurs dimensions PA017","isPartOf":{"@id":"https:\/\/www.bagnoitalia.com\/fr#website"},"primaryImageOfPage":{"@id":"https:\/\/www.bagnoitalia.com\/fr\/produit\/receveur-de-douche-en-marbre-et-resine-de-3-cm-avec-siphon-disponible-en-6-couleurs-egalement-sur-mesure-927-1106-1107-1108.html#primaryimage"},"image":{"@id":"https:\/\/www.bagnoitalia.com\/fr\/produit\/receveur-de-douche-en-marbre-et-resine-de-3-cm-avec-siphon-disponible-en-6-couleurs-egalement-sur-mesure-927-1106-1107-1108.html#primaryimage"},"thumbnailUrl":"https:\/\/img.bagnoitalia.com\/wp-content\/uploads\/virtuemart\/product\/glasstone-shower-tray-made-in-many-sizes-pa017-651_1545055549_538.jpg","datePublished":"2018-12-17T13:02:47+00:00","description":"Le receveur de douche est fait de r\u00e9sine de marbre qui cr\u00e9e un relief, rendant la surface antid\u00e9rapante disponible en blanc, beige, anthracite, chrome, chocolat, taupe. Fabriqu\u00e9 en diff\u00e9rentes tailles.","breadcrumb":{"@id":"https:\/\/www.bagnoitalia.com\/fr\/produit\/receveur-de-douche-en-marbre-et-resine-de-3-cm-avec-siphon-disponible-en-6-couleurs-egalement-sur-mesure-927-1106-1107-1108.html#breadcrumb"},"inLanguage":"fr-FR","potentialAction":[{"@type":"ReadAction","target":["https:\/\/www.bagnoitalia.com\/fr\/produit\/receveur-de-douche-en-marbre-et-resine-de-3-cm-avec-siphon-disponible-en-6-couleurs-egalement-sur-mesure-927-1106-1107-1108.html"]}]},{"@type":"ImageObject","inLanguage":"fr-FR","@id":"https:\/\/www.bagnoitalia.com\/fr\/produit\/receveur-de-douche-en-marbre-et-resine-de-3-cm-avec-siphon-disponible-en-6-couleurs-egalement-sur-mesure-927-1106-1107-1108.html#primaryimage","url":"https:\/\/img.bagnoitalia.com\/wp-content\/uploads\/virtuemart\/product\/glasstone-shower-tray-made-in-many-sizes-pa017-651_1545055549_538.jpg","contentUrl":"https:\/\/img.bagnoitalia.com\/wp-content\/uploads\/virtuemart\/product\/glasstone-shower-tray-made-in-many-sizes-pa017-651_1545055549_538.jpg","width":550,"height":550},{"@type":"BreadcrumbList","@id":"https:\/\/www.bagnoitalia.com\/fr\/produit\/receveur-de-douche-en-marbre-et-resine-de-3-cm-avec-siphon-disponible-en-6-couleurs-egalement-sur-mesure-927-1106-1107-1108.html#breadcrumb","itemListElement":[{"@type":"ListItem","position":1,"name":"Home","item":"https:\/\/www.bagnoitalia.com\/fr"},{"@type":"ListItem","position":2,"name":"Produits","item":"https:\/\/www.bagnoitalia.com\/fr\/shop"},{"@type":"ListItem","position":3,"name":"Receveur de douche Glasstone en 3 couleurs, disponible en plusieurs dimensions PA017"}]},{"@type":"WebSite","@id":"https:\/\/www.bagnoitalia.com\/fr#website","url":"https:\/\/www.bagnoitalia.com\/fr","name":"Bagno Italia","description":"","publisher":{"@id":"https:\/\/www.bagnoitalia.com\/fr#organization"},"potentialAction":[{"@type":"SearchAction","target":{"@type":"EntryPoint","urlTemplate":"https:\/\/www.bagnoitalia.com\/fr?s={search_term_string}"},"query-input":{"@type":"PropertyValueSpecification","valueRequired":true,"valueName":"search_term_string"}}],"inLanguage":"fr-FR"},{"@type":"Organization","@id":"https:\/\/www.bagnoitalia.com\/fr#organization","name":"Bagno Italia","url":"https:\/\/www.bagnoitalia.com\/fr","logo":{"@type":"ImageObject","inLanguage":"fr-FR","@id":"https:\/\/www.bagnoitalia.com\/fr#\/schema\/logo\/image\/","url":"https:\/\/img.bagnoitalia.com\/wp-content\/uploads\/logo-bagnoitalia.webp","contentUrl":"https:\/\/img.bagnoitalia.com\/wp-content\/uploads\/logo-bagnoitalia.webp","width":400,"height":70,"caption":"Bagno Italia"},"image":{"@id":"https:\/\/www.bagnoitalia.com\/fr#\/schema\/logo\/image\/"}}]}},"_links":{"self":[{"href":"https:\/\/www.bagnoitalia.com\/fr\/wp-json\/wp\/v2\/product\/81146","targetHints":{"allow":["GET"]}}],"collection":[{"href":"https:\/\/www.bagnoitalia.com\/fr\/wp-json\/wp\/v2\/product"}],"about":[{"href":"https:\/\/www.bagnoitalia.com\/fr\/wp-json\/wp\/v2\/types\/product"}],"replies":[{"embeddable":true,"href":"https:\/\/www.bagnoitalia.com\/fr\/wp-json\/wp\/v2\/comments?post=81146"}],"version-history":[{"count":0,"href":"https:\/\/www.bagnoitalia.com\/fr\/wp-json\/wp\/v2\/product\/81146\/revisions"}],"wp:featuredmedia":[{"embeddable":true,"href":"https:\/\/www.bagnoitalia.com\/fr\/wp-json\/wp\/v2\/media\/41586"}],"wp:attachment":[{"href":"https:\/\/www.bagnoitalia.com\/fr\/wp-json\/wp\/v2\/media?parent=81146"}],"wp:term":[{"taxonomy":"product_brand","embeddable":true,"href":"https:\/\/www.bagnoitalia.com\/fr\/wp-json\/wp\/v2\/product_brand?post=81146"},{"taxonomy":"product_cat","embeddable":true,"href":"https:\/\/www.bagnoitalia.com\/fr\/wp-json\/wp\/v2\/product_cat?post=81146"},{"taxonomy":"product_tag","embeddable":true,"href":"https:\/\/www.bagnoitalia.com\/fr\/wp-json\/wp\/v2\/product_tag?post=81146"}],"curies":[{"name":"wp","href":"https:\/\/api.w.org\/{rel}","templated":true}]}}