{"id":81122,"date":"2018-12-14T10:21:42","date_gmt":"2018-12-14T09:21:42","guid":{"rendered":"https:\/\/www.bagnoitalia.com\/product\/baignoire-rectangulaire-170-x-80-ou-179-x-80-de-style-moderne-autoportant-pour-piece-centrale-vs052-944"},"modified":"2026-01-20T14:54:19","modified_gmt":"2026-01-20T13:54:19","slug":"baignoire-rectangulaire-170-x-80-ou-179-x-80-de-style-moderne-autoportant-pour-piece-centrale-vs052-944","status":"publish","type":"product","link":"https:\/\/www.bagnoitalia.com\/fr\/produit\/baignoire-rectangulaire-170-x-80-ou-179-x-80-de-style-moderne-autoportant-pour-piece-centrale-vs052-944.html","title":{"rendered":"Baignoire autoportante 170&#215;80 160&#215;80 150&#215;75 blanche, style moderne VS086"},"content":{"rendered":"<p style=\"margin-bottom: 0cm;\"><span style=\"text-decoration: underline;\"><strong><span style=\"font-size: 14pt;\">Baignoire autoportante vs086<\/span><\/strong><\/span><\/p>\n<p>&nbsp;<\/p>\n<p style=\"margin-bottom: 0cm;\"><span style=\"text-decoration: underline;\"><strong><span style=\"font-size: 12pt;\">Caract\u00e9ristiques techniques:<\/span><\/strong><\/span><\/p>\n<ul>\n<li style=\"margin-bottom: 0cm;\"><span style=\"font-size: 12pt;\">Dimensions disponibles: 170x80xH58, 160x80xH58, 150x75xH58 cm<\/span><\/li>\n<li style=\"margin-bottom: 0cm;\"><span style=\"font-size: 12pt;\">Baignoire en acrylique\u00a0<\/span><\/li>\n<li style=\"margin-bottom: 0cm;\"><span style=\"font-size: 12pt;\">Structure de renforc\u00e9e de la base en acier chrom\u00e9;<\/span><\/li>\n<li style=\"margin-bottom: 0cm;\"><span style=\"font-size: 12pt;\">Pieds r\u00e9glables;<\/span><\/li>\n<li style=\"margin-bottom: 0cm;\"><span style=\"font-size: 12pt;\">Bonde click clack;<\/span><\/li>\n<li style=\"margin-bottom: 0cm;\"><span style=\"font-size: 12pt;\">Composants structurels renforc\u00e9s avec un tissu de fibre de verre<\/span><\/li>\n<\/ul>\n<p><span style=\"font-size: 12pt;\">ATTENTION: il est possible d&rsquo;ajouter le mitigeur \u00e0 colonne et s\u00e9lectionner le type souhait\u00e9<\/span><\/p>\n","protected":false},"excerpt":{"rendered":"<p>Baignoire blanc brillante, typologie autoportante, disponible en diff\u00e9rentes tailles et avec deux typologies de mitigeur \u00e0 colonne.<\/p>\n","protected":false},"featured_media":41402,"comment_status":"open","ping_status":"closed","template":"","meta":[],"product_brand":[9909],"product_cat":[9961,9839],"product_tag":[],"class_list":{"0":"post-81122","1":"product","2":"type-product","3":"status-publish","4":"has-post-thumbnail","6":"product_brand-puntorelax-fr","7":"product_cat-showroom-fr","8":"product_cat-baignoires-a-poser","10":"first","11":"instock","12":"sale","13":"taxable","14":"shipping-taxable","15":"purchasable","16":"product-type-simple"},"exclude_global_add_ons":false,"addons":[{"name":"dimensions","type":"multiple_choice","position":0,"required":true,"title_format":"heading","default":"","description_enable":false,"description":"","placeholder_enable":false,"placeholder":"","display":"select","restrictions_type":"any_text","adjust_price":false,"price":"","price_type":"flat_fee","restrictions":false,"min":"0","max":"0","options":[{"label":"150x75xH58 cm","price":"","price_type":"quantity_based","image":0,"visibility":true},{"label":"160x80xH58 cm","price":"100","price_type":"quantity_based","image":0,"visibility":true},{"label":"170x80xH58 cm","price":"100","price_type":"quantity_based","image":0,"visibility":true}],"id":1716567151},{"name":"m\u00e9langeur \u00e0 colonne","type":"multiple_choice","position":1,"required":true,"title_format":"heading","default":"","description_enable":false,"description":"","placeholder_enable":false,"placeholder":"","display":"select","restrictions_type":"any_text","adjust_price":false,"price":"","price_type":"flat_fee","restrictions":false,"min":"0","max":"0","options":[{"label":"PAS de m\u00e9langeur \u00e0 colonne","price":"","price_type":"quantity_based","image":0,"visibility":true},{"label":"Mod. GL03","price":"279","price_type":"quantity_based","image":0,"visibility":true},{"label":"Mod. GL04 \u2013 NOIR MAT","price":"319","price_type":"quantity_based","image":0,"visibility":true},{"label":"Mod. GL02","price":"279","price_type":"quantity_based","image":0,"visibility":true},{"label":"Mod. GL016","price":"279","price_type":"quantity_based","image":0,"visibility":true}],"id":1716567152}],"yoast_head":"<!-- This site is optimized with the Yoast SEO plugin v26.7 - https:\/\/yoast.com\/wordpress\/plugins\/seo\/ -->\n<title>Baignoire autoportante 170x80 160x80 150x75 blanche, style moderne VS086<\/title>\n<meta name=\"description\" content=\"Baignoire rectangulaire disponible dans les tailles 170x80 ou 179x80 typologie autonome de style moderne, id\u00e9ale pour se positionner au milieu de la pi\u00e8ce\" \/>\n<meta name=\"robots\" content=\"index, follow, max-snippet:-1, max-image-preview:large, max-video-preview:-1\" \/>\n<link rel=\"canonical\" href=\"https:\/\/www.bagnoitalia.com\/fr\/produit\/baignoire-rectangulaire-170-x-80-ou-179-x-80-de-style-moderne-autoportant-pour-piece-centrale-vs052-944.html\" \/>\n<meta property=\"og:locale\" content=\"fr_FR\" \/>\n<meta property=\"og:type\" content=\"article\" \/>\n<meta property=\"og:title\" content=\"Baignoire autoportante 170x80 160x80 150x75 blanche, style moderne VS086\" \/>\n<meta property=\"og:description\" content=\"Baignoire rectangulaire disponible dans les tailles 170x80 ou 179x80 typologie autonome de style moderne, id\u00e9ale pour se positionner au milieu de la pi\u00e8ce\" \/>\n<meta property=\"og:url\" content=\"https:\/\/www.bagnoitalia.com\/fr\/produit\/baignoire-rectangulaire-170-x-80-ou-179-x-80-de-style-moderne-autoportant-pour-piece-centrale-vs052-944.html\" \/>\n<meta property=\"og:site_name\" content=\"Bagno Italia\" \/>\n<meta property=\"article:modified_time\" content=\"2026-01-20T13:54:19+00:00\" \/>\n<meta property=\"og:image\" content=\"https:\/\/img.bagnoitalia.com\/wp-content\/uploads\/virtuemart\/product\/rectangular-freestanding-bathtub-3-sizes-326_1544783182_702.jpg\" \/>\n\t<meta property=\"og:image:width\" content=\"550\" \/>\n\t<meta property=\"og:image:height\" content=\"549\" \/>\n\t<meta property=\"og:image:type\" content=\"image\/jpeg\" \/>\n<meta name=\"twitter:card\" content=\"summary_large_image\" \/>\n<meta name=\"twitter:label1\" content=\"Dur\u00e9e de lecture estim\u00e9e\" \/>\n\t<meta name=\"twitter:data1\" content=\"1 minute\" \/>\n<script type=\"application\/ld+json\" class=\"yoast-schema-graph\">{\"@context\":\"https:\/\/schema.org\",\"@graph\":[{\"@type\":\"WebPage\",\"@id\":\"https:\/\/www.bagnoitalia.com\/fr\/produit\/baignoire-rectangulaire-170-x-80-ou-179-x-80-de-style-moderne-autoportant-pour-piece-centrale-vs052-944.html\",\"url\":\"https:\/\/www.bagnoitalia.com\/fr\/produit\/baignoire-rectangulaire-170-x-80-ou-179-x-80-de-style-moderne-autoportant-pour-piece-centrale-vs052-944.html\",\"name\":\"Baignoire autoportante 170x80 160x80 150x75 blanche, style moderne VS086\",\"isPartOf\":{\"@id\":\"https:\/\/www.bagnoitalia.com\/fr#website\"},\"primaryImageOfPage\":{\"@id\":\"https:\/\/www.bagnoitalia.com\/fr\/produit\/baignoire-rectangulaire-170-x-80-ou-179-x-80-de-style-moderne-autoportant-pour-piece-centrale-vs052-944.html#primaryimage\"},\"image\":{\"@id\":\"https:\/\/www.bagnoitalia.com\/fr\/produit\/baignoire-rectangulaire-170-x-80-ou-179-x-80-de-style-moderne-autoportant-pour-piece-centrale-vs052-944.html#primaryimage\"},\"thumbnailUrl\":\"https:\/\/img.bagnoitalia.com\/wp-content\/uploads\/virtuemart\/product\/rectangular-freestanding-bathtub-3-sizes-326_1544783182_702.jpg\",\"datePublished\":\"2018-12-14T09:21:42+00:00\",\"dateModified\":\"2026-01-20T13:54:19+00:00\",\"description\":\"Baignoire rectangulaire disponible dans les tailles 170x80 ou 179x80 typologie autonome de style moderne, id\u00e9ale pour se positionner au milieu de la pi\u00e8ce\",\"breadcrumb\":{\"@id\":\"https:\/\/www.bagnoitalia.com\/fr\/produit\/baignoire-rectangulaire-170-x-80-ou-179-x-80-de-style-moderne-autoportant-pour-piece-centrale-vs052-944.html#breadcrumb\"},\"inLanguage\":\"fr-FR\",\"potentialAction\":[{\"@type\":\"ReadAction\",\"target\":[\"https:\/\/www.bagnoitalia.com\/fr\/produit\/baignoire-rectangulaire-170-x-80-ou-179-x-80-de-style-moderne-autoportant-pour-piece-centrale-vs052-944.html\"]}]},{\"@type\":\"ImageObject\",\"inLanguage\":\"fr-FR\",\"@id\":\"https:\/\/www.bagnoitalia.com\/fr\/produit\/baignoire-rectangulaire-170-x-80-ou-179-x-80-de-style-moderne-autoportant-pour-piece-centrale-vs052-944.html#primaryimage\",\"url\":\"https:\/\/img.bagnoitalia.com\/wp-content\/uploads\/virtuemart\/product\/rectangular-freestanding-bathtub-3-sizes-326_1544783182_702.jpg\",\"contentUrl\":\"https:\/\/img.bagnoitalia.com\/wp-content\/uploads\/virtuemart\/product\/rectangular-freestanding-bathtub-3-sizes-326_1544783182_702.jpg\",\"width\":550,\"height\":549},{\"@type\":\"BreadcrumbList\",\"@id\":\"https:\/\/www.bagnoitalia.com\/fr\/produit\/baignoire-rectangulaire-170-x-80-ou-179-x-80-de-style-moderne-autoportant-pour-piece-centrale-vs052-944.html#breadcrumb\",\"itemListElement\":[{\"@type\":\"ListItem\",\"position\":1,\"name\":\"Home\",\"item\":\"https:\/\/www.bagnoitalia.com\/fr\"},{\"@type\":\"ListItem\",\"position\":2,\"name\":\"Produits\",\"item\":\"https:\/\/www.bagnoitalia.com\/fr\/shop\"},{\"@type\":\"ListItem\",\"position\":3,\"name\":\"Baignoire autoportante 170&#215;80 160&#215;80 150&#215;75 blanche, style moderne VS086\"}]},{\"@type\":\"WebSite\",\"@id\":\"https:\/\/www.bagnoitalia.com\/fr#website\",\"url\":\"https:\/\/www.bagnoitalia.com\/fr\",\"name\":\"Bagno Italia\",\"description\":\"\",\"publisher\":{\"@id\":\"https:\/\/www.bagnoitalia.com\/fr#organization\"},\"potentialAction\":[{\"@type\":\"SearchAction\",\"target\":{\"@type\":\"EntryPoint\",\"urlTemplate\":\"https:\/\/www.bagnoitalia.com\/fr?s={search_term_string}\"},\"query-input\":{\"@type\":\"PropertyValueSpecification\",\"valueRequired\":true,\"valueName\":\"search_term_string\"}}],\"inLanguage\":\"fr-FR\"},{\"@type\":\"Organization\",\"@id\":\"https:\/\/www.bagnoitalia.com\/fr#organization\",\"name\":\"Bagno Italia\",\"url\":\"https:\/\/www.bagnoitalia.com\/fr\",\"logo\":{\"@type\":\"ImageObject\",\"inLanguage\":\"fr-FR\",\"@id\":\"https:\/\/www.bagnoitalia.com\/fr#\/schema\/logo\/image\/\",\"url\":\"https:\/\/img.bagnoitalia.com\/wp-content\/uploads\/logo-bagnoitalia.webp\",\"contentUrl\":\"https:\/\/img.bagnoitalia.com\/wp-content\/uploads\/logo-bagnoitalia.webp\",\"width\":400,\"height\":70,\"caption\":\"Bagno Italia\"},\"image\":{\"@id\":\"https:\/\/www.bagnoitalia.com\/fr#\/schema\/logo\/image\/\"}}]}<\/script>\n<!-- \/ Yoast SEO plugin. -->","yoast_head_json":{"title":"Baignoire autoportante 170x80 160x80 150x75 blanche, style moderne VS086","description":"Baignoire rectangulaire disponible dans les tailles 170x80 ou 179x80 typologie autonome de style moderne, id\u00e9ale pour se positionner au milieu de la pi\u00e8ce","robots":{"index":"index","follow":"follow","max-snippet":"max-snippet:-1","max-image-preview":"max-image-preview:large","max-video-preview":"max-video-preview:-1"},"canonical":"https:\/\/www.bagnoitalia.com\/fr\/produit\/baignoire-rectangulaire-170-x-80-ou-179-x-80-de-style-moderne-autoportant-pour-piece-centrale-vs052-944.html","og_locale":"fr_FR","og_type":"article","og_title":"Baignoire autoportante 170x80 160x80 150x75 blanche, style moderne VS086","og_description":"Baignoire rectangulaire disponible dans les tailles 170x80 ou 179x80 typologie autonome de style moderne, id\u00e9ale pour se positionner au milieu de la pi\u00e8ce","og_url":"https:\/\/www.bagnoitalia.com\/fr\/produit\/baignoire-rectangulaire-170-x-80-ou-179-x-80-de-style-moderne-autoportant-pour-piece-centrale-vs052-944.html","og_site_name":"Bagno Italia","article_modified_time":"2026-01-20T13:54:19+00:00","og_image":[{"width":550,"height":549,"url":"https:\/\/img.bagnoitalia.com\/wp-content\/uploads\/virtuemart\/product\/rectangular-freestanding-bathtub-3-sizes-326_1544783182_702.jpg","type":"image\/jpeg"}],"twitter_card":"summary_large_image","twitter_misc":{"Dur\u00e9e de lecture estim\u00e9e":"1 minute"},"schema":{"@context":"https:\/\/schema.org","@graph":[{"@type":"WebPage","@id":"https:\/\/www.bagnoitalia.com\/fr\/produit\/baignoire-rectangulaire-170-x-80-ou-179-x-80-de-style-moderne-autoportant-pour-piece-centrale-vs052-944.html","url":"https:\/\/www.bagnoitalia.com\/fr\/produit\/baignoire-rectangulaire-170-x-80-ou-179-x-80-de-style-moderne-autoportant-pour-piece-centrale-vs052-944.html","name":"Baignoire autoportante 170x80 160x80 150x75 blanche, style moderne VS086","isPartOf":{"@id":"https:\/\/www.bagnoitalia.com\/fr#website"},"primaryImageOfPage":{"@id":"https:\/\/www.bagnoitalia.com\/fr\/produit\/baignoire-rectangulaire-170-x-80-ou-179-x-80-de-style-moderne-autoportant-pour-piece-centrale-vs052-944.html#primaryimage"},"image":{"@id":"https:\/\/www.bagnoitalia.com\/fr\/produit\/baignoire-rectangulaire-170-x-80-ou-179-x-80-de-style-moderne-autoportant-pour-piece-centrale-vs052-944.html#primaryimage"},"thumbnailUrl":"https:\/\/img.bagnoitalia.com\/wp-content\/uploads\/virtuemart\/product\/rectangular-freestanding-bathtub-3-sizes-326_1544783182_702.jpg","datePublished":"2018-12-14T09:21:42+00:00","dateModified":"2026-01-20T13:54:19+00:00","description":"Baignoire rectangulaire disponible dans les tailles 170x80 ou 179x80 typologie autonome de style moderne, id\u00e9ale pour se positionner au milieu de la pi\u00e8ce","breadcrumb":{"@id":"https:\/\/www.bagnoitalia.com\/fr\/produit\/baignoire-rectangulaire-170-x-80-ou-179-x-80-de-style-moderne-autoportant-pour-piece-centrale-vs052-944.html#breadcrumb"},"inLanguage":"fr-FR","potentialAction":[{"@type":"ReadAction","target":["https:\/\/www.bagnoitalia.com\/fr\/produit\/baignoire-rectangulaire-170-x-80-ou-179-x-80-de-style-moderne-autoportant-pour-piece-centrale-vs052-944.html"]}]},{"@type":"ImageObject","inLanguage":"fr-FR","@id":"https:\/\/www.bagnoitalia.com\/fr\/produit\/baignoire-rectangulaire-170-x-80-ou-179-x-80-de-style-moderne-autoportant-pour-piece-centrale-vs052-944.html#primaryimage","url":"https:\/\/img.bagnoitalia.com\/wp-content\/uploads\/virtuemart\/product\/rectangular-freestanding-bathtub-3-sizes-326_1544783182_702.jpg","contentUrl":"https:\/\/img.bagnoitalia.com\/wp-content\/uploads\/virtuemart\/product\/rectangular-freestanding-bathtub-3-sizes-326_1544783182_702.jpg","width":550,"height":549},{"@type":"BreadcrumbList","@id":"https:\/\/www.bagnoitalia.com\/fr\/produit\/baignoire-rectangulaire-170-x-80-ou-179-x-80-de-style-moderne-autoportant-pour-piece-centrale-vs052-944.html#breadcrumb","itemListElement":[{"@type":"ListItem","position":1,"name":"Home","item":"https:\/\/www.bagnoitalia.com\/fr"},{"@type":"ListItem","position":2,"name":"Produits","item":"https:\/\/www.bagnoitalia.com\/fr\/shop"},{"@type":"ListItem","position":3,"name":"Baignoire autoportante 170&#215;80 160&#215;80 150&#215;75 blanche, style moderne VS086"}]},{"@type":"WebSite","@id":"https:\/\/www.bagnoitalia.com\/fr#website","url":"https:\/\/www.bagnoitalia.com\/fr","name":"Bagno Italia","description":"","publisher":{"@id":"https:\/\/www.bagnoitalia.com\/fr#organization"},"potentialAction":[{"@type":"SearchAction","target":{"@type":"EntryPoint","urlTemplate":"https:\/\/www.bagnoitalia.com\/fr?s={search_term_string}"},"query-input":{"@type":"PropertyValueSpecification","valueRequired":true,"valueName":"search_term_string"}}],"inLanguage":"fr-FR"},{"@type":"Organization","@id":"https:\/\/www.bagnoitalia.com\/fr#organization","name":"Bagno Italia","url":"https:\/\/www.bagnoitalia.com\/fr","logo":{"@type":"ImageObject","inLanguage":"fr-FR","@id":"https:\/\/www.bagnoitalia.com\/fr#\/schema\/logo\/image\/","url":"https:\/\/img.bagnoitalia.com\/wp-content\/uploads\/logo-bagnoitalia.webp","contentUrl":"https:\/\/img.bagnoitalia.com\/wp-content\/uploads\/logo-bagnoitalia.webp","width":400,"height":70,"caption":"Bagno Italia"},"image":{"@id":"https:\/\/www.bagnoitalia.com\/fr#\/schema\/logo\/image\/"}}]}},"_links":{"self":[{"href":"https:\/\/www.bagnoitalia.com\/fr\/wp-json\/wp\/v2\/product\/81122","targetHints":{"allow":["GET"]}}],"collection":[{"href":"https:\/\/www.bagnoitalia.com\/fr\/wp-json\/wp\/v2\/product"}],"about":[{"href":"https:\/\/www.bagnoitalia.com\/fr\/wp-json\/wp\/v2\/types\/product"}],"replies":[{"embeddable":true,"href":"https:\/\/www.bagnoitalia.com\/fr\/wp-json\/wp\/v2\/comments?post=81122"}],"version-history":[{"count":1,"href":"https:\/\/www.bagnoitalia.com\/fr\/wp-json\/wp\/v2\/product\/81122\/revisions"}],"predecessor-version":[{"id":88292,"href":"https:\/\/www.bagnoitalia.com\/fr\/wp-json\/wp\/v2\/product\/81122\/revisions\/88292"}],"wp:featuredmedia":[{"embeddable":true,"href":"https:\/\/www.bagnoitalia.com\/fr\/wp-json\/wp\/v2\/media\/41402"}],"wp:attachment":[{"href":"https:\/\/www.bagnoitalia.com\/fr\/wp-json\/wp\/v2\/media?parent=81122"}],"wp:term":[{"taxonomy":"product_brand","embeddable":true,"href":"https:\/\/www.bagnoitalia.com\/fr\/wp-json\/wp\/v2\/product_brand?post=81122"},{"taxonomy":"product_cat","embeddable":true,"href":"https:\/\/www.bagnoitalia.com\/fr\/wp-json\/wp\/v2\/product_cat?post=81122"},{"taxonomy":"product_tag","embeddable":true,"href":"https:\/\/www.bagnoitalia.com\/fr\/wp-json\/wp\/v2\/product_tag?post=81122"}],"curies":[{"name":"wp","href":"https:\/\/api.w.org\/{rel}","templated":true}]}}