{"id":81114,"date":"2018-12-13T16:34:26","date_gmt":"2018-12-13T15:34:26","guid":{"rendered":"https:\/\/www.bagnoitalia.com\/product\/receveur-de-douche-en-marbre-et-resine-de-3-cm-avec-siphon-disponible-en-6-couleurs-egalement-sur-mesure-927-1106"},"modified":"2018-12-13T16:34:26","modified_gmt":"2018-12-13T15:34:26","slug":"receveur-de-douche-en-marbre-et-resine-de-3-cm-avec-siphon-disponible-en-6-couleurs-egalement-sur-mesure-927-1106","status":"publish","type":"product","link":"https:\/\/www.bagnoitalia.com\/fr\/produit\/receveur-de-douche-en-marbre-et-resine-de-3-cm-avec-siphon-disponible-en-6-couleurs-egalement-sur-mesure-927-1106.html","title":{"rendered":"Receveur de douche en r\u00e9sine de marbre, disponible sur mesure, en plusieurs couleurs, conduit de vidange inclus PA04"},"content":{"rendered":"<p>Receveur de douche en r\u00e9sine de&nbsp;marbre disponible dans les couleurs: blanc, cr\u00e8me, gris clair, anthracite, noir, chocolat, caf\u00e9 et sable.<\/p>\n<p>La grille est incluse dans le prix et est fourni dans la m\u00eame couleur que le recevoir.<\/p>\n<p>Les receveurs en marbre r\u00e9sine se distinguent des receveurs communs pour plusieurs raisons:<\/p>\n<p>&#8211; Ils peuvent \u00eatre <strong>coup\u00e9s<\/strong>, donc ils peuvent \u00eatre fabriqu\u00e9s <strong>sur mesure<\/strong>: Op\u00e9ration effettu\u00e9e&nbsp;<strong>gratuitement<\/strong>.<\/p>\n<p>&#8211; La surface a un effet de pierre qui les rend <strong>antid\u00e9rapants<\/strong> et donc plus s\u00fbrs<\/p>\n<p>&#8211; Ils sont <strong>anti-rayures<\/strong> (comme la p\u00e2te est de la m\u00eame couleur que la surface)<\/p>\n<p>&#8211; <strong>Finission sur<\/strong>&nbsp;tous les c\u00f4t\u00e9s<\/p>\n<p><strong>Caract\u00e9ristiques techniques:<\/strong><\/p>\n<ul>\n<li>Receveur de douche fabriqu\u00e9 en <strong>marbre r\u00e9sine.<\/strong><\/li>\n<li>\u00c9paisseur du receveur:&nbsp;<strong>3,2 cm (ultrafin)<\/strong><\/li>\n<li><strong>Grille laterale de la m\u00eame couleur que le recevoir <\/strong><\/li>\n<li>Il peut \u00eatre r\u00e9duit en place avec un disque de diamant<\/li>\n<li>Ils ont une l\u00e9g\u00e8re pente pour faciliter le drainage de l&rsquo;eau.<\/li>\n<li>Rapide et facile \u00e0 nettoyer&nbsp;<\/li>\n<\/ul>\n<p><strong>Il est possible d&rsquo;installer le receveur de douche \u00e0 la fois sur le sol et encastr\u00e9 au ras du sol (voir la photo ci-dessous)<\/strong><\/p>\n<p><img fetchpriority=\"high\" decoding=\"async\" class=\" size-full wp-image-41343\" src=\"https:\/\/img.bagnoitalia.com\/wp-content\/uploads\/Piatto-doccia-in-mineralmarmo-ultra-slim-canalina-di-scarico-laterale-filo-pavimento-CREMA.jpg\" alt=\"Piatto doccia in mineralmarmo ultra slim canalina di scarico laterale filo pavimento CREMA\" width=\"550\" height=\"413\" srcset=\"https:\/\/img.bagnoitalia.com\/wp-content\/uploads\/Piatto-doccia-in-mineralmarmo-ultra-slim-canalina-di-scarico-laterale-filo-pavimento-CREMA.jpg 550w, https:\/\/img.bagnoitalia.com\/wp-content\/uploads\/Piatto-doccia-in-mineralmarmo-ultra-slim-canalina-di-scarico-laterale-filo-pavimento-CREMA-441x331.jpg 441w, https:\/\/img.bagnoitalia.com\/wp-content\/uploads\/Piatto-doccia-in-mineralmarmo-ultra-slim-canalina-di-scarico-laterale-filo-pavimento-CREMA-150x113.jpg 150w\" sizes=\"(max-width: 550px) 100vw, 550px\" \/><\/p>\n","protected":false},"excerpt":{"rendered":"<p>Le receveur de douche  fabriqu\u00e9 en r\u00e9sine de marbre et est disponible en plusieurs dimensions, \u00e9galement sur mesure. La grille de la m\u00eame couleur que le receveur est incluse dans le prix.<\/p>\n","protected":false},"featured_media":41294,"comment_status":"open","ping_status":"closed","template":"","meta":[],"product_brand":[9879],"product_cat":[15],"product_tag":[],"class_list":{"0":"post-81114","1":"product","2":"type-product","3":"status-publish","4":"has-post-thumbnail","6":"product_brand-vari-produttori-fr","7":"product_cat-senza-categoria","9":"first","10":"outofstock","11":"taxable","12":"shipping-taxable","13":"purchasable","14":"product-type-simple"},"exclude_global_add_ons":false,"addons":[{"name":"CAMPI_DIMENSIONI\r\n","type":"select","position":0,"required":true,"title_format":"label","default":"","description_enable":false,"description":"","placeholder_enable":false,"placeholder":"","display":"select","restrictions_type":"any_text","adjust_price":false,"price":"","price_type":"","restrictions":false,"min":"0","max":"0","options":[]},{"name":"CAMPI_COLORE\r\n","type":"select","position":0,"required":true,"title_format":"label","default":"","description_enable":false,"description":"","placeholder_enable":false,"placeholder":"","display":"select","restrictions_type":"any_text","adjust_price":false,"price":"","price_type":"","restrictions":false,"min":"0","max":"0","options":[]}],"yoast_head":"<!-- This site is optimized with the Yoast SEO plugin v26.7 - https:\/\/yoast.com\/wordpress\/plugins\/seo\/ -->\n<title>Receveur de douche en r\u00e9sine de marbre, disponible sur mesure, en plusieurs couleurs, conduit de vidange inclus PA04<\/title>\n<meta name=\"description\" content=\"Le receveur de douche est fait de r\u00e9sine de marbre qui cr\u00e9e un relief, rendant la surface antid\u00e9rapante disponible en blanc, beige, anthracite, chrome, chocolat, taupe. Fabriqu\u00e9 en diff\u00e9rentes tailles.\" \/>\n<meta name=\"robots\" content=\"index, follow, max-snippet:-1, max-image-preview:large, max-video-preview:-1\" \/>\n<link rel=\"canonical\" href=\"https:\/\/www.bagnoitalia.com\/fr\/produit\/receveur-de-douche-en-marbre-et-resine-de-3-cm-avec-siphon-disponible-en-6-couleurs-egalement-sur-mesure-927-1106.html\" \/>\n<meta property=\"og:locale\" content=\"fr_FR\" \/>\n<meta property=\"og:type\" content=\"article\" \/>\n<meta property=\"og:title\" content=\"Receveur de douche en r\u00e9sine de marbre, disponible sur mesure, en plusieurs couleurs, conduit de vidange inclus PA04\" \/>\n<meta property=\"og:description\" content=\"Le receveur de douche est fait de r\u00e9sine de marbre qui cr\u00e9e un relief, rendant la surface antid\u00e9rapante disponible en blanc, beige, anthracite, chrome, chocolat, taupe. Fabriqu\u00e9 en diff\u00e9rentes tailles.\" \/>\n<meta property=\"og:url\" content=\"https:\/\/www.bagnoitalia.com\/fr\/produit\/receveur-de-douche-en-marbre-et-resine-de-3-cm-avec-siphon-disponible-en-6-couleurs-egalement-sur-mesure-927-1106.html\" \/>\n<meta property=\"og:site_name\" content=\"Bagno Italia\" \/>\n<meta property=\"og:image\" content=\"https:\/\/img.bagnoitalia.com\/wp-content\/uploads\/virtuemart\/product\/marble-resin-shower-tray-with-drenage-channel-in-8-colors-16541_1544719651_646.jpg\" \/>\n\t<meta property=\"og:image:width\" content=\"550\" \/>\n\t<meta property=\"og:image:height\" content=\"550\" \/>\n\t<meta property=\"og:image:type\" content=\"image\/jpeg\" \/>\n<meta name=\"twitter:card\" content=\"summary_large_image\" \/>\n<meta name=\"twitter:label1\" content=\"Dur\u00e9e de lecture estim\u00e9e\" \/>\n\t<meta name=\"twitter:data1\" content=\"1 minute\" \/>\n<script type=\"application\/ld+json\" class=\"yoast-schema-graph\">{\"@context\":\"https:\/\/schema.org\",\"@graph\":[{\"@type\":\"WebPage\",\"@id\":\"https:\/\/www.bagnoitalia.com\/fr\/produit\/receveur-de-douche-en-marbre-et-resine-de-3-cm-avec-siphon-disponible-en-6-couleurs-egalement-sur-mesure-927-1106.html\",\"url\":\"https:\/\/www.bagnoitalia.com\/fr\/produit\/receveur-de-douche-en-marbre-et-resine-de-3-cm-avec-siphon-disponible-en-6-couleurs-egalement-sur-mesure-927-1106.html\",\"name\":\"Receveur de douche en r\u00e9sine de marbre, disponible sur mesure, en plusieurs couleurs, conduit de vidange inclus PA04\",\"isPartOf\":{\"@id\":\"https:\/\/www.bagnoitalia.com\/fr#website\"},\"primaryImageOfPage\":{\"@id\":\"https:\/\/www.bagnoitalia.com\/fr\/produit\/receveur-de-douche-en-marbre-et-resine-de-3-cm-avec-siphon-disponible-en-6-couleurs-egalement-sur-mesure-927-1106.html#primaryimage\"},\"image\":{\"@id\":\"https:\/\/www.bagnoitalia.com\/fr\/produit\/receveur-de-douche-en-marbre-et-resine-de-3-cm-avec-siphon-disponible-en-6-couleurs-egalement-sur-mesure-927-1106.html#primaryimage\"},\"thumbnailUrl\":\"https:\/\/img.bagnoitalia.com\/wp-content\/uploads\/virtuemart\/product\/marble-resin-shower-tray-with-drenage-channel-in-8-colors-16541_1544719651_646.jpg\",\"datePublished\":\"2018-12-13T15:34:26+00:00\",\"description\":\"Le receveur de douche est fait de r\u00e9sine de marbre qui cr\u00e9e un relief, rendant la surface antid\u00e9rapante disponible en blanc, beige, anthracite, chrome, chocolat, taupe. Fabriqu\u00e9 en diff\u00e9rentes tailles.\",\"breadcrumb\":{\"@id\":\"https:\/\/www.bagnoitalia.com\/fr\/produit\/receveur-de-douche-en-marbre-et-resine-de-3-cm-avec-siphon-disponible-en-6-couleurs-egalement-sur-mesure-927-1106.html#breadcrumb\"},\"inLanguage\":\"fr-FR\",\"potentialAction\":[{\"@type\":\"ReadAction\",\"target\":[\"https:\/\/www.bagnoitalia.com\/fr\/produit\/receveur-de-douche-en-marbre-et-resine-de-3-cm-avec-siphon-disponible-en-6-couleurs-egalement-sur-mesure-927-1106.html\"]}]},{\"@type\":\"ImageObject\",\"inLanguage\":\"fr-FR\",\"@id\":\"https:\/\/www.bagnoitalia.com\/fr\/produit\/receveur-de-douche-en-marbre-et-resine-de-3-cm-avec-siphon-disponible-en-6-couleurs-egalement-sur-mesure-927-1106.html#primaryimage\",\"url\":\"https:\/\/img.bagnoitalia.com\/wp-content\/uploads\/virtuemart\/product\/marble-resin-shower-tray-with-drenage-channel-in-8-colors-16541_1544719651_646.jpg\",\"contentUrl\":\"https:\/\/img.bagnoitalia.com\/wp-content\/uploads\/virtuemart\/product\/marble-resin-shower-tray-with-drenage-channel-in-8-colors-16541_1544719651_646.jpg\",\"width\":550,\"height\":550},{\"@type\":\"BreadcrumbList\",\"@id\":\"https:\/\/www.bagnoitalia.com\/fr\/produit\/receveur-de-douche-en-marbre-et-resine-de-3-cm-avec-siphon-disponible-en-6-couleurs-egalement-sur-mesure-927-1106.html#breadcrumb\",\"itemListElement\":[{\"@type\":\"ListItem\",\"position\":1,\"name\":\"Home\",\"item\":\"https:\/\/www.bagnoitalia.com\/fr\"},{\"@type\":\"ListItem\",\"position\":2,\"name\":\"Produits\",\"item\":\"https:\/\/www.bagnoitalia.com\/fr\/shop\"},{\"@type\":\"ListItem\",\"position\":3,\"name\":\"Receveur de douche en r\u00e9sine de marbre, disponible sur mesure, en plusieurs couleurs, conduit de vidange inclus PA04\"}]},{\"@type\":\"WebSite\",\"@id\":\"https:\/\/www.bagnoitalia.com\/fr#website\",\"url\":\"https:\/\/www.bagnoitalia.com\/fr\",\"name\":\"Bagno Italia\",\"description\":\"\",\"publisher\":{\"@id\":\"https:\/\/www.bagnoitalia.com\/fr#organization\"},\"potentialAction\":[{\"@type\":\"SearchAction\",\"target\":{\"@type\":\"EntryPoint\",\"urlTemplate\":\"https:\/\/www.bagnoitalia.com\/fr?s={search_term_string}\"},\"query-input\":{\"@type\":\"PropertyValueSpecification\",\"valueRequired\":true,\"valueName\":\"search_term_string\"}}],\"inLanguage\":\"fr-FR\"},{\"@type\":\"Organization\",\"@id\":\"https:\/\/www.bagnoitalia.com\/fr#organization\",\"name\":\"Bagno Italia\",\"url\":\"https:\/\/www.bagnoitalia.com\/fr\",\"logo\":{\"@type\":\"ImageObject\",\"inLanguage\":\"fr-FR\",\"@id\":\"https:\/\/www.bagnoitalia.com\/fr#\/schema\/logo\/image\/\",\"url\":\"https:\/\/img.bagnoitalia.com\/wp-content\/uploads\/logo-bagnoitalia.webp\",\"contentUrl\":\"https:\/\/img.bagnoitalia.com\/wp-content\/uploads\/logo-bagnoitalia.webp\",\"width\":400,\"height\":70,\"caption\":\"Bagno Italia\"},\"image\":{\"@id\":\"https:\/\/www.bagnoitalia.com\/fr#\/schema\/logo\/image\/\"}}]}<\/script>\n<!-- \/ Yoast SEO plugin. -->","yoast_head_json":{"title":"Receveur de douche en r\u00e9sine de marbre, disponible sur mesure, en plusieurs couleurs, conduit de vidange inclus PA04","description":"Le receveur de douche est fait de r\u00e9sine de marbre qui cr\u00e9e un relief, rendant la surface antid\u00e9rapante disponible en blanc, beige, anthracite, chrome, chocolat, taupe. Fabriqu\u00e9 en diff\u00e9rentes tailles.","robots":{"index":"index","follow":"follow","max-snippet":"max-snippet:-1","max-image-preview":"max-image-preview:large","max-video-preview":"max-video-preview:-1"},"canonical":"https:\/\/www.bagnoitalia.com\/fr\/produit\/receveur-de-douche-en-marbre-et-resine-de-3-cm-avec-siphon-disponible-en-6-couleurs-egalement-sur-mesure-927-1106.html","og_locale":"fr_FR","og_type":"article","og_title":"Receveur de douche en r\u00e9sine de marbre, disponible sur mesure, en plusieurs couleurs, conduit de vidange inclus PA04","og_description":"Le receveur de douche est fait de r\u00e9sine de marbre qui cr\u00e9e un relief, rendant la surface antid\u00e9rapante disponible en blanc, beige, anthracite, chrome, chocolat, taupe. Fabriqu\u00e9 en diff\u00e9rentes tailles.","og_url":"https:\/\/www.bagnoitalia.com\/fr\/produit\/receveur-de-douche-en-marbre-et-resine-de-3-cm-avec-siphon-disponible-en-6-couleurs-egalement-sur-mesure-927-1106.html","og_site_name":"Bagno Italia","og_image":[{"width":550,"height":550,"url":"https:\/\/img.bagnoitalia.com\/wp-content\/uploads\/virtuemart\/product\/marble-resin-shower-tray-with-drenage-channel-in-8-colors-16541_1544719651_646.jpg","type":"image\/jpeg"}],"twitter_card":"summary_large_image","twitter_misc":{"Dur\u00e9e de lecture estim\u00e9e":"1 minute"},"schema":{"@context":"https:\/\/schema.org","@graph":[{"@type":"WebPage","@id":"https:\/\/www.bagnoitalia.com\/fr\/produit\/receveur-de-douche-en-marbre-et-resine-de-3-cm-avec-siphon-disponible-en-6-couleurs-egalement-sur-mesure-927-1106.html","url":"https:\/\/www.bagnoitalia.com\/fr\/produit\/receveur-de-douche-en-marbre-et-resine-de-3-cm-avec-siphon-disponible-en-6-couleurs-egalement-sur-mesure-927-1106.html","name":"Receveur de douche en r\u00e9sine de marbre, disponible sur mesure, en plusieurs couleurs, conduit de vidange inclus PA04","isPartOf":{"@id":"https:\/\/www.bagnoitalia.com\/fr#website"},"primaryImageOfPage":{"@id":"https:\/\/www.bagnoitalia.com\/fr\/produit\/receveur-de-douche-en-marbre-et-resine-de-3-cm-avec-siphon-disponible-en-6-couleurs-egalement-sur-mesure-927-1106.html#primaryimage"},"image":{"@id":"https:\/\/www.bagnoitalia.com\/fr\/produit\/receveur-de-douche-en-marbre-et-resine-de-3-cm-avec-siphon-disponible-en-6-couleurs-egalement-sur-mesure-927-1106.html#primaryimage"},"thumbnailUrl":"https:\/\/img.bagnoitalia.com\/wp-content\/uploads\/virtuemart\/product\/marble-resin-shower-tray-with-drenage-channel-in-8-colors-16541_1544719651_646.jpg","datePublished":"2018-12-13T15:34:26+00:00","description":"Le receveur de douche est fait de r\u00e9sine de marbre qui cr\u00e9e un relief, rendant la surface antid\u00e9rapante disponible en blanc, beige, anthracite, chrome, chocolat, taupe. Fabriqu\u00e9 en diff\u00e9rentes tailles.","breadcrumb":{"@id":"https:\/\/www.bagnoitalia.com\/fr\/produit\/receveur-de-douche-en-marbre-et-resine-de-3-cm-avec-siphon-disponible-en-6-couleurs-egalement-sur-mesure-927-1106.html#breadcrumb"},"inLanguage":"fr-FR","potentialAction":[{"@type":"ReadAction","target":["https:\/\/www.bagnoitalia.com\/fr\/produit\/receveur-de-douche-en-marbre-et-resine-de-3-cm-avec-siphon-disponible-en-6-couleurs-egalement-sur-mesure-927-1106.html"]}]},{"@type":"ImageObject","inLanguage":"fr-FR","@id":"https:\/\/www.bagnoitalia.com\/fr\/produit\/receveur-de-douche-en-marbre-et-resine-de-3-cm-avec-siphon-disponible-en-6-couleurs-egalement-sur-mesure-927-1106.html#primaryimage","url":"https:\/\/img.bagnoitalia.com\/wp-content\/uploads\/virtuemart\/product\/marble-resin-shower-tray-with-drenage-channel-in-8-colors-16541_1544719651_646.jpg","contentUrl":"https:\/\/img.bagnoitalia.com\/wp-content\/uploads\/virtuemart\/product\/marble-resin-shower-tray-with-drenage-channel-in-8-colors-16541_1544719651_646.jpg","width":550,"height":550},{"@type":"BreadcrumbList","@id":"https:\/\/www.bagnoitalia.com\/fr\/produit\/receveur-de-douche-en-marbre-et-resine-de-3-cm-avec-siphon-disponible-en-6-couleurs-egalement-sur-mesure-927-1106.html#breadcrumb","itemListElement":[{"@type":"ListItem","position":1,"name":"Home","item":"https:\/\/www.bagnoitalia.com\/fr"},{"@type":"ListItem","position":2,"name":"Produits","item":"https:\/\/www.bagnoitalia.com\/fr\/shop"},{"@type":"ListItem","position":3,"name":"Receveur de douche en r\u00e9sine de marbre, disponible sur mesure, en plusieurs couleurs, conduit de vidange inclus PA04"}]},{"@type":"WebSite","@id":"https:\/\/www.bagnoitalia.com\/fr#website","url":"https:\/\/www.bagnoitalia.com\/fr","name":"Bagno Italia","description":"","publisher":{"@id":"https:\/\/www.bagnoitalia.com\/fr#organization"},"potentialAction":[{"@type":"SearchAction","target":{"@type":"EntryPoint","urlTemplate":"https:\/\/www.bagnoitalia.com\/fr?s={search_term_string}"},"query-input":{"@type":"PropertyValueSpecification","valueRequired":true,"valueName":"search_term_string"}}],"inLanguage":"fr-FR"},{"@type":"Organization","@id":"https:\/\/www.bagnoitalia.com\/fr#organization","name":"Bagno Italia","url":"https:\/\/www.bagnoitalia.com\/fr","logo":{"@type":"ImageObject","inLanguage":"fr-FR","@id":"https:\/\/www.bagnoitalia.com\/fr#\/schema\/logo\/image\/","url":"https:\/\/img.bagnoitalia.com\/wp-content\/uploads\/logo-bagnoitalia.webp","contentUrl":"https:\/\/img.bagnoitalia.com\/wp-content\/uploads\/logo-bagnoitalia.webp","width":400,"height":70,"caption":"Bagno Italia"},"image":{"@id":"https:\/\/www.bagnoitalia.com\/fr#\/schema\/logo\/image\/"}}]}},"_links":{"self":[{"href":"https:\/\/www.bagnoitalia.com\/fr\/wp-json\/wp\/v2\/product\/81114","targetHints":{"allow":["GET"]}}],"collection":[{"href":"https:\/\/www.bagnoitalia.com\/fr\/wp-json\/wp\/v2\/product"}],"about":[{"href":"https:\/\/www.bagnoitalia.com\/fr\/wp-json\/wp\/v2\/types\/product"}],"replies":[{"embeddable":true,"href":"https:\/\/www.bagnoitalia.com\/fr\/wp-json\/wp\/v2\/comments?post=81114"}],"version-history":[{"count":0,"href":"https:\/\/www.bagnoitalia.com\/fr\/wp-json\/wp\/v2\/product\/81114\/revisions"}],"wp:featuredmedia":[{"embeddable":true,"href":"https:\/\/www.bagnoitalia.com\/fr\/wp-json\/wp\/v2\/media\/41294"}],"wp:attachment":[{"href":"https:\/\/www.bagnoitalia.com\/fr\/wp-json\/wp\/v2\/media?parent=81114"}],"wp:term":[{"taxonomy":"product_brand","embeddable":true,"href":"https:\/\/www.bagnoitalia.com\/fr\/wp-json\/wp\/v2\/product_brand?post=81114"},{"taxonomy":"product_cat","embeddable":true,"href":"https:\/\/www.bagnoitalia.com\/fr\/wp-json\/wp\/v2\/product_cat?post=81114"},{"taxonomy":"product_tag","embeddable":true,"href":"https:\/\/www.bagnoitalia.com\/fr\/wp-json\/wp\/v2\/product_tag?post=81114"}],"curies":[{"name":"wp","href":"https:\/\/api.w.org\/{rel}","templated":true}]}}