{"id":81102,"date":"2018-12-13T10:19:20","date_gmt":"2018-12-13T09:19:20","guid":{"rendered":"https:\/\/www.bagnoitalia.com\/product\/sanitaire-couvercle-ceramique-moderne-suspendu-sans-rebord-982"},"modified":"2018-12-13T10:19:20","modified_gmt":"2018-12-13T09:19:20","slug":"sanitaire-couvercle-ceramique-moderne-suspendu-sans-rebord-982","status":"publish","type":"product","link":"https:\/\/www.bagnoitalia.com\/fr\/produit\/sanitaire-couvercle-ceramique-moderne-suspendu-sans-rebord-982.html","title":{"rendered":"Sanitaires Luna WC et bidet \u00e0 poser au sol, sans bride avec abattant de toilette inclus"},"content":{"rendered":"<p>SANITAIRE LUNA EN C\u00c9RAMIQUE SANS BRIDE RIMLESS<\/p>\n<p>Le prix comprend:<\/p>\n<p>&nbsp;&#8211; WC: 36x55x H40 cm<\/p>\n<p>&nbsp;&#8211; Bidet: 36x55x H40 cm trop plein inclus<\/p>\n<p>&nbsp;&#8211;&nbsp;Abattant de toilette en thermodurcissable<\/p>\n<p>&nbsp;<\/p>\n<p>&nbsp;L\u2019\u00e9coulement est au mur ,mais en ajoutant un coude il est possible de l\u2019avoir au sol.<\/p>\n<p>Syst\u00e8me de lavage moderne pour une meilleure hygi\u00e8ne: l&rsquo;eau coule de droite \u00e0 gauche, atteignant ainsi tous les coins du WC.<\/p>\n<p>Mitigeur non inclus dans le prix.<\/p>\n","protected":false},"excerpt":{"rendered":"<p>Sanitaires modernes avec syst\u00e8me de lavage innovant. Drain au mur ou au sol, sans bride Rimless. Abattant de toilette en thermodurcissables inclus.<\/p>\n","protected":false},"featured_media":41150,"comment_status":"open","ping_status":"closed","template":"","meta":[],"product_brand":[5006],"product_cat":[9695],"product_tag":[],"class_list":{"0":"post-81102","1":"product","2":"type-product","3":"status-publish","4":"has-post-thumbnail","6":"product_brand-deghi","7":"product_cat-salle-de-bain-sanitaire","9":"first","10":"instock","11":"sale","12":"taxable","13":"shipping-taxable","14":"purchasable","15":"product-type-simple"},"exclude_global_add_ons":[],"addons":[],"yoast_head":"<!-- This site is optimized with the Yoast SEO plugin v26.7 - https:\/\/yoast.com\/wordpress\/plugins\/seo\/ -->\n<title>Sanitaires Luna WC et bidet \u00e0 poser au sol, sans bride avec abattant de toilette inclus<\/title>\n<meta name=\"robots\" content=\"index, follow, max-snippet:-1, max-image-preview:large, max-video-preview:-1\" \/>\n<link rel=\"canonical\" href=\"https:\/\/www.bagnoitalia.com\/fr\/produit\/sanitaire-couvercle-ceramique-moderne-suspendu-sans-rebord-982.html\" \/>\n<meta property=\"og:locale\" content=\"fr_FR\" \/>\n<meta property=\"og:type\" content=\"article\" \/>\n<meta property=\"og:title\" content=\"Sanitaires Luna WC et bidet \u00e0 poser au sol, sans bride avec abattant de toilette inclus\" \/>\n<meta property=\"og:description\" content=\"Sanitaires modernes avec syst\u00e8me de lavage innovant. Drain au mur ou au sol, sans bride Rimless. Abattant de toilette en thermodurcissables inclus.\" \/>\n<meta property=\"og:url\" content=\"https:\/\/www.bagnoitalia.com\/fr\/produit\/sanitaire-couvercle-ceramique-moderne-suspendu-sans-rebord-982.html\" \/>\n<meta property=\"og:site_name\" content=\"Bagno Italia\" \/>\n<meta property=\"og:image\" content=\"https:\/\/img.bagnoitalia.com\/wp-content\/uploads\/virtuemart\/product\/luna-floor-mounted-sanitary-articles-without-border-156_1544697516_5742.jpg\" \/>\n\t<meta property=\"og:image:width\" content=\"375\" \/>\n\t<meta property=\"og:image:height\" content=\"376\" \/>\n\t<meta property=\"og:image:type\" content=\"image\/jpeg\" \/>\n<meta name=\"twitter:card\" content=\"summary_large_image\" \/>\n<script type=\"application\/ld+json\" class=\"yoast-schema-graph\">{\"@context\":\"https:\/\/schema.org\",\"@graph\":[{\"@type\":\"WebPage\",\"@id\":\"https:\/\/www.bagnoitalia.com\/fr\/produit\/sanitaire-couvercle-ceramique-moderne-suspendu-sans-rebord-982.html\",\"url\":\"https:\/\/www.bagnoitalia.com\/fr\/produit\/sanitaire-couvercle-ceramique-moderne-suspendu-sans-rebord-982.html\",\"name\":\"Sanitaires Luna WC et bidet \u00e0 poser au sol, sans bride avec abattant de toilette inclus\",\"isPartOf\":{\"@id\":\"https:\/\/www.bagnoitalia.com\/fr#website\"},\"primaryImageOfPage\":{\"@id\":\"https:\/\/www.bagnoitalia.com\/fr\/produit\/sanitaire-couvercle-ceramique-moderne-suspendu-sans-rebord-982.html#primaryimage\"},\"image\":{\"@id\":\"https:\/\/www.bagnoitalia.com\/fr\/produit\/sanitaire-couvercle-ceramique-moderne-suspendu-sans-rebord-982.html#primaryimage\"},\"thumbnailUrl\":\"https:\/\/img.bagnoitalia.com\/wp-content\/uploads\/virtuemart\/product\/luna-floor-mounted-sanitary-articles-without-border-156_1544697516_5742.jpg\",\"datePublished\":\"2018-12-13T09:19:20+00:00\",\"breadcrumb\":{\"@id\":\"https:\/\/www.bagnoitalia.com\/fr\/produit\/sanitaire-couvercle-ceramique-moderne-suspendu-sans-rebord-982.html#breadcrumb\"},\"inLanguage\":\"fr-FR\",\"potentialAction\":[{\"@type\":\"ReadAction\",\"target\":[\"https:\/\/www.bagnoitalia.com\/fr\/produit\/sanitaire-couvercle-ceramique-moderne-suspendu-sans-rebord-982.html\"]}]},{\"@type\":\"ImageObject\",\"inLanguage\":\"fr-FR\",\"@id\":\"https:\/\/www.bagnoitalia.com\/fr\/produit\/sanitaire-couvercle-ceramique-moderne-suspendu-sans-rebord-982.html#primaryimage\",\"url\":\"https:\/\/img.bagnoitalia.com\/wp-content\/uploads\/virtuemart\/product\/luna-floor-mounted-sanitary-articles-without-border-156_1544697516_5742.jpg\",\"contentUrl\":\"https:\/\/img.bagnoitalia.com\/wp-content\/uploads\/virtuemart\/product\/luna-floor-mounted-sanitary-articles-without-border-156_1544697516_5742.jpg\",\"width\":375,\"height\":376},{\"@type\":\"BreadcrumbList\",\"@id\":\"https:\/\/www.bagnoitalia.com\/fr\/produit\/sanitaire-couvercle-ceramique-moderne-suspendu-sans-rebord-982.html#breadcrumb\",\"itemListElement\":[{\"@type\":\"ListItem\",\"position\":1,\"name\":\"Home\",\"item\":\"https:\/\/www.bagnoitalia.com\/fr\"},{\"@type\":\"ListItem\",\"position\":2,\"name\":\"Produits\",\"item\":\"https:\/\/www.bagnoitalia.com\/fr\/shop\"},{\"@type\":\"ListItem\",\"position\":3,\"name\":\"Sanitaires Luna WC et bidet \u00e0 poser au sol, sans bride avec abattant de toilette inclus\"}]},{\"@type\":\"WebSite\",\"@id\":\"https:\/\/www.bagnoitalia.com\/fr#website\",\"url\":\"https:\/\/www.bagnoitalia.com\/fr\",\"name\":\"Bagno Italia\",\"description\":\"\",\"publisher\":{\"@id\":\"https:\/\/www.bagnoitalia.com\/fr#organization\"},\"potentialAction\":[{\"@type\":\"SearchAction\",\"target\":{\"@type\":\"EntryPoint\",\"urlTemplate\":\"https:\/\/www.bagnoitalia.com\/fr?s={search_term_string}\"},\"query-input\":{\"@type\":\"PropertyValueSpecification\",\"valueRequired\":true,\"valueName\":\"search_term_string\"}}],\"inLanguage\":\"fr-FR\"},{\"@type\":\"Organization\",\"@id\":\"https:\/\/www.bagnoitalia.com\/fr#organization\",\"name\":\"Bagno Italia\",\"url\":\"https:\/\/www.bagnoitalia.com\/fr\",\"logo\":{\"@type\":\"ImageObject\",\"inLanguage\":\"fr-FR\",\"@id\":\"https:\/\/www.bagnoitalia.com\/fr#\/schema\/logo\/image\/\",\"url\":\"https:\/\/img.bagnoitalia.com\/wp-content\/uploads\/logo-bagnoitalia.webp\",\"contentUrl\":\"https:\/\/img.bagnoitalia.com\/wp-content\/uploads\/logo-bagnoitalia.webp\",\"width\":400,\"height\":70,\"caption\":\"Bagno Italia\"},\"image\":{\"@id\":\"https:\/\/www.bagnoitalia.com\/fr#\/schema\/logo\/image\/\"}}]}<\/script>\n<!-- \/ Yoast SEO plugin. -->","yoast_head_json":{"title":"Sanitaires Luna WC et bidet \u00e0 poser au sol, sans bride avec abattant de toilette inclus","robots":{"index":"index","follow":"follow","max-snippet":"max-snippet:-1","max-image-preview":"max-image-preview:large","max-video-preview":"max-video-preview:-1"},"canonical":"https:\/\/www.bagnoitalia.com\/fr\/produit\/sanitaire-couvercle-ceramique-moderne-suspendu-sans-rebord-982.html","og_locale":"fr_FR","og_type":"article","og_title":"Sanitaires Luna WC et bidet \u00e0 poser au sol, sans bride avec abattant de toilette inclus","og_description":"Sanitaires modernes avec syst\u00e8me de lavage innovant. Drain au mur ou au sol, sans bride Rimless. Abattant de toilette en thermodurcissables inclus.","og_url":"https:\/\/www.bagnoitalia.com\/fr\/produit\/sanitaire-couvercle-ceramique-moderne-suspendu-sans-rebord-982.html","og_site_name":"Bagno Italia","og_image":[{"width":375,"height":376,"url":"https:\/\/img.bagnoitalia.com\/wp-content\/uploads\/virtuemart\/product\/luna-floor-mounted-sanitary-articles-without-border-156_1544697516_5742.jpg","type":"image\/jpeg"}],"twitter_card":"summary_large_image","schema":{"@context":"https:\/\/schema.org","@graph":[{"@type":"WebPage","@id":"https:\/\/www.bagnoitalia.com\/fr\/produit\/sanitaire-couvercle-ceramique-moderne-suspendu-sans-rebord-982.html","url":"https:\/\/www.bagnoitalia.com\/fr\/produit\/sanitaire-couvercle-ceramique-moderne-suspendu-sans-rebord-982.html","name":"Sanitaires Luna WC et bidet \u00e0 poser au sol, sans bride avec abattant de toilette inclus","isPartOf":{"@id":"https:\/\/www.bagnoitalia.com\/fr#website"},"primaryImageOfPage":{"@id":"https:\/\/www.bagnoitalia.com\/fr\/produit\/sanitaire-couvercle-ceramique-moderne-suspendu-sans-rebord-982.html#primaryimage"},"image":{"@id":"https:\/\/www.bagnoitalia.com\/fr\/produit\/sanitaire-couvercle-ceramique-moderne-suspendu-sans-rebord-982.html#primaryimage"},"thumbnailUrl":"https:\/\/img.bagnoitalia.com\/wp-content\/uploads\/virtuemart\/product\/luna-floor-mounted-sanitary-articles-without-border-156_1544697516_5742.jpg","datePublished":"2018-12-13T09:19:20+00:00","breadcrumb":{"@id":"https:\/\/www.bagnoitalia.com\/fr\/produit\/sanitaire-couvercle-ceramique-moderne-suspendu-sans-rebord-982.html#breadcrumb"},"inLanguage":"fr-FR","potentialAction":[{"@type":"ReadAction","target":["https:\/\/www.bagnoitalia.com\/fr\/produit\/sanitaire-couvercle-ceramique-moderne-suspendu-sans-rebord-982.html"]}]},{"@type":"ImageObject","inLanguage":"fr-FR","@id":"https:\/\/www.bagnoitalia.com\/fr\/produit\/sanitaire-couvercle-ceramique-moderne-suspendu-sans-rebord-982.html#primaryimage","url":"https:\/\/img.bagnoitalia.com\/wp-content\/uploads\/virtuemart\/product\/luna-floor-mounted-sanitary-articles-without-border-156_1544697516_5742.jpg","contentUrl":"https:\/\/img.bagnoitalia.com\/wp-content\/uploads\/virtuemart\/product\/luna-floor-mounted-sanitary-articles-without-border-156_1544697516_5742.jpg","width":375,"height":376},{"@type":"BreadcrumbList","@id":"https:\/\/www.bagnoitalia.com\/fr\/produit\/sanitaire-couvercle-ceramique-moderne-suspendu-sans-rebord-982.html#breadcrumb","itemListElement":[{"@type":"ListItem","position":1,"name":"Home","item":"https:\/\/www.bagnoitalia.com\/fr"},{"@type":"ListItem","position":2,"name":"Produits","item":"https:\/\/www.bagnoitalia.com\/fr\/shop"},{"@type":"ListItem","position":3,"name":"Sanitaires Luna WC et bidet \u00e0 poser au sol, sans bride avec abattant de toilette inclus"}]},{"@type":"WebSite","@id":"https:\/\/www.bagnoitalia.com\/fr#website","url":"https:\/\/www.bagnoitalia.com\/fr","name":"Bagno Italia","description":"","publisher":{"@id":"https:\/\/www.bagnoitalia.com\/fr#organization"},"potentialAction":[{"@type":"SearchAction","target":{"@type":"EntryPoint","urlTemplate":"https:\/\/www.bagnoitalia.com\/fr?s={search_term_string}"},"query-input":{"@type":"PropertyValueSpecification","valueRequired":true,"valueName":"search_term_string"}}],"inLanguage":"fr-FR"},{"@type":"Organization","@id":"https:\/\/www.bagnoitalia.com\/fr#organization","name":"Bagno Italia","url":"https:\/\/www.bagnoitalia.com\/fr","logo":{"@type":"ImageObject","inLanguage":"fr-FR","@id":"https:\/\/www.bagnoitalia.com\/fr#\/schema\/logo\/image\/","url":"https:\/\/img.bagnoitalia.com\/wp-content\/uploads\/logo-bagnoitalia.webp","contentUrl":"https:\/\/img.bagnoitalia.com\/wp-content\/uploads\/logo-bagnoitalia.webp","width":400,"height":70,"caption":"Bagno Italia"},"image":{"@id":"https:\/\/www.bagnoitalia.com\/fr#\/schema\/logo\/image\/"}}]}},"_links":{"self":[{"href":"https:\/\/www.bagnoitalia.com\/fr\/wp-json\/wp\/v2\/product\/81102","targetHints":{"allow":["GET"]}}],"collection":[{"href":"https:\/\/www.bagnoitalia.com\/fr\/wp-json\/wp\/v2\/product"}],"about":[{"href":"https:\/\/www.bagnoitalia.com\/fr\/wp-json\/wp\/v2\/types\/product"}],"replies":[{"embeddable":true,"href":"https:\/\/www.bagnoitalia.com\/fr\/wp-json\/wp\/v2\/comments?post=81102"}],"version-history":[{"count":0,"href":"https:\/\/www.bagnoitalia.com\/fr\/wp-json\/wp\/v2\/product\/81102\/revisions"}],"wp:featuredmedia":[{"embeddable":true,"href":"https:\/\/www.bagnoitalia.com\/fr\/wp-json\/wp\/v2\/media\/41150"}],"wp:attachment":[{"href":"https:\/\/www.bagnoitalia.com\/fr\/wp-json\/wp\/v2\/media?parent=81102"}],"wp:term":[{"taxonomy":"product_brand","embeddable":true,"href":"https:\/\/www.bagnoitalia.com\/fr\/wp-json\/wp\/v2\/product_brand?post=81102"},{"taxonomy":"product_cat","embeddable":true,"href":"https:\/\/www.bagnoitalia.com\/fr\/wp-json\/wp\/v2\/product_cat?post=81102"},{"taxonomy":"product_tag","embeddable":true,"href":"https:\/\/www.bagnoitalia.com\/fr\/wp-json\/wp\/v2\/product_tag?post=81102"}],"curies":[{"name":"wp","href":"https:\/\/api.w.org\/{rel}","templated":true}]}}