{"id":81054,"date":"2018-04-05T08:33:58","date_gmt":"2018-04-05T06:33:58","guid":{"rendered":"https:\/\/www.bagnoitalia.com\/product\/bain-a-remous-d-39-angle-150x150-20-jets-d-39-ozonotherapie-et-de-chromotherapie-noir-vs083"},"modified":"2024-05-22T11:49:09","modified_gmt":"2024-05-22T09:49:09","slug":"bain-a-remous-d-39-angle-150x150-20-jets-d-39-ozonotherapie-et-de-chromotherapie-noir-vs083","status":"publish","type":"product","link":"https:\/\/www.bagnoitalia.com\/fr\/produit\/bain-a-remous-d-39-angle-150x150-20-jets-d-39-ozonotherapie-et-de-chromotherapie-noir-vs083.html","title":{"rendered":"Baignoire \u00e0 remous d&rsquo;angle 150&#215;150 20 jets, noire , ozonoth\u00e9rapie et chromoth\u00e9rapie VS083"},"content":{"rendered":"<p><span style=\"font-size: 18pt;\"><span style=\"color: #ff0000;\">BAIGNOIRE&nbsp;<\/span><span style=\"color: #ff0000;\">\u00c0 REMOUS&nbsp;<\/span><span style=\"color: #ff0000;\">ANGULAIRE 150X150 POUR DEUX PERSONNES<\/span><\/span><\/p>\n<\/p>\n<p><strong><span style=\"text-decoration: underline;\"><span style=\"font-size: 14pt; color: #000000; text-decoration: underline;\">Sp\u00e9cifications techniques:<\/span><\/span><\/strong> <\/p>\n<p> <span style=\"font-size: 12pt;\">Dimensions 150&#215;150 cm<\/span> <br \/> <span style=\"font-size: 12pt;\">Structure en acier avec baignoire en acrylique sanitaire noir de haute qualit\u00e9 et verre frontal<\/span> <br \/> <span style=\"font-size: 12pt;\">Robinets inclus<\/span> <br \/> <span style=\"font-size: 12pt;\">Chromoth\u00e9rapie \u00e0 7 LED<\/span> <br \/> <span style=\"font-size: 12pt;\">3 grands LED<\/span> <br \/><span style=\"font-size: 16px;\">Ozonoth\u00e9rapie<\/span>&nbsp;<br \/> <span style=\"font-size: 12pt;\">2 appuis-t\u00eate et un porte-serviettes<\/span> <br \/> <span style=\"font-size: 12pt;\">20 jets d\u2019hydromassage (12 jets \u00e0 eau et 8 jets \u00e0 air)<\/span> <br \/> <span style=\"font-size: 12pt;\">Disjoncteur automatique et 1 interrupteur<\/span> <br \/> <span style=\"font-size: 12pt;\">Panneau de commande et radio avec haut-parleurs<\/span> <br \/> <span style=\"font-size: 12pt;\">R\u00e9gulateur de pression d&rsquo;eau<\/span><\/p>\n<p><span style=\"font-size: 12pt;\"><\/span><span style=\"font-size: 12pt;\">Prise d&rsquo;eau, y compris cascade<\/span><\/p>\n<p><span style=\"font-size: 12pt;\">Pompe \u00e0 eau 1,5 HP, pompe \u00e0 air 0,25 HP<\/span> <br \/><span style=\"font-size: 12pt;\">Poids de la l\u2019ensemble: environ 100 kg<\/span><br \/><span style=\"font-size: 12pt;\"><\/span><\/p>\n","protected":false},"excerpt":{"rendered":"<p>Baignoire \u00e0 remous d&rsquo;angle 150&#215;150 20 jets, couleur noir, chromoth\u00e9rapie, ozonoth\u00e9rapie, radio et robinets inclus VS083<\/p>\n","protected":false},"featured_media":40702,"comment_status":"open","ping_status":"closed","template":"","meta":[],"product_brand":[9912],"product_cat":[9707,9743],"product_tag":[],"class_list":{"0":"post-81054","1":"product","2":"type-product","3":"status-publish","4":"has-post-thumbnail","6":"product_brand-simba-fr","7":"product_cat-baignoire-balneo","8":"product_cat-piscines-d-39-hydromassage","10":"first","11":"instock","12":"sale","13":"taxable","14":"shipping-taxable","15":"purchasable","16":"product-type-simple"},"exclude_global_add_ons":[],"addons":[],"yoast_head":"<!-- This site is optimized with the Yoast SEO plugin v26.7 - https:\/\/yoast.com\/wordpress\/plugins\/seo\/ -->\n<title>Baignoire \u00e0 remous d&#039;angle 150x150 20 jets, noire , ozonoth\u00e9rapie et chromoth\u00e9rapie VS083<\/title>\n<meta name=\"description\" content=\"Baignoire baln\u00e9o d&#039;angle 150x150 radio et robinets inclus pour la chromoth\u00e9rapie et l&#039;ozone \u00e0 20 jets, couleur noire VS083\" \/>\n<meta name=\"robots\" content=\"index, follow, max-snippet:-1, max-image-preview:large, max-video-preview:-1\" \/>\n<link rel=\"canonical\" href=\"https:\/\/www.bagnoitalia.com\/fr\/produit\/bain-a-remous-d-39-angle-150x150-20-jets-d-39-ozonotherapie-et-de-chromotherapie-noir-vs083.html\" \/>\n<meta property=\"og:locale\" content=\"fr_FR\" \/>\n<meta property=\"og:type\" content=\"article\" \/>\n<meta property=\"og:title\" content=\"Baignoire \u00e0 remous d&#039;angle 150x150 20 jets, noire , ozonoth\u00e9rapie et chromoth\u00e9rapie VS083\" \/>\n<meta property=\"og:description\" content=\"Baignoire baln\u00e9o d&#039;angle 150x150 radio et robinets inclus pour la chromoth\u00e9rapie et l&#039;ozone \u00e0 20 jets, couleur noire VS083\" \/>\n<meta property=\"og:url\" content=\"https:\/\/www.bagnoitalia.com\/fr\/produit\/bain-a-remous-d-39-angle-150x150-20-jets-d-39-ozonotherapie-et-de-chromotherapie-noir-vs083.html\" \/>\n<meta property=\"og:site_name\" content=\"Bagno Italia\" \/>\n<meta property=\"article:modified_time\" content=\"2024-05-22T09:49:09+00:00\" \/>\n<meta property=\"og:image\" content=\"https:\/\/img.bagnoitalia.com\/wp-content\/uploads\/virtuemart\/product\/Corner-Jacuzzi-150x150-1_1541779529_221.jpg\" \/>\n\t<meta property=\"og:image:width\" content=\"400\" \/>\n\t<meta property=\"og:image:height\" content=\"400\" \/>\n\t<meta property=\"og:image:type\" content=\"image\/jpeg\" \/>\n<meta name=\"twitter:card\" content=\"summary_large_image\" \/>\n<script type=\"application\/ld+json\" class=\"yoast-schema-graph\">{\"@context\":\"https:\/\/schema.org\",\"@graph\":[{\"@type\":\"WebPage\",\"@id\":\"https:\/\/www.bagnoitalia.com\/fr\/produit\/bain-a-remous-d-39-angle-150x150-20-jets-d-39-ozonotherapie-et-de-chromotherapie-noir-vs083.html\",\"url\":\"https:\/\/www.bagnoitalia.com\/fr\/produit\/bain-a-remous-d-39-angle-150x150-20-jets-d-39-ozonotherapie-et-de-chromotherapie-noir-vs083.html\",\"name\":\"Baignoire \u00e0 remous d'angle 150x150 20 jets, noire , ozonoth\u00e9rapie et chromoth\u00e9rapie VS083\",\"isPartOf\":{\"@id\":\"https:\/\/www.bagnoitalia.com\/fr#website\"},\"primaryImageOfPage\":{\"@id\":\"https:\/\/www.bagnoitalia.com\/fr\/produit\/bain-a-remous-d-39-angle-150x150-20-jets-d-39-ozonotherapie-et-de-chromotherapie-noir-vs083.html#primaryimage\"},\"image\":{\"@id\":\"https:\/\/www.bagnoitalia.com\/fr\/produit\/bain-a-remous-d-39-angle-150x150-20-jets-d-39-ozonotherapie-et-de-chromotherapie-noir-vs083.html#primaryimage\"},\"thumbnailUrl\":\"https:\/\/img.bagnoitalia.com\/wp-content\/uploads\/virtuemart\/product\/Corner-Jacuzzi-150x150-1_1541779529_221.jpg\",\"datePublished\":\"2018-04-05T06:33:58+00:00\",\"dateModified\":\"2024-05-22T09:49:09+00:00\",\"description\":\"Baignoire baln\u00e9o d&#39;angle 150x150 radio et robinets inclus pour la chromoth\u00e9rapie et l&#39;ozone \u00e0 20 jets, couleur noire VS083\",\"breadcrumb\":{\"@id\":\"https:\/\/www.bagnoitalia.com\/fr\/produit\/bain-a-remous-d-39-angle-150x150-20-jets-d-39-ozonotherapie-et-de-chromotherapie-noir-vs083.html#breadcrumb\"},\"inLanguage\":\"fr-FR\",\"potentialAction\":[{\"@type\":\"ReadAction\",\"target\":[\"https:\/\/www.bagnoitalia.com\/fr\/produit\/bain-a-remous-d-39-angle-150x150-20-jets-d-39-ozonotherapie-et-de-chromotherapie-noir-vs083.html\"]}]},{\"@type\":\"ImageObject\",\"inLanguage\":\"fr-FR\",\"@id\":\"https:\/\/www.bagnoitalia.com\/fr\/produit\/bain-a-remous-d-39-angle-150x150-20-jets-d-39-ozonotherapie-et-de-chromotherapie-noir-vs083.html#primaryimage\",\"url\":\"https:\/\/img.bagnoitalia.com\/wp-content\/uploads\/virtuemart\/product\/Corner-Jacuzzi-150x150-1_1541779529_221.jpg\",\"contentUrl\":\"https:\/\/img.bagnoitalia.com\/wp-content\/uploads\/virtuemart\/product\/Corner-Jacuzzi-150x150-1_1541779529_221.jpg\",\"width\":400,\"height\":400},{\"@type\":\"BreadcrumbList\",\"@id\":\"https:\/\/www.bagnoitalia.com\/fr\/produit\/bain-a-remous-d-39-angle-150x150-20-jets-d-39-ozonotherapie-et-de-chromotherapie-noir-vs083.html#breadcrumb\",\"itemListElement\":[{\"@type\":\"ListItem\",\"position\":1,\"name\":\"Home\",\"item\":\"https:\/\/www.bagnoitalia.com\/fr\"},{\"@type\":\"ListItem\",\"position\":2,\"name\":\"Produits\",\"item\":\"https:\/\/www.bagnoitalia.com\/fr\/shop\"},{\"@type\":\"ListItem\",\"position\":3,\"name\":\"Baignoire \u00e0 remous d&#8217;angle 150&#215;150 20 jets, noire , ozonoth\u00e9rapie et chromoth\u00e9rapie VS083\"}]},{\"@type\":\"WebSite\",\"@id\":\"https:\/\/www.bagnoitalia.com\/fr#website\",\"url\":\"https:\/\/www.bagnoitalia.com\/fr\",\"name\":\"Bagno Italia\",\"description\":\"\",\"publisher\":{\"@id\":\"https:\/\/www.bagnoitalia.com\/fr#organization\"},\"potentialAction\":[{\"@type\":\"SearchAction\",\"target\":{\"@type\":\"EntryPoint\",\"urlTemplate\":\"https:\/\/www.bagnoitalia.com\/fr?s={search_term_string}\"},\"query-input\":{\"@type\":\"PropertyValueSpecification\",\"valueRequired\":true,\"valueName\":\"search_term_string\"}}],\"inLanguage\":\"fr-FR\"},{\"@type\":\"Organization\",\"@id\":\"https:\/\/www.bagnoitalia.com\/fr#organization\",\"name\":\"Bagno Italia\",\"url\":\"https:\/\/www.bagnoitalia.com\/fr\",\"logo\":{\"@type\":\"ImageObject\",\"inLanguage\":\"fr-FR\",\"@id\":\"https:\/\/www.bagnoitalia.com\/fr#\/schema\/logo\/image\/\",\"url\":\"https:\/\/img.bagnoitalia.com\/wp-content\/uploads\/logo-bagnoitalia.webp\",\"contentUrl\":\"https:\/\/img.bagnoitalia.com\/wp-content\/uploads\/logo-bagnoitalia.webp\",\"width\":400,\"height\":70,\"caption\":\"Bagno Italia\"},\"image\":{\"@id\":\"https:\/\/www.bagnoitalia.com\/fr#\/schema\/logo\/image\/\"}}]}<\/script>\n<!-- \/ Yoast SEO plugin. -->","yoast_head_json":{"title":"Baignoire \u00e0 remous d'angle 150x150 20 jets, noire , ozonoth\u00e9rapie et chromoth\u00e9rapie VS083","description":"Baignoire baln\u00e9o d&#39;angle 150x150 radio et robinets inclus pour la chromoth\u00e9rapie et l&#39;ozone \u00e0 20 jets, couleur noire VS083","robots":{"index":"index","follow":"follow","max-snippet":"max-snippet:-1","max-image-preview":"max-image-preview:large","max-video-preview":"max-video-preview:-1"},"canonical":"https:\/\/www.bagnoitalia.com\/fr\/produit\/bain-a-remous-d-39-angle-150x150-20-jets-d-39-ozonotherapie-et-de-chromotherapie-noir-vs083.html","og_locale":"fr_FR","og_type":"article","og_title":"Baignoire \u00e0 remous d'angle 150x150 20 jets, noire , ozonoth\u00e9rapie et chromoth\u00e9rapie VS083","og_description":"Baignoire baln\u00e9o d&#39;angle 150x150 radio et robinets inclus pour la chromoth\u00e9rapie et l&#39;ozone \u00e0 20 jets, couleur noire VS083","og_url":"https:\/\/www.bagnoitalia.com\/fr\/produit\/bain-a-remous-d-39-angle-150x150-20-jets-d-39-ozonotherapie-et-de-chromotherapie-noir-vs083.html","og_site_name":"Bagno Italia","article_modified_time":"2024-05-22T09:49:09+00:00","og_image":[{"width":400,"height":400,"url":"https:\/\/img.bagnoitalia.com\/wp-content\/uploads\/virtuemart\/product\/Corner-Jacuzzi-150x150-1_1541779529_221.jpg","type":"image\/jpeg"}],"twitter_card":"summary_large_image","schema":{"@context":"https:\/\/schema.org","@graph":[{"@type":"WebPage","@id":"https:\/\/www.bagnoitalia.com\/fr\/produit\/bain-a-remous-d-39-angle-150x150-20-jets-d-39-ozonotherapie-et-de-chromotherapie-noir-vs083.html","url":"https:\/\/www.bagnoitalia.com\/fr\/produit\/bain-a-remous-d-39-angle-150x150-20-jets-d-39-ozonotherapie-et-de-chromotherapie-noir-vs083.html","name":"Baignoire \u00e0 remous d'angle 150x150 20 jets, noire , ozonoth\u00e9rapie et chromoth\u00e9rapie VS083","isPartOf":{"@id":"https:\/\/www.bagnoitalia.com\/fr#website"},"primaryImageOfPage":{"@id":"https:\/\/www.bagnoitalia.com\/fr\/produit\/bain-a-remous-d-39-angle-150x150-20-jets-d-39-ozonotherapie-et-de-chromotherapie-noir-vs083.html#primaryimage"},"image":{"@id":"https:\/\/www.bagnoitalia.com\/fr\/produit\/bain-a-remous-d-39-angle-150x150-20-jets-d-39-ozonotherapie-et-de-chromotherapie-noir-vs083.html#primaryimage"},"thumbnailUrl":"https:\/\/img.bagnoitalia.com\/wp-content\/uploads\/virtuemart\/product\/Corner-Jacuzzi-150x150-1_1541779529_221.jpg","datePublished":"2018-04-05T06:33:58+00:00","dateModified":"2024-05-22T09:49:09+00:00","description":"Baignoire baln\u00e9o d&#39;angle 150x150 radio et robinets inclus pour la chromoth\u00e9rapie et l&#39;ozone \u00e0 20 jets, couleur noire VS083","breadcrumb":{"@id":"https:\/\/www.bagnoitalia.com\/fr\/produit\/bain-a-remous-d-39-angle-150x150-20-jets-d-39-ozonotherapie-et-de-chromotherapie-noir-vs083.html#breadcrumb"},"inLanguage":"fr-FR","potentialAction":[{"@type":"ReadAction","target":["https:\/\/www.bagnoitalia.com\/fr\/produit\/bain-a-remous-d-39-angle-150x150-20-jets-d-39-ozonotherapie-et-de-chromotherapie-noir-vs083.html"]}]},{"@type":"ImageObject","inLanguage":"fr-FR","@id":"https:\/\/www.bagnoitalia.com\/fr\/produit\/bain-a-remous-d-39-angle-150x150-20-jets-d-39-ozonotherapie-et-de-chromotherapie-noir-vs083.html#primaryimage","url":"https:\/\/img.bagnoitalia.com\/wp-content\/uploads\/virtuemart\/product\/Corner-Jacuzzi-150x150-1_1541779529_221.jpg","contentUrl":"https:\/\/img.bagnoitalia.com\/wp-content\/uploads\/virtuemart\/product\/Corner-Jacuzzi-150x150-1_1541779529_221.jpg","width":400,"height":400},{"@type":"BreadcrumbList","@id":"https:\/\/www.bagnoitalia.com\/fr\/produit\/bain-a-remous-d-39-angle-150x150-20-jets-d-39-ozonotherapie-et-de-chromotherapie-noir-vs083.html#breadcrumb","itemListElement":[{"@type":"ListItem","position":1,"name":"Home","item":"https:\/\/www.bagnoitalia.com\/fr"},{"@type":"ListItem","position":2,"name":"Produits","item":"https:\/\/www.bagnoitalia.com\/fr\/shop"},{"@type":"ListItem","position":3,"name":"Baignoire \u00e0 remous d&#8217;angle 150&#215;150 20 jets, noire , ozonoth\u00e9rapie et chromoth\u00e9rapie VS083"}]},{"@type":"WebSite","@id":"https:\/\/www.bagnoitalia.com\/fr#website","url":"https:\/\/www.bagnoitalia.com\/fr","name":"Bagno Italia","description":"","publisher":{"@id":"https:\/\/www.bagnoitalia.com\/fr#organization"},"potentialAction":[{"@type":"SearchAction","target":{"@type":"EntryPoint","urlTemplate":"https:\/\/www.bagnoitalia.com\/fr?s={search_term_string}"},"query-input":{"@type":"PropertyValueSpecification","valueRequired":true,"valueName":"search_term_string"}}],"inLanguage":"fr-FR"},{"@type":"Organization","@id":"https:\/\/www.bagnoitalia.com\/fr#organization","name":"Bagno Italia","url":"https:\/\/www.bagnoitalia.com\/fr","logo":{"@type":"ImageObject","inLanguage":"fr-FR","@id":"https:\/\/www.bagnoitalia.com\/fr#\/schema\/logo\/image\/","url":"https:\/\/img.bagnoitalia.com\/wp-content\/uploads\/logo-bagnoitalia.webp","contentUrl":"https:\/\/img.bagnoitalia.com\/wp-content\/uploads\/logo-bagnoitalia.webp","width":400,"height":70,"caption":"Bagno Italia"},"image":{"@id":"https:\/\/www.bagnoitalia.com\/fr#\/schema\/logo\/image\/"}}]}},"_links":{"self":[{"href":"https:\/\/www.bagnoitalia.com\/fr\/wp-json\/wp\/v2\/product\/81054","targetHints":{"allow":["GET"]}}],"collection":[{"href":"https:\/\/www.bagnoitalia.com\/fr\/wp-json\/wp\/v2\/product"}],"about":[{"href":"https:\/\/www.bagnoitalia.com\/fr\/wp-json\/wp\/v2\/types\/product"}],"replies":[{"embeddable":true,"href":"https:\/\/www.bagnoitalia.com\/fr\/wp-json\/wp\/v2\/comments?post=81054"}],"version-history":[{"count":0,"href":"https:\/\/www.bagnoitalia.com\/fr\/wp-json\/wp\/v2\/product\/81054\/revisions"}],"wp:featuredmedia":[{"embeddable":true,"href":"https:\/\/www.bagnoitalia.com\/fr\/wp-json\/wp\/v2\/media\/40702"}],"wp:attachment":[{"href":"https:\/\/www.bagnoitalia.com\/fr\/wp-json\/wp\/v2\/media?parent=81054"}],"wp:term":[{"taxonomy":"product_brand","embeddable":true,"href":"https:\/\/www.bagnoitalia.com\/fr\/wp-json\/wp\/v2\/product_brand?post=81054"},{"taxonomy":"product_cat","embeddable":true,"href":"https:\/\/www.bagnoitalia.com\/fr\/wp-json\/wp\/v2\/product_cat?post=81054"},{"taxonomy":"product_tag","embeddable":true,"href":"https:\/\/www.bagnoitalia.com\/fr\/wp-json\/wp\/v2\/product_tag?post=81054"}],"curies":[{"name":"wp","href":"https:\/\/api.w.org\/{rel}","templated":true}]}}