{"id":80894,"date":"2017-11-20T16:39:03","date_gmt":"2017-11-20T15:39:03","guid":{"rendered":"https:\/\/www.bagnoitalia.com\/product\/spa-150x150-avec-22-jets-pour-deux-personnes-vs073"},"modified":"2026-03-24T15:23:43","modified_gmt":"2026-03-24T14:23:43","slug":"spa-150x150-avec-22-jets-pour-deux-personnes-vs073","status":"publish","type":"product","link":"https:\/\/www.bagnoitalia.com\/fr\/produit\/spa-150x150-avec-22-jets-pour-deux-personnes-vs073.html","title":{"rendered":"Baignoire Spa 150&#215;150 22 jets pour deux personnes chauffage VS073"},"content":{"rendered":"<p><span style=\"font-size: 12pt;\"><strong>Baignoire \u00e0 remous 150x150x70 cm toutes options VS073 en ABS renforc\u00e9<\/strong><\/span><\/p>\n<p><strong>Caract\u00e9ristiques:<\/strong><\/p>\n<p>22 jets \u00e0 eau: 18 petits en laiton, 4 grands chrom\u00e9s<\/p>\n<p>Pompe \u00e0 eau renforc\u00e9e de 1,5 HP<\/p>\n<p>Pompe \u00e0 air suppl\u00e9mentaire de 0,25 HP<\/p>\n<p>Chromoth\u00e9rapie<\/p>\n<p>Ozonoth\u00e9rapie<\/p>\n<p>Radio FM<\/p>\n<p>Haut-parleurs<\/p>\n<p>Panneau de commande<\/p>\n<p>Disjoncteur \u00e9lectrique<\/p>\n<p>Porte serviette<\/p>\n<p>Robinets inclus (avec robinet cascade)<\/p>\n<p>Interrupteur thermostatique<\/p>\n<p>Pommeau de douche multifonctions<\/p>\n<p>Tuyaux renforc\u00e9s<\/p>\n<p>Chauffage (puissance 1,5 KW)<\/p>\n","protected":false},"excerpt":{"rendered":"<p>Baignoire \u00e0 remous \u00e0 deux places avec deux appuis-t\u00eate, chromoth\u00e9rapie, panneau de commande, mitigeur cascade. Pompe \u00e0 eau et \u00e0 air.<\/p>\n","protected":false},"featured_media":38970,"comment_status":"open","ping_status":"closed","template":"","meta":[],"product_brand":[9924],"product_cat":[9707,9743],"product_tag":[],"class_list":{"0":"post-80894","1":"product","2":"type-product","3":"status-publish","4":"has-post-thumbnail","6":"product_brand-predator-arredo-casa-fr","7":"product_cat-baignoire-balneo","8":"product_cat-piscines-d-39-hydromassage","10":"first","11":"instock","12":"sale","13":"taxable","14":"shipping-taxable","15":"purchasable","16":"product-type-simple"},"exclude_global_add_ons":false,"addons":[{"name":"Typologie","type":"multiple_choice","position":0,"required":true,"title_format":"heading","default":"","description_enable":false,"description":"","placeholder_enable":false,"placeholder":"","display":"select","restrictions_type":"any_text","adjust_price":false,"price":"","price_type":"flat_fee","restrictions":false,"min":"0","max":"0","options":[{"label":"(Pas disponible) sans chauffage","price":"","price_type":"quantity_based","image":0,"visibility":true},{"label":"avec chauffage","price":"631","price_type":"quantity_based","image":0,"visibility":true}],"id":1716388410}],"yoast_head":"<!-- This site is optimized with the Yoast SEO plugin v26.7 - https:\/\/yoast.com\/wordpress\/plugins\/seo\/ -->\n<title>Baignoire Spa 150x150 22 jets pour deux personnes chauffage VS073<\/title>\n<meta name=\"description\" content=\"Jacuzzi avec porte-serviettes pour repose-t\u00eate avec pompe suppl\u00e9mentaire, radio d&#039;ozonoth\u00e9rapie par chromoth\u00e9rapie\" \/>\n<meta name=\"robots\" content=\"index, follow, max-snippet:-1, max-image-preview:large, max-video-preview:-1\" \/>\n<link rel=\"canonical\" href=\"https:\/\/www.bagnoitalia.com\/fr\/produit\/spa-150x150-avec-22-jets-pour-deux-personnes-vs073.html\" \/>\n<meta property=\"og:locale\" content=\"fr_FR\" \/>\n<meta property=\"og:type\" content=\"article\" \/>\n<meta property=\"og:title\" content=\"Baignoire Spa 150x150 22 jets pour deux personnes chauffage VS073\" \/>\n<meta property=\"og:description\" content=\"Jacuzzi avec porte-serviettes pour repose-t\u00eate avec pompe suppl\u00e9mentaire, radio d&#039;ozonoth\u00e9rapie par chromoth\u00e9rapie\" \/>\n<meta property=\"og:url\" content=\"https:\/\/www.bagnoitalia.com\/fr\/produit\/spa-150x150-avec-22-jets-pour-deux-personnes-vs073.html\" \/>\n<meta property=\"og:site_name\" content=\"Bagno Italia\" \/>\n<meta property=\"article:modified_time\" content=\"2026-03-24T14:23:43+00:00\" \/>\n<meta property=\"og:image\" content=\"https:\/\/img.bagnoitalia.com\/wp-content\/uploads\/virtuemart\/product\/Two-persons-Jacuzzi-150x150-1_1541782233_25.jpg\" \/>\n\t<meta property=\"og:image:width\" content=\"600\" \/>\n\t<meta property=\"og:image:height\" content=\"417\" \/>\n\t<meta property=\"og:image:type\" content=\"image\/jpeg\" \/>\n<meta name=\"twitter:card\" content=\"summary_large_image\" \/>\n<meta name=\"twitter:label1\" content=\"Dur\u00e9e de lecture estim\u00e9e\" \/>\n\t<meta name=\"twitter:data1\" content=\"1 minute\" \/>\n<script type=\"application\/ld+json\" class=\"yoast-schema-graph\">{\"@context\":\"https:\/\/schema.org\",\"@graph\":[{\"@type\":\"WebPage\",\"@id\":\"https:\/\/www.bagnoitalia.com\/fr\/produit\/spa-150x150-avec-22-jets-pour-deux-personnes-vs073.html\",\"url\":\"https:\/\/www.bagnoitalia.com\/fr\/produit\/spa-150x150-avec-22-jets-pour-deux-personnes-vs073.html\",\"name\":\"Baignoire Spa 150x150 22 jets pour deux personnes chauffage VS073\",\"isPartOf\":{\"@id\":\"https:\/\/www.bagnoitalia.com\/fr#website\"},\"primaryImageOfPage\":{\"@id\":\"https:\/\/www.bagnoitalia.com\/fr\/produit\/spa-150x150-avec-22-jets-pour-deux-personnes-vs073.html#primaryimage\"},\"image\":{\"@id\":\"https:\/\/www.bagnoitalia.com\/fr\/produit\/spa-150x150-avec-22-jets-pour-deux-personnes-vs073.html#primaryimage\"},\"thumbnailUrl\":\"https:\/\/img.bagnoitalia.com\/wp-content\/uploads\/virtuemart\/product\/Two-persons-Jacuzzi-150x150-1_1541782233_25.jpg\",\"datePublished\":\"2017-11-20T15:39:03+00:00\",\"dateModified\":\"2026-03-24T14:23:43+00:00\",\"description\":\"Jacuzzi avec porte-serviettes pour repose-t\u00eate avec pompe suppl\u00e9mentaire, radio d'ozonoth\u00e9rapie par chromoth\u00e9rapie\",\"breadcrumb\":{\"@id\":\"https:\/\/www.bagnoitalia.com\/fr\/produit\/spa-150x150-avec-22-jets-pour-deux-personnes-vs073.html#breadcrumb\"},\"inLanguage\":\"fr-FR\",\"potentialAction\":[{\"@type\":\"ReadAction\",\"target\":[\"https:\/\/www.bagnoitalia.com\/fr\/produit\/spa-150x150-avec-22-jets-pour-deux-personnes-vs073.html\"]}]},{\"@type\":\"ImageObject\",\"inLanguage\":\"fr-FR\",\"@id\":\"https:\/\/www.bagnoitalia.com\/fr\/produit\/spa-150x150-avec-22-jets-pour-deux-personnes-vs073.html#primaryimage\",\"url\":\"https:\/\/img.bagnoitalia.com\/wp-content\/uploads\/virtuemart\/product\/Two-persons-Jacuzzi-150x150-1_1541782233_25.jpg\",\"contentUrl\":\"https:\/\/img.bagnoitalia.com\/wp-content\/uploads\/virtuemart\/product\/Two-persons-Jacuzzi-150x150-1_1541782233_25.jpg\",\"width\":600,\"height\":417},{\"@type\":\"BreadcrumbList\",\"@id\":\"https:\/\/www.bagnoitalia.com\/fr\/produit\/spa-150x150-avec-22-jets-pour-deux-personnes-vs073.html#breadcrumb\",\"itemListElement\":[{\"@type\":\"ListItem\",\"position\":1,\"name\":\"Home\",\"item\":\"https:\/\/www.bagnoitalia.com\/fr\"},{\"@type\":\"ListItem\",\"position\":2,\"name\":\"Produits\",\"item\":\"https:\/\/www.bagnoitalia.com\/fr\/shop\"},{\"@type\":\"ListItem\",\"position\":3,\"name\":\"Baignoire Spa 150&#215;150 22 jets pour deux personnes chauffage VS073\"}]},{\"@type\":\"WebSite\",\"@id\":\"https:\/\/www.bagnoitalia.com\/fr#website\",\"url\":\"https:\/\/www.bagnoitalia.com\/fr\",\"name\":\"Bagno Italia\",\"description\":\"\",\"publisher\":{\"@id\":\"https:\/\/www.bagnoitalia.com\/fr#organization\"},\"potentialAction\":[{\"@type\":\"SearchAction\",\"target\":{\"@type\":\"EntryPoint\",\"urlTemplate\":\"https:\/\/www.bagnoitalia.com\/fr?s={search_term_string}\"},\"query-input\":{\"@type\":\"PropertyValueSpecification\",\"valueRequired\":true,\"valueName\":\"search_term_string\"}}],\"inLanguage\":\"fr-FR\"},{\"@type\":\"Organization\",\"@id\":\"https:\/\/www.bagnoitalia.com\/fr#organization\",\"name\":\"Bagno Italia\",\"url\":\"https:\/\/www.bagnoitalia.com\/fr\",\"logo\":{\"@type\":\"ImageObject\",\"inLanguage\":\"fr-FR\",\"@id\":\"https:\/\/www.bagnoitalia.com\/fr#\/schema\/logo\/image\/\",\"url\":\"https:\/\/img.bagnoitalia.com\/wp-content\/uploads\/logo-bagnoitalia.webp\",\"contentUrl\":\"https:\/\/img.bagnoitalia.com\/wp-content\/uploads\/logo-bagnoitalia.webp\",\"width\":400,\"height\":70,\"caption\":\"Bagno Italia\"},\"image\":{\"@id\":\"https:\/\/www.bagnoitalia.com\/fr#\/schema\/logo\/image\/\"}}]}<\/script>\n<!-- \/ Yoast SEO plugin. -->","yoast_head_json":{"title":"Baignoire Spa 150x150 22 jets pour deux personnes chauffage VS073","description":"Jacuzzi avec porte-serviettes pour repose-t\u00eate avec pompe suppl\u00e9mentaire, radio d'ozonoth\u00e9rapie par chromoth\u00e9rapie","robots":{"index":"index","follow":"follow","max-snippet":"max-snippet:-1","max-image-preview":"max-image-preview:large","max-video-preview":"max-video-preview:-1"},"canonical":"https:\/\/www.bagnoitalia.com\/fr\/produit\/spa-150x150-avec-22-jets-pour-deux-personnes-vs073.html","og_locale":"fr_FR","og_type":"article","og_title":"Baignoire Spa 150x150 22 jets pour deux personnes chauffage VS073","og_description":"Jacuzzi avec porte-serviettes pour repose-t\u00eate avec pompe suppl\u00e9mentaire, radio d'ozonoth\u00e9rapie par chromoth\u00e9rapie","og_url":"https:\/\/www.bagnoitalia.com\/fr\/produit\/spa-150x150-avec-22-jets-pour-deux-personnes-vs073.html","og_site_name":"Bagno Italia","article_modified_time":"2026-03-24T14:23:43+00:00","og_image":[{"width":600,"height":417,"url":"https:\/\/img.bagnoitalia.com\/wp-content\/uploads\/virtuemart\/product\/Two-persons-Jacuzzi-150x150-1_1541782233_25.jpg","type":"image\/jpeg"}],"twitter_card":"summary_large_image","twitter_misc":{"Dur\u00e9e de lecture estim\u00e9e":"1 minute"},"schema":{"@context":"https:\/\/schema.org","@graph":[{"@type":"WebPage","@id":"https:\/\/www.bagnoitalia.com\/fr\/produit\/spa-150x150-avec-22-jets-pour-deux-personnes-vs073.html","url":"https:\/\/www.bagnoitalia.com\/fr\/produit\/spa-150x150-avec-22-jets-pour-deux-personnes-vs073.html","name":"Baignoire Spa 150x150 22 jets pour deux personnes chauffage VS073","isPartOf":{"@id":"https:\/\/www.bagnoitalia.com\/fr#website"},"primaryImageOfPage":{"@id":"https:\/\/www.bagnoitalia.com\/fr\/produit\/spa-150x150-avec-22-jets-pour-deux-personnes-vs073.html#primaryimage"},"image":{"@id":"https:\/\/www.bagnoitalia.com\/fr\/produit\/spa-150x150-avec-22-jets-pour-deux-personnes-vs073.html#primaryimage"},"thumbnailUrl":"https:\/\/img.bagnoitalia.com\/wp-content\/uploads\/virtuemart\/product\/Two-persons-Jacuzzi-150x150-1_1541782233_25.jpg","datePublished":"2017-11-20T15:39:03+00:00","dateModified":"2026-03-24T14:23:43+00:00","description":"Jacuzzi avec porte-serviettes pour repose-t\u00eate avec pompe suppl\u00e9mentaire, radio d'ozonoth\u00e9rapie par chromoth\u00e9rapie","breadcrumb":{"@id":"https:\/\/www.bagnoitalia.com\/fr\/produit\/spa-150x150-avec-22-jets-pour-deux-personnes-vs073.html#breadcrumb"},"inLanguage":"fr-FR","potentialAction":[{"@type":"ReadAction","target":["https:\/\/www.bagnoitalia.com\/fr\/produit\/spa-150x150-avec-22-jets-pour-deux-personnes-vs073.html"]}]},{"@type":"ImageObject","inLanguage":"fr-FR","@id":"https:\/\/www.bagnoitalia.com\/fr\/produit\/spa-150x150-avec-22-jets-pour-deux-personnes-vs073.html#primaryimage","url":"https:\/\/img.bagnoitalia.com\/wp-content\/uploads\/virtuemart\/product\/Two-persons-Jacuzzi-150x150-1_1541782233_25.jpg","contentUrl":"https:\/\/img.bagnoitalia.com\/wp-content\/uploads\/virtuemart\/product\/Two-persons-Jacuzzi-150x150-1_1541782233_25.jpg","width":600,"height":417},{"@type":"BreadcrumbList","@id":"https:\/\/www.bagnoitalia.com\/fr\/produit\/spa-150x150-avec-22-jets-pour-deux-personnes-vs073.html#breadcrumb","itemListElement":[{"@type":"ListItem","position":1,"name":"Home","item":"https:\/\/www.bagnoitalia.com\/fr"},{"@type":"ListItem","position":2,"name":"Produits","item":"https:\/\/www.bagnoitalia.com\/fr\/shop"},{"@type":"ListItem","position":3,"name":"Baignoire Spa 150&#215;150 22 jets pour deux personnes chauffage VS073"}]},{"@type":"WebSite","@id":"https:\/\/www.bagnoitalia.com\/fr#website","url":"https:\/\/www.bagnoitalia.com\/fr","name":"Bagno Italia","description":"","publisher":{"@id":"https:\/\/www.bagnoitalia.com\/fr#organization"},"potentialAction":[{"@type":"SearchAction","target":{"@type":"EntryPoint","urlTemplate":"https:\/\/www.bagnoitalia.com\/fr?s={search_term_string}"},"query-input":{"@type":"PropertyValueSpecification","valueRequired":true,"valueName":"search_term_string"}}],"inLanguage":"fr-FR"},{"@type":"Organization","@id":"https:\/\/www.bagnoitalia.com\/fr#organization","name":"Bagno Italia","url":"https:\/\/www.bagnoitalia.com\/fr","logo":{"@type":"ImageObject","inLanguage":"fr-FR","@id":"https:\/\/www.bagnoitalia.com\/fr#\/schema\/logo\/image\/","url":"https:\/\/img.bagnoitalia.com\/wp-content\/uploads\/logo-bagnoitalia.webp","contentUrl":"https:\/\/img.bagnoitalia.com\/wp-content\/uploads\/logo-bagnoitalia.webp","width":400,"height":70,"caption":"Bagno Italia"},"image":{"@id":"https:\/\/www.bagnoitalia.com\/fr#\/schema\/logo\/image\/"}}]}},"_links":{"self":[{"href":"https:\/\/www.bagnoitalia.com\/fr\/wp-json\/wp\/v2\/product\/80894","targetHints":{"allow":["GET"]}}],"collection":[{"href":"https:\/\/www.bagnoitalia.com\/fr\/wp-json\/wp\/v2\/product"}],"about":[{"href":"https:\/\/www.bagnoitalia.com\/fr\/wp-json\/wp\/v2\/types\/product"}],"replies":[{"embeddable":true,"href":"https:\/\/www.bagnoitalia.com\/fr\/wp-json\/wp\/v2\/comments?post=80894"}],"version-history":[{"count":1,"href":"https:\/\/www.bagnoitalia.com\/fr\/wp-json\/wp\/v2\/product\/80894\/revisions"}],"predecessor-version":[{"id":87466,"href":"https:\/\/www.bagnoitalia.com\/fr\/wp-json\/wp\/v2\/product\/80894\/revisions\/87466"}],"wp:featuredmedia":[{"embeddable":true,"href":"https:\/\/www.bagnoitalia.com\/fr\/wp-json\/wp\/v2\/media\/38970"}],"wp:attachment":[{"href":"https:\/\/www.bagnoitalia.com\/fr\/wp-json\/wp\/v2\/media?parent=80894"}],"wp:term":[{"taxonomy":"product_brand","embeddable":true,"href":"https:\/\/www.bagnoitalia.com\/fr\/wp-json\/wp\/v2\/product_brand?post=80894"},{"taxonomy":"product_cat","embeddable":true,"href":"https:\/\/www.bagnoitalia.com\/fr\/wp-json\/wp\/v2\/product_cat?post=80894"},{"taxonomy":"product_tag","embeddable":true,"href":"https:\/\/www.bagnoitalia.com\/fr\/wp-json\/wp\/v2\/product_tag?post=80894"}],"curies":[{"name":"wp","href":"https:\/\/api.w.org\/{rel}","templated":true}]}}