{"id":80866,"date":"2017-11-16T14:47:45","date_gmt":"2017-11-16T13:47:45","guid":{"rendered":"https:\/\/www.bagnoitalia.com\/product\/receveur-de-douche-semi-circulaire-en-marbre-hauteur-35-cm-blanc-ou-gris-clair"},"modified":"2024-05-16T16:57:38","modified_gmt":"2024-05-16T14:57:38","slug":"receveur-de-douche-semi-circulaire-en-marbre-hauteur-35-cm-blanc-ou-gris-clair","status":"publish","type":"product","link":"https:\/\/www.bagnoitalia.com\/fr\/produit\/receveur-de-douche-semi-circulaire-en-marbre-hauteur-35-cm-blanc-ou-gris-clair.html","title":{"rendered":"Receveur de douche semi-circulaire en r\u00e9sine de marbre, hauteur 3,5 cm, blanc ou gris clair PA07"},"content":{"rendered":"<p style=\"margin-top: 0cm; margin-right: 0cm; margin-bottom: 0.0001pt; background-image: initial; background-position: initial; background-repeat: initial; background-attachment: initial; vertical-align: baseline;\"><span style=\"font-size: 12pt;\"><strong><span style=\"font-family: Arial, sans-serif; color: #333333;\"><\/span><\/strong><\/span><\/p>\n<p style=\"margin-top: 0cm; margin-right: 0cm; margin-bottom: 0.0001pt; background-image: initial; background-position: initial; background-repeat: initial; background-attachment: initial; vertical-align: baseline;\"><span style=\"font-size: 12pt; font-family: Arial, sans-serif; color: #333333;\">Receveur de douche en r\u00e9sine de marbre semi-circulaire, blanc ou gris clair, d&rsquo;une hauteur de 3,5 cm, dot\u00e9 d&rsquo;un couvercle de bonde en acier inoxydable de 12 x 12 cm. Il est caract\u00e9ris\u00e9 par un effet qui cr\u00e9e un relief et rend la surface <strong>antid\u00e9rapante<\/strong> .<\/span><\/p>\n<p style=\"margin-top: 0cm; margin-right: 0cm; margin-bottom: 0.0001pt; background-image: initial; background-position: initial; background-repeat: initial; background-attachment: initial; vertical-align: baseline;\"><span style=\"font-size: 12pt; font-family: Arial, sans-serif; color: #333333;\"><\/span><\/p>\n<\/p>\n<p style=\"margin-top: 0cm; margin-right: 0cm; margin-bottom: 0.0001pt; background-image: initial; background-position: initial; background-repeat: initial; background-attachment: initial; vertical-align: baseline;\"><span style=\"font-size: 12pt;\"><strong><span style=\"font-family: Arial, sans-serif; color: #333333;\">Caract\u00e9ristiques techniques:<\/span><\/strong><\/span><\/p>\n<ul>\n<li><span style=\"font-size: 12pt; font-family: Arial, sans-serif; color: #333333;\"><strong>Receveur<\/strong> de douche courb\u00e9 en&nbsp;<strong>r\u00e9sine de marbre<\/strong><\/span><\/li>\n<\/ul>\n<ul>\n<li><span style=\"font-size: 12pt; font-family: Arial, sans-serif; color: #333333;\">Hauteur du receveur: <strong>3,5 cm<\/strong><\/span><\/li>\n<\/ul>\n<ul>\n<li><span style=\"font-size: 12pt;\"><span style=\"font-family: Arial, sans-serif; color: #333333;\"><strong>Grille<\/strong> carr\u00e9e <strong>en acier inoxydable<\/strong><\/span> <span style=\"text-decoration: underline;\"><span style=\"font-family: Arial, sans-serif; color: #333333;\">incluse<\/span><\/span> <span style=\"font-family: Arial, sans-serif; color: #333333;\">12&#215;12 cm fournie en standard<\/span><\/span><\/li>\n<\/ul>\n<ul>\n<li><span style=\"font-size: 12pt; font-family: Arial, sans-serif; color: #333333;\">Disponible dans les couleurs: blanc, gris clair <br \/><\/span><\/li>\n<\/ul>\n<ul>\n<li><span style=\"font-size: 12pt;\"><span style=\"color: #333333; font-family: Arial, sans-serif;\"><span style=\"text-decoration: underline;\">Il peut<\/span><\/span>&nbsp;\u00eatre coup\u00e9&nbsp;<span style=\"font-family: Arial, sans-serif; color: #333333;\">sur place avec disque de diamant<\/span><\/span><\/li>\n<\/ul>\n<ul>\n<li><span style=\"font-size: 12pt; font-family: Arial, sans-serif; color: #333333;\">Ils ont une <span style=\"text-decoration: underline;\">l\u00e9g\u00e8re<\/span> <span style=\"text-decoration: underline;\">pente<\/span> pour faciliter le drainage de l&rsquo;eau.<\/span><\/li>\n<\/ul>\n<ul>\n<li><span style=\"font-size: 12pt; font-family: Arial, sans-serif; color: #333333;\">Finition sur tous les c\u00f4t\u00e9s<\/span><\/li>\n<\/ul>\n<ul>\n<li><span style=\"font-size: 12pt; line-height: 107%; font-family: Arial, sans-serif; color: #333333;\">Nettoyage rapide et facile<\/span><\/li>\n<\/ul>\n<ul>\n<li><span style=\"font-size: 12pt; line-height: 107%; font-family: Arial, sans-serif; color: #333333;\">Disponible en plusieurs dimensions<\/span><\/li>\n<\/ul>\n<p style=\"margin-top: 0cm; margin-right: 0cm; margin-bottom: 0.0001pt; background-image: initial; background-position: initial; background-repeat: initial; background-attachment: initial; vertical-align: baseline;\"><span style=\"font-size: 12pt;\"><strong><span style=\"font-family: Arial, sans-serif; color: #333333;\"><\/span><\/strong><\/span><\/p>\n<p style=\"margin-top: 0cm; margin-right: 0cm; margin-bottom: 0.0001pt; background-image: initial; background-position: initial; background-repeat: initial; background-attachment: initial; vertical-align: baseline;\"><span style=\"font-size: 12pt;\"><strong><span style=\"font-family: Arial, sans-serif; color: #333333;\">MAT\u00c9RIAU:<\/span><\/strong><\/span><\/p>\n<p style=\"margin-top: 0cm; margin-right: 0cm; margin-bottom: 0.0001pt; background-image: initial; background-position: initial; background-repeat: initial; background-attachment: initial; vertical-align: baseline;\"><span style=\"font-size: 12pt; font-family: Arial, sans-serif; color: #333333;\">Compos\u00e9 avanc\u00e9 de r\u00e9sine polyester et de min\u00e9ral&nbsp;<span style=\"font-size: 12pt; font-family: Arial, sans-serif; color: #333333;\">de dolomite<\/span> \u00e0 100% .<\/span><\/p>\n<p style=\"margin-top: 0cm; margin-right: 0cm; margin-bottom: 0.0001pt; background-image: initial; background-position: initial; background-repeat: initial; background-attachment: initial; vertical-align: baseline;\"><span style=\"font-size: 12pt; font-family: Arial, sans-serif; color: #333333;\">Mat\u00e9riau avec une surface antid\u00e9rapante, qui se caract\u00e9rise par sa duret\u00e9, sa douceur au toucher et sa r\u00e9sistance aux agents corrosifs externes.<\/span><\/p><\/p>\n","protected":false},"excerpt":{"rendered":"<p>Receveur de douche semi-circulaire, effet en relief, avec couverture de bonde, H 3.5 cm, antid\u00e9rapant, r\u00e9sistant, blanc ou gris clair 80&#215;80 ou 90&#215;90<\/p>\n","protected":false},"featured_media":38662,"comment_status":"open","ping_status":"closed","template":"","meta":[],"product_brand":[9906],"product_cat":[15],"product_tag":[],"class_list":{"0":"post-80866","1":"product","2":"type-product","3":"status-publish","4":"has-post-thumbnail","6":"product_brand-movida-store-fr","7":"product_cat-senza-categoria","9":"first","10":"outofstock","11":"taxable","12":"shipping-taxable","13":"purchasable","14":"product-type-simple"},"exclude_global_add_ons":false,"addons":[{"name":"CAMPI_DIMENSIONI\r\n","type":"select","position":0,"required":true,"title_format":"label","default":"","description_enable":false,"description":"","placeholder_enable":false,"placeholder":"","display":"select","restrictions_type":"any_text","adjust_price":false,"price":"","price_type":"","restrictions":false,"min":"0","max":"0","options":[]},{"name":"CAMPI_PILETTA\r\n","type":"select","position":0,"required":true,"title_format":"label","default":"","description_enable":false,"description":"","placeholder_enable":false,"placeholder":"","display":"select","restrictions_type":"any_text","adjust_price":false,"price":"","price_type":"","restrictions":false,"min":"0","max":"0","options":[]}],"yoast_head":"<!-- This site is optimized with the Yoast SEO plugin v26.7 - https:\/\/yoast.com\/wordpress\/plugins\/seo\/ -->\n<title>Receveur de douche semi-circulaire en r\u00e9sine de marbre, hauteur 3,5 cm, blanc ou gris clair PA07<\/title>\n<meta name=\"description\" content=\"Receveur de douche en demi-cercle avec effet pierre d&#039;ardoise, complet avec drain en acier inoxydable et grille, H 3 cm, antibact\u00e9rien, antid\u00e9rapant, r\u00e9sistant, ciment gris anthracite chocolat beige et gris tourterelle 80x80 ou 90x90\" \/>\n<meta name=\"robots\" content=\"index, follow, max-snippet:-1, max-image-preview:large, max-video-preview:-1\" \/>\n<link rel=\"canonical\" href=\"https:\/\/www.bagnoitalia.com\/fr\/produit\/receveur-de-douche-semi-circulaire-en-marbre-hauteur-35-cm-blanc-ou-gris-clair.html\" \/>\n<meta property=\"og:locale\" content=\"fr_FR\" \/>\n<meta property=\"og:type\" content=\"article\" \/>\n<meta property=\"og:title\" content=\"Receveur de douche semi-circulaire en r\u00e9sine de marbre, hauteur 3,5 cm, blanc ou gris clair PA07\" \/>\n<meta property=\"og:description\" content=\"Receveur de douche en demi-cercle avec effet pierre d&#039;ardoise, complet avec drain en acier inoxydable et grille, H 3 cm, antibact\u00e9rien, antid\u00e9rapant, r\u00e9sistant, ciment gris anthracite chocolat beige et gris tourterelle 80x80 ou 90x90\" \/>\n<meta property=\"og:url\" content=\"https:\/\/www.bagnoitalia.com\/fr\/produit\/receveur-de-douche-semi-circulaire-en-marbre-hauteur-35-cm-blanc-ou-gris-clair.html\" \/>\n<meta property=\"og:site_name\" content=\"Bagno Italia\" \/>\n<meta property=\"article:modified_time\" content=\"2024-05-16T14:57:38+00:00\" \/>\n<meta property=\"og:image\" content=\"https:\/\/img.bagnoitalia.com\/wp-content\/uploads\/virtuemart\/product\/Semicircular-marble-resin-shower-tray-1_1542811466_765.jpg\" \/>\n\t<meta property=\"og:image:width\" content=\"500\" \/>\n\t<meta property=\"og:image:height\" content=\"500\" \/>\n\t<meta property=\"og:image:type\" content=\"image\/jpeg\" \/>\n<meta name=\"twitter:card\" content=\"summary_large_image\" \/>\n<meta name=\"twitter:label1\" content=\"Dur\u00e9e de lecture estim\u00e9e\" \/>\n\t<meta name=\"twitter:data1\" content=\"1 minute\" \/>\n<script type=\"application\/ld+json\" class=\"yoast-schema-graph\">{\"@context\":\"https:\/\/schema.org\",\"@graph\":[{\"@type\":\"WebPage\",\"@id\":\"https:\/\/www.bagnoitalia.com\/fr\/produit\/receveur-de-douche-semi-circulaire-en-marbre-hauteur-35-cm-blanc-ou-gris-clair.html\",\"url\":\"https:\/\/www.bagnoitalia.com\/fr\/produit\/receveur-de-douche-semi-circulaire-en-marbre-hauteur-35-cm-blanc-ou-gris-clair.html\",\"name\":\"Receveur de douche semi-circulaire en r\u00e9sine de marbre, hauteur 3,5 cm, blanc ou gris clair PA07\",\"isPartOf\":{\"@id\":\"https:\/\/www.bagnoitalia.com\/fr#website\"},\"primaryImageOfPage\":{\"@id\":\"https:\/\/www.bagnoitalia.com\/fr\/produit\/receveur-de-douche-semi-circulaire-en-marbre-hauteur-35-cm-blanc-ou-gris-clair.html#primaryimage\"},\"image\":{\"@id\":\"https:\/\/www.bagnoitalia.com\/fr\/produit\/receveur-de-douche-semi-circulaire-en-marbre-hauteur-35-cm-blanc-ou-gris-clair.html#primaryimage\"},\"thumbnailUrl\":\"https:\/\/img.bagnoitalia.com\/wp-content\/uploads\/virtuemart\/product\/Semicircular-marble-resin-shower-tray-1_1542811466_765.jpg\",\"datePublished\":\"2017-11-16T13:47:45+00:00\",\"dateModified\":\"2024-05-16T14:57:38+00:00\",\"description\":\"Receveur de douche en demi-cercle avec effet pierre d&#39;ardoise, complet avec drain en acier inoxydable et grille, H 3 cm, antibact\u00e9rien, antid\u00e9rapant, r\u00e9sistant, ciment gris anthracite chocolat beige et gris tourterelle 80x80 ou 90x90\",\"breadcrumb\":{\"@id\":\"https:\/\/www.bagnoitalia.com\/fr\/produit\/receveur-de-douche-semi-circulaire-en-marbre-hauteur-35-cm-blanc-ou-gris-clair.html#breadcrumb\"},\"inLanguage\":\"fr-FR\",\"potentialAction\":[{\"@type\":\"ReadAction\",\"target\":[\"https:\/\/www.bagnoitalia.com\/fr\/produit\/receveur-de-douche-semi-circulaire-en-marbre-hauteur-35-cm-blanc-ou-gris-clair.html\"]}]},{\"@type\":\"ImageObject\",\"inLanguage\":\"fr-FR\",\"@id\":\"https:\/\/www.bagnoitalia.com\/fr\/produit\/receveur-de-douche-semi-circulaire-en-marbre-hauteur-35-cm-blanc-ou-gris-clair.html#primaryimage\",\"url\":\"https:\/\/img.bagnoitalia.com\/wp-content\/uploads\/virtuemart\/product\/Semicircular-marble-resin-shower-tray-1_1542811466_765.jpg\",\"contentUrl\":\"https:\/\/img.bagnoitalia.com\/wp-content\/uploads\/virtuemart\/product\/Semicircular-marble-resin-shower-tray-1_1542811466_765.jpg\",\"width\":500,\"height\":500},{\"@type\":\"BreadcrumbList\",\"@id\":\"https:\/\/www.bagnoitalia.com\/fr\/produit\/receveur-de-douche-semi-circulaire-en-marbre-hauteur-35-cm-blanc-ou-gris-clair.html#breadcrumb\",\"itemListElement\":[{\"@type\":\"ListItem\",\"position\":1,\"name\":\"Home\",\"item\":\"https:\/\/www.bagnoitalia.com\/fr\"},{\"@type\":\"ListItem\",\"position\":2,\"name\":\"Produits\",\"item\":\"https:\/\/www.bagnoitalia.com\/fr\/shop\"},{\"@type\":\"ListItem\",\"position\":3,\"name\":\"Receveur de douche semi-circulaire en r\u00e9sine de marbre, hauteur 3,5 cm, blanc ou gris clair PA07\"}]},{\"@type\":\"WebSite\",\"@id\":\"https:\/\/www.bagnoitalia.com\/fr#website\",\"url\":\"https:\/\/www.bagnoitalia.com\/fr\",\"name\":\"Bagno Italia\",\"description\":\"\",\"publisher\":{\"@id\":\"https:\/\/www.bagnoitalia.com\/fr#organization\"},\"potentialAction\":[{\"@type\":\"SearchAction\",\"target\":{\"@type\":\"EntryPoint\",\"urlTemplate\":\"https:\/\/www.bagnoitalia.com\/fr?s={search_term_string}\"},\"query-input\":{\"@type\":\"PropertyValueSpecification\",\"valueRequired\":true,\"valueName\":\"search_term_string\"}}],\"inLanguage\":\"fr-FR\"},{\"@type\":\"Organization\",\"@id\":\"https:\/\/www.bagnoitalia.com\/fr#organization\",\"name\":\"Bagno Italia\",\"url\":\"https:\/\/www.bagnoitalia.com\/fr\",\"logo\":{\"@type\":\"ImageObject\",\"inLanguage\":\"fr-FR\",\"@id\":\"https:\/\/www.bagnoitalia.com\/fr#\/schema\/logo\/image\/\",\"url\":\"https:\/\/img.bagnoitalia.com\/wp-content\/uploads\/logo-bagnoitalia.webp\",\"contentUrl\":\"https:\/\/img.bagnoitalia.com\/wp-content\/uploads\/logo-bagnoitalia.webp\",\"width\":400,\"height\":70,\"caption\":\"Bagno Italia\"},\"image\":{\"@id\":\"https:\/\/www.bagnoitalia.com\/fr#\/schema\/logo\/image\/\"}}]}<\/script>\n<!-- \/ Yoast SEO plugin. -->","yoast_head_json":{"title":"Receveur de douche semi-circulaire en r\u00e9sine de marbre, hauteur 3,5 cm, blanc ou gris clair PA07","description":"Receveur de douche en demi-cercle avec effet pierre d&#39;ardoise, complet avec drain en acier inoxydable et grille, H 3 cm, antibact\u00e9rien, antid\u00e9rapant, r\u00e9sistant, ciment gris anthracite chocolat beige et gris tourterelle 80x80 ou 90x90","robots":{"index":"index","follow":"follow","max-snippet":"max-snippet:-1","max-image-preview":"max-image-preview:large","max-video-preview":"max-video-preview:-1"},"canonical":"https:\/\/www.bagnoitalia.com\/fr\/produit\/receveur-de-douche-semi-circulaire-en-marbre-hauteur-35-cm-blanc-ou-gris-clair.html","og_locale":"fr_FR","og_type":"article","og_title":"Receveur de douche semi-circulaire en r\u00e9sine de marbre, hauteur 3,5 cm, blanc ou gris clair PA07","og_description":"Receveur de douche en demi-cercle avec effet pierre d&#39;ardoise, complet avec drain en acier inoxydable et grille, H 3 cm, antibact\u00e9rien, antid\u00e9rapant, r\u00e9sistant, ciment gris anthracite chocolat beige et gris tourterelle 80x80 ou 90x90","og_url":"https:\/\/www.bagnoitalia.com\/fr\/produit\/receveur-de-douche-semi-circulaire-en-marbre-hauteur-35-cm-blanc-ou-gris-clair.html","og_site_name":"Bagno Italia","article_modified_time":"2024-05-16T14:57:38+00:00","og_image":[{"width":500,"height":500,"url":"https:\/\/img.bagnoitalia.com\/wp-content\/uploads\/virtuemart\/product\/Semicircular-marble-resin-shower-tray-1_1542811466_765.jpg","type":"image\/jpeg"}],"twitter_card":"summary_large_image","twitter_misc":{"Dur\u00e9e de lecture estim\u00e9e":"1 minute"},"schema":{"@context":"https:\/\/schema.org","@graph":[{"@type":"WebPage","@id":"https:\/\/www.bagnoitalia.com\/fr\/produit\/receveur-de-douche-semi-circulaire-en-marbre-hauteur-35-cm-blanc-ou-gris-clair.html","url":"https:\/\/www.bagnoitalia.com\/fr\/produit\/receveur-de-douche-semi-circulaire-en-marbre-hauteur-35-cm-blanc-ou-gris-clair.html","name":"Receveur de douche semi-circulaire en r\u00e9sine de marbre, hauteur 3,5 cm, blanc ou gris clair PA07","isPartOf":{"@id":"https:\/\/www.bagnoitalia.com\/fr#website"},"primaryImageOfPage":{"@id":"https:\/\/www.bagnoitalia.com\/fr\/produit\/receveur-de-douche-semi-circulaire-en-marbre-hauteur-35-cm-blanc-ou-gris-clair.html#primaryimage"},"image":{"@id":"https:\/\/www.bagnoitalia.com\/fr\/produit\/receveur-de-douche-semi-circulaire-en-marbre-hauteur-35-cm-blanc-ou-gris-clair.html#primaryimage"},"thumbnailUrl":"https:\/\/img.bagnoitalia.com\/wp-content\/uploads\/virtuemart\/product\/Semicircular-marble-resin-shower-tray-1_1542811466_765.jpg","datePublished":"2017-11-16T13:47:45+00:00","dateModified":"2024-05-16T14:57:38+00:00","description":"Receveur de douche en demi-cercle avec effet pierre d&#39;ardoise, complet avec drain en acier inoxydable et grille, H 3 cm, antibact\u00e9rien, antid\u00e9rapant, r\u00e9sistant, ciment gris anthracite chocolat beige et gris tourterelle 80x80 ou 90x90","breadcrumb":{"@id":"https:\/\/www.bagnoitalia.com\/fr\/produit\/receveur-de-douche-semi-circulaire-en-marbre-hauteur-35-cm-blanc-ou-gris-clair.html#breadcrumb"},"inLanguage":"fr-FR","potentialAction":[{"@type":"ReadAction","target":["https:\/\/www.bagnoitalia.com\/fr\/produit\/receveur-de-douche-semi-circulaire-en-marbre-hauteur-35-cm-blanc-ou-gris-clair.html"]}]},{"@type":"ImageObject","inLanguage":"fr-FR","@id":"https:\/\/www.bagnoitalia.com\/fr\/produit\/receveur-de-douche-semi-circulaire-en-marbre-hauteur-35-cm-blanc-ou-gris-clair.html#primaryimage","url":"https:\/\/img.bagnoitalia.com\/wp-content\/uploads\/virtuemart\/product\/Semicircular-marble-resin-shower-tray-1_1542811466_765.jpg","contentUrl":"https:\/\/img.bagnoitalia.com\/wp-content\/uploads\/virtuemart\/product\/Semicircular-marble-resin-shower-tray-1_1542811466_765.jpg","width":500,"height":500},{"@type":"BreadcrumbList","@id":"https:\/\/www.bagnoitalia.com\/fr\/produit\/receveur-de-douche-semi-circulaire-en-marbre-hauteur-35-cm-blanc-ou-gris-clair.html#breadcrumb","itemListElement":[{"@type":"ListItem","position":1,"name":"Home","item":"https:\/\/www.bagnoitalia.com\/fr"},{"@type":"ListItem","position":2,"name":"Produits","item":"https:\/\/www.bagnoitalia.com\/fr\/shop"},{"@type":"ListItem","position":3,"name":"Receveur de douche semi-circulaire en r\u00e9sine de marbre, hauteur 3,5 cm, blanc ou gris clair PA07"}]},{"@type":"WebSite","@id":"https:\/\/www.bagnoitalia.com\/fr#website","url":"https:\/\/www.bagnoitalia.com\/fr","name":"Bagno Italia","description":"","publisher":{"@id":"https:\/\/www.bagnoitalia.com\/fr#organization"},"potentialAction":[{"@type":"SearchAction","target":{"@type":"EntryPoint","urlTemplate":"https:\/\/www.bagnoitalia.com\/fr?s={search_term_string}"},"query-input":{"@type":"PropertyValueSpecification","valueRequired":true,"valueName":"search_term_string"}}],"inLanguage":"fr-FR"},{"@type":"Organization","@id":"https:\/\/www.bagnoitalia.com\/fr#organization","name":"Bagno Italia","url":"https:\/\/www.bagnoitalia.com\/fr","logo":{"@type":"ImageObject","inLanguage":"fr-FR","@id":"https:\/\/www.bagnoitalia.com\/fr#\/schema\/logo\/image\/","url":"https:\/\/img.bagnoitalia.com\/wp-content\/uploads\/logo-bagnoitalia.webp","contentUrl":"https:\/\/img.bagnoitalia.com\/wp-content\/uploads\/logo-bagnoitalia.webp","width":400,"height":70,"caption":"Bagno Italia"},"image":{"@id":"https:\/\/www.bagnoitalia.com\/fr#\/schema\/logo\/image\/"}}]}},"_links":{"self":[{"href":"https:\/\/www.bagnoitalia.com\/fr\/wp-json\/wp\/v2\/product\/80866","targetHints":{"allow":["GET"]}}],"collection":[{"href":"https:\/\/www.bagnoitalia.com\/fr\/wp-json\/wp\/v2\/product"}],"about":[{"href":"https:\/\/www.bagnoitalia.com\/fr\/wp-json\/wp\/v2\/types\/product"}],"replies":[{"embeddable":true,"href":"https:\/\/www.bagnoitalia.com\/fr\/wp-json\/wp\/v2\/comments?post=80866"}],"version-history":[{"count":0,"href":"https:\/\/www.bagnoitalia.com\/fr\/wp-json\/wp\/v2\/product\/80866\/revisions"}],"wp:featuredmedia":[{"embeddable":true,"href":"https:\/\/www.bagnoitalia.com\/fr\/wp-json\/wp\/v2\/media\/38662"}],"wp:attachment":[{"href":"https:\/\/www.bagnoitalia.com\/fr\/wp-json\/wp\/v2\/media?parent=80866"}],"wp:term":[{"taxonomy":"product_brand","embeddable":true,"href":"https:\/\/www.bagnoitalia.com\/fr\/wp-json\/wp\/v2\/product_brand?post=80866"},{"taxonomy":"product_cat","embeddable":true,"href":"https:\/\/www.bagnoitalia.com\/fr\/wp-json\/wp\/v2\/product_cat?post=80866"},{"taxonomy":"product_tag","embeddable":true,"href":"https:\/\/www.bagnoitalia.com\/fr\/wp-json\/wp\/v2\/product_tag?post=80866"}],"curies":[{"name":"wp","href":"https:\/\/api.w.org\/{rel}","templated":true}]}}