{"id":80818,"date":"2017-09-27T10:00:59","date_gmt":"2017-09-27T08:00:59","guid":{"rendered":"https:\/\/www.bagnoitalia.com\/product\/cabine-de-douche-3-cotes-avec-systeme-de-glissiere-apparente-h198-cristal-transparent-ou-opaque-box060"},"modified":"2024-05-16T16:56:51","modified_gmt":"2024-05-16T14:56:51","slug":"cabine-de-douche-3-cotes-avec-systeme-de-glissiere-apparente-h198-cristal-transparent-ou-opaque-box060","status":"publish","type":"product","link":"https:\/\/www.bagnoitalia.com\/fr\/produit\/cabine-de-douche-3-cotes-avec-systeme-de-glissiere-apparente-h198-cristal-transparent-ou-opaque-box060.html","title":{"rendered":"Cabine de douche 3 c\u00f4t\u00e9s,  syst\u00e8me de coulisse apparent H198 verre transparent ou opaque BOX060"},"content":{"rendered":"<p><span style=\"text-decoration: underline;\"><strong><span style=\"font-size: 12pt;\">Cabine de douche \u00e0 trois c\u00f4t\u00e9s compos\u00e9e d&rsquo;une paroi fixe et de 2 portes coulissantes \u00e0 glissi\u00e8res apparentes <br \/><\/span><\/strong><\/span><\/p>\n<\/p>\n<p><strong><span style=\"font-size: 12pt;\">Caract\u00e9ristiques techniques:<\/span><\/strong><\/p>\n<ul>\n<li><span style=\"font-size: 12pt;\">Syst\u00e8me coulissant chrom\u00e9 sur 16 roues en nylon \u00e0 roulement \u00e0 billes<\/span><\/li>\n<li><span style=\"font-size: 12pt;\">Syst\u00e8me d&rsquo;accrochage et de d\u00e9verrouillage des portes rapide&nbsp;<\/span><\/li>\n<li><span style=\"font-size: 12pt;\">Verre de s\u00e9curit\u00e9 tremp\u00e9 de 6 mm d&rsquo;\u00e9paisseur transparent ou opaque <br \/><\/span><\/li>\n<li><span style=\"font-size: 12pt;\">Profils en aluminium anodis\u00e9 \u00e0 finition chrom\u00e9e<\/span><\/li>\n<li><span style=\"font-size: 12pt;\">Hauteur: 198 cm<\/span><\/li>\n<li><span style=\"font-size: 12pt;\">Fermeture magn\u00e9tique <br \/><\/span><\/li>\n<li><span style=\"font-size: 12pt;\">Joints avec ailettes anti-goutte sur les parois fixes et les portes coulissantes<\/span><\/li>\n<li><span style=\"font-size: 12pt;\">Poign\u00e9es au design moderne en acier chrom\u00e9<\/span><\/li>\n<li><span style=\"font-size: 12pt;\">Cabine de douche r\u00e9versible <br \/><\/span><\/li>\n<li><span style=\"font-size: 12pt;\">Tol\u00e9rance de 2 \u00e0 2,5 cm pour un montage correct (voir tableau ci-dessous) <br \/><\/span><\/li>\n<li><span style=\"font-size: 12pt;\">Receveur de douche non inclus<\/span><\/li>\n<li><span style=\"font-size: 12pt;\">Produit certifi\u00e9 CE<\/span> <strong><br \/><\/strong><\/li>\n<\/ul>\n<\/p>\n<p><span style=\"font-size: 10pt;\"><span style=\"color: #ff0000;\"><strong>ATTENTION<\/strong><\/span><strong><span style=\"color: #ff0000;\">:<\/span> il est \u00e9galement possible d&rsquo;ajouter des profils de compensation s&rsquo;il est n\u00e9cessaire d&rsquo;augmenter les dimensions de quelques centim\u00e8tres au-del\u00e0 de celles indiqu\u00e9es<\/strong><\/span><\/p>\n<\/p>\n<table style=\"width: 1037px; height: 698px;\">\n<thead>\n<tr>\n<th align=\"center\">Dimensions<\/th>\n<th align=\"center\">c\u00f4t\u00e9 fixe<\/th>\n<th align=\"center\">&nbsp;2 c\u00f4t\u00e9s porte<\/th>\n<th align=\"center\">hauteur<\/th>\n<th align=\"center\">ouverture<\/th>\n<\/tr>\n<\/thead>\n<tbody>\n<tr>\n<td align=\"center\" data-label=\"Dimensione\">70x70x70 cm<\/td>\n<td align=\"center\" data-label=\"Estensione A\">De 67,5 \u00e0 70 cm<\/td>\n<td align=\"center\" data-label=\"Estensione B\">De 68 \u00e0 70 cm<\/td>\n<td align=\"center\" data-label=\"Altezza\">198 cm<\/td>\n<td align=\"center\" data-label=\"Apertura\">36 CM<\/td>\n<\/tr>\n<tr>\n<td align=\"center\" data-label=\"Dimensione\">70x72x70 cm<\/td>\n<td align=\"center\" data-label=\"Estensione A\">De 67,5 \u00e0 70 cm<\/td>\n<td align=\"center\" data-label=\"Estensione B\">De 70 \u00e0 72 cm<\/td>\n<td align=\"center\" data-label=\"Altezza\">198 cm<\/td>\n<td align=\"center\" data-label=\"Apertura\">37 cm<\/td>\n<\/tr>\n<tr>\n<td align=\"center\" data-label=\"Dimensione\">70x75x70 cm<\/td>\n<td align=\"center\" data-label=\"Estensione A\">De 67,5 \u00e0 70 cm<\/td>\n<td align=\"center\" data-label=\"Estensione B\">De 73 \u00e0 75 cm<\/td>\n<td align=\"center\" data-label=\"Altezza\">198 cm<\/td>\n<td align=\"center\" data-label=\"Apertura\">38 cm<\/td>\n<\/tr>\n<tr>\n<td align=\"center\" data-label=\"Dimensione\">70x80x70 cm<\/td>\n<td align=\"center\" data-label=\"Estensione A\">De 67,5 \u00e0 70 cm<\/td>\n<td align=\"center\" data-label=\"Estensione B\">De 78 \u00e0 80 cm<\/td>\n<td align=\"center\" data-label=\"Altezza\">198 cm<\/td>\n<td align=\"center\" data-label=\"Apertura\">40 cm<\/td>\n<\/tr>\n<tr>\n<td align=\"center\" data-label=\"Dimensione\">70x90x70 cm<\/td>\n<td align=\"center\" data-label=\"Estensione A\">De 67,5 \u00e0 70 cm<\/td>\n<td align=\"center\" data-label=\"Estensione B\">De 88 \u00e0 90 cm<\/td>\n<td align=\"center\" data-label=\"Altezza\">198 cm<\/td>\n<td align=\"center\" data-label=\"Apertura\">44 cm<\/td>\n<\/tr>\n<tr>\n<td align=\"center\" data-label=\"Dimensione\">70x100x70 cm<\/td>\n<td align=\"center\" data-label=\"Estensione A\">De 67,5 \u00e0 70 cm<\/td>\n<td align=\"center\" data-label=\"Estensione B\">De 98 \u00e0 100 cm<\/td>\n<td align=\"center\" data-label=\"Altezza\">198 cm<\/td>\n<td align=\"center\" data-label=\"Apertura\">48 cm<\/td>\n<\/tr>\n<tr>\n<td align=\"center\" data-label=\"Dimensione\">70x120x70 cm<\/td>\n<td align=\"center\" data-label=\"Estensione A\">De 67,5 \u00e0 70 cm<\/td>\n<td align=\"center\" data-label=\"Estensione B\">De 118 \u00e0 120 cm<\/td>\n<td align=\"center\" data-label=\"Altezza\">198 cm<\/td>\n<td align=\"center\" data-label=\"Apertura\">57 cm<\/td>\n<\/tr>\n<tr>\n<td align=\"center\" data-label=\"Dimensione\">75x70x75 cm<\/td>\n<td align=\"center\" data-label=\"Estensione A\">De 72,5 \u00e0 75 cm<\/td>\n<td align=\"center\" data-label=\"Estensione B\">De 68 \u00e0 70 cm<\/td>\n<td align=\"center\" data-label=\"Altezza\">198 cm<\/td>\n<td align=\"center\" data-label=\"Apertura\">38 cm<\/td>\n<\/tr>\n<tr>\n<td align=\"center\" data-label=\"Dimensione\">75x72x75 cm<\/td>\n<td align=\"center\" data-label=\"Estensione A\">De 72,5 \u00e0 75 cm<\/td>\n<td align=\"center\" data-label=\"Estensione B\">De 70 \u00e0 72 cm<\/td>\n<td align=\"center\" data-label=\"Altezza\">198 cm<\/td>\n<td align=\"center\" data-label=\"Apertura\">39 cm<\/td>\n<\/tr>\n<tr>\n<td align=\"center\" data-label=\"Dimensione\">75x75x75 cm<\/td>\n<td align=\"center\" data-label=\"Estensione A\">De 72,5 \u00e0 75 cm<\/td>\n<td align=\"center\" data-label=\"Estensione B\">De 73 \u00e0 75 cm<\/td>\n<td align=\"center\" data-label=\"Altezza\">198 cm<\/td>\n<td align=\"center\" data-label=\"Apertura\">40 cm<\/td>\n<\/tr>\n<tr>\n<td align=\"center\" data-label=\"Dimensione\">75x80x75 cm<\/td>\n<td align=\"center\" data-label=\"Estensione A\">De 72,5 \u00e0 75 cm<\/td>\n<td align=\"center\" data-label=\"Estensione B\">De 78 \u00e0 80 cm<\/td>\n<td align=\"center\" data-label=\"Altezza\">198 cm<\/td>\n<td align=\"center\" data-label=\"Apertura\">42 cm<\/td>\n<\/tr>\n<tr>\n<td align=\"center\" data-label=\"Dimensione\">75x90x75 cm<\/td>\n<td align=\"center\" data-label=\"Estensione A\">De 72,5 \u00e0 75 cm<\/td>\n<td align=\"center\" data-label=\"Estensione B\">De 88 \u00e0 90 cm<\/td>\n<td align=\"center\" data-label=\"Altezza\">198 cm<\/td>\n<td align=\"center\" data-label=\"Apertura\">44 cm<\/td>\n<\/tr>\n<tr>\n<td align=\"center\" data-label=\"Dimensione\">75x100x75 cm<\/td>\n<td align=\"center\" data-label=\"Estensione A\">De 72,5 \u00e0 75 cm<\/td>\n<td align=\"center\" data-label=\"Estensione B\">De 98 \u00e0 100 cm<\/td>\n<td align=\"center\" data-label=\"Altezza\">198 cm<\/td>\n<td align=\"center\" data-label=\"Apertura\">50 cm<\/td>\n<\/tr>\n<tr>\n<td align=\"center\" data-label=\"Dimensione\">75x120x75 cm<\/td>\n<td align=\"center\" data-label=\"Estensione A\">De 72,5 \u00e0 75 cm<\/td>\n<td align=\"center\" data-label=\"Estensione B\">De 118 \u00e0 120 cm<\/td>\n<td align=\"center\" data-label=\"Altezza\">198 cm<\/td>\n<td align=\"center\" data-label=\"Apertura\">58 cm<\/td>\n<\/tr>\n<tr>\n<td align=\"center\" data-label=\"Dimensione\">80x70x80 cm<\/td>\n<td align=\"center\" data-label=\"Estensione A\">De 77,5 \u00e0 80 cm<\/td>\n<td align=\"center\" data-label=\"Estensione B\">De 68 \u00e0 70 cm<\/td>\n<td align=\"center\" data-label=\"Altezza\">198 cm<\/td>\n<td align=\"center\" data-label=\"Apertura\">40 cm<\/td>\n<\/tr>\n<tr>\n<td align=\"center\" data-label=\"Dimensione\">80x72x80 cm<\/td>\n<td align=\"center\" data-label=\"Estensione A\">De 77,5 \u00e0 80 cm<\/td>\n<td align=\"center\" data-label=\"Estensione B\">De 70 \u00e0 72 cm<\/td>\n<td align=\"center\" data-label=\"Altezza\">198 cm<\/td>\n<td align=\"center\" data-label=\"Apertura\">40 cm<\/td>\n<\/tr>\n<tr>\n<td align=\"center\" data-label=\"Dimensione\">80x75x80 cm<\/td>\n<td align=\"center\" data-label=\"Estensione A\">De 77,5 \u00e0 80 cm<\/td>\n<td align=\"center\" data-label=\"Estensione B\">De 73 \u00e0 75 cm<\/td>\n<td align=\"center\" data-label=\"Altezza\">198 cm<\/td>\n<td align=\"center\" data-label=\"Apertura\">42 cm<\/td>\n<\/tr>\n<tr>\n<td align=\"center\" data-label=\"Dimensione\">80x80x80 cm<\/td>\n<td align=\"center\" data-label=\"Estensione A\">De 77,5 \u00e0 80 cm<\/td>\n<td align=\"center\" data-label=\"Estensione B\">De 78 \u00e0 80 cm<\/td>\n<td align=\"center\" data-label=\"Altezza\">198 cm<\/td>\n<td align=\"center\" data-label=\"Apertura\">44 cm<\/td>\n<\/tr>\n<tr>\n<td align=\"center\" data-label=\"Dimensione\">80x90x80 cm<\/td>\n<td align=\"center\" data-label=\"Estensione A\">De 77,5 \u00e0 80 cm<\/td>\n<td align=\"center\" data-label=\"Estensione B\">De 88 \u00e0 90 cm<\/td>\n<td align=\"center\" data-label=\"Altezza\">198 cm<\/td>\n<td align=\"center\" data-label=\"Apertura\">47 cm<\/td>\n<\/tr>\n<tr>\n<td align=\"center\" data-label=\"Dimensione\">80x100x80 cm<\/td>\n<td align=\"center\" data-label=\"Estensione A\">De 77,5 \u00e0 80 cm<\/td>\n<td align=\"center\" data-label=\"Estensione B\">De 98 \u00e0 100 cm<\/td>\n<td align=\"center\" data-label=\"Altezza\">198 cm<\/td>\n<td align=\"center\" data-label=\"Apertura\">51 cm<\/td>\n<\/tr>\n<tr>\n<td align=\"center\" data-label=\"Dimensione\">80x120x80 cm<\/td>\n<td align=\"center\" data-label=\"Estensione A\">De 77,5 \u00e0 80 cm<\/td>\n<td align=\"center\" data-label=\"Estensione B\">De 118 \u00e0 120 cm<\/td>\n<td align=\"center\" data-label=\"Altezza\">198 cm<\/td>\n<td align=\"center\" data-label=\"Apertura\">59 cm<\/td>\n<\/tr>\n<tr>\n<td align=\"center\" data-label=\"Dimensione\">90x70x90 cm<\/td>\n<td align=\"center\" data-label=\"Estensione A\">De 87,5 \u00e0 90 cm<\/td>\n<td align=\"center\" data-label=\"Estensione B\">De 68 \u00e0 70 cm<\/td>\n<td align=\"center\" data-label=\"Altezza\">198 cm<\/td>\n<td align=\"center\" data-label=\"Apertura\">44 cm<\/td>\n<\/tr>\n<tr>\n<td align=\"center\" data-label=\"Dimensione\">90x72x90 cm<\/td>\n<td align=\"center\" data-label=\"Estensione A\">De 87,5 \u00e0 90 cm<\/td>\n<td align=\"center\" data-label=\"Estensione B\">De 70 \u00e0 72 cm<\/td>\n<td align=\"center\" data-label=\"Altezza\">198 cm<\/td>\n<td align=\"center\" data-label=\"Apertura\">44 cm<\/td>\n<\/tr>\n<tr>\n<td align=\"center\" data-label=\"Dimensione\">90x75x90 cm<\/td>\n<td align=\"center\" data-label=\"Estensione A\">De 87,5 \u00e0 90 cm<\/td>\n<td align=\"center\" data-label=\"Estensione B\">De 73 \u00e0 75 cm<\/td>\n<td align=\"center\" data-label=\"Altezza\">198 cm<\/td>\n<td align=\"center\" data-label=\"Apertura\">44 cm<\/td>\n<\/tr>\n<tr>\n<td align=\"center\" data-label=\"Dimensione\">90x80x90 cm<\/td>\n<td align=\"center\" data-label=\"Estensione A\">De 87,5 \u00e0 90 cm<\/td>\n<td align=\"center\" data-label=\"Estensione B\">De 78 \u00e0 80 cm<\/td>\n<td align=\"center\" data-label=\"Altezza\">198 cm<\/td>\n<td align=\"center\" data-label=\"Apertura\">47 cm<\/td>\n<\/tr>\n<tr>\n<td align=\"center\" data-label=\"Dimensione\">90x90x90 cm<\/td>\n<td align=\"center\" data-label=\"Estensione A\">De 87,5 \u00e0 90 cm<\/td>\n<td align=\"center\" data-label=\"Estensione B\">De 88 \u00e0 90 cm<\/td>\n<td align=\"center\" data-label=\"Altezza\">198 cm<\/td>\n<td align=\"center\" data-label=\"Apertura\">51 cm<\/td>\n<\/tr>\n<tr>\n<td align=\"center\" data-label=\"Dimensione\">90x100x90 cm<\/td>\n<td align=\"center\" data-label=\"Estensione A\">De 87,5 \u00e0 90 cm<\/td>\n<td align=\"center\" data-label=\"Estensione B\">De 98 \u00e0 100 cm<\/td>\n<td align=\"center\" data-label=\"Altezza\">198 cm<\/td>\n<td align=\"center\" data-label=\"Apertura\">54 cm<\/td>\n<\/tr>\n<tr>\n<td align=\"center\" data-label=\"Dimensione\">90x120x90 cm<\/td>\n<td align=\"center\" data-label=\"Estensione A\">De 87,5 \u00e0 90 cm<\/td>\n<td align=\"center\" data-label=\"Estensione B\">De 118 \u00e0 120 cm<\/td>\n<td align=\"center\" data-label=\"Altezza\">198 cm<\/td>\n<td align=\"center\" data-label=\"Apertura\">59 cm<\/td>\n<\/tr>\n<\/tbody>\n<\/table>\n<\/p><\/p>\n","protected":false},"excerpt":{"rendered":"<p>Cabine de douche 3 c\u00f4t\u00e9s, syst\u00e8me de coulisse apparent, hauteur 198 cm, disponible en verre transparent ou opaque mod\u00e8le BOX060<\/p>\n","protected":false},"featured_media":38238,"comment_status":"open","ping_status":"closed","template":"","meta":[],"product_brand":[9891],"product_cat":[15],"product_tag":[],"class_list":{"0":"post-80818","1":"product","2":"type-product","3":"status-publish","4":"has-post-thumbnail","6":"product_brand-idralite-fr","7":"product_cat-senza-categoria","9":"first","10":"outofstock","11":"taxable","12":"shipping-taxable","13":"purchasable","14":"product-type-simple"},"exclude_global_add_ons":false,"addons":[{"name":"CAMPI_DIMENSIONI\r\n","type":"select","position":0,"required":true,"title_format":"label","default":"","description_enable":false,"description":"","placeholder_enable":false,"placeholder":"","display":"select","restrictions_type":"any_text","adjust_price":false,"price":"","price_type":"","restrictions":false,"min":"0","max":"0","options":[]},{"name":"CAMPI_CRISTALLO\r\n","type":"select","position":0,"required":true,"title_format":"label","default":"","description_enable":false,"description":"","placeholder_enable":false,"placeholder":"","display":"select","restrictions_type":"any_text","adjust_price":false,"price":"","price_type":"","restrictions":false,"min":"0","max":"0","options":[]},{"name":"CAMPI_PROFILO_DI_COMPENSAZIONE\r\n","type":"select","position":0,"required":true,"title_format":"label","default":"","description_enable":false,"description":"","placeholder_enable":false,"placeholder":"","display":"select","restrictions_type":"any_text","adjust_price":false,"price":"","price_type":"","restrictions":false,"min":"0","max":"0","options":[]}],"yoast_head":"<!-- This site is optimized with the Yoast SEO plugin v26.7 - https:\/\/yoast.com\/wordpress\/plugins\/seo\/ -->\n<title>Cabine de douche 3 c\u00f4t\u00e9s, syst\u00e8me de coulisse apparent H198 verre transparent ou opaque BOX060<\/title>\n<meta name=\"description\" content=\"Cabine de douche 3 c\u00f4t\u00e9s avec syst\u00e8me de coulisses apparentes hauteur 198 cm et disponible en verre transparent ou opaque mod\u00e8le BOX060\" \/>\n<meta name=\"robots\" content=\"index, follow, max-snippet:-1, max-image-preview:large, max-video-preview:-1\" \/>\n<link rel=\"canonical\" href=\"https:\/\/www.bagnoitalia.com\/fr\/produit\/cabine-de-douche-3-cotes-avec-systeme-de-glissiere-apparente-h198-cristal-transparent-ou-opaque-box060.html\" \/>\n<meta property=\"og:locale\" content=\"fr_FR\" \/>\n<meta property=\"og:type\" content=\"article\" \/>\n<meta property=\"og:title\" content=\"Cabine de douche 3 c\u00f4t\u00e9s, syst\u00e8me de coulisse apparent H198 verre transparent ou opaque BOX060\" \/>\n<meta property=\"og:description\" content=\"Cabine de douche 3 c\u00f4t\u00e9s avec syst\u00e8me de coulisses apparentes hauteur 198 cm et disponible en verre transparent ou opaque mod\u00e8le BOX060\" \/>\n<meta property=\"og:url\" content=\"https:\/\/www.bagnoitalia.com\/fr\/produit\/cabine-de-douche-3-cotes-avec-systeme-de-glissiere-apparente-h198-cristal-transparent-ou-opaque-box060.html\" \/>\n<meta property=\"og:site_name\" content=\"Bagno Italia\" \/>\n<meta property=\"article:modified_time\" content=\"2024-05-16T14:56:51+00:00\" \/>\n<meta property=\"og:image\" content=\"https:\/\/img.bagnoitalia.com\/wp-content\/uploads\/virtuemart\/product\/3-sides-shower-enclosure-box-060-1_1543562624_902.jpg\" \/>\n\t<meta property=\"og:image:width\" content=\"1500\" \/>\n\t<meta property=\"og:image:height\" content=\"1500\" \/>\n\t<meta property=\"og:image:type\" content=\"image\/jpeg\" \/>\n<meta name=\"twitter:card\" content=\"summary_large_image\" \/>\n<meta name=\"twitter:label1\" content=\"Dur\u00e9e de lecture estim\u00e9e\" \/>\n\t<meta name=\"twitter:data1\" content=\"2 minutes\" \/>\n<script type=\"application\/ld+json\" class=\"yoast-schema-graph\">{\"@context\":\"https:\/\/schema.org\",\"@graph\":[{\"@type\":\"WebPage\",\"@id\":\"https:\/\/www.bagnoitalia.com\/fr\/produit\/cabine-de-douche-3-cotes-avec-systeme-de-glissiere-apparente-h198-cristal-transparent-ou-opaque-box060.html\",\"url\":\"https:\/\/www.bagnoitalia.com\/fr\/produit\/cabine-de-douche-3-cotes-avec-systeme-de-glissiere-apparente-h198-cristal-transparent-ou-opaque-box060.html\",\"name\":\"Cabine de douche 3 c\u00f4t\u00e9s, syst\u00e8me de coulisse apparent H198 verre transparent ou opaque BOX060\",\"isPartOf\":{\"@id\":\"https:\/\/www.bagnoitalia.com\/fr#website\"},\"primaryImageOfPage\":{\"@id\":\"https:\/\/www.bagnoitalia.com\/fr\/produit\/cabine-de-douche-3-cotes-avec-systeme-de-glissiere-apparente-h198-cristal-transparent-ou-opaque-box060.html#primaryimage\"},\"image\":{\"@id\":\"https:\/\/www.bagnoitalia.com\/fr\/produit\/cabine-de-douche-3-cotes-avec-systeme-de-glissiere-apparente-h198-cristal-transparent-ou-opaque-box060.html#primaryimage\"},\"thumbnailUrl\":\"https:\/\/img.bagnoitalia.com\/wp-content\/uploads\/virtuemart\/product\/3-sides-shower-enclosure-box-060-1_1543562624_902.jpg\",\"datePublished\":\"2017-09-27T08:00:59+00:00\",\"dateModified\":\"2024-05-16T14:56:51+00:00\",\"description\":\"Cabine de douche 3 c\u00f4t\u00e9s avec syst\u00e8me de coulisses apparentes hauteur 198 cm et disponible en verre transparent ou opaque mod\u00e8le BOX060\",\"breadcrumb\":{\"@id\":\"https:\/\/www.bagnoitalia.com\/fr\/produit\/cabine-de-douche-3-cotes-avec-systeme-de-glissiere-apparente-h198-cristal-transparent-ou-opaque-box060.html#breadcrumb\"},\"inLanguage\":\"fr-FR\",\"potentialAction\":[{\"@type\":\"ReadAction\",\"target\":[\"https:\/\/www.bagnoitalia.com\/fr\/produit\/cabine-de-douche-3-cotes-avec-systeme-de-glissiere-apparente-h198-cristal-transparent-ou-opaque-box060.html\"]}]},{\"@type\":\"ImageObject\",\"inLanguage\":\"fr-FR\",\"@id\":\"https:\/\/www.bagnoitalia.com\/fr\/produit\/cabine-de-douche-3-cotes-avec-systeme-de-glissiere-apparente-h198-cristal-transparent-ou-opaque-box060.html#primaryimage\",\"url\":\"https:\/\/img.bagnoitalia.com\/wp-content\/uploads\/virtuemart\/product\/3-sides-shower-enclosure-box-060-1_1543562624_902.jpg\",\"contentUrl\":\"https:\/\/img.bagnoitalia.com\/wp-content\/uploads\/virtuemart\/product\/3-sides-shower-enclosure-box-060-1_1543562624_902.jpg\",\"width\":1500,\"height\":1500},{\"@type\":\"BreadcrumbList\",\"@id\":\"https:\/\/www.bagnoitalia.com\/fr\/produit\/cabine-de-douche-3-cotes-avec-systeme-de-glissiere-apparente-h198-cristal-transparent-ou-opaque-box060.html#breadcrumb\",\"itemListElement\":[{\"@type\":\"ListItem\",\"position\":1,\"name\":\"Home\",\"item\":\"https:\/\/www.bagnoitalia.com\/fr\"},{\"@type\":\"ListItem\",\"position\":2,\"name\":\"Produits\",\"item\":\"https:\/\/www.bagnoitalia.com\/fr\/shop\"},{\"@type\":\"ListItem\",\"position\":3,\"name\":\"Cabine de douche 3 c\u00f4t\u00e9s, syst\u00e8me de coulisse apparent H198 verre transparent ou opaque BOX060\"}]},{\"@type\":\"WebSite\",\"@id\":\"https:\/\/www.bagnoitalia.com\/fr#website\",\"url\":\"https:\/\/www.bagnoitalia.com\/fr\",\"name\":\"Bagno Italia\",\"description\":\"\",\"publisher\":{\"@id\":\"https:\/\/www.bagnoitalia.com\/fr#organization\"},\"potentialAction\":[{\"@type\":\"SearchAction\",\"target\":{\"@type\":\"EntryPoint\",\"urlTemplate\":\"https:\/\/www.bagnoitalia.com\/fr?s={search_term_string}\"},\"query-input\":{\"@type\":\"PropertyValueSpecification\",\"valueRequired\":true,\"valueName\":\"search_term_string\"}}],\"inLanguage\":\"fr-FR\"},{\"@type\":\"Organization\",\"@id\":\"https:\/\/www.bagnoitalia.com\/fr#organization\",\"name\":\"Bagno Italia\",\"url\":\"https:\/\/www.bagnoitalia.com\/fr\",\"logo\":{\"@type\":\"ImageObject\",\"inLanguage\":\"fr-FR\",\"@id\":\"https:\/\/www.bagnoitalia.com\/fr#\/schema\/logo\/image\/\",\"url\":\"https:\/\/img.bagnoitalia.com\/wp-content\/uploads\/logo-bagnoitalia.webp\",\"contentUrl\":\"https:\/\/img.bagnoitalia.com\/wp-content\/uploads\/logo-bagnoitalia.webp\",\"width\":400,\"height\":70,\"caption\":\"Bagno Italia\"},\"image\":{\"@id\":\"https:\/\/www.bagnoitalia.com\/fr#\/schema\/logo\/image\/\"}}]}<\/script>\n<!-- \/ Yoast SEO plugin. -->","yoast_head_json":{"title":"Cabine de douche 3 c\u00f4t\u00e9s, syst\u00e8me de coulisse apparent H198 verre transparent ou opaque BOX060","description":"Cabine de douche 3 c\u00f4t\u00e9s avec syst\u00e8me de coulisses apparentes hauteur 198 cm et disponible en verre transparent ou opaque mod\u00e8le BOX060","robots":{"index":"index","follow":"follow","max-snippet":"max-snippet:-1","max-image-preview":"max-image-preview:large","max-video-preview":"max-video-preview:-1"},"canonical":"https:\/\/www.bagnoitalia.com\/fr\/produit\/cabine-de-douche-3-cotes-avec-systeme-de-glissiere-apparente-h198-cristal-transparent-ou-opaque-box060.html","og_locale":"fr_FR","og_type":"article","og_title":"Cabine de douche 3 c\u00f4t\u00e9s, syst\u00e8me de coulisse apparent H198 verre transparent ou opaque BOX060","og_description":"Cabine de douche 3 c\u00f4t\u00e9s avec syst\u00e8me de coulisses apparentes hauteur 198 cm et disponible en verre transparent ou opaque mod\u00e8le BOX060","og_url":"https:\/\/www.bagnoitalia.com\/fr\/produit\/cabine-de-douche-3-cotes-avec-systeme-de-glissiere-apparente-h198-cristal-transparent-ou-opaque-box060.html","og_site_name":"Bagno Italia","article_modified_time":"2024-05-16T14:56:51+00:00","og_image":[{"width":1500,"height":1500,"url":"https:\/\/img.bagnoitalia.com\/wp-content\/uploads\/virtuemart\/product\/3-sides-shower-enclosure-box-060-1_1543562624_902.jpg","type":"image\/jpeg"}],"twitter_card":"summary_large_image","twitter_misc":{"Dur\u00e9e de lecture estim\u00e9e":"2 minutes"},"schema":{"@context":"https:\/\/schema.org","@graph":[{"@type":"WebPage","@id":"https:\/\/www.bagnoitalia.com\/fr\/produit\/cabine-de-douche-3-cotes-avec-systeme-de-glissiere-apparente-h198-cristal-transparent-ou-opaque-box060.html","url":"https:\/\/www.bagnoitalia.com\/fr\/produit\/cabine-de-douche-3-cotes-avec-systeme-de-glissiere-apparente-h198-cristal-transparent-ou-opaque-box060.html","name":"Cabine de douche 3 c\u00f4t\u00e9s, syst\u00e8me de coulisse apparent H198 verre transparent ou opaque BOX060","isPartOf":{"@id":"https:\/\/www.bagnoitalia.com\/fr#website"},"primaryImageOfPage":{"@id":"https:\/\/www.bagnoitalia.com\/fr\/produit\/cabine-de-douche-3-cotes-avec-systeme-de-glissiere-apparente-h198-cristal-transparent-ou-opaque-box060.html#primaryimage"},"image":{"@id":"https:\/\/www.bagnoitalia.com\/fr\/produit\/cabine-de-douche-3-cotes-avec-systeme-de-glissiere-apparente-h198-cristal-transparent-ou-opaque-box060.html#primaryimage"},"thumbnailUrl":"https:\/\/img.bagnoitalia.com\/wp-content\/uploads\/virtuemart\/product\/3-sides-shower-enclosure-box-060-1_1543562624_902.jpg","datePublished":"2017-09-27T08:00:59+00:00","dateModified":"2024-05-16T14:56:51+00:00","description":"Cabine de douche 3 c\u00f4t\u00e9s avec syst\u00e8me de coulisses apparentes hauteur 198 cm et disponible en verre transparent ou opaque mod\u00e8le BOX060","breadcrumb":{"@id":"https:\/\/www.bagnoitalia.com\/fr\/produit\/cabine-de-douche-3-cotes-avec-systeme-de-glissiere-apparente-h198-cristal-transparent-ou-opaque-box060.html#breadcrumb"},"inLanguage":"fr-FR","potentialAction":[{"@type":"ReadAction","target":["https:\/\/www.bagnoitalia.com\/fr\/produit\/cabine-de-douche-3-cotes-avec-systeme-de-glissiere-apparente-h198-cristal-transparent-ou-opaque-box060.html"]}]},{"@type":"ImageObject","inLanguage":"fr-FR","@id":"https:\/\/www.bagnoitalia.com\/fr\/produit\/cabine-de-douche-3-cotes-avec-systeme-de-glissiere-apparente-h198-cristal-transparent-ou-opaque-box060.html#primaryimage","url":"https:\/\/img.bagnoitalia.com\/wp-content\/uploads\/virtuemart\/product\/3-sides-shower-enclosure-box-060-1_1543562624_902.jpg","contentUrl":"https:\/\/img.bagnoitalia.com\/wp-content\/uploads\/virtuemart\/product\/3-sides-shower-enclosure-box-060-1_1543562624_902.jpg","width":1500,"height":1500},{"@type":"BreadcrumbList","@id":"https:\/\/www.bagnoitalia.com\/fr\/produit\/cabine-de-douche-3-cotes-avec-systeme-de-glissiere-apparente-h198-cristal-transparent-ou-opaque-box060.html#breadcrumb","itemListElement":[{"@type":"ListItem","position":1,"name":"Home","item":"https:\/\/www.bagnoitalia.com\/fr"},{"@type":"ListItem","position":2,"name":"Produits","item":"https:\/\/www.bagnoitalia.com\/fr\/shop"},{"@type":"ListItem","position":3,"name":"Cabine de douche 3 c\u00f4t\u00e9s, syst\u00e8me de coulisse apparent H198 verre transparent ou opaque BOX060"}]},{"@type":"WebSite","@id":"https:\/\/www.bagnoitalia.com\/fr#website","url":"https:\/\/www.bagnoitalia.com\/fr","name":"Bagno Italia","description":"","publisher":{"@id":"https:\/\/www.bagnoitalia.com\/fr#organization"},"potentialAction":[{"@type":"SearchAction","target":{"@type":"EntryPoint","urlTemplate":"https:\/\/www.bagnoitalia.com\/fr?s={search_term_string}"},"query-input":{"@type":"PropertyValueSpecification","valueRequired":true,"valueName":"search_term_string"}}],"inLanguage":"fr-FR"},{"@type":"Organization","@id":"https:\/\/www.bagnoitalia.com\/fr#organization","name":"Bagno Italia","url":"https:\/\/www.bagnoitalia.com\/fr","logo":{"@type":"ImageObject","inLanguage":"fr-FR","@id":"https:\/\/www.bagnoitalia.com\/fr#\/schema\/logo\/image\/","url":"https:\/\/img.bagnoitalia.com\/wp-content\/uploads\/logo-bagnoitalia.webp","contentUrl":"https:\/\/img.bagnoitalia.com\/wp-content\/uploads\/logo-bagnoitalia.webp","width":400,"height":70,"caption":"Bagno Italia"},"image":{"@id":"https:\/\/www.bagnoitalia.com\/fr#\/schema\/logo\/image\/"}}]}},"_links":{"self":[{"href":"https:\/\/www.bagnoitalia.com\/fr\/wp-json\/wp\/v2\/product\/80818","targetHints":{"allow":["GET"]}}],"collection":[{"href":"https:\/\/www.bagnoitalia.com\/fr\/wp-json\/wp\/v2\/product"}],"about":[{"href":"https:\/\/www.bagnoitalia.com\/fr\/wp-json\/wp\/v2\/types\/product"}],"replies":[{"embeddable":true,"href":"https:\/\/www.bagnoitalia.com\/fr\/wp-json\/wp\/v2\/comments?post=80818"}],"version-history":[{"count":0,"href":"https:\/\/www.bagnoitalia.com\/fr\/wp-json\/wp\/v2\/product\/80818\/revisions"}],"wp:featuredmedia":[{"embeddable":true,"href":"https:\/\/www.bagnoitalia.com\/fr\/wp-json\/wp\/v2\/media\/38238"}],"wp:attachment":[{"href":"https:\/\/www.bagnoitalia.com\/fr\/wp-json\/wp\/v2\/media?parent=80818"}],"wp:term":[{"taxonomy":"product_brand","embeddable":true,"href":"https:\/\/www.bagnoitalia.com\/fr\/wp-json\/wp\/v2\/product_brand?post=80818"},{"taxonomy":"product_cat","embeddable":true,"href":"https:\/\/www.bagnoitalia.com\/fr\/wp-json\/wp\/v2\/product_cat?post=80818"},{"taxonomy":"product_tag","embeddable":true,"href":"https:\/\/www.bagnoitalia.com\/fr\/wp-json\/wp\/v2\/product_tag?post=80818"}],"curies":[{"name":"wp","href":"https:\/\/api.w.org\/{rel}","templated":true}]}}