{"id":80786,"date":"2017-09-19T15:20:34","date_gmt":"2017-09-19T13:20:34","guid":{"rendered":"https:\/\/www.bagnoitalia.com\/product\/cabine-d-39-hydromassage-140x90-cm-avec-12-hydro-jets-avec-ou-sans-sauna-cb051"},"modified":"2025-10-06T17:12:53","modified_gmt":"2025-10-06T15:12:53","slug":"cabine-d-39-hydromassage-140x90-cm-avec-12-hydro-jets-avec-ou-sans-sauna-cb051","status":"publish","type":"product","link":"https:\/\/www.bagnoitalia.com\/fr\/produit\/cabine-d-39-hydromassage-140x90-cm-avec-12-hydro-jets-avec-ou-sans-sauna-cb051.html","title":{"rendered":"Cabine d&rsquo;hydromassage 140x90cm avec 12 jets de bain turc et Bluetooth CB051"},"content":{"rendered":"<p><strong><span dir=\"auto\">Cabine d&rsquo;hydromassage CB051<\/span><\/strong><\/p>\n<p>&nbsp;<\/p>\n<p><span dir=\"auto\">Caract\u00e9ristiques:<\/span><\/p>\n<p><span dir=\"auto\">Cabine de douche hydromassante 140x90xH215 cm<\/span><\/p>\n<p><span dir=\"auto\">Receveur de douche en ABS renforc\u00e9 de trois couches de r\u00e9sine ;<\/span><\/p>\n<p><span dir=\"auto\">Verre tremp\u00e9 transparent de 6 mm anti-\u00e9clats<\/span><\/p>\n<p><span dir=\"auto\">12 jets d&rsquo;hydromassage<\/span><\/p>\n<p><span dir=\"auto\">bain turc<\/span><\/p>\n<p><span dir=\"auto\">Th\u00e9rapie \u00e0 l&rsquo;ozone<\/span><\/p>\n<p><span dir=\"auto\">Aromath\u00e9rapie<\/span><\/p>\n<p><span dir=\"auto\">Chromoth\u00e9rapie<\/span><\/p>\n<p><span dir=\"auto\">Massage des pieds<\/span><\/p>\n<p><span dir=\"auto\">R\u00e9cepteur t\u00e9l\u00e9phonique<\/span><\/p>\n<p><span dir=\"auto\">Douche lat\u00e9rale<\/span><\/p>\n<p><span dir=\"auto\">Pommeau de douche central<\/span><\/p>\n<p><span dir=\"auto\">Radio<\/span><\/p>\n<p><span dir=\"auto\">Intervenants<\/span><\/p>\n<p><span dir=\"auto\">Porte-bouteille<\/span><\/p>\n<p><span dir=\"auto\">Panneau de commande tactile<\/span><\/p>\n<p><span dir=\"auto\">Miroir<\/span><\/p>\n<p><span dir=\"auto\">Profil\u00e9s en aluminium<\/span><\/p>\n<p><span dir=\"auto\">Si\u00e8ge large<\/span><\/p>\n","protected":false},"excerpt":{"rendered":"<div class=\"woocommerce-product-details__short-description\">\n<p><span dir=\"auto\">Cabine de douche hydromassante de 140x90x215H cm \u00e9quip\u00e9e de bain turc, ozonoth\u00e9rapie, aromath\u00e9rapie, chromoth\u00e9rapie.<\/span><\/p>\n<\/div>\n<div class=\"woocommerce-product-rating\">\n<div class=\"star-rating\" role=\"img\" aria-label=\"Not\u00e9 5,00 sur 5\"><\/div>\n<\/div>\n","protected":false},"featured_media":112274,"comment_status":"open","ping_status":"closed","template":"","meta":[],"product_brand":[9924],"product_cat":[9735],"product_tag":[],"class_list":{"0":"post-80786","1":"product","2":"type-product","3":"status-publish","4":"has-post-thumbnail","6":"product_brand-predator-arredo-casa-fr","7":"product_cat-cabine-d-39-hydromassage","9":"first","10":"instock","11":"sale","12":"taxable","13":"shipping-taxable","14":"purchasable","15":"product-type-simple"},"exclude_global_add_ons":[],"addons":[],"yoast_head":"<!-- This site is optimized with the Yoast SEO plugin v26.7 - https:\/\/yoast.com\/wordpress\/plugins\/seo\/ -->\n<title>Cabine d&#039;hydromassage 140x90 cm avec 12 hydrojets avec ou sans bain turc CB051<\/title>\n<meta name=\"description\" content=\"Cabine d&#039;hydromassage 140x90 avec 12 jets d&#039;eau et receveur de douche en ABS\" \/>\n<meta name=\"robots\" content=\"index, follow, max-snippet:-1, max-image-preview:large, max-video-preview:-1\" \/>\n<link rel=\"canonical\" href=\"https:\/\/www.bagnoitalia.com\/fr\/produit\/cabine-d-39-hydromassage-140x90-cm-avec-12-hydro-jets-avec-ou-sans-sauna-cb051.html\" \/>\n<meta property=\"og:locale\" content=\"fr_FR\" \/>\n<meta property=\"og:type\" content=\"article\" \/>\n<meta property=\"og:title\" content=\"Cabine d&#039;hydromassage 140x90 cm avec 12 hydrojets avec ou sans bain turc CB051\" \/>\n<meta property=\"og:description\" content=\"Cabine d&#039;hydromassage 140x90 avec 12 jets d&#039;eau et receveur de douche en ABS\" \/>\n<meta property=\"og:url\" content=\"https:\/\/www.bagnoitalia.com\/fr\/produit\/cabine-d-39-hydromassage-140x90-cm-avec-12-hydro-jets-avec-ou-sans-sauna-cb051.html\" \/>\n<meta property=\"og:site_name\" content=\"Bagno Italia\" \/>\n<meta property=\"article:modified_time\" content=\"2025-10-06T15:12:53+00:00\" \/>\n<meta property=\"og:image\" content=\"https:\/\/img.bagnoitalia.com\/wp-content\/uploads\/cabina-idromassaggio-140x90-bluetooth-bagnoturco.jpg\" \/>\n\t<meta property=\"og:image:width\" content=\"1000\" \/>\n\t<meta property=\"og:image:height\" content=\"1000\" \/>\n\t<meta property=\"og:image:type\" content=\"image\/jpeg\" \/>\n<meta name=\"twitter:card\" content=\"summary_large_image\" \/>\n<meta name=\"twitter:label1\" content=\"Dur\u00e9e de lecture estim\u00e9e\" \/>\n\t<meta name=\"twitter:data1\" content=\"1 minute\" \/>\n<script type=\"application\/ld+json\" class=\"yoast-schema-graph\">{\"@context\":\"https:\/\/schema.org\",\"@graph\":[{\"@type\":\"WebPage\",\"@id\":\"https:\/\/www.bagnoitalia.com\/fr\/produit\/cabine-d-39-hydromassage-140x90-cm-avec-12-hydro-jets-avec-ou-sans-sauna-cb051.html\",\"url\":\"https:\/\/www.bagnoitalia.com\/fr\/produit\/cabine-d-39-hydromassage-140x90-cm-avec-12-hydro-jets-avec-ou-sans-sauna-cb051.html\",\"name\":\"Cabine d'hydromassage 140x90 cm avec 12 hydrojets avec ou sans bain turc CB051\",\"isPartOf\":{\"@id\":\"https:\/\/www.bagnoitalia.com\/fr#website\"},\"primaryImageOfPage\":{\"@id\":\"https:\/\/www.bagnoitalia.com\/fr\/produit\/cabine-d-39-hydromassage-140x90-cm-avec-12-hydro-jets-avec-ou-sans-sauna-cb051.html#primaryimage\"},\"image\":{\"@id\":\"https:\/\/www.bagnoitalia.com\/fr\/produit\/cabine-d-39-hydromassage-140x90-cm-avec-12-hydro-jets-avec-ou-sans-sauna-cb051.html#primaryimage\"},\"thumbnailUrl\":\"https:\/\/img.bagnoitalia.com\/wp-content\/uploads\/cabina-idromassaggio-140x90-bluetooth-bagnoturco.jpg\",\"datePublished\":\"2017-09-19T13:20:34+00:00\",\"dateModified\":\"2025-10-06T15:12:53+00:00\",\"description\":\"Cabine d'hydromassage 140x90 avec 12 jets d'eau et receveur de douche en ABS\",\"breadcrumb\":{\"@id\":\"https:\/\/www.bagnoitalia.com\/fr\/produit\/cabine-d-39-hydromassage-140x90-cm-avec-12-hydro-jets-avec-ou-sans-sauna-cb051.html#breadcrumb\"},\"inLanguage\":\"fr-FR\",\"potentialAction\":[{\"@type\":\"ReadAction\",\"target\":[\"https:\/\/www.bagnoitalia.com\/fr\/produit\/cabine-d-39-hydromassage-140x90-cm-avec-12-hydro-jets-avec-ou-sans-sauna-cb051.html\"]}]},{\"@type\":\"ImageObject\",\"inLanguage\":\"fr-FR\",\"@id\":\"https:\/\/www.bagnoitalia.com\/fr\/produit\/cabine-d-39-hydromassage-140x90-cm-avec-12-hydro-jets-avec-ou-sans-sauna-cb051.html#primaryimage\",\"url\":\"https:\/\/img.bagnoitalia.com\/wp-content\/uploads\/cabina-idromassaggio-140x90-bluetooth-bagnoturco.jpg\",\"contentUrl\":\"https:\/\/img.bagnoitalia.com\/wp-content\/uploads\/cabina-idromassaggio-140x90-bluetooth-bagnoturco.jpg\",\"width\":1000,\"height\":1000},{\"@type\":\"BreadcrumbList\",\"@id\":\"https:\/\/www.bagnoitalia.com\/fr\/produit\/cabine-d-39-hydromassage-140x90-cm-avec-12-hydro-jets-avec-ou-sans-sauna-cb051.html#breadcrumb\",\"itemListElement\":[{\"@type\":\"ListItem\",\"position\":1,\"name\":\"Home\",\"item\":\"https:\/\/www.bagnoitalia.com\/fr\"},{\"@type\":\"ListItem\",\"position\":2,\"name\":\"Produits\",\"item\":\"https:\/\/www.bagnoitalia.com\/fr\/shop\"},{\"@type\":\"ListItem\",\"position\":3,\"name\":\"Cabine d&#8217;hydromassage 140x90cm avec 12 jets de bain turc et Bluetooth CB051\"}]},{\"@type\":\"WebSite\",\"@id\":\"https:\/\/www.bagnoitalia.com\/fr#website\",\"url\":\"https:\/\/www.bagnoitalia.com\/fr\",\"name\":\"Bagno Italia\",\"description\":\"\",\"publisher\":{\"@id\":\"https:\/\/www.bagnoitalia.com\/fr#organization\"},\"potentialAction\":[{\"@type\":\"SearchAction\",\"target\":{\"@type\":\"EntryPoint\",\"urlTemplate\":\"https:\/\/www.bagnoitalia.com\/fr?s={search_term_string}\"},\"query-input\":{\"@type\":\"PropertyValueSpecification\",\"valueRequired\":true,\"valueName\":\"search_term_string\"}}],\"inLanguage\":\"fr-FR\"},{\"@type\":\"Organization\",\"@id\":\"https:\/\/www.bagnoitalia.com\/fr#organization\",\"name\":\"Bagno Italia\",\"url\":\"https:\/\/www.bagnoitalia.com\/fr\",\"logo\":{\"@type\":\"ImageObject\",\"inLanguage\":\"fr-FR\",\"@id\":\"https:\/\/www.bagnoitalia.com\/fr#\/schema\/logo\/image\/\",\"url\":\"https:\/\/img.bagnoitalia.com\/wp-content\/uploads\/logo-bagnoitalia.webp\",\"contentUrl\":\"https:\/\/img.bagnoitalia.com\/wp-content\/uploads\/logo-bagnoitalia.webp\",\"width\":400,\"height\":70,\"caption\":\"Bagno Italia\"},\"image\":{\"@id\":\"https:\/\/www.bagnoitalia.com\/fr#\/schema\/logo\/image\/\"}}]}<\/script>\n<!-- \/ Yoast SEO plugin. -->","yoast_head_json":{"title":"Cabine d'hydromassage 140x90 cm avec 12 hydrojets avec ou sans bain turc CB051","description":"Cabine d'hydromassage 140x90 avec 12 jets d'eau et receveur de douche en ABS","robots":{"index":"index","follow":"follow","max-snippet":"max-snippet:-1","max-image-preview":"max-image-preview:large","max-video-preview":"max-video-preview:-1"},"canonical":"https:\/\/www.bagnoitalia.com\/fr\/produit\/cabine-d-39-hydromassage-140x90-cm-avec-12-hydro-jets-avec-ou-sans-sauna-cb051.html","og_locale":"fr_FR","og_type":"article","og_title":"Cabine d'hydromassage 140x90 cm avec 12 hydrojets avec ou sans bain turc CB051","og_description":"Cabine d'hydromassage 140x90 avec 12 jets d'eau et receveur de douche en ABS","og_url":"https:\/\/www.bagnoitalia.com\/fr\/produit\/cabine-d-39-hydromassage-140x90-cm-avec-12-hydro-jets-avec-ou-sans-sauna-cb051.html","og_site_name":"Bagno Italia","article_modified_time":"2025-10-06T15:12:53+00:00","og_image":[{"width":1000,"height":1000,"url":"https:\/\/img.bagnoitalia.com\/wp-content\/uploads\/cabina-idromassaggio-140x90-bluetooth-bagnoturco.jpg","type":"image\/jpeg"}],"twitter_card":"summary_large_image","twitter_misc":{"Dur\u00e9e de lecture estim\u00e9e":"1 minute"},"schema":{"@context":"https:\/\/schema.org","@graph":[{"@type":"WebPage","@id":"https:\/\/www.bagnoitalia.com\/fr\/produit\/cabine-d-39-hydromassage-140x90-cm-avec-12-hydro-jets-avec-ou-sans-sauna-cb051.html","url":"https:\/\/www.bagnoitalia.com\/fr\/produit\/cabine-d-39-hydromassage-140x90-cm-avec-12-hydro-jets-avec-ou-sans-sauna-cb051.html","name":"Cabine d'hydromassage 140x90 cm avec 12 hydrojets avec ou sans bain turc CB051","isPartOf":{"@id":"https:\/\/www.bagnoitalia.com\/fr#website"},"primaryImageOfPage":{"@id":"https:\/\/www.bagnoitalia.com\/fr\/produit\/cabine-d-39-hydromassage-140x90-cm-avec-12-hydro-jets-avec-ou-sans-sauna-cb051.html#primaryimage"},"image":{"@id":"https:\/\/www.bagnoitalia.com\/fr\/produit\/cabine-d-39-hydromassage-140x90-cm-avec-12-hydro-jets-avec-ou-sans-sauna-cb051.html#primaryimage"},"thumbnailUrl":"https:\/\/img.bagnoitalia.com\/wp-content\/uploads\/cabina-idromassaggio-140x90-bluetooth-bagnoturco.jpg","datePublished":"2017-09-19T13:20:34+00:00","dateModified":"2025-10-06T15:12:53+00:00","description":"Cabine d'hydromassage 140x90 avec 12 jets d'eau et receveur de douche en ABS","breadcrumb":{"@id":"https:\/\/www.bagnoitalia.com\/fr\/produit\/cabine-d-39-hydromassage-140x90-cm-avec-12-hydro-jets-avec-ou-sans-sauna-cb051.html#breadcrumb"},"inLanguage":"fr-FR","potentialAction":[{"@type":"ReadAction","target":["https:\/\/www.bagnoitalia.com\/fr\/produit\/cabine-d-39-hydromassage-140x90-cm-avec-12-hydro-jets-avec-ou-sans-sauna-cb051.html"]}]},{"@type":"ImageObject","inLanguage":"fr-FR","@id":"https:\/\/www.bagnoitalia.com\/fr\/produit\/cabine-d-39-hydromassage-140x90-cm-avec-12-hydro-jets-avec-ou-sans-sauna-cb051.html#primaryimage","url":"https:\/\/img.bagnoitalia.com\/wp-content\/uploads\/cabina-idromassaggio-140x90-bluetooth-bagnoturco.jpg","contentUrl":"https:\/\/img.bagnoitalia.com\/wp-content\/uploads\/cabina-idromassaggio-140x90-bluetooth-bagnoturco.jpg","width":1000,"height":1000},{"@type":"BreadcrumbList","@id":"https:\/\/www.bagnoitalia.com\/fr\/produit\/cabine-d-39-hydromassage-140x90-cm-avec-12-hydro-jets-avec-ou-sans-sauna-cb051.html#breadcrumb","itemListElement":[{"@type":"ListItem","position":1,"name":"Home","item":"https:\/\/www.bagnoitalia.com\/fr"},{"@type":"ListItem","position":2,"name":"Produits","item":"https:\/\/www.bagnoitalia.com\/fr\/shop"},{"@type":"ListItem","position":3,"name":"Cabine d&#8217;hydromassage 140x90cm avec 12 jets de bain turc et Bluetooth CB051"}]},{"@type":"WebSite","@id":"https:\/\/www.bagnoitalia.com\/fr#website","url":"https:\/\/www.bagnoitalia.com\/fr","name":"Bagno Italia","description":"","publisher":{"@id":"https:\/\/www.bagnoitalia.com\/fr#organization"},"potentialAction":[{"@type":"SearchAction","target":{"@type":"EntryPoint","urlTemplate":"https:\/\/www.bagnoitalia.com\/fr?s={search_term_string}"},"query-input":{"@type":"PropertyValueSpecification","valueRequired":true,"valueName":"search_term_string"}}],"inLanguage":"fr-FR"},{"@type":"Organization","@id":"https:\/\/www.bagnoitalia.com\/fr#organization","name":"Bagno Italia","url":"https:\/\/www.bagnoitalia.com\/fr","logo":{"@type":"ImageObject","inLanguage":"fr-FR","@id":"https:\/\/www.bagnoitalia.com\/fr#\/schema\/logo\/image\/","url":"https:\/\/img.bagnoitalia.com\/wp-content\/uploads\/logo-bagnoitalia.webp","contentUrl":"https:\/\/img.bagnoitalia.com\/wp-content\/uploads\/logo-bagnoitalia.webp","width":400,"height":70,"caption":"Bagno Italia"},"image":{"@id":"https:\/\/www.bagnoitalia.com\/fr#\/schema\/logo\/image\/"}}]}},"_links":{"self":[{"href":"https:\/\/www.bagnoitalia.com\/fr\/wp-json\/wp\/v2\/product\/80786","targetHints":{"allow":["GET"]}}],"collection":[{"href":"https:\/\/www.bagnoitalia.com\/fr\/wp-json\/wp\/v2\/product"}],"about":[{"href":"https:\/\/www.bagnoitalia.com\/fr\/wp-json\/wp\/v2\/types\/product"}],"replies":[{"embeddable":true,"href":"https:\/\/www.bagnoitalia.com\/fr\/wp-json\/wp\/v2\/comments?post=80786"}],"version-history":[{"count":1,"href":"https:\/\/www.bagnoitalia.com\/fr\/wp-json\/wp\/v2\/product\/80786\/revisions"}],"predecessor-version":[{"id":112279,"href":"https:\/\/www.bagnoitalia.com\/fr\/wp-json\/wp\/v2\/product\/80786\/revisions\/112279"}],"wp:featuredmedia":[{"embeddable":true,"href":"https:\/\/www.bagnoitalia.com\/fr\/wp-json\/wp\/v2\/media\/112274"}],"wp:attachment":[{"href":"https:\/\/www.bagnoitalia.com\/fr\/wp-json\/wp\/v2\/media?parent=80786"}],"wp:term":[{"taxonomy":"product_brand","embeddable":true,"href":"https:\/\/www.bagnoitalia.com\/fr\/wp-json\/wp\/v2\/product_brand?post=80786"},{"taxonomy":"product_cat","embeddable":true,"href":"https:\/\/www.bagnoitalia.com\/fr\/wp-json\/wp\/v2\/product_cat?post=80786"},{"taxonomy":"product_tag","embeddable":true,"href":"https:\/\/www.bagnoitalia.com\/fr\/wp-json\/wp\/v2\/product_tag?post=80786"}],"curies":[{"name":"wp","href":"https:\/\/api.w.org\/{rel}","templated":true}]}}