{"id":80698,"date":"2017-06-28T13:44:57","date_gmt":"2017-06-28T11:44:57","guid":{"rendered":"https:\/\/www.bagnoitalia.com\/product\/cabine-de-douche-semi-circulaire-90x90-double-ouverture-centrale-cristal-h200-6mm-transparent-box053"},"modified":"2024-05-16T16:56:35","modified_gmt":"2024-05-16T14:56:35","slug":"cabine-de-douche-semi-circulaire-90x90-double-ouverture-centrale-cristal-h200-6mm-transparent-box053","status":"publish","type":"product","link":"https:\/\/www.bagnoitalia.com\/fr\/produit\/cabine-de-douche-semi-circulaire-90x90-double-ouverture-centrale-cristal-h200-6mm-transparent-box053.html","title":{"rendered":"Cabine de douche semi-circulaire 90&#215;90 H200 double ouverture centrale \u00e0 charni\u00e8res, verre transparent 6mm BOX053"},"content":{"rendered":"<p style=\"margin-bottom: 0cm;\"><span style=\"text-decoration: underline; color: #ff0000;\"><strong><span style=\"font-size: 14pt;\">Cabine de douche semi-circulaire, double ouverture \u00e0 charni\u00e8re, verre transparent 6mm BOX053<\/span><\/strong><\/span><\/p>\n<\/p>\n<p style=\"margin-bottom: 0cm;\"><span style=\"text-decoration: underline;\"><strong><span style=\"font-size: 12pt;\">Sp\u00e9cifications techniques:<\/span><\/strong><\/span><\/p>\n<ul>\n<li style=\"margin-bottom: 0cm;\"><span style=\"font-size: 12pt;\">Cabine de douche compos\u00e9e de deux c\u00f4t\u00e9s fixes et d&rsquo;une double ouverture centrale battante<\/span><\/li>\n<li style=\"margin-bottom: 0cm;\"><span style=\"font-size: 12pt;\">Dimensions: 90&#215;90<\/span><\/li>\n<li style=\"margin-bottom: 0cm;\"><span style=\"font-size: 12pt;\">Verre tremp\u00e9 de 6 mm d&rsquo;\u00e9paisseur \u00e0 finition transparente<\/span><\/li>\n<li style=\"margin-bottom: 0cm;\"><span style=\"font-size: 12pt;\">Kit de vis et poign\u00e9e en acier inoxydable chrom\u00e9<\/span><\/li>\n<li style=\"margin-bottom: 0cm;\"><span style=\"font-size: 12pt;\">Installation possible sur des murs inclin\u00e9s (15-20 mm), sur receveur ou directement au sol<\/span><\/li>\n<li style=\"margin-bottom: 0cm;\"><span style=\"font-size: 12pt;\">Cabine de douche r\u00e9versible compl\u00e8tement<\/span><\/li>\n<\/ul>\n<p><span style=\"font-size: 12pt;\"><strong>Dans le menu en haut \u00e0 droite, vous pouvez acheter le receveur de douche 90&#215;90 \u00e0 assortir \u00e0 la cabine de douche.<\/strong><\/span><\/p><\/p>\n","protected":false},"excerpt":{"rendered":"<p>Cabine de douche semi-circulaire 90&#215;90 cm, double ouverture centrale \u00e0 charni\u00e8res, hauteur 200 cm, verre transparent 6mm mod\u00e8le BOX053<\/p>\n","protected":false},"featured_media":37074,"comment_status":"open","ping_status":"closed","template":"","meta":[],"product_brand":[9918],"product_cat":[15],"product_tag":[],"class_list":{"0":"post-80698","1":"product","2":"type-product","3":"status-publish","4":"has-post-thumbnail","6":"product_brand-goccioline-ambrosia-group-fr","7":"product_cat-senza-categoria","9":"first","10":"outofstock","11":"taxable","12":"shipping-taxable","13":"purchasable","14":"product-type-simple"},"exclude_global_add_ons":false,"addons":[{"name":"CAMPI_PIATTO_DOCCIA\r\n","type":"select","position":0,"required":true,"title_format":"label","default":"","description_enable":false,"description":"","placeholder_enable":false,"placeholder":"","display":"select","restrictions_type":"any_text","adjust_price":false,"price":"","price_type":"","restrictions":false,"min":"0","max":"0","options":[]}],"yoast_head":"<!-- This site is optimized with the Yoast SEO plugin v26.7 - https:\/\/yoast.com\/wordpress\/plugins\/seo\/ -->\n<title>Cabine de douche semi-circulaire 90x90 H200 double ouverture centrale \u00e0 charni\u00e8res, verre transparent 6mm BOX053<\/title>\n<meta name=\"description\" content=\"Cabine de douche semi-circulaire de 90x90 avec double ouverture centrale \u00e0 charni\u00e8res, hauteur 200 cm et avec verre transparent de 6mm\" \/>\n<meta name=\"robots\" content=\"index, follow, max-snippet:-1, max-image-preview:large, max-video-preview:-1\" \/>\n<link rel=\"canonical\" href=\"https:\/\/www.bagnoitalia.com\/fr\/produit\/cabine-de-douche-semi-circulaire-90x90-double-ouverture-centrale-cristal-h200-6mm-transparent-box053.html\" \/>\n<meta property=\"og:locale\" content=\"fr_FR\" \/>\n<meta property=\"og:type\" content=\"article\" \/>\n<meta property=\"og:title\" content=\"Cabine de douche semi-circulaire 90x90 H200 double ouverture centrale \u00e0 charni\u00e8res, verre transparent 6mm BOX053\" \/>\n<meta property=\"og:description\" content=\"Cabine de douche semi-circulaire de 90x90 avec double ouverture centrale \u00e0 charni\u00e8res, hauteur 200 cm et avec verre transparent de 6mm\" \/>\n<meta property=\"og:url\" content=\"https:\/\/www.bagnoitalia.com\/fr\/produit\/cabine-de-douche-semi-circulaire-90x90-double-ouverture-centrale-cristal-h200-6mm-transparent-box053.html\" \/>\n<meta property=\"og:site_name\" content=\"Bagno Italia\" \/>\n<meta property=\"article:modified_time\" content=\"2024-05-16T14:56:35+00:00\" \/>\n<meta property=\"og:image\" content=\"https:\/\/img.bagnoitalia.com\/wp-content\/uploads\/virtuemart\/product\/Semicircular-shower-enclosure-90x90-box053-1_1543564992_183.jpg\" \/>\n\t<meta property=\"og:image:width\" content=\"500\" \/>\n\t<meta property=\"og:image:height\" content=\"500\" \/>\n\t<meta property=\"og:image:type\" content=\"image\/jpeg\" \/>\n<meta name=\"twitter:card\" content=\"summary_large_image\" \/>\n<script type=\"application\/ld+json\" class=\"yoast-schema-graph\">{\"@context\":\"https:\/\/schema.org\",\"@graph\":[{\"@type\":\"WebPage\",\"@id\":\"https:\/\/www.bagnoitalia.com\/fr\/produit\/cabine-de-douche-semi-circulaire-90x90-double-ouverture-centrale-cristal-h200-6mm-transparent-box053.html\",\"url\":\"https:\/\/www.bagnoitalia.com\/fr\/produit\/cabine-de-douche-semi-circulaire-90x90-double-ouverture-centrale-cristal-h200-6mm-transparent-box053.html\",\"name\":\"Cabine de douche semi-circulaire 90x90 H200 double ouverture centrale \u00e0 charni\u00e8res, verre transparent 6mm BOX053\",\"isPartOf\":{\"@id\":\"https:\/\/www.bagnoitalia.com\/fr#website\"},\"primaryImageOfPage\":{\"@id\":\"https:\/\/www.bagnoitalia.com\/fr\/produit\/cabine-de-douche-semi-circulaire-90x90-double-ouverture-centrale-cristal-h200-6mm-transparent-box053.html#primaryimage\"},\"image\":{\"@id\":\"https:\/\/www.bagnoitalia.com\/fr\/produit\/cabine-de-douche-semi-circulaire-90x90-double-ouverture-centrale-cristal-h200-6mm-transparent-box053.html#primaryimage\"},\"thumbnailUrl\":\"https:\/\/img.bagnoitalia.com\/wp-content\/uploads\/virtuemart\/product\/Semicircular-shower-enclosure-90x90-box053-1_1543564992_183.jpg\",\"datePublished\":\"2017-06-28T11:44:57+00:00\",\"dateModified\":\"2024-05-16T14:56:35+00:00\",\"description\":\"Cabine de douche semi-circulaire de 90x90 avec double ouverture centrale \u00e0 charni\u00e8res, hauteur 200 cm et avec verre transparent de 6mm\",\"breadcrumb\":{\"@id\":\"https:\/\/www.bagnoitalia.com\/fr\/produit\/cabine-de-douche-semi-circulaire-90x90-double-ouverture-centrale-cristal-h200-6mm-transparent-box053.html#breadcrumb\"},\"inLanguage\":\"fr-FR\",\"potentialAction\":[{\"@type\":\"ReadAction\",\"target\":[\"https:\/\/www.bagnoitalia.com\/fr\/produit\/cabine-de-douche-semi-circulaire-90x90-double-ouverture-centrale-cristal-h200-6mm-transparent-box053.html\"]}]},{\"@type\":\"ImageObject\",\"inLanguage\":\"fr-FR\",\"@id\":\"https:\/\/www.bagnoitalia.com\/fr\/produit\/cabine-de-douche-semi-circulaire-90x90-double-ouverture-centrale-cristal-h200-6mm-transparent-box053.html#primaryimage\",\"url\":\"https:\/\/img.bagnoitalia.com\/wp-content\/uploads\/virtuemart\/product\/Semicircular-shower-enclosure-90x90-box053-1_1543564992_183.jpg\",\"contentUrl\":\"https:\/\/img.bagnoitalia.com\/wp-content\/uploads\/virtuemart\/product\/Semicircular-shower-enclosure-90x90-box053-1_1543564992_183.jpg\",\"width\":500,\"height\":500},{\"@type\":\"BreadcrumbList\",\"@id\":\"https:\/\/www.bagnoitalia.com\/fr\/produit\/cabine-de-douche-semi-circulaire-90x90-double-ouverture-centrale-cristal-h200-6mm-transparent-box053.html#breadcrumb\",\"itemListElement\":[{\"@type\":\"ListItem\",\"position\":1,\"name\":\"Home\",\"item\":\"https:\/\/www.bagnoitalia.com\/fr\"},{\"@type\":\"ListItem\",\"position\":2,\"name\":\"Produits\",\"item\":\"https:\/\/www.bagnoitalia.com\/fr\/shop\"},{\"@type\":\"ListItem\",\"position\":3,\"name\":\"Cabine de douche semi-circulaire 90&#215;90 H200 double ouverture centrale \u00e0 charni\u00e8res, verre transparent 6mm BOX053\"}]},{\"@type\":\"WebSite\",\"@id\":\"https:\/\/www.bagnoitalia.com\/fr#website\",\"url\":\"https:\/\/www.bagnoitalia.com\/fr\",\"name\":\"Bagno Italia\",\"description\":\"\",\"publisher\":{\"@id\":\"https:\/\/www.bagnoitalia.com\/fr#organization\"},\"potentialAction\":[{\"@type\":\"SearchAction\",\"target\":{\"@type\":\"EntryPoint\",\"urlTemplate\":\"https:\/\/www.bagnoitalia.com\/fr?s={search_term_string}\"},\"query-input\":{\"@type\":\"PropertyValueSpecification\",\"valueRequired\":true,\"valueName\":\"search_term_string\"}}],\"inLanguage\":\"fr-FR\"},{\"@type\":\"Organization\",\"@id\":\"https:\/\/www.bagnoitalia.com\/fr#organization\",\"name\":\"Bagno Italia\",\"url\":\"https:\/\/www.bagnoitalia.com\/fr\",\"logo\":{\"@type\":\"ImageObject\",\"inLanguage\":\"fr-FR\",\"@id\":\"https:\/\/www.bagnoitalia.com\/fr#\/schema\/logo\/image\/\",\"url\":\"https:\/\/img.bagnoitalia.com\/wp-content\/uploads\/logo-bagnoitalia.webp\",\"contentUrl\":\"https:\/\/img.bagnoitalia.com\/wp-content\/uploads\/logo-bagnoitalia.webp\",\"width\":400,\"height\":70,\"caption\":\"Bagno Italia\"},\"image\":{\"@id\":\"https:\/\/www.bagnoitalia.com\/fr#\/schema\/logo\/image\/\"}}]}<\/script>\n<!-- \/ Yoast SEO plugin. -->","yoast_head_json":{"title":"Cabine de douche semi-circulaire 90x90 H200 double ouverture centrale \u00e0 charni\u00e8res, verre transparent 6mm BOX053","description":"Cabine de douche semi-circulaire de 90x90 avec double ouverture centrale \u00e0 charni\u00e8res, hauteur 200 cm et avec verre transparent de 6mm","robots":{"index":"index","follow":"follow","max-snippet":"max-snippet:-1","max-image-preview":"max-image-preview:large","max-video-preview":"max-video-preview:-1"},"canonical":"https:\/\/www.bagnoitalia.com\/fr\/produit\/cabine-de-douche-semi-circulaire-90x90-double-ouverture-centrale-cristal-h200-6mm-transparent-box053.html","og_locale":"fr_FR","og_type":"article","og_title":"Cabine de douche semi-circulaire 90x90 H200 double ouverture centrale \u00e0 charni\u00e8res, verre transparent 6mm BOX053","og_description":"Cabine de douche semi-circulaire de 90x90 avec double ouverture centrale \u00e0 charni\u00e8res, hauteur 200 cm et avec verre transparent de 6mm","og_url":"https:\/\/www.bagnoitalia.com\/fr\/produit\/cabine-de-douche-semi-circulaire-90x90-double-ouverture-centrale-cristal-h200-6mm-transparent-box053.html","og_site_name":"Bagno Italia","article_modified_time":"2024-05-16T14:56:35+00:00","og_image":[{"width":500,"height":500,"url":"https:\/\/img.bagnoitalia.com\/wp-content\/uploads\/virtuemart\/product\/Semicircular-shower-enclosure-90x90-box053-1_1543564992_183.jpg","type":"image\/jpeg"}],"twitter_card":"summary_large_image","schema":{"@context":"https:\/\/schema.org","@graph":[{"@type":"WebPage","@id":"https:\/\/www.bagnoitalia.com\/fr\/produit\/cabine-de-douche-semi-circulaire-90x90-double-ouverture-centrale-cristal-h200-6mm-transparent-box053.html","url":"https:\/\/www.bagnoitalia.com\/fr\/produit\/cabine-de-douche-semi-circulaire-90x90-double-ouverture-centrale-cristal-h200-6mm-transparent-box053.html","name":"Cabine de douche semi-circulaire 90x90 H200 double ouverture centrale \u00e0 charni\u00e8res, verre transparent 6mm BOX053","isPartOf":{"@id":"https:\/\/www.bagnoitalia.com\/fr#website"},"primaryImageOfPage":{"@id":"https:\/\/www.bagnoitalia.com\/fr\/produit\/cabine-de-douche-semi-circulaire-90x90-double-ouverture-centrale-cristal-h200-6mm-transparent-box053.html#primaryimage"},"image":{"@id":"https:\/\/www.bagnoitalia.com\/fr\/produit\/cabine-de-douche-semi-circulaire-90x90-double-ouverture-centrale-cristal-h200-6mm-transparent-box053.html#primaryimage"},"thumbnailUrl":"https:\/\/img.bagnoitalia.com\/wp-content\/uploads\/virtuemart\/product\/Semicircular-shower-enclosure-90x90-box053-1_1543564992_183.jpg","datePublished":"2017-06-28T11:44:57+00:00","dateModified":"2024-05-16T14:56:35+00:00","description":"Cabine de douche semi-circulaire de 90x90 avec double ouverture centrale \u00e0 charni\u00e8res, hauteur 200 cm et avec verre transparent de 6mm","breadcrumb":{"@id":"https:\/\/www.bagnoitalia.com\/fr\/produit\/cabine-de-douche-semi-circulaire-90x90-double-ouverture-centrale-cristal-h200-6mm-transparent-box053.html#breadcrumb"},"inLanguage":"fr-FR","potentialAction":[{"@type":"ReadAction","target":["https:\/\/www.bagnoitalia.com\/fr\/produit\/cabine-de-douche-semi-circulaire-90x90-double-ouverture-centrale-cristal-h200-6mm-transparent-box053.html"]}]},{"@type":"ImageObject","inLanguage":"fr-FR","@id":"https:\/\/www.bagnoitalia.com\/fr\/produit\/cabine-de-douche-semi-circulaire-90x90-double-ouverture-centrale-cristal-h200-6mm-transparent-box053.html#primaryimage","url":"https:\/\/img.bagnoitalia.com\/wp-content\/uploads\/virtuemart\/product\/Semicircular-shower-enclosure-90x90-box053-1_1543564992_183.jpg","contentUrl":"https:\/\/img.bagnoitalia.com\/wp-content\/uploads\/virtuemart\/product\/Semicircular-shower-enclosure-90x90-box053-1_1543564992_183.jpg","width":500,"height":500},{"@type":"BreadcrumbList","@id":"https:\/\/www.bagnoitalia.com\/fr\/produit\/cabine-de-douche-semi-circulaire-90x90-double-ouverture-centrale-cristal-h200-6mm-transparent-box053.html#breadcrumb","itemListElement":[{"@type":"ListItem","position":1,"name":"Home","item":"https:\/\/www.bagnoitalia.com\/fr"},{"@type":"ListItem","position":2,"name":"Produits","item":"https:\/\/www.bagnoitalia.com\/fr\/shop"},{"@type":"ListItem","position":3,"name":"Cabine de douche semi-circulaire 90&#215;90 H200 double ouverture centrale \u00e0 charni\u00e8res, verre transparent 6mm BOX053"}]},{"@type":"WebSite","@id":"https:\/\/www.bagnoitalia.com\/fr#website","url":"https:\/\/www.bagnoitalia.com\/fr","name":"Bagno Italia","description":"","publisher":{"@id":"https:\/\/www.bagnoitalia.com\/fr#organization"},"potentialAction":[{"@type":"SearchAction","target":{"@type":"EntryPoint","urlTemplate":"https:\/\/www.bagnoitalia.com\/fr?s={search_term_string}"},"query-input":{"@type":"PropertyValueSpecification","valueRequired":true,"valueName":"search_term_string"}}],"inLanguage":"fr-FR"},{"@type":"Organization","@id":"https:\/\/www.bagnoitalia.com\/fr#organization","name":"Bagno Italia","url":"https:\/\/www.bagnoitalia.com\/fr","logo":{"@type":"ImageObject","inLanguage":"fr-FR","@id":"https:\/\/www.bagnoitalia.com\/fr#\/schema\/logo\/image\/","url":"https:\/\/img.bagnoitalia.com\/wp-content\/uploads\/logo-bagnoitalia.webp","contentUrl":"https:\/\/img.bagnoitalia.com\/wp-content\/uploads\/logo-bagnoitalia.webp","width":400,"height":70,"caption":"Bagno Italia"},"image":{"@id":"https:\/\/www.bagnoitalia.com\/fr#\/schema\/logo\/image\/"}}]}},"_links":{"self":[{"href":"https:\/\/www.bagnoitalia.com\/fr\/wp-json\/wp\/v2\/product\/80698","targetHints":{"allow":["GET"]}}],"collection":[{"href":"https:\/\/www.bagnoitalia.com\/fr\/wp-json\/wp\/v2\/product"}],"about":[{"href":"https:\/\/www.bagnoitalia.com\/fr\/wp-json\/wp\/v2\/types\/product"}],"replies":[{"embeddable":true,"href":"https:\/\/www.bagnoitalia.com\/fr\/wp-json\/wp\/v2\/comments?post=80698"}],"version-history":[{"count":0,"href":"https:\/\/www.bagnoitalia.com\/fr\/wp-json\/wp\/v2\/product\/80698\/revisions"}],"wp:featuredmedia":[{"embeddable":true,"href":"https:\/\/www.bagnoitalia.com\/fr\/wp-json\/wp\/v2\/media\/37074"}],"wp:attachment":[{"href":"https:\/\/www.bagnoitalia.com\/fr\/wp-json\/wp\/v2\/media?parent=80698"}],"wp:term":[{"taxonomy":"product_brand","embeddable":true,"href":"https:\/\/www.bagnoitalia.com\/fr\/wp-json\/wp\/v2\/product_brand?post=80698"},{"taxonomy":"product_cat","embeddable":true,"href":"https:\/\/www.bagnoitalia.com\/fr\/wp-json\/wp\/v2\/product_cat?post=80698"},{"taxonomy":"product_tag","embeddable":true,"href":"https:\/\/www.bagnoitalia.com\/fr\/wp-json\/wp\/v2\/product_tag?post=80698"}],"curies":[{"name":"wp","href":"https:\/\/api.w.org\/{rel}","templated":true}]}}