{"id":80686,"date":"2017-06-28T12:05:03","date_gmt":"2017-06-28T10:05:03","guid":{"rendered":"https:\/\/www.bagnoitalia.com\/product\/porte-de-douche-murale-porte-coulissante-h200-cristal-8mm-fume-pr028"},"modified":"2024-05-16T16:56:33","modified_gmt":"2024-05-16T14:56:33","slug":"porte-de-douche-murale-porte-coulissante-h200-cristal-8mm-fume-pr028","status":"publish","type":"product","link":"https:\/\/www.bagnoitalia.com\/fr\/produit\/porte-de-douche-murale-porte-coulissante-h200-cristal-8mm-fume-pr028.html","title":{"rendered":"Porte de douche \u00e0 paroi fixe et porte coulissante H200 cm verre 8mm fum\u00e9 PR028"},"content":{"rendered":"<p style=\"margin-bottom: 0cm;\"><span style=\"text-decoration: underline; font-size: 14pt; color: #ff0000;\"><strong><span style=\"font-size: 12pt;\">Porte de douche \u00e0 paroi fixe et porte coulissante verre fum\u00e9 8mm PR028<\/span><\/strong><\/span><\/p>\n<\/p>\n<p style=\"margin-bottom: 0cm;\"><span style=\"text-decoration: underline;\"><strong><span style=\"font-size: 12pt;\">Sp\u00e9cifications techniques:<\/span><\/strong><\/span><\/p>\n<ul>\n<li style=\"margin-bottom: 0cm;\"><span style=\"font-size: 12pt;\">Verre tremp\u00e9 finition fum\u00e9e de 8 mm d&rsquo;\u00e9paisseur<\/span><\/li>\n<li style=\"margin-bottom: 0cm;\"><span style=\"font-size: 12pt;\">Porte coulissante avec rail en aluminium<\/span><\/li>\n<li style=\"margin-bottom: 0cm;\"><span style=\"font-size: 12pt;\">Syst\u00e8me de coulisse en nylon et acier inoxydable<\/span><\/li>\n<li style=\"margin-bottom: 0cm;\"><span style=\"font-size: 12pt;\">Guide de coulissement \u00e0 d\u00e9crochage rapide (pour faciliter l&rsquo;installation et le nettoyage)<\/span><\/li>\n<li style=\"margin-bottom: 0cm;\"><span style=\"font-size: 12pt;\">Structure en aluminium et vis cach\u00e9es<\/span><\/li>\n<li style=\"margin-bottom: 0cm;\"><span style=\"font-size: 12pt;\">Tol\u00e9rance de -10 \u00e0 +10 mm par c\u00f4t\u00e9<\/span><\/li>\n<li style=\"margin-bottom: 0cm;\"><span style=\"font-size: 12pt;\">Kit de vis et poign\u00e9e en acier inoxydable chrom\u00e9<\/span><\/li>\n<li style=\"margin-bottom: 0cm;\"><span style=\"font-size: 12pt;\">Possibilit\u00e9 d&rsquo;installation sur des murs inclin\u00e9s (15-20 mm), sur le receveur ou m\u00eame au sol<\/span><\/li>\n<li style=\"margin-bottom: 0cm;\"><span style=\"font-size: 12pt;\">Porte de douche r\u00e9versible<\/span><\/li>\n<\/ul>\n","protected":false},"excerpt":{"rendered":"<p>Porte de douche \u00e0 paroi fixe et porte coulissante hauteur 200 cm verre 8mm fum\u00e9 mod\u00e8le PR028<\/p>\n","protected":false},"featured_media":36986,"comment_status":"open","ping_status":"closed","template":"","meta":[],"product_brand":[9918],"product_cat":[15],"product_tag":[],"class_list":{"0":"post-80686","1":"product","2":"type-product","3":"status-publish","4":"has-post-thumbnail","6":"product_brand-goccioline-ambrosia-group-fr","7":"product_cat-senza-categoria","9":"first","10":"outofstock","11":"taxable","12":"shipping-taxable","13":"purchasable","14":"product-type-simple"},"exclude_global_add_ons":false,"addons":[{"name":"CAMPI_DIMENSIONI\r\n","type":"select","position":0,"required":true,"title_format":"label","default":"","description_enable":false,"description":"","placeholder_enable":false,"placeholder":"","display":"select","restrictions_type":"any_text","adjust_price":false,"price":"","price_type":"","restrictions":false,"min":"0","max":"0","options":[]}],"yoast_head":"<!-- This site is optimized with the Yoast SEO plugin v26.7 - https:\/\/yoast.com\/wordpress\/plugins\/seo\/ -->\n<title>Porte de douche \u00e0 paroi fixe et porte coulissante H200 cm verre 8mm fum\u00e9 PR028<\/title>\n<meta name=\"description\" content=\"Porte de douche avec paroi fixe et porte coulissante hauteur 200 cm avec cristal de 8mm finition fum\u00e9 mod\u00e8le PR028\" \/>\n<meta name=\"robots\" content=\"index, follow, max-snippet:-1, max-image-preview:large, max-video-preview:-1\" \/>\n<link rel=\"canonical\" href=\"https:\/\/www.bagnoitalia.com\/fr\/produit\/porte-de-douche-murale-porte-coulissante-h200-cristal-8mm-fume-pr028.html\" \/>\n<meta property=\"og:locale\" content=\"fr_FR\" \/>\n<meta property=\"og:type\" content=\"article\" \/>\n<meta property=\"og:title\" content=\"Porte de douche \u00e0 paroi fixe et porte coulissante H200 cm verre 8mm fum\u00e9 PR028\" \/>\n<meta property=\"og:description\" content=\"Porte de douche avec paroi fixe et porte coulissante hauteur 200 cm avec cristal de 8mm finition fum\u00e9 mod\u00e8le PR028\" \/>\n<meta property=\"og:url\" content=\"https:\/\/www.bagnoitalia.com\/fr\/produit\/porte-de-douche-murale-porte-coulissante-h200-cristal-8mm-fume-pr028.html\" \/>\n<meta property=\"og:site_name\" content=\"Bagno Italia\" \/>\n<meta property=\"article:modified_time\" content=\"2024-05-16T14:56:33+00:00\" \/>\n<meta property=\"og:image\" content=\"https:\/\/img.bagnoitalia.com\/wp-content\/uploads\/virtuemart\/product\/shower-door-smoked-glass-reversible-123_1561730720_8109.jpg\" \/>\n\t<meta property=\"og:image:width\" content=\"548\" \/>\n\t<meta property=\"og:image:height\" content=\"548\" \/>\n\t<meta property=\"og:image:type\" content=\"image\/jpeg\" \/>\n<meta name=\"twitter:card\" content=\"summary_large_image\" \/>\n<script type=\"application\/ld+json\" class=\"yoast-schema-graph\">{\"@context\":\"https:\/\/schema.org\",\"@graph\":[{\"@type\":\"WebPage\",\"@id\":\"https:\/\/www.bagnoitalia.com\/fr\/produit\/porte-de-douche-murale-porte-coulissante-h200-cristal-8mm-fume-pr028.html\",\"url\":\"https:\/\/www.bagnoitalia.com\/fr\/produit\/porte-de-douche-murale-porte-coulissante-h200-cristal-8mm-fume-pr028.html\",\"name\":\"Porte de douche \u00e0 paroi fixe et porte coulissante H200 cm verre 8mm fum\u00e9 PR028\",\"isPartOf\":{\"@id\":\"https:\/\/www.bagnoitalia.com\/fr#website\"},\"primaryImageOfPage\":{\"@id\":\"https:\/\/www.bagnoitalia.com\/fr\/produit\/porte-de-douche-murale-porte-coulissante-h200-cristal-8mm-fume-pr028.html#primaryimage\"},\"image\":{\"@id\":\"https:\/\/www.bagnoitalia.com\/fr\/produit\/porte-de-douche-murale-porte-coulissante-h200-cristal-8mm-fume-pr028.html#primaryimage\"},\"thumbnailUrl\":\"https:\/\/img.bagnoitalia.com\/wp-content\/uploads\/virtuemart\/product\/shower-door-smoked-glass-reversible-123_1561730720_8109.jpg\",\"datePublished\":\"2017-06-28T10:05:03+00:00\",\"dateModified\":\"2024-05-16T14:56:33+00:00\",\"description\":\"Porte de douche avec paroi fixe et porte coulissante hauteur 200 cm avec cristal de 8mm finition fum\u00e9 mod\u00e8le PR028\",\"breadcrumb\":{\"@id\":\"https:\/\/www.bagnoitalia.com\/fr\/produit\/porte-de-douche-murale-porte-coulissante-h200-cristal-8mm-fume-pr028.html#breadcrumb\"},\"inLanguage\":\"fr-FR\",\"potentialAction\":[{\"@type\":\"ReadAction\",\"target\":[\"https:\/\/www.bagnoitalia.com\/fr\/produit\/porte-de-douche-murale-porte-coulissante-h200-cristal-8mm-fume-pr028.html\"]}]},{\"@type\":\"ImageObject\",\"inLanguage\":\"fr-FR\",\"@id\":\"https:\/\/www.bagnoitalia.com\/fr\/produit\/porte-de-douche-murale-porte-coulissante-h200-cristal-8mm-fume-pr028.html#primaryimage\",\"url\":\"https:\/\/img.bagnoitalia.com\/wp-content\/uploads\/virtuemart\/product\/shower-door-smoked-glass-reversible-123_1561730720_8109.jpg\",\"contentUrl\":\"https:\/\/img.bagnoitalia.com\/wp-content\/uploads\/virtuemart\/product\/shower-door-smoked-glass-reversible-123_1561730720_8109.jpg\",\"width\":548,\"height\":548},{\"@type\":\"BreadcrumbList\",\"@id\":\"https:\/\/www.bagnoitalia.com\/fr\/produit\/porte-de-douche-murale-porte-coulissante-h200-cristal-8mm-fume-pr028.html#breadcrumb\",\"itemListElement\":[{\"@type\":\"ListItem\",\"position\":1,\"name\":\"Home\",\"item\":\"https:\/\/www.bagnoitalia.com\/fr\"},{\"@type\":\"ListItem\",\"position\":2,\"name\":\"Produits\",\"item\":\"https:\/\/www.bagnoitalia.com\/fr\/shop\"},{\"@type\":\"ListItem\",\"position\":3,\"name\":\"Porte de douche \u00e0 paroi fixe et porte coulissante H200 cm verre 8mm fum\u00e9 PR028\"}]},{\"@type\":\"WebSite\",\"@id\":\"https:\/\/www.bagnoitalia.com\/fr#website\",\"url\":\"https:\/\/www.bagnoitalia.com\/fr\",\"name\":\"Bagno Italia\",\"description\":\"\",\"publisher\":{\"@id\":\"https:\/\/www.bagnoitalia.com\/fr#organization\"},\"potentialAction\":[{\"@type\":\"SearchAction\",\"target\":{\"@type\":\"EntryPoint\",\"urlTemplate\":\"https:\/\/www.bagnoitalia.com\/fr?s={search_term_string}\"},\"query-input\":{\"@type\":\"PropertyValueSpecification\",\"valueRequired\":true,\"valueName\":\"search_term_string\"}}],\"inLanguage\":\"fr-FR\"},{\"@type\":\"Organization\",\"@id\":\"https:\/\/www.bagnoitalia.com\/fr#organization\",\"name\":\"Bagno Italia\",\"url\":\"https:\/\/www.bagnoitalia.com\/fr\",\"logo\":{\"@type\":\"ImageObject\",\"inLanguage\":\"fr-FR\",\"@id\":\"https:\/\/www.bagnoitalia.com\/fr#\/schema\/logo\/image\/\",\"url\":\"https:\/\/img.bagnoitalia.com\/wp-content\/uploads\/logo-bagnoitalia.webp\",\"contentUrl\":\"https:\/\/img.bagnoitalia.com\/wp-content\/uploads\/logo-bagnoitalia.webp\",\"width\":400,\"height\":70,\"caption\":\"Bagno Italia\"},\"image\":{\"@id\":\"https:\/\/www.bagnoitalia.com\/fr#\/schema\/logo\/image\/\"}}]}<\/script>\n<!-- \/ Yoast SEO plugin. -->","yoast_head_json":{"title":"Porte de douche \u00e0 paroi fixe et porte coulissante H200 cm verre 8mm fum\u00e9 PR028","description":"Porte de douche avec paroi fixe et porte coulissante hauteur 200 cm avec cristal de 8mm finition fum\u00e9 mod\u00e8le PR028","robots":{"index":"index","follow":"follow","max-snippet":"max-snippet:-1","max-image-preview":"max-image-preview:large","max-video-preview":"max-video-preview:-1"},"canonical":"https:\/\/www.bagnoitalia.com\/fr\/produit\/porte-de-douche-murale-porte-coulissante-h200-cristal-8mm-fume-pr028.html","og_locale":"fr_FR","og_type":"article","og_title":"Porte de douche \u00e0 paroi fixe et porte coulissante H200 cm verre 8mm fum\u00e9 PR028","og_description":"Porte de douche avec paroi fixe et porte coulissante hauteur 200 cm avec cristal de 8mm finition fum\u00e9 mod\u00e8le PR028","og_url":"https:\/\/www.bagnoitalia.com\/fr\/produit\/porte-de-douche-murale-porte-coulissante-h200-cristal-8mm-fume-pr028.html","og_site_name":"Bagno Italia","article_modified_time":"2024-05-16T14:56:33+00:00","og_image":[{"width":548,"height":548,"url":"https:\/\/img.bagnoitalia.com\/wp-content\/uploads\/virtuemart\/product\/shower-door-smoked-glass-reversible-123_1561730720_8109.jpg","type":"image\/jpeg"}],"twitter_card":"summary_large_image","schema":{"@context":"https:\/\/schema.org","@graph":[{"@type":"WebPage","@id":"https:\/\/www.bagnoitalia.com\/fr\/produit\/porte-de-douche-murale-porte-coulissante-h200-cristal-8mm-fume-pr028.html","url":"https:\/\/www.bagnoitalia.com\/fr\/produit\/porte-de-douche-murale-porte-coulissante-h200-cristal-8mm-fume-pr028.html","name":"Porte de douche \u00e0 paroi fixe et porte coulissante H200 cm verre 8mm fum\u00e9 PR028","isPartOf":{"@id":"https:\/\/www.bagnoitalia.com\/fr#website"},"primaryImageOfPage":{"@id":"https:\/\/www.bagnoitalia.com\/fr\/produit\/porte-de-douche-murale-porte-coulissante-h200-cristal-8mm-fume-pr028.html#primaryimage"},"image":{"@id":"https:\/\/www.bagnoitalia.com\/fr\/produit\/porte-de-douche-murale-porte-coulissante-h200-cristal-8mm-fume-pr028.html#primaryimage"},"thumbnailUrl":"https:\/\/img.bagnoitalia.com\/wp-content\/uploads\/virtuemart\/product\/shower-door-smoked-glass-reversible-123_1561730720_8109.jpg","datePublished":"2017-06-28T10:05:03+00:00","dateModified":"2024-05-16T14:56:33+00:00","description":"Porte de douche avec paroi fixe et porte coulissante hauteur 200 cm avec cristal de 8mm finition fum\u00e9 mod\u00e8le PR028","breadcrumb":{"@id":"https:\/\/www.bagnoitalia.com\/fr\/produit\/porte-de-douche-murale-porte-coulissante-h200-cristal-8mm-fume-pr028.html#breadcrumb"},"inLanguage":"fr-FR","potentialAction":[{"@type":"ReadAction","target":["https:\/\/www.bagnoitalia.com\/fr\/produit\/porte-de-douche-murale-porte-coulissante-h200-cristal-8mm-fume-pr028.html"]}]},{"@type":"ImageObject","inLanguage":"fr-FR","@id":"https:\/\/www.bagnoitalia.com\/fr\/produit\/porte-de-douche-murale-porte-coulissante-h200-cristal-8mm-fume-pr028.html#primaryimage","url":"https:\/\/img.bagnoitalia.com\/wp-content\/uploads\/virtuemart\/product\/shower-door-smoked-glass-reversible-123_1561730720_8109.jpg","contentUrl":"https:\/\/img.bagnoitalia.com\/wp-content\/uploads\/virtuemart\/product\/shower-door-smoked-glass-reversible-123_1561730720_8109.jpg","width":548,"height":548},{"@type":"BreadcrumbList","@id":"https:\/\/www.bagnoitalia.com\/fr\/produit\/porte-de-douche-murale-porte-coulissante-h200-cristal-8mm-fume-pr028.html#breadcrumb","itemListElement":[{"@type":"ListItem","position":1,"name":"Home","item":"https:\/\/www.bagnoitalia.com\/fr"},{"@type":"ListItem","position":2,"name":"Produits","item":"https:\/\/www.bagnoitalia.com\/fr\/shop"},{"@type":"ListItem","position":3,"name":"Porte de douche \u00e0 paroi fixe et porte coulissante H200 cm verre 8mm fum\u00e9 PR028"}]},{"@type":"WebSite","@id":"https:\/\/www.bagnoitalia.com\/fr#website","url":"https:\/\/www.bagnoitalia.com\/fr","name":"Bagno Italia","description":"","publisher":{"@id":"https:\/\/www.bagnoitalia.com\/fr#organization"},"potentialAction":[{"@type":"SearchAction","target":{"@type":"EntryPoint","urlTemplate":"https:\/\/www.bagnoitalia.com\/fr?s={search_term_string}"},"query-input":{"@type":"PropertyValueSpecification","valueRequired":true,"valueName":"search_term_string"}}],"inLanguage":"fr-FR"},{"@type":"Organization","@id":"https:\/\/www.bagnoitalia.com\/fr#organization","name":"Bagno Italia","url":"https:\/\/www.bagnoitalia.com\/fr","logo":{"@type":"ImageObject","inLanguage":"fr-FR","@id":"https:\/\/www.bagnoitalia.com\/fr#\/schema\/logo\/image\/","url":"https:\/\/img.bagnoitalia.com\/wp-content\/uploads\/logo-bagnoitalia.webp","contentUrl":"https:\/\/img.bagnoitalia.com\/wp-content\/uploads\/logo-bagnoitalia.webp","width":400,"height":70,"caption":"Bagno Italia"},"image":{"@id":"https:\/\/www.bagnoitalia.com\/fr#\/schema\/logo\/image\/"}}]}},"_links":{"self":[{"href":"https:\/\/www.bagnoitalia.com\/fr\/wp-json\/wp\/v2\/product\/80686","targetHints":{"allow":["GET"]}}],"collection":[{"href":"https:\/\/www.bagnoitalia.com\/fr\/wp-json\/wp\/v2\/product"}],"about":[{"href":"https:\/\/www.bagnoitalia.com\/fr\/wp-json\/wp\/v2\/types\/product"}],"replies":[{"embeddable":true,"href":"https:\/\/www.bagnoitalia.com\/fr\/wp-json\/wp\/v2\/comments?post=80686"}],"version-history":[{"count":0,"href":"https:\/\/www.bagnoitalia.com\/fr\/wp-json\/wp\/v2\/product\/80686\/revisions"}],"wp:featuredmedia":[{"embeddable":true,"href":"https:\/\/www.bagnoitalia.com\/fr\/wp-json\/wp\/v2\/media\/36986"}],"wp:attachment":[{"href":"https:\/\/www.bagnoitalia.com\/fr\/wp-json\/wp\/v2\/media?parent=80686"}],"wp:term":[{"taxonomy":"product_brand","embeddable":true,"href":"https:\/\/www.bagnoitalia.com\/fr\/wp-json\/wp\/v2\/product_brand?post=80686"},{"taxonomy":"product_cat","embeddable":true,"href":"https:\/\/www.bagnoitalia.com\/fr\/wp-json\/wp\/v2\/product_cat?post=80686"},{"taxonomy":"product_tag","embeddable":true,"href":"https:\/\/www.bagnoitalia.com\/fr\/wp-json\/wp\/v2\/product_tag?post=80686"}],"curies":[{"name":"wp","href":"https:\/\/api.w.org\/{rel}","templated":true}]}}