{"id":80662,"date":"2017-06-12T15:26:18","date_gmt":"2017-06-12T13:26:18","guid":{"rendered":"https:\/\/www.bagnoitalia.com\/product\/paroi-de-douche-3-portes-coulissantes-en-verre-transparent-systeme-de-fermeture-en-douceur-anti-calcaire-8-mm-box049"},"modified":"2024-05-29T16:49:11","modified_gmt":"2024-05-29T14:49:11","slug":"paroi-de-douche-3-portes-coulissantes-en-verre-transparent-systeme-de-fermeture-en-douceur-anti-calcaire-8-mm-box049","status":"publish","type":"product","link":"https:\/\/www.bagnoitalia.com\/fr\/produit\/paroi-de-douche-3-portes-coulissantes-en-verre-transparent-systeme-de-fermeture-en-douceur-anti-calcaire-8-mm-box049.html","title":{"rendered":"Cabine de douche 3 c\u00f4t\u00e9s, porte coulissante,  verre transparent anti-calcaire 8 mm, fermeture amortie BOX049"},"content":{"rendered":"<p style=\"margin-bottom: 0cm;\"><span style=\"font-size: 14pt;\"><strong><span style=\"color: #ff0000;\"><span style=\"font-size: large;\"><span style=\"text-decoration: underline;\">Cabine de douche 3\u00a0c\u00f4t\u00e9s <strong>\u00e0 centrer dans la pi\u00e8ce<\/strong>, porte coulissante, verre transparent avec traitement anti-calcaire de 8 mm et fermeture amortie BOX049<\/span><\/span><\/span><\/strong><\/span><\/p>\n<p style=\"margin-bottom: 0cm;\"><span style=\"font-size: 12pt;\"><strong><span style=\"font-size: medium;\"><span style=\"text-decoration: underline;\">Caract\u00e9ristiques techniques<\/span><\/span><\/strong><\/span><\/p>\n<ul>\n<li>\n<p style=\"margin-bottom: 0cm;\"><span style=\"font-size: 12pt;\">Cabine de douche en verre transparent de 8 mm d&rsquo;\u00e9paisseur<\/span><\/p>\n<\/li>\n<li>\n<p style=\"margin-bottom: 0cm;\"><span style=\"font-size: 12pt;\">Hauteur 195 cm<\/span><\/p>\n<\/li>\n<li>\n<p style=\"margin-bottom: 0cm;\"><span style=\"font-size: 12pt;\">Porte disponible dans les dimensions 90,100,110,120,130 ou 140 cm<\/span><\/p>\n<\/li>\n<li>\n<p style=\"margin-bottom: 0cm;\"><span style=\"font-size: 12pt;\">C\u00f4t\u00e9 fixe et deuxi\u00e8me c\u00f4t\u00e9 fixe disponibles dans les dimensions 70 ou 80 cm<\/span><\/p>\n<\/li>\n<li>\n<p style=\"margin-bottom: 0cm;\"><span style=\"font-size: 12pt;\">Porte coulissante \u00e0 fermeture amortie (ou ralentie)<\/span><\/p>\n<\/li>\n<li>\n<p style=\"margin-bottom: 0cm;\"><span style=\"font-size: 12pt;\">Traitement anti-calcaire pr\u00e9sent uniquement sur la porte et sur le c\u00f4t\u00e9 fixe<\/span><\/p>\n<\/li>\n<li>\n<p style=\"margin-bottom: 0cm;\"><span style=\"font-size: 12pt;\">Cabine de douche r\u00e9versible<\/span><\/p>\n<\/li>\n<li>\n<p style=\"margin-bottom: 0cm;\"><span style=\"font-size: 12pt;\">Profil\u00e9s sup\u00e9rieurs et muraux en aluminium chrom\u00e9<\/span><\/p>\n<\/li>\n<li>\n<p style=\"margin-bottom: 0cm;\"><span style=\"font-size: 12pt;\">La cabine peut aussi \u00eatre install\u00e9e au sol;<\/span><\/p>\n<\/li>\n<li>\n<p style=\"margin-bottom: 0cm;\"><span style=\"font-size: 12pt;\">Poign\u00e9e en zinc chrom\u00e9<\/span><\/p>\n<\/li>\n<\/ul>\n<table style=\"width: 397px; height: 648px;\" border=\"1\" cellspacing=\"0\" cellpadding=\"4\">\n<colgroup>\n<col width=\"77\" \/>\n<col width=\"134\" \/>\n<col width=\"159\" \/><\/colgroup>\n<tbody>\n<tr valign=\"TOP\">\n<td style=\"width: 77px;\"><span style=\"font-size: 12pt;\">Dimensions<\/span><\/td>\n<td style=\"width: 134px;\"><span style=\"font-size: 12pt;\">Tol\u00e9rance paroi fixe<\/span><\/td>\n<td style=\"width: 159px;\"><span style=\"font-size: 12pt;\">Tol\u00e9rance porte coulissante<\/span><\/td>\n<\/tr>\n<tr valign=\"TOP\">\n<td style=\"width: 77px;\"><span style=\"font-size: 12pt;\">70&#215;90<\/span><\/td>\n<td style=\"width: 134px;\"><span style=\"font-size: 12pt;\">68,5 \/ 71 cm<\/span><\/td>\n<td style=\"width: 159px;\"><span style=\"font-size: 12pt;\">88,5 \/ 91 cm<\/span><\/td>\n<\/tr>\n<tr valign=\"TOP\">\n<td style=\"width: 77px;\"><span style=\"font-size: 12pt;\">70&#215;100<\/span><\/td>\n<td style=\"width: 134px;\"><span style=\"font-size: 12pt;\">68,5 \/ 71 cm<\/span><\/td>\n<td style=\"width: 159px;\"><span style=\"font-size: 12pt;\">98,5 \/ 101 cm<\/span><\/td>\n<\/tr>\n<tr valign=\"TOP\">\n<td style=\"width: 77px;\"><span style=\"font-size: 12pt;\">70&#215;110<\/span><\/td>\n<td style=\"width: 134px;\"><span style=\"font-size: 12pt;\">68,8 \/ 71 cm<\/span><\/td>\n<td style=\"width: 159px;\"><span style=\"font-size: 12pt;\">108,5 \/ 111 cm<\/span><\/td>\n<\/tr>\n<tr valign=\"TOP\">\n<td style=\"width: 77px;\"><span style=\"font-size: 12pt;\">70&#215;120<\/span><\/td>\n<td style=\"width: 134px;\"><span style=\"font-size: 12pt;\">68,5 \/ 71 cm<\/span><\/td>\n<td style=\"width: 159px;\"><span style=\"font-size: 12pt;\">118,5 \/ 121 cm<\/span><\/td>\n<\/tr>\n<tr valign=\"TOP\">\n<td style=\"width: 77px;\"><span style=\"font-size: 12pt;\">70&#215;140<\/span><\/td>\n<td style=\"width: 134px;\"><span style=\"font-size: 12pt;\">68,5 \/ 71 cm<\/span><\/td>\n<td style=\"width: 159px;\"><span style=\"font-size: 12pt;\">138,5 \/ 141 cm<\/span><\/td>\n<\/tr>\n<tr valign=\"TOP\">\n<td style=\"width: 77px;\"><span style=\"font-size: 12pt;\">80&#215;90<\/span><\/td>\n<td style=\"width: 134px;\"><span style=\"font-size: 12pt;\">78,5 \/ 81 cm<\/span><\/td>\n<td style=\"width: 159px;\"><span style=\"font-size: 12pt;\">88,5 \/ 91 cm<\/span><\/td>\n<\/tr>\n<tr valign=\"TOP\">\n<td style=\"width: 77px;\"><span style=\"font-size: 12pt;\">80&#215;100<\/span><\/td>\n<td style=\"width: 134px;\"><span style=\"font-size: 12pt;\">78,5 \/ 81 cm<\/span><\/td>\n<td style=\"width: 159px;\"><span style=\"font-size: 12pt;\">98,5 \/ 101 cm<\/span><\/td>\n<\/tr>\n<tr valign=\"TOP\">\n<td style=\"width: 77px;\"><span style=\"font-size: 12pt;\">80&#215;110<\/span><\/td>\n<td style=\"width: 134px;\"><span style=\"font-size: 12pt;\">78,5 \/ 81 cm<\/span><\/td>\n<td style=\"width: 159px;\"><span style=\"font-size: 12pt;\">108,5 \/ 111 cm<\/span><\/td>\n<\/tr>\n<tr valign=\"TOP\">\n<td style=\"width: 77px;\"><span style=\"font-size: 12pt;\">80&#215;120<\/span><\/td>\n<td style=\"width: 134px;\"><span style=\"font-size: 12pt;\">78,5 \/ 81 cm<\/span><\/td>\n<td style=\"width: 159px;\"><span style=\"font-size: 12pt;\">118,5 \/ 121 cm<\/span><\/td>\n<\/tr>\n<tr valign=\"TOP\">\n<td style=\"width: 77px;\"><span style=\"font-size: 12pt;\">80&#215;140<\/span><\/td>\n<td style=\"width: 134px;\"><span style=\"font-size: 12pt;\">78,5 \/ 81 cm<\/span><\/td>\n<td style=\"width: 159px;\"><span style=\"font-size: 12pt;\">138,5 \/ 141 cm<\/span><\/td>\n<\/tr>\n<\/tbody>\n<\/table>\n","protected":false},"excerpt":{"rendered":"<p>Cabine de douche 3 c\u00f4t\u00e9s, porte coulissante, verre transparent de 8 mm avec traitement anti-calcaire et fermeture amortie, mod\u00e8le BOX049<\/p>\n","protected":false},"featured_media":36794,"comment_status":"open","ping_status":"closed","template":"","meta":[],"product_brand":[5008],"product_cat":[9815,9711],"product_tag":[],"class_list":{"0":"post-80662","1":"product","2":"type-product","3":"status-publish","4":"has-post-thumbnail","6":"product_brand-idrom","7":"product_cat-cabine-de-douche-a-trois-cotes-boite-de-douche","8":"product_cat-boite-de-douche","10":"first","11":"instock","12":"sale","13":"taxable","14":"shipping-taxable","15":"purchasable","16":"product-type-simple"},"exclude_global_add_ons":false,"addons":[{"name":"dimensions","type":"multiple_choice","position":0,"required":true,"title_format":"heading","default":"","description_enable":false,"description":"","placeholder_enable":false,"placeholder":"","display":"select","restrictions_type":"any_text","adjust_price":false,"price":"","price_type":"flat_fee","restrictions":false,"min":"0","max":"0","options":[{"label":"70x70x90 cm","price":"","price_type":"quantity_based","image":0,"visibility":true},{"label":"70x70x100 cm","price":"19","price_type":"quantity_based","image":0,"visibility":true},{"label":"70x70x110 cm","price":"49","price_type":"quantity_based","image":0,"visibility":true},{"label":"70x70x120 cm","price":"89","price_type":"quantity_based","image":0,"visibility":true},{"label":"70x70x130 cm","price":"99","price_type":"quantity_based","image":0,"visibility":true},{"label":"70x70x140 cm","price":"109","price_type":"quantity_based","image":0,"visibility":true},{"label":"80x80x90 cm","price":"31","price_type":"quantity_based","image":0,"visibility":true},{"label":"80x80x100 cm","price":"50","price_type":"quantity_based","image":0,"visibility":true},{"label":"80x80x110 cm","price":"80","price_type":"quantity_based","image":0,"visibility":true},{"label":"80x80x120 cm","price":"120","price_type":"quantity_based","image":0,"visibility":true},{"label":"80x80x130 cm","price":"130","price_type":"quantity_based","image":0,"visibility":true},{"label":"80x80x140 cm","price":"140","price_type":"quantity_based","image":0,"visibility":true},{"label":"90x90x90 cm","price":"59","price_type":"quantity_based","image":0,"visibility":true},{"label":"90x90x100 cm","price":"78","price_type":"quantity_based","image":0,"visibility":true},{"label":"90x90x110 cm","price":"108","price_type":"quantity_based","image":0,"visibility":true},{"label":"90x90x120 cm","price":"148","price_type":"quantity_based","image":0,"visibility":true},{"label":"90x90x130 cm","price":"158","price_type":"quantity_based","image":0,"visibility":true},{"label":"90x90x140 cm","price":"168","price_type":"quantity_based","image":0,"visibility":true}],"id":1717001351},{"name":"profil de compensation","type":"multiple_choice","position":1,"required":true,"title_format":"heading","default":"","description_enable":false,"description":"","placeholder_enable":false,"placeholder":"","display":"select","restrictions_type":"any_text","adjust_price":false,"price":"","price_type":"flat_fee","restrictions":false,"min":"0","max":"0","options":[{"label":"PAS de profil de compensation","price":"","price_type":"quantity_based","image":0,"visibility":true},{"label":"un profil de compensation +3cm","price":"40","price_type":"quantity_based","image":0,"visibility":true},{"label":"deux profils de compensation +6cm","price":"80","price_type":"quantity_based","image":0,"visibility":true}],"id":1717001352}],"yoast_head":"<!-- This site is optimized with the Yoast SEO plugin v26.7 - https:\/\/yoast.com\/wordpress\/plugins\/seo\/ -->\n<title>Cabine de douche 3 c\u00f4t\u00e9s, porte coulissante, verre transparent anti-calcaire 8 mm, fermeture amortie BOX049<\/title>\n<meta name=\"description\" content=\"Cabine de douche 3 c\u00f4t\u00e9s avec porte coulissante, verre transparent de 8 mm avec traitement anti-calcaire et fermeture en douceur\" \/>\n<meta name=\"robots\" content=\"index, follow, max-snippet:-1, max-image-preview:large, max-video-preview:-1\" \/>\n<link rel=\"canonical\" href=\"https:\/\/www.bagnoitalia.com\/fr\/produit\/paroi-de-douche-3-portes-coulissantes-en-verre-transparent-systeme-de-fermeture-en-douceur-anti-calcaire-8-mm-box049.html\" \/>\n<meta property=\"og:locale\" content=\"fr_FR\" \/>\n<meta property=\"og:type\" content=\"article\" \/>\n<meta property=\"og:title\" content=\"Cabine de douche 3 c\u00f4t\u00e9s, porte coulissante, verre transparent anti-calcaire 8 mm, fermeture amortie BOX049\" \/>\n<meta property=\"og:description\" content=\"Cabine de douche 3 c\u00f4t\u00e9s avec porte coulissante, verre transparent de 8 mm avec traitement anti-calcaire et fermeture en douceur\" \/>\n<meta property=\"og:url\" content=\"https:\/\/www.bagnoitalia.com\/fr\/produit\/paroi-de-douche-3-portes-coulissantes-en-verre-transparent-systeme-de-fermeture-en-douceur-anti-calcaire-8-mm-box049.html\" \/>\n<meta property=\"og:site_name\" content=\"Bagno Italia\" \/>\n<meta property=\"article:modified_time\" content=\"2024-05-29T14:49:11+00:00\" \/>\n<meta property=\"og:image\" content=\"https:\/\/img.bagnoitalia.com\/wp-content\/uploads\/virtuemart\/product\/3-sided-shower-enclosure-sliding-door-box049-1_1543565746_253.jpg\" \/>\n\t<meta property=\"og:image:width\" content=\"509\" \/>\n\t<meta property=\"og:image:height\" content=\"506\" \/>\n\t<meta property=\"og:image:type\" content=\"image\/jpeg\" \/>\n<meta name=\"twitter:card\" content=\"summary_large_image\" \/>\n<meta name=\"twitter:label1\" content=\"Dur\u00e9e de lecture estim\u00e9e\" \/>\n\t<meta name=\"twitter:data1\" content=\"2 minutes\" \/>\n<script type=\"application\/ld+json\" class=\"yoast-schema-graph\">{\"@context\":\"https:\/\/schema.org\",\"@graph\":[{\"@type\":\"WebPage\",\"@id\":\"https:\/\/www.bagnoitalia.com\/fr\/produit\/paroi-de-douche-3-portes-coulissantes-en-verre-transparent-systeme-de-fermeture-en-douceur-anti-calcaire-8-mm-box049.html\",\"url\":\"https:\/\/www.bagnoitalia.com\/fr\/produit\/paroi-de-douche-3-portes-coulissantes-en-verre-transparent-systeme-de-fermeture-en-douceur-anti-calcaire-8-mm-box049.html\",\"name\":\"Cabine de douche 3 c\u00f4t\u00e9s, porte coulissante, verre transparent anti-calcaire 8 mm, fermeture amortie BOX049\",\"isPartOf\":{\"@id\":\"https:\/\/www.bagnoitalia.com\/fr#website\"},\"primaryImageOfPage\":{\"@id\":\"https:\/\/www.bagnoitalia.com\/fr\/produit\/paroi-de-douche-3-portes-coulissantes-en-verre-transparent-systeme-de-fermeture-en-douceur-anti-calcaire-8-mm-box049.html#primaryimage\"},\"image\":{\"@id\":\"https:\/\/www.bagnoitalia.com\/fr\/produit\/paroi-de-douche-3-portes-coulissantes-en-verre-transparent-systeme-de-fermeture-en-douceur-anti-calcaire-8-mm-box049.html#primaryimage\"},\"thumbnailUrl\":\"https:\/\/img.bagnoitalia.com\/wp-content\/uploads\/virtuemart\/product\/3-sided-shower-enclosure-sliding-door-box049-1_1543565746_253.jpg\",\"datePublished\":\"2017-06-12T13:26:18+00:00\",\"dateModified\":\"2024-05-29T14:49:11+00:00\",\"description\":\"Cabine de douche 3 c\u00f4t\u00e9s avec porte coulissante, verre transparent de 8 mm avec traitement anti-calcaire et fermeture en douceur\",\"breadcrumb\":{\"@id\":\"https:\/\/www.bagnoitalia.com\/fr\/produit\/paroi-de-douche-3-portes-coulissantes-en-verre-transparent-systeme-de-fermeture-en-douceur-anti-calcaire-8-mm-box049.html#breadcrumb\"},\"inLanguage\":\"fr-FR\",\"potentialAction\":[{\"@type\":\"ReadAction\",\"target\":[\"https:\/\/www.bagnoitalia.com\/fr\/produit\/paroi-de-douche-3-portes-coulissantes-en-verre-transparent-systeme-de-fermeture-en-douceur-anti-calcaire-8-mm-box049.html\"]}]},{\"@type\":\"ImageObject\",\"inLanguage\":\"fr-FR\",\"@id\":\"https:\/\/www.bagnoitalia.com\/fr\/produit\/paroi-de-douche-3-portes-coulissantes-en-verre-transparent-systeme-de-fermeture-en-douceur-anti-calcaire-8-mm-box049.html#primaryimage\",\"url\":\"https:\/\/img.bagnoitalia.com\/wp-content\/uploads\/virtuemart\/product\/3-sided-shower-enclosure-sliding-door-box049-1_1543565746_253.jpg\",\"contentUrl\":\"https:\/\/img.bagnoitalia.com\/wp-content\/uploads\/virtuemart\/product\/3-sided-shower-enclosure-sliding-door-box049-1_1543565746_253.jpg\",\"width\":509,\"height\":506},{\"@type\":\"BreadcrumbList\",\"@id\":\"https:\/\/www.bagnoitalia.com\/fr\/produit\/paroi-de-douche-3-portes-coulissantes-en-verre-transparent-systeme-de-fermeture-en-douceur-anti-calcaire-8-mm-box049.html#breadcrumb\",\"itemListElement\":[{\"@type\":\"ListItem\",\"position\":1,\"name\":\"Home\",\"item\":\"https:\/\/www.bagnoitalia.com\/fr\"},{\"@type\":\"ListItem\",\"position\":2,\"name\":\"Produits\",\"item\":\"https:\/\/www.bagnoitalia.com\/fr\/shop\"},{\"@type\":\"ListItem\",\"position\":3,\"name\":\"Cabine de douche 3 c\u00f4t\u00e9s, porte coulissante, verre transparent anti-calcaire 8 mm, fermeture amortie BOX049\"}]},{\"@type\":\"WebSite\",\"@id\":\"https:\/\/www.bagnoitalia.com\/fr#website\",\"url\":\"https:\/\/www.bagnoitalia.com\/fr\",\"name\":\"Bagno Italia\",\"description\":\"\",\"publisher\":{\"@id\":\"https:\/\/www.bagnoitalia.com\/fr#organization\"},\"potentialAction\":[{\"@type\":\"SearchAction\",\"target\":{\"@type\":\"EntryPoint\",\"urlTemplate\":\"https:\/\/www.bagnoitalia.com\/fr?s={search_term_string}\"},\"query-input\":{\"@type\":\"PropertyValueSpecification\",\"valueRequired\":true,\"valueName\":\"search_term_string\"}}],\"inLanguage\":\"fr-FR\"},{\"@type\":\"Organization\",\"@id\":\"https:\/\/www.bagnoitalia.com\/fr#organization\",\"name\":\"Bagno Italia\",\"url\":\"https:\/\/www.bagnoitalia.com\/fr\",\"logo\":{\"@type\":\"ImageObject\",\"inLanguage\":\"fr-FR\",\"@id\":\"https:\/\/www.bagnoitalia.com\/fr#\/schema\/logo\/image\/\",\"url\":\"https:\/\/img.bagnoitalia.com\/wp-content\/uploads\/logo-bagnoitalia.webp\",\"contentUrl\":\"https:\/\/img.bagnoitalia.com\/wp-content\/uploads\/logo-bagnoitalia.webp\",\"width\":400,\"height\":70,\"caption\":\"Bagno Italia\"},\"image\":{\"@id\":\"https:\/\/www.bagnoitalia.com\/fr#\/schema\/logo\/image\/\"}}]}<\/script>\n<!-- \/ Yoast SEO plugin. -->","yoast_head_json":{"title":"Cabine de douche 3 c\u00f4t\u00e9s, porte coulissante, verre transparent anti-calcaire 8 mm, fermeture amortie BOX049","description":"Cabine de douche 3 c\u00f4t\u00e9s avec porte coulissante, verre transparent de 8 mm avec traitement anti-calcaire et fermeture en douceur","robots":{"index":"index","follow":"follow","max-snippet":"max-snippet:-1","max-image-preview":"max-image-preview:large","max-video-preview":"max-video-preview:-1"},"canonical":"https:\/\/www.bagnoitalia.com\/fr\/produit\/paroi-de-douche-3-portes-coulissantes-en-verre-transparent-systeme-de-fermeture-en-douceur-anti-calcaire-8-mm-box049.html","og_locale":"fr_FR","og_type":"article","og_title":"Cabine de douche 3 c\u00f4t\u00e9s, porte coulissante, verre transparent anti-calcaire 8 mm, fermeture amortie BOX049","og_description":"Cabine de douche 3 c\u00f4t\u00e9s avec porte coulissante, verre transparent de 8 mm avec traitement anti-calcaire et fermeture en douceur","og_url":"https:\/\/www.bagnoitalia.com\/fr\/produit\/paroi-de-douche-3-portes-coulissantes-en-verre-transparent-systeme-de-fermeture-en-douceur-anti-calcaire-8-mm-box049.html","og_site_name":"Bagno Italia","article_modified_time":"2024-05-29T14:49:11+00:00","og_image":[{"width":509,"height":506,"url":"https:\/\/img.bagnoitalia.com\/wp-content\/uploads\/virtuemart\/product\/3-sided-shower-enclosure-sliding-door-box049-1_1543565746_253.jpg","type":"image\/jpeg"}],"twitter_card":"summary_large_image","twitter_misc":{"Dur\u00e9e de lecture estim\u00e9e":"2 minutes"},"schema":{"@context":"https:\/\/schema.org","@graph":[{"@type":"WebPage","@id":"https:\/\/www.bagnoitalia.com\/fr\/produit\/paroi-de-douche-3-portes-coulissantes-en-verre-transparent-systeme-de-fermeture-en-douceur-anti-calcaire-8-mm-box049.html","url":"https:\/\/www.bagnoitalia.com\/fr\/produit\/paroi-de-douche-3-portes-coulissantes-en-verre-transparent-systeme-de-fermeture-en-douceur-anti-calcaire-8-mm-box049.html","name":"Cabine de douche 3 c\u00f4t\u00e9s, porte coulissante, verre transparent anti-calcaire 8 mm, fermeture amortie BOX049","isPartOf":{"@id":"https:\/\/www.bagnoitalia.com\/fr#website"},"primaryImageOfPage":{"@id":"https:\/\/www.bagnoitalia.com\/fr\/produit\/paroi-de-douche-3-portes-coulissantes-en-verre-transparent-systeme-de-fermeture-en-douceur-anti-calcaire-8-mm-box049.html#primaryimage"},"image":{"@id":"https:\/\/www.bagnoitalia.com\/fr\/produit\/paroi-de-douche-3-portes-coulissantes-en-verre-transparent-systeme-de-fermeture-en-douceur-anti-calcaire-8-mm-box049.html#primaryimage"},"thumbnailUrl":"https:\/\/img.bagnoitalia.com\/wp-content\/uploads\/virtuemart\/product\/3-sided-shower-enclosure-sliding-door-box049-1_1543565746_253.jpg","datePublished":"2017-06-12T13:26:18+00:00","dateModified":"2024-05-29T14:49:11+00:00","description":"Cabine de douche 3 c\u00f4t\u00e9s avec porte coulissante, verre transparent de 8 mm avec traitement anti-calcaire et fermeture en douceur","breadcrumb":{"@id":"https:\/\/www.bagnoitalia.com\/fr\/produit\/paroi-de-douche-3-portes-coulissantes-en-verre-transparent-systeme-de-fermeture-en-douceur-anti-calcaire-8-mm-box049.html#breadcrumb"},"inLanguage":"fr-FR","potentialAction":[{"@type":"ReadAction","target":["https:\/\/www.bagnoitalia.com\/fr\/produit\/paroi-de-douche-3-portes-coulissantes-en-verre-transparent-systeme-de-fermeture-en-douceur-anti-calcaire-8-mm-box049.html"]}]},{"@type":"ImageObject","inLanguage":"fr-FR","@id":"https:\/\/www.bagnoitalia.com\/fr\/produit\/paroi-de-douche-3-portes-coulissantes-en-verre-transparent-systeme-de-fermeture-en-douceur-anti-calcaire-8-mm-box049.html#primaryimage","url":"https:\/\/img.bagnoitalia.com\/wp-content\/uploads\/virtuemart\/product\/3-sided-shower-enclosure-sliding-door-box049-1_1543565746_253.jpg","contentUrl":"https:\/\/img.bagnoitalia.com\/wp-content\/uploads\/virtuemart\/product\/3-sided-shower-enclosure-sliding-door-box049-1_1543565746_253.jpg","width":509,"height":506},{"@type":"BreadcrumbList","@id":"https:\/\/www.bagnoitalia.com\/fr\/produit\/paroi-de-douche-3-portes-coulissantes-en-verre-transparent-systeme-de-fermeture-en-douceur-anti-calcaire-8-mm-box049.html#breadcrumb","itemListElement":[{"@type":"ListItem","position":1,"name":"Home","item":"https:\/\/www.bagnoitalia.com\/fr"},{"@type":"ListItem","position":2,"name":"Produits","item":"https:\/\/www.bagnoitalia.com\/fr\/shop"},{"@type":"ListItem","position":3,"name":"Cabine de douche 3 c\u00f4t\u00e9s, porte coulissante, verre transparent anti-calcaire 8 mm, fermeture amortie BOX049"}]},{"@type":"WebSite","@id":"https:\/\/www.bagnoitalia.com\/fr#website","url":"https:\/\/www.bagnoitalia.com\/fr","name":"Bagno Italia","description":"","publisher":{"@id":"https:\/\/www.bagnoitalia.com\/fr#organization"},"potentialAction":[{"@type":"SearchAction","target":{"@type":"EntryPoint","urlTemplate":"https:\/\/www.bagnoitalia.com\/fr?s={search_term_string}"},"query-input":{"@type":"PropertyValueSpecification","valueRequired":true,"valueName":"search_term_string"}}],"inLanguage":"fr-FR"},{"@type":"Organization","@id":"https:\/\/www.bagnoitalia.com\/fr#organization","name":"Bagno Italia","url":"https:\/\/www.bagnoitalia.com\/fr","logo":{"@type":"ImageObject","inLanguage":"fr-FR","@id":"https:\/\/www.bagnoitalia.com\/fr#\/schema\/logo\/image\/","url":"https:\/\/img.bagnoitalia.com\/wp-content\/uploads\/logo-bagnoitalia.webp","contentUrl":"https:\/\/img.bagnoitalia.com\/wp-content\/uploads\/logo-bagnoitalia.webp","width":400,"height":70,"caption":"Bagno Italia"},"image":{"@id":"https:\/\/www.bagnoitalia.com\/fr#\/schema\/logo\/image\/"}}]}},"_links":{"self":[{"href":"https:\/\/www.bagnoitalia.com\/fr\/wp-json\/wp\/v2\/product\/80662","targetHints":{"allow":["GET"]}}],"collection":[{"href":"https:\/\/www.bagnoitalia.com\/fr\/wp-json\/wp\/v2\/product"}],"about":[{"href":"https:\/\/www.bagnoitalia.com\/fr\/wp-json\/wp\/v2\/types\/product"}],"replies":[{"embeddable":true,"href":"https:\/\/www.bagnoitalia.com\/fr\/wp-json\/wp\/v2\/comments?post=80662"}],"version-history":[{"count":1,"href":"https:\/\/www.bagnoitalia.com\/fr\/wp-json\/wp\/v2\/product\/80662\/revisions"}],"predecessor-version":[{"id":88940,"href":"https:\/\/www.bagnoitalia.com\/fr\/wp-json\/wp\/v2\/product\/80662\/revisions\/88940"}],"wp:featuredmedia":[{"embeddable":true,"href":"https:\/\/www.bagnoitalia.com\/fr\/wp-json\/wp\/v2\/media\/36794"}],"wp:attachment":[{"href":"https:\/\/www.bagnoitalia.com\/fr\/wp-json\/wp\/v2\/media?parent=80662"}],"wp:term":[{"taxonomy":"product_brand","embeddable":true,"href":"https:\/\/www.bagnoitalia.com\/fr\/wp-json\/wp\/v2\/product_brand?post=80662"},{"taxonomy":"product_cat","embeddable":true,"href":"https:\/\/www.bagnoitalia.com\/fr\/wp-json\/wp\/v2\/product_cat?post=80662"},{"taxonomy":"product_tag","embeddable":true,"href":"https:\/\/www.bagnoitalia.com\/fr\/wp-json\/wp\/v2\/product_tag?post=80662"}],"curies":[{"name":"wp","href":"https:\/\/api.w.org\/{rel}","templated":true}]}}