{"id":80574,"date":"2017-05-16T13:45:19","date_gmt":"2017-05-16T11:45:19","guid":{"rendered":"https:\/\/www.bagnoitalia.com\/product\/mobilier-de-salle-de-bains-moderne-yang-120-cm-en-mdf-disponible-en-4-couleurs"},"modified":"2024-05-29T15:23:44","modified_gmt":"2024-05-29T13:23:44","slug":"mobilier-de-salle-de-bains-moderne-yang-120-cm-en-mdf-disponible-en-4-couleurs","status":"publish","type":"product","link":"https:\/\/www.bagnoitalia.com\/fr\/produit\/mobilier-de-salle-de-bains-moderne-yang-120-cm-en-mdf-disponible-en-4-couleurs.html","title":{"rendered":"Meuble de salle de bain suspendu moderne Yang 120 cm  en 4 couleurs avec lavabo double en marbre min\u00e9ral, bois MDF"},"content":{"rendered":"<p>Le meuble \u00e0 double lavabo YANG est id\u00e9al pour ceux qui, par hasard ou parce qu&rsquo;ils ont une famille nombreuse, ont besoin d&rsquo;un meuble de salle de bains qui, sans \u00eatre trop encombrant, offre le confort qui permet \u00e0 deux personnes d&rsquo;utiliser la salle de bains en m\u00eame temps.<\/p>\n<p>Le meuble en bois MDF de 120 cm de long, 46 cm de profondeur et 42 cm de hauteur est compos\u00e9 de deux grands tiroirs et de deux lavabos en marbre min\u00e9ral de 13,3 cm de profondeur, sans trou de trop-plein. Un miroir de 100&#215;70 cm est inclus. Les grands tiroirs sont \u00e9quip\u00e9s d&rsquo;une serrure \u00e0 friction, ce qui leur conf\u00e8re une s\u00e9curit\u00e9 suppl\u00e9mentaire.<\/p>\n<p>Le tout est disponible en 6 couleurs diff\u00e9rentes : blanc mat, gris tourterelle mat, oc\u00e9an mat, noyer, ch\u00eane, bois blanchi. Le kit de fixation murale est inclus dans le prix. Les robinets et les appliques murales peuvent \u00eatre achet\u00e9s dans les rubriques correspondantes de notre site web.<\/p>\n<p>Un \u00e9l\u00e9ment mural r\u00e9versible ou une colonne, ou les deux, de la m\u00eame couleur que l&rsquo;armoire peuvent \u00eatre ajout\u00e9s via le menu d\u00e9roulant sur le c\u00f4t\u00e9.<\/p>\n<p>&nbsp;<\/p>\n<p style=\"text-align: center;\"><span style=\"text-decoration: underline; color: #ff0000; font-size: 14pt;\"><strong>Yang 120 cm armoire de salle de bain en MDF avec double lavabo en mineralmarble<\/strong><\/span><\/p>\n<p>&nbsp;<\/p>\n<p>&nbsp;<\/p>\n<p><span style=\"text-decoration: underline;\"><strong>Le prix comprend :<\/strong><\/span><\/p>\n<p>N\u00b0 1 Meuble de salle de bains de 120 cm avec deux tiroirs<\/p>\n<p>N\u00b0 1 lavabo double en marbre min\u00e9ral sans trou de trop-plein (profondeur 13,3 cm)<\/p>\n<p>N\u00b0 1 miroir de 100&#215;70<\/p>\n<p>&nbsp;<\/p>\n<p>&nbsp;<\/p>\n<p><span style=\"text-decoration: underline;\"><strong>Caract\u00e9ristiques techniques :<\/strong><\/span><\/p>\n<p>Dimensions du meuble : 120x46x42h cm<\/p>\n<p>Tiroirs avec m\u00e9canisme de fermeture en douceur<\/p>\n<p>Meuble en bois MDF<\/p>\n<p>Disponible en 6 couleurs : blanc mat, gris tourterelle mat, oc\u00e9an mat, noyer, ch\u00eane, bois blanchi<\/p>\n<p>Kit de montage mural inclus<\/p>\n<p>Robinetterie et appliques murales NON incluses dans le prix<\/p>\n<p>&nbsp;<\/p>\n<p>Il est possible d&rsquo;ajouter un \u00e9l\u00e9ment mural et\/ou une colonne en utilisant le menu ci-dessus. Les deux compl\u00e9ments sont r\u00e9versibles.<\/p>\n<p>&nbsp;<\/p>\n<p>&nbsp;<\/p>\n<p>&nbsp;<\/p>\n<p>ED-12<\/p>\n<p>&nbsp;<\/p>\n<p>&nbsp;<\/p>\n<p>&nbsp;<\/p>\n","protected":false},"excerpt":{"rendered":"<p>Meuble de salle de bain moderne Yang, de 120 cm, type suspendu avec lavabo double en marbre min\u00e9ral, base du lavabo en bois MDF, disponible en 4 couleurs.<\/p>\n","protected":false},"featured_media":36046,"comment_status":"open","ping_status":"closed","template":"","meta":[],"product_brand":[5006],"product_cat":[9703],"product_tag":[],"class_list":{"0":"post-80574","1":"product","2":"type-product","3":"status-publish","4":"has-post-thumbnail","6":"product_brand-deghi","7":"product_cat-meuble-de-salle-de-bain-avec-double-vasque","9":"first","10":"instock","11":"sale","12":"taxable","13":"shipping-taxable","14":"purchasable","15":"product-type-simple"},"exclude_global_add_ons":false,"addons":[{"name":"Couleur","type":"multiple_choice","position":0,"required":true,"title_format":"heading","default":"","description_enable":false,"description":"","placeholder_enable":false,"placeholder":"","display":"select","restrictions_type":"any_text","adjust_price":false,"price":"","price_type":"flat_fee","restrictions":false,"min":"0","max":"0","options":[{"label":"Ch\u00eane","price":"","price_type":"quantity_based","image":0,"visibility":true},{"label":"Bois blanchi","price":"","price_type":"quantity_based","image":0,"visibility":true},{"label":"tourterelle mate","price":"","price_type":"quantity_based","image":0,"visibility":true},{"label":"oc\u00e9an mat","price":"","price_type":"quantity_based","image":0,"visibility":true},{"label":"Non disponible - blanc mat","price":"","price_type":"quantity_based","image":0,"visibility":true},{"label":"Non disponible - Noyer","price":"","price_type":"quantity_based","image":0,"visibility":true}],"id":1716996225},{"name":"unit\u00e9 murale","type":"multiple_choice","position":1,"required":true,"title_format":"heading","default":"","description_enable":false,"description":"","placeholder_enable":false,"placeholder":"","display":"select","restrictions_type":"any_text","adjust_price":false,"price":"","price_type":"flat_fee","restrictions":false,"min":"0","max":"0","options":[{"label":"pas d'unit\u00e9 murale","price":"","price_type":"quantity_based","image":0,"visibility":true},{"label":"unit\u00e9 murale de 45xH45xP16 cm","price":"90","price_type":"quantity_based","image":0,"visibility":true}],"id":1716996226},{"name":"colonne","type":"multiple_choice","position":2,"required":true,"title_format":"heading","default":"","description_enable":false,"description":"","placeholder_enable":false,"placeholder":"","display":"select","restrictions_type":"any_text","adjust_price":false,"price":"","price_type":"flat_fee","restrictions":false,"min":"0","max":"0","options":[{"label":"PAS de colonne","price":"","price_type":"quantity_based","image":0,"visibility":true},{"label":"Colonne 34x25xH140cm blanc mat","price":"193","price_type":"quantity_based","image":0,"visibility":true},{"label":"Colonne 34x25xH140cm tourterelle mate","price":"193","price_type":"quantity_based","image":0,"visibility":true},{"label":"Colonne 34x25xH140cm oc\u00e9an mat","price":"193","price_type":"quantity_based","image":0,"visibility":true}],"id":1716996227},{"name":"Applique","type":"multiple_choice","position":3,"required":true,"title_format":"heading","default":"","description_enable":false,"description":"","placeholder_enable":false,"placeholder":"","display":"select","restrictions_type":"any_text","adjust_price":false,"price":"","price_type":"flat_fee","restrictions":false,"min":"0","max":"0","options":[{"label":"pas d'applique","price":"","price_type":"quantity_based","image":0,"visibility":true},{"label":"Applique Led chrom\u00e9e","price":"20","price_type":"quantity_based","image":0,"visibility":true},{"label":"Applique Led noire","price":"25","price_type":"quantity_based","image":0,"visibility":true}],"id":1716996228}],"yoast_head":"<!-- This site is optimized with the Yoast SEO plugin v26.7 - https:\/\/yoast.com\/wordpress\/plugins\/seo\/ -->\n<title>Meuble de salle de bain suspendu moderne Yang 120 cm en 4 couleurs avec lavabo double en marbre min\u00e9ral, bois MDF<\/title>\n<meta name=\"description\" content=\"Armoire de toilette moderne de mod\u00e8le Yang de 120 cm, type suspendu avec double vasque en socle mineralmarmo, base en bois MDF et disponible en 4 couleurs\" \/>\n<meta name=\"robots\" content=\"index, follow, max-snippet:-1, max-image-preview:large, max-video-preview:-1\" \/>\n<link rel=\"canonical\" href=\"https:\/\/www.bagnoitalia.com\/fr\/produit\/mobilier-de-salle-de-bains-moderne-yang-120-cm-en-mdf-disponible-en-4-couleurs.html\" \/>\n<meta property=\"og:locale\" content=\"fr_FR\" \/>\n<meta property=\"og:type\" content=\"article\" \/>\n<meta property=\"og:title\" content=\"Meuble de salle de bain suspendu moderne Yang 120 cm en 4 couleurs avec lavabo double en marbre min\u00e9ral, bois MDF\" \/>\n<meta property=\"og:description\" content=\"Armoire de toilette moderne de mod\u00e8le Yang de 120 cm, type suspendu avec double vasque en socle mineralmarmo, base en bois MDF et disponible en 4 couleurs\" \/>\n<meta property=\"og:url\" content=\"https:\/\/www.bagnoitalia.com\/fr\/produit\/mobilier-de-salle-de-bains-moderne-yang-120-cm-en-mdf-disponible-en-4-couleurs.html\" \/>\n<meta property=\"og:site_name\" content=\"Bagno Italia\" \/>\n<meta property=\"article:modified_time\" content=\"2024-05-29T13:23:44+00:00\" \/>\n<meta property=\"og:image\" content=\"https:\/\/img.bagnoitalia.com\/wp-content\/uploads\/virtuemart\/product\/Modern-wall-hung-bathroom-120-351_1638891384_936.jpg\" \/>\n\t<meta property=\"og:image:width\" content=\"550\" \/>\n\t<meta property=\"og:image:height\" content=\"550\" \/>\n\t<meta property=\"og:image:type\" content=\"image\/jpeg\" \/>\n<meta name=\"twitter:card\" content=\"summary_large_image\" \/>\n<meta name=\"twitter:label1\" content=\"Dur\u00e9e de lecture estim\u00e9e\" \/>\n\t<meta name=\"twitter:data1\" content=\"2 minutes\" \/>\n<script type=\"application\/ld+json\" class=\"yoast-schema-graph\">{\"@context\":\"https:\/\/schema.org\",\"@graph\":[{\"@type\":\"WebPage\",\"@id\":\"https:\/\/www.bagnoitalia.com\/fr\/produit\/mobilier-de-salle-de-bains-moderne-yang-120-cm-en-mdf-disponible-en-4-couleurs.html\",\"url\":\"https:\/\/www.bagnoitalia.com\/fr\/produit\/mobilier-de-salle-de-bains-moderne-yang-120-cm-en-mdf-disponible-en-4-couleurs.html\",\"name\":\"Meuble de salle de bain suspendu moderne Yang 120 cm en 4 couleurs avec lavabo double en marbre min\u00e9ral, bois MDF\",\"isPartOf\":{\"@id\":\"https:\/\/www.bagnoitalia.com\/fr#website\"},\"primaryImageOfPage\":{\"@id\":\"https:\/\/www.bagnoitalia.com\/fr\/produit\/mobilier-de-salle-de-bains-moderne-yang-120-cm-en-mdf-disponible-en-4-couleurs.html#primaryimage\"},\"image\":{\"@id\":\"https:\/\/www.bagnoitalia.com\/fr\/produit\/mobilier-de-salle-de-bains-moderne-yang-120-cm-en-mdf-disponible-en-4-couleurs.html#primaryimage\"},\"thumbnailUrl\":\"https:\/\/img.bagnoitalia.com\/wp-content\/uploads\/virtuemart\/product\/Modern-wall-hung-bathroom-120-351_1638891384_936.jpg\",\"datePublished\":\"2017-05-16T11:45:19+00:00\",\"dateModified\":\"2024-05-29T13:23:44+00:00\",\"description\":\"Armoire de toilette moderne de mod\u00e8le Yang de 120 cm, type suspendu avec double vasque en socle mineralmarmo, base en bois MDF et disponible en 4 couleurs\",\"breadcrumb\":{\"@id\":\"https:\/\/www.bagnoitalia.com\/fr\/produit\/mobilier-de-salle-de-bains-moderne-yang-120-cm-en-mdf-disponible-en-4-couleurs.html#breadcrumb\"},\"inLanguage\":\"fr-FR\",\"potentialAction\":[{\"@type\":\"ReadAction\",\"target\":[\"https:\/\/www.bagnoitalia.com\/fr\/produit\/mobilier-de-salle-de-bains-moderne-yang-120-cm-en-mdf-disponible-en-4-couleurs.html\"]}]},{\"@type\":\"ImageObject\",\"inLanguage\":\"fr-FR\",\"@id\":\"https:\/\/www.bagnoitalia.com\/fr\/produit\/mobilier-de-salle-de-bains-moderne-yang-120-cm-en-mdf-disponible-en-4-couleurs.html#primaryimage\",\"url\":\"https:\/\/img.bagnoitalia.com\/wp-content\/uploads\/virtuemart\/product\/Modern-wall-hung-bathroom-120-351_1638891384_936.jpg\",\"contentUrl\":\"https:\/\/img.bagnoitalia.com\/wp-content\/uploads\/virtuemart\/product\/Modern-wall-hung-bathroom-120-351_1638891384_936.jpg\",\"width\":550,\"height\":550},{\"@type\":\"BreadcrumbList\",\"@id\":\"https:\/\/www.bagnoitalia.com\/fr\/produit\/mobilier-de-salle-de-bains-moderne-yang-120-cm-en-mdf-disponible-en-4-couleurs.html#breadcrumb\",\"itemListElement\":[{\"@type\":\"ListItem\",\"position\":1,\"name\":\"Home\",\"item\":\"https:\/\/www.bagnoitalia.com\/fr\"},{\"@type\":\"ListItem\",\"position\":2,\"name\":\"Produits\",\"item\":\"https:\/\/www.bagnoitalia.com\/fr\/shop\"},{\"@type\":\"ListItem\",\"position\":3,\"name\":\"Meuble de salle de bain suspendu moderne Yang 120 cm en 4 couleurs avec lavabo double en marbre min\u00e9ral, bois MDF\"}]},{\"@type\":\"WebSite\",\"@id\":\"https:\/\/www.bagnoitalia.com\/fr#website\",\"url\":\"https:\/\/www.bagnoitalia.com\/fr\",\"name\":\"Bagno Italia\",\"description\":\"\",\"publisher\":{\"@id\":\"https:\/\/www.bagnoitalia.com\/fr#organization\"},\"potentialAction\":[{\"@type\":\"SearchAction\",\"target\":{\"@type\":\"EntryPoint\",\"urlTemplate\":\"https:\/\/www.bagnoitalia.com\/fr?s={search_term_string}\"},\"query-input\":{\"@type\":\"PropertyValueSpecification\",\"valueRequired\":true,\"valueName\":\"search_term_string\"}}],\"inLanguage\":\"fr-FR\"},{\"@type\":\"Organization\",\"@id\":\"https:\/\/www.bagnoitalia.com\/fr#organization\",\"name\":\"Bagno Italia\",\"url\":\"https:\/\/www.bagnoitalia.com\/fr\",\"logo\":{\"@type\":\"ImageObject\",\"inLanguage\":\"fr-FR\",\"@id\":\"https:\/\/www.bagnoitalia.com\/fr#\/schema\/logo\/image\/\",\"url\":\"https:\/\/img.bagnoitalia.com\/wp-content\/uploads\/logo-bagnoitalia.webp\",\"contentUrl\":\"https:\/\/img.bagnoitalia.com\/wp-content\/uploads\/logo-bagnoitalia.webp\",\"width\":400,\"height\":70,\"caption\":\"Bagno Italia\"},\"image\":{\"@id\":\"https:\/\/www.bagnoitalia.com\/fr#\/schema\/logo\/image\/\"}}]}<\/script>\n<!-- \/ Yoast SEO plugin. -->","yoast_head_json":{"title":"Meuble de salle de bain suspendu moderne Yang 120 cm en 4 couleurs avec lavabo double en marbre min\u00e9ral, bois MDF","description":"Armoire de toilette moderne de mod\u00e8le Yang de 120 cm, type suspendu avec double vasque en socle mineralmarmo, base en bois MDF et disponible en 4 couleurs","robots":{"index":"index","follow":"follow","max-snippet":"max-snippet:-1","max-image-preview":"max-image-preview:large","max-video-preview":"max-video-preview:-1"},"canonical":"https:\/\/www.bagnoitalia.com\/fr\/produit\/mobilier-de-salle-de-bains-moderne-yang-120-cm-en-mdf-disponible-en-4-couleurs.html","og_locale":"fr_FR","og_type":"article","og_title":"Meuble de salle de bain suspendu moderne Yang 120 cm en 4 couleurs avec lavabo double en marbre min\u00e9ral, bois MDF","og_description":"Armoire de toilette moderne de mod\u00e8le Yang de 120 cm, type suspendu avec double vasque en socle mineralmarmo, base en bois MDF et disponible en 4 couleurs","og_url":"https:\/\/www.bagnoitalia.com\/fr\/produit\/mobilier-de-salle-de-bains-moderne-yang-120-cm-en-mdf-disponible-en-4-couleurs.html","og_site_name":"Bagno Italia","article_modified_time":"2024-05-29T13:23:44+00:00","og_image":[{"width":550,"height":550,"url":"https:\/\/img.bagnoitalia.com\/wp-content\/uploads\/virtuemart\/product\/Modern-wall-hung-bathroom-120-351_1638891384_936.jpg","type":"image\/jpeg"}],"twitter_card":"summary_large_image","twitter_misc":{"Dur\u00e9e de lecture estim\u00e9e":"2 minutes"},"schema":{"@context":"https:\/\/schema.org","@graph":[{"@type":"WebPage","@id":"https:\/\/www.bagnoitalia.com\/fr\/produit\/mobilier-de-salle-de-bains-moderne-yang-120-cm-en-mdf-disponible-en-4-couleurs.html","url":"https:\/\/www.bagnoitalia.com\/fr\/produit\/mobilier-de-salle-de-bains-moderne-yang-120-cm-en-mdf-disponible-en-4-couleurs.html","name":"Meuble de salle de bain suspendu moderne Yang 120 cm en 4 couleurs avec lavabo double en marbre min\u00e9ral, bois MDF","isPartOf":{"@id":"https:\/\/www.bagnoitalia.com\/fr#website"},"primaryImageOfPage":{"@id":"https:\/\/www.bagnoitalia.com\/fr\/produit\/mobilier-de-salle-de-bains-moderne-yang-120-cm-en-mdf-disponible-en-4-couleurs.html#primaryimage"},"image":{"@id":"https:\/\/www.bagnoitalia.com\/fr\/produit\/mobilier-de-salle-de-bains-moderne-yang-120-cm-en-mdf-disponible-en-4-couleurs.html#primaryimage"},"thumbnailUrl":"https:\/\/img.bagnoitalia.com\/wp-content\/uploads\/virtuemart\/product\/Modern-wall-hung-bathroom-120-351_1638891384_936.jpg","datePublished":"2017-05-16T11:45:19+00:00","dateModified":"2024-05-29T13:23:44+00:00","description":"Armoire de toilette moderne de mod\u00e8le Yang de 120 cm, type suspendu avec double vasque en socle mineralmarmo, base en bois MDF et disponible en 4 couleurs","breadcrumb":{"@id":"https:\/\/www.bagnoitalia.com\/fr\/produit\/mobilier-de-salle-de-bains-moderne-yang-120-cm-en-mdf-disponible-en-4-couleurs.html#breadcrumb"},"inLanguage":"fr-FR","potentialAction":[{"@type":"ReadAction","target":["https:\/\/www.bagnoitalia.com\/fr\/produit\/mobilier-de-salle-de-bains-moderne-yang-120-cm-en-mdf-disponible-en-4-couleurs.html"]}]},{"@type":"ImageObject","inLanguage":"fr-FR","@id":"https:\/\/www.bagnoitalia.com\/fr\/produit\/mobilier-de-salle-de-bains-moderne-yang-120-cm-en-mdf-disponible-en-4-couleurs.html#primaryimage","url":"https:\/\/img.bagnoitalia.com\/wp-content\/uploads\/virtuemart\/product\/Modern-wall-hung-bathroom-120-351_1638891384_936.jpg","contentUrl":"https:\/\/img.bagnoitalia.com\/wp-content\/uploads\/virtuemart\/product\/Modern-wall-hung-bathroom-120-351_1638891384_936.jpg","width":550,"height":550},{"@type":"BreadcrumbList","@id":"https:\/\/www.bagnoitalia.com\/fr\/produit\/mobilier-de-salle-de-bains-moderne-yang-120-cm-en-mdf-disponible-en-4-couleurs.html#breadcrumb","itemListElement":[{"@type":"ListItem","position":1,"name":"Home","item":"https:\/\/www.bagnoitalia.com\/fr"},{"@type":"ListItem","position":2,"name":"Produits","item":"https:\/\/www.bagnoitalia.com\/fr\/shop"},{"@type":"ListItem","position":3,"name":"Meuble de salle de bain suspendu moderne Yang 120 cm en 4 couleurs avec lavabo double en marbre min\u00e9ral, bois MDF"}]},{"@type":"WebSite","@id":"https:\/\/www.bagnoitalia.com\/fr#website","url":"https:\/\/www.bagnoitalia.com\/fr","name":"Bagno Italia","description":"","publisher":{"@id":"https:\/\/www.bagnoitalia.com\/fr#organization"},"potentialAction":[{"@type":"SearchAction","target":{"@type":"EntryPoint","urlTemplate":"https:\/\/www.bagnoitalia.com\/fr?s={search_term_string}"},"query-input":{"@type":"PropertyValueSpecification","valueRequired":true,"valueName":"search_term_string"}}],"inLanguage":"fr-FR"},{"@type":"Organization","@id":"https:\/\/www.bagnoitalia.com\/fr#organization","name":"Bagno Italia","url":"https:\/\/www.bagnoitalia.com\/fr","logo":{"@type":"ImageObject","inLanguage":"fr-FR","@id":"https:\/\/www.bagnoitalia.com\/fr#\/schema\/logo\/image\/","url":"https:\/\/img.bagnoitalia.com\/wp-content\/uploads\/logo-bagnoitalia.webp","contentUrl":"https:\/\/img.bagnoitalia.com\/wp-content\/uploads\/logo-bagnoitalia.webp","width":400,"height":70,"caption":"Bagno Italia"},"image":{"@id":"https:\/\/www.bagnoitalia.com\/fr#\/schema\/logo\/image\/"}}]}},"_links":{"self":[{"href":"https:\/\/www.bagnoitalia.com\/fr\/wp-json\/wp\/v2\/product\/80574","targetHints":{"allow":["GET"]}}],"collection":[{"href":"https:\/\/www.bagnoitalia.com\/fr\/wp-json\/wp\/v2\/product"}],"about":[{"href":"https:\/\/www.bagnoitalia.com\/fr\/wp-json\/wp\/v2\/types\/product"}],"replies":[{"embeddable":true,"href":"https:\/\/www.bagnoitalia.com\/fr\/wp-json\/wp\/v2\/comments?post=80574"}],"version-history":[{"count":1,"href":"https:\/\/www.bagnoitalia.com\/fr\/wp-json\/wp\/v2\/product\/80574\/revisions"}],"predecessor-version":[{"id":88837,"href":"https:\/\/www.bagnoitalia.com\/fr\/wp-json\/wp\/v2\/product\/80574\/revisions\/88837"}],"wp:featuredmedia":[{"embeddable":true,"href":"https:\/\/www.bagnoitalia.com\/fr\/wp-json\/wp\/v2\/media\/36046"}],"wp:attachment":[{"href":"https:\/\/www.bagnoitalia.com\/fr\/wp-json\/wp\/v2\/media?parent=80574"}],"wp:term":[{"taxonomy":"product_brand","embeddable":true,"href":"https:\/\/www.bagnoitalia.com\/fr\/wp-json\/wp\/v2\/product_brand?post=80574"},{"taxonomy":"product_cat","embeddable":true,"href":"https:\/\/www.bagnoitalia.com\/fr\/wp-json\/wp\/v2\/product_cat?post=80574"},{"taxonomy":"product_tag","embeddable":true,"href":"https:\/\/www.bagnoitalia.com\/fr\/wp-json\/wp\/v2\/product_tag?post=80574"}],"curies":[{"name":"wp","href":"https:\/\/api.w.org\/{rel}","templated":true}]}}