{"id":80542,"date":"2017-04-21T11:57:32","date_gmt":"2017-04-21T09:57:32","guid":{"rendered":"https:\/\/www.bagnoitalia.com\/product\/mobilier-d-39-exterieur-parasol-bras-reglable-ecru-octogonal-3-5-mt"},"modified":"2024-05-27T16:54:14","modified_gmt":"2024-05-27T14:54:14","slug":"mobilier-d-39-exterieur-parasol-bras-reglable-ecru-octogonal-3-5-mt","status":"publish","type":"product","link":"https:\/\/www.bagnoitalia.com\/fr\/produit\/mobilier-d-39-exterieur-parasol-bras-reglable-ecru-octogonal-3-5-mt.html","title":{"rendered":"Meuble d&rsquo;ext\u00e9rieur parasol bras r\u00e9glable \u00e9cru octogonal 3.5 mt OB01"},"content":{"rendered":"<p style=\"margin-bottom: 0cm;\"><span style=\"text-decoration: underline; font-size: 14pt;\"><strong>Parasole \u00e0 bras r\u00e9glable de couleur \u00e9crue OB01<\/strong><\/span><\/p>\n<p>&nbsp;<\/p>\n<p><span style=\"text-decoration: underline; font-size: 12pt;\"><strong>Caract\u00e9ristiques techniques:<\/strong><\/span><\/p>\n<p>&nbsp;<\/p>\n<ul>\n<li style=\"margin-bottom: 0cm;\"><span style=\"font-size: 12pt;\">Parasol en porte-\u00e0-faux laqu\u00e9;<\/span><\/li>\n<li style=\"margin-bottom: 0cm;\"><span style=\"font-size: 12pt;\">Dimensions: 3,5 mt<\/span><\/li>\n<li style=\"margin-bottom: 0cm;\"><span style=\"font-size: 12pt;\">Hauteur: 2.5 m\u00e8tres<\/span><\/li>\n<li style=\"margin-bottom: 0cm;\"><span style=\"font-size: 12pt;\">8 barres de m\u00e9tal;<\/span><\/li>\n<li style=\"margin-bottom: 0cm;\"><span style=\"font-size: 12pt;\">M\u00e2t de diam\u00e8tre <span style=\"font-size: 12pt;\">48 mm <\/span>en m\u00e9tal avec poulie et manivelle<\/span><\/li>\n<li style=\"margin-bottom: 0cm;\"><span style=\"font-size: 12pt;\">Toile avec chemin\u00e9e coupe-vent, en polyester 230g \/ m.<\/span><\/li>\n<li style=\"margin-bottom: 0cm;\"><span style=\"font-size: 12pt;\">Stable et solide, r\u00e9sistant aux intemp\u00e9ries<\/span><\/li>\n<li style=\"margin-bottom: 0cm;\"><span style=\"font-size: 12pt;\">Couleur: Ecru<\/span><\/li>\n<\/ul>\n","protected":false},"excerpt":{"rendered":"<p>Parasol de jardin \u00e0 bras r\u00e9glable de couleur \u00e9crue, forme octogonale de 3,5 m\u00e8tres <\/p>\n","protected":false},"featured_media":35834,"comment_status":"open","ping_status":"closed","template":"","meta":[],"product_brand":[5021],"product_cat":[10030],"product_tag":[],"class_list":{"0":"post-80542","1":"product","2":"type-product","3":"status-publish","4":"has-post-thumbnail","6":"product_brand-predator-arredo-casa","7":"product_cat-parasols","9":"first","10":"instock","11":"sale","12":"taxable","13":"shipping-taxable","14":"purchasable","15":"product-type-simple"},"exclude_global_add_ons":[],"addons":[],"yoast_head":"<!-- This site is optimized with the Yoast SEO plugin v26.7 - https:\/\/yoast.com\/wordpress\/plugins\/seo\/ -->\n<title>Meuble d&#039;ext\u00e9rieur parasol bras r\u00e9glable \u00e9cru octogonal 3.5 mt OB01<\/title>\n<meta name=\"description\" content=\"Parasol pour mobilier de jardin \u00e0 bras r\u00e9glable de couleur \u00e9crue de forme octogonale de 3,5 m\u00e8tres\" \/>\n<meta name=\"robots\" content=\"index, follow, max-snippet:-1, max-image-preview:large, max-video-preview:-1\" \/>\n<link rel=\"canonical\" href=\"https:\/\/www.bagnoitalia.com\/fr\/produit\/mobilier-d-39-exterieur-parasol-bras-reglable-ecru-octogonal-3-5-mt.html\" \/>\n<meta property=\"og:locale\" content=\"fr_FR\" \/>\n<meta property=\"og:type\" content=\"article\" \/>\n<meta property=\"og:title\" content=\"Meuble d&#039;ext\u00e9rieur parasol bras r\u00e9glable \u00e9cru octogonal 3.5 mt OB01\" \/>\n<meta property=\"og:description\" content=\"Parasol pour mobilier de jardin \u00e0 bras r\u00e9glable de couleur \u00e9crue de forme octogonale de 3,5 m\u00e8tres\" \/>\n<meta property=\"og:url\" content=\"https:\/\/www.bagnoitalia.com\/fr\/produit\/mobilier-d-39-exterieur-parasol-bras-reglable-ecru-octogonal-3-5-mt.html\" \/>\n<meta property=\"og:site_name\" content=\"Bagno Italia\" \/>\n<meta property=\"article:modified_time\" content=\"2024-05-27T14:54:14+00:00\" \/>\n<meta property=\"og:image\" content=\"https:\/\/img.bagnoitalia.com\/wp-content\/uploads\/virtuemart\/product\/Outdoor-umbrella-adjustable-arm-ecru-colour-octagonal-shape-1_1541163488_125.jpg\" \/>\n\t<meta property=\"og:image:width\" content=\"200\" \/>\n\t<meta property=\"og:image:height\" content=\"188\" \/>\n\t<meta property=\"og:image:type\" content=\"image\/jpeg\" \/>\n<meta name=\"twitter:card\" content=\"summary_large_image\" \/>\n<script type=\"application\/ld+json\" class=\"yoast-schema-graph\">{\"@context\":\"https:\/\/schema.org\",\"@graph\":[{\"@type\":\"WebPage\",\"@id\":\"https:\/\/www.bagnoitalia.com\/fr\/produit\/mobilier-d-39-exterieur-parasol-bras-reglable-ecru-octogonal-3-5-mt.html\",\"url\":\"https:\/\/www.bagnoitalia.com\/fr\/produit\/mobilier-d-39-exterieur-parasol-bras-reglable-ecru-octogonal-3-5-mt.html\",\"name\":\"Meuble d'ext\u00e9rieur parasol bras r\u00e9glable \u00e9cru octogonal 3.5 mt OB01\",\"isPartOf\":{\"@id\":\"https:\/\/www.bagnoitalia.com\/fr#website\"},\"primaryImageOfPage\":{\"@id\":\"https:\/\/www.bagnoitalia.com\/fr\/produit\/mobilier-d-39-exterieur-parasol-bras-reglable-ecru-octogonal-3-5-mt.html#primaryimage\"},\"image\":{\"@id\":\"https:\/\/www.bagnoitalia.com\/fr\/produit\/mobilier-d-39-exterieur-parasol-bras-reglable-ecru-octogonal-3-5-mt.html#primaryimage\"},\"thumbnailUrl\":\"https:\/\/img.bagnoitalia.com\/wp-content\/uploads\/virtuemart\/product\/Outdoor-umbrella-adjustable-arm-ecru-colour-octagonal-shape-1_1541163488_125.jpg\",\"datePublished\":\"2017-04-21T09:57:32+00:00\",\"dateModified\":\"2024-05-27T14:54:14+00:00\",\"description\":\"Parasol pour mobilier de jardin \u00e0 bras r\u00e9glable de couleur \u00e9crue de forme octogonale de 3,5 m\u00e8tres\",\"breadcrumb\":{\"@id\":\"https:\/\/www.bagnoitalia.com\/fr\/produit\/mobilier-d-39-exterieur-parasol-bras-reglable-ecru-octogonal-3-5-mt.html#breadcrumb\"},\"inLanguage\":\"fr-FR\",\"potentialAction\":[{\"@type\":\"ReadAction\",\"target\":[\"https:\/\/www.bagnoitalia.com\/fr\/produit\/mobilier-d-39-exterieur-parasol-bras-reglable-ecru-octogonal-3-5-mt.html\"]}]},{\"@type\":\"ImageObject\",\"inLanguage\":\"fr-FR\",\"@id\":\"https:\/\/www.bagnoitalia.com\/fr\/produit\/mobilier-d-39-exterieur-parasol-bras-reglable-ecru-octogonal-3-5-mt.html#primaryimage\",\"url\":\"https:\/\/img.bagnoitalia.com\/wp-content\/uploads\/virtuemart\/product\/Outdoor-umbrella-adjustable-arm-ecru-colour-octagonal-shape-1_1541163488_125.jpg\",\"contentUrl\":\"https:\/\/img.bagnoitalia.com\/wp-content\/uploads\/virtuemart\/product\/Outdoor-umbrella-adjustable-arm-ecru-colour-octagonal-shape-1_1541163488_125.jpg\",\"width\":200,\"height\":188},{\"@type\":\"BreadcrumbList\",\"@id\":\"https:\/\/www.bagnoitalia.com\/fr\/produit\/mobilier-d-39-exterieur-parasol-bras-reglable-ecru-octogonal-3-5-mt.html#breadcrumb\",\"itemListElement\":[{\"@type\":\"ListItem\",\"position\":1,\"name\":\"Home\",\"item\":\"https:\/\/www.bagnoitalia.com\/fr\"},{\"@type\":\"ListItem\",\"position\":2,\"name\":\"Produits\",\"item\":\"https:\/\/www.bagnoitalia.com\/fr\/shop\"},{\"@type\":\"ListItem\",\"position\":3,\"name\":\"Meuble d&#8217;ext\u00e9rieur parasol bras r\u00e9glable \u00e9cru octogonal 3.5 mt OB01\"}]},{\"@type\":\"WebSite\",\"@id\":\"https:\/\/www.bagnoitalia.com\/fr#website\",\"url\":\"https:\/\/www.bagnoitalia.com\/fr\",\"name\":\"Bagno Italia\",\"description\":\"\",\"publisher\":{\"@id\":\"https:\/\/www.bagnoitalia.com\/fr#organization\"},\"potentialAction\":[{\"@type\":\"SearchAction\",\"target\":{\"@type\":\"EntryPoint\",\"urlTemplate\":\"https:\/\/www.bagnoitalia.com\/fr?s={search_term_string}\"},\"query-input\":{\"@type\":\"PropertyValueSpecification\",\"valueRequired\":true,\"valueName\":\"search_term_string\"}}],\"inLanguage\":\"fr-FR\"},{\"@type\":\"Organization\",\"@id\":\"https:\/\/www.bagnoitalia.com\/fr#organization\",\"name\":\"Bagno Italia\",\"url\":\"https:\/\/www.bagnoitalia.com\/fr\",\"logo\":{\"@type\":\"ImageObject\",\"inLanguage\":\"fr-FR\",\"@id\":\"https:\/\/www.bagnoitalia.com\/fr#\/schema\/logo\/image\/\",\"url\":\"https:\/\/img.bagnoitalia.com\/wp-content\/uploads\/logo-bagnoitalia.webp\",\"contentUrl\":\"https:\/\/img.bagnoitalia.com\/wp-content\/uploads\/logo-bagnoitalia.webp\",\"width\":400,\"height\":70,\"caption\":\"Bagno Italia\"},\"image\":{\"@id\":\"https:\/\/www.bagnoitalia.com\/fr#\/schema\/logo\/image\/\"}}]}<\/script>\n<!-- \/ Yoast SEO plugin. -->","yoast_head_json":{"title":"Meuble d'ext\u00e9rieur parasol bras r\u00e9glable \u00e9cru octogonal 3.5 mt OB01","description":"Parasol pour mobilier de jardin \u00e0 bras r\u00e9glable de couleur \u00e9crue de forme octogonale de 3,5 m\u00e8tres","robots":{"index":"index","follow":"follow","max-snippet":"max-snippet:-1","max-image-preview":"max-image-preview:large","max-video-preview":"max-video-preview:-1"},"canonical":"https:\/\/www.bagnoitalia.com\/fr\/produit\/mobilier-d-39-exterieur-parasol-bras-reglable-ecru-octogonal-3-5-mt.html","og_locale":"fr_FR","og_type":"article","og_title":"Meuble d'ext\u00e9rieur parasol bras r\u00e9glable \u00e9cru octogonal 3.5 mt OB01","og_description":"Parasol pour mobilier de jardin \u00e0 bras r\u00e9glable de couleur \u00e9crue de forme octogonale de 3,5 m\u00e8tres","og_url":"https:\/\/www.bagnoitalia.com\/fr\/produit\/mobilier-d-39-exterieur-parasol-bras-reglable-ecru-octogonal-3-5-mt.html","og_site_name":"Bagno Italia","article_modified_time":"2024-05-27T14:54:14+00:00","og_image":[{"width":200,"height":188,"url":"https:\/\/img.bagnoitalia.com\/wp-content\/uploads\/virtuemart\/product\/Outdoor-umbrella-adjustable-arm-ecru-colour-octagonal-shape-1_1541163488_125.jpg","type":"image\/jpeg"}],"twitter_card":"summary_large_image","schema":{"@context":"https:\/\/schema.org","@graph":[{"@type":"WebPage","@id":"https:\/\/www.bagnoitalia.com\/fr\/produit\/mobilier-d-39-exterieur-parasol-bras-reglable-ecru-octogonal-3-5-mt.html","url":"https:\/\/www.bagnoitalia.com\/fr\/produit\/mobilier-d-39-exterieur-parasol-bras-reglable-ecru-octogonal-3-5-mt.html","name":"Meuble d'ext\u00e9rieur parasol bras r\u00e9glable \u00e9cru octogonal 3.5 mt OB01","isPartOf":{"@id":"https:\/\/www.bagnoitalia.com\/fr#website"},"primaryImageOfPage":{"@id":"https:\/\/www.bagnoitalia.com\/fr\/produit\/mobilier-d-39-exterieur-parasol-bras-reglable-ecru-octogonal-3-5-mt.html#primaryimage"},"image":{"@id":"https:\/\/www.bagnoitalia.com\/fr\/produit\/mobilier-d-39-exterieur-parasol-bras-reglable-ecru-octogonal-3-5-mt.html#primaryimage"},"thumbnailUrl":"https:\/\/img.bagnoitalia.com\/wp-content\/uploads\/virtuemart\/product\/Outdoor-umbrella-adjustable-arm-ecru-colour-octagonal-shape-1_1541163488_125.jpg","datePublished":"2017-04-21T09:57:32+00:00","dateModified":"2024-05-27T14:54:14+00:00","description":"Parasol pour mobilier de jardin \u00e0 bras r\u00e9glable de couleur \u00e9crue de forme octogonale de 3,5 m\u00e8tres","breadcrumb":{"@id":"https:\/\/www.bagnoitalia.com\/fr\/produit\/mobilier-d-39-exterieur-parasol-bras-reglable-ecru-octogonal-3-5-mt.html#breadcrumb"},"inLanguage":"fr-FR","potentialAction":[{"@type":"ReadAction","target":["https:\/\/www.bagnoitalia.com\/fr\/produit\/mobilier-d-39-exterieur-parasol-bras-reglable-ecru-octogonal-3-5-mt.html"]}]},{"@type":"ImageObject","inLanguage":"fr-FR","@id":"https:\/\/www.bagnoitalia.com\/fr\/produit\/mobilier-d-39-exterieur-parasol-bras-reglable-ecru-octogonal-3-5-mt.html#primaryimage","url":"https:\/\/img.bagnoitalia.com\/wp-content\/uploads\/virtuemart\/product\/Outdoor-umbrella-adjustable-arm-ecru-colour-octagonal-shape-1_1541163488_125.jpg","contentUrl":"https:\/\/img.bagnoitalia.com\/wp-content\/uploads\/virtuemart\/product\/Outdoor-umbrella-adjustable-arm-ecru-colour-octagonal-shape-1_1541163488_125.jpg","width":200,"height":188},{"@type":"BreadcrumbList","@id":"https:\/\/www.bagnoitalia.com\/fr\/produit\/mobilier-d-39-exterieur-parasol-bras-reglable-ecru-octogonal-3-5-mt.html#breadcrumb","itemListElement":[{"@type":"ListItem","position":1,"name":"Home","item":"https:\/\/www.bagnoitalia.com\/fr"},{"@type":"ListItem","position":2,"name":"Produits","item":"https:\/\/www.bagnoitalia.com\/fr\/shop"},{"@type":"ListItem","position":3,"name":"Meuble d&#8217;ext\u00e9rieur parasol bras r\u00e9glable \u00e9cru octogonal 3.5 mt OB01"}]},{"@type":"WebSite","@id":"https:\/\/www.bagnoitalia.com\/fr#website","url":"https:\/\/www.bagnoitalia.com\/fr","name":"Bagno Italia","description":"","publisher":{"@id":"https:\/\/www.bagnoitalia.com\/fr#organization"},"potentialAction":[{"@type":"SearchAction","target":{"@type":"EntryPoint","urlTemplate":"https:\/\/www.bagnoitalia.com\/fr?s={search_term_string}"},"query-input":{"@type":"PropertyValueSpecification","valueRequired":true,"valueName":"search_term_string"}}],"inLanguage":"fr-FR"},{"@type":"Organization","@id":"https:\/\/www.bagnoitalia.com\/fr#organization","name":"Bagno Italia","url":"https:\/\/www.bagnoitalia.com\/fr","logo":{"@type":"ImageObject","inLanguage":"fr-FR","@id":"https:\/\/www.bagnoitalia.com\/fr#\/schema\/logo\/image\/","url":"https:\/\/img.bagnoitalia.com\/wp-content\/uploads\/logo-bagnoitalia.webp","contentUrl":"https:\/\/img.bagnoitalia.com\/wp-content\/uploads\/logo-bagnoitalia.webp","width":400,"height":70,"caption":"Bagno Italia"},"image":{"@id":"https:\/\/www.bagnoitalia.com\/fr#\/schema\/logo\/image\/"}}]}},"_links":{"self":[{"href":"https:\/\/www.bagnoitalia.com\/fr\/wp-json\/wp\/v2\/product\/80542","targetHints":{"allow":["GET"]}}],"collection":[{"href":"https:\/\/www.bagnoitalia.com\/fr\/wp-json\/wp\/v2\/product"}],"about":[{"href":"https:\/\/www.bagnoitalia.com\/fr\/wp-json\/wp\/v2\/types\/product"}],"replies":[{"embeddable":true,"href":"https:\/\/www.bagnoitalia.com\/fr\/wp-json\/wp\/v2\/comments?post=80542"}],"version-history":[{"count":0,"href":"https:\/\/www.bagnoitalia.com\/fr\/wp-json\/wp\/v2\/product\/80542\/revisions"}],"wp:featuredmedia":[{"embeddable":true,"href":"https:\/\/www.bagnoitalia.com\/fr\/wp-json\/wp\/v2\/media\/35834"}],"wp:attachment":[{"href":"https:\/\/www.bagnoitalia.com\/fr\/wp-json\/wp\/v2\/media?parent=80542"}],"wp:term":[{"taxonomy":"product_brand","embeddable":true,"href":"https:\/\/www.bagnoitalia.com\/fr\/wp-json\/wp\/v2\/product_brand?post=80542"},{"taxonomy":"product_cat","embeddable":true,"href":"https:\/\/www.bagnoitalia.com\/fr\/wp-json\/wp\/v2\/product_cat?post=80542"},{"taxonomy":"product_tag","embeddable":true,"href":"https:\/\/www.bagnoitalia.com\/fr\/wp-json\/wp\/v2\/product_tag?post=80542"}],"curies":[{"name":"wp","href":"https:\/\/api.w.org\/{rel}","templated":true}]}}