{"id":80538,"date":"2017-04-20T13:10:59","date_gmt":"2017-04-20T11:10:59","guid":{"rendered":"https:\/\/www.bagnoitalia.com\/product\/mobilier-d-39-exterieur-mary-bain-de-soleil-lit-ecru-cadre-en-metal-textilene"},"modified":"2024-06-11T14:28:54","modified_gmt":"2024-06-11T12:28:54","slug":"mobilier-d-39-exterieur-mary-bain-de-soleil-lit-ecru-cadre-en-metal-textilene","status":"publish","type":"product","link":"https:\/\/www.bagnoitalia.com\/fr\/produit\/mobilier-d-39-exterieur-mary-bain-de-soleil-lit-ecru-cadre-en-metal-textilene.html","title":{"rendered":"Meubles d&rsquo;ext\u00e9rieur Mary chaise longue en texilene \u00e9cru cadre en m\u00e9tal Meubles d&rsquo;ext\u00e9rieur Mary chaise longue en texilene \u00e9cru cadre en m\u00e9tal"},"content":{"rendered":"<h1 class=\"western\"><strong><span style=\"font-family: times new roman,times;\"><span style=\"font-size: large;\"><span style=\"text-decoration: underline;\">Chaise longue <span style=\"text-decoration: underline;\">&nbsp;mod\u00e8le&nbsp;<\/span><\/span><\/span><\/span><\/strong><strong><span style=\"font-family: times new roman,times;\"><span style=\"font-size: large;\"><span style=\"text-decoration: underline;\"><span>Mary<\/span><\/span><\/span><\/span><\/strong><strong><span style=\"font-family: times new roman,times;\"><span style=\"font-size: large;\"><span style=\"text-decoration: underline;\">&nbsp;de couleur Ecr\u00f9<\/span><\/span><\/span><\/strong><\/h1>\n<h1 class=\"western\" style=\"margin-top: 0cm; margin-bottom: 0cm;\"><span style=\"font-size: large;\"><span style=\"text-decoration: underline;\"><strong><span style=\"font-family: times new roman,times;\">Caract\u00e9ristiques techniques:<\/span><\/strong><\/span><\/span><\/h1>\n<h1 class=\"western\" style=\"margin-top: 0cm; margin-bottom: 0cm; font-weight: normal;\"><span style=\"font-family: times new roman,times;\"><span style=\"font-size: medium;\">Dimensions: 200x120x135 cm<\/span><\/span><\/h1>\n<h1 class=\"western\" style=\"margin-top: 0cm; margin-bottom: 0cm; font-weight: normal;\"><span style=\"font-family: times new roman,times;\"><span style=\"font-size: medium;\">Chaise longue avec structure en m\u00e9tal tubulaire d&rsquo;un diam\u00e8tre de 38mm<\/span><\/span><\/h1>\n<h1 class=\"western\" style=\"margin-top: 0cm; margin-bottom: 0cm; font-weight: normal;\"><span style=\"font-family: times new roman,times;\"><span style=\"font-size: medium;\">Diam\u00e8tre de la jambe 60mm<\/span><\/span><\/h1>\n<h1 class=\"western\" style=\"margin-top: 0cm; margin-bottom: 0cm; font-weight: normal;\"><span style=\"font-family: times new roman,times;\"><span style=\"font-size: medium;\">Couleur: Ecru<\/span><\/span><\/h1>\n<h1 class=\"western\" style=\"margin-top: 0cm; margin-bottom: 0cm; font-weight: normal;\"><span style=\"font-family: times new roman,times;\"><span style=\"font-size: medium;\">Tissu en textil\u00e8ne r\u00e9sistant aux intemp\u00e9ries, aux agents atmosph\u00e9riques et aux rayons UV<\/span><\/span><\/h1><\/p>\n","protected":false},"excerpt":{"rendered":"<p>Chaise longue mod\u00e8le Mary en couleur \u00e9cru avec tissu textilene et structure en m\u00e9tal<\/p>\n","protected":false},"featured_media":35814,"comment_status":"open","ping_status":"closed","template":"","meta":[],"product_brand":[5021],"product_cat":[10012,9783],"product_tag":[],"class_list":{"0":"post-80538","1":"product","2":"type-product","3":"status-publish","4":"has-post-thumbnail","6":"product_brand-predator-arredo-casa","7":"product_cat-canapes-dexterieur","8":"product_cat-mobilier-d-39-exterieur","10":"first","11":"instock","12":"sale","13":"taxable","14":"shipping-taxable","15":"purchasable","16":"product-type-simple"},"exclude_global_add_ons":[],"addons":[],"yoast_head":"<!-- This site is optimized with the Yoast SEO plugin v26.7 - https:\/\/yoast.com\/wordpress\/plugins\/seo\/ -->\n<title>Meubles d&#039;ext\u00e9rieur Mary chaise longue en texilene \u00e9cru cadre en m\u00e9tal Meubles d&#039;ext\u00e9rieur Mary chaise longue en texilene \u00e9cru cadre en m\u00e9tal<\/title>\n<meta name=\"description\" content=\"Mary mod\u00e8le de mobilier d&#039;ext\u00e9rieur type transat-lit de couleur beige avec tissu textil\u00e8ne et structure en fer\" \/>\n<meta name=\"robots\" content=\"index, follow, max-snippet:-1, max-image-preview:large, max-video-preview:-1\" \/>\n<link rel=\"canonical\" href=\"https:\/\/www.bagnoitalia.com\/fr\/produit\/mobilier-d-39-exterieur-mary-bain-de-soleil-lit-ecru-cadre-en-metal-textilene.html\" \/>\n<meta property=\"og:locale\" content=\"fr_FR\" \/>\n<meta property=\"og:type\" content=\"article\" \/>\n<meta property=\"og:title\" content=\"Meubles d&#039;ext\u00e9rieur Mary chaise longue en texilene \u00e9cru cadre en m\u00e9tal Meubles d&#039;ext\u00e9rieur Mary chaise longue en texilene \u00e9cru cadre en m\u00e9tal\" \/>\n<meta property=\"og:description\" content=\"Mary mod\u00e8le de mobilier d&#039;ext\u00e9rieur type transat-lit de couleur beige avec tissu textil\u00e8ne et structure en fer\" \/>\n<meta property=\"og:url\" content=\"https:\/\/www.bagnoitalia.com\/fr\/produit\/mobilier-d-39-exterieur-mary-bain-de-soleil-lit-ecru-cadre-en-metal-textilene.html\" \/>\n<meta property=\"og:site_name\" content=\"Bagno Italia\" \/>\n<meta property=\"article:modified_time\" content=\"2024-06-11T12:28:54+00:00\" \/>\n<meta property=\"og:image\" content=\"https:\/\/img.bagnoitalia.com\/wp-content\/uploads\/virtuemart\/product\/Sunlounger-deckchair-Mary-model-ecru-colour-textilene-metal-frame-1_1541163832_882.jpg\" \/>\n\t<meta property=\"og:image:width\" content=\"200\" \/>\n\t<meta property=\"og:image:height\" content=\"200\" \/>\n\t<meta property=\"og:image:type\" content=\"image\/jpeg\" \/>\n<meta name=\"twitter:card\" content=\"summary_large_image\" \/>\n<script type=\"application\/ld+json\" class=\"yoast-schema-graph\">{\"@context\":\"https:\/\/schema.org\",\"@graph\":[{\"@type\":\"WebPage\",\"@id\":\"https:\/\/www.bagnoitalia.com\/fr\/produit\/mobilier-d-39-exterieur-mary-bain-de-soleil-lit-ecru-cadre-en-metal-textilene.html\",\"url\":\"https:\/\/www.bagnoitalia.com\/fr\/produit\/mobilier-d-39-exterieur-mary-bain-de-soleil-lit-ecru-cadre-en-metal-textilene.html\",\"name\":\"Meubles d'ext\u00e9rieur Mary chaise longue en texilene \u00e9cru cadre en m\u00e9tal Meubles d'ext\u00e9rieur Mary chaise longue en texilene \u00e9cru cadre en m\u00e9tal\",\"isPartOf\":{\"@id\":\"https:\/\/www.bagnoitalia.com\/fr#website\"},\"primaryImageOfPage\":{\"@id\":\"https:\/\/www.bagnoitalia.com\/fr\/produit\/mobilier-d-39-exterieur-mary-bain-de-soleil-lit-ecru-cadre-en-metal-textilene.html#primaryimage\"},\"image\":{\"@id\":\"https:\/\/www.bagnoitalia.com\/fr\/produit\/mobilier-d-39-exterieur-mary-bain-de-soleil-lit-ecru-cadre-en-metal-textilene.html#primaryimage\"},\"thumbnailUrl\":\"https:\/\/img.bagnoitalia.com\/wp-content\/uploads\/virtuemart\/product\/Sunlounger-deckchair-Mary-model-ecru-colour-textilene-metal-frame-1_1541163832_882.jpg\",\"datePublished\":\"2017-04-20T11:10:59+00:00\",\"dateModified\":\"2024-06-11T12:28:54+00:00\",\"description\":\"Mary mod\u00e8le de mobilier d&#39;ext\u00e9rieur type transat-lit de couleur beige avec tissu textil\u00e8ne et structure en fer\",\"breadcrumb\":{\"@id\":\"https:\/\/www.bagnoitalia.com\/fr\/produit\/mobilier-d-39-exterieur-mary-bain-de-soleil-lit-ecru-cadre-en-metal-textilene.html#breadcrumb\"},\"inLanguage\":\"fr-FR\",\"potentialAction\":[{\"@type\":\"ReadAction\",\"target\":[\"https:\/\/www.bagnoitalia.com\/fr\/produit\/mobilier-d-39-exterieur-mary-bain-de-soleil-lit-ecru-cadre-en-metal-textilene.html\"]}]},{\"@type\":\"ImageObject\",\"inLanguage\":\"fr-FR\",\"@id\":\"https:\/\/www.bagnoitalia.com\/fr\/produit\/mobilier-d-39-exterieur-mary-bain-de-soleil-lit-ecru-cadre-en-metal-textilene.html#primaryimage\",\"url\":\"https:\/\/img.bagnoitalia.com\/wp-content\/uploads\/virtuemart\/product\/Sunlounger-deckchair-Mary-model-ecru-colour-textilene-metal-frame-1_1541163832_882.jpg\",\"contentUrl\":\"https:\/\/img.bagnoitalia.com\/wp-content\/uploads\/virtuemart\/product\/Sunlounger-deckchair-Mary-model-ecru-colour-textilene-metal-frame-1_1541163832_882.jpg\",\"width\":200,\"height\":200},{\"@type\":\"BreadcrumbList\",\"@id\":\"https:\/\/www.bagnoitalia.com\/fr\/produit\/mobilier-d-39-exterieur-mary-bain-de-soleil-lit-ecru-cadre-en-metal-textilene.html#breadcrumb\",\"itemListElement\":[{\"@type\":\"ListItem\",\"position\":1,\"name\":\"Home\",\"item\":\"https:\/\/www.bagnoitalia.com\/fr\"},{\"@type\":\"ListItem\",\"position\":2,\"name\":\"Produits\",\"item\":\"https:\/\/www.bagnoitalia.com\/fr\/shop\"},{\"@type\":\"ListItem\",\"position\":3,\"name\":\"Meubles d&#8217;ext\u00e9rieur Mary chaise longue en texilene \u00e9cru cadre en m\u00e9tal Meubles d&#8217;ext\u00e9rieur Mary chaise longue en texilene \u00e9cru cadre en m\u00e9tal\"}]},{\"@type\":\"WebSite\",\"@id\":\"https:\/\/www.bagnoitalia.com\/fr#website\",\"url\":\"https:\/\/www.bagnoitalia.com\/fr\",\"name\":\"Bagno Italia\",\"description\":\"\",\"publisher\":{\"@id\":\"https:\/\/www.bagnoitalia.com\/fr#organization\"},\"potentialAction\":[{\"@type\":\"SearchAction\",\"target\":{\"@type\":\"EntryPoint\",\"urlTemplate\":\"https:\/\/www.bagnoitalia.com\/fr?s={search_term_string}\"},\"query-input\":{\"@type\":\"PropertyValueSpecification\",\"valueRequired\":true,\"valueName\":\"search_term_string\"}}],\"inLanguage\":\"fr-FR\"},{\"@type\":\"Organization\",\"@id\":\"https:\/\/www.bagnoitalia.com\/fr#organization\",\"name\":\"Bagno Italia\",\"url\":\"https:\/\/www.bagnoitalia.com\/fr\",\"logo\":{\"@type\":\"ImageObject\",\"inLanguage\":\"fr-FR\",\"@id\":\"https:\/\/www.bagnoitalia.com\/fr#\/schema\/logo\/image\/\",\"url\":\"https:\/\/img.bagnoitalia.com\/wp-content\/uploads\/logo-bagnoitalia.webp\",\"contentUrl\":\"https:\/\/img.bagnoitalia.com\/wp-content\/uploads\/logo-bagnoitalia.webp\",\"width\":400,\"height\":70,\"caption\":\"Bagno Italia\"},\"image\":{\"@id\":\"https:\/\/www.bagnoitalia.com\/fr#\/schema\/logo\/image\/\"}}]}<\/script>\n<!-- \/ Yoast SEO plugin. -->","yoast_head_json":{"title":"Meubles d'ext\u00e9rieur Mary chaise longue en texilene \u00e9cru cadre en m\u00e9tal Meubles d'ext\u00e9rieur Mary chaise longue en texilene \u00e9cru cadre en m\u00e9tal","description":"Mary mod\u00e8le de mobilier d&#39;ext\u00e9rieur type transat-lit de couleur beige avec tissu textil\u00e8ne et structure en fer","robots":{"index":"index","follow":"follow","max-snippet":"max-snippet:-1","max-image-preview":"max-image-preview:large","max-video-preview":"max-video-preview:-1"},"canonical":"https:\/\/www.bagnoitalia.com\/fr\/produit\/mobilier-d-39-exterieur-mary-bain-de-soleil-lit-ecru-cadre-en-metal-textilene.html","og_locale":"fr_FR","og_type":"article","og_title":"Meubles d'ext\u00e9rieur Mary chaise longue en texilene \u00e9cru cadre en m\u00e9tal Meubles d'ext\u00e9rieur Mary chaise longue en texilene \u00e9cru cadre en m\u00e9tal","og_description":"Mary mod\u00e8le de mobilier d&#39;ext\u00e9rieur type transat-lit de couleur beige avec tissu textil\u00e8ne et structure en fer","og_url":"https:\/\/www.bagnoitalia.com\/fr\/produit\/mobilier-d-39-exterieur-mary-bain-de-soleil-lit-ecru-cadre-en-metal-textilene.html","og_site_name":"Bagno Italia","article_modified_time":"2024-06-11T12:28:54+00:00","og_image":[{"width":200,"height":200,"url":"https:\/\/img.bagnoitalia.com\/wp-content\/uploads\/virtuemart\/product\/Sunlounger-deckchair-Mary-model-ecru-colour-textilene-metal-frame-1_1541163832_882.jpg","type":"image\/jpeg"}],"twitter_card":"summary_large_image","schema":{"@context":"https:\/\/schema.org","@graph":[{"@type":"WebPage","@id":"https:\/\/www.bagnoitalia.com\/fr\/produit\/mobilier-d-39-exterieur-mary-bain-de-soleil-lit-ecru-cadre-en-metal-textilene.html","url":"https:\/\/www.bagnoitalia.com\/fr\/produit\/mobilier-d-39-exterieur-mary-bain-de-soleil-lit-ecru-cadre-en-metal-textilene.html","name":"Meubles d'ext\u00e9rieur Mary chaise longue en texilene \u00e9cru cadre en m\u00e9tal Meubles d'ext\u00e9rieur Mary chaise longue en texilene \u00e9cru cadre en m\u00e9tal","isPartOf":{"@id":"https:\/\/www.bagnoitalia.com\/fr#website"},"primaryImageOfPage":{"@id":"https:\/\/www.bagnoitalia.com\/fr\/produit\/mobilier-d-39-exterieur-mary-bain-de-soleil-lit-ecru-cadre-en-metal-textilene.html#primaryimage"},"image":{"@id":"https:\/\/www.bagnoitalia.com\/fr\/produit\/mobilier-d-39-exterieur-mary-bain-de-soleil-lit-ecru-cadre-en-metal-textilene.html#primaryimage"},"thumbnailUrl":"https:\/\/img.bagnoitalia.com\/wp-content\/uploads\/virtuemart\/product\/Sunlounger-deckchair-Mary-model-ecru-colour-textilene-metal-frame-1_1541163832_882.jpg","datePublished":"2017-04-20T11:10:59+00:00","dateModified":"2024-06-11T12:28:54+00:00","description":"Mary mod\u00e8le de mobilier d&#39;ext\u00e9rieur type transat-lit de couleur beige avec tissu textil\u00e8ne et structure en fer","breadcrumb":{"@id":"https:\/\/www.bagnoitalia.com\/fr\/produit\/mobilier-d-39-exterieur-mary-bain-de-soleil-lit-ecru-cadre-en-metal-textilene.html#breadcrumb"},"inLanguage":"fr-FR","potentialAction":[{"@type":"ReadAction","target":["https:\/\/www.bagnoitalia.com\/fr\/produit\/mobilier-d-39-exterieur-mary-bain-de-soleil-lit-ecru-cadre-en-metal-textilene.html"]}]},{"@type":"ImageObject","inLanguage":"fr-FR","@id":"https:\/\/www.bagnoitalia.com\/fr\/produit\/mobilier-d-39-exterieur-mary-bain-de-soleil-lit-ecru-cadre-en-metal-textilene.html#primaryimage","url":"https:\/\/img.bagnoitalia.com\/wp-content\/uploads\/virtuemart\/product\/Sunlounger-deckchair-Mary-model-ecru-colour-textilene-metal-frame-1_1541163832_882.jpg","contentUrl":"https:\/\/img.bagnoitalia.com\/wp-content\/uploads\/virtuemart\/product\/Sunlounger-deckchair-Mary-model-ecru-colour-textilene-metal-frame-1_1541163832_882.jpg","width":200,"height":200},{"@type":"BreadcrumbList","@id":"https:\/\/www.bagnoitalia.com\/fr\/produit\/mobilier-d-39-exterieur-mary-bain-de-soleil-lit-ecru-cadre-en-metal-textilene.html#breadcrumb","itemListElement":[{"@type":"ListItem","position":1,"name":"Home","item":"https:\/\/www.bagnoitalia.com\/fr"},{"@type":"ListItem","position":2,"name":"Produits","item":"https:\/\/www.bagnoitalia.com\/fr\/shop"},{"@type":"ListItem","position":3,"name":"Meubles d&#8217;ext\u00e9rieur Mary chaise longue en texilene \u00e9cru cadre en m\u00e9tal Meubles d&#8217;ext\u00e9rieur Mary chaise longue en texilene \u00e9cru cadre en m\u00e9tal"}]},{"@type":"WebSite","@id":"https:\/\/www.bagnoitalia.com\/fr#website","url":"https:\/\/www.bagnoitalia.com\/fr","name":"Bagno Italia","description":"","publisher":{"@id":"https:\/\/www.bagnoitalia.com\/fr#organization"},"potentialAction":[{"@type":"SearchAction","target":{"@type":"EntryPoint","urlTemplate":"https:\/\/www.bagnoitalia.com\/fr?s={search_term_string}"},"query-input":{"@type":"PropertyValueSpecification","valueRequired":true,"valueName":"search_term_string"}}],"inLanguage":"fr-FR"},{"@type":"Organization","@id":"https:\/\/www.bagnoitalia.com\/fr#organization","name":"Bagno Italia","url":"https:\/\/www.bagnoitalia.com\/fr","logo":{"@type":"ImageObject","inLanguage":"fr-FR","@id":"https:\/\/www.bagnoitalia.com\/fr#\/schema\/logo\/image\/","url":"https:\/\/img.bagnoitalia.com\/wp-content\/uploads\/logo-bagnoitalia.webp","contentUrl":"https:\/\/img.bagnoitalia.com\/wp-content\/uploads\/logo-bagnoitalia.webp","width":400,"height":70,"caption":"Bagno Italia"},"image":{"@id":"https:\/\/www.bagnoitalia.com\/fr#\/schema\/logo\/image\/"}}]}},"_links":{"self":[{"href":"https:\/\/www.bagnoitalia.com\/fr\/wp-json\/wp\/v2\/product\/80538","targetHints":{"allow":["GET"]}}],"collection":[{"href":"https:\/\/www.bagnoitalia.com\/fr\/wp-json\/wp\/v2\/product"}],"about":[{"href":"https:\/\/www.bagnoitalia.com\/fr\/wp-json\/wp\/v2\/types\/product"}],"replies":[{"embeddable":true,"href":"https:\/\/www.bagnoitalia.com\/fr\/wp-json\/wp\/v2\/comments?post=80538"}],"version-history":[{"count":0,"href":"https:\/\/www.bagnoitalia.com\/fr\/wp-json\/wp\/v2\/product\/80538\/revisions"}],"wp:featuredmedia":[{"embeddable":true,"href":"https:\/\/www.bagnoitalia.com\/fr\/wp-json\/wp\/v2\/media\/35814"}],"wp:attachment":[{"href":"https:\/\/www.bagnoitalia.com\/fr\/wp-json\/wp\/v2\/media?parent=80538"}],"wp:term":[{"taxonomy":"product_brand","embeddable":true,"href":"https:\/\/www.bagnoitalia.com\/fr\/wp-json\/wp\/v2\/product_brand?post=80538"},{"taxonomy":"product_cat","embeddable":true,"href":"https:\/\/www.bagnoitalia.com\/fr\/wp-json\/wp\/v2\/product_cat?post=80538"},{"taxonomy":"product_tag","embeddable":true,"href":"https:\/\/www.bagnoitalia.com\/fr\/wp-json\/wp\/v2\/product_tag?post=80538"}],"curies":[{"name":"wp","href":"https:\/\/api.w.org\/{rel}","templated":true}]}}