{"id":80526,"date":"2017-04-04T15:36:16","date_gmt":"2017-04-04T13:36:16","guid":{"rendered":"https:\/\/www.bagnoitalia.com\/product\/baignoire-rectangulaire-180x90-noir-avec-16-jets-d-39-hydrotherapie-chromotherapie-de-sauvetage-et-robinets-inclus-vs056"},"modified":"2024-05-11T00:09:33","modified_gmt":"2024-05-10T22:09:33","slug":"baignoire-rectangulaire-180x90-noir-avec-16-jets-d-39-hydrotherapie-chromotherapie-de-sauvetage-et-robinets-inclus-vs056","status":"publish","type":"product","link":"https:\/\/www.bagnoitalia.com\/fr\/produit\/baignoire-rectangulaire-180x90-noir-avec-16-jets-d-39-hydrotherapie-chromotherapie-de-sauvetage-et-robinets-inclus-vs056.html","title":{"rendered":"Baignoire \u00e0 remous rectangulaire 180&#215;90 noire, 16 jets d&rsquo;hydromassage, chromoth\u00e9rapie, disjoncteur et robinets inclus VS056"},"content":{"rendered":"<h4 class=\"western\"><span style=\"text-decoration: underline;\"><strong><span style=\"font-family: arial,helvetica,sans-serif;\"><span style=\"font-size: 14pt;\"><span style=\"font-family: Arial;\"><span style=\"font-size: medium;\">Baignoire baln\u00e9o rectangulaire 180&#215;90 avec 16 jets d&rsquo;hydromassage noirs<\/span><\/span><\/span><\/span><\/strong><\/span><\/h4>\n<p style=\"margin-bottom: 0cm; font-weight: normal;\"><span style=\"text-decoration: underline;\"><strong><span style=\"font-family: arial,helvetica,sans-serif;\"><span style=\"font-size: 14pt;\"><span style=\"font-family: Arial;\"><span style=\"font-size: medium;\">Caract\u00e9ristiques:<\/span><\/span><\/span><\/span><\/strong><\/span><\/p>\n<ul>\n<li style=\"margin-bottom: 0cm; font-weight: normal;\"><span style=\"font-family: Arial,sans-serif; font-size: 12pt;\">Dimensions du bain: 180&#215;90 cm<\/span><\/li>\n<li style=\"margin-bottom: 0cm; font-weight: normal;\"><span style=\"font-family: Arial,sans-serif; font-size: 12pt;\">Pompe Whirlpool 1.5 HP<\/span><\/li>\n<li style=\"margin-bottom: 0cm; font-weight: normal;\"><span style=\"font-family: Arial,sans-serif; font-size: 12pt;\">Syst\u00e8me de d\u00e9sinfection et de st\u00e9rilisation<\/span><\/li>\n<li style=\"margin-bottom: 0cm; font-weight: normal;\"><span style=\"font-family: Arial,sans-serif; font-size: 12pt;\">2 coussins d&rsquo;appui-t\u00eate<\/span><\/li>\n<li style=\"margin-bottom: 0cm; font-weight: normal;\"><span style=\"font-family: Arial,sans-serif; font-size: 12pt;\">16 jets d&rsquo;hydromassage (4 grands et 12 petits)<\/span><\/li>\n<li style=\"margin-bottom: 0cm;\"><span style=\"font-family: Arial,sans-serif; font-size: 12pt;\"><span style=\"font-weight: normal;\">Ordinateur de contr\u00f4le<\/span><\/span><\/li>\n<li style=\"margin-bottom: 0cm;\"><span style=\"font-family: Arial,sans-serif; font-size: 12pt;\"><span style=\"font-weight: normal;\">Radio FM avec 2 haut-parleurs acoustiques<\/span><\/span><\/li>\n<li style=\"margin-bottom: 0cm;\"><span style=\"font-family: Arial,sans-serif; font-size: 12pt;\"><span style=\"font-weight: normal;\">Baignoire avec douche multifonction<\/span><\/span><\/li>\n<li style=\"margin-bottom: 0cm;\"><span style=\"font-family: Arial,sans-serif; font-size: 12pt;\"><span style=\"font-weight: normal;\">interrupteur<\/span><\/span><\/li>\n<li style=\"margin-bottom: 0cm;\"><span style=\"font-family: Arial,sans-serif; font-size: 12pt;\"><span style=\"font-weight: normal;\">R\u00e9gulateur de pression d&rsquo;eau<\/span><\/span><\/li>\n<li style=\"margin-bottom: 0cm;\"><span style=\"font-family: Arial,sans-serif; font-size: 12pt;\"><span style=\"font-weight: normal;\">Aspiration et circulation de l&rsquo;eau<\/span><\/span><\/li>\n<li style=\"margin-bottom: 0cm;\"><span style=\"font-family: Arial,sans-serif; font-size: 12pt;\"><span style=\"font-weight: normal;\">Grand \u00e9clairage LED pour chromoth\u00e9rapie plac\u00e9 sous les robinets<\/span><\/span><\/li>\n<li style=\"margin-bottom: 0cm;\"><span style=\"font-family: Arial,sans-serif; font-size: 12pt;\"><span style=\"font-weight: normal;\">Cascade et robinets de s\u00e9curit\u00e9 inclus dans le prix<\/span><\/span> <span style=\"font-family: Arial;\"><span style=\"font-size: medium;\"><span style=\"font-weight: normal;\"><br \/><\/span><\/span><\/span><\/li>\n<\/ul>\n<h4 class=\"western\"><\/h4>\n<p><strong><span style=\"text-decoration: underline;\"><span style=\"font-family: arial,helvetica,sans-serif; font-size: 14pt;\"><span style=\"font-size: medium;\">Mat\u00e9riaux de bain:<\/span><\/span><\/span><\/strong><\/p>\n<ul>\n<li class=\"western\"><span style=\"font-size: 12pt;\"><span style=\"font-family: arial,helvetica,sans-serif;\"><span style=\"font-family: arial,helvetica,sans-serif;\"><span style=\"font-weight: normal;\">Bain acrylique sanitaire de haute qualit\u00e9, de couleur noire<\/span><\/span><\/span><\/span><\/li>\n<li class=\"western\"><span style=\"font-size: 12pt;\"><span style=\"font-family: arial,helvetica,sans-serif;\"><span style=\"font-family: arial,helvetica,sans-serif;\"><span style=\"font-weight: normal;\">Poids du r\u00e9servoir: 100 kg<\/span><\/span><\/span><\/span><\/li>\n<li class=\"western\"><span style=\"font-size: 12pt;\"><span style=\"font-family: arial,helvetica,sans-serif;\"><span style=\"font-family: arial,helvetica,sans-serif;\"><span style=\"font-weight: normal;\">Corps en acier<\/span><\/span><\/span><\/span><\/li>\n<li class=\"western\"><span style=\"font-size: 12pt;\"><span style=\"font-family: arial,helvetica,sans-serif;\"><span style=\"font-family: arial,helvetica,sans-serif;\"><span style=\"font-weight: normal;\">Verre avant<\/span><\/span><\/span><\/span><\/li>\n<li class=\"western\"><span style=\"font-size: 12pt;\"><span style=\"font-family: arial,helvetica,sans-serif;\"><span style=\"font-family: arial,helvetica,sans-serif;\"><span style=\"font-weight: normal;\">Facile \u00e0 assembler<\/span><\/span><\/span><\/span><\/li>\n<\/ul>\n","protected":false},"excerpt":{"rendered":"<p>Baignoire d&rsquo;hydromassage rectangulaire de dimensions 180&#215;90 de couleur noire avec 16 jets d&rsquo;hydromassage, chromoth\u00e9rapie, disjoncteur et robinets inclus dans le prix<\/p>\n","protected":false},"featured_media":35718,"comment_status":"open","ping_status":"closed","template":"","meta":[],"product_brand":[9912],"product_cat":[9707,9743],"product_tag":[],"class_list":{"0":"post-80526","1":"product","2":"type-product","3":"status-publish","4":"has-post-thumbnail","6":"product_brand-simba-fr","7":"product_cat-baignoire-balneo","8":"product_cat-piscines-d-39-hydromassage","10":"first","11":"instock","12":"sale","13":"taxable","14":"shipping-taxable","15":"purchasable","16":"product-type-simple"},"exclude_global_add_ons":[],"addons":[],"yoast_head":"<!-- This site is optimized with the Yoast SEO plugin v26.7 - https:\/\/yoast.com\/wordpress\/plugins\/seo\/ -->\n<title>Baignoire \u00e0 remous rectangulaire 180x90 noire, 16 jets d&#039;hydromassage, chromoth\u00e9rapie, disjoncteur et robinets inclus VS056<\/title>\n<meta name=\"description\" content=\"Baignoire d&#039;hydromassage rectangulaire de dimensions 180x90 de couleur noire avec 16 jets d&#039;hydroth\u00e9rapie, chromoth\u00e9rapie de sauvetage et robinets inclus dans le prix\" \/>\n<meta name=\"robots\" content=\"index, follow, max-snippet:-1, max-image-preview:large, max-video-preview:-1\" \/>\n<link rel=\"canonical\" href=\"https:\/\/www.bagnoitalia.com\/fr\/produit\/baignoire-rectangulaire-180x90-noir-avec-16-jets-d-39-hydrotherapie-chromotherapie-de-sauvetage-et-robinets-inclus-vs056.html\" \/>\n<meta property=\"og:locale\" content=\"fr_FR\" \/>\n<meta property=\"og:type\" content=\"article\" \/>\n<meta property=\"og:title\" content=\"Baignoire \u00e0 remous rectangulaire 180x90 noire, 16 jets d&#039;hydromassage, chromoth\u00e9rapie, disjoncteur et robinets inclus VS056\" \/>\n<meta property=\"og:description\" content=\"Baignoire d&#039;hydromassage rectangulaire de dimensions 180x90 de couleur noire avec 16 jets d&#039;hydroth\u00e9rapie, chromoth\u00e9rapie de sauvetage et robinets inclus dans le prix\" \/>\n<meta property=\"og:url\" content=\"https:\/\/www.bagnoitalia.com\/fr\/produit\/baignoire-rectangulaire-180x90-noir-avec-16-jets-d-39-hydrotherapie-chromotherapie-de-sauvetage-et-robinets-inclus-vs056.html\" \/>\n<meta property=\"og:site_name\" content=\"Bagno Italia\" \/>\n<meta property=\"article:modified_time\" content=\"2024-05-10T22:09:33+00:00\" \/>\n<meta property=\"og:image\" content=\"https:\/\/img.bagnoitalia.com\/wp-content\/uploads\/virtuemart\/product\/Rectangular-black-Jacuzzi-180x90-1_1541783589_476.jpg\" \/>\n\t<meta property=\"og:image:width\" content=\"640\" \/>\n\t<meta property=\"og:image:height\" content=\"512\" \/>\n\t<meta property=\"og:image:type\" content=\"image\/jpeg\" \/>\n<meta name=\"twitter:card\" content=\"summary_large_image\" \/>\n<meta name=\"twitter:label1\" content=\"Dur\u00e9e de lecture estim\u00e9e\" \/>\n\t<meta name=\"twitter:data1\" content=\"1 minute\" \/>\n<script type=\"application\/ld+json\" class=\"yoast-schema-graph\">{\"@context\":\"https:\/\/schema.org\",\"@graph\":[{\"@type\":\"WebPage\",\"@id\":\"https:\/\/www.bagnoitalia.com\/fr\/produit\/baignoire-rectangulaire-180x90-noir-avec-16-jets-d-39-hydrotherapie-chromotherapie-de-sauvetage-et-robinets-inclus-vs056.html\",\"url\":\"https:\/\/www.bagnoitalia.com\/fr\/produit\/baignoire-rectangulaire-180x90-noir-avec-16-jets-d-39-hydrotherapie-chromotherapie-de-sauvetage-et-robinets-inclus-vs056.html\",\"name\":\"Baignoire \u00e0 remous rectangulaire 180x90 noire, 16 jets d'hydromassage, chromoth\u00e9rapie, disjoncteur et robinets inclus VS056\",\"isPartOf\":{\"@id\":\"https:\/\/www.bagnoitalia.com\/fr#website\"},\"primaryImageOfPage\":{\"@id\":\"https:\/\/www.bagnoitalia.com\/fr\/produit\/baignoire-rectangulaire-180x90-noir-avec-16-jets-d-39-hydrotherapie-chromotherapie-de-sauvetage-et-robinets-inclus-vs056.html#primaryimage\"},\"image\":{\"@id\":\"https:\/\/www.bagnoitalia.com\/fr\/produit\/baignoire-rectangulaire-180x90-noir-avec-16-jets-d-39-hydrotherapie-chromotherapie-de-sauvetage-et-robinets-inclus-vs056.html#primaryimage\"},\"thumbnailUrl\":\"https:\/\/img.bagnoitalia.com\/wp-content\/uploads\/virtuemart\/product\/Rectangular-black-Jacuzzi-180x90-1_1541783589_476.jpg\",\"datePublished\":\"2017-04-04T13:36:16+00:00\",\"dateModified\":\"2024-05-10T22:09:33+00:00\",\"description\":\"Baignoire d&#39;hydromassage rectangulaire de dimensions 180x90 de couleur noire avec 16 jets d&#39;hydroth\u00e9rapie, chromoth\u00e9rapie de sauvetage et robinets inclus dans le prix\",\"breadcrumb\":{\"@id\":\"https:\/\/www.bagnoitalia.com\/fr\/produit\/baignoire-rectangulaire-180x90-noir-avec-16-jets-d-39-hydrotherapie-chromotherapie-de-sauvetage-et-robinets-inclus-vs056.html#breadcrumb\"},\"inLanguage\":\"fr-FR\",\"potentialAction\":[{\"@type\":\"ReadAction\",\"target\":[\"https:\/\/www.bagnoitalia.com\/fr\/produit\/baignoire-rectangulaire-180x90-noir-avec-16-jets-d-39-hydrotherapie-chromotherapie-de-sauvetage-et-robinets-inclus-vs056.html\"]}]},{\"@type\":\"ImageObject\",\"inLanguage\":\"fr-FR\",\"@id\":\"https:\/\/www.bagnoitalia.com\/fr\/produit\/baignoire-rectangulaire-180x90-noir-avec-16-jets-d-39-hydrotherapie-chromotherapie-de-sauvetage-et-robinets-inclus-vs056.html#primaryimage\",\"url\":\"https:\/\/img.bagnoitalia.com\/wp-content\/uploads\/virtuemart\/product\/Rectangular-black-Jacuzzi-180x90-1_1541783589_476.jpg\",\"contentUrl\":\"https:\/\/img.bagnoitalia.com\/wp-content\/uploads\/virtuemart\/product\/Rectangular-black-Jacuzzi-180x90-1_1541783589_476.jpg\",\"width\":640,\"height\":512},{\"@type\":\"BreadcrumbList\",\"@id\":\"https:\/\/www.bagnoitalia.com\/fr\/produit\/baignoire-rectangulaire-180x90-noir-avec-16-jets-d-39-hydrotherapie-chromotherapie-de-sauvetage-et-robinets-inclus-vs056.html#breadcrumb\",\"itemListElement\":[{\"@type\":\"ListItem\",\"position\":1,\"name\":\"Home\",\"item\":\"https:\/\/www.bagnoitalia.com\/fr\"},{\"@type\":\"ListItem\",\"position\":2,\"name\":\"Produits\",\"item\":\"https:\/\/www.bagnoitalia.com\/fr\/shop\"},{\"@type\":\"ListItem\",\"position\":3,\"name\":\"Baignoire \u00e0 remous rectangulaire 180&#215;90 noire, 16 jets d&#8217;hydromassage, chromoth\u00e9rapie, disjoncteur et robinets inclus VS056\"}]},{\"@type\":\"WebSite\",\"@id\":\"https:\/\/www.bagnoitalia.com\/fr#website\",\"url\":\"https:\/\/www.bagnoitalia.com\/fr\",\"name\":\"Bagno Italia\",\"description\":\"\",\"publisher\":{\"@id\":\"https:\/\/www.bagnoitalia.com\/fr#organization\"},\"potentialAction\":[{\"@type\":\"SearchAction\",\"target\":{\"@type\":\"EntryPoint\",\"urlTemplate\":\"https:\/\/www.bagnoitalia.com\/fr?s={search_term_string}\"},\"query-input\":{\"@type\":\"PropertyValueSpecification\",\"valueRequired\":true,\"valueName\":\"search_term_string\"}}],\"inLanguage\":\"fr-FR\"},{\"@type\":\"Organization\",\"@id\":\"https:\/\/www.bagnoitalia.com\/fr#organization\",\"name\":\"Bagno Italia\",\"url\":\"https:\/\/www.bagnoitalia.com\/fr\",\"logo\":{\"@type\":\"ImageObject\",\"inLanguage\":\"fr-FR\",\"@id\":\"https:\/\/www.bagnoitalia.com\/fr#\/schema\/logo\/image\/\",\"url\":\"https:\/\/img.bagnoitalia.com\/wp-content\/uploads\/logo-bagnoitalia.webp\",\"contentUrl\":\"https:\/\/img.bagnoitalia.com\/wp-content\/uploads\/logo-bagnoitalia.webp\",\"width\":400,\"height\":70,\"caption\":\"Bagno Italia\"},\"image\":{\"@id\":\"https:\/\/www.bagnoitalia.com\/fr#\/schema\/logo\/image\/\"}}]}<\/script>\n<!-- \/ Yoast SEO plugin. -->","yoast_head_json":{"title":"Baignoire \u00e0 remous rectangulaire 180x90 noire, 16 jets d'hydromassage, chromoth\u00e9rapie, disjoncteur et robinets inclus VS056","description":"Baignoire d&#39;hydromassage rectangulaire de dimensions 180x90 de couleur noire avec 16 jets d&#39;hydroth\u00e9rapie, chromoth\u00e9rapie de sauvetage et robinets inclus dans le prix","robots":{"index":"index","follow":"follow","max-snippet":"max-snippet:-1","max-image-preview":"max-image-preview:large","max-video-preview":"max-video-preview:-1"},"canonical":"https:\/\/www.bagnoitalia.com\/fr\/produit\/baignoire-rectangulaire-180x90-noir-avec-16-jets-d-39-hydrotherapie-chromotherapie-de-sauvetage-et-robinets-inclus-vs056.html","og_locale":"fr_FR","og_type":"article","og_title":"Baignoire \u00e0 remous rectangulaire 180x90 noire, 16 jets d'hydromassage, chromoth\u00e9rapie, disjoncteur et robinets inclus VS056","og_description":"Baignoire d&#39;hydromassage rectangulaire de dimensions 180x90 de couleur noire avec 16 jets d&#39;hydroth\u00e9rapie, chromoth\u00e9rapie de sauvetage et robinets inclus dans le prix","og_url":"https:\/\/www.bagnoitalia.com\/fr\/produit\/baignoire-rectangulaire-180x90-noir-avec-16-jets-d-39-hydrotherapie-chromotherapie-de-sauvetage-et-robinets-inclus-vs056.html","og_site_name":"Bagno Italia","article_modified_time":"2024-05-10T22:09:33+00:00","og_image":[{"width":640,"height":512,"url":"https:\/\/img.bagnoitalia.com\/wp-content\/uploads\/virtuemart\/product\/Rectangular-black-Jacuzzi-180x90-1_1541783589_476.jpg","type":"image\/jpeg"}],"twitter_card":"summary_large_image","twitter_misc":{"Dur\u00e9e de lecture estim\u00e9e":"1 minute"},"schema":{"@context":"https:\/\/schema.org","@graph":[{"@type":"WebPage","@id":"https:\/\/www.bagnoitalia.com\/fr\/produit\/baignoire-rectangulaire-180x90-noir-avec-16-jets-d-39-hydrotherapie-chromotherapie-de-sauvetage-et-robinets-inclus-vs056.html","url":"https:\/\/www.bagnoitalia.com\/fr\/produit\/baignoire-rectangulaire-180x90-noir-avec-16-jets-d-39-hydrotherapie-chromotherapie-de-sauvetage-et-robinets-inclus-vs056.html","name":"Baignoire \u00e0 remous rectangulaire 180x90 noire, 16 jets d'hydromassage, chromoth\u00e9rapie, disjoncteur et robinets inclus VS056","isPartOf":{"@id":"https:\/\/www.bagnoitalia.com\/fr#website"},"primaryImageOfPage":{"@id":"https:\/\/www.bagnoitalia.com\/fr\/produit\/baignoire-rectangulaire-180x90-noir-avec-16-jets-d-39-hydrotherapie-chromotherapie-de-sauvetage-et-robinets-inclus-vs056.html#primaryimage"},"image":{"@id":"https:\/\/www.bagnoitalia.com\/fr\/produit\/baignoire-rectangulaire-180x90-noir-avec-16-jets-d-39-hydrotherapie-chromotherapie-de-sauvetage-et-robinets-inclus-vs056.html#primaryimage"},"thumbnailUrl":"https:\/\/img.bagnoitalia.com\/wp-content\/uploads\/virtuemart\/product\/Rectangular-black-Jacuzzi-180x90-1_1541783589_476.jpg","datePublished":"2017-04-04T13:36:16+00:00","dateModified":"2024-05-10T22:09:33+00:00","description":"Baignoire d&#39;hydromassage rectangulaire de dimensions 180x90 de couleur noire avec 16 jets d&#39;hydroth\u00e9rapie, chromoth\u00e9rapie de sauvetage et robinets inclus dans le prix","breadcrumb":{"@id":"https:\/\/www.bagnoitalia.com\/fr\/produit\/baignoire-rectangulaire-180x90-noir-avec-16-jets-d-39-hydrotherapie-chromotherapie-de-sauvetage-et-robinets-inclus-vs056.html#breadcrumb"},"inLanguage":"fr-FR","potentialAction":[{"@type":"ReadAction","target":["https:\/\/www.bagnoitalia.com\/fr\/produit\/baignoire-rectangulaire-180x90-noir-avec-16-jets-d-39-hydrotherapie-chromotherapie-de-sauvetage-et-robinets-inclus-vs056.html"]}]},{"@type":"ImageObject","inLanguage":"fr-FR","@id":"https:\/\/www.bagnoitalia.com\/fr\/produit\/baignoire-rectangulaire-180x90-noir-avec-16-jets-d-39-hydrotherapie-chromotherapie-de-sauvetage-et-robinets-inclus-vs056.html#primaryimage","url":"https:\/\/img.bagnoitalia.com\/wp-content\/uploads\/virtuemart\/product\/Rectangular-black-Jacuzzi-180x90-1_1541783589_476.jpg","contentUrl":"https:\/\/img.bagnoitalia.com\/wp-content\/uploads\/virtuemart\/product\/Rectangular-black-Jacuzzi-180x90-1_1541783589_476.jpg","width":640,"height":512},{"@type":"BreadcrumbList","@id":"https:\/\/www.bagnoitalia.com\/fr\/produit\/baignoire-rectangulaire-180x90-noir-avec-16-jets-d-39-hydrotherapie-chromotherapie-de-sauvetage-et-robinets-inclus-vs056.html#breadcrumb","itemListElement":[{"@type":"ListItem","position":1,"name":"Home","item":"https:\/\/www.bagnoitalia.com\/fr"},{"@type":"ListItem","position":2,"name":"Produits","item":"https:\/\/www.bagnoitalia.com\/fr\/shop"},{"@type":"ListItem","position":3,"name":"Baignoire \u00e0 remous rectangulaire 180&#215;90 noire, 16 jets d&#8217;hydromassage, chromoth\u00e9rapie, disjoncteur et robinets inclus VS056"}]},{"@type":"WebSite","@id":"https:\/\/www.bagnoitalia.com\/fr#website","url":"https:\/\/www.bagnoitalia.com\/fr","name":"Bagno Italia","description":"","publisher":{"@id":"https:\/\/www.bagnoitalia.com\/fr#organization"},"potentialAction":[{"@type":"SearchAction","target":{"@type":"EntryPoint","urlTemplate":"https:\/\/www.bagnoitalia.com\/fr?s={search_term_string}"},"query-input":{"@type":"PropertyValueSpecification","valueRequired":true,"valueName":"search_term_string"}}],"inLanguage":"fr-FR"},{"@type":"Organization","@id":"https:\/\/www.bagnoitalia.com\/fr#organization","name":"Bagno Italia","url":"https:\/\/www.bagnoitalia.com\/fr","logo":{"@type":"ImageObject","inLanguage":"fr-FR","@id":"https:\/\/www.bagnoitalia.com\/fr#\/schema\/logo\/image\/","url":"https:\/\/img.bagnoitalia.com\/wp-content\/uploads\/logo-bagnoitalia.webp","contentUrl":"https:\/\/img.bagnoitalia.com\/wp-content\/uploads\/logo-bagnoitalia.webp","width":400,"height":70,"caption":"Bagno Italia"},"image":{"@id":"https:\/\/www.bagnoitalia.com\/fr#\/schema\/logo\/image\/"}}]}},"_links":{"self":[{"href":"https:\/\/www.bagnoitalia.com\/fr\/wp-json\/wp\/v2\/product\/80526","targetHints":{"allow":["GET"]}}],"collection":[{"href":"https:\/\/www.bagnoitalia.com\/fr\/wp-json\/wp\/v2\/product"}],"about":[{"href":"https:\/\/www.bagnoitalia.com\/fr\/wp-json\/wp\/v2\/types\/product"}],"replies":[{"embeddable":true,"href":"https:\/\/www.bagnoitalia.com\/fr\/wp-json\/wp\/v2\/comments?post=80526"}],"version-history":[{"count":0,"href":"https:\/\/www.bagnoitalia.com\/fr\/wp-json\/wp\/v2\/product\/80526\/revisions"}],"wp:featuredmedia":[{"embeddable":true,"href":"https:\/\/www.bagnoitalia.com\/fr\/wp-json\/wp\/v2\/media\/35718"}],"wp:attachment":[{"href":"https:\/\/www.bagnoitalia.com\/fr\/wp-json\/wp\/v2\/media?parent=80526"}],"wp:term":[{"taxonomy":"product_brand","embeddable":true,"href":"https:\/\/www.bagnoitalia.com\/fr\/wp-json\/wp\/v2\/product_brand?post=80526"},{"taxonomy":"product_cat","embeddable":true,"href":"https:\/\/www.bagnoitalia.com\/fr\/wp-json\/wp\/v2\/product_cat?post=80526"},{"taxonomy":"product_tag","embeddable":true,"href":"https:\/\/www.bagnoitalia.com\/fr\/wp-json\/wp\/v2\/product_tag?post=80526"}],"curies":[{"name":"wp","href":"https:\/\/api.w.org\/{rel}","templated":true}]}}