{"id":80522,"date":"2017-04-04T15:01:36","date_gmt":"2017-04-04T13:01:36","guid":{"rendered":"https:\/\/www.bagnoitalia.com\/product\/bain-tourbillon-angulaire-180x120-noir-9-jets-d-39-hydromassage-radio-fm-therapie-par-la-couleur-vs055"},"modified":"2024-05-22T11:07:10","modified_gmt":"2024-05-22T09:07:10","slug":"bain-tourbillon-angulaire-180x120-noir-9-jets-d-39-hydromassage-radio-fm-therapie-par-la-couleur-vs055","status":"publish","type":"product","link":"https:\/\/www.bagnoitalia.com\/fr\/produit\/bain-tourbillon-angulaire-180x120-noir-9-jets-d-39-hydromassage-radio-fm-therapie-par-la-couleur-vs055.html","title":{"rendered":"Baignoire \u00e0 remous d\u2019angle 180&#215;120 noir 9 jets d&rsquo;hydromassage radio FM chromoth\u00e9rapie VS055"},"content":{"rendered":"<h4 class=\"western\"><span style=\"font-family: Arial;\"><span style=\"font-size: medium;\"><span style=\"text-decoration: underline;\"><strong>Baignoire \u00e0 remous d&rsquo;angle 180&#215;120 noire 9 jets<\/strong><\/span><\/span><\/span><\/h4>\n<h4 class=\"western\"><span style=\"font-family: Arial;\"><span style=\"font-size: medium;\"><span style=\"text-decoration: underline;\"><strong>Caract\u00e9ristiques:<\/strong><\/span><\/span><\/span><\/h4>\n<ul>\n<li><span style=\"font-family: arial,helvetica,sans-serif; font-size: 12pt;\">Dimensions de la baignoire: 180 X 120xH60 cm<\/span><\/li>\n<li><span style=\"font-family: arial,helvetica,sans-serif; font-size: 12pt;\">Pompe <span style=\"font-family: arial,helvetica,sans-serif; font-size: 12pt;\">Whirlpool\u00a0<\/span>1.5HP\u00a0<\/span><\/li>\n<li><span style=\"font-family: arial,helvetica,sans-serif; font-size: 12pt;\">Syst\u00e8me de d\u00e9sinfection et de st\u00e9rilisation<\/span><\/li>\n<li><span style=\"font-family: arial,helvetica,sans-serif; font-size: 12pt;\">2 appui-t\u00eate<\/span><\/li>\n<li><span style=\"font-family: arial,helvetica,sans-serif; font-size: 12pt;\">9 jets d&rsquo;hydromassage (7 grands et 2 petits)<\/span><\/li>\n<li><span style=\"font-family: arial,helvetica,sans-serif; font-size: 12pt;\">Ordinateur de contr\u00f4le<\/span><\/li>\n<li><span style=\"font-family: arial,helvetica,sans-serif; font-size: 12pt;\">Radio FM avec 2 haut-parleurs acoustiques<\/span><\/li>\n<li><span style=\"font-family: arial,helvetica,sans-serif; font-size: 12pt;\">Baignoire avec douche multifonctions<\/span><\/li>\n<li><span style=\"font-family: arial,helvetica,sans-serif; font-size: 12pt;\">Commutateur<\/span><\/li>\n<li><span style=\"font-family: arial,helvetica,sans-serif; font-size: 12pt;\">R\u00e9gulateur de pression de l&rsquo;eau<\/span><\/li>\n<li><span style=\"font-family: arial,helvetica,sans-serif; font-size: 12pt;\">Aspiration et circulation de l&rsquo;eau<\/span><\/li>\n<li><span style=\"font-family: arial, helvetica, sans-serif; font-size: 12pt;\">\u00c9clairage<\/span><strong>\u00a0<\/strong><span style=\"font-family: arial, helvetica, sans-serif; font-size: 12pt;\">LED pour la chromoth\u00e9rapie (1 grand au centre et 1 petit)<\/span><\/li>\n<li><span style=\"font-family: arial,helvetica,sans-serif; font-size: 12pt;\">Porte serviette<\/span><\/li>\n<li><span style=\"font-family: arial,helvetica,sans-serif; font-size: 12pt;\"><span style=\"font-size: medium;\"><span style=\"font-size: 12pt;\">Robinets et disfjoncteur inclus dans le prix<\/span><br \/>\n<\/span><\/span><\/li>\n<\/ul>\n<h4 class=\"western\"><span style=\"text-decoration: underline;\"><strong><span style=\"font-family: Arial,sans-serif;\"><span style=\"font-size: medium;\">Mat\u00e9riaux de la baignoire:<\/span><\/span><\/strong><\/span><\/h4>\n<ul>\n<li class=\"western\"><span style=\"font-size: small; font-family: arial,helvetica,sans-serif;\"><span style=\"font-weight: normal;\"><span style=\"font-size: 12pt;\">Baignoire noire en acrylique sanitaire de haute qualit\u00e9\u00a0<\/span><\/span><\/span><\/li>\n<li class=\"western\"><span style=\"font-size: small; font-family: arial,helvetica,sans-serif;\"><span style=\"font-weight: normal;\"><span style=\"font-size: 12pt;\">Poids de la baignoire: 100 kg<\/span><\/span><\/span><\/li>\n<li class=\"western\"><span style=\"font-size: small; font-family: arial,helvetica,sans-serif;\"><span style=\"font-weight: normal;\"><span style=\"font-size: 12pt;\">Corp en acier<\/span><\/span><\/span><\/li>\n<li class=\"western\"><span style=\"font-size: small; font-family: arial,helvetica,sans-serif;\"><span style=\"font-weight: normal;\"><span style=\"font-size: 12pt;\">Facile \u00e0 assembler<\/span><\/span><\/span><\/li>\n<\/ul>\n<p><span style=\"text-decoration: underline;\"><strong><span style=\"font-size: 12pt; font-family: arial,helvetica,sans-serif;\">Disponible dans la version droite ou gauche, comme indiqu\u00e9 sur la photo ci-dessous:<\/span><\/strong><\/span><\/p>\n<h3>\u00a0 \u00a0 \u00a0 \u00a0 \u00a0 \u00a0 \u00a0 \u00a0 \u00a0 \u00a0 \u00a0 \u00a0 \u00a0 \u00a0 \u00a0 \u00a0 Version Droite\u00a0 \u00a0 \u00a0 \u00a0 \u00a0 \u00a0 \u00a0 \u00a0 \u00a0 \u00a0 \u00a0 \u00a0 \u00a0 \u00a0 \u00a0 \u00a0 \u00a0 \u00a0 \u00a0 \u00a0 \u00a0 \u00a0 \u00a0 \u00a0 \u00a0 \u00a0 \u00a0 Version Gauche<\/h3>\n<p><img fetchpriority=\"high\" decoding=\"async\" class=\" size-full wp-image-80517\" src=\"https:\/\/img.bagnoitalia.com\/wp-content\/uploads\/vasca-idro-180-120-nera-angolare-due-posti-versione-destra-sinistra.jpg\" alt=\"\" width=\"814\" height=\"294\" srcset=\"https:\/\/img.bagnoitalia.com\/wp-content\/uploads\/vasca-idro-180-120-nera-angolare-due-posti-versione-destra-sinistra.jpg 640w, https:\/\/img.bagnoitalia.com\/wp-content\/uploads\/vasca-idro-180-120-nera-angolare-due-posti-versione-destra-sinistra-441x160.jpg 441w, https:\/\/img.bagnoitalia.com\/wp-content\/uploads\/vasca-idro-180-120-nera-angolare-due-posti-versione-destra-sinistra-600x218.jpg 600w, https:\/\/img.bagnoitalia.com\/wp-content\/uploads\/vasca-idro-180-120-nera-angolare-due-posti-versione-destra-sinistra-150x54.jpg 150w\" sizes=\"(max-width: 814px) 100vw, 814px\" \/><\/p>\n","protected":false},"excerpt":{"rendered":"<p>Baignoire d&rsquo;hydromassage ovale d\u2019angle 180&#215;120 noire avec radio, 9 jets d\u2019hydromassage et chromoth\u00e9rapie.<\/p>\n","protected":false},"featured_media":35682,"comment_status":"open","ping_status":"closed","template":"","meta":[],"product_brand":[9912],"product_cat":[9707,9743],"product_tag":[],"class_list":{"0":"post-80522","1":"product","2":"type-product","3":"status-publish","4":"has-post-thumbnail","6":"product_brand-simba-fr","7":"product_cat-baignoire-balneo","8":"product_cat-piscines-d-39-hydromassage","10":"first","11":"instock","12":"sale","13":"taxable","14":"shipping-taxable","15":"purchasable","16":"product-type-simple"},"exclude_global_add_ons":false,"addons":[{"name":"Version","type":"multiple_choice","position":0,"required":true,"title_format":"heading","default":"","description_enable":false,"description":"","placeholder_enable":false,"placeholder":"","display":"select","restrictions_type":"any_text","adjust_price":false,"price":"","price_type":"flat_fee","restrictions":false,"min":"0","max":"0","options":[{"label":"Version droite","price":"","price_type":"quantity_based","image":0,"visibility":true},{"label":"Version gauche","price":"","price_type":"quantity_based","image":0,"visibility":true}],"id":1716376031}],"yoast_head":"<!-- This site is optimized with the Yoast SEO plugin v26.7 - https:\/\/yoast.com\/wordpress\/plugins\/seo\/ -->\n<title>Baignoire \u00e0 remous d\u2019angle 180x120 noir 9 jets d&#039;hydromassage radio FM chromoth\u00e9rapie VS055<\/title>\n<meta name=\"description\" content=\"Baignoire d&#039;hydromassage ovale - mesure angulaire 180x120 couleur noire avec radio \u00e0 hydromassage \u00e0 9 jets et chromoth\u00e9rapie\" \/>\n<meta name=\"robots\" content=\"index, follow, max-snippet:-1, max-image-preview:large, max-video-preview:-1\" \/>\n<link rel=\"canonical\" href=\"https:\/\/www.bagnoitalia.com\/fr\/produit\/bain-tourbillon-angulaire-180x120-noir-9-jets-d-39-hydromassage-radio-fm-therapie-par-la-couleur-vs055.html\" \/>\n<meta property=\"og:locale\" content=\"fr_FR\" \/>\n<meta property=\"og:type\" content=\"article\" \/>\n<meta property=\"og:title\" content=\"Baignoire \u00e0 remous d\u2019angle 180x120 noir 9 jets d&#039;hydromassage radio FM chromoth\u00e9rapie VS055\" \/>\n<meta property=\"og:description\" content=\"Baignoire d&#039;hydromassage ovale - mesure angulaire 180x120 couleur noire avec radio \u00e0 hydromassage \u00e0 9 jets et chromoth\u00e9rapie\" \/>\n<meta property=\"og:url\" content=\"https:\/\/www.bagnoitalia.com\/fr\/produit\/bain-tourbillon-angulaire-180x120-noir-9-jets-d-39-hydromassage-radio-fm-therapie-par-la-couleur-vs055.html\" \/>\n<meta property=\"og:site_name\" content=\"Bagno Italia\" \/>\n<meta property=\"article:modified_time\" content=\"2024-05-22T09:07:10+00:00\" \/>\n<meta property=\"og:image\" content=\"https:\/\/img.bagnoitalia.com\/wp-content\/uploads\/virtuemart\/product\/vasca-idro-180-120-nera-angolare-due-posti-2634.jpg\" \/>\n\t<meta property=\"og:image:width\" content=\"640\" \/>\n\t<meta property=\"og:image:height\" content=\"512\" \/>\n\t<meta property=\"og:image:type\" content=\"image\/jpeg\" \/>\n<meta name=\"twitter:card\" content=\"summary_large_image\" \/>\n<meta name=\"twitter:label1\" content=\"Dur\u00e9e de lecture estim\u00e9e\" \/>\n\t<meta name=\"twitter:data1\" content=\"1 minute\" \/>\n<script type=\"application\/ld+json\" class=\"yoast-schema-graph\">{\"@context\":\"https:\/\/schema.org\",\"@graph\":[{\"@type\":\"WebPage\",\"@id\":\"https:\/\/www.bagnoitalia.com\/fr\/produit\/bain-tourbillon-angulaire-180x120-noir-9-jets-d-39-hydromassage-radio-fm-therapie-par-la-couleur-vs055.html\",\"url\":\"https:\/\/www.bagnoitalia.com\/fr\/produit\/bain-tourbillon-angulaire-180x120-noir-9-jets-d-39-hydromassage-radio-fm-therapie-par-la-couleur-vs055.html\",\"name\":\"Baignoire \u00e0 remous d\u2019angle 180x120 noir 9 jets d'hydromassage radio FM chromoth\u00e9rapie VS055\",\"isPartOf\":{\"@id\":\"https:\/\/www.bagnoitalia.com\/fr#website\"},\"primaryImageOfPage\":{\"@id\":\"https:\/\/www.bagnoitalia.com\/fr\/produit\/bain-tourbillon-angulaire-180x120-noir-9-jets-d-39-hydromassage-radio-fm-therapie-par-la-couleur-vs055.html#primaryimage\"},\"image\":{\"@id\":\"https:\/\/www.bagnoitalia.com\/fr\/produit\/bain-tourbillon-angulaire-180x120-noir-9-jets-d-39-hydromassage-radio-fm-therapie-par-la-couleur-vs055.html#primaryimage\"},\"thumbnailUrl\":\"https:\/\/img.bagnoitalia.com\/wp-content\/uploads\/virtuemart\/product\/vasca-idro-180-120-nera-angolare-due-posti-2634.jpg\",\"datePublished\":\"2017-04-04T13:01:36+00:00\",\"dateModified\":\"2024-05-22T09:07:10+00:00\",\"description\":\"Baignoire d'hydromassage ovale - mesure angulaire 180x120 couleur noire avec radio \u00e0 hydromassage \u00e0 9 jets et chromoth\u00e9rapie\",\"breadcrumb\":{\"@id\":\"https:\/\/www.bagnoitalia.com\/fr\/produit\/bain-tourbillon-angulaire-180x120-noir-9-jets-d-39-hydromassage-radio-fm-therapie-par-la-couleur-vs055.html#breadcrumb\"},\"inLanguage\":\"fr-FR\",\"potentialAction\":[{\"@type\":\"ReadAction\",\"target\":[\"https:\/\/www.bagnoitalia.com\/fr\/produit\/bain-tourbillon-angulaire-180x120-noir-9-jets-d-39-hydromassage-radio-fm-therapie-par-la-couleur-vs055.html\"]}]},{\"@type\":\"ImageObject\",\"inLanguage\":\"fr-FR\",\"@id\":\"https:\/\/www.bagnoitalia.com\/fr\/produit\/bain-tourbillon-angulaire-180x120-noir-9-jets-d-39-hydromassage-radio-fm-therapie-par-la-couleur-vs055.html#primaryimage\",\"url\":\"https:\/\/img.bagnoitalia.com\/wp-content\/uploads\/virtuemart\/product\/vasca-idro-180-120-nera-angolare-due-posti-2634.jpg\",\"contentUrl\":\"https:\/\/img.bagnoitalia.com\/wp-content\/uploads\/virtuemart\/product\/vasca-idro-180-120-nera-angolare-due-posti-2634.jpg\",\"width\":640,\"height\":512},{\"@type\":\"BreadcrumbList\",\"@id\":\"https:\/\/www.bagnoitalia.com\/fr\/produit\/bain-tourbillon-angulaire-180x120-noir-9-jets-d-39-hydromassage-radio-fm-therapie-par-la-couleur-vs055.html#breadcrumb\",\"itemListElement\":[{\"@type\":\"ListItem\",\"position\":1,\"name\":\"Home\",\"item\":\"https:\/\/www.bagnoitalia.com\/fr\"},{\"@type\":\"ListItem\",\"position\":2,\"name\":\"Produits\",\"item\":\"https:\/\/www.bagnoitalia.com\/fr\/shop\"},{\"@type\":\"ListItem\",\"position\":3,\"name\":\"Baignoire \u00e0 remous d\u2019angle 180&#215;120 noir 9 jets d&#8217;hydromassage radio FM chromoth\u00e9rapie VS055\"}]},{\"@type\":\"WebSite\",\"@id\":\"https:\/\/www.bagnoitalia.com\/fr#website\",\"url\":\"https:\/\/www.bagnoitalia.com\/fr\",\"name\":\"Bagno Italia\",\"description\":\"\",\"publisher\":{\"@id\":\"https:\/\/www.bagnoitalia.com\/fr#organization\"},\"potentialAction\":[{\"@type\":\"SearchAction\",\"target\":{\"@type\":\"EntryPoint\",\"urlTemplate\":\"https:\/\/www.bagnoitalia.com\/fr?s={search_term_string}\"},\"query-input\":{\"@type\":\"PropertyValueSpecification\",\"valueRequired\":true,\"valueName\":\"search_term_string\"}}],\"inLanguage\":\"fr-FR\"},{\"@type\":\"Organization\",\"@id\":\"https:\/\/www.bagnoitalia.com\/fr#organization\",\"name\":\"Bagno Italia\",\"url\":\"https:\/\/www.bagnoitalia.com\/fr\",\"logo\":{\"@type\":\"ImageObject\",\"inLanguage\":\"fr-FR\",\"@id\":\"https:\/\/www.bagnoitalia.com\/fr#\/schema\/logo\/image\/\",\"url\":\"https:\/\/img.bagnoitalia.com\/wp-content\/uploads\/logo-bagnoitalia.webp\",\"contentUrl\":\"https:\/\/img.bagnoitalia.com\/wp-content\/uploads\/logo-bagnoitalia.webp\",\"width\":400,\"height\":70,\"caption\":\"Bagno Italia\"},\"image\":{\"@id\":\"https:\/\/www.bagnoitalia.com\/fr#\/schema\/logo\/image\/\"}}]}<\/script>\n<!-- \/ Yoast SEO plugin. -->","yoast_head_json":{"title":"Baignoire \u00e0 remous d\u2019angle 180x120 noir 9 jets d'hydromassage radio FM chromoth\u00e9rapie VS055","description":"Baignoire d'hydromassage ovale - mesure angulaire 180x120 couleur noire avec radio \u00e0 hydromassage \u00e0 9 jets et chromoth\u00e9rapie","robots":{"index":"index","follow":"follow","max-snippet":"max-snippet:-1","max-image-preview":"max-image-preview:large","max-video-preview":"max-video-preview:-1"},"canonical":"https:\/\/www.bagnoitalia.com\/fr\/produit\/bain-tourbillon-angulaire-180x120-noir-9-jets-d-39-hydromassage-radio-fm-therapie-par-la-couleur-vs055.html","og_locale":"fr_FR","og_type":"article","og_title":"Baignoire \u00e0 remous d\u2019angle 180x120 noir 9 jets d'hydromassage radio FM chromoth\u00e9rapie VS055","og_description":"Baignoire d'hydromassage ovale - mesure angulaire 180x120 couleur noire avec radio \u00e0 hydromassage \u00e0 9 jets et chromoth\u00e9rapie","og_url":"https:\/\/www.bagnoitalia.com\/fr\/produit\/bain-tourbillon-angulaire-180x120-noir-9-jets-d-39-hydromassage-radio-fm-therapie-par-la-couleur-vs055.html","og_site_name":"Bagno Italia","article_modified_time":"2024-05-22T09:07:10+00:00","og_image":[{"width":640,"height":512,"url":"https:\/\/img.bagnoitalia.com\/wp-content\/uploads\/virtuemart\/product\/vasca-idro-180-120-nera-angolare-due-posti-2634.jpg","type":"image\/jpeg"}],"twitter_card":"summary_large_image","twitter_misc":{"Dur\u00e9e de lecture estim\u00e9e":"1 minute"},"schema":{"@context":"https:\/\/schema.org","@graph":[{"@type":"WebPage","@id":"https:\/\/www.bagnoitalia.com\/fr\/produit\/bain-tourbillon-angulaire-180x120-noir-9-jets-d-39-hydromassage-radio-fm-therapie-par-la-couleur-vs055.html","url":"https:\/\/www.bagnoitalia.com\/fr\/produit\/bain-tourbillon-angulaire-180x120-noir-9-jets-d-39-hydromassage-radio-fm-therapie-par-la-couleur-vs055.html","name":"Baignoire \u00e0 remous d\u2019angle 180x120 noir 9 jets d'hydromassage radio FM chromoth\u00e9rapie VS055","isPartOf":{"@id":"https:\/\/www.bagnoitalia.com\/fr#website"},"primaryImageOfPage":{"@id":"https:\/\/www.bagnoitalia.com\/fr\/produit\/bain-tourbillon-angulaire-180x120-noir-9-jets-d-39-hydromassage-radio-fm-therapie-par-la-couleur-vs055.html#primaryimage"},"image":{"@id":"https:\/\/www.bagnoitalia.com\/fr\/produit\/bain-tourbillon-angulaire-180x120-noir-9-jets-d-39-hydromassage-radio-fm-therapie-par-la-couleur-vs055.html#primaryimage"},"thumbnailUrl":"https:\/\/img.bagnoitalia.com\/wp-content\/uploads\/virtuemart\/product\/vasca-idro-180-120-nera-angolare-due-posti-2634.jpg","datePublished":"2017-04-04T13:01:36+00:00","dateModified":"2024-05-22T09:07:10+00:00","description":"Baignoire d'hydromassage ovale - mesure angulaire 180x120 couleur noire avec radio \u00e0 hydromassage \u00e0 9 jets et chromoth\u00e9rapie","breadcrumb":{"@id":"https:\/\/www.bagnoitalia.com\/fr\/produit\/bain-tourbillon-angulaire-180x120-noir-9-jets-d-39-hydromassage-radio-fm-therapie-par-la-couleur-vs055.html#breadcrumb"},"inLanguage":"fr-FR","potentialAction":[{"@type":"ReadAction","target":["https:\/\/www.bagnoitalia.com\/fr\/produit\/bain-tourbillon-angulaire-180x120-noir-9-jets-d-39-hydromassage-radio-fm-therapie-par-la-couleur-vs055.html"]}]},{"@type":"ImageObject","inLanguage":"fr-FR","@id":"https:\/\/www.bagnoitalia.com\/fr\/produit\/bain-tourbillon-angulaire-180x120-noir-9-jets-d-39-hydromassage-radio-fm-therapie-par-la-couleur-vs055.html#primaryimage","url":"https:\/\/img.bagnoitalia.com\/wp-content\/uploads\/virtuemart\/product\/vasca-idro-180-120-nera-angolare-due-posti-2634.jpg","contentUrl":"https:\/\/img.bagnoitalia.com\/wp-content\/uploads\/virtuemart\/product\/vasca-idro-180-120-nera-angolare-due-posti-2634.jpg","width":640,"height":512},{"@type":"BreadcrumbList","@id":"https:\/\/www.bagnoitalia.com\/fr\/produit\/bain-tourbillon-angulaire-180x120-noir-9-jets-d-39-hydromassage-radio-fm-therapie-par-la-couleur-vs055.html#breadcrumb","itemListElement":[{"@type":"ListItem","position":1,"name":"Home","item":"https:\/\/www.bagnoitalia.com\/fr"},{"@type":"ListItem","position":2,"name":"Produits","item":"https:\/\/www.bagnoitalia.com\/fr\/shop"},{"@type":"ListItem","position":3,"name":"Baignoire \u00e0 remous d\u2019angle 180&#215;120 noir 9 jets d&#8217;hydromassage radio FM chromoth\u00e9rapie VS055"}]},{"@type":"WebSite","@id":"https:\/\/www.bagnoitalia.com\/fr#website","url":"https:\/\/www.bagnoitalia.com\/fr","name":"Bagno Italia","description":"","publisher":{"@id":"https:\/\/www.bagnoitalia.com\/fr#organization"},"potentialAction":[{"@type":"SearchAction","target":{"@type":"EntryPoint","urlTemplate":"https:\/\/www.bagnoitalia.com\/fr?s={search_term_string}"},"query-input":{"@type":"PropertyValueSpecification","valueRequired":true,"valueName":"search_term_string"}}],"inLanguage":"fr-FR"},{"@type":"Organization","@id":"https:\/\/www.bagnoitalia.com\/fr#organization","name":"Bagno Italia","url":"https:\/\/www.bagnoitalia.com\/fr","logo":{"@type":"ImageObject","inLanguage":"fr-FR","@id":"https:\/\/www.bagnoitalia.com\/fr#\/schema\/logo\/image\/","url":"https:\/\/img.bagnoitalia.com\/wp-content\/uploads\/logo-bagnoitalia.webp","contentUrl":"https:\/\/img.bagnoitalia.com\/wp-content\/uploads\/logo-bagnoitalia.webp","width":400,"height":70,"caption":"Bagno Italia"},"image":{"@id":"https:\/\/www.bagnoitalia.com\/fr#\/schema\/logo\/image\/"}}]}},"_links":{"self":[{"href":"https:\/\/www.bagnoitalia.com\/fr\/wp-json\/wp\/v2\/product\/80522","targetHints":{"allow":["GET"]}}],"collection":[{"href":"https:\/\/www.bagnoitalia.com\/fr\/wp-json\/wp\/v2\/product"}],"about":[{"href":"https:\/\/www.bagnoitalia.com\/fr\/wp-json\/wp\/v2\/types\/product"}],"replies":[{"embeddable":true,"href":"https:\/\/www.bagnoitalia.com\/fr\/wp-json\/wp\/v2\/comments?post=80522"}],"version-history":[{"count":1,"href":"https:\/\/www.bagnoitalia.com\/fr\/wp-json\/wp\/v2\/product\/80522\/revisions"}],"predecessor-version":[{"id":87385,"href":"https:\/\/www.bagnoitalia.com\/fr\/wp-json\/wp\/v2\/product\/80522\/revisions\/87385"}],"wp:featuredmedia":[{"embeddable":true,"href":"https:\/\/www.bagnoitalia.com\/fr\/wp-json\/wp\/v2\/media\/35682"}],"wp:attachment":[{"href":"https:\/\/www.bagnoitalia.com\/fr\/wp-json\/wp\/v2\/media?parent=80522"}],"wp:term":[{"taxonomy":"product_brand","embeddable":true,"href":"https:\/\/www.bagnoitalia.com\/fr\/wp-json\/wp\/v2\/product_brand?post=80522"},{"taxonomy":"product_cat","embeddable":true,"href":"https:\/\/www.bagnoitalia.com\/fr\/wp-json\/wp\/v2\/product_cat?post=80522"},{"taxonomy":"product_tag","embeddable":true,"href":"https:\/\/www.bagnoitalia.com\/fr\/wp-json\/wp\/v2\/product_tag?post=80522"}],"curies":[{"name":"wp","href":"https:\/\/api.w.org\/{rel}","templated":true}]}}