{"id":80442,"date":"2017-02-02T10:39:53","date_gmt":"2017-02-02T09:39:53","guid":{"rendered":"https:\/\/www.bagnoitalia.com\/product\/fauteuil-relax-arianna-inclinable-avec-deux-moteurs-et-roues-arriere"},"modified":"2024-09-25T16:37:11","modified_gmt":"2024-09-25T14:37:11","slug":"fauteuil-relax-arianna-inclinable-avec-deux-moteurs-et-roues-arriere","status":"publish","type":"product","link":"https:\/\/www.bagnoitalia.com\/fr\/produit\/fauteuil-relax-arianna-inclinable-avec-deux-moteurs-et-roues-arriere.html","title":{"rendered":"Fauteuil releveur relax Arianna inclinable avec deux moteurs et roues arri\u00e8re"},"content":{"rendered":"<p class=\"Textbody\" style=\"margin-bottom: 0.0001pt;\"><span style=\"text-decoration: underline; font-size: 12pt;\"><span style=\"font-size: 10.5pt; font-family: Arial, sans-serif; color: #222222;\">INCLINAISON ELECTRIQUE<\/span><\/span><\/p>\n<p class=\"Textbody\" style=\"margin-bottom: 0.0001pt;\"><span style=\"font-size: 12pt; font-family: Arial, sans-serif; color: #222222;\">Gr\u00e2ce aux <strong>deux moteurs<\/strong> \u00e9lectriques \u00e9quipant le fauteuil, l&rsquo;inclinaison du dossier et du repose-pieds est <span style=\"text-decoration: underline;\">ind\u00e9pendante<\/span> et conforme aux normes de s\u00e9curit\u00e9. L&rsquo;utilisateur peut donc choisir \u00e0 sa guise n&rsquo;importe quelle position du dossier ou du repose-pieds.<\/span><\/p>\n<p class=\"Textbody\" style=\"margin-bottom: 0.0001pt;\"><span style=\"font-size: 12pt; font-family: Arial, sans-serif; color: #222222;\">Il est \u00e9galement possible d&rsquo;obtenir une position de lit gr\u00e2ce \u00e0 l&rsquo; <span style=\"text-decoration: underline;\">inclinaison<\/span> \u00e0 <span style=\"text-decoration: underline;\"><strong>180<\/strong> \u00b0<\/span> , le dossier presque horizontal et le repose-pieds sur\u00e9lev\u00e9 au maximum. Position permetant de dormir dans le fauteuil.<\/span><\/p>\n<p>&nbsp;<\/p>\n<p class=\"Standard\"><span style=\"text-decoration: underline; font-size: 12pt;\"><span style=\"font-size: 10.5pt; font-family: Arial, sans-serif;\">RELEVEUR DE PERSONNE (syst\u00e8me d&rsquo;ascenseur)<\/span><\/span><\/p>\n<p class=\"Standard\"><span style=\"font-size: 12pt; font-family: Arial, sans-serif;\">Ce fauteuil \u00e9lectrique est dot\u00e9 d\u2019un <strong>syst\u00e8me de relevage<\/strong>, c\u2019est-\u00e0-dire d\u2019un moteur \u00e9lectrique qui l\u00e8ve le fauteuil gr\u00e2ce au piston <strong>Okin<\/strong> , pla\u00e7ant ainsi la personne assise dans <span style=\"text-decoration: underline;\">une position presque verticale<\/span> .<\/span><\/p>\n<p class=\"Standard\"><span style=\"font-size: 12pt; font-family: Arial, sans-serif;\">Cette option est tr\u00e8s utile pour les personnes souffrant de probl\u00e8mes moteurs, car elle lui permet de se d\u00e9tendre ou de se lever de mani\u00e8re totalement s\u00fbre et surtout sans effort.<\/span><\/p>\n<p class=\"Standard\"><span style=\"text-decoration: underline; font-size: 12pt;\"><span style=\"font-size: 10.5pt; font-family: Arial, sans-serif;\">ROUES AVANT<\/span><\/span><\/p>\n<p class=\"Standard\"><span style=\"font-size: 12pt; font-family: Arial, sans-serif;\">Le fauteuil Arianna est facile \u00e0 d\u00e9placer gr\u00e2ce aux deux <strong>roues avant<\/strong> , \u00e0 utiliser uniquement lorsque le fauteuil n&rsquo;est pas utilis\u00e9 et que personne n&rsquo;est assis dessus. Les roues sont au sol et avec une l\u00e9g\u00e8re pouss\u00e9e sur le dossier, il est possible de le d\u00e9placer \u00e0 volont\u00e9, m\u00eame dans une position relev\u00e9e, les roues ne touchent pas le sol, afin que le fauteuil ne puisse pas bouger accidentellement.<\/span><\/p>\n<p class=\"Standard\"><strong style=\"font-size: 12pt;\"><span style=\"font-size: 10.5pt; font-family: Arial, sans-serif;\">CARACTERISTIQUES TECHNIQUES:<\/span><\/strong><\/p>\n<ul>\n<li><span style=\"font-size: 12pt; font-family: Arial, sans-serif; background-image: initial; background-position: initial; background-repeat: initial; background-attachment: initial;\">Largeur 80 cm<\/span><\/li>\n<\/ul>\n<ul>\n<li><span style=\"font-size: 12pt; font-family: Arial, sans-serif; background-image: initial; background-position: initial; background-repeat: initial; background-attachment: initial;\">Hauteur 106 cm<\/span><\/li>\n<\/ul>\n<ul>\n<li><span style=\"font-size: 12pt; font-family: Arial, sans-serif; background-image: initial; background-position: initial; background-repeat: initial; background-attachment: initial;\">Profondeur 77 cm ferm\u00e9 \/ 165 cm ouvert<\/span><\/li>\n<\/ul>\n<ul>\n<li><span style=\"font-size: 12pt; font-family: Arial, sans-serif; background-image: initial; background-position: initial; background-repeat: initial; background-attachment: initial;\">Poids 65kg<\/span><\/li>\n<\/ul>\n<ul>\n<li><span style=\"font-size: 12pt; font-family: Arial, sans-serif;\">Poids maximum support\u00e9: 170 kg<\/span><\/li>\n<\/ul>\n<ul>\n<li><span style=\"font-size: 12pt; font-family: Arial, sans-serif;\">Inclinable \u00e9lectrique<\/span><\/li>\n<\/ul>\n<ul>\n<li><span style=\"font-size: 12pt; font-family: Arial, sans-serif;\">Deux moteurs<\/span><\/li>\n<\/ul>\n<ul>\n<li><span style=\"font-size: 12pt; font-family: Arial, sans-serif;\">Transformateur 24 Volts<\/span><\/li>\n<\/ul>\n<ul>\n<li><span style=\"font-size: 12pt; font-family: Arial, sans-serif;\">Consommation 80 Watts<\/span><\/li>\n<\/ul>\n<ul>\n<li><span style=\"font-size: 12pt; font-family: Arial, sans-serif;\">Deux roues arri\u00e8res<\/span><\/li>\n<\/ul>\n<ul>\n<li><span style=\"font-size: 12pt;\"><strong>Certifications: RHOS, CE, TUV<\/strong><\/span><\/li>\n<\/ul>\n<p class=\"Standard\"><span style=\"font-size: 12pt;\"><strong><span style=\"text-decoration: underline;\"><span lang=\"DE\" style=\"font-size: 10.5pt; font-family: Arial, sans-serif;\">MATI\u00c8RES<\/span><\/span><\/strong><\/span><\/p>\n<p class=\"Standard\"><span lang=\"DE\" style=\"font-size: 12pt; font-family: Arial, sans-serif;\">Structure en bois massif et base en acier<\/span><\/p>\n<p class=\"Standard\"><span lang=\"DE\" style=\"font-size: 12pt; font-family: Arial, sans-serif;\">Deux moteurs Okin Dewert, silencieux, fabriqu\u00e9s en Allemagne<\/span><\/p>\n<p class=\"Standard\"><span lang=\"DE\" style=\"font-size: 12pt;\">Rev\u00eatement: microfibre ou \u00e9co-cuir<\/span><\/p>\n","protected":false},"excerpt":{"rendered":"<p>Fauteuil releveur 106x80x77, \u00e9quip\u00e9 de deux moteurs et mouvement s\u00e9par\u00e9 du dossier et du repose-pieds. \u00c9quip\u00e9 de deux roues arri\u00e8re pour le d\u00e9placement du fauteuil, inclinaison possible du dossier jusqu\u2019\u00e0 180\u00b0(position lit). Il est fabriqu\u00e9 en simili cuir ou en microfibre de diff\u00e9rentes couleurs<\/p>\n","protected":false},"featured_media":34982,"comment_status":"open","ping_status":"closed","template":"","meta":[],"product_brand":[5016],"product_cat":[9803],"product_tag":[],"class_list":{"0":"post-80442","1":"product","2":"type-product","3":"status-publish","4":"has-post-thumbnail","6":"product_brand-puntorelax","7":"product_cat-fauteuils","9":"first","10":"instock","11":"sale","12":"taxable","13":"shipping-taxable","14":"purchasable","15":"product-type-simple"},"exclude_global_add_ons":false,"addons":[{"name":"Couleur","type":"multiple_choice","position":0,"required":true,"title_format":"heading","default":"","description_enable":false,"description":"","placeholder_enable":false,"placeholder":"","display":"select","restrictions_type":"any_text","adjust_price":false,"price":"","price_type":"flat_fee","restrictions":false,"min":"0","max":"0","options":[{"label":"faux cuir noir","price":"","price_type":"quantity_based","image":0,"visibility":true},{"label":"faux cuir rouge","price":"","price_type":"quantity_based","image":0,"visibility":true},{"label":"Microfibre Beige","price":"","price_type":"quantity_based","image":0,"visibility":true},{"label":"Microfibre Bordeaux","price":"","price_type":"quantity_based","image":0,"visibility":true},{"label":"Microfibre bleu","price":"","price_type":"quantity_based","image":0,"visibility":true},{"label":"Microfibre marron","price":"","price_type":"quantity_based","image":0,"visibility":true},{"label":"coton beige","price":"","price_type":"quantity_based","image":0,"visibility":true},{"label":"coton gris","price":"","price_type":"quantity_based","image":0,"visibility":true}],"id":1716993584}],"yoast_head":"<!-- This site is optimized with the Yoast SEO plugin v26.7 - https:\/\/yoast.com\/wordpress\/plugins\/seo\/ -->\n<title>Fauteuil releveur relax Arianna inclinable avec deux moteurs et roues arri\u00e8re<\/title>\n<meta name=\"description\" content=\"Le fauteuil Arianna, fabriqu\u00e9 en \u00e9co-cuir ou en microfibre et mesurant 106 x 80 x 77, est \u00e9quip\u00e9 de deux moteurs ind\u00e9pendants pour une inclinaison totale, ainsi que d\u2019un syst\u00e8me de levage et de deux roues arri\u00e8re pour le d\u00e9placer confortablement.\" \/>\n<meta name=\"robots\" content=\"index, follow, max-snippet:-1, max-image-preview:large, max-video-preview:-1\" \/>\n<link rel=\"canonical\" href=\"https:\/\/www.bagnoitalia.com\/fr\/produit\/fauteuil-relax-arianna-inclinable-avec-deux-moteurs-et-roues-arriere.html\" \/>\n<meta property=\"og:locale\" content=\"fr_FR\" \/>\n<meta property=\"og:type\" content=\"article\" \/>\n<meta property=\"og:title\" content=\"Fauteuil releveur relax Arianna inclinable avec deux moteurs et roues arri\u00e8re\" \/>\n<meta property=\"og:description\" content=\"Le fauteuil Arianna, fabriqu\u00e9 en \u00e9co-cuir ou en microfibre et mesurant 106 x 80 x 77, est \u00e9quip\u00e9 de deux moteurs ind\u00e9pendants pour une inclinaison totale, ainsi que d\u2019un syst\u00e8me de levage et de deux roues arri\u00e8re pour le d\u00e9placer confortablement.\" \/>\n<meta property=\"og:url\" content=\"https:\/\/www.bagnoitalia.com\/fr\/produit\/fauteuil-relax-arianna-inclinable-avec-deux-moteurs-et-roues-arriere.html\" \/>\n<meta property=\"og:site_name\" content=\"Bagno Italia\" \/>\n<meta property=\"article:modified_time\" content=\"2024-09-25T14:37:11+00:00\" \/>\n<meta property=\"og:image\" content=\"https:\/\/img.bagnoitalia.com\/wp-content\/uploads\/virtuemart\/product\/Reclining-relax-armchair-1_1541690517_448.jpg\" \/>\n\t<meta property=\"og:image:width\" content=\"600\" \/>\n\t<meta property=\"og:image:height\" content=\"600\" \/>\n\t<meta property=\"og:image:type\" content=\"image\/jpeg\" \/>\n<meta name=\"twitter:card\" content=\"summary_large_image\" \/>\n<meta name=\"twitter:label1\" content=\"Dur\u00e9e de lecture estim\u00e9e\" \/>\n\t<meta name=\"twitter:data1\" content=\"2 minutes\" \/>\n<script type=\"application\/ld+json\" class=\"yoast-schema-graph\">{\"@context\":\"https:\/\/schema.org\",\"@graph\":[{\"@type\":\"WebPage\",\"@id\":\"https:\/\/www.bagnoitalia.com\/fr\/produit\/fauteuil-relax-arianna-inclinable-avec-deux-moteurs-et-roues-arriere.html\",\"url\":\"https:\/\/www.bagnoitalia.com\/fr\/produit\/fauteuil-relax-arianna-inclinable-avec-deux-moteurs-et-roues-arriere.html\",\"name\":\"Fauteuil releveur relax Arianna inclinable avec deux moteurs et roues arri\u00e8re\",\"isPartOf\":{\"@id\":\"https:\/\/www.bagnoitalia.com\/fr#website\"},\"primaryImageOfPage\":{\"@id\":\"https:\/\/www.bagnoitalia.com\/fr\/produit\/fauteuil-relax-arianna-inclinable-avec-deux-moteurs-et-roues-arriere.html#primaryimage\"},\"image\":{\"@id\":\"https:\/\/www.bagnoitalia.com\/fr\/produit\/fauteuil-relax-arianna-inclinable-avec-deux-moteurs-et-roues-arriere.html#primaryimage\"},\"thumbnailUrl\":\"https:\/\/img.bagnoitalia.com\/wp-content\/uploads\/virtuemart\/product\/Reclining-relax-armchair-1_1541690517_448.jpg\",\"datePublished\":\"2017-02-02T09:39:53+00:00\",\"dateModified\":\"2024-09-25T14:37:11+00:00\",\"description\":\"Le fauteuil Arianna, fabriqu\u00e9 en \u00e9co-cuir ou en microfibre et mesurant 106 x 80 x 77, est \u00e9quip\u00e9 de deux moteurs ind\u00e9pendants pour une inclinaison totale, ainsi que d\u2019un syst\u00e8me de levage et de deux roues arri\u00e8re pour le d\u00e9placer confortablement.\",\"breadcrumb\":{\"@id\":\"https:\/\/www.bagnoitalia.com\/fr\/produit\/fauteuil-relax-arianna-inclinable-avec-deux-moteurs-et-roues-arriere.html#breadcrumb\"},\"inLanguage\":\"fr-FR\",\"potentialAction\":[{\"@type\":\"ReadAction\",\"target\":[\"https:\/\/www.bagnoitalia.com\/fr\/produit\/fauteuil-relax-arianna-inclinable-avec-deux-moteurs-et-roues-arriere.html\"]}]},{\"@type\":\"ImageObject\",\"inLanguage\":\"fr-FR\",\"@id\":\"https:\/\/www.bagnoitalia.com\/fr\/produit\/fauteuil-relax-arianna-inclinable-avec-deux-moteurs-et-roues-arriere.html#primaryimage\",\"url\":\"https:\/\/img.bagnoitalia.com\/wp-content\/uploads\/virtuemart\/product\/Reclining-relax-armchair-1_1541690517_448.jpg\",\"contentUrl\":\"https:\/\/img.bagnoitalia.com\/wp-content\/uploads\/virtuemart\/product\/Reclining-relax-armchair-1_1541690517_448.jpg\",\"width\":600,\"height\":600},{\"@type\":\"BreadcrumbList\",\"@id\":\"https:\/\/www.bagnoitalia.com\/fr\/produit\/fauteuil-relax-arianna-inclinable-avec-deux-moteurs-et-roues-arriere.html#breadcrumb\",\"itemListElement\":[{\"@type\":\"ListItem\",\"position\":1,\"name\":\"Home\",\"item\":\"https:\/\/www.bagnoitalia.com\/fr\"},{\"@type\":\"ListItem\",\"position\":2,\"name\":\"Produits\",\"item\":\"https:\/\/www.bagnoitalia.com\/fr\/shop\"},{\"@type\":\"ListItem\",\"position\":3,\"name\":\"Fauteuil releveur relax Arianna inclinable avec deux moteurs et roues arri\u00e8re\"}]},{\"@type\":\"WebSite\",\"@id\":\"https:\/\/www.bagnoitalia.com\/fr#website\",\"url\":\"https:\/\/www.bagnoitalia.com\/fr\",\"name\":\"Bagno Italia\",\"description\":\"\",\"publisher\":{\"@id\":\"https:\/\/www.bagnoitalia.com\/fr#organization\"},\"potentialAction\":[{\"@type\":\"SearchAction\",\"target\":{\"@type\":\"EntryPoint\",\"urlTemplate\":\"https:\/\/www.bagnoitalia.com\/fr?s={search_term_string}\"},\"query-input\":{\"@type\":\"PropertyValueSpecification\",\"valueRequired\":true,\"valueName\":\"search_term_string\"}}],\"inLanguage\":\"fr-FR\"},{\"@type\":\"Organization\",\"@id\":\"https:\/\/www.bagnoitalia.com\/fr#organization\",\"name\":\"Bagno Italia\",\"url\":\"https:\/\/www.bagnoitalia.com\/fr\",\"logo\":{\"@type\":\"ImageObject\",\"inLanguage\":\"fr-FR\",\"@id\":\"https:\/\/www.bagnoitalia.com\/fr#\/schema\/logo\/image\/\",\"url\":\"https:\/\/img.bagnoitalia.com\/wp-content\/uploads\/logo-bagnoitalia.webp\",\"contentUrl\":\"https:\/\/img.bagnoitalia.com\/wp-content\/uploads\/logo-bagnoitalia.webp\",\"width\":400,\"height\":70,\"caption\":\"Bagno Italia\"},\"image\":{\"@id\":\"https:\/\/www.bagnoitalia.com\/fr#\/schema\/logo\/image\/\"}}]}<\/script>\n<!-- \/ Yoast SEO plugin. -->","yoast_head_json":{"title":"Fauteuil releveur relax Arianna inclinable avec deux moteurs et roues arri\u00e8re","description":"Le fauteuil Arianna, fabriqu\u00e9 en \u00e9co-cuir ou en microfibre et mesurant 106 x 80 x 77, est \u00e9quip\u00e9 de deux moteurs ind\u00e9pendants pour une inclinaison totale, ainsi que d\u2019un syst\u00e8me de levage et de deux roues arri\u00e8re pour le d\u00e9placer confortablement.","robots":{"index":"index","follow":"follow","max-snippet":"max-snippet:-1","max-image-preview":"max-image-preview:large","max-video-preview":"max-video-preview:-1"},"canonical":"https:\/\/www.bagnoitalia.com\/fr\/produit\/fauteuil-relax-arianna-inclinable-avec-deux-moteurs-et-roues-arriere.html","og_locale":"fr_FR","og_type":"article","og_title":"Fauteuil releveur relax Arianna inclinable avec deux moteurs et roues arri\u00e8re","og_description":"Le fauteuil Arianna, fabriqu\u00e9 en \u00e9co-cuir ou en microfibre et mesurant 106 x 80 x 77, est \u00e9quip\u00e9 de deux moteurs ind\u00e9pendants pour une inclinaison totale, ainsi que d\u2019un syst\u00e8me de levage et de deux roues arri\u00e8re pour le d\u00e9placer confortablement.","og_url":"https:\/\/www.bagnoitalia.com\/fr\/produit\/fauteuil-relax-arianna-inclinable-avec-deux-moteurs-et-roues-arriere.html","og_site_name":"Bagno Italia","article_modified_time":"2024-09-25T14:37:11+00:00","og_image":[{"width":600,"height":600,"url":"https:\/\/img.bagnoitalia.com\/wp-content\/uploads\/virtuemart\/product\/Reclining-relax-armchair-1_1541690517_448.jpg","type":"image\/jpeg"}],"twitter_card":"summary_large_image","twitter_misc":{"Dur\u00e9e de lecture estim\u00e9e":"2 minutes"},"schema":{"@context":"https:\/\/schema.org","@graph":[{"@type":"WebPage","@id":"https:\/\/www.bagnoitalia.com\/fr\/produit\/fauteuil-relax-arianna-inclinable-avec-deux-moteurs-et-roues-arriere.html","url":"https:\/\/www.bagnoitalia.com\/fr\/produit\/fauteuil-relax-arianna-inclinable-avec-deux-moteurs-et-roues-arriere.html","name":"Fauteuil releveur relax Arianna inclinable avec deux moteurs et roues arri\u00e8re","isPartOf":{"@id":"https:\/\/www.bagnoitalia.com\/fr#website"},"primaryImageOfPage":{"@id":"https:\/\/www.bagnoitalia.com\/fr\/produit\/fauteuil-relax-arianna-inclinable-avec-deux-moteurs-et-roues-arriere.html#primaryimage"},"image":{"@id":"https:\/\/www.bagnoitalia.com\/fr\/produit\/fauteuil-relax-arianna-inclinable-avec-deux-moteurs-et-roues-arriere.html#primaryimage"},"thumbnailUrl":"https:\/\/img.bagnoitalia.com\/wp-content\/uploads\/virtuemart\/product\/Reclining-relax-armchair-1_1541690517_448.jpg","datePublished":"2017-02-02T09:39:53+00:00","dateModified":"2024-09-25T14:37:11+00:00","description":"Le fauteuil Arianna, fabriqu\u00e9 en \u00e9co-cuir ou en microfibre et mesurant 106 x 80 x 77, est \u00e9quip\u00e9 de deux moteurs ind\u00e9pendants pour une inclinaison totale, ainsi que d\u2019un syst\u00e8me de levage et de deux roues arri\u00e8re pour le d\u00e9placer confortablement.","breadcrumb":{"@id":"https:\/\/www.bagnoitalia.com\/fr\/produit\/fauteuil-relax-arianna-inclinable-avec-deux-moteurs-et-roues-arriere.html#breadcrumb"},"inLanguage":"fr-FR","potentialAction":[{"@type":"ReadAction","target":["https:\/\/www.bagnoitalia.com\/fr\/produit\/fauteuil-relax-arianna-inclinable-avec-deux-moteurs-et-roues-arriere.html"]}]},{"@type":"ImageObject","inLanguage":"fr-FR","@id":"https:\/\/www.bagnoitalia.com\/fr\/produit\/fauteuil-relax-arianna-inclinable-avec-deux-moteurs-et-roues-arriere.html#primaryimage","url":"https:\/\/img.bagnoitalia.com\/wp-content\/uploads\/virtuemart\/product\/Reclining-relax-armchair-1_1541690517_448.jpg","contentUrl":"https:\/\/img.bagnoitalia.com\/wp-content\/uploads\/virtuemart\/product\/Reclining-relax-armchair-1_1541690517_448.jpg","width":600,"height":600},{"@type":"BreadcrumbList","@id":"https:\/\/www.bagnoitalia.com\/fr\/produit\/fauteuil-relax-arianna-inclinable-avec-deux-moteurs-et-roues-arriere.html#breadcrumb","itemListElement":[{"@type":"ListItem","position":1,"name":"Home","item":"https:\/\/www.bagnoitalia.com\/fr"},{"@type":"ListItem","position":2,"name":"Produits","item":"https:\/\/www.bagnoitalia.com\/fr\/shop"},{"@type":"ListItem","position":3,"name":"Fauteuil releveur relax Arianna inclinable avec deux moteurs et roues arri\u00e8re"}]},{"@type":"WebSite","@id":"https:\/\/www.bagnoitalia.com\/fr#website","url":"https:\/\/www.bagnoitalia.com\/fr","name":"Bagno Italia","description":"","publisher":{"@id":"https:\/\/www.bagnoitalia.com\/fr#organization"},"potentialAction":[{"@type":"SearchAction","target":{"@type":"EntryPoint","urlTemplate":"https:\/\/www.bagnoitalia.com\/fr?s={search_term_string}"},"query-input":{"@type":"PropertyValueSpecification","valueRequired":true,"valueName":"search_term_string"}}],"inLanguage":"fr-FR"},{"@type":"Organization","@id":"https:\/\/www.bagnoitalia.com\/fr#organization","name":"Bagno Italia","url":"https:\/\/www.bagnoitalia.com\/fr","logo":{"@type":"ImageObject","inLanguage":"fr-FR","@id":"https:\/\/www.bagnoitalia.com\/fr#\/schema\/logo\/image\/","url":"https:\/\/img.bagnoitalia.com\/wp-content\/uploads\/logo-bagnoitalia.webp","contentUrl":"https:\/\/img.bagnoitalia.com\/wp-content\/uploads\/logo-bagnoitalia.webp","width":400,"height":70,"caption":"Bagno Italia"},"image":{"@id":"https:\/\/www.bagnoitalia.com\/fr#\/schema\/logo\/image\/"}}]}},"_links":{"self":[{"href":"https:\/\/www.bagnoitalia.com\/fr\/wp-json\/wp\/v2\/product\/80442","targetHints":{"allow":["GET"]}}],"collection":[{"href":"https:\/\/www.bagnoitalia.com\/fr\/wp-json\/wp\/v2\/product"}],"about":[{"href":"https:\/\/www.bagnoitalia.com\/fr\/wp-json\/wp\/v2\/types\/product"}],"replies":[{"embeddable":true,"href":"https:\/\/www.bagnoitalia.com\/fr\/wp-json\/wp\/v2\/comments?post=80442"}],"version-history":[{"count":2,"href":"https:\/\/www.bagnoitalia.com\/fr\/wp-json\/wp\/v2\/product\/80442\/revisions"}],"predecessor-version":[{"id":92377,"href":"https:\/\/www.bagnoitalia.com\/fr\/wp-json\/wp\/v2\/product\/80442\/revisions\/92377"}],"wp:featuredmedia":[{"embeddable":true,"href":"https:\/\/www.bagnoitalia.com\/fr\/wp-json\/wp\/v2\/media\/34982"}],"wp:attachment":[{"href":"https:\/\/www.bagnoitalia.com\/fr\/wp-json\/wp\/v2\/media?parent=80442"}],"wp:term":[{"taxonomy":"product_brand","embeddable":true,"href":"https:\/\/www.bagnoitalia.com\/fr\/wp-json\/wp\/v2\/product_brand?post=80442"},{"taxonomy":"product_cat","embeddable":true,"href":"https:\/\/www.bagnoitalia.com\/fr\/wp-json\/wp\/v2\/product_cat?post=80442"},{"taxonomy":"product_tag","embeddable":true,"href":"https:\/\/www.bagnoitalia.com\/fr\/wp-json\/wp\/v2\/product_tag?post=80442"}],"curies":[{"name":"wp","href":"https:\/\/api.w.org\/{rel}","templated":true}]}}