{"id":80402,"date":"2017-01-24T11:01:05","date_gmt":"2017-01-24T10:01:05","guid":{"rendered":"https:\/\/www.bagnoitalia.com\/product\/receveur-de-douche-en-marbre-et-resine-de-3-cm-avec-siphon-disponible-en-6-couleurs-egalement-sur-mesure"},"modified":"2025-06-14T19:02:42","modified_gmt":"2025-06-14T17:02:42","slug":"receveur-de-douche-en-marbre-et-resine-de-3-cm-avec-siphon-disponible-en-6-couleurs-egalement-sur-mesure","status":"publish","type":"product","link":"https:\/\/www.bagnoitalia.com\/fr\/produit\/receveur-de-douche-en-marbre-et-resine-de-3-cm-avec-siphon-disponible-en-6-couleurs-egalement-sur-mesure.html","title":{"rendered":"Receveur de douche en r\u00e9sine de marbre epaisseur 3 cm avec bonde-siphon en 5 couleurs, disponible sur mesure PA06"},"content":{"rendered":"<p style=\"margin-top: 0cm; margin-right: 0cm; margin-bottom: 0.0001pt; background-image: initial; background-position: initial; background-repeat: initial; background-attachment: initial; vertical-align: baseline;\"><span style=\"font-size: 12pt; font-family: Arial, sans-serif; color: #333333;\">Le receveur de douche est en<strong>\u00a0<strong>r\u00e9sine de marbre<\/strong><\/strong>, caract\u00e9ris\u00e9 par une texture <span style=\"font-size: 12pt; font-family: Arial, sans-serif; color: #333333;\">sp\u00e9ciale <\/span>qui donne \u00e0 la surface un \u00e9l\u00e9gant effet ardoise et cr\u00e9e un relief qui rend la surface <strong>antid\u00e9rapante<\/strong> .<\/span><\/p>\n<p style=\"margin-top: 0cm; margin-right: 0cm; margin-bottom: 0.0001pt; background-image: initial; background-position: initial; background-repeat: initial; background-attachment: initial; vertical-align: baseline;\">\n<p>&nbsp;<\/p>\n<p style=\"margin-top: 0cm; margin-right: 0cm; margin-bottom: 0.0001pt; background-image: initial; background-position: initial; background-repeat: initial; background-attachment: initial; vertical-align: baseline;\"><span style=\"font-size: 12pt;\"><strong><span style=\"font-family: Arial, sans-serif; color: #333333;\">Caract\u00e9ristiques techniques:<\/span><\/strong><\/span><\/p>\n<ul>\n<li><span style=\"font-size: 12pt; font-family: Arial, sans-serif; color: #333333;\"><strong>Receveur<\/strong> de douche en <strong>r\u00e9sine de marbre<\/strong><\/span><\/li>\n<\/ul>\n<ul>\n<li><span style=\"font-size: 12pt; font-family: Arial, sans-serif; color: #333333;\">\u00c9paisseur du recevoir: <strong>3cm<\/strong><\/span><\/li>\n<\/ul>\n<ul>\n<li><span style=\"font-size: 12pt;\"><strong>Bonde-<\/strong><span style=\"font-family: Arial, sans-serif; color: #333333;\"><strong>siphon<\/strong> et grille carr\u00e9e\u00a0<strong>en acier inoxydable<\/strong>\u00a0inclus<\/span><\/span><\/li>\n<\/ul>\n<ul>\n<li><span style=\"font-size: 12pt; font-family: Arial, sans-serif; color: #333333;\">Disponible dans les couleurs: blanc, beige, anthracite, gris et chocolat\u00a0<\/span><\/li>\n<\/ul>\n<ul>\n<li><span style=\"font-size: 12pt;\">Il peut \u00eatre <strong>coup\u00e9<\/strong>\u00a0<span style=\"font-family: Arial, sans-serif; color: #333333;\">sur place avec disque de diamant<\/span><\/span><\/li>\n<\/ul>\n<ul>\n<li><span style=\"font-size: 12pt; font-family: Arial, sans-serif; color: #333333;\">Ils ont une <span style=\"text-decoration: underline;\">l\u00e9g\u00e8re<\/span> <span style=\"text-decoration: underline;\">pente<\/span> pour faciliter le drainage de l&rsquo;eau.<\/span><\/li>\n<\/ul>\n<ul>\n<li><span style=\"font-size: 12pt; font-family: Arial, sans-serif; color: #333333;\">Parfaitement fini de tous les c\u00f4t\u00e9s<\/span><\/li>\n<\/ul>\n<ul>\n<li><span style=\"font-size: 12pt; line-height: 107%; font-family: Arial, sans-serif; color: #333333;\">Facile \u00e0 nettoyer<\/span><\/li>\n<\/ul>\n<ul>\n<li><span style=\"font-size: 12pt; line-height: 107%; font-family: Arial, sans-serif; color: #333333;\">Disponible dans plusieurs dimensions<\/span><\/li>\n<\/ul>\n<ul>\n<li><span style=\"font-size: 12pt; line-height: 107%; font-family: Arial, sans-serif; color: #333333;\">Receveurs fabriqu\u00e9s avec des pigments sp\u00e9ciaux qui emp\u00eachent le jaunissement<\/span><\/li>\n<\/ul>\n<p style=\"margin-top: 0cm; margin-right: 0cm; margin-bottom: 0.0001pt; background-image: initial; background-position: initial; background-repeat: initial; background-attachment: initial; vertical-align: baseline;\"><span style=\"font-size: 12pt;\"><strong><span style=\"font-family: Arial, sans-serif; color: #333333;\">Le receveur en question est fabriqu\u00e9 sur commande<br \/>\n<\/span><\/strong><\/span><\/p>\n<div>\n<pre> <span style=\"color: #ff0010; font-family: Arial; font-size: large;\"><strong><span style=\"text-decoration: underline;\">SUR MESURE, LE RECEVEUR PEUT \u00caTRE COUP\u00c9<\/span><\/strong><\/span><\/pre>\n<\/div>\n<p style=\"margin-top: 0cm; margin-right: 0cm; margin-bottom: 0.0001pt; background-image: initial; background-position: initial; background-repeat: initial; background-attachment: initial; vertical-align: baseline;\"><span style=\"font-size: 12pt;\"><strong><span style=\"font-family: Arial, sans-serif; color: #333333;\">MAT\u00c9RIAU:<\/span><\/strong><\/span><\/p>\n<p style=\"margin-top: 0cm; margin-right: 0cm; margin-bottom: 0.0001pt; background-image: initial; background-position: initial; background-repeat: initial; background-attachment: initial; vertical-align: baseline;\"><span style=\"font-size: 12pt; font-family: Arial, sans-serif; color: #333333;\">Compos\u00e9 avanc\u00e9 de r\u00e9sine polyester et de min\u00e9ral de dolomite a 100%.<\/span><\/p>\n<p style=\"margin-top: 0cm; margin-right: 0cm; margin-bottom: 0.0001pt; background-image: initial; background-position: initial; background-repeat: initial; background-attachment: initial; vertical-align: baseline;\"><span style=\"font-size: 12pt; font-family: Arial, sans-serif; color: #333333;\">Mat\u00e9riau avec une surface antid\u00e9rapante, qui se caract\u00e9rise par sa duret\u00e9, sa douceur au toucher et sa r\u00e9sistance aux agents corrosifs exterieurs<\/span><\/p>\n","protected":false},"excerpt":{"rendered":"<p>Le receveur de douche est fabriqu\u00e9 en r\u00e9sine de marbre, caract\u00e9ris\u00e9 par une texture sp\u00e9ciale qui donne \u00e0 la surface un \u00e9l\u00e9gant effet ardoise et cr\u00e9e un relief qui rend la surface antid\u00e9rapante . Il est disponible dans les couleurs blanc, beige, anthracite, chrom\u00e9, chocolat. Fabriqu\u00e9 en plusieurs dimensions.<\/p>\n","protected":false},"featured_media":34522,"comment_status":"open","ping_status":"closed","template":"","meta":[],"product_brand":[5007],"product_cat":[9755],"product_tag":[],"class_list":{"0":"post-80402","1":"product","2":"type-product","3":"status-publish","4":"has-post-thumbnail","6":"product_brand-hydrastar","7":"product_cat-receveurs-de-douche","9":"first","10":"instock","11":"sale","12":"taxable","13":"shipping-taxable","14":"purchasable","15":"product-type-simple"},"exclude_global_add_ons":false,"addons":[{"name":"Dimensions","type":"multiple_choice","position":0,"required":true,"title_format":"heading","default":"","description_enable":false,"description":"","placeholder_enable":false,"placeholder":"","display":"select","restrictions_type":"any_text","adjust_price":false,"price":"","price_type":"flat_fee","restrictions":false,"min":"0","max":"0","options":[{"label":"70x90","price":"","price_type":"quantity_based","image":0,"visibility":true},{"label":"70x100","price":"12","price_type":"quantity_based","image":0,"visibility":true},{"label":"70x110","price":"25","price_type":"quantity_based","image":0,"visibility":true},{"label":"70x120","price":"40","price_type":"quantity_based","image":0,"visibility":true},{"label":"70x130","price":"50","price_type":"quantity_based","image":0,"visibility":true},{"label":"70x140","price":"64","price_type":"quantity_based","image":0,"visibility":true},{"label":"70x150","price":"80","price_type":"quantity_based","image":0,"visibility":true},{"label":"70x160","price":"90","price_type":"quantity_based","image":0,"visibility":true},{"label":"70x170","price":"104","price_type":"quantity_based","image":0,"visibility":true},{"label":"70x180","price":"120","price_type":"quantity_based","image":0,"visibility":true},{"label":"70x190","price":"135","price_type":"quantity_based","image":0,"visibility":true},{"label":"70x200","price":"160","price_type":"quantity_based","image":0,"visibility":true},{"label":"80x90","price":"14","price_type":"quantity_based","image":0,"visibility":true},{"label":"80x100","price":"24","price_type":"quantity_based","image":0,"visibility":true},{"label":"80x110","price":"40","price_type":"quantity_based","image":0,"visibility":true},{"label":"80x120","price":"54","price_type":"quantity_based","image":0,"visibility":true},{"label":"80x130","price":"64","price_type":"quantity_based","image":0,"visibility":true},{"label":"80x140","price":"77","price_type":"quantity_based","image":0,"visibility":true},{"label":"80x150","price":"90","price_type":"quantity_based","image":0,"visibility":true},{"label":"80x160","price":"104","price_type":"quantity_based","image":0,"visibility":true},{"label":"80x170","price":"130","price_type":"quantity_based","image":0,"visibility":true},{"label":"80x180","price":"146","price_type":"quantity_based","image":0,"visibility":true},{"label":"80x190","price":"160","price_type":"quantity_based","image":0,"visibility":true},{"label":"80x200","price":"190","price_type":"quantity_based","image":0,"visibility":true},{"label":"90x90","price":"34","price_type":"quantity_based","image":0,"visibility":true},{"label":"90x100","price":"60","price_type":"quantity_based","image":0,"visibility":true},{"label":"90x110","price":"70","price_type":"quantity_based","image":0,"visibility":true},{"label":"90x120","price":"84","price_type":"quantity_based","image":0,"visibility":true},{"label":"90x130","price":"95","price_type":"quantity_based","image":0,"visibility":true},{"label":"90x140","price":"108","price_type":"quantity_based","image":0,"visibility":true},{"label":"90x150","price":"122","price_type":"quantity_based","image":0,"visibility":true},{"label":"90x160","price":"154","price_type":"quantity_based","image":0,"visibility":true},{"label":"90x170","price":"174","price_type":"quantity_based","image":0,"visibility":true},{"label":"90x180","price":"194","price_type":"quantity_based","image":0,"visibility":true},{"label":"90x190","price":"214","price_type":"quantity_based","image":0,"visibility":true},{"label":"90x200","price":"234","price_type":"quantity_based","image":0,"visibility":true}],"id":1716305274},{"name":"Couleur","type":"multiple_choice","position":1,"required":true,"title_format":"heading","default":"","description_enable":false,"description":"","placeholder_enable":false,"placeholder":"","display":"select","restrictions_type":"any_text","adjust_price":false,"price":"","price_type":"flat_fee","restrictions":false,"min":"0","max":"0","options":[{"label":"Blanc","price":"","price_type":"quantity_based","image":0,"visibility":true},{"label":"Anthracite","price":"","price_type":"quantity_based","image":0,"visibility":true},{"label":"Beige","price":"","price_type":"quantity_based","image":0,"visibility":true},{"label":"Couleur taupe","price":"","price_type":"quantity_based","image":0,"visibility":true},{"label":"Couleur b\u00e9ton","price":"","price_type":"quantity_based","image":0,"visibility":true},{"label":"non disponible - Chocolat","price":"","price_type":"quantity_based","image":0,"visibility":true}],"id":1716305275}],"yoast_head":"<!-- This site is optimized with the Yoast SEO plugin v26.7 - https:\/\/yoast.com\/wordpress\/plugins\/seo\/ -->\n<title>Receveur de douche en r\u00e9sine de marbre epaisseur 3 cm avec bonde-siphon en 5 couleurs, disponible sur mesure PA06<\/title>\n<meta name=\"description\" content=\"Le receveur de douche est fait de r\u00e9sine de marbre qui cr\u00e9e un relief, rendant la surface antid\u00e9rapante disponible en blanc, beige, anthracite, chrome, chocolat, taupe. Fabriqu\u00e9 en diff\u00e9rentes tailles.\" \/>\n<meta name=\"robots\" content=\"index, follow, max-snippet:-1, max-image-preview:large, max-video-preview:-1\" \/>\n<link rel=\"canonical\" href=\"https:\/\/www.bagnoitalia.com\/fr\/produit\/receveur-de-douche-en-marbre-et-resine-de-3-cm-avec-siphon-disponible-en-6-couleurs-egalement-sur-mesure.html\" \/>\n<meta property=\"og:locale\" content=\"fr_FR\" \/>\n<meta property=\"og:type\" content=\"article\" \/>\n<meta property=\"og:title\" content=\"Receveur de douche en r\u00e9sine de marbre epaisseur 3 cm avec bonde-siphon en 5 couleurs, disponible sur mesure PA06\" \/>\n<meta property=\"og:description\" content=\"Le receveur de douche est fait de r\u00e9sine de marbre qui cr\u00e9e un relief, rendant la surface antid\u00e9rapante disponible en blanc, beige, anthracite, chrome, chocolat, taupe. Fabriqu\u00e9 en diff\u00e9rentes tailles.\" \/>\n<meta property=\"og:url\" content=\"https:\/\/www.bagnoitalia.com\/fr\/produit\/receveur-de-douche-en-marbre-et-resine-de-3-cm-avec-siphon-disponible-en-6-couleurs-egalement-sur-mesure.html\" \/>\n<meta property=\"og:site_name\" content=\"Bagno Italia\" \/>\n<meta property=\"article:modified_time\" content=\"2025-06-14T17:02:42+00:00\" \/>\n<meta property=\"og:image\" content=\"https:\/\/img.bagnoitalia.com\/wp-content\/uploads\/virtuemart\/product\/3cm-marble-resin-shower-tray-1_1542812729_186.jpg\" \/>\n\t<meta property=\"og:image:width\" content=\"600\" \/>\n\t<meta property=\"og:image:height\" content=\"600\" \/>\n\t<meta property=\"og:image:type\" content=\"image\/jpeg\" \/>\n<meta name=\"twitter:card\" content=\"summary_large_image\" \/>\n<meta name=\"twitter:label1\" content=\"Dur\u00e9e de lecture estim\u00e9e\" \/>\n\t<meta name=\"twitter:data1\" content=\"1 minute\" \/>\n<script type=\"application\/ld+json\" class=\"yoast-schema-graph\">{\"@context\":\"https:\/\/schema.org\",\"@graph\":[{\"@type\":\"WebPage\",\"@id\":\"https:\/\/www.bagnoitalia.com\/fr\/produit\/receveur-de-douche-en-marbre-et-resine-de-3-cm-avec-siphon-disponible-en-6-couleurs-egalement-sur-mesure.html\",\"url\":\"https:\/\/www.bagnoitalia.com\/fr\/produit\/receveur-de-douche-en-marbre-et-resine-de-3-cm-avec-siphon-disponible-en-6-couleurs-egalement-sur-mesure.html\",\"name\":\"Receveur de douche en r\u00e9sine de marbre epaisseur 3 cm avec bonde-siphon en 5 couleurs, disponible sur mesure PA06\",\"isPartOf\":{\"@id\":\"https:\/\/www.bagnoitalia.com\/fr#website\"},\"primaryImageOfPage\":{\"@id\":\"https:\/\/www.bagnoitalia.com\/fr\/produit\/receveur-de-douche-en-marbre-et-resine-de-3-cm-avec-siphon-disponible-en-6-couleurs-egalement-sur-mesure.html#primaryimage\"},\"image\":{\"@id\":\"https:\/\/www.bagnoitalia.com\/fr\/produit\/receveur-de-douche-en-marbre-et-resine-de-3-cm-avec-siphon-disponible-en-6-couleurs-egalement-sur-mesure.html#primaryimage\"},\"thumbnailUrl\":\"https:\/\/img.bagnoitalia.com\/wp-content\/uploads\/virtuemart\/product\/3cm-marble-resin-shower-tray-1_1542812729_186.jpg\",\"datePublished\":\"2017-01-24T10:01:05+00:00\",\"dateModified\":\"2025-06-14T17:02:42+00:00\",\"description\":\"Le receveur de douche est fait de r\u00e9sine de marbre qui cr\u00e9e un relief, rendant la surface antid\u00e9rapante disponible en blanc, beige, anthracite, chrome, chocolat, taupe. Fabriqu\u00e9 en diff\u00e9rentes tailles.\",\"breadcrumb\":{\"@id\":\"https:\/\/www.bagnoitalia.com\/fr\/produit\/receveur-de-douche-en-marbre-et-resine-de-3-cm-avec-siphon-disponible-en-6-couleurs-egalement-sur-mesure.html#breadcrumb\"},\"inLanguage\":\"fr-FR\",\"potentialAction\":[{\"@type\":\"ReadAction\",\"target\":[\"https:\/\/www.bagnoitalia.com\/fr\/produit\/receveur-de-douche-en-marbre-et-resine-de-3-cm-avec-siphon-disponible-en-6-couleurs-egalement-sur-mesure.html\"]}]},{\"@type\":\"ImageObject\",\"inLanguage\":\"fr-FR\",\"@id\":\"https:\/\/www.bagnoitalia.com\/fr\/produit\/receveur-de-douche-en-marbre-et-resine-de-3-cm-avec-siphon-disponible-en-6-couleurs-egalement-sur-mesure.html#primaryimage\",\"url\":\"https:\/\/img.bagnoitalia.com\/wp-content\/uploads\/virtuemart\/product\/3cm-marble-resin-shower-tray-1_1542812729_186.jpg\",\"contentUrl\":\"https:\/\/img.bagnoitalia.com\/wp-content\/uploads\/virtuemart\/product\/3cm-marble-resin-shower-tray-1_1542812729_186.jpg\",\"width\":600,\"height\":600},{\"@type\":\"BreadcrumbList\",\"@id\":\"https:\/\/www.bagnoitalia.com\/fr\/produit\/receveur-de-douche-en-marbre-et-resine-de-3-cm-avec-siphon-disponible-en-6-couleurs-egalement-sur-mesure.html#breadcrumb\",\"itemListElement\":[{\"@type\":\"ListItem\",\"position\":1,\"name\":\"Home\",\"item\":\"https:\/\/www.bagnoitalia.com\/fr\"},{\"@type\":\"ListItem\",\"position\":2,\"name\":\"Produits\",\"item\":\"https:\/\/www.bagnoitalia.com\/fr\/shop\"},{\"@type\":\"ListItem\",\"position\":3,\"name\":\"Receveur de douche en r\u00e9sine de marbre epaisseur 3 cm avec bonde-siphon en 5 couleurs, disponible sur mesure PA06\"}]},{\"@type\":\"WebSite\",\"@id\":\"https:\/\/www.bagnoitalia.com\/fr#website\",\"url\":\"https:\/\/www.bagnoitalia.com\/fr\",\"name\":\"Bagno Italia\",\"description\":\"\",\"publisher\":{\"@id\":\"https:\/\/www.bagnoitalia.com\/fr#organization\"},\"potentialAction\":[{\"@type\":\"SearchAction\",\"target\":{\"@type\":\"EntryPoint\",\"urlTemplate\":\"https:\/\/www.bagnoitalia.com\/fr?s={search_term_string}\"},\"query-input\":{\"@type\":\"PropertyValueSpecification\",\"valueRequired\":true,\"valueName\":\"search_term_string\"}}],\"inLanguage\":\"fr-FR\"},{\"@type\":\"Organization\",\"@id\":\"https:\/\/www.bagnoitalia.com\/fr#organization\",\"name\":\"Bagno Italia\",\"url\":\"https:\/\/www.bagnoitalia.com\/fr\",\"logo\":{\"@type\":\"ImageObject\",\"inLanguage\":\"fr-FR\",\"@id\":\"https:\/\/www.bagnoitalia.com\/fr#\/schema\/logo\/image\/\",\"url\":\"https:\/\/img.bagnoitalia.com\/wp-content\/uploads\/logo-bagnoitalia.webp\",\"contentUrl\":\"https:\/\/img.bagnoitalia.com\/wp-content\/uploads\/logo-bagnoitalia.webp\",\"width\":400,\"height\":70,\"caption\":\"Bagno Italia\"},\"image\":{\"@id\":\"https:\/\/www.bagnoitalia.com\/fr#\/schema\/logo\/image\/\"}}]}<\/script>\n<!-- \/ Yoast SEO plugin. -->","yoast_head_json":{"title":"Receveur de douche en r\u00e9sine de marbre epaisseur 3 cm avec bonde-siphon en 5 couleurs, disponible sur mesure PA06","description":"Le receveur de douche est fait de r\u00e9sine de marbre qui cr\u00e9e un relief, rendant la surface antid\u00e9rapante disponible en blanc, beige, anthracite, chrome, chocolat, taupe. Fabriqu\u00e9 en diff\u00e9rentes tailles.","robots":{"index":"index","follow":"follow","max-snippet":"max-snippet:-1","max-image-preview":"max-image-preview:large","max-video-preview":"max-video-preview:-1"},"canonical":"https:\/\/www.bagnoitalia.com\/fr\/produit\/receveur-de-douche-en-marbre-et-resine-de-3-cm-avec-siphon-disponible-en-6-couleurs-egalement-sur-mesure.html","og_locale":"fr_FR","og_type":"article","og_title":"Receveur de douche en r\u00e9sine de marbre epaisseur 3 cm avec bonde-siphon en 5 couleurs, disponible sur mesure PA06","og_description":"Le receveur de douche est fait de r\u00e9sine de marbre qui cr\u00e9e un relief, rendant la surface antid\u00e9rapante disponible en blanc, beige, anthracite, chrome, chocolat, taupe. Fabriqu\u00e9 en diff\u00e9rentes tailles.","og_url":"https:\/\/www.bagnoitalia.com\/fr\/produit\/receveur-de-douche-en-marbre-et-resine-de-3-cm-avec-siphon-disponible-en-6-couleurs-egalement-sur-mesure.html","og_site_name":"Bagno Italia","article_modified_time":"2025-06-14T17:02:42+00:00","og_image":[{"width":600,"height":600,"url":"https:\/\/img.bagnoitalia.com\/wp-content\/uploads\/virtuemart\/product\/3cm-marble-resin-shower-tray-1_1542812729_186.jpg","type":"image\/jpeg"}],"twitter_card":"summary_large_image","twitter_misc":{"Dur\u00e9e de lecture estim\u00e9e":"1 minute"},"schema":{"@context":"https:\/\/schema.org","@graph":[{"@type":"WebPage","@id":"https:\/\/www.bagnoitalia.com\/fr\/produit\/receveur-de-douche-en-marbre-et-resine-de-3-cm-avec-siphon-disponible-en-6-couleurs-egalement-sur-mesure.html","url":"https:\/\/www.bagnoitalia.com\/fr\/produit\/receveur-de-douche-en-marbre-et-resine-de-3-cm-avec-siphon-disponible-en-6-couleurs-egalement-sur-mesure.html","name":"Receveur de douche en r\u00e9sine de marbre epaisseur 3 cm avec bonde-siphon en 5 couleurs, disponible sur mesure PA06","isPartOf":{"@id":"https:\/\/www.bagnoitalia.com\/fr#website"},"primaryImageOfPage":{"@id":"https:\/\/www.bagnoitalia.com\/fr\/produit\/receveur-de-douche-en-marbre-et-resine-de-3-cm-avec-siphon-disponible-en-6-couleurs-egalement-sur-mesure.html#primaryimage"},"image":{"@id":"https:\/\/www.bagnoitalia.com\/fr\/produit\/receveur-de-douche-en-marbre-et-resine-de-3-cm-avec-siphon-disponible-en-6-couleurs-egalement-sur-mesure.html#primaryimage"},"thumbnailUrl":"https:\/\/img.bagnoitalia.com\/wp-content\/uploads\/virtuemart\/product\/3cm-marble-resin-shower-tray-1_1542812729_186.jpg","datePublished":"2017-01-24T10:01:05+00:00","dateModified":"2025-06-14T17:02:42+00:00","description":"Le receveur de douche est fait de r\u00e9sine de marbre qui cr\u00e9e un relief, rendant la surface antid\u00e9rapante disponible en blanc, beige, anthracite, chrome, chocolat, taupe. Fabriqu\u00e9 en diff\u00e9rentes tailles.","breadcrumb":{"@id":"https:\/\/www.bagnoitalia.com\/fr\/produit\/receveur-de-douche-en-marbre-et-resine-de-3-cm-avec-siphon-disponible-en-6-couleurs-egalement-sur-mesure.html#breadcrumb"},"inLanguage":"fr-FR","potentialAction":[{"@type":"ReadAction","target":["https:\/\/www.bagnoitalia.com\/fr\/produit\/receveur-de-douche-en-marbre-et-resine-de-3-cm-avec-siphon-disponible-en-6-couleurs-egalement-sur-mesure.html"]}]},{"@type":"ImageObject","inLanguage":"fr-FR","@id":"https:\/\/www.bagnoitalia.com\/fr\/produit\/receveur-de-douche-en-marbre-et-resine-de-3-cm-avec-siphon-disponible-en-6-couleurs-egalement-sur-mesure.html#primaryimage","url":"https:\/\/img.bagnoitalia.com\/wp-content\/uploads\/virtuemart\/product\/3cm-marble-resin-shower-tray-1_1542812729_186.jpg","contentUrl":"https:\/\/img.bagnoitalia.com\/wp-content\/uploads\/virtuemart\/product\/3cm-marble-resin-shower-tray-1_1542812729_186.jpg","width":600,"height":600},{"@type":"BreadcrumbList","@id":"https:\/\/www.bagnoitalia.com\/fr\/produit\/receveur-de-douche-en-marbre-et-resine-de-3-cm-avec-siphon-disponible-en-6-couleurs-egalement-sur-mesure.html#breadcrumb","itemListElement":[{"@type":"ListItem","position":1,"name":"Home","item":"https:\/\/www.bagnoitalia.com\/fr"},{"@type":"ListItem","position":2,"name":"Produits","item":"https:\/\/www.bagnoitalia.com\/fr\/shop"},{"@type":"ListItem","position":3,"name":"Receveur de douche en r\u00e9sine de marbre epaisseur 3 cm avec bonde-siphon en 5 couleurs, disponible sur mesure PA06"}]},{"@type":"WebSite","@id":"https:\/\/www.bagnoitalia.com\/fr#website","url":"https:\/\/www.bagnoitalia.com\/fr","name":"Bagno Italia","description":"","publisher":{"@id":"https:\/\/www.bagnoitalia.com\/fr#organization"},"potentialAction":[{"@type":"SearchAction","target":{"@type":"EntryPoint","urlTemplate":"https:\/\/www.bagnoitalia.com\/fr?s={search_term_string}"},"query-input":{"@type":"PropertyValueSpecification","valueRequired":true,"valueName":"search_term_string"}}],"inLanguage":"fr-FR"},{"@type":"Organization","@id":"https:\/\/www.bagnoitalia.com\/fr#organization","name":"Bagno Italia","url":"https:\/\/www.bagnoitalia.com\/fr","logo":{"@type":"ImageObject","inLanguage":"fr-FR","@id":"https:\/\/www.bagnoitalia.com\/fr#\/schema\/logo\/image\/","url":"https:\/\/img.bagnoitalia.com\/wp-content\/uploads\/logo-bagnoitalia.webp","contentUrl":"https:\/\/img.bagnoitalia.com\/wp-content\/uploads\/logo-bagnoitalia.webp","width":400,"height":70,"caption":"Bagno Italia"},"image":{"@id":"https:\/\/www.bagnoitalia.com\/fr#\/schema\/logo\/image\/"}}]}},"_links":{"self":[{"href":"https:\/\/www.bagnoitalia.com\/fr\/wp-json\/wp\/v2\/product\/80402","targetHints":{"allow":["GET"]}}],"collection":[{"href":"https:\/\/www.bagnoitalia.com\/fr\/wp-json\/wp\/v2\/product"}],"about":[{"href":"https:\/\/www.bagnoitalia.com\/fr\/wp-json\/wp\/v2\/types\/product"}],"replies":[{"embeddable":true,"href":"https:\/\/www.bagnoitalia.com\/fr\/wp-json\/wp\/v2\/comments?post=80402"}],"version-history":[{"count":1,"href":"https:\/\/www.bagnoitalia.com\/fr\/wp-json\/wp\/v2\/product\/80402\/revisions"}],"predecessor-version":[{"id":87244,"href":"https:\/\/www.bagnoitalia.com\/fr\/wp-json\/wp\/v2\/product\/80402\/revisions\/87244"}],"wp:featuredmedia":[{"embeddable":true,"href":"https:\/\/www.bagnoitalia.com\/fr\/wp-json\/wp\/v2\/media\/34522"}],"wp:attachment":[{"href":"https:\/\/www.bagnoitalia.com\/fr\/wp-json\/wp\/v2\/media?parent=80402"}],"wp:term":[{"taxonomy":"product_brand","embeddable":true,"href":"https:\/\/www.bagnoitalia.com\/fr\/wp-json\/wp\/v2\/product_brand?post=80402"},{"taxonomy":"product_cat","embeddable":true,"href":"https:\/\/www.bagnoitalia.com\/fr\/wp-json\/wp\/v2\/product_cat?post=80402"},{"taxonomy":"product_tag","embeddable":true,"href":"https:\/\/www.bagnoitalia.com\/fr\/wp-json\/wp\/v2\/product_tag?post=80402"}],"curies":[{"name":"wp","href":"https:\/\/api.w.org\/{rel}","templated":true}]}}