{"id":80370,"date":"2016-12-20T14:44:30","date_gmt":"2016-12-20T13:44:30","guid":{"rendered":"https:\/\/www.bagnoitalia.com\/product\/canape-d-39-angle-desire-325x250-avec-pouf-moderne-en-microfibre"},"modified":"2025-04-15T16:29:15","modified_gmt":"2025-04-15T14:29:15","slug":"canape-d-39-angle-desire-325x250-avec-pouf-moderne-en-microfibre","status":"publish","type":"product","link":"https:\/\/www.bagnoitalia.com\/fr\/produit\/canape-d-39-angle-desire-325x250-avec-pouf-moderne-en-microfibre.html","title":{"rendered":"Canap\u00e9 d&rsquo;angle Desire 325&#215;250 avec pouf, moderne, en microfibre"},"content":{"rendered":"<p><span style=\"font-size: 12pt; font-family: arial, helvetica, sans-serif;\">Le canap\u00e9 Desire est un meuble pour votre salon de grandes dimensions qui offre de l&rsquo;espace pour toute la famille. La principale caract\u00e9ristique qui distingue Desire est l&rsquo;espace ample offert pour s&rsquo;asseoir ou se coucher. Les formes lin\u00e9aires et la conception simple font de ce canap\u00e9 un point de r\u00e9f\u00e9rence dans tous les types d&rsquo;environnement, du plus moderne au plus classique.<\/span><\/p>\n<p><span style=\"font-size: 12pt; font-family: arial, helvetica, sans-serif;\">Ce canap\u00e9 comprend aussi un <strong>pouf<\/strong> confortable que vous pouvez placer selon vos besoins. La microfibre dont le dossier et le si\u00e8ge sont recouverts a des finitions tr\u00e8s pr\u00e9cises qui permettent un nettoyage facile et une durabilit\u00e9 accrue.<\/span><\/p>\n<p><span style=\"font-size: 12pt; font-family: arial, helvetica, sans-serif;\">Les pieds en acier, en plus d\u2019\u00eatre un gage de stabilit\u00e9, conf\u00e8rent \u00e0 la composition classe et \u00e9l\u00e9gance.<\/span><\/p>\n<p><span style=\"font-size: 12pt; font-family: arial, helvetica, sans-serif;\"><strong>CARACT\u00c9RISTIQUES<\/strong><\/span><\/p>\n<ul>\n<li><span style=\"font-size: 12pt; font-family: arial, helvetica, sans-serif;\">Mesures: 325x250x90 cm<\/span><\/li>\n<li><span style=\"font-size: 12pt; font-family: arial, helvetica, sans-serif;\">Amovible<\/span><\/li>\n<li><span style=\"font-size: 12pt; font-family: arial, helvetica, sans-serif;\">Oreillers <strong>inclus<\/strong> dans le prix<\/span><\/li>\n<li><span style=\"font-size: 12pt; font-family: arial, helvetica, sans-serif;\">Facile \u00e0 nettoyer<\/span><\/li>\n<li><span style=\"font-size: 12pt; font-family: arial, helvetica, sans-serif;\"><strong>R\u00e9sistant \u00e0 l&rsquo;<\/strong> usure<\/span><\/li>\n<li><span style=\"font-size: 12pt; font-family: arial, helvetica, sans-serif;\">Fini \u00e0 la main<\/span><\/li>\n<li><span style=\"font-size: 12pt; font-family: arial, helvetica, sans-serif;\">\u00c9lasticit\u00e9 naturelle<\/span><\/li>\n<li><span style=\"font-size: 12pt; font-family: arial, helvetica, sans-serif;\">Cadre <strong>renforc\u00e9<\/strong><\/span><\/li>\n<li><span style=\"font-size: 12pt; font-family: arial, helvetica, sans-serif;\">Coussins \u00e9pais<\/span><\/li>\n<\/ul>\n<p><span style=\"font-size: 12pt; font-family: arial, helvetica, sans-serif;\"><strong>MATI\u00c8RES<\/strong><\/span><\/p>\n<ul>\n<li><span style=\"font-size: 12pt; font-family: arial, helvetica, sans-serif;\">Structure: bois vierge recouvert d&rsquo;une couche de POLYUTANE<\/span><\/li>\n<li><span style=\"font-size: 12pt; font-family: arial, helvetica, sans-serif;\">Remplissage: tissu de densit\u00e9 diff\u00e9renci\u00e9e recouvert d&rsquo;une couche de dacron<\/span><\/li>\n<li><span style=\"font-size: 12pt; font-family: arial, helvetica, sans-serif;\">Assise et dossier: polyur\u00e9thane<\/span><\/li>\n<\/ul>\n<p><span style=\"font-size: 12pt; font-family: arial, helvetica, sans-serif;\">Pour le <strong>nettoyage<\/strong>, utilisez uniquement un chiffon doux l\u00e9g\u00e8rement humide. \u00c9vitez d&rsquo;Utiliser des chiffons rugueux ou des \u00e9ponges abrasives qui pourraient rayer la surface. N&rsquo;utilisez pas de d\u00e9tergents agressifs.<\/span><\/p><\/p>\n","protected":false},"excerpt":{"rendered":"<p>Le canap\u00e9 Desire est un meuble pour votre salon de grandes dimensions qui offre de l&rsquo;espace pour toute la famille. La principale caract\u00e9ristique qui distingue Desire est l&rsquo;espace ample offert pour s&rsquo;asseoir ou se coucher. Les formes lin\u00e9aires et la conception simple font de ce canap\u00e9 un point de r\u00e9f\u00e9rence dans tous les types d&rsquo;environnement, du plus moderne au plus classique.<\/p>\n","protected":false},"featured_media":34218,"comment_status":"open","ping_status":"closed","template":"","meta":[],"product_brand":[5021],"product_cat":[10115],"product_tag":[],"class_list":{"0":"post-80370","1":"product","2":"type-product","3":"status-publish","4":"has-post-thumbnail","6":"product_brand-predator-arredo-casa","7":"product_cat-senza-categoria-fr","9":"first","10":"outofstock","11":"taxable","12":"shipping-taxable","13":"purchasable","14":"product-type-simple"},"exclude_global_add_ons":[],"addons":[],"yoast_head":"<!-- This site is optimized with the Yoast SEO plugin v26.7 - https:\/\/yoast.com\/wordpress\/plugins\/seo\/ -->\n<title>Canap\u00e9 d&#039;angle Desire 325x250 avec pouf, moderne, en microfibre<\/title>\n<meta name=\"description\" content=\"Ce canap\u00e9 comprend \u00e9galement un pouf confortable que vous pouvez placer selon vos besoins. la microfibre dont le dossier et le si\u00e8ge sont recouverts a des finitions tr\u00e8s pr\u00e9cises qui permettent un nettoyage facile et une durabilit\u00e9 accrue. Les pieds en acier, en plus d\u2019\u00eatre un gage de stabilit\u00e9, conf\u00e8rent \u00e0 la composition classe et \u00e9l\u00e9gance.\" \/>\n<meta name=\"robots\" content=\"index, follow, max-snippet:-1, max-image-preview:large, max-video-preview:-1\" \/>\n<link rel=\"canonical\" href=\"https:\/\/www.bagnoitalia.com\/fr\/produit\/canape-d-39-angle-desire-325x250-avec-pouf-moderne-en-microfibre.html\" \/>\n<meta property=\"og:locale\" content=\"fr_FR\" \/>\n<meta property=\"og:type\" content=\"article\" \/>\n<meta property=\"og:title\" content=\"Canap\u00e9 d&#039;angle Desire 325x250 avec pouf, moderne, en microfibre\" \/>\n<meta property=\"og:description\" content=\"Ce canap\u00e9 comprend \u00e9galement un pouf confortable que vous pouvez placer selon vos besoins. la microfibre dont le dossier et le si\u00e8ge sont recouverts a des finitions tr\u00e8s pr\u00e9cises qui permettent un nettoyage facile et une durabilit\u00e9 accrue. Les pieds en acier, en plus d\u2019\u00eatre un gage de stabilit\u00e9, conf\u00e8rent \u00e0 la composition classe et \u00e9l\u00e9gance.\" \/>\n<meta property=\"og:url\" content=\"https:\/\/www.bagnoitalia.com\/fr\/produit\/canape-d-39-angle-desire-325x250-avec-pouf-moderne-en-microfibre.html\" \/>\n<meta property=\"og:site_name\" content=\"Bagno Italia\" \/>\n<meta property=\"article:modified_time\" content=\"2025-04-15T14:29:15+00:00\" \/>\n<meta property=\"og:image\" content=\"https:\/\/img.bagnoitalia.com\/wp-content\/uploads\/virtuemart\/product\/325x250-corner-sofa-Desire-1_1541696218_4523.jpg\" \/>\n\t<meta property=\"og:image:width\" content=\"600\" \/>\n\t<meta property=\"og:image:height\" content=\"600\" \/>\n\t<meta property=\"og:image:type\" content=\"image\/jpeg\" \/>\n<meta name=\"twitter:card\" content=\"summary_large_image\" \/>\n<meta name=\"twitter:label1\" content=\"Dur\u00e9e de lecture estim\u00e9e\" \/>\n\t<meta name=\"twitter:data1\" content=\"1 minute\" \/>\n<script type=\"application\/ld+json\" class=\"yoast-schema-graph\">{\"@context\":\"https:\/\/schema.org\",\"@graph\":[{\"@type\":\"WebPage\",\"@id\":\"https:\/\/www.bagnoitalia.com\/fr\/produit\/canape-d-39-angle-desire-325x250-avec-pouf-moderne-en-microfibre.html\",\"url\":\"https:\/\/www.bagnoitalia.com\/fr\/produit\/canape-d-39-angle-desire-325x250-avec-pouf-moderne-en-microfibre.html\",\"name\":\"Canap\u00e9 d'angle Desire 325x250 avec pouf, moderne, en microfibre\",\"isPartOf\":{\"@id\":\"https:\/\/www.bagnoitalia.com\/fr#website\"},\"primaryImageOfPage\":{\"@id\":\"https:\/\/www.bagnoitalia.com\/fr\/produit\/canape-d-39-angle-desire-325x250-avec-pouf-moderne-en-microfibre.html#primaryimage\"},\"image\":{\"@id\":\"https:\/\/www.bagnoitalia.com\/fr\/produit\/canape-d-39-angle-desire-325x250-avec-pouf-moderne-en-microfibre.html#primaryimage\"},\"thumbnailUrl\":\"https:\/\/img.bagnoitalia.com\/wp-content\/uploads\/virtuemart\/product\/325x250-corner-sofa-Desire-1_1541696218_4523.jpg\",\"datePublished\":\"2016-12-20T13:44:30+00:00\",\"dateModified\":\"2025-04-15T14:29:15+00:00\",\"description\":\"Ce canap\u00e9 comprend \u00e9galement un pouf confortable que vous pouvez placer selon vos besoins. la microfibre dont le dossier et le si\u00e8ge sont recouverts a des finitions tr\u00e8s pr\u00e9cises qui permettent un nettoyage facile et une durabilit\u00e9 accrue. Les pieds en acier, en plus d\u2019\u00eatre un gage de stabilit\u00e9, conf\u00e8rent \u00e0 la composition classe et \u00e9l\u00e9gance.\",\"breadcrumb\":{\"@id\":\"https:\/\/www.bagnoitalia.com\/fr\/produit\/canape-d-39-angle-desire-325x250-avec-pouf-moderne-en-microfibre.html#breadcrumb\"},\"inLanguage\":\"fr-FR\",\"potentialAction\":[{\"@type\":\"ReadAction\",\"target\":[\"https:\/\/www.bagnoitalia.com\/fr\/produit\/canape-d-39-angle-desire-325x250-avec-pouf-moderne-en-microfibre.html\"]}]},{\"@type\":\"ImageObject\",\"inLanguage\":\"fr-FR\",\"@id\":\"https:\/\/www.bagnoitalia.com\/fr\/produit\/canape-d-39-angle-desire-325x250-avec-pouf-moderne-en-microfibre.html#primaryimage\",\"url\":\"https:\/\/img.bagnoitalia.com\/wp-content\/uploads\/virtuemart\/product\/325x250-corner-sofa-Desire-1_1541696218_4523.jpg\",\"contentUrl\":\"https:\/\/img.bagnoitalia.com\/wp-content\/uploads\/virtuemart\/product\/325x250-corner-sofa-Desire-1_1541696218_4523.jpg\",\"width\":600,\"height\":600},{\"@type\":\"BreadcrumbList\",\"@id\":\"https:\/\/www.bagnoitalia.com\/fr\/produit\/canape-d-39-angle-desire-325x250-avec-pouf-moderne-en-microfibre.html#breadcrumb\",\"itemListElement\":[{\"@type\":\"ListItem\",\"position\":1,\"name\":\"Home\",\"item\":\"https:\/\/www.bagnoitalia.com\/fr\"},{\"@type\":\"ListItem\",\"position\":2,\"name\":\"Produits\",\"item\":\"https:\/\/www.bagnoitalia.com\/fr\/shop\"},{\"@type\":\"ListItem\",\"position\":3,\"name\":\"Canap\u00e9 d&#8217;angle Desire 325&#215;250 avec pouf, moderne, en microfibre\"}]},{\"@type\":\"WebSite\",\"@id\":\"https:\/\/www.bagnoitalia.com\/fr#website\",\"url\":\"https:\/\/www.bagnoitalia.com\/fr\",\"name\":\"Bagno Italia\",\"description\":\"\",\"publisher\":{\"@id\":\"https:\/\/www.bagnoitalia.com\/fr#organization\"},\"potentialAction\":[{\"@type\":\"SearchAction\",\"target\":{\"@type\":\"EntryPoint\",\"urlTemplate\":\"https:\/\/www.bagnoitalia.com\/fr?s={search_term_string}\"},\"query-input\":{\"@type\":\"PropertyValueSpecification\",\"valueRequired\":true,\"valueName\":\"search_term_string\"}}],\"inLanguage\":\"fr-FR\"},{\"@type\":\"Organization\",\"@id\":\"https:\/\/www.bagnoitalia.com\/fr#organization\",\"name\":\"Bagno Italia\",\"url\":\"https:\/\/www.bagnoitalia.com\/fr\",\"logo\":{\"@type\":\"ImageObject\",\"inLanguage\":\"fr-FR\",\"@id\":\"https:\/\/www.bagnoitalia.com\/fr#\/schema\/logo\/image\/\",\"url\":\"https:\/\/img.bagnoitalia.com\/wp-content\/uploads\/logo-bagnoitalia.webp\",\"contentUrl\":\"https:\/\/img.bagnoitalia.com\/wp-content\/uploads\/logo-bagnoitalia.webp\",\"width\":400,\"height\":70,\"caption\":\"Bagno Italia\"},\"image\":{\"@id\":\"https:\/\/www.bagnoitalia.com\/fr#\/schema\/logo\/image\/\"}}]}<\/script>\n<!-- \/ Yoast SEO plugin. -->","yoast_head_json":{"title":"Canap\u00e9 d'angle Desire 325x250 avec pouf, moderne, en microfibre","description":"Ce canap\u00e9 comprend \u00e9galement un pouf confortable que vous pouvez placer selon vos besoins. la microfibre dont le dossier et le si\u00e8ge sont recouverts a des finitions tr\u00e8s pr\u00e9cises qui permettent un nettoyage facile et une durabilit\u00e9 accrue. Les pieds en acier, en plus d\u2019\u00eatre un gage de stabilit\u00e9, conf\u00e8rent \u00e0 la composition classe et \u00e9l\u00e9gance.","robots":{"index":"index","follow":"follow","max-snippet":"max-snippet:-1","max-image-preview":"max-image-preview:large","max-video-preview":"max-video-preview:-1"},"canonical":"https:\/\/www.bagnoitalia.com\/fr\/produit\/canape-d-39-angle-desire-325x250-avec-pouf-moderne-en-microfibre.html","og_locale":"fr_FR","og_type":"article","og_title":"Canap\u00e9 d'angle Desire 325x250 avec pouf, moderne, en microfibre","og_description":"Ce canap\u00e9 comprend \u00e9galement un pouf confortable que vous pouvez placer selon vos besoins. la microfibre dont le dossier et le si\u00e8ge sont recouverts a des finitions tr\u00e8s pr\u00e9cises qui permettent un nettoyage facile et une durabilit\u00e9 accrue. Les pieds en acier, en plus d\u2019\u00eatre un gage de stabilit\u00e9, conf\u00e8rent \u00e0 la composition classe et \u00e9l\u00e9gance.","og_url":"https:\/\/www.bagnoitalia.com\/fr\/produit\/canape-d-39-angle-desire-325x250-avec-pouf-moderne-en-microfibre.html","og_site_name":"Bagno Italia","article_modified_time":"2025-04-15T14:29:15+00:00","og_image":[{"width":600,"height":600,"url":"https:\/\/img.bagnoitalia.com\/wp-content\/uploads\/virtuemart\/product\/325x250-corner-sofa-Desire-1_1541696218_4523.jpg","type":"image\/jpeg"}],"twitter_card":"summary_large_image","twitter_misc":{"Dur\u00e9e de lecture estim\u00e9e":"1 minute"},"schema":{"@context":"https:\/\/schema.org","@graph":[{"@type":"WebPage","@id":"https:\/\/www.bagnoitalia.com\/fr\/produit\/canape-d-39-angle-desire-325x250-avec-pouf-moderne-en-microfibre.html","url":"https:\/\/www.bagnoitalia.com\/fr\/produit\/canape-d-39-angle-desire-325x250-avec-pouf-moderne-en-microfibre.html","name":"Canap\u00e9 d'angle Desire 325x250 avec pouf, moderne, en microfibre","isPartOf":{"@id":"https:\/\/www.bagnoitalia.com\/fr#website"},"primaryImageOfPage":{"@id":"https:\/\/www.bagnoitalia.com\/fr\/produit\/canape-d-39-angle-desire-325x250-avec-pouf-moderne-en-microfibre.html#primaryimage"},"image":{"@id":"https:\/\/www.bagnoitalia.com\/fr\/produit\/canape-d-39-angle-desire-325x250-avec-pouf-moderne-en-microfibre.html#primaryimage"},"thumbnailUrl":"https:\/\/img.bagnoitalia.com\/wp-content\/uploads\/virtuemart\/product\/325x250-corner-sofa-Desire-1_1541696218_4523.jpg","datePublished":"2016-12-20T13:44:30+00:00","dateModified":"2025-04-15T14:29:15+00:00","description":"Ce canap\u00e9 comprend \u00e9galement un pouf confortable que vous pouvez placer selon vos besoins. la microfibre dont le dossier et le si\u00e8ge sont recouverts a des finitions tr\u00e8s pr\u00e9cises qui permettent un nettoyage facile et une durabilit\u00e9 accrue. Les pieds en acier, en plus d\u2019\u00eatre un gage de stabilit\u00e9, conf\u00e8rent \u00e0 la composition classe et \u00e9l\u00e9gance.","breadcrumb":{"@id":"https:\/\/www.bagnoitalia.com\/fr\/produit\/canape-d-39-angle-desire-325x250-avec-pouf-moderne-en-microfibre.html#breadcrumb"},"inLanguage":"fr-FR","potentialAction":[{"@type":"ReadAction","target":["https:\/\/www.bagnoitalia.com\/fr\/produit\/canape-d-39-angle-desire-325x250-avec-pouf-moderne-en-microfibre.html"]}]},{"@type":"ImageObject","inLanguage":"fr-FR","@id":"https:\/\/www.bagnoitalia.com\/fr\/produit\/canape-d-39-angle-desire-325x250-avec-pouf-moderne-en-microfibre.html#primaryimage","url":"https:\/\/img.bagnoitalia.com\/wp-content\/uploads\/virtuemart\/product\/325x250-corner-sofa-Desire-1_1541696218_4523.jpg","contentUrl":"https:\/\/img.bagnoitalia.com\/wp-content\/uploads\/virtuemart\/product\/325x250-corner-sofa-Desire-1_1541696218_4523.jpg","width":600,"height":600},{"@type":"BreadcrumbList","@id":"https:\/\/www.bagnoitalia.com\/fr\/produit\/canape-d-39-angle-desire-325x250-avec-pouf-moderne-en-microfibre.html#breadcrumb","itemListElement":[{"@type":"ListItem","position":1,"name":"Home","item":"https:\/\/www.bagnoitalia.com\/fr"},{"@type":"ListItem","position":2,"name":"Produits","item":"https:\/\/www.bagnoitalia.com\/fr\/shop"},{"@type":"ListItem","position":3,"name":"Canap\u00e9 d&#8217;angle Desire 325&#215;250 avec pouf, moderne, en microfibre"}]},{"@type":"WebSite","@id":"https:\/\/www.bagnoitalia.com\/fr#website","url":"https:\/\/www.bagnoitalia.com\/fr","name":"Bagno Italia","description":"","publisher":{"@id":"https:\/\/www.bagnoitalia.com\/fr#organization"},"potentialAction":[{"@type":"SearchAction","target":{"@type":"EntryPoint","urlTemplate":"https:\/\/www.bagnoitalia.com\/fr?s={search_term_string}"},"query-input":{"@type":"PropertyValueSpecification","valueRequired":true,"valueName":"search_term_string"}}],"inLanguage":"fr-FR"},{"@type":"Organization","@id":"https:\/\/www.bagnoitalia.com\/fr#organization","name":"Bagno Italia","url":"https:\/\/www.bagnoitalia.com\/fr","logo":{"@type":"ImageObject","inLanguage":"fr-FR","@id":"https:\/\/www.bagnoitalia.com\/fr#\/schema\/logo\/image\/","url":"https:\/\/img.bagnoitalia.com\/wp-content\/uploads\/logo-bagnoitalia.webp","contentUrl":"https:\/\/img.bagnoitalia.com\/wp-content\/uploads\/logo-bagnoitalia.webp","width":400,"height":70,"caption":"Bagno Italia"},"image":{"@id":"https:\/\/www.bagnoitalia.com\/fr#\/schema\/logo\/image\/"}}]}},"_links":{"self":[{"href":"https:\/\/www.bagnoitalia.com\/fr\/wp-json\/wp\/v2\/product\/80370","targetHints":{"allow":["GET"]}}],"collection":[{"href":"https:\/\/www.bagnoitalia.com\/fr\/wp-json\/wp\/v2\/product"}],"about":[{"href":"https:\/\/www.bagnoitalia.com\/fr\/wp-json\/wp\/v2\/types\/product"}],"replies":[{"embeddable":true,"href":"https:\/\/www.bagnoitalia.com\/fr\/wp-json\/wp\/v2\/comments?post=80370"}],"version-history":[{"count":0,"href":"https:\/\/www.bagnoitalia.com\/fr\/wp-json\/wp\/v2\/product\/80370\/revisions"}],"wp:featuredmedia":[{"embeddable":true,"href":"https:\/\/www.bagnoitalia.com\/fr\/wp-json\/wp\/v2\/media\/34218"}],"wp:attachment":[{"href":"https:\/\/www.bagnoitalia.com\/fr\/wp-json\/wp\/v2\/media?parent=80370"}],"wp:term":[{"taxonomy":"product_brand","embeddable":true,"href":"https:\/\/www.bagnoitalia.com\/fr\/wp-json\/wp\/v2\/product_brand?post=80370"},{"taxonomy":"product_cat","embeddable":true,"href":"https:\/\/www.bagnoitalia.com\/fr\/wp-json\/wp\/v2\/product_cat?post=80370"},{"taxonomy":"product_tag","embeddable":true,"href":"https:\/\/www.bagnoitalia.com\/fr\/wp-json\/wp\/v2\/product_tag?post=80370"}],"curies":[{"name":"wp","href":"https:\/\/api.w.org\/{rel}","templated":true}]}}