{"id":80342,"date":"2016-12-17T09:52:52","date_gmt":"2016-12-17T08:52:52","guid":{"rendered":"https:\/\/www.bagnoitalia.com\/product\/canape-de-salon-magnolia-340cm-modulaire-de-couleur-sable-moderne"},"modified":"2024-05-10T23:44:02","modified_gmt":"2024-05-10T21:44:02","slug":"canape-de-salon-magnolia-340cm-modulaire-de-couleur-sable-moderne","status":"publish","type":"product","link":"https:\/\/www.bagnoitalia.com\/fr\/produit\/canape-de-salon-magnolia-340cm-modulaire-de-couleur-sable-moderne.html","title":{"rendered":"Canap\u00e9 de salon Magnolia 340cm modern modulaire couleur sable"},"content":{"rendered":"<p style=\"margin-bottom: 0cm;\"><span style=\"font-size: 12pt;\">Le canap\u00e9 <strong>Magnolia<\/strong> a un design classique mais s\u2019int\u00e8gre parfaitement m\u00eame dans les environnements les plus modernes. En fait, il se distingue par son <span style=\"text-decoration: underline;\">\u00e9l\u00e9gance<\/span> rehauss\u00e9e par la simplicit\u00e9 des formes.<\/span><\/p>\n<p><span style=\"font-size: 12pt;\">Ce canap\u00e9 en tissu apporte une touche de couleur et de fantaisie, en recr\u00e9ant un environnement chaleureux et accueillant; il se caract\u00e9rise \u00e9galement par sa ligne sinueuse et enveloppante, son <strong>rembourrage en<\/strong> <strong><span style=\"text-decoration: underline;\">mousse de polyur\u00e9thane<\/span><\/strong> <strong>\u00e9cologique \u00e0 densit\u00e9 diff\u00e9renci\u00e9e recouverte d&rsquo;une couche de dacron, fait toute la diff\u00e9rence pour le confort de l&rsquo;assise.<\/strong><\/span><\/p>\n<p style=\"margin-bottom: 0cm;\"><span style=\"font-family: 'Arial Unicode MS', sans-serif; font-size: 12pt;\"><span style=\"text-decoration: underline;\"><strong>CARACT\u00c9RISTIQUES<\/strong><\/span><\/span><\/p>\n<ul>\n<li>\n<p style=\"margin-bottom: 0cm;\"><span style=\"font-family: 'Arial Unicode MS', sans-serif; font-size: 10pt;\">Mesures: 340x200x85 cm<\/span><\/p>\n<\/li>\n<li>\n<p style=\"margin-bottom: 0cm;\"><span style=\"font-family: 'Arial Unicode MS', sans-serif; font-size: 10pt;\">Modulaires<\/span><\/p>\n<\/li>\n<li>\n<p style=\"margin-bottom: 0cm;\"><span style=\"font-family: 'Arial Unicode MS', sans-serif; font-size: 10pt;\">Amovible<\/span><\/p>\n<\/li>\n<li>\n<p style=\"margin-bottom: 0cm;\"><span style=\"font-family: 'Arial Unicode MS', sans-serif; font-size: 10pt;\">Oreillers <strong>inclus<\/strong> dans le prix<\/span><\/p>\n<\/li>\n<li>\n<p style=\"margin-bottom: 0cm; line-height: 0.71cm;\"><span style=\"color: #000000; font-size: 10pt;\">Facile \u00e0 nettoyer<\/span><\/p>\n<\/li>\n<li>\n<p style=\"margin-bottom: 0cm; line-height: 0.71cm;\"><span style=\"color: #000000; font-size: 10pt;\"><strong>R\u00e9sistant \u00e0 l&rsquo;<\/strong> usure<\/span><\/p>\n<\/li>\n<li>\n<p style=\"margin-bottom: 0cm; line-height: 0.71cm;\"><span style=\"color: #000000; font-size: 10pt;\">Fini \u00e0 la main<\/span><\/p>\n<\/li>\n<li>\n<p style=\"margin-bottom: 0cm; line-height: 0.71cm;\"><span style=\"font-size: 10pt;\">\u00c9lasticit\u00e9 naturelle<\/span><\/p>\n<\/li>\n<li>\n<p style=\"margin-bottom: 0cm; line-height: 0.71cm;\"><span style=\"color: #000000; font-size: 10pt;\">Cadre <strong>renforc\u00e9<\/strong><\/span><\/p>\n<\/li>\n<\/ul>\n<p style=\"margin-bottom: 0cm;\"><span style=\"font-family: 'Arial Unicode MS', sans-serif; font-size: 12pt;\"><span style=\"text-decoration: underline;\"><strong>MATI\u00c8RES<\/strong><\/span><\/span><\/p>\n<ul>\n<li>\n<p style=\"margin-bottom: 0cm;\"><span style=\"font-family: 'Arial Unicode MS', sans-serif; font-size: 12pt;\">Structure: bois vierge recouvert d&rsquo;une couche de POLYURETANE<\/span><\/p>\n<\/li>\n<li>\n<p style=\"margin-bottom: 0cm;\"><span style=\"font-family: 'Arial Unicode MS', sans-serif; font-size: 12pt;\">Remplissage: mousse de polyur\u00e9thane de densit\u00e9 diff\u00e9renci\u00e9e recouvert d&rsquo;une couche de dacron<\/span><\/p>\n<\/li>\n<li>\n<p style=\"margin-bottom: 0cm;\"><span style=\"font-family: 'Arial Unicode MS', sans-serif; font-size: 12pt;\">Assise et dossier: polyur\u00e9thane<\/span><\/p>\n<\/li>\n<\/ul>\n<p style=\"margin-bottom: 0cm;\"><span style=\"font-family: 'Arial Unicode MS', sans-serif; font-size: 12pt;\">Pour le <strong>nettoyage<\/strong>, utilisez uniquement un chiffon doux l\u00e9g\u00e8rement humide. <span style=\"text-decoration: underline;\">\u00c9vitez d&rsquo;<\/span>utiliser des chiffons rugueux ou des \u00e9ponges abrasives qui pourraient rayer la surface. <span style=\"text-decoration: underline;\">N&rsquo;utilisez pas de<\/span> d\u00e9tergents agressifs.<\/span><\/p><\/p>\n","protected":false},"excerpt":{"rendered":"<p>Le canap\u00e9 Magnolia a un design classique, mais il est \u00e9galement parfait dans un environnement plus moderne, en fait, il se distingue par son \u00e9l\u00e9gance renforc\u00e9e par la simplicit\u00e9 des formes.<\/p>\n","protected":false},"featured_media":34022,"comment_status":"open","ping_status":"closed","template":"","meta":[],"product_brand":[5021],"product_cat":[9791],"product_tag":[],"class_list":{"0":"post-80342","1":"product","2":"type-product","3":"status-publish","4":"has-post-thumbnail","6":"product_brand-predator-arredo-casa","7":"product_cat-canapes","9":"first","10":"instock","11":"sale","12":"taxable","13":"shipping-taxable","14":"purchasable","15":"product-type-simple"},"exclude_global_add_ons":[],"addons":[],"yoast_head":"<!-- This site is optimized with the Yoast SEO plugin v26.7 - https:\/\/yoast.com\/wordpress\/plugins\/seo\/ -->\n<title>Canap\u00e9 de salon Magnolia 340cm modern modulaire couleur sable<\/title>\n<meta name=\"description\" content=\"Le canap\u00e9 Magnolia a un design classique mais s\u2019int\u00e8gre parfaitement m\u00eame dans les environnements les plus modernes. En fait, il se distingue par son \u00e9l\u00e9gance rehauss\u00e9e par la simplicit\u00e9 des formes.\" \/>\n<meta name=\"robots\" content=\"index, follow, max-snippet:-1, max-image-preview:large, max-video-preview:-1\" \/>\n<link rel=\"canonical\" href=\"https:\/\/www.bagnoitalia.com\/fr\/produit\/canape-de-salon-magnolia-340cm-modulaire-de-couleur-sable-moderne.html\" \/>\n<meta property=\"og:locale\" content=\"fr_FR\" \/>\n<meta property=\"og:type\" content=\"article\" \/>\n<meta property=\"og:title\" content=\"Canap\u00e9 de salon Magnolia 340cm modern modulaire couleur sable\" \/>\n<meta property=\"og:description\" content=\"Le canap\u00e9 Magnolia a un design classique mais s\u2019int\u00e8gre parfaitement m\u00eame dans les environnements les plus modernes. En fait, il se distingue par son \u00e9l\u00e9gance rehauss\u00e9e par la simplicit\u00e9 des formes.\" \/>\n<meta property=\"og:url\" content=\"https:\/\/www.bagnoitalia.com\/fr\/produit\/canape-de-salon-magnolia-340cm-modulaire-de-couleur-sable-moderne.html\" \/>\n<meta property=\"og:site_name\" content=\"Bagno Italia\" \/>\n<meta property=\"article:modified_time\" content=\"2024-05-10T21:44:02+00:00\" \/>\n<meta property=\"og:image\" content=\"https:\/\/img.bagnoitalia.com\/wp-content\/uploads\/virtuemart\/product\/Sectional-sofa-living-1_1541697873_18.jpg\" \/>\n\t<meta property=\"og:image:width\" content=\"600\" \/>\n\t<meta property=\"og:image:height\" content=\"600\" \/>\n\t<meta property=\"og:image:type\" content=\"image\/jpeg\" \/>\n<meta name=\"twitter:card\" content=\"summary_large_image\" \/>\n<meta name=\"twitter:label1\" content=\"Dur\u00e9e de lecture estim\u00e9e\" \/>\n\t<meta name=\"twitter:data1\" content=\"1 minute\" \/>\n<script type=\"application\/ld+json\" class=\"yoast-schema-graph\">{\"@context\":\"https:\/\/schema.org\",\"@graph\":[{\"@type\":\"WebPage\",\"@id\":\"https:\/\/www.bagnoitalia.com\/fr\/produit\/canape-de-salon-magnolia-340cm-modulaire-de-couleur-sable-moderne.html\",\"url\":\"https:\/\/www.bagnoitalia.com\/fr\/produit\/canape-de-salon-magnolia-340cm-modulaire-de-couleur-sable-moderne.html\",\"name\":\"Canap\u00e9 de salon Magnolia 340cm modern modulaire couleur sable\",\"isPartOf\":{\"@id\":\"https:\/\/www.bagnoitalia.com\/fr#website\"},\"primaryImageOfPage\":{\"@id\":\"https:\/\/www.bagnoitalia.com\/fr\/produit\/canape-de-salon-magnolia-340cm-modulaire-de-couleur-sable-moderne.html#primaryimage\"},\"image\":{\"@id\":\"https:\/\/www.bagnoitalia.com\/fr\/produit\/canape-de-salon-magnolia-340cm-modulaire-de-couleur-sable-moderne.html#primaryimage\"},\"thumbnailUrl\":\"https:\/\/img.bagnoitalia.com\/wp-content\/uploads\/virtuemart\/product\/Sectional-sofa-living-1_1541697873_18.jpg\",\"datePublished\":\"2016-12-17T08:52:52+00:00\",\"dateModified\":\"2024-05-10T21:44:02+00:00\",\"description\":\"Le canap\u00e9 Magnolia a un design classique mais s\u2019int\u00e8gre parfaitement m\u00eame dans les environnements les plus modernes. En fait, il se distingue par son \u00e9l\u00e9gance rehauss\u00e9e par la simplicit\u00e9 des formes.\",\"breadcrumb\":{\"@id\":\"https:\/\/www.bagnoitalia.com\/fr\/produit\/canape-de-salon-magnolia-340cm-modulaire-de-couleur-sable-moderne.html#breadcrumb\"},\"inLanguage\":\"fr-FR\",\"potentialAction\":[{\"@type\":\"ReadAction\",\"target\":[\"https:\/\/www.bagnoitalia.com\/fr\/produit\/canape-de-salon-magnolia-340cm-modulaire-de-couleur-sable-moderne.html\"]}]},{\"@type\":\"ImageObject\",\"inLanguage\":\"fr-FR\",\"@id\":\"https:\/\/www.bagnoitalia.com\/fr\/produit\/canape-de-salon-magnolia-340cm-modulaire-de-couleur-sable-moderne.html#primaryimage\",\"url\":\"https:\/\/img.bagnoitalia.com\/wp-content\/uploads\/virtuemart\/product\/Sectional-sofa-living-1_1541697873_18.jpg\",\"contentUrl\":\"https:\/\/img.bagnoitalia.com\/wp-content\/uploads\/virtuemart\/product\/Sectional-sofa-living-1_1541697873_18.jpg\",\"width\":600,\"height\":600},{\"@type\":\"BreadcrumbList\",\"@id\":\"https:\/\/www.bagnoitalia.com\/fr\/produit\/canape-de-salon-magnolia-340cm-modulaire-de-couleur-sable-moderne.html#breadcrumb\",\"itemListElement\":[{\"@type\":\"ListItem\",\"position\":1,\"name\":\"Home\",\"item\":\"https:\/\/www.bagnoitalia.com\/fr\"},{\"@type\":\"ListItem\",\"position\":2,\"name\":\"Produits\",\"item\":\"https:\/\/www.bagnoitalia.com\/fr\/shop\"},{\"@type\":\"ListItem\",\"position\":3,\"name\":\"Canap\u00e9 de salon Magnolia 340cm modern modulaire couleur sable\"}]},{\"@type\":\"WebSite\",\"@id\":\"https:\/\/www.bagnoitalia.com\/fr#website\",\"url\":\"https:\/\/www.bagnoitalia.com\/fr\",\"name\":\"Bagno Italia\",\"description\":\"\",\"publisher\":{\"@id\":\"https:\/\/www.bagnoitalia.com\/fr#organization\"},\"potentialAction\":[{\"@type\":\"SearchAction\",\"target\":{\"@type\":\"EntryPoint\",\"urlTemplate\":\"https:\/\/www.bagnoitalia.com\/fr?s={search_term_string}\"},\"query-input\":{\"@type\":\"PropertyValueSpecification\",\"valueRequired\":true,\"valueName\":\"search_term_string\"}}],\"inLanguage\":\"fr-FR\"},{\"@type\":\"Organization\",\"@id\":\"https:\/\/www.bagnoitalia.com\/fr#organization\",\"name\":\"Bagno Italia\",\"url\":\"https:\/\/www.bagnoitalia.com\/fr\",\"logo\":{\"@type\":\"ImageObject\",\"inLanguage\":\"fr-FR\",\"@id\":\"https:\/\/www.bagnoitalia.com\/fr#\/schema\/logo\/image\/\",\"url\":\"https:\/\/img.bagnoitalia.com\/wp-content\/uploads\/logo-bagnoitalia.webp\",\"contentUrl\":\"https:\/\/img.bagnoitalia.com\/wp-content\/uploads\/logo-bagnoitalia.webp\",\"width\":400,\"height\":70,\"caption\":\"Bagno Italia\"},\"image\":{\"@id\":\"https:\/\/www.bagnoitalia.com\/fr#\/schema\/logo\/image\/\"}}]}<\/script>\n<!-- \/ Yoast SEO plugin. -->","yoast_head_json":{"title":"Canap\u00e9 de salon Magnolia 340cm modern modulaire couleur sable","description":"Le canap\u00e9 Magnolia a un design classique mais s\u2019int\u00e8gre parfaitement m\u00eame dans les environnements les plus modernes. En fait, il se distingue par son \u00e9l\u00e9gance rehauss\u00e9e par la simplicit\u00e9 des formes.","robots":{"index":"index","follow":"follow","max-snippet":"max-snippet:-1","max-image-preview":"max-image-preview:large","max-video-preview":"max-video-preview:-1"},"canonical":"https:\/\/www.bagnoitalia.com\/fr\/produit\/canape-de-salon-magnolia-340cm-modulaire-de-couleur-sable-moderne.html","og_locale":"fr_FR","og_type":"article","og_title":"Canap\u00e9 de salon Magnolia 340cm modern modulaire couleur sable","og_description":"Le canap\u00e9 Magnolia a un design classique mais s\u2019int\u00e8gre parfaitement m\u00eame dans les environnements les plus modernes. En fait, il se distingue par son \u00e9l\u00e9gance rehauss\u00e9e par la simplicit\u00e9 des formes.","og_url":"https:\/\/www.bagnoitalia.com\/fr\/produit\/canape-de-salon-magnolia-340cm-modulaire-de-couleur-sable-moderne.html","og_site_name":"Bagno Italia","article_modified_time":"2024-05-10T21:44:02+00:00","og_image":[{"width":600,"height":600,"url":"https:\/\/img.bagnoitalia.com\/wp-content\/uploads\/virtuemart\/product\/Sectional-sofa-living-1_1541697873_18.jpg","type":"image\/jpeg"}],"twitter_card":"summary_large_image","twitter_misc":{"Dur\u00e9e de lecture estim\u00e9e":"1 minute"},"schema":{"@context":"https:\/\/schema.org","@graph":[{"@type":"WebPage","@id":"https:\/\/www.bagnoitalia.com\/fr\/produit\/canape-de-salon-magnolia-340cm-modulaire-de-couleur-sable-moderne.html","url":"https:\/\/www.bagnoitalia.com\/fr\/produit\/canape-de-salon-magnolia-340cm-modulaire-de-couleur-sable-moderne.html","name":"Canap\u00e9 de salon Magnolia 340cm modern modulaire couleur sable","isPartOf":{"@id":"https:\/\/www.bagnoitalia.com\/fr#website"},"primaryImageOfPage":{"@id":"https:\/\/www.bagnoitalia.com\/fr\/produit\/canape-de-salon-magnolia-340cm-modulaire-de-couleur-sable-moderne.html#primaryimage"},"image":{"@id":"https:\/\/www.bagnoitalia.com\/fr\/produit\/canape-de-salon-magnolia-340cm-modulaire-de-couleur-sable-moderne.html#primaryimage"},"thumbnailUrl":"https:\/\/img.bagnoitalia.com\/wp-content\/uploads\/virtuemart\/product\/Sectional-sofa-living-1_1541697873_18.jpg","datePublished":"2016-12-17T08:52:52+00:00","dateModified":"2024-05-10T21:44:02+00:00","description":"Le canap\u00e9 Magnolia a un design classique mais s\u2019int\u00e8gre parfaitement m\u00eame dans les environnements les plus modernes. En fait, il se distingue par son \u00e9l\u00e9gance rehauss\u00e9e par la simplicit\u00e9 des formes.","breadcrumb":{"@id":"https:\/\/www.bagnoitalia.com\/fr\/produit\/canape-de-salon-magnolia-340cm-modulaire-de-couleur-sable-moderne.html#breadcrumb"},"inLanguage":"fr-FR","potentialAction":[{"@type":"ReadAction","target":["https:\/\/www.bagnoitalia.com\/fr\/produit\/canape-de-salon-magnolia-340cm-modulaire-de-couleur-sable-moderne.html"]}]},{"@type":"ImageObject","inLanguage":"fr-FR","@id":"https:\/\/www.bagnoitalia.com\/fr\/produit\/canape-de-salon-magnolia-340cm-modulaire-de-couleur-sable-moderne.html#primaryimage","url":"https:\/\/img.bagnoitalia.com\/wp-content\/uploads\/virtuemart\/product\/Sectional-sofa-living-1_1541697873_18.jpg","contentUrl":"https:\/\/img.bagnoitalia.com\/wp-content\/uploads\/virtuemart\/product\/Sectional-sofa-living-1_1541697873_18.jpg","width":600,"height":600},{"@type":"BreadcrumbList","@id":"https:\/\/www.bagnoitalia.com\/fr\/produit\/canape-de-salon-magnolia-340cm-modulaire-de-couleur-sable-moderne.html#breadcrumb","itemListElement":[{"@type":"ListItem","position":1,"name":"Home","item":"https:\/\/www.bagnoitalia.com\/fr"},{"@type":"ListItem","position":2,"name":"Produits","item":"https:\/\/www.bagnoitalia.com\/fr\/shop"},{"@type":"ListItem","position":3,"name":"Canap\u00e9 de salon Magnolia 340cm modern modulaire couleur sable"}]},{"@type":"WebSite","@id":"https:\/\/www.bagnoitalia.com\/fr#website","url":"https:\/\/www.bagnoitalia.com\/fr","name":"Bagno Italia","description":"","publisher":{"@id":"https:\/\/www.bagnoitalia.com\/fr#organization"},"potentialAction":[{"@type":"SearchAction","target":{"@type":"EntryPoint","urlTemplate":"https:\/\/www.bagnoitalia.com\/fr?s={search_term_string}"},"query-input":{"@type":"PropertyValueSpecification","valueRequired":true,"valueName":"search_term_string"}}],"inLanguage":"fr-FR"},{"@type":"Organization","@id":"https:\/\/www.bagnoitalia.com\/fr#organization","name":"Bagno Italia","url":"https:\/\/www.bagnoitalia.com\/fr","logo":{"@type":"ImageObject","inLanguage":"fr-FR","@id":"https:\/\/www.bagnoitalia.com\/fr#\/schema\/logo\/image\/","url":"https:\/\/img.bagnoitalia.com\/wp-content\/uploads\/logo-bagnoitalia.webp","contentUrl":"https:\/\/img.bagnoitalia.com\/wp-content\/uploads\/logo-bagnoitalia.webp","width":400,"height":70,"caption":"Bagno Italia"},"image":{"@id":"https:\/\/www.bagnoitalia.com\/fr#\/schema\/logo\/image\/"}}]}},"_links":{"self":[{"href":"https:\/\/www.bagnoitalia.com\/fr\/wp-json\/wp\/v2\/product\/80342","targetHints":{"allow":["GET"]}}],"collection":[{"href":"https:\/\/www.bagnoitalia.com\/fr\/wp-json\/wp\/v2\/product"}],"about":[{"href":"https:\/\/www.bagnoitalia.com\/fr\/wp-json\/wp\/v2\/types\/product"}],"replies":[{"embeddable":true,"href":"https:\/\/www.bagnoitalia.com\/fr\/wp-json\/wp\/v2\/comments?post=80342"}],"version-history":[{"count":0,"href":"https:\/\/www.bagnoitalia.com\/fr\/wp-json\/wp\/v2\/product\/80342\/revisions"}],"wp:featuredmedia":[{"embeddable":true,"href":"https:\/\/www.bagnoitalia.com\/fr\/wp-json\/wp\/v2\/media\/34022"}],"wp:attachment":[{"href":"https:\/\/www.bagnoitalia.com\/fr\/wp-json\/wp\/v2\/media?parent=80342"}],"wp:term":[{"taxonomy":"product_brand","embeddable":true,"href":"https:\/\/www.bagnoitalia.com\/fr\/wp-json\/wp\/v2\/product_brand?post=80342"},{"taxonomy":"product_cat","embeddable":true,"href":"https:\/\/www.bagnoitalia.com\/fr\/wp-json\/wp\/v2\/product_cat?post=80342"},{"taxonomy":"product_tag","embeddable":true,"href":"https:\/\/www.bagnoitalia.com\/fr\/wp-json\/wp\/v2\/product_tag?post=80342"}],"curies":[{"name":"wp","href":"https:\/\/api.w.org\/{rel}","templated":true}]}}