{"id":80334,"date":"2016-12-05T14:44:26","date_gmt":"2016-12-05T13:44:26","guid":{"rendered":"https:\/\/www.bagnoitalia.com\/product\/lit-double-pivoine-en-faux-cuir-blanc-216x166-ou-pieds-en-bois-faux-cuir-noir-216x186"},"modified":"2024-05-24T14:49:10","modified_gmt":"2024-05-24T12:49:10","slug":"lit-double-pivoine-en-faux-cuir-blanc-216x166-ou-pieds-en-bois-faux-cuir-noir-216x186","status":"publish","type":"product","link":"https:\/\/www.bagnoitalia.com\/fr\/produit\/lit-double-pivoine-en-faux-cuir-blanc-216x166-ou-pieds-en-bois-faux-cuir-noir-216x186.html","title":{"rendered":"Lit double Peonia en simili cuir blanc 216&#215;166 ou simili cuir noir 216&#215;186, pieds en bois"},"content":{"rendered":"<p style=\"margin-bottom: 0cm;\"><span style=\"font-family: 'Arial Unicode MS', sans-serif; font-size: 12pt;\">Le lit double avec coffre int\u00e9gr\u00e9\u00a0<strong>Peonia<\/strong>, enti\u00e8rement en <strong>similicuir<\/strong>, devient le point central de la pi\u00e8ce<strong>,<\/strong> avec son style moderne et son design particulier et avant-gardiste, mis en valeur par des formes simples et lin\u00e9aires, une solide structure matelass\u00e9e et les pieds en bois.<\/span><\/p>\n<p style=\"margin-bottom: 0cm;\"><span style=\"font-family: 'Arial Unicode MS', sans-serif; font-size: 12pt;\">Son design lin\u00e9aire le rend vraiment polyvalent et adaptable ou tout type de style. L&rsquo;\u00e9l\u00e9gance de ce lit coutera n&rsquo;import qui devant vous.<\/span><\/p>\n<p><span style=\"text-decoration: underline;\"><strong><span style=\"font-size: 12pt;\">DIMENSIONS DU LIT NOIR:<\/span><\/strong><\/span><\/p>\n<p>dimensions externes: 216&#215;186 \u00d7 94 cm<\/p>\n<p>dimensions de l&rsquo;espace de lit: 180 \u00d7 200 cm<\/p>\n<p><span style=\"text-decoration: underline;\"><strong><span style=\"font-size: 12pt;\">DIMENSIONS DU LIT BLANC:<\/span><\/strong><\/span><\/p>\n<p>dimensions externes: 216&#215;166 \u00d7 94 cm<\/p>\n<p>dimensions de l&rsquo;espace de lit: 160 \u00d7 200 cm<\/p>\n<p style=\"margin-bottom: 0cm;\"><span style=\"font-family: 'Arial Unicode MS', sans-serif; font-size: 12pt;\"><span style=\"text-decoration: underline;\"><strong>CARACT\u00c9RISTIQUES<\/strong><\/span><\/span><\/p>\n<ul>\n<li>\n<p style=\"margin-bottom: 0cm; line-height: 0.71cm;\"><span style=\"color: #000000; font-size: 12pt;\"><span style=\"font-family: 'Arial Unicode MS', sans-serif;\">nettoyage facile<\/span><\/span><\/p>\n<\/li>\n<li>\n<p style=\"margin-bottom: 0cm; line-height: 0.71cm;\"><span style=\"color: #000000; font-size: 12pt;\"><span style=\"font-family: 'Arial Unicode MS', sans-serif;\"><strong>R\u00e9sistant \u00e0 l&rsquo;<\/strong> usure<\/span><\/span><\/p>\n<\/li>\n<li>\n<p style=\"margin-bottom: 0cm; line-height: 0.71cm;\"><span style=\"color: #000000; font-size: 12pt;\"><span style=\"font-family: 'Arial Unicode MS', sans-serif;\">Coussins <strong>rembourr\u00e9s<\/strong><\/span><\/span><\/p>\n<\/li>\n<li>\n<p style=\"margin-bottom: 0cm; line-height: 0.71cm;\"><span style=\"color: #000000; font-size: 12pt;\"><span style=\"font-family: 'Arial Unicode MS', sans-serif;\">Fini \u00e0 la main<\/span><\/span><\/p>\n<\/li>\n<li>\n<p style=\"margin-bottom: 0cm; line-height: 0.71cm;\"><span style=\"color: #000000; font-size: 12pt;\"><span style=\"font-family: 'Arial Unicode MS', sans-serif;\">\u00c9lasticit\u00e9 naturelle<\/span><\/span><\/p>\n<\/li>\n<li>\n<p style=\"margin-bottom: 0cm; line-height: 0.71cm;\"><span style=\"color: #000000; font-size: 12pt;\"><span style=\"font-family: 'Arial Unicode MS', sans-serif;\">Cadre <strong>renforc\u00e9<\/strong><\/span><\/span><\/p>\n<\/li>\n<\/ul>\n<p style=\"margin-bottom: 0cm;\"><span style=\"font-family: 'Arial Unicode MS', sans-serif; font-size: 12pt;\"><span style=\"text-decoration: underline;\"><strong>MATI\u00c8RES<\/strong><\/span><\/span><\/p>\n<ul>\n<li>\n<p style=\"margin-bottom: 0cm;\"><span style=\"color: #000000; font-size: 12pt;\"><span style=\"font-family: 'Arial Unicode MS', sans-serif;\"><span style=\"text-decoration: underline;\">Surface du lit<\/span> :<\/span><\/span><\/p>\n<ul>\n<li>\n<p style=\"margin-bottom: 0cm;\"><span style=\"color: #000000; font-size: 12pt;\"><span style=\"font-family: 'Arial Unicode MS', sans-serif;\">10% de polyur\u00e9thane<\/span><\/span><\/p>\n<\/li>\n<li>\n<p style=\"margin-bottom: 0cm;\"><span style=\"color: #000000; font-size: 12pt;\"><span style=\"font-family: 'Arial Unicode MS', sans-serif;\">35% de PVC<\/span><\/span><\/p>\n<\/li>\n<li>\n<p style=\"margin-bottom: 0cm;\"><span style=\"color: #000000; font-size: 12pt;\"><span style=\"font-family: 'Arial Unicode MS', sans-serif;\">35% polyester<\/span><\/span><\/p>\n<\/li>\n<li>\n<p style=\"margin-bottom: 0cm;\"><span style=\"color: #000000; font-size: 12pt;\"><span style=\"font-family: 'Arial Unicode MS', sans-serif;\">20% coton<\/span><\/span><\/p>\n<\/li>\n<\/ul>\n<\/li>\n<li>\n<p style=\"margin-bottom: 0cm; line-height: 0.71cm;\"><span style=\"color: #000000; font-size: 12pt;\"><span style=\"font-family: 'Arial Unicode MS', sans-serif;\"><span style=\"text-decoration: underline;\">T\u00eate de lit<\/span> : simili cuir\u00a0<\/span><\/span><\/p>\n<\/li>\n<li>\n<p style=\"margin-bottom: 0cm; line-height: 0.71cm;\"><span style=\"color: #000000; font-size: 12pt;\"><span style=\"font-family: 'Arial Unicode MS', sans-serif;\"><span style=\"text-decoration: underline;\">Rev\u00eatement<\/span> : simili cuir\u00a0<\/span><\/span><\/p>\n<\/li>\n<\/ul>\n<p style=\"margin-bottom: 0cm; line-height: 0.71cm;\"><span style=\"color: #000000; font-size: 12pt;\"><span style=\"font-family: 'Arial Unicode MS', sans-serif;\">Pour le <strong>nettoyage<\/strong>, utilisez uniquement un chiffon doux l\u00e9g\u00e8rement humide. <span style=\"text-decoration: underline;\">\u00c9vitez d&rsquo;<\/span>utiliser des chiffons rugueux ou des \u00e9ponges abrasives qui pourraient rayer la surface. <span style=\"text-decoration: underline;\">N&rsquo;utilisez pas de<\/span> d\u00e9tergents agressifs.<\/span><\/span><\/p>\n","protected":false},"excerpt":{"rendered":"<p>Le lit double avec coffre int\u00e9gr\u00e9 Peonia, enti\u00e8rement en similicuir, devient le point central de la pi\u00e8ce, avec son style moderne et son design particulier et avant-gardiste, mis en valeur par des formes simples et lin\u00e9aires, aux solide structure matelass\u00e9e e les pieds en bois.<\/p>\n","protected":false},"featured_media":33966,"comment_status":"open","ping_status":"closed","template":"","meta":[],"product_brand":[5021],"product_cat":[9799],"product_tag":[],"class_list":{"0":"post-80334","1":"product","2":"type-product","3":"status-publish","4":"has-post-thumbnail","6":"product_brand-predator-arredo-casa","7":"product_cat-lits","9":"first","10":"instock","11":"sale","12":"taxable","13":"shipping-taxable","14":"purchasable","15":"product-type-simple"},"exclude_global_add_ons":false,"addons":[{"name":"Couleur","type":"multiple_choice","position":0,"required":true,"title_format":"heading","default":"","description_enable":false,"description":"","placeholder_enable":false,"placeholder":"","display":"select","restrictions_type":"any_text","adjust_price":false,"price":"","price_type":"flat_fee","restrictions":false,"min":"0","max":"0","options":[{"label":"216X166 BLANC","price":"","price_type":"quantity_based","image":0,"visibility":true},{"label":"216X186 NOIR","price":"20","price_type":"quantity_based","image":0,"visibility":true}],"id":1716562150}],"yoast_head":"<!-- This site is optimized with the Yoast SEO plugin v26.7 - https:\/\/yoast.com\/wordpress\/plugins\/seo\/ -->\n<title>Lit double Peonia en simili cuir blanc 216x166 ou simili cuir noir 216x186, pieds en bois<\/title>\n<meta name=\"description\" content=\"Le conteneur de lit double Peonia, enti\u00e8rement en similicuir, devient le point central de la pi\u00e8ce, avec son style moderne et son design particulier et avant-gardiste, mis en valeur par des formes simples et lin\u00e9aires, avec une structure matelass\u00e9e solide. bois.\" \/>\n<meta name=\"robots\" content=\"index, follow, max-snippet:-1, max-image-preview:large, max-video-preview:-1\" \/>\n<link rel=\"canonical\" href=\"https:\/\/www.bagnoitalia.com\/fr\/produit\/lit-double-pivoine-en-faux-cuir-blanc-216x166-ou-pieds-en-bois-faux-cuir-noir-216x186.html\" \/>\n<meta property=\"og:locale\" content=\"fr_FR\" \/>\n<meta property=\"og:type\" content=\"article\" \/>\n<meta property=\"og:title\" content=\"Lit double Peonia en simili cuir blanc 216x166 ou simili cuir noir 216x186, pieds en bois\" \/>\n<meta property=\"og:description\" content=\"Le conteneur de lit double Peonia, enti\u00e8rement en similicuir, devient le point central de la pi\u00e8ce, avec son style moderne et son design particulier et avant-gardiste, mis en valeur par des formes simples et lin\u00e9aires, avec une structure matelass\u00e9e solide. bois.\" \/>\n<meta property=\"og:url\" content=\"https:\/\/www.bagnoitalia.com\/fr\/produit\/lit-double-pivoine-en-faux-cuir-blanc-216x166-ou-pieds-en-bois-faux-cuir-noir-216x186.html\" \/>\n<meta property=\"og:site_name\" content=\"Bagno Italia\" \/>\n<meta property=\"article:modified_time\" content=\"2024-05-24T12:49:10+00:00\" \/>\n<meta property=\"og:image\" content=\"https:\/\/img.bagnoitalia.com\/wp-content\/uploads\/virtuemart\/product\/Double-bed-faux-lather-Peonia-1_1541774969_7508.jpg\" \/>\n\t<meta property=\"og:image:width\" content=\"571\" \/>\n\t<meta property=\"og:image:height\" content=\"572\" \/>\n\t<meta property=\"og:image:type\" content=\"image\/jpeg\" \/>\n<meta name=\"twitter:card\" content=\"summary_large_image\" \/>\n<meta name=\"twitter:label1\" content=\"Dur\u00e9e de lecture estim\u00e9e\" \/>\n\t<meta name=\"twitter:data1\" content=\"1 minute\" \/>\n<script type=\"application\/ld+json\" class=\"yoast-schema-graph\">{\"@context\":\"https:\/\/schema.org\",\"@graph\":[{\"@type\":\"WebPage\",\"@id\":\"https:\/\/www.bagnoitalia.com\/fr\/produit\/lit-double-pivoine-en-faux-cuir-blanc-216x166-ou-pieds-en-bois-faux-cuir-noir-216x186.html\",\"url\":\"https:\/\/www.bagnoitalia.com\/fr\/produit\/lit-double-pivoine-en-faux-cuir-blanc-216x166-ou-pieds-en-bois-faux-cuir-noir-216x186.html\",\"name\":\"Lit double Peonia en simili cuir blanc 216x166 ou simili cuir noir 216x186, pieds en bois\",\"isPartOf\":{\"@id\":\"https:\/\/www.bagnoitalia.com\/fr#website\"},\"primaryImageOfPage\":{\"@id\":\"https:\/\/www.bagnoitalia.com\/fr\/produit\/lit-double-pivoine-en-faux-cuir-blanc-216x166-ou-pieds-en-bois-faux-cuir-noir-216x186.html#primaryimage\"},\"image\":{\"@id\":\"https:\/\/www.bagnoitalia.com\/fr\/produit\/lit-double-pivoine-en-faux-cuir-blanc-216x166-ou-pieds-en-bois-faux-cuir-noir-216x186.html#primaryimage\"},\"thumbnailUrl\":\"https:\/\/img.bagnoitalia.com\/wp-content\/uploads\/virtuemart\/product\/Double-bed-faux-lather-Peonia-1_1541774969_7508.jpg\",\"datePublished\":\"2016-12-05T13:44:26+00:00\",\"dateModified\":\"2024-05-24T12:49:10+00:00\",\"description\":\"Le conteneur de lit double Peonia, enti\u00e8rement en similicuir, devient le point central de la pi\u00e8ce, avec son style moderne et son design particulier et avant-gardiste, mis en valeur par des formes simples et lin\u00e9aires, avec une structure matelass\u00e9e solide. bois.\",\"breadcrumb\":{\"@id\":\"https:\/\/www.bagnoitalia.com\/fr\/produit\/lit-double-pivoine-en-faux-cuir-blanc-216x166-ou-pieds-en-bois-faux-cuir-noir-216x186.html#breadcrumb\"},\"inLanguage\":\"fr-FR\",\"potentialAction\":[{\"@type\":\"ReadAction\",\"target\":[\"https:\/\/www.bagnoitalia.com\/fr\/produit\/lit-double-pivoine-en-faux-cuir-blanc-216x166-ou-pieds-en-bois-faux-cuir-noir-216x186.html\"]}]},{\"@type\":\"ImageObject\",\"inLanguage\":\"fr-FR\",\"@id\":\"https:\/\/www.bagnoitalia.com\/fr\/produit\/lit-double-pivoine-en-faux-cuir-blanc-216x166-ou-pieds-en-bois-faux-cuir-noir-216x186.html#primaryimage\",\"url\":\"https:\/\/img.bagnoitalia.com\/wp-content\/uploads\/virtuemart\/product\/Double-bed-faux-lather-Peonia-1_1541774969_7508.jpg\",\"contentUrl\":\"https:\/\/img.bagnoitalia.com\/wp-content\/uploads\/virtuemart\/product\/Double-bed-faux-lather-Peonia-1_1541774969_7508.jpg\",\"width\":571,\"height\":572},{\"@type\":\"BreadcrumbList\",\"@id\":\"https:\/\/www.bagnoitalia.com\/fr\/produit\/lit-double-pivoine-en-faux-cuir-blanc-216x166-ou-pieds-en-bois-faux-cuir-noir-216x186.html#breadcrumb\",\"itemListElement\":[{\"@type\":\"ListItem\",\"position\":1,\"name\":\"Home\",\"item\":\"https:\/\/www.bagnoitalia.com\/fr\"},{\"@type\":\"ListItem\",\"position\":2,\"name\":\"Produits\",\"item\":\"https:\/\/www.bagnoitalia.com\/fr\/shop\"},{\"@type\":\"ListItem\",\"position\":3,\"name\":\"Lit double Peonia en simili cuir blanc 216&#215;166 ou simili cuir noir 216&#215;186, pieds en bois\"}]},{\"@type\":\"WebSite\",\"@id\":\"https:\/\/www.bagnoitalia.com\/fr#website\",\"url\":\"https:\/\/www.bagnoitalia.com\/fr\",\"name\":\"Bagno Italia\",\"description\":\"\",\"publisher\":{\"@id\":\"https:\/\/www.bagnoitalia.com\/fr#organization\"},\"potentialAction\":[{\"@type\":\"SearchAction\",\"target\":{\"@type\":\"EntryPoint\",\"urlTemplate\":\"https:\/\/www.bagnoitalia.com\/fr?s={search_term_string}\"},\"query-input\":{\"@type\":\"PropertyValueSpecification\",\"valueRequired\":true,\"valueName\":\"search_term_string\"}}],\"inLanguage\":\"fr-FR\"},{\"@type\":\"Organization\",\"@id\":\"https:\/\/www.bagnoitalia.com\/fr#organization\",\"name\":\"Bagno Italia\",\"url\":\"https:\/\/www.bagnoitalia.com\/fr\",\"logo\":{\"@type\":\"ImageObject\",\"inLanguage\":\"fr-FR\",\"@id\":\"https:\/\/www.bagnoitalia.com\/fr#\/schema\/logo\/image\/\",\"url\":\"https:\/\/img.bagnoitalia.com\/wp-content\/uploads\/logo-bagnoitalia.webp\",\"contentUrl\":\"https:\/\/img.bagnoitalia.com\/wp-content\/uploads\/logo-bagnoitalia.webp\",\"width\":400,\"height\":70,\"caption\":\"Bagno Italia\"},\"image\":{\"@id\":\"https:\/\/www.bagnoitalia.com\/fr#\/schema\/logo\/image\/\"}}]}<\/script>\n<!-- \/ Yoast SEO plugin. -->","yoast_head_json":{"title":"Lit double Peonia en simili cuir blanc 216x166 ou simili cuir noir 216x186, pieds en bois","description":"Le conteneur de lit double Peonia, enti\u00e8rement en similicuir, devient le point central de la pi\u00e8ce, avec son style moderne et son design particulier et avant-gardiste, mis en valeur par des formes simples et lin\u00e9aires, avec une structure matelass\u00e9e solide. bois.","robots":{"index":"index","follow":"follow","max-snippet":"max-snippet:-1","max-image-preview":"max-image-preview:large","max-video-preview":"max-video-preview:-1"},"canonical":"https:\/\/www.bagnoitalia.com\/fr\/produit\/lit-double-pivoine-en-faux-cuir-blanc-216x166-ou-pieds-en-bois-faux-cuir-noir-216x186.html","og_locale":"fr_FR","og_type":"article","og_title":"Lit double Peonia en simili cuir blanc 216x166 ou simili cuir noir 216x186, pieds en bois","og_description":"Le conteneur de lit double Peonia, enti\u00e8rement en similicuir, devient le point central de la pi\u00e8ce, avec son style moderne et son design particulier et avant-gardiste, mis en valeur par des formes simples et lin\u00e9aires, avec une structure matelass\u00e9e solide. bois.","og_url":"https:\/\/www.bagnoitalia.com\/fr\/produit\/lit-double-pivoine-en-faux-cuir-blanc-216x166-ou-pieds-en-bois-faux-cuir-noir-216x186.html","og_site_name":"Bagno Italia","article_modified_time":"2024-05-24T12:49:10+00:00","og_image":[{"width":571,"height":572,"url":"https:\/\/img.bagnoitalia.com\/wp-content\/uploads\/virtuemart\/product\/Double-bed-faux-lather-Peonia-1_1541774969_7508.jpg","type":"image\/jpeg"}],"twitter_card":"summary_large_image","twitter_misc":{"Dur\u00e9e de lecture estim\u00e9e":"1 minute"},"schema":{"@context":"https:\/\/schema.org","@graph":[{"@type":"WebPage","@id":"https:\/\/www.bagnoitalia.com\/fr\/produit\/lit-double-pivoine-en-faux-cuir-blanc-216x166-ou-pieds-en-bois-faux-cuir-noir-216x186.html","url":"https:\/\/www.bagnoitalia.com\/fr\/produit\/lit-double-pivoine-en-faux-cuir-blanc-216x166-ou-pieds-en-bois-faux-cuir-noir-216x186.html","name":"Lit double Peonia en simili cuir blanc 216x166 ou simili cuir noir 216x186, pieds en bois","isPartOf":{"@id":"https:\/\/www.bagnoitalia.com\/fr#website"},"primaryImageOfPage":{"@id":"https:\/\/www.bagnoitalia.com\/fr\/produit\/lit-double-pivoine-en-faux-cuir-blanc-216x166-ou-pieds-en-bois-faux-cuir-noir-216x186.html#primaryimage"},"image":{"@id":"https:\/\/www.bagnoitalia.com\/fr\/produit\/lit-double-pivoine-en-faux-cuir-blanc-216x166-ou-pieds-en-bois-faux-cuir-noir-216x186.html#primaryimage"},"thumbnailUrl":"https:\/\/img.bagnoitalia.com\/wp-content\/uploads\/virtuemart\/product\/Double-bed-faux-lather-Peonia-1_1541774969_7508.jpg","datePublished":"2016-12-05T13:44:26+00:00","dateModified":"2024-05-24T12:49:10+00:00","description":"Le conteneur de lit double Peonia, enti\u00e8rement en similicuir, devient le point central de la pi\u00e8ce, avec son style moderne et son design particulier et avant-gardiste, mis en valeur par des formes simples et lin\u00e9aires, avec une structure matelass\u00e9e solide. bois.","breadcrumb":{"@id":"https:\/\/www.bagnoitalia.com\/fr\/produit\/lit-double-pivoine-en-faux-cuir-blanc-216x166-ou-pieds-en-bois-faux-cuir-noir-216x186.html#breadcrumb"},"inLanguage":"fr-FR","potentialAction":[{"@type":"ReadAction","target":["https:\/\/www.bagnoitalia.com\/fr\/produit\/lit-double-pivoine-en-faux-cuir-blanc-216x166-ou-pieds-en-bois-faux-cuir-noir-216x186.html"]}]},{"@type":"ImageObject","inLanguage":"fr-FR","@id":"https:\/\/www.bagnoitalia.com\/fr\/produit\/lit-double-pivoine-en-faux-cuir-blanc-216x166-ou-pieds-en-bois-faux-cuir-noir-216x186.html#primaryimage","url":"https:\/\/img.bagnoitalia.com\/wp-content\/uploads\/virtuemart\/product\/Double-bed-faux-lather-Peonia-1_1541774969_7508.jpg","contentUrl":"https:\/\/img.bagnoitalia.com\/wp-content\/uploads\/virtuemart\/product\/Double-bed-faux-lather-Peonia-1_1541774969_7508.jpg","width":571,"height":572},{"@type":"BreadcrumbList","@id":"https:\/\/www.bagnoitalia.com\/fr\/produit\/lit-double-pivoine-en-faux-cuir-blanc-216x166-ou-pieds-en-bois-faux-cuir-noir-216x186.html#breadcrumb","itemListElement":[{"@type":"ListItem","position":1,"name":"Home","item":"https:\/\/www.bagnoitalia.com\/fr"},{"@type":"ListItem","position":2,"name":"Produits","item":"https:\/\/www.bagnoitalia.com\/fr\/shop"},{"@type":"ListItem","position":3,"name":"Lit double Peonia en simili cuir blanc 216&#215;166 ou simili cuir noir 216&#215;186, pieds en bois"}]},{"@type":"WebSite","@id":"https:\/\/www.bagnoitalia.com\/fr#website","url":"https:\/\/www.bagnoitalia.com\/fr","name":"Bagno Italia","description":"","publisher":{"@id":"https:\/\/www.bagnoitalia.com\/fr#organization"},"potentialAction":[{"@type":"SearchAction","target":{"@type":"EntryPoint","urlTemplate":"https:\/\/www.bagnoitalia.com\/fr?s={search_term_string}"},"query-input":{"@type":"PropertyValueSpecification","valueRequired":true,"valueName":"search_term_string"}}],"inLanguage":"fr-FR"},{"@type":"Organization","@id":"https:\/\/www.bagnoitalia.com\/fr#organization","name":"Bagno Italia","url":"https:\/\/www.bagnoitalia.com\/fr","logo":{"@type":"ImageObject","inLanguage":"fr-FR","@id":"https:\/\/www.bagnoitalia.com\/fr#\/schema\/logo\/image\/","url":"https:\/\/img.bagnoitalia.com\/wp-content\/uploads\/logo-bagnoitalia.webp","contentUrl":"https:\/\/img.bagnoitalia.com\/wp-content\/uploads\/logo-bagnoitalia.webp","width":400,"height":70,"caption":"Bagno Italia"},"image":{"@id":"https:\/\/www.bagnoitalia.com\/fr#\/schema\/logo\/image\/"}}]}},"_links":{"self":[{"href":"https:\/\/www.bagnoitalia.com\/fr\/wp-json\/wp\/v2\/product\/80334","targetHints":{"allow":["GET"]}}],"collection":[{"href":"https:\/\/www.bagnoitalia.com\/fr\/wp-json\/wp\/v2\/product"}],"about":[{"href":"https:\/\/www.bagnoitalia.com\/fr\/wp-json\/wp\/v2\/types\/product"}],"replies":[{"embeddable":true,"href":"https:\/\/www.bagnoitalia.com\/fr\/wp-json\/wp\/v2\/comments?post=80334"}],"version-history":[{"count":1,"href":"https:\/\/www.bagnoitalia.com\/fr\/wp-json\/wp\/v2\/product\/80334\/revisions"}],"predecessor-version":[{"id":88153,"href":"https:\/\/www.bagnoitalia.com\/fr\/wp-json\/wp\/v2\/product\/80334\/revisions\/88153"}],"wp:featuredmedia":[{"embeddable":true,"href":"https:\/\/www.bagnoitalia.com\/fr\/wp-json\/wp\/v2\/media\/33966"}],"wp:attachment":[{"href":"https:\/\/www.bagnoitalia.com\/fr\/wp-json\/wp\/v2\/media?parent=80334"}],"wp:term":[{"taxonomy":"product_brand","embeddable":true,"href":"https:\/\/www.bagnoitalia.com\/fr\/wp-json\/wp\/v2\/product_brand?post=80334"},{"taxonomy":"product_cat","embeddable":true,"href":"https:\/\/www.bagnoitalia.com\/fr\/wp-json\/wp\/v2\/product_cat?post=80334"},{"taxonomy":"product_tag","embeddable":true,"href":"https:\/\/www.bagnoitalia.com\/fr\/wp-json\/wp\/v2\/product_tag?post=80334"}],"curies":[{"name":"wp","href":"https:\/\/api.w.org\/{rel}","templated":true}]}}