{"id":80330,"date":"2016-12-05T14:34:49","date_gmt":"2016-12-05T13:34:49","guid":{"rendered":"https:\/\/www.bagnoitalia.com\/product\/lit-double-silene-227x174-pieds-en-acier-capitonne-simili-cuir-blanc-ou-noir"},"modified":"2024-06-18T14:22:45","modified_gmt":"2024-06-18T12:22:45","slug":"lit-double-silene-227x174-pieds-en-acier-capitonne-simili-cuir-blanc-ou-noir","status":"publish","type":"product","link":"https:\/\/www.bagnoitalia.com\/fr\/produit\/lit-double-silene-227x174-pieds-en-acier-capitonne-simili-cuir-blanc-ou-noir.html","title":{"rendered":"Lit double Silene 227&#215;174 simili cuir blanc ou noir aver couture, pieds en acier Lit double Silene 227&#215;174 simili cuir matelass\u00e9 blanc ou noir, pieds en acier"},"content":{"rendered":"<p>&nbsp;<\/p>\n<p style=\"margin-bottom: 0cm;\"><span style=\"font-family: 'Arial Unicode MS', sans-serif; font-size: 12pt;\">Le lit double <strong>Silene<\/strong>, enti\u00e8rement en <strong>similicuir<\/strong>, a un style moderne et un design particulier et avant-gardiste, soulign\u00e9 par des formes simples, ainsi que par la ligne incurv\u00e9e, avec une structure rembourr\u00e9e solide et des pieds en m\u00e9tal.<\/span><\/p>\n<p><img fetchpriority=\"high\" decoding=\"async\" class=\" size-full wp-image-33954\" style=\"display: block; margin-left: auto; margin-right: auto;\" src=\"https:\/\/img.bagnoitalia.com\/wp-content\/uploads\/letto-matrimoniale-silene.jpg\" alt=\"lit double silene\" width=\"396\" height=\"264\" srcset=\"https:\/\/img.bagnoitalia.com\/wp-content\/uploads\/letto-matrimoniale-silene.jpg 1200w, https:\/\/img.bagnoitalia.com\/wp-content\/uploads\/letto-matrimoniale-silene-768x512.jpg 768w, https:\/\/img.bagnoitalia.com\/wp-content\/uploads\/letto-matrimoniale-silene-990x660.jpg 990w, https:\/\/img.bagnoitalia.com\/wp-content\/uploads\/letto-matrimoniale-silene-441x294.jpg 441w, https:\/\/img.bagnoitalia.com\/wp-content\/uploads\/letto-matrimoniale-silene-600x400.jpg 600w, https:\/\/img.bagnoitalia.com\/wp-content\/uploads\/letto-matrimoniale-silene-150x100.jpg 150w\" sizes=\"(max-width: 396px) 100vw, 396px\" \/><\/p>\n<p style=\"margin-bottom: 0cm;\"><span style=\"font-family: 'Arial Unicode MS', sans-serif; font-size: 12pt;\">Il est fabriqu\u00e9 en deux couleurs (noir et blanc) et avec son <span style=\"text-decoration: underline;\">rembourrage matelass\u00e9<\/span>, son design sera parfait pour accentuer dans votre chambre une atmosph\u00e8re raffin\u00e9e et chic, garantissant un effet d\u00e9coratif original.<\/span><\/p>\n<p style=\"margin-bottom: 0cm;\"><span style=\"font-family: 'Arial Unicode MS', sans-serif; font-size: 12pt;\"><span style=\"text-decoration: underline;\"><strong>CARACT\u00c9RISTIQUES<\/strong><\/span><\/span><\/p>\n<ul>\n<li>\n<p style=\"margin-bottom: 0cm;\"><span style=\"color: #000000; font-size: 12pt;\"><span style=\"font-family: 'Arial Unicode MS', sans-serif;\">Dimensions <strong>externes<\/strong> : L227 x P174 \u00d7 H87 cm<\/span><\/span><\/p>\n<\/li>\n<li>\n<p style=\"margin-bottom: 0cm; line-height: 0.71cm;\"><span style=\"color: #000000; font-size: 12pt;\"><span style=\"font-family: 'Arial Unicode MS', sans-serif;\"><strong>Dimensions de l&rsquo;espace de lit<\/strong> : 160 \u00d7 200 cm<\/span><\/span><\/p>\n<\/li>\n<li>\n<p style=\"margin-bottom: 0cm; line-height: 0.71cm;\"><span style=\"color: #000000; font-size: 12pt;\"><span style=\"font-family: 'Arial Unicode MS', sans-serif;\">Nettoyage facile<\/span><\/span><\/p>\n<\/li>\n<li>\n<p style=\"margin-bottom: 0cm; line-height: 0.71cm;\"><span style=\"color: #000000; font-size: 12pt;\"><span style=\"font-family: 'Arial Unicode MS', sans-serif;\"><strong>R\u00e9sistant \u00e0 l&rsquo;<\/strong> usure <img decoding=\"async\" class=\" alignright size-full wp-image-33958\" style=\"margin-right: 20px; float: right;\" src=\"https:\/\/img.bagnoitalia.com\/wp-content\/uploads\/letto-matrimoniale-contenitore-silete-bianco-moderno-dettaglio.jpg\" alt=\"lit double conteneur moderne blanc silete detail\" width=\"500\" height=\"333\" srcset=\"https:\/\/img.bagnoitalia.com\/wp-content\/uploads\/letto-matrimoniale-contenitore-silete-bianco-moderno-dettaglio.jpg 1200w, https:\/\/img.bagnoitalia.com\/wp-content\/uploads\/letto-matrimoniale-contenitore-silete-bianco-moderno-dettaglio-768x512.jpg 768w, https:\/\/img.bagnoitalia.com\/wp-content\/uploads\/letto-matrimoniale-contenitore-silete-bianco-moderno-dettaglio-990x660.jpg 990w, https:\/\/img.bagnoitalia.com\/wp-content\/uploads\/letto-matrimoniale-contenitore-silete-bianco-moderno-dettaglio-441x294.jpg 441w, https:\/\/img.bagnoitalia.com\/wp-content\/uploads\/letto-matrimoniale-contenitore-silete-bianco-moderno-dettaglio-600x400.jpg 600w, https:\/\/img.bagnoitalia.com\/wp-content\/uploads\/letto-matrimoniale-contenitore-silete-bianco-moderno-dettaglio-150x100.jpg 150w\" sizes=\"(max-width: 500px) 100vw, 500px\" \/><\/span><\/span><\/p>\n<\/li>\n<li>\n<p style=\"margin-bottom: 0cm; line-height: 0.71cm;\"><span style=\"color: #000000; font-size: 12pt;\"><span style=\"font-family: 'Arial Unicode MS', sans-serif;\">Coussins <strong>rembourr\u00e9s<\/strong><\/span><\/span><\/p>\n<\/li>\n<li>\n<p style=\"margin-bottom: 0cm; line-height: 0.71cm;\"><span style=\"color: #000000; font-size: 12pt;\"><span style=\"font-family: 'Arial Unicode MS', sans-serif;\">Fini \u00e0 la main<\/span><\/span><\/p>\n<\/li>\n<li>\n<p style=\"margin-bottom: 0cm; line-height: 0.71cm;\"><span style=\"color: #000000; font-size: 12pt;\"><span style=\"font-family: 'Arial Unicode MS', sans-serif;\">\u00c8lasticit\u00e9 naturelle<\/span><\/span><\/p>\n<\/li>\n<li>\n<p style=\"margin-bottom: 0cm; line-height: 0.71cm;\"><span style=\"color: #000000; font-size: 12pt;\"><span style=\"font-family: 'Arial Unicode MS', sans-serif;\">Cadre <strong>renforc\u00e9<\/strong><\/span><\/span><\/p>\n<\/li>\n<\/ul>\n<p style=\"margin-bottom: 0cm;\"><span style=\"font-family: 'Arial Unicode MS', sans-serif; font-size: 12pt;\"><span style=\"text-decoration: underline;\"><strong>MATI\u00c8RES<\/strong><\/span><\/span><\/p>\n<ul>\n<li>\n<p style=\"margin-bottom: 0cm;\"><span style=\"color: #000000; font-size: 12pt;\"><span style=\"font-family: 'Arial Unicode MS', sans-serif;\"><span style=\"text-decoration: underline;\">Surface du lit<\/span> :<\/span><\/span><\/p>\n<ul>\n<li>\n<p style=\"margin-bottom: 0cm;\"><span style=\"color: #000000; font-size: 12pt;\"><span style=\"font-family: 'Arial Unicode MS', sans-serif;\">10% de polyur\u00e9thane<\/span><\/span><\/p>\n<\/li>\n<li>\n<p style=\"margin-bottom: 0cm;\"><span style=\"color: #000000; font-size: 12pt;\"><span style=\"font-family: 'Arial Unicode MS', sans-serif;\">35% de PVC<\/span><\/span><\/p>\n<\/li>\n<li>\n<p style=\"margin-bottom: 0cm;\"><span style=\"color: #000000; font-size: 12pt;\"><span style=\"font-family: 'Arial Unicode MS', sans-serif;\">35% polyester<\/span><\/span><\/p>\n<\/li>\n<li>\n<p style=\"margin-bottom: 0cm;\"><span style=\"color: #000000; font-size: 12pt;\"><span style=\"font-family: 'Arial Unicode MS', sans-serif;\">20% coton<\/span><\/span><\/p>\n<\/li>\n<\/ul>\n<\/li>\n<li>\n<p style=\"margin-bottom: 0cm; line-height: 0.71cm;\"><span style=\"color: #000000; font-size: 12pt;\"><span style=\"font-family: 'Arial Unicode MS', sans-serif;\"><span style=\"text-decoration: underline;\">T\u00eate de lit<\/span> : simili cuir<\/span><\/span><\/p>\n<\/li>\n<li>\n<p style=\"margin-bottom: 0cm; line-height: 0.71cm;\"><span style=\"color: #000000; font-size: 12pt;\"><span style=\"font-family: 'Arial Unicode MS', sans-serif;\"><span style=\"text-decoration: underline;\">Rev\u00eatement<\/span> : simili cuir<\/span><\/span><\/p>\n<\/li>\n<li>\n<p style=\"margin-bottom: 0cm; line-height: 0.71cm;\"><span style=\"color: #000000; font-size: 12pt;\"><span style=\"font-family: 'Arial Unicode MS', sans-serif;\"><span style=\"text-decoration: underline;\">Pieds<\/span> : M\u00e9tal<\/span><\/span><\/p>\n<\/li>\n<\/ul>\n<p style=\"margin-bottom: 0cm; line-height: 0.71cm;\"><span style=\"color: #000000; font-size: 12pt;\"><span style=\"font-family: 'Arial Unicode MS', sans-serif;\">Pour le <strong>nettoyage<\/strong>, utilisez uniquement un chiffon doux l\u00e9g\u00e8rement humide. <span style=\"text-decoration: underline;\">\u00c9vitez d&rsquo;<\/span>utiliser des chiffons rugueux ou des \u00e9ponges abrasives qui pourraient rayer la surface. <span style=\"text-decoration: underline;\">N&rsquo;utilisez pas de<\/span> d\u00e9tergents agressifs.<\/span><\/span><\/p>\n","protected":false},"excerpt":{"rendered":"<p>Le lit Silene est fabriqu\u00e9 en deux couleurs (noir et blanc) avec son rembourrage matelass\u00e9, son design sera parfait pour accentuer dans votre chambre une atmosph\u00e8re raffin\u00e9e et chic, garantissant un effet d\u00e9coratif original.<\/p>\n","protected":false},"featured_media":33902,"comment_status":"open","ping_status":"closed","template":"","meta":[],"product_brand":[5021],"product_cat":[9799],"product_tag":[],"class_list":{"0":"post-80330","1":"product","2":"type-product","3":"status-publish","4":"has-post-thumbnail","6":"product_brand-predator-arredo-casa","7":"product_cat-lits","9":"first","10":"instock","11":"sale","12":"taxable","13":"shipping-taxable","14":"purchasable","15":"product-type-simple"},"exclude_global_add_ons":false,"addons":[{"name":"Couleur","type":"multiple_choice","position":0,"required":true,"title_format":"heading","default":"","description_enable":false,"description":"","placeholder_enable":false,"placeholder":"","display":"select","restrictions_type":"any_text","adjust_price":false,"price":"","price_type":"flat_fee","restrictions":false,"min":"0","max":"0","options":[{"label":"Blanc","price":"","price_type":"quantity_based","image":0,"visibility":true},{"label":"Non disponible - Noir","price":"","price_type":"quantity_based","image":0,"visibility":true}],"id":1718720566}],"yoast_head":"<!-- This site is optimized with the Yoast SEO plugin v26.7 - https:\/\/yoast.com\/wordpress\/plugins\/seo\/ -->\n<title>Lit double Silene 227x174 simili cuir blanc ou noir aver couture, pieds en acier Lit double Silene 227x174 simili cuir matelass\u00e9 blanc ou noir, pieds en acier<\/title>\n<meta name=\"robots\" content=\"index, follow, max-snippet:-1, max-image-preview:large, max-video-preview:-1\" \/>\n<link rel=\"canonical\" href=\"https:\/\/www.bagnoitalia.com\/fr\/produit\/lit-double-silene-227x174-pieds-en-acier-capitonne-simili-cuir-blanc-ou-noir.html\" \/>\n<meta property=\"og:locale\" content=\"fr_FR\" \/>\n<meta property=\"og:type\" content=\"article\" \/>\n<meta property=\"og:title\" content=\"Lit double Silene 227x174 simili cuir blanc ou noir aver couture, pieds en acier Lit double Silene 227x174 simili cuir matelass\u00e9 blanc ou noir, pieds en acier\" \/>\n<meta property=\"og:description\" content=\"Le lit Silene est fabriqu\u00e9 en deux couleurs (noir et blanc) avec son rembourrage matelass\u00e9, son design sera parfait pour accentuer dans votre chambre une atmosph\u00e8re raffin\u00e9e et chic, garantissant un effet d\u00e9coratif original.\" \/>\n<meta property=\"og:url\" content=\"https:\/\/www.bagnoitalia.com\/fr\/produit\/lit-double-silene-227x174-pieds-en-acier-capitonne-simili-cuir-blanc-ou-noir.html\" \/>\n<meta property=\"og:site_name\" content=\"Bagno Italia\" \/>\n<meta property=\"article:modified_time\" content=\"2024-06-18T12:22:45+00:00\" \/>\n<meta property=\"og:image\" content=\"https:\/\/img.bagnoitalia.com\/wp-content\/uploads\/virtuemart\/product\/Quilted-double-bad-Silene-1_1541775481_897.jpg\" \/>\n\t<meta property=\"og:image:width\" content=\"600\" \/>\n\t<meta property=\"og:image:height\" content=\"600\" \/>\n\t<meta property=\"og:image:type\" content=\"image\/jpeg\" \/>\n<meta name=\"twitter:card\" content=\"summary_large_image\" \/>\n<meta name=\"twitter:label1\" content=\"Dur\u00e9e de lecture estim\u00e9e\" \/>\n\t<meta name=\"twitter:data1\" content=\"2 minutes\" \/>\n<script type=\"application\/ld+json\" class=\"yoast-schema-graph\">{\"@context\":\"https:\/\/schema.org\",\"@graph\":[{\"@type\":\"WebPage\",\"@id\":\"https:\/\/www.bagnoitalia.com\/fr\/produit\/lit-double-silene-227x174-pieds-en-acier-capitonne-simili-cuir-blanc-ou-noir.html\",\"url\":\"https:\/\/www.bagnoitalia.com\/fr\/produit\/lit-double-silene-227x174-pieds-en-acier-capitonne-simili-cuir-blanc-ou-noir.html\",\"name\":\"Lit double Silene 227x174 simili cuir blanc ou noir aver couture, pieds en acier Lit double Silene 227x174 simili cuir matelass\u00e9 blanc ou noir, pieds en acier\",\"isPartOf\":{\"@id\":\"https:\/\/www.bagnoitalia.com\/fr#website\"},\"primaryImageOfPage\":{\"@id\":\"https:\/\/www.bagnoitalia.com\/fr\/produit\/lit-double-silene-227x174-pieds-en-acier-capitonne-simili-cuir-blanc-ou-noir.html#primaryimage\"},\"image\":{\"@id\":\"https:\/\/www.bagnoitalia.com\/fr\/produit\/lit-double-silene-227x174-pieds-en-acier-capitonne-simili-cuir-blanc-ou-noir.html#primaryimage\"},\"thumbnailUrl\":\"https:\/\/img.bagnoitalia.com\/wp-content\/uploads\/virtuemart\/product\/Quilted-double-bad-Silene-1_1541775481_897.jpg\",\"datePublished\":\"2016-12-05T13:34:49+00:00\",\"dateModified\":\"2024-06-18T12:22:45+00:00\",\"breadcrumb\":{\"@id\":\"https:\/\/www.bagnoitalia.com\/fr\/produit\/lit-double-silene-227x174-pieds-en-acier-capitonne-simili-cuir-blanc-ou-noir.html#breadcrumb\"},\"inLanguage\":\"fr-FR\",\"potentialAction\":[{\"@type\":\"ReadAction\",\"target\":[\"https:\/\/www.bagnoitalia.com\/fr\/produit\/lit-double-silene-227x174-pieds-en-acier-capitonne-simili-cuir-blanc-ou-noir.html\"]}]},{\"@type\":\"ImageObject\",\"inLanguage\":\"fr-FR\",\"@id\":\"https:\/\/www.bagnoitalia.com\/fr\/produit\/lit-double-silene-227x174-pieds-en-acier-capitonne-simili-cuir-blanc-ou-noir.html#primaryimage\",\"url\":\"https:\/\/img.bagnoitalia.com\/wp-content\/uploads\/virtuemart\/product\/Quilted-double-bad-Silene-1_1541775481_897.jpg\",\"contentUrl\":\"https:\/\/img.bagnoitalia.com\/wp-content\/uploads\/virtuemart\/product\/Quilted-double-bad-Silene-1_1541775481_897.jpg\",\"width\":600,\"height\":600},{\"@type\":\"BreadcrumbList\",\"@id\":\"https:\/\/www.bagnoitalia.com\/fr\/produit\/lit-double-silene-227x174-pieds-en-acier-capitonne-simili-cuir-blanc-ou-noir.html#breadcrumb\",\"itemListElement\":[{\"@type\":\"ListItem\",\"position\":1,\"name\":\"Home\",\"item\":\"https:\/\/www.bagnoitalia.com\/fr\"},{\"@type\":\"ListItem\",\"position\":2,\"name\":\"Produits\",\"item\":\"https:\/\/www.bagnoitalia.com\/fr\/shop\"},{\"@type\":\"ListItem\",\"position\":3,\"name\":\"Lit double Silene 227&#215;174 simili cuir blanc ou noir aver couture, pieds en acier Lit double Silene 227&#215;174 simili cuir matelass\u00e9 blanc ou noir, pieds en acier\"}]},{\"@type\":\"WebSite\",\"@id\":\"https:\/\/www.bagnoitalia.com\/fr#website\",\"url\":\"https:\/\/www.bagnoitalia.com\/fr\",\"name\":\"Bagno Italia\",\"description\":\"\",\"publisher\":{\"@id\":\"https:\/\/www.bagnoitalia.com\/fr#organization\"},\"potentialAction\":[{\"@type\":\"SearchAction\",\"target\":{\"@type\":\"EntryPoint\",\"urlTemplate\":\"https:\/\/www.bagnoitalia.com\/fr?s={search_term_string}\"},\"query-input\":{\"@type\":\"PropertyValueSpecification\",\"valueRequired\":true,\"valueName\":\"search_term_string\"}}],\"inLanguage\":\"fr-FR\"},{\"@type\":\"Organization\",\"@id\":\"https:\/\/www.bagnoitalia.com\/fr#organization\",\"name\":\"Bagno Italia\",\"url\":\"https:\/\/www.bagnoitalia.com\/fr\",\"logo\":{\"@type\":\"ImageObject\",\"inLanguage\":\"fr-FR\",\"@id\":\"https:\/\/www.bagnoitalia.com\/fr#\/schema\/logo\/image\/\",\"url\":\"https:\/\/img.bagnoitalia.com\/wp-content\/uploads\/logo-bagnoitalia.webp\",\"contentUrl\":\"https:\/\/img.bagnoitalia.com\/wp-content\/uploads\/logo-bagnoitalia.webp\",\"width\":400,\"height\":70,\"caption\":\"Bagno Italia\"},\"image\":{\"@id\":\"https:\/\/www.bagnoitalia.com\/fr#\/schema\/logo\/image\/\"}}]}<\/script>\n<!-- \/ Yoast SEO plugin. -->","yoast_head_json":{"title":"Lit double Silene 227x174 simili cuir blanc ou noir aver couture, pieds en acier Lit double Silene 227x174 simili cuir matelass\u00e9 blanc ou noir, pieds en acier","robots":{"index":"index","follow":"follow","max-snippet":"max-snippet:-1","max-image-preview":"max-image-preview:large","max-video-preview":"max-video-preview:-1"},"canonical":"https:\/\/www.bagnoitalia.com\/fr\/produit\/lit-double-silene-227x174-pieds-en-acier-capitonne-simili-cuir-blanc-ou-noir.html","og_locale":"fr_FR","og_type":"article","og_title":"Lit double Silene 227x174 simili cuir blanc ou noir aver couture, pieds en acier Lit double Silene 227x174 simili cuir matelass\u00e9 blanc ou noir, pieds en acier","og_description":"Le lit Silene est fabriqu\u00e9 en deux couleurs (noir et blanc) avec son rembourrage matelass\u00e9, son design sera parfait pour accentuer dans votre chambre une atmosph\u00e8re raffin\u00e9e et chic, garantissant un effet d\u00e9coratif original.","og_url":"https:\/\/www.bagnoitalia.com\/fr\/produit\/lit-double-silene-227x174-pieds-en-acier-capitonne-simili-cuir-blanc-ou-noir.html","og_site_name":"Bagno Italia","article_modified_time":"2024-06-18T12:22:45+00:00","og_image":[{"width":600,"height":600,"url":"https:\/\/img.bagnoitalia.com\/wp-content\/uploads\/virtuemart\/product\/Quilted-double-bad-Silene-1_1541775481_897.jpg","type":"image\/jpeg"}],"twitter_card":"summary_large_image","twitter_misc":{"Dur\u00e9e de lecture estim\u00e9e":"2 minutes"},"schema":{"@context":"https:\/\/schema.org","@graph":[{"@type":"WebPage","@id":"https:\/\/www.bagnoitalia.com\/fr\/produit\/lit-double-silene-227x174-pieds-en-acier-capitonne-simili-cuir-blanc-ou-noir.html","url":"https:\/\/www.bagnoitalia.com\/fr\/produit\/lit-double-silene-227x174-pieds-en-acier-capitonne-simili-cuir-blanc-ou-noir.html","name":"Lit double Silene 227x174 simili cuir blanc ou noir aver couture, pieds en acier Lit double Silene 227x174 simili cuir matelass\u00e9 blanc ou noir, pieds en acier","isPartOf":{"@id":"https:\/\/www.bagnoitalia.com\/fr#website"},"primaryImageOfPage":{"@id":"https:\/\/www.bagnoitalia.com\/fr\/produit\/lit-double-silene-227x174-pieds-en-acier-capitonne-simili-cuir-blanc-ou-noir.html#primaryimage"},"image":{"@id":"https:\/\/www.bagnoitalia.com\/fr\/produit\/lit-double-silene-227x174-pieds-en-acier-capitonne-simili-cuir-blanc-ou-noir.html#primaryimage"},"thumbnailUrl":"https:\/\/img.bagnoitalia.com\/wp-content\/uploads\/virtuemart\/product\/Quilted-double-bad-Silene-1_1541775481_897.jpg","datePublished":"2016-12-05T13:34:49+00:00","dateModified":"2024-06-18T12:22:45+00:00","breadcrumb":{"@id":"https:\/\/www.bagnoitalia.com\/fr\/produit\/lit-double-silene-227x174-pieds-en-acier-capitonne-simili-cuir-blanc-ou-noir.html#breadcrumb"},"inLanguage":"fr-FR","potentialAction":[{"@type":"ReadAction","target":["https:\/\/www.bagnoitalia.com\/fr\/produit\/lit-double-silene-227x174-pieds-en-acier-capitonne-simili-cuir-blanc-ou-noir.html"]}]},{"@type":"ImageObject","inLanguage":"fr-FR","@id":"https:\/\/www.bagnoitalia.com\/fr\/produit\/lit-double-silene-227x174-pieds-en-acier-capitonne-simili-cuir-blanc-ou-noir.html#primaryimage","url":"https:\/\/img.bagnoitalia.com\/wp-content\/uploads\/virtuemart\/product\/Quilted-double-bad-Silene-1_1541775481_897.jpg","contentUrl":"https:\/\/img.bagnoitalia.com\/wp-content\/uploads\/virtuemart\/product\/Quilted-double-bad-Silene-1_1541775481_897.jpg","width":600,"height":600},{"@type":"BreadcrumbList","@id":"https:\/\/www.bagnoitalia.com\/fr\/produit\/lit-double-silene-227x174-pieds-en-acier-capitonne-simili-cuir-blanc-ou-noir.html#breadcrumb","itemListElement":[{"@type":"ListItem","position":1,"name":"Home","item":"https:\/\/www.bagnoitalia.com\/fr"},{"@type":"ListItem","position":2,"name":"Produits","item":"https:\/\/www.bagnoitalia.com\/fr\/shop"},{"@type":"ListItem","position":3,"name":"Lit double Silene 227&#215;174 simili cuir blanc ou noir aver couture, pieds en acier Lit double Silene 227&#215;174 simili cuir matelass\u00e9 blanc ou noir, pieds en acier"}]},{"@type":"WebSite","@id":"https:\/\/www.bagnoitalia.com\/fr#website","url":"https:\/\/www.bagnoitalia.com\/fr","name":"Bagno Italia","description":"","publisher":{"@id":"https:\/\/www.bagnoitalia.com\/fr#organization"},"potentialAction":[{"@type":"SearchAction","target":{"@type":"EntryPoint","urlTemplate":"https:\/\/www.bagnoitalia.com\/fr?s={search_term_string}"},"query-input":{"@type":"PropertyValueSpecification","valueRequired":true,"valueName":"search_term_string"}}],"inLanguage":"fr-FR"},{"@type":"Organization","@id":"https:\/\/www.bagnoitalia.com\/fr#organization","name":"Bagno Italia","url":"https:\/\/www.bagnoitalia.com\/fr","logo":{"@type":"ImageObject","inLanguage":"fr-FR","@id":"https:\/\/www.bagnoitalia.com\/fr#\/schema\/logo\/image\/","url":"https:\/\/img.bagnoitalia.com\/wp-content\/uploads\/logo-bagnoitalia.webp","contentUrl":"https:\/\/img.bagnoitalia.com\/wp-content\/uploads\/logo-bagnoitalia.webp","width":400,"height":70,"caption":"Bagno Italia"},"image":{"@id":"https:\/\/www.bagnoitalia.com\/fr#\/schema\/logo\/image\/"}}]}},"_links":{"self":[{"href":"https:\/\/www.bagnoitalia.com\/fr\/wp-json\/wp\/v2\/product\/80330","targetHints":{"allow":["GET"]}}],"collection":[{"href":"https:\/\/www.bagnoitalia.com\/fr\/wp-json\/wp\/v2\/product"}],"about":[{"href":"https:\/\/www.bagnoitalia.com\/fr\/wp-json\/wp\/v2\/types\/product"}],"replies":[{"embeddable":true,"href":"https:\/\/www.bagnoitalia.com\/fr\/wp-json\/wp\/v2\/comments?post=80330"}],"version-history":[{"count":1,"href":"https:\/\/www.bagnoitalia.com\/fr\/wp-json\/wp\/v2\/product\/80330\/revisions"}],"predecessor-version":[{"id":90524,"href":"https:\/\/www.bagnoitalia.com\/fr\/wp-json\/wp\/v2\/product\/80330\/revisions\/90524"}],"wp:featuredmedia":[{"embeddable":true,"href":"https:\/\/www.bagnoitalia.com\/fr\/wp-json\/wp\/v2\/media\/33902"}],"wp:attachment":[{"href":"https:\/\/www.bagnoitalia.com\/fr\/wp-json\/wp\/v2\/media?parent=80330"}],"wp:term":[{"taxonomy":"product_brand","embeddable":true,"href":"https:\/\/www.bagnoitalia.com\/fr\/wp-json\/wp\/v2\/product_brand?post=80330"},{"taxonomy":"product_cat","embeddable":true,"href":"https:\/\/www.bagnoitalia.com\/fr\/wp-json\/wp\/v2\/product_cat?post=80330"},{"taxonomy":"product_tag","embeddable":true,"href":"https:\/\/www.bagnoitalia.com\/fr\/wp-json\/wp\/v2\/product_tag?post=80330"}],"curies":[{"name":"wp","href":"https:\/\/api.w.org\/{rel}","templated":true}]}}