{"id":80302,"date":"2016-11-11T08:23:17","date_gmt":"2016-11-11T07:23:17","guid":{"rendered":"https:\/\/www.bagnoitalia.com\/product\/meuble-reversible-blanc-en-resine-109x60-cm-avec-evier-exterieur-a-double-porte"},"modified":"2024-09-20T16:27:35","modified_gmt":"2024-09-20T14:27:35","slug":"meuble-reversible-blanc-en-resine-109x60-cm-avec-evier-exterieur-a-double-porte","status":"publish","type":"product","link":"https:\/\/www.bagnoitalia.com\/fr\/produit\/meuble-reversible-blanc-en-resine-109x60-cm-avec-evier-exterieur-a-double-porte.html","title":{"rendered":"Meuble pour machine \u00e0 laver, 109&#215;60 cm r\u00e9versible en r\u00e9sine blanc \u00e0 deux portes pour l\u2019ext\u00e9rieur avec lavoir BM029"},"content":{"rendered":"<p style=\"margin-bottom: 0cm;\"><span style=\"text-decoration: underline; font-size: 12pt;\"><strong>Meuble pour machine \u00e0 laver en r\u00e9sine \u00e0 utiliser \u00e0 l&rsquo;ext\u00e9rieur \u00e0 deux portes, lavoir inclus<\/strong><\/span><\/p>\n<p style=\"margin-bottom: 0cm;\"><strong><span style=\"font-size: 12pt;\">Sp\u00e9cifications techniques:<\/span><\/strong><\/p>\n<ul>\n<li style=\"margin-bottom: 0cm;\"><span style=\"font-size: 12pt;\">Dimensions: 109x60x92h cm<\/span><\/li>\n<li style=\"margin-bottom: 0cm;\"><span style=\"font-size: 12pt;\">Structure monobloc en r\u00e9sine avec fa\u00e7ades et portes<\/span><\/li>\n<li style=\"margin-bottom: 0cm;\"><span style=\"font-size: 12pt;\">Hauteur totale du meuble: 92 cm au sol<\/span><\/li>\n<li style=\"margin-bottom: 0cm;\"><span style=\"font-size: 12pt;\">Poign\u00e9es en abs chrom\u00e9<\/span><\/li>\n<li style=\"margin-bottom: 0cm;\"><span style=\"font-size: 12pt;\">Portes \u00e0 fermeture magn\u00e9tique<br \/>\n<\/span><\/li>\n<li><span style=\"font-size: 12pt;\">Lavoir en r\u00e9sine avec tablette droite ou gauche<\/span><\/li>\n<li style=\"margin-bottom: 0cm;\"><span style=\"font-size: 12pt;\">Coque en r\u00e9sine amovible et pliable de mani\u00e8re simple et rapide<br \/>\n<\/span><\/li>\n<li style=\"margin-bottom: 0cm;\"><span style=\"font-size: 12pt;\"><span style=\"font-size: 12pt;\">Pieds r\u00e9glables<\/span><br \/>\n<\/span><\/li>\n<li><span style=\"font-size: 12pt;\">Meubler\u00e9versible<\/span><\/li>\n<li><span style=\"font-size: 12pt;\">Robinets non inclus<\/span><\/li>\n<li style=\"margin-bottom: 0cm;\"><span style=\"font-size: 12pt;\">Inclus dans le prix: \u00e9vier en r\u00e9sine, kit siphon avec trop-plein et pieds r\u00e9glables en hauteur<\/span><\/li>\n<li style=\"margin-bottom: 0cm;\"><span style=\"font-size: 12pt;\"><span style=\"font-size: 12pt;\">Possibilit\u00e9 de placer le robinet sur le lavoir en per\u00e7ant le pr\u00e9trou d\u00e9j\u00e0 pr\u00e9par\u00e9<\/span><\/span><\/li>\n<li style=\"margin-bottom: 0cm;\"><span style=\"font-size: 12pt;\">Dimensions int\u00e9rieurs maximales pour la machine \u00e0 laver: <span style=\"font-size: 12pt;\">profondeur\u00a0<\/span>54 cm, largeur 63,5 cm, hauteur 89 cm.<\/span><\/li>\n<\/ul>\n","protected":false},"excerpt":{"rendered":"<p>Meuble pour machine \u00e0 laver, 109&#215;60 cm r\u00e9versible en r\u00e9sine blanc \u00e0 deux portes pour l\u2019ext\u00e9rieur avec lavoir<\/p>\n","protected":false},"featured_media":33622,"comment_status":"open","ping_status":"closed","template":"","meta":[],"product_brand":[5004],"product_cat":[9675,9663],"product_tag":[],"class_list":{"0":"post-80302","1":"product","2":"type-product","3":"status-publish","4":"has-post-thumbnail","6":"product_brand-vari-produttori","7":"product_cat-lavoirs","8":"product_cat-complements-economiques","10":"first","11":"instock","12":"sale","13":"taxable","14":"shipping-taxable","15":"purchasable","16":"product-type-simple"},"exclude_global_add_ons":[],"addons":[],"yoast_head":"<!-- This site is optimized with the Yoast SEO plugin v26.7 - https:\/\/yoast.com\/wordpress\/plugins\/seo\/ -->\n<title>Meuble pour machine \u00e0 laver, 109x60 cm r\u00e9versible en r\u00e9sine blanc \u00e0 deux portes pour l\u2019ext\u00e9rieur avec lavoir<\/title>\n<meta name=\"description\" content=\"Couvercle de meuble en r\u00e9sine mesure 109x60 cm de couleur blanche avec \u00e9vier ext\u00e9rieur et double porte\" \/>\n<meta name=\"robots\" content=\"index, follow, max-snippet:-1, max-image-preview:large, max-video-preview:-1\" \/>\n<link rel=\"canonical\" href=\"https:\/\/www.bagnoitalia.com\/fr\/produit\/meuble-reversible-blanc-en-resine-109x60-cm-avec-evier-exterieur-a-double-porte.html\" \/>\n<meta property=\"og:locale\" content=\"fr_FR\" \/>\n<meta property=\"og:type\" content=\"article\" \/>\n<meta property=\"og:title\" content=\"Meuble pour machine \u00e0 laver, 109x60 cm r\u00e9versible en r\u00e9sine blanc \u00e0 deux portes pour l\u2019ext\u00e9rieur avec lavoir\" \/>\n<meta property=\"og:description\" content=\"Couvercle de meuble en r\u00e9sine mesure 109x60 cm de couleur blanche avec \u00e9vier ext\u00e9rieur et double porte\" \/>\n<meta property=\"og:url\" content=\"https:\/\/www.bagnoitalia.com\/fr\/produit\/meuble-reversible-blanc-en-resine-109x60-cm-avec-evier-exterieur-a-double-porte.html\" \/>\n<meta property=\"og:site_name\" content=\"Bagno Italia\" \/>\n<meta property=\"article:modified_time\" content=\"2024-09-20T14:27:35+00:00\" \/>\n<meta property=\"og:image\" content=\"https:\/\/img.bagnoitalia.com\/wp-content\/uploads\/virtuemart\/product\/Reversible-laundry-sink-washing-machine-cover-1_1542817022_966.jpg\" \/>\n\t<meta property=\"og:image:width\" content=\"633\" \/>\n\t<meta property=\"og:image:height\" content=\"599\" \/>\n\t<meta property=\"og:image:type\" content=\"image\/jpeg\" \/>\n<meta name=\"twitter:card\" content=\"summary_large_image\" \/>\n<meta name=\"twitter:label1\" content=\"Dur\u00e9e de lecture estim\u00e9e\" \/>\n\t<meta name=\"twitter:data1\" content=\"1 minute\" \/>\n<script type=\"application\/ld+json\" class=\"yoast-schema-graph\">{\"@context\":\"https:\/\/schema.org\",\"@graph\":[{\"@type\":\"WebPage\",\"@id\":\"https:\/\/www.bagnoitalia.com\/fr\/produit\/meuble-reversible-blanc-en-resine-109x60-cm-avec-evier-exterieur-a-double-porte.html\",\"url\":\"https:\/\/www.bagnoitalia.com\/fr\/produit\/meuble-reversible-blanc-en-resine-109x60-cm-avec-evier-exterieur-a-double-porte.html\",\"name\":\"Meuble pour machine \u00e0 laver, 109x60 cm r\u00e9versible en r\u00e9sine blanc \u00e0 deux portes pour l\u2019ext\u00e9rieur avec lavoir\",\"isPartOf\":{\"@id\":\"https:\/\/www.bagnoitalia.com\/fr#website\"},\"primaryImageOfPage\":{\"@id\":\"https:\/\/www.bagnoitalia.com\/fr\/produit\/meuble-reversible-blanc-en-resine-109x60-cm-avec-evier-exterieur-a-double-porte.html#primaryimage\"},\"image\":{\"@id\":\"https:\/\/www.bagnoitalia.com\/fr\/produit\/meuble-reversible-blanc-en-resine-109x60-cm-avec-evier-exterieur-a-double-porte.html#primaryimage\"},\"thumbnailUrl\":\"https:\/\/img.bagnoitalia.com\/wp-content\/uploads\/virtuemart\/product\/Reversible-laundry-sink-washing-machine-cover-1_1542817022_966.jpg\",\"datePublished\":\"2016-11-11T07:23:17+00:00\",\"dateModified\":\"2024-09-20T14:27:35+00:00\",\"description\":\"Couvercle de meuble en r\u00e9sine mesure 109x60 cm de couleur blanche avec \u00e9vier ext\u00e9rieur et double porte\",\"breadcrumb\":{\"@id\":\"https:\/\/www.bagnoitalia.com\/fr\/produit\/meuble-reversible-blanc-en-resine-109x60-cm-avec-evier-exterieur-a-double-porte.html#breadcrumb\"},\"inLanguage\":\"fr-FR\",\"potentialAction\":[{\"@type\":\"ReadAction\",\"target\":[\"https:\/\/www.bagnoitalia.com\/fr\/produit\/meuble-reversible-blanc-en-resine-109x60-cm-avec-evier-exterieur-a-double-porte.html\"]}]},{\"@type\":\"ImageObject\",\"inLanguage\":\"fr-FR\",\"@id\":\"https:\/\/www.bagnoitalia.com\/fr\/produit\/meuble-reversible-blanc-en-resine-109x60-cm-avec-evier-exterieur-a-double-porte.html#primaryimage\",\"url\":\"https:\/\/img.bagnoitalia.com\/wp-content\/uploads\/virtuemart\/product\/Reversible-laundry-sink-washing-machine-cover-1_1542817022_966.jpg\",\"contentUrl\":\"https:\/\/img.bagnoitalia.com\/wp-content\/uploads\/virtuemart\/product\/Reversible-laundry-sink-washing-machine-cover-1_1542817022_966.jpg\",\"width\":633,\"height\":599},{\"@type\":\"BreadcrumbList\",\"@id\":\"https:\/\/www.bagnoitalia.com\/fr\/produit\/meuble-reversible-blanc-en-resine-109x60-cm-avec-evier-exterieur-a-double-porte.html#breadcrumb\",\"itemListElement\":[{\"@type\":\"ListItem\",\"position\":1,\"name\":\"Home\",\"item\":\"https:\/\/www.bagnoitalia.com\/fr\"},{\"@type\":\"ListItem\",\"position\":2,\"name\":\"Produits\",\"item\":\"https:\/\/www.bagnoitalia.com\/fr\/shop\"},{\"@type\":\"ListItem\",\"position\":3,\"name\":\"Meuble pour machine \u00e0 laver, 109&#215;60 cm r\u00e9versible en r\u00e9sine blanc \u00e0 deux portes pour l\u2019ext\u00e9rieur avec lavoir BM029\"}]},{\"@type\":\"WebSite\",\"@id\":\"https:\/\/www.bagnoitalia.com\/fr#website\",\"url\":\"https:\/\/www.bagnoitalia.com\/fr\",\"name\":\"Bagno Italia\",\"description\":\"\",\"publisher\":{\"@id\":\"https:\/\/www.bagnoitalia.com\/fr#organization\"},\"potentialAction\":[{\"@type\":\"SearchAction\",\"target\":{\"@type\":\"EntryPoint\",\"urlTemplate\":\"https:\/\/www.bagnoitalia.com\/fr?s={search_term_string}\"},\"query-input\":{\"@type\":\"PropertyValueSpecification\",\"valueRequired\":true,\"valueName\":\"search_term_string\"}}],\"inLanguage\":\"fr-FR\"},{\"@type\":\"Organization\",\"@id\":\"https:\/\/www.bagnoitalia.com\/fr#organization\",\"name\":\"Bagno Italia\",\"url\":\"https:\/\/www.bagnoitalia.com\/fr\",\"logo\":{\"@type\":\"ImageObject\",\"inLanguage\":\"fr-FR\",\"@id\":\"https:\/\/www.bagnoitalia.com\/fr#\/schema\/logo\/image\/\",\"url\":\"https:\/\/img.bagnoitalia.com\/wp-content\/uploads\/logo-bagnoitalia.webp\",\"contentUrl\":\"https:\/\/img.bagnoitalia.com\/wp-content\/uploads\/logo-bagnoitalia.webp\",\"width\":400,\"height\":70,\"caption\":\"Bagno Italia\"},\"image\":{\"@id\":\"https:\/\/www.bagnoitalia.com\/fr#\/schema\/logo\/image\/\"}}]}<\/script>\n<!-- \/ Yoast SEO plugin. -->","yoast_head_json":{"title":"Meuble pour machine \u00e0 laver, 109x60 cm r\u00e9versible en r\u00e9sine blanc \u00e0 deux portes pour l\u2019ext\u00e9rieur avec lavoir","description":"Couvercle de meuble en r\u00e9sine mesure 109x60 cm de couleur blanche avec \u00e9vier ext\u00e9rieur et double porte","robots":{"index":"index","follow":"follow","max-snippet":"max-snippet:-1","max-image-preview":"max-image-preview:large","max-video-preview":"max-video-preview:-1"},"canonical":"https:\/\/www.bagnoitalia.com\/fr\/produit\/meuble-reversible-blanc-en-resine-109x60-cm-avec-evier-exterieur-a-double-porte.html","og_locale":"fr_FR","og_type":"article","og_title":"Meuble pour machine \u00e0 laver, 109x60 cm r\u00e9versible en r\u00e9sine blanc \u00e0 deux portes pour l\u2019ext\u00e9rieur avec lavoir","og_description":"Couvercle de meuble en r\u00e9sine mesure 109x60 cm de couleur blanche avec \u00e9vier ext\u00e9rieur et double porte","og_url":"https:\/\/www.bagnoitalia.com\/fr\/produit\/meuble-reversible-blanc-en-resine-109x60-cm-avec-evier-exterieur-a-double-porte.html","og_site_name":"Bagno Italia","article_modified_time":"2024-09-20T14:27:35+00:00","og_image":[{"width":633,"height":599,"url":"https:\/\/img.bagnoitalia.com\/wp-content\/uploads\/virtuemart\/product\/Reversible-laundry-sink-washing-machine-cover-1_1542817022_966.jpg","type":"image\/jpeg"}],"twitter_card":"summary_large_image","twitter_misc":{"Dur\u00e9e de lecture estim\u00e9e":"1 minute"},"schema":{"@context":"https:\/\/schema.org","@graph":[{"@type":"WebPage","@id":"https:\/\/www.bagnoitalia.com\/fr\/produit\/meuble-reversible-blanc-en-resine-109x60-cm-avec-evier-exterieur-a-double-porte.html","url":"https:\/\/www.bagnoitalia.com\/fr\/produit\/meuble-reversible-blanc-en-resine-109x60-cm-avec-evier-exterieur-a-double-porte.html","name":"Meuble pour machine \u00e0 laver, 109x60 cm r\u00e9versible en r\u00e9sine blanc \u00e0 deux portes pour l\u2019ext\u00e9rieur avec lavoir","isPartOf":{"@id":"https:\/\/www.bagnoitalia.com\/fr#website"},"primaryImageOfPage":{"@id":"https:\/\/www.bagnoitalia.com\/fr\/produit\/meuble-reversible-blanc-en-resine-109x60-cm-avec-evier-exterieur-a-double-porte.html#primaryimage"},"image":{"@id":"https:\/\/www.bagnoitalia.com\/fr\/produit\/meuble-reversible-blanc-en-resine-109x60-cm-avec-evier-exterieur-a-double-porte.html#primaryimage"},"thumbnailUrl":"https:\/\/img.bagnoitalia.com\/wp-content\/uploads\/virtuemart\/product\/Reversible-laundry-sink-washing-machine-cover-1_1542817022_966.jpg","datePublished":"2016-11-11T07:23:17+00:00","dateModified":"2024-09-20T14:27:35+00:00","description":"Couvercle de meuble en r\u00e9sine mesure 109x60 cm de couleur blanche avec \u00e9vier ext\u00e9rieur et double porte","breadcrumb":{"@id":"https:\/\/www.bagnoitalia.com\/fr\/produit\/meuble-reversible-blanc-en-resine-109x60-cm-avec-evier-exterieur-a-double-porte.html#breadcrumb"},"inLanguage":"fr-FR","potentialAction":[{"@type":"ReadAction","target":["https:\/\/www.bagnoitalia.com\/fr\/produit\/meuble-reversible-blanc-en-resine-109x60-cm-avec-evier-exterieur-a-double-porte.html"]}]},{"@type":"ImageObject","inLanguage":"fr-FR","@id":"https:\/\/www.bagnoitalia.com\/fr\/produit\/meuble-reversible-blanc-en-resine-109x60-cm-avec-evier-exterieur-a-double-porte.html#primaryimage","url":"https:\/\/img.bagnoitalia.com\/wp-content\/uploads\/virtuemart\/product\/Reversible-laundry-sink-washing-machine-cover-1_1542817022_966.jpg","contentUrl":"https:\/\/img.bagnoitalia.com\/wp-content\/uploads\/virtuemart\/product\/Reversible-laundry-sink-washing-machine-cover-1_1542817022_966.jpg","width":633,"height":599},{"@type":"BreadcrumbList","@id":"https:\/\/www.bagnoitalia.com\/fr\/produit\/meuble-reversible-blanc-en-resine-109x60-cm-avec-evier-exterieur-a-double-porte.html#breadcrumb","itemListElement":[{"@type":"ListItem","position":1,"name":"Home","item":"https:\/\/www.bagnoitalia.com\/fr"},{"@type":"ListItem","position":2,"name":"Produits","item":"https:\/\/www.bagnoitalia.com\/fr\/shop"},{"@type":"ListItem","position":3,"name":"Meuble pour machine \u00e0 laver, 109&#215;60 cm r\u00e9versible en r\u00e9sine blanc \u00e0 deux portes pour l\u2019ext\u00e9rieur avec lavoir BM029"}]},{"@type":"WebSite","@id":"https:\/\/www.bagnoitalia.com\/fr#website","url":"https:\/\/www.bagnoitalia.com\/fr","name":"Bagno Italia","description":"","publisher":{"@id":"https:\/\/www.bagnoitalia.com\/fr#organization"},"potentialAction":[{"@type":"SearchAction","target":{"@type":"EntryPoint","urlTemplate":"https:\/\/www.bagnoitalia.com\/fr?s={search_term_string}"},"query-input":{"@type":"PropertyValueSpecification","valueRequired":true,"valueName":"search_term_string"}}],"inLanguage":"fr-FR"},{"@type":"Organization","@id":"https:\/\/www.bagnoitalia.com\/fr#organization","name":"Bagno Italia","url":"https:\/\/www.bagnoitalia.com\/fr","logo":{"@type":"ImageObject","inLanguage":"fr-FR","@id":"https:\/\/www.bagnoitalia.com\/fr#\/schema\/logo\/image\/","url":"https:\/\/img.bagnoitalia.com\/wp-content\/uploads\/logo-bagnoitalia.webp","contentUrl":"https:\/\/img.bagnoitalia.com\/wp-content\/uploads\/logo-bagnoitalia.webp","width":400,"height":70,"caption":"Bagno Italia"},"image":{"@id":"https:\/\/www.bagnoitalia.com\/fr#\/schema\/logo\/image\/"}}]}},"_links":{"self":[{"href":"https:\/\/www.bagnoitalia.com\/fr\/wp-json\/wp\/v2\/product\/80302","targetHints":{"allow":["GET"]}}],"collection":[{"href":"https:\/\/www.bagnoitalia.com\/fr\/wp-json\/wp\/v2\/product"}],"about":[{"href":"https:\/\/www.bagnoitalia.com\/fr\/wp-json\/wp\/v2\/types\/product"}],"replies":[{"embeddable":true,"href":"https:\/\/www.bagnoitalia.com\/fr\/wp-json\/wp\/v2\/comments?post=80302"}],"version-history":[{"count":2,"href":"https:\/\/www.bagnoitalia.com\/fr\/wp-json\/wp\/v2\/product\/80302\/revisions"}],"predecessor-version":[{"id":92168,"href":"https:\/\/www.bagnoitalia.com\/fr\/wp-json\/wp\/v2\/product\/80302\/revisions\/92168"}],"wp:featuredmedia":[{"embeddable":true,"href":"https:\/\/www.bagnoitalia.com\/fr\/wp-json\/wp\/v2\/media\/33622"}],"wp:attachment":[{"href":"https:\/\/www.bagnoitalia.com\/fr\/wp-json\/wp\/v2\/media?parent=80302"}],"wp:term":[{"taxonomy":"product_brand","embeddable":true,"href":"https:\/\/www.bagnoitalia.com\/fr\/wp-json\/wp\/v2\/product_brand?post=80302"},{"taxonomy":"product_cat","embeddable":true,"href":"https:\/\/www.bagnoitalia.com\/fr\/wp-json\/wp\/v2\/product_cat?post=80302"},{"taxonomy":"product_tag","embeddable":true,"href":"https:\/\/www.bagnoitalia.com\/fr\/wp-json\/wp\/v2\/product_tag?post=80302"}],"curies":[{"name":"wp","href":"https:\/\/api.w.org\/{rel}","templated":true}]}}