{"id":80298,"date":"2016-11-09T11:58:58","date_gmt":"2016-11-09T10:58:58","guid":{"rendered":"https:\/\/www.bagnoitalia.com\/product\/canape-lit-veronica-en-microfibre-inclinable-cm-180x110x40-blanc-ou-noir"},"modified":"2025-08-07T14:46:22","modified_gmt":"2025-08-07T12:46:22","slug":"canape-lit-veronica-en-microfibre-inclinable-cm-180x110x40-blanc-ou-noir","status":"publish","type":"product","link":"https:\/\/www.bagnoitalia.com\/fr\/produit\/canape-lit-veronica-en-microfibre-inclinable-cm-180x110x40-blanc-ou-noir.html","title":{"rendered":"Canap\u00e9-lit Veronica en microfibre inclinable cm 180x110x40 blanc ou noir"},"content":{"rendered":"<p><span style=\"text-decoration: underline; font-size: 14pt;\"><strong>\u00a0<\/strong><\/span><\/p>\n<p><span style=\"font-family: arial, helvetica, sans-serif; font-size: 12pt;\">Le canap\u00e9-lit <strong>Veronica<\/strong> a un design moderne, mais il est \u00e9galement parfait dans un environnement plus classique. En fait, il se distingue par son \u00e9l\u00e9gance renforc\u00e9e par la simplicit\u00e9 des formes.<\/span><\/p>\n<p><span style=\"font-family: arial, helvetica, sans-serif; font-size: 12pt;\">Fabriqu\u00e9 en 2 couleurs (noir et blanc), il est dot\u00e9 d&rsquo;un remboussage en mousse de polyur\u00e9thane \u00e0 densit\u00e9 diff\u00e9renci\u00e9e, recouverte d&rsquo;une couche de dacron qui fait toute la diff\u00e9rence dans le confort de l&rsquo;assise.<\/span><\/p>\n<p><span style=\"font-family: arial, helvetica, sans-serif; font-size: 12pt;\">Enti\u00e8rement en microfibre, il allie style et efficacit\u00e9 et vous permettra de passer d\u2019un si\u00e8ge confortable \u00e0 un lit double gr\u00e2ce \u00e0 un m\u00e9canisme simple et rapide avec syst\u00e8me anti-basculement, adapt\u00e9 \u00e0 toutes les occasions et \u00e0 tous les besoins, sans perdre impact visuel.<\/span><\/p>\n<p style=\"margin-bottom: 0cm;\"><span style=\"font-family: 'Arial Unicode MS', sans-serif; font-size: 12pt;\"><span style=\"text-decoration: underline;\"><strong>CARACT\u00c9RISTIQUES<\/strong><\/span><\/span><\/p>\n<ul style=\"list-style-type: disc;\">\n<li style=\"margin-bottom: 0cm;\"><span style=\"font-family: arial, helvetica, sans-serif; font-size: 12pt;\">Canap\u00e9-lit 3 places 180&#215;80 cm<\/span><\/li>\n<li style=\"margin-bottom: 0cm;\"><span style=\"font-family: arial, helvetica, sans-serif; font-size: 12pt;\">Longueur: 180cm<\/span><\/li>\n<li style=\"margin-bottom: 0cm;\"><span style=\"font-family: arial, helvetica, sans-serif; font-size: 12pt;\">Hauteur du si\u00e8ge: 40 cm du sol<\/span><\/li>\n<li style=\"margin-bottom: 0cm;\"><span style=\"font-family: arial, helvetica, sans-serif; font-size: 12pt;\">Hauteur du dossier: 80cm du sol<\/span><\/li>\n<li style=\"margin-bottom: 0cm;\"><span style=\"font-family: arial, helvetica, sans-serif; font-size: 12pt;\">Profondeur: 92 cm<\/span><\/li>\n<li style=\"margin-bottom: 0cm;\"><span style=\"font-family: arial, helvetica, sans-serif; font-size: 12pt;\">Taille du lit: 180x110x40 cm<\/span><\/li>\n<\/ul>\n<p style=\"margin-bottom: 0cm;\"><span style=\"font-family: 'Arial Unicode MS', sans-serif; font-size: 12pt;\"><span style=\"text-decoration: underline;\"><strong>MATI\u00c8RES<\/strong><\/span><\/span><\/p>\n<ul>\n<li>\n<p style=\"margin-bottom: 0cm;\"><span style=\"font-family: 'Arial Unicode MS', sans-serif; font-size: 12pt;\">Structure: bois<\/span><\/p>\n<\/li>\n<li>\n<p style=\"margin-bottom: 0cm;\"><span style=\"font-family: 'Arial Unicode MS', sans-serif; font-size: 12pt;\">Si\u00e8ge: microfibre<\/span><\/p>\n<\/li>\n<li>\n<p style=\"margin-bottom: 0cm;\"><span style=\"font-family: 'Arial Unicode MS', sans-serif; font-size: 12pt;\">Assise et dossier: polyur\u00e9thane<\/span><\/p>\n<\/li>\n<li>\n<p style=\"margin-bottom: 0cm;\"><span style=\"font-family: 'Arial Unicode MS', sans-serif; font-size: 12pt;\">Matelas: mousse<\/span><\/p>\n<\/li>\n<\/ul>\n","protected":false},"excerpt":{"rendered":"<p>Le canap\u00e9-lit en microfibre d\u2019une longueur de 180 cm est r\u00e9alis\u00e9 en 2 couleurs (noir et blanc) et a un rembourrage en mousse de polyur\u00e9thane \u00e9cologique \u00e0 densit\u00e9 diff\u00e9renci\u00e9e recouverte d\u2019un rabat dacron qui fait la diff\u00e9rence dans le confort de l\u2019assise.<\/p>\n","protected":false},"featured_media":33586,"comment_status":"open","ping_status":"closed","template":"","meta":[],"product_brand":[9924],"product_cat":[9795],"product_tag":[],"class_list":{"0":"post-80298","1":"product","2":"type-product","3":"status-publish","4":"has-post-thumbnail","6":"product_brand-predator-arredo-casa-fr","7":"product_cat-canape-lit","9":"first","10":"instock","11":"sale","12":"taxable","13":"shipping-taxable","14":"purchasable","15":"product-type-simple"},"exclude_global_add_ons":false,"addons":[{"name":"couleur","type":"multiple_choice","position":0,"required":true,"title_format":"heading","default":"","description_enable":false,"description":"","placeholder_enable":false,"placeholder":"","display":"select","restrictions_type":"any_text","adjust_price":false,"price":"","price_type":"flat_fee","restrictions":false,"min":"0","max":"0","options":[{"label":"blanc","price":"","price_type":"quantity_based","image":0,"visibility":true},{"label":"Noir","price":"","price_type":"quantity_based","image":0,"visibility":true}],"id":1718293642}],"yoast_head":"<!-- This site is optimized with the Yoast SEO plugin v26.7 - https:\/\/yoast.com\/wordpress\/plugins\/seo\/ -->\n<title>Canap\u00e9-lit Veronica en microfibre inclinable cm 180x110x40 blanc ou noir<\/title>\n<meta name=\"description\" content=\"Le canap\u00e9-lit en microfibre d&#039;une longueur de 180 cm est compos\u00e9 de 2 couleurs (noir et blanc) et comporte un rembourrage en mousse de polyur\u00e9thane \u00e0 densit\u00e9 diff\u00e9renci\u00e9e recouvert d&#039;un rabat dracon qui fait toute la diff\u00e9rence en mati\u00e8re de confort sur le si\u00e8ge.\" \/>\n<meta name=\"robots\" content=\"index, follow, max-snippet:-1, max-image-preview:large, max-video-preview:-1\" \/>\n<link rel=\"canonical\" href=\"https:\/\/www.bagnoitalia.com\/fr\/produit\/canape-lit-veronica-en-microfibre-inclinable-cm-180x110x40-blanc-ou-noir.html\" \/>\n<meta property=\"og:locale\" content=\"fr_FR\" \/>\n<meta property=\"og:type\" content=\"article\" \/>\n<meta property=\"og:title\" content=\"Canap\u00e9-lit Veronica en microfibre inclinable cm 180x110x40 blanc ou noir\" \/>\n<meta property=\"og:description\" content=\"Le canap\u00e9-lit en microfibre d&#039;une longueur de 180 cm est compos\u00e9 de 2 couleurs (noir et blanc) et comporte un rembourrage en mousse de polyur\u00e9thane \u00e0 densit\u00e9 diff\u00e9renci\u00e9e recouvert d&#039;un rabat dracon qui fait toute la diff\u00e9rence en mati\u00e8re de confort sur le si\u00e8ge.\" \/>\n<meta property=\"og:url\" content=\"https:\/\/www.bagnoitalia.com\/fr\/produit\/canape-lit-veronica-en-microfibre-inclinable-cm-180x110x40-blanc-ou-noir.html\" \/>\n<meta property=\"og:site_name\" content=\"Bagno Italia\" \/>\n<meta property=\"article:modified_time\" content=\"2025-08-07T12:46:22+00:00\" \/>\n<meta property=\"og:image\" content=\"https:\/\/img.bagnoitalia.com\/wp-content\/uploads\/virtuemart\/product\/Reclining-sofa-bed-Veronica-1_1541769678_936.jpg\" \/>\n\t<meta property=\"og:image:width\" content=\"600\" \/>\n\t<meta property=\"og:image:height\" content=\"600\" \/>\n\t<meta property=\"og:image:type\" content=\"image\/jpeg\" \/>\n<meta name=\"twitter:card\" content=\"summary_large_image\" \/>\n<meta name=\"twitter:label1\" content=\"Dur\u00e9e de lecture estim\u00e9e\" \/>\n\t<meta name=\"twitter:data1\" content=\"1 minute\" \/>\n<script type=\"application\/ld+json\" class=\"yoast-schema-graph\">{\"@context\":\"https:\/\/schema.org\",\"@graph\":[{\"@type\":\"WebPage\",\"@id\":\"https:\/\/www.bagnoitalia.com\/fr\/produit\/canape-lit-veronica-en-microfibre-inclinable-cm-180x110x40-blanc-ou-noir.html\",\"url\":\"https:\/\/www.bagnoitalia.com\/fr\/produit\/canape-lit-veronica-en-microfibre-inclinable-cm-180x110x40-blanc-ou-noir.html\",\"name\":\"Canap\u00e9-lit Veronica en microfibre inclinable cm 180x110x40 blanc ou noir\",\"isPartOf\":{\"@id\":\"https:\/\/www.bagnoitalia.com\/fr#website\"},\"primaryImageOfPage\":{\"@id\":\"https:\/\/www.bagnoitalia.com\/fr\/produit\/canape-lit-veronica-en-microfibre-inclinable-cm-180x110x40-blanc-ou-noir.html#primaryimage\"},\"image\":{\"@id\":\"https:\/\/www.bagnoitalia.com\/fr\/produit\/canape-lit-veronica-en-microfibre-inclinable-cm-180x110x40-blanc-ou-noir.html#primaryimage\"},\"thumbnailUrl\":\"https:\/\/img.bagnoitalia.com\/wp-content\/uploads\/virtuemart\/product\/Reclining-sofa-bed-Veronica-1_1541769678_936.jpg\",\"datePublished\":\"2016-11-09T10:58:58+00:00\",\"dateModified\":\"2025-08-07T12:46:22+00:00\",\"description\":\"Le canap\u00e9-lit en microfibre d'une longueur de 180 cm est compos\u00e9 de 2 couleurs (noir et blanc) et comporte un rembourrage en mousse de polyur\u00e9thane \u00e0 densit\u00e9 diff\u00e9renci\u00e9e recouvert d'un rabat dracon qui fait toute la diff\u00e9rence en mati\u00e8re de confort sur le si\u00e8ge.\",\"breadcrumb\":{\"@id\":\"https:\/\/www.bagnoitalia.com\/fr\/produit\/canape-lit-veronica-en-microfibre-inclinable-cm-180x110x40-blanc-ou-noir.html#breadcrumb\"},\"inLanguage\":\"fr-FR\",\"potentialAction\":[{\"@type\":\"ReadAction\",\"target\":[\"https:\/\/www.bagnoitalia.com\/fr\/produit\/canape-lit-veronica-en-microfibre-inclinable-cm-180x110x40-blanc-ou-noir.html\"]}]},{\"@type\":\"ImageObject\",\"inLanguage\":\"fr-FR\",\"@id\":\"https:\/\/www.bagnoitalia.com\/fr\/produit\/canape-lit-veronica-en-microfibre-inclinable-cm-180x110x40-blanc-ou-noir.html#primaryimage\",\"url\":\"https:\/\/img.bagnoitalia.com\/wp-content\/uploads\/virtuemart\/product\/Reclining-sofa-bed-Veronica-1_1541769678_936.jpg\",\"contentUrl\":\"https:\/\/img.bagnoitalia.com\/wp-content\/uploads\/virtuemart\/product\/Reclining-sofa-bed-Veronica-1_1541769678_936.jpg\",\"width\":600,\"height\":600},{\"@type\":\"BreadcrumbList\",\"@id\":\"https:\/\/www.bagnoitalia.com\/fr\/produit\/canape-lit-veronica-en-microfibre-inclinable-cm-180x110x40-blanc-ou-noir.html#breadcrumb\",\"itemListElement\":[{\"@type\":\"ListItem\",\"position\":1,\"name\":\"Home\",\"item\":\"https:\/\/www.bagnoitalia.com\/fr\"},{\"@type\":\"ListItem\",\"position\":2,\"name\":\"Produits\",\"item\":\"https:\/\/www.bagnoitalia.com\/fr\/shop\"},{\"@type\":\"ListItem\",\"position\":3,\"name\":\"Canap\u00e9-lit Veronica en microfibre inclinable cm 180x110x40 blanc ou noir\"}]},{\"@type\":\"WebSite\",\"@id\":\"https:\/\/www.bagnoitalia.com\/fr#website\",\"url\":\"https:\/\/www.bagnoitalia.com\/fr\",\"name\":\"Bagno Italia\",\"description\":\"\",\"publisher\":{\"@id\":\"https:\/\/www.bagnoitalia.com\/fr#organization\"},\"potentialAction\":[{\"@type\":\"SearchAction\",\"target\":{\"@type\":\"EntryPoint\",\"urlTemplate\":\"https:\/\/www.bagnoitalia.com\/fr?s={search_term_string}\"},\"query-input\":{\"@type\":\"PropertyValueSpecification\",\"valueRequired\":true,\"valueName\":\"search_term_string\"}}],\"inLanguage\":\"fr-FR\"},{\"@type\":\"Organization\",\"@id\":\"https:\/\/www.bagnoitalia.com\/fr#organization\",\"name\":\"Bagno Italia\",\"url\":\"https:\/\/www.bagnoitalia.com\/fr\",\"logo\":{\"@type\":\"ImageObject\",\"inLanguage\":\"fr-FR\",\"@id\":\"https:\/\/www.bagnoitalia.com\/fr#\/schema\/logo\/image\/\",\"url\":\"https:\/\/img.bagnoitalia.com\/wp-content\/uploads\/logo-bagnoitalia.webp\",\"contentUrl\":\"https:\/\/img.bagnoitalia.com\/wp-content\/uploads\/logo-bagnoitalia.webp\",\"width\":400,\"height\":70,\"caption\":\"Bagno Italia\"},\"image\":{\"@id\":\"https:\/\/www.bagnoitalia.com\/fr#\/schema\/logo\/image\/\"}}]}<\/script>\n<!-- \/ Yoast SEO plugin. -->","yoast_head_json":{"title":"Canap\u00e9-lit Veronica en microfibre inclinable cm 180x110x40 blanc ou noir","description":"Le canap\u00e9-lit en microfibre d'une longueur de 180 cm est compos\u00e9 de 2 couleurs (noir et blanc) et comporte un rembourrage en mousse de polyur\u00e9thane \u00e0 densit\u00e9 diff\u00e9renci\u00e9e recouvert d'un rabat dracon qui fait toute la diff\u00e9rence en mati\u00e8re de confort sur le si\u00e8ge.","robots":{"index":"index","follow":"follow","max-snippet":"max-snippet:-1","max-image-preview":"max-image-preview:large","max-video-preview":"max-video-preview:-1"},"canonical":"https:\/\/www.bagnoitalia.com\/fr\/produit\/canape-lit-veronica-en-microfibre-inclinable-cm-180x110x40-blanc-ou-noir.html","og_locale":"fr_FR","og_type":"article","og_title":"Canap\u00e9-lit Veronica en microfibre inclinable cm 180x110x40 blanc ou noir","og_description":"Le canap\u00e9-lit en microfibre d'une longueur de 180 cm est compos\u00e9 de 2 couleurs (noir et blanc) et comporte un rembourrage en mousse de polyur\u00e9thane \u00e0 densit\u00e9 diff\u00e9renci\u00e9e recouvert d'un rabat dracon qui fait toute la diff\u00e9rence en mati\u00e8re de confort sur le si\u00e8ge.","og_url":"https:\/\/www.bagnoitalia.com\/fr\/produit\/canape-lit-veronica-en-microfibre-inclinable-cm-180x110x40-blanc-ou-noir.html","og_site_name":"Bagno Italia","article_modified_time":"2025-08-07T12:46:22+00:00","og_image":[{"width":600,"height":600,"url":"https:\/\/img.bagnoitalia.com\/wp-content\/uploads\/virtuemart\/product\/Reclining-sofa-bed-Veronica-1_1541769678_936.jpg","type":"image\/jpeg"}],"twitter_card":"summary_large_image","twitter_misc":{"Dur\u00e9e de lecture estim\u00e9e":"1 minute"},"schema":{"@context":"https:\/\/schema.org","@graph":[{"@type":"WebPage","@id":"https:\/\/www.bagnoitalia.com\/fr\/produit\/canape-lit-veronica-en-microfibre-inclinable-cm-180x110x40-blanc-ou-noir.html","url":"https:\/\/www.bagnoitalia.com\/fr\/produit\/canape-lit-veronica-en-microfibre-inclinable-cm-180x110x40-blanc-ou-noir.html","name":"Canap\u00e9-lit Veronica en microfibre inclinable cm 180x110x40 blanc ou noir","isPartOf":{"@id":"https:\/\/www.bagnoitalia.com\/fr#website"},"primaryImageOfPage":{"@id":"https:\/\/www.bagnoitalia.com\/fr\/produit\/canape-lit-veronica-en-microfibre-inclinable-cm-180x110x40-blanc-ou-noir.html#primaryimage"},"image":{"@id":"https:\/\/www.bagnoitalia.com\/fr\/produit\/canape-lit-veronica-en-microfibre-inclinable-cm-180x110x40-blanc-ou-noir.html#primaryimage"},"thumbnailUrl":"https:\/\/img.bagnoitalia.com\/wp-content\/uploads\/virtuemart\/product\/Reclining-sofa-bed-Veronica-1_1541769678_936.jpg","datePublished":"2016-11-09T10:58:58+00:00","dateModified":"2025-08-07T12:46:22+00:00","description":"Le canap\u00e9-lit en microfibre d'une longueur de 180 cm est compos\u00e9 de 2 couleurs (noir et blanc) et comporte un rembourrage en mousse de polyur\u00e9thane \u00e0 densit\u00e9 diff\u00e9renci\u00e9e recouvert d'un rabat dracon qui fait toute la diff\u00e9rence en mati\u00e8re de confort sur le si\u00e8ge.","breadcrumb":{"@id":"https:\/\/www.bagnoitalia.com\/fr\/produit\/canape-lit-veronica-en-microfibre-inclinable-cm-180x110x40-blanc-ou-noir.html#breadcrumb"},"inLanguage":"fr-FR","potentialAction":[{"@type":"ReadAction","target":["https:\/\/www.bagnoitalia.com\/fr\/produit\/canape-lit-veronica-en-microfibre-inclinable-cm-180x110x40-blanc-ou-noir.html"]}]},{"@type":"ImageObject","inLanguage":"fr-FR","@id":"https:\/\/www.bagnoitalia.com\/fr\/produit\/canape-lit-veronica-en-microfibre-inclinable-cm-180x110x40-blanc-ou-noir.html#primaryimage","url":"https:\/\/img.bagnoitalia.com\/wp-content\/uploads\/virtuemart\/product\/Reclining-sofa-bed-Veronica-1_1541769678_936.jpg","contentUrl":"https:\/\/img.bagnoitalia.com\/wp-content\/uploads\/virtuemart\/product\/Reclining-sofa-bed-Veronica-1_1541769678_936.jpg","width":600,"height":600},{"@type":"BreadcrumbList","@id":"https:\/\/www.bagnoitalia.com\/fr\/produit\/canape-lit-veronica-en-microfibre-inclinable-cm-180x110x40-blanc-ou-noir.html#breadcrumb","itemListElement":[{"@type":"ListItem","position":1,"name":"Home","item":"https:\/\/www.bagnoitalia.com\/fr"},{"@type":"ListItem","position":2,"name":"Produits","item":"https:\/\/www.bagnoitalia.com\/fr\/shop"},{"@type":"ListItem","position":3,"name":"Canap\u00e9-lit Veronica en microfibre inclinable cm 180x110x40 blanc ou noir"}]},{"@type":"WebSite","@id":"https:\/\/www.bagnoitalia.com\/fr#website","url":"https:\/\/www.bagnoitalia.com\/fr","name":"Bagno Italia","description":"","publisher":{"@id":"https:\/\/www.bagnoitalia.com\/fr#organization"},"potentialAction":[{"@type":"SearchAction","target":{"@type":"EntryPoint","urlTemplate":"https:\/\/www.bagnoitalia.com\/fr?s={search_term_string}"},"query-input":{"@type":"PropertyValueSpecification","valueRequired":true,"valueName":"search_term_string"}}],"inLanguage":"fr-FR"},{"@type":"Organization","@id":"https:\/\/www.bagnoitalia.com\/fr#organization","name":"Bagno Italia","url":"https:\/\/www.bagnoitalia.com\/fr","logo":{"@type":"ImageObject","inLanguage":"fr-FR","@id":"https:\/\/www.bagnoitalia.com\/fr#\/schema\/logo\/image\/","url":"https:\/\/img.bagnoitalia.com\/wp-content\/uploads\/logo-bagnoitalia.webp","contentUrl":"https:\/\/img.bagnoitalia.com\/wp-content\/uploads\/logo-bagnoitalia.webp","width":400,"height":70,"caption":"Bagno Italia"},"image":{"@id":"https:\/\/www.bagnoitalia.com\/fr#\/schema\/logo\/image\/"}}]}},"_links":{"self":[{"href":"https:\/\/www.bagnoitalia.com\/fr\/wp-json\/wp\/v2\/product\/80298","targetHints":{"allow":["GET"]}}],"collection":[{"href":"https:\/\/www.bagnoitalia.com\/fr\/wp-json\/wp\/v2\/product"}],"about":[{"href":"https:\/\/www.bagnoitalia.com\/fr\/wp-json\/wp\/v2\/types\/product"}],"replies":[{"embeddable":true,"href":"https:\/\/www.bagnoitalia.com\/fr\/wp-json\/wp\/v2\/comments?post=80298"}],"version-history":[{"count":1,"href":"https:\/\/www.bagnoitalia.com\/fr\/wp-json\/wp\/v2\/product\/80298\/revisions"}],"predecessor-version":[{"id":90126,"href":"https:\/\/www.bagnoitalia.com\/fr\/wp-json\/wp\/v2\/product\/80298\/revisions\/90126"}],"wp:featuredmedia":[{"embeddable":true,"href":"https:\/\/www.bagnoitalia.com\/fr\/wp-json\/wp\/v2\/media\/33586"}],"wp:attachment":[{"href":"https:\/\/www.bagnoitalia.com\/fr\/wp-json\/wp\/v2\/media?parent=80298"}],"wp:term":[{"taxonomy":"product_brand","embeddable":true,"href":"https:\/\/www.bagnoitalia.com\/fr\/wp-json\/wp\/v2\/product_brand?post=80298"},{"taxonomy":"product_cat","embeddable":true,"href":"https:\/\/www.bagnoitalia.com\/fr\/wp-json\/wp\/v2\/product_cat?post=80298"},{"taxonomy":"product_tag","embeddable":true,"href":"https:\/\/www.bagnoitalia.com\/fr\/wp-json\/wp\/v2\/product_tag?post=80298"}],"curies":[{"name":"wp","href":"https:\/\/api.w.org\/{rel}","templated":true}]}}