{"id":80278,"date":"2016-11-02T14:43:11","date_gmt":"2016-11-02T13:43:11","guid":{"rendered":"https:\/\/www.bagnoitalia.com\/product\/pouf-lit-simple-venezia-avec-matelas-72x45x73-en-structure-acier-microfibre-noir-blanc-rouge"},"modified":"2025-05-13T16:05:04","modified_gmt":"2025-05-13T14:05:04","slug":"pouf-lit-simple-venezia-avec-matelas-72x45x73-en-structure-acier-microfibre-noir-blanc-rouge","status":"publish","type":"product","link":"https:\/\/www.bagnoitalia.com\/fr\/produit\/pouf-lit-simple-venezia-avec-matelas-72x45x73-en-structure-acier-microfibre-noir-blanc-rouge.html","title":{"rendered":"Canap\u00e9 lit simple Venezia en microfibre noir, blanc, rouge avec matelas 72x45x73, structure acier"},"content":{"rendered":"<p>&nbsp;<\/p>\n<p>&nbsp;<\/p>\n<p><img fetchpriority=\"high\" decoding=\"async\" class=\" alignleft size-full wp-image-33382\" style=\"margin-right: 10px; float: left;\" src=\"https:\/\/img.bagnoitalia.com\/wp-content\/uploads\/pouff-letto-singolo-bianco-arredamento.jpg\" alt=\"meuble lit blanc simple pouff\" width=\"340\" height=\"260\" \/><\/p>\n<p><span style=\"font-family: arial, helvetica, sans-serif; font-size: 12pt;\">Le canap\u00e9-lit <strong>Venezia<\/strong> a un design moderne, mais il est \u00e9galement parfait dans un environnement plus classiques. En fait, il se distingue par son design innovant, renforc\u00e9 par la simplicit\u00e9 des formes.<\/span><\/p>\n<p><span style=\"font-family: arial, helvetica, sans-serif; font-size: 12pt;\">Fabriqu\u00e9e en 3 couleurs (blanc, noir et rouge), il est dot\u00e9 d&rsquo;un rembourrage en mousse de polyur\u00e9thane \u00e9cologique \u00e0 densit\u00e9 diff\u00e9renci\u00e9e, recouverte d&rsquo;un rabat en Dacron qui renforce le confort de l&rsquo;assise.<\/span><\/p>\n<p><span style=\"font-family: arial, helvetica, sans-serif; font-size: 12pt;\">Dans le canap\u00e9-lit Venezia, le style rencontre l&rsquo;efficacit\u00e9. Il est enti\u00e8rement recouvert de microfibre. Vous passerez du si\u00e8ge \u00e0 la position lit, gr\u00e2ce \u00e0 un m\u00e9canisme simple et rapide.<\/span><\/p>\n<p><img decoding=\"async\" class=\" alignright size-full wp-image-33386\" style=\"margin-left: 10px; float: right;\" src=\"https:\/\/img.bagnoitalia.com\/wp-content\/uploads\/pouff-letto-singolo-bianco-chiuso.jpg\" alt=\"pouff lit simple blanc ferm\u00e9\" width=\"367\" height=\"367\" srcset=\"https:\/\/img.bagnoitalia.com\/wp-content\/uploads\/pouff-letto-singolo-bianco-chiuso.jpg 1500w, https:\/\/img.bagnoitalia.com\/wp-content\/uploads\/pouff-letto-singolo-bianco-chiuso-768x768.jpg 768w, https:\/\/img.bagnoitalia.com\/wp-content\/uploads\/pouff-letto-singolo-bianco-chiuso-990x990.jpg 990w, https:\/\/img.bagnoitalia.com\/wp-content\/uploads\/pouff-letto-singolo-bianco-chiuso-441x441.jpg 441w, https:\/\/img.bagnoitalia.com\/wp-content\/uploads\/pouff-letto-singolo-bianco-chiuso-100x100.jpg 100w, https:\/\/img.bagnoitalia.com\/wp-content\/uploads\/pouff-letto-singolo-bianco-chiuso-600x600.jpg 600w, https:\/\/img.bagnoitalia.com\/wp-content\/uploads\/pouff-letto-singolo-bianco-chiuso-150x150.jpg 150w\" sizes=\"(max-width: 367px) 100vw, 367px\" \/><\/p>\n<p><span style=\"font-size: 12pt;\"><strong style=\"font-family: 'Arial Unicode MS', sans-serif; font-size: 12pt;\">CARACT\u00c9RISTIQUES<\/strong><\/span><\/p>\n<ul>\n<li>\n<p style=\"margin-bottom: 0cm;\"><span style=\"color: #000000; font-size: 12pt;\"><span style=\"font-family: 'Arial Unicode MS', sans-serif;\">Longueur ferm\u00e9e: 72cm<\/span><\/span><\/p>\n<\/li>\n<li>\n<p style=\"margin-bottom: 0cm; line-height: 0.71cm;\"><span style=\"color: #000000; font-size: 12pt;\"><span style=\"font-family: 'Arial Unicode MS', sans-serif;\">Longueur ouverte: 202cm<\/span><\/span><\/p>\n<\/li>\n<li>\n<p style=\"margin-bottom: 0cm; line-height: 0.71cm;\"><span style=\"color: #000000; font-size: 12pt;\"><span style=\"font-family: 'Arial Unicode MS', sans-serif;\">Hauteur: 45 cm<\/span><\/span><\/p>\n<\/li>\n<li>\n<p style=\"margin-bottom: 0cm; line-height: 0.71cm;\"><span style=\"color: #000000; font-size: 12pt;\"><span style=\"font-family: 'Arial Unicode MS', sans-serif;\">Profondeur: 73 cm<\/span><\/span><\/p>\n<\/li>\n<\/ul>\n<p>&nbsp;<\/p>\n<p style=\"margin-bottom: 0cm;\"><span style=\"font-family: 'Arial Unicode MS', sans-serif; font-size: 12pt;\"><span style=\"text-decoration: underline;\"><strong>MATI\u00c8RES<\/strong><\/span><\/span><\/p>\n<ul>\n<li>\n<p style=\"margin-bottom: 0cm;\"><span style=\"color: #000000; font-size: 12pt;\"><span style=\"font-family: 'Arial Unicode MS', sans-serif;\">Structure: en acier<\/span><\/span><\/p>\n<\/li>\n<li>\n<p style=\"margin-bottom: 0cm; line-height: 0.71cm;\"><span style=\"color: #000000; font-size: 12pt;\"><span style=\"font-family: 'Arial Unicode MS', sans-serif;\">Si\u00e8ge: microfibre<\/span><\/span><\/p>\n<\/li>\n<li>\n<p style=\"margin-bottom: 0cm; line-height: 0.71cm;\"><span style=\"color: #000000; font-size: 12pt;\"><span style=\"font-family: 'Arial Unicode MS', sans-serif;\">Assise et dossier: mousse de polyur\u00e9thane<\/span><\/span><\/p>\n<\/li>\n<\/ul>\n<p>&nbsp;<\/p>\n","protected":false},"excerpt":{"rendered":"<p>Le canap\u00e9-lit Venezia a un design moderne, mais il est \u00e9galement parfait dans un environnement plus classique, en fait, il se distingue par son design innovant renforc\u00e9 par la simplicit\u00e9 des formes.<br \/>\nIl est disponible en 3 couleurs (blanc, noir et rouge) avec un rembourrage en polyurethane.<\/p>\n","protected":false},"featured_media":33342,"comment_status":"open","ping_status":"closed","template":"","meta":[],"product_brand":[5021],"product_cat":[9795],"product_tag":[],"class_list":{"0":"post-80278","1":"product","2":"type-product","3":"status-publish","4":"has-post-thumbnail","6":"product_brand-predator-arredo-casa","7":"product_cat-canape-lit","9":"first","10":"instock","11":"sale","12":"taxable","13":"shipping-taxable","14":"purchasable","15":"product-type-simple"},"exclude_global_add_ons":false,"addons":[{"name":"Couleur","type":"multiple_choice","position":0,"required":true,"title_format":"heading","default":"","description_enable":false,"description":"","placeholder_enable":false,"placeholder":"","display":"select","restrictions_type":"any_text","adjust_price":false,"price":"","price_type":"flat_fee","restrictions":false,"min":"0","max":"0","options":[{"label":"blanc","price":"","price_type":"quantity_based","image":0,"visibility":true},{"label":"Noir (avec matelas blanc)","price":"","price_type":"quantity_based","image":0,"visibility":true},{"label":"(Pas disponible) rouge","price":"","price_type":"quantity_based","image":0,"visibility":true}],"id":1715955355}],"yoast_head":"<!-- This site is optimized with the Yoast SEO plugin v26.7 - https:\/\/yoast.com\/wordpress\/plugins\/seo\/ -->\n<title>Canap\u00e9 lit simple Venezia en microfibre noir, blanc, rouge avec matelas 72x45x73, structure acier<\/title>\n<meta name=\"description\" content=\"Le pouf bed Venezia a un design moderne, mais s&#039;int\u00e8gre parfaitement m\u00eame dans les environnements les plus classiques. En fait, il se distingue par son design innovant, renforc\u00e9 par la simplicit\u00e9 des formes.\" \/>\n<meta name=\"robots\" content=\"index, follow, max-snippet:-1, max-image-preview:large, max-video-preview:-1\" \/>\n<link rel=\"canonical\" href=\"https:\/\/www.bagnoitalia.com\/fr\/produit\/pouf-lit-simple-venezia-avec-matelas-72x45x73-en-structure-acier-microfibre-noir-blanc-rouge.html\" \/>\n<meta property=\"og:locale\" content=\"fr_FR\" \/>\n<meta property=\"og:type\" content=\"article\" \/>\n<meta property=\"og:title\" content=\"Canap\u00e9 lit simple Venezia en microfibre noir, blanc, rouge avec matelas 72x45x73, structure acier\" \/>\n<meta property=\"og:description\" content=\"Le pouf bed Venezia a un design moderne, mais s&#039;int\u00e8gre parfaitement m\u00eame dans les environnements les plus classiques. En fait, il se distingue par son design innovant, renforc\u00e9 par la simplicit\u00e9 des formes.\" \/>\n<meta property=\"og:url\" content=\"https:\/\/www.bagnoitalia.com\/fr\/produit\/pouf-lit-simple-venezia-avec-matelas-72x45x73-en-structure-acier-microfibre-noir-blanc-rouge.html\" \/>\n<meta property=\"og:site_name\" content=\"Bagno Italia\" \/>\n<meta property=\"article:modified_time\" content=\"2025-05-13T14:05:04+00:00\" \/>\n<meta property=\"og:image\" content=\"https:\/\/img.bagnoitalia.com\/wp-content\/uploads\/virtuemart\/product\/Single-pouf-bed-Venezia-1_1541770370_735.jpg\" \/>\n\t<meta property=\"og:image:width\" content=\"600\" \/>\n\t<meta property=\"og:image:height\" content=\"600\" \/>\n\t<meta property=\"og:image:type\" content=\"image\/jpeg\" \/>\n<meta name=\"twitter:card\" content=\"summary_large_image\" \/>\n<meta name=\"twitter:label1\" content=\"Dur\u00e9e de lecture estim\u00e9e\" \/>\n\t<meta name=\"twitter:data1\" content=\"2 minutes\" \/>\n<script type=\"application\/ld+json\" class=\"yoast-schema-graph\">{\"@context\":\"https:\/\/schema.org\",\"@graph\":[{\"@type\":\"WebPage\",\"@id\":\"https:\/\/www.bagnoitalia.com\/fr\/produit\/pouf-lit-simple-venezia-avec-matelas-72x45x73-en-structure-acier-microfibre-noir-blanc-rouge.html\",\"url\":\"https:\/\/www.bagnoitalia.com\/fr\/produit\/pouf-lit-simple-venezia-avec-matelas-72x45x73-en-structure-acier-microfibre-noir-blanc-rouge.html\",\"name\":\"Canap\u00e9 lit simple Venezia en microfibre noir, blanc, rouge avec matelas 72x45x73, structure acier\",\"isPartOf\":{\"@id\":\"https:\/\/www.bagnoitalia.com\/fr#website\"},\"primaryImageOfPage\":{\"@id\":\"https:\/\/www.bagnoitalia.com\/fr\/produit\/pouf-lit-simple-venezia-avec-matelas-72x45x73-en-structure-acier-microfibre-noir-blanc-rouge.html#primaryimage\"},\"image\":{\"@id\":\"https:\/\/www.bagnoitalia.com\/fr\/produit\/pouf-lit-simple-venezia-avec-matelas-72x45x73-en-structure-acier-microfibre-noir-blanc-rouge.html#primaryimage\"},\"thumbnailUrl\":\"https:\/\/img.bagnoitalia.com\/wp-content\/uploads\/virtuemart\/product\/Single-pouf-bed-Venezia-1_1541770370_735.jpg\",\"datePublished\":\"2016-11-02T13:43:11+00:00\",\"dateModified\":\"2025-05-13T14:05:04+00:00\",\"description\":\"Le pouf bed Venezia a un design moderne, mais s'int\u00e8gre parfaitement m\u00eame dans les environnements les plus classiques. En fait, il se distingue par son design innovant, renforc\u00e9 par la simplicit\u00e9 des formes.\",\"breadcrumb\":{\"@id\":\"https:\/\/www.bagnoitalia.com\/fr\/produit\/pouf-lit-simple-venezia-avec-matelas-72x45x73-en-structure-acier-microfibre-noir-blanc-rouge.html#breadcrumb\"},\"inLanguage\":\"fr-FR\",\"potentialAction\":[{\"@type\":\"ReadAction\",\"target\":[\"https:\/\/www.bagnoitalia.com\/fr\/produit\/pouf-lit-simple-venezia-avec-matelas-72x45x73-en-structure-acier-microfibre-noir-blanc-rouge.html\"]}]},{\"@type\":\"ImageObject\",\"inLanguage\":\"fr-FR\",\"@id\":\"https:\/\/www.bagnoitalia.com\/fr\/produit\/pouf-lit-simple-venezia-avec-matelas-72x45x73-en-structure-acier-microfibre-noir-blanc-rouge.html#primaryimage\",\"url\":\"https:\/\/img.bagnoitalia.com\/wp-content\/uploads\/virtuemart\/product\/Single-pouf-bed-Venezia-1_1541770370_735.jpg\",\"contentUrl\":\"https:\/\/img.bagnoitalia.com\/wp-content\/uploads\/virtuemart\/product\/Single-pouf-bed-Venezia-1_1541770370_735.jpg\",\"width\":600,\"height\":600},{\"@type\":\"BreadcrumbList\",\"@id\":\"https:\/\/www.bagnoitalia.com\/fr\/produit\/pouf-lit-simple-venezia-avec-matelas-72x45x73-en-structure-acier-microfibre-noir-blanc-rouge.html#breadcrumb\",\"itemListElement\":[{\"@type\":\"ListItem\",\"position\":1,\"name\":\"Home\",\"item\":\"https:\/\/www.bagnoitalia.com\/fr\"},{\"@type\":\"ListItem\",\"position\":2,\"name\":\"Produits\",\"item\":\"https:\/\/www.bagnoitalia.com\/fr\/shop\"},{\"@type\":\"ListItem\",\"position\":3,\"name\":\"Canap\u00e9 lit simple Venezia en microfibre noir, blanc, rouge avec matelas 72x45x73, structure acier\"}]},{\"@type\":\"WebSite\",\"@id\":\"https:\/\/www.bagnoitalia.com\/fr#website\",\"url\":\"https:\/\/www.bagnoitalia.com\/fr\",\"name\":\"Bagno Italia\",\"description\":\"\",\"publisher\":{\"@id\":\"https:\/\/www.bagnoitalia.com\/fr#organization\"},\"potentialAction\":[{\"@type\":\"SearchAction\",\"target\":{\"@type\":\"EntryPoint\",\"urlTemplate\":\"https:\/\/www.bagnoitalia.com\/fr?s={search_term_string}\"},\"query-input\":{\"@type\":\"PropertyValueSpecification\",\"valueRequired\":true,\"valueName\":\"search_term_string\"}}],\"inLanguage\":\"fr-FR\"},{\"@type\":\"Organization\",\"@id\":\"https:\/\/www.bagnoitalia.com\/fr#organization\",\"name\":\"Bagno Italia\",\"url\":\"https:\/\/www.bagnoitalia.com\/fr\",\"logo\":{\"@type\":\"ImageObject\",\"inLanguage\":\"fr-FR\",\"@id\":\"https:\/\/www.bagnoitalia.com\/fr#\/schema\/logo\/image\/\",\"url\":\"https:\/\/img.bagnoitalia.com\/wp-content\/uploads\/logo-bagnoitalia.webp\",\"contentUrl\":\"https:\/\/img.bagnoitalia.com\/wp-content\/uploads\/logo-bagnoitalia.webp\",\"width\":400,\"height\":70,\"caption\":\"Bagno Italia\"},\"image\":{\"@id\":\"https:\/\/www.bagnoitalia.com\/fr#\/schema\/logo\/image\/\"}}]}<\/script>\n<!-- \/ Yoast SEO plugin. -->","yoast_head_json":{"title":"Canap\u00e9 lit simple Venezia en microfibre noir, blanc, rouge avec matelas 72x45x73, structure acier","description":"Le pouf bed Venezia a un design moderne, mais s'int\u00e8gre parfaitement m\u00eame dans les environnements les plus classiques. En fait, il se distingue par son design innovant, renforc\u00e9 par la simplicit\u00e9 des formes.","robots":{"index":"index","follow":"follow","max-snippet":"max-snippet:-1","max-image-preview":"max-image-preview:large","max-video-preview":"max-video-preview:-1"},"canonical":"https:\/\/www.bagnoitalia.com\/fr\/produit\/pouf-lit-simple-venezia-avec-matelas-72x45x73-en-structure-acier-microfibre-noir-blanc-rouge.html","og_locale":"fr_FR","og_type":"article","og_title":"Canap\u00e9 lit simple Venezia en microfibre noir, blanc, rouge avec matelas 72x45x73, structure acier","og_description":"Le pouf bed Venezia a un design moderne, mais s'int\u00e8gre parfaitement m\u00eame dans les environnements les plus classiques. En fait, il se distingue par son design innovant, renforc\u00e9 par la simplicit\u00e9 des formes.","og_url":"https:\/\/www.bagnoitalia.com\/fr\/produit\/pouf-lit-simple-venezia-avec-matelas-72x45x73-en-structure-acier-microfibre-noir-blanc-rouge.html","og_site_name":"Bagno Italia","article_modified_time":"2025-05-13T14:05:04+00:00","og_image":[{"width":600,"height":600,"url":"https:\/\/img.bagnoitalia.com\/wp-content\/uploads\/virtuemart\/product\/Single-pouf-bed-Venezia-1_1541770370_735.jpg","type":"image\/jpeg"}],"twitter_card":"summary_large_image","twitter_misc":{"Dur\u00e9e de lecture estim\u00e9e":"2 minutes"},"schema":{"@context":"https:\/\/schema.org","@graph":[{"@type":"WebPage","@id":"https:\/\/www.bagnoitalia.com\/fr\/produit\/pouf-lit-simple-venezia-avec-matelas-72x45x73-en-structure-acier-microfibre-noir-blanc-rouge.html","url":"https:\/\/www.bagnoitalia.com\/fr\/produit\/pouf-lit-simple-venezia-avec-matelas-72x45x73-en-structure-acier-microfibre-noir-blanc-rouge.html","name":"Canap\u00e9 lit simple Venezia en microfibre noir, blanc, rouge avec matelas 72x45x73, structure acier","isPartOf":{"@id":"https:\/\/www.bagnoitalia.com\/fr#website"},"primaryImageOfPage":{"@id":"https:\/\/www.bagnoitalia.com\/fr\/produit\/pouf-lit-simple-venezia-avec-matelas-72x45x73-en-structure-acier-microfibre-noir-blanc-rouge.html#primaryimage"},"image":{"@id":"https:\/\/www.bagnoitalia.com\/fr\/produit\/pouf-lit-simple-venezia-avec-matelas-72x45x73-en-structure-acier-microfibre-noir-blanc-rouge.html#primaryimage"},"thumbnailUrl":"https:\/\/img.bagnoitalia.com\/wp-content\/uploads\/virtuemart\/product\/Single-pouf-bed-Venezia-1_1541770370_735.jpg","datePublished":"2016-11-02T13:43:11+00:00","dateModified":"2025-05-13T14:05:04+00:00","description":"Le pouf bed Venezia a un design moderne, mais s'int\u00e8gre parfaitement m\u00eame dans les environnements les plus classiques. En fait, il se distingue par son design innovant, renforc\u00e9 par la simplicit\u00e9 des formes.","breadcrumb":{"@id":"https:\/\/www.bagnoitalia.com\/fr\/produit\/pouf-lit-simple-venezia-avec-matelas-72x45x73-en-structure-acier-microfibre-noir-blanc-rouge.html#breadcrumb"},"inLanguage":"fr-FR","potentialAction":[{"@type":"ReadAction","target":["https:\/\/www.bagnoitalia.com\/fr\/produit\/pouf-lit-simple-venezia-avec-matelas-72x45x73-en-structure-acier-microfibre-noir-blanc-rouge.html"]}]},{"@type":"ImageObject","inLanguage":"fr-FR","@id":"https:\/\/www.bagnoitalia.com\/fr\/produit\/pouf-lit-simple-venezia-avec-matelas-72x45x73-en-structure-acier-microfibre-noir-blanc-rouge.html#primaryimage","url":"https:\/\/img.bagnoitalia.com\/wp-content\/uploads\/virtuemart\/product\/Single-pouf-bed-Venezia-1_1541770370_735.jpg","contentUrl":"https:\/\/img.bagnoitalia.com\/wp-content\/uploads\/virtuemart\/product\/Single-pouf-bed-Venezia-1_1541770370_735.jpg","width":600,"height":600},{"@type":"BreadcrumbList","@id":"https:\/\/www.bagnoitalia.com\/fr\/produit\/pouf-lit-simple-venezia-avec-matelas-72x45x73-en-structure-acier-microfibre-noir-blanc-rouge.html#breadcrumb","itemListElement":[{"@type":"ListItem","position":1,"name":"Home","item":"https:\/\/www.bagnoitalia.com\/fr"},{"@type":"ListItem","position":2,"name":"Produits","item":"https:\/\/www.bagnoitalia.com\/fr\/shop"},{"@type":"ListItem","position":3,"name":"Canap\u00e9 lit simple Venezia en microfibre noir, blanc, rouge avec matelas 72x45x73, structure acier"}]},{"@type":"WebSite","@id":"https:\/\/www.bagnoitalia.com\/fr#website","url":"https:\/\/www.bagnoitalia.com\/fr","name":"Bagno Italia","description":"","publisher":{"@id":"https:\/\/www.bagnoitalia.com\/fr#organization"},"potentialAction":[{"@type":"SearchAction","target":{"@type":"EntryPoint","urlTemplate":"https:\/\/www.bagnoitalia.com\/fr?s={search_term_string}"},"query-input":{"@type":"PropertyValueSpecification","valueRequired":true,"valueName":"search_term_string"}}],"inLanguage":"fr-FR"},{"@type":"Organization","@id":"https:\/\/www.bagnoitalia.com\/fr#organization","name":"Bagno Italia","url":"https:\/\/www.bagnoitalia.com\/fr","logo":{"@type":"ImageObject","inLanguage":"fr-FR","@id":"https:\/\/www.bagnoitalia.com\/fr#\/schema\/logo\/image\/","url":"https:\/\/img.bagnoitalia.com\/wp-content\/uploads\/logo-bagnoitalia.webp","contentUrl":"https:\/\/img.bagnoitalia.com\/wp-content\/uploads\/logo-bagnoitalia.webp","width":400,"height":70,"caption":"Bagno Italia"},"image":{"@id":"https:\/\/www.bagnoitalia.com\/fr#\/schema\/logo\/image\/"}}]}},"_links":{"self":[{"href":"https:\/\/www.bagnoitalia.com\/fr\/wp-json\/wp\/v2\/product\/80278","targetHints":{"allow":["GET"]}}],"collection":[{"href":"https:\/\/www.bagnoitalia.com\/fr\/wp-json\/wp\/v2\/product"}],"about":[{"href":"https:\/\/www.bagnoitalia.com\/fr\/wp-json\/wp\/v2\/types\/product"}],"replies":[{"embeddable":true,"href":"https:\/\/www.bagnoitalia.com\/fr\/wp-json\/wp\/v2\/comments?post=80278"}],"version-history":[{"count":2,"href":"https:\/\/www.bagnoitalia.com\/fr\/wp-json\/wp\/v2\/product\/80278\/revisions"}],"predecessor-version":[{"id":103546,"href":"https:\/\/www.bagnoitalia.com\/fr\/wp-json\/wp\/v2\/product\/80278\/revisions\/103546"}],"wp:featuredmedia":[{"embeddable":true,"href":"https:\/\/www.bagnoitalia.com\/fr\/wp-json\/wp\/v2\/media\/33342"}],"wp:attachment":[{"href":"https:\/\/www.bagnoitalia.com\/fr\/wp-json\/wp\/v2\/media?parent=80278"}],"wp:term":[{"taxonomy":"product_brand","embeddable":true,"href":"https:\/\/www.bagnoitalia.com\/fr\/wp-json\/wp\/v2\/product_brand?post=80278"},{"taxonomy":"product_cat","embeddable":true,"href":"https:\/\/www.bagnoitalia.com\/fr\/wp-json\/wp\/v2\/product_cat?post=80278"},{"taxonomy":"product_tag","embeddable":true,"href":"https:\/\/www.bagnoitalia.com\/fr\/wp-json\/wp\/v2\/product_tag?post=80278"}],"curies":[{"name":"wp","href":"https:\/\/api.w.org\/{rel}","templated":true}]}}