{"id":80246,"date":"2016-10-12T07:37:54","date_gmt":"2016-10-12T05:37:54","guid":{"rendered":"https:\/\/www.bagnoitalia.com\/product\/receveur-de-douche-en-demi-cercle-en-acrylique-renforce-epaisseur-5-cm-disponible-en-differents-modeles"},"modified":"2024-05-24T12:18:17","modified_gmt":"2024-05-24T10:18:17","slug":"receveur-de-douche-en-demi-cercle-en-acrylique-renforce-epaisseur-5-cm-disponible-en-differents-modeles","status":"publish","type":"product","link":"https:\/\/www.bagnoitalia.com\/fr\/produit\/receveur-de-douche-en-demi-cercle-en-acrylique-renforce-epaisseur-5-cm-disponible-en-differents-modeles.html","title":{"rendered":"Receveur de douche semi-circulaire en acrylique renforc\u00e9, \u00e9paisseur 5 cm, disponible en diff\u00e9rents mod\u00e8les PA013"},"content":{"rendered":"<p><span style=\"text-decoration: underline;\"><strong>Receveur de douche semi-circulaire en acrylique renforc\u00e9 d&rsquo;une \u00e9paisseur de 5 cm dans les tailles 80&#215;80 et 90&#215;90<\/strong><\/span><\/p>\n<p><span style=\"color: #000000; font-size: 12pt;\">Ce receveur de douche de seulement 5 cm d&rsquo;\u00e9paisseur et son installation au sol ou de mani\u00e8re traditionnelle le rendent pratique et adaptable \u00e0 tous les besoins et \u00e0 tous les go\u00fbts du client.<\/span><\/p>\n<p><span style=\"text-decoration: underline;\"><strong>Caract\u00e9ristiques techniques:<\/strong><\/span><\/p>\n<div id=\"product_description\" class=\"prod_desc txt\" style=\"margin-top: 20px;\">\n<p><span style=\"color: #000000; font-size: 12pt;\">&#8211; Receveur de douche en demi-cercle en acrylique pur renforc\u00e9 lisse blanc<br \/>\n<\/span><\/p>\n<p><span style=\"font-size: 12pt;\">&#8211; <span style=\"color: #000000; font-size: 12pt;\">Fond renforc\u00e9 en fibre de verre<\/span><\/span><\/p>\n<p><span style=\"color: #000000; font-size: 12pt;\">&#8211; Design moderne, ultramince et ultramince d\u2019une \u00e9paisseur de 5 cm<\/span><\/p>\n<p><span style=\"color: #000000; font-size: 12pt;\">&#8211; Installation encastr\u00e9 ou pos\u00e9 au sol<\/span><\/p>\n<p><span style=\"font-size: 12pt;\">&#8211; Dimensions disponibles: 80&#215;80 et 90&#215;90<\/span><\/p>\n<p>&nbsp;<\/p>\n<p><span style=\"text-decoration: underline;\"><strong>Vous pouvez \u00e9galement acheter le receveur de douche s\u00e9par\u00e9ment en le s\u00e9lectionnant dans le menu en haut \u00e0 droite.<\/strong><\/span><\/p>\n<\/div>\n","protected":false},"excerpt":{"rendered":"<p>Receveur de douche semi-circulaire en acrylique renforc\u00e9, d&rsquo;une \u00e9paisseur de 5 cm disponible dans les dimensions 80&#215;80 et 90&#215;90<\/p>\n","protected":false},"featured_media":33082,"comment_status":"open","ping_status":"closed","template":"","meta":[],"product_brand":[9888],"product_cat":[9961,9755],"product_tag":[],"class_list":{"0":"post-80246","1":"product","2":"type-product","3":"status-publish","4":"has-post-thumbnail","6":"product_brand-idrom-fr","7":"product_cat-showroom-fr","8":"product_cat-receveurs-de-douche","10":"first","11":"instock","12":"sale","13":"taxable","14":"shipping-taxable","15":"purchasable","16":"product-type-simple"},"exclude_global_add_ons":false,"addons":[{"name":"Dimensions","type":"multiple_choice","position":0,"required":true,"title_format":"heading","default":"","description_enable":false,"description":"","placeholder_enable":false,"placeholder":"","display":"select","restrictions_type":"any_text","adjust_price":false,"price":"","price_type":"flat_fee","restrictions":false,"min":"0","max":"0","options":[{"label":"80x80","price":"","price_type":"quantity_based","image":0,"visibility":true},{"label":"90x90","price":"18.30","price_type":"quantity_based","image":0,"visibility":true}],"id":1716553098},{"name":"Vidange","type":"multiple_choice","position":1,"required":true,"title_format":"heading","default":"","description_enable":false,"description":"","placeholder_enable":false,"placeholder":"","display":"select","restrictions_type":"any_text","adjust_price":false,"price":"","price_type":"flat_fee","restrictions":false,"min":"0","max":"0","options":[{"label":"Pas de vidange","price":"","price_type":"quantity_based","image":0,"visibility":true},{"label":"vidange","price":"27","price_type":"quantity_based","image":0,"visibility":true}],"id":1716553099}],"yoast_head":"<!-- This site is optimized with the Yoast SEO plugin v26.7 - https:\/\/yoast.com\/wordpress\/plugins\/seo\/ -->\n<title>Receveur de douche semi-circulaire en acrylique renforc\u00e9, \u00e9paisseur 5 cm, disponible en diff\u00e9rents mod\u00e8les PA013<\/title>\n<meta name=\"description\" content=\"Receveur de douche semi-circulaire en acrylique renforc\u00e9 de 5 cm d&#039;\u00e9paisseur disponible dans les mod\u00e8les 80x80 et 90x90\" \/>\n<meta name=\"robots\" content=\"index, follow, max-snippet:-1, max-image-preview:large, max-video-preview:-1\" \/>\n<link rel=\"canonical\" href=\"https:\/\/www.bagnoitalia.com\/fr\/produit\/receveur-de-douche-en-demi-cercle-en-acrylique-renforce-epaisseur-5-cm-disponible-en-differents-modeles.html\" \/>\n<meta property=\"og:locale\" content=\"fr_FR\" \/>\n<meta property=\"og:type\" content=\"article\" \/>\n<meta property=\"og:title\" content=\"Receveur de douche semi-circulaire en acrylique renforc\u00e9, \u00e9paisseur 5 cm, disponible en diff\u00e9rents mod\u00e8les PA013\" \/>\n<meta property=\"og:description\" content=\"Receveur de douche semi-circulaire en acrylique renforc\u00e9 de 5 cm d&#039;\u00e9paisseur disponible dans les mod\u00e8les 80x80 et 90x90\" \/>\n<meta property=\"og:url\" content=\"https:\/\/www.bagnoitalia.com\/fr\/produit\/receveur-de-douche-en-demi-cercle-en-acrylique-renforce-epaisseur-5-cm-disponible-en-differents-modeles.html\" \/>\n<meta property=\"og:site_name\" content=\"Bagno Italia\" \/>\n<meta property=\"article:modified_time\" content=\"2024-05-24T10:18:17+00:00\" \/>\n<meta property=\"og:image\" content=\"https:\/\/img.bagnoitalia.com\/wp-content\/uploads\/virtuemart\/product\/Semicircular-acrilic-reinforced-shower-tray-1_1542813451_5132.jpg\" \/>\n\t<meta property=\"og:image:width\" content=\"548\" \/>\n\t<meta property=\"og:image:height\" content=\"548\" \/>\n\t<meta property=\"og:image:type\" content=\"image\/jpeg\" \/>\n<meta name=\"twitter:card\" content=\"summary_large_image\" \/>\n<meta name=\"twitter:label1\" content=\"Dur\u00e9e de lecture estim\u00e9e\" \/>\n\t<meta name=\"twitter:data1\" content=\"1 minute\" \/>\n<script type=\"application\/ld+json\" class=\"yoast-schema-graph\">{\"@context\":\"https:\/\/schema.org\",\"@graph\":[{\"@type\":\"WebPage\",\"@id\":\"https:\/\/www.bagnoitalia.com\/fr\/produit\/receveur-de-douche-en-demi-cercle-en-acrylique-renforce-epaisseur-5-cm-disponible-en-differents-modeles.html\",\"url\":\"https:\/\/www.bagnoitalia.com\/fr\/produit\/receveur-de-douche-en-demi-cercle-en-acrylique-renforce-epaisseur-5-cm-disponible-en-differents-modeles.html\",\"name\":\"Receveur de douche semi-circulaire en acrylique renforc\u00e9, \u00e9paisseur 5 cm, disponible en diff\u00e9rents mod\u00e8les PA013\",\"isPartOf\":{\"@id\":\"https:\/\/www.bagnoitalia.com\/fr#website\"},\"primaryImageOfPage\":{\"@id\":\"https:\/\/www.bagnoitalia.com\/fr\/produit\/receveur-de-douche-en-demi-cercle-en-acrylique-renforce-epaisseur-5-cm-disponible-en-differents-modeles.html#primaryimage\"},\"image\":{\"@id\":\"https:\/\/www.bagnoitalia.com\/fr\/produit\/receveur-de-douche-en-demi-cercle-en-acrylique-renforce-epaisseur-5-cm-disponible-en-differents-modeles.html#primaryimage\"},\"thumbnailUrl\":\"https:\/\/img.bagnoitalia.com\/wp-content\/uploads\/virtuemart\/product\/Semicircular-acrilic-reinforced-shower-tray-1_1542813451_5132.jpg\",\"datePublished\":\"2016-10-12T05:37:54+00:00\",\"dateModified\":\"2024-05-24T10:18:17+00:00\",\"description\":\"Receveur de douche semi-circulaire en acrylique renforc\u00e9 de 5 cm d'\u00e9paisseur disponible dans les mod\u00e8les 80x80 et 90x90\",\"breadcrumb\":{\"@id\":\"https:\/\/www.bagnoitalia.com\/fr\/produit\/receveur-de-douche-en-demi-cercle-en-acrylique-renforce-epaisseur-5-cm-disponible-en-differents-modeles.html#breadcrumb\"},\"inLanguage\":\"fr-FR\",\"potentialAction\":[{\"@type\":\"ReadAction\",\"target\":[\"https:\/\/www.bagnoitalia.com\/fr\/produit\/receveur-de-douche-en-demi-cercle-en-acrylique-renforce-epaisseur-5-cm-disponible-en-differents-modeles.html\"]}]},{\"@type\":\"ImageObject\",\"inLanguage\":\"fr-FR\",\"@id\":\"https:\/\/www.bagnoitalia.com\/fr\/produit\/receveur-de-douche-en-demi-cercle-en-acrylique-renforce-epaisseur-5-cm-disponible-en-differents-modeles.html#primaryimage\",\"url\":\"https:\/\/img.bagnoitalia.com\/wp-content\/uploads\/virtuemart\/product\/Semicircular-acrilic-reinforced-shower-tray-1_1542813451_5132.jpg\",\"contentUrl\":\"https:\/\/img.bagnoitalia.com\/wp-content\/uploads\/virtuemart\/product\/Semicircular-acrilic-reinforced-shower-tray-1_1542813451_5132.jpg\",\"width\":548,\"height\":548},{\"@type\":\"BreadcrumbList\",\"@id\":\"https:\/\/www.bagnoitalia.com\/fr\/produit\/receveur-de-douche-en-demi-cercle-en-acrylique-renforce-epaisseur-5-cm-disponible-en-differents-modeles.html#breadcrumb\",\"itemListElement\":[{\"@type\":\"ListItem\",\"position\":1,\"name\":\"Home\",\"item\":\"https:\/\/www.bagnoitalia.com\/fr\"},{\"@type\":\"ListItem\",\"position\":2,\"name\":\"Produits\",\"item\":\"https:\/\/www.bagnoitalia.com\/fr\/shop\"},{\"@type\":\"ListItem\",\"position\":3,\"name\":\"Receveur de douche semi-circulaire en acrylique renforc\u00e9, \u00e9paisseur 5 cm, disponible en diff\u00e9rents mod\u00e8les PA013\"}]},{\"@type\":\"WebSite\",\"@id\":\"https:\/\/www.bagnoitalia.com\/fr#website\",\"url\":\"https:\/\/www.bagnoitalia.com\/fr\",\"name\":\"Bagno Italia\",\"description\":\"\",\"publisher\":{\"@id\":\"https:\/\/www.bagnoitalia.com\/fr#organization\"},\"potentialAction\":[{\"@type\":\"SearchAction\",\"target\":{\"@type\":\"EntryPoint\",\"urlTemplate\":\"https:\/\/www.bagnoitalia.com\/fr?s={search_term_string}\"},\"query-input\":{\"@type\":\"PropertyValueSpecification\",\"valueRequired\":true,\"valueName\":\"search_term_string\"}}],\"inLanguage\":\"fr-FR\"},{\"@type\":\"Organization\",\"@id\":\"https:\/\/www.bagnoitalia.com\/fr#organization\",\"name\":\"Bagno Italia\",\"url\":\"https:\/\/www.bagnoitalia.com\/fr\",\"logo\":{\"@type\":\"ImageObject\",\"inLanguage\":\"fr-FR\",\"@id\":\"https:\/\/www.bagnoitalia.com\/fr#\/schema\/logo\/image\/\",\"url\":\"https:\/\/img.bagnoitalia.com\/wp-content\/uploads\/logo-bagnoitalia.webp\",\"contentUrl\":\"https:\/\/img.bagnoitalia.com\/wp-content\/uploads\/logo-bagnoitalia.webp\",\"width\":400,\"height\":70,\"caption\":\"Bagno Italia\"},\"image\":{\"@id\":\"https:\/\/www.bagnoitalia.com\/fr#\/schema\/logo\/image\/\"}}]}<\/script>\n<!-- \/ Yoast SEO plugin. -->","yoast_head_json":{"title":"Receveur de douche semi-circulaire en acrylique renforc\u00e9, \u00e9paisseur 5 cm, disponible en diff\u00e9rents mod\u00e8les PA013","description":"Receveur de douche semi-circulaire en acrylique renforc\u00e9 de 5 cm d'\u00e9paisseur disponible dans les mod\u00e8les 80x80 et 90x90","robots":{"index":"index","follow":"follow","max-snippet":"max-snippet:-1","max-image-preview":"max-image-preview:large","max-video-preview":"max-video-preview:-1"},"canonical":"https:\/\/www.bagnoitalia.com\/fr\/produit\/receveur-de-douche-en-demi-cercle-en-acrylique-renforce-epaisseur-5-cm-disponible-en-differents-modeles.html","og_locale":"fr_FR","og_type":"article","og_title":"Receveur de douche semi-circulaire en acrylique renforc\u00e9, \u00e9paisseur 5 cm, disponible en diff\u00e9rents mod\u00e8les PA013","og_description":"Receveur de douche semi-circulaire en acrylique renforc\u00e9 de 5 cm d'\u00e9paisseur disponible dans les mod\u00e8les 80x80 et 90x90","og_url":"https:\/\/www.bagnoitalia.com\/fr\/produit\/receveur-de-douche-en-demi-cercle-en-acrylique-renforce-epaisseur-5-cm-disponible-en-differents-modeles.html","og_site_name":"Bagno Italia","article_modified_time":"2024-05-24T10:18:17+00:00","og_image":[{"width":548,"height":548,"url":"https:\/\/img.bagnoitalia.com\/wp-content\/uploads\/virtuemart\/product\/Semicircular-acrilic-reinforced-shower-tray-1_1542813451_5132.jpg","type":"image\/jpeg"}],"twitter_card":"summary_large_image","twitter_misc":{"Dur\u00e9e de lecture estim\u00e9e":"1 minute"},"schema":{"@context":"https:\/\/schema.org","@graph":[{"@type":"WebPage","@id":"https:\/\/www.bagnoitalia.com\/fr\/produit\/receveur-de-douche-en-demi-cercle-en-acrylique-renforce-epaisseur-5-cm-disponible-en-differents-modeles.html","url":"https:\/\/www.bagnoitalia.com\/fr\/produit\/receveur-de-douche-en-demi-cercle-en-acrylique-renforce-epaisseur-5-cm-disponible-en-differents-modeles.html","name":"Receveur de douche semi-circulaire en acrylique renforc\u00e9, \u00e9paisseur 5 cm, disponible en diff\u00e9rents mod\u00e8les PA013","isPartOf":{"@id":"https:\/\/www.bagnoitalia.com\/fr#website"},"primaryImageOfPage":{"@id":"https:\/\/www.bagnoitalia.com\/fr\/produit\/receveur-de-douche-en-demi-cercle-en-acrylique-renforce-epaisseur-5-cm-disponible-en-differents-modeles.html#primaryimage"},"image":{"@id":"https:\/\/www.bagnoitalia.com\/fr\/produit\/receveur-de-douche-en-demi-cercle-en-acrylique-renforce-epaisseur-5-cm-disponible-en-differents-modeles.html#primaryimage"},"thumbnailUrl":"https:\/\/img.bagnoitalia.com\/wp-content\/uploads\/virtuemart\/product\/Semicircular-acrilic-reinforced-shower-tray-1_1542813451_5132.jpg","datePublished":"2016-10-12T05:37:54+00:00","dateModified":"2024-05-24T10:18:17+00:00","description":"Receveur de douche semi-circulaire en acrylique renforc\u00e9 de 5 cm d'\u00e9paisseur disponible dans les mod\u00e8les 80x80 et 90x90","breadcrumb":{"@id":"https:\/\/www.bagnoitalia.com\/fr\/produit\/receveur-de-douche-en-demi-cercle-en-acrylique-renforce-epaisseur-5-cm-disponible-en-differents-modeles.html#breadcrumb"},"inLanguage":"fr-FR","potentialAction":[{"@type":"ReadAction","target":["https:\/\/www.bagnoitalia.com\/fr\/produit\/receveur-de-douche-en-demi-cercle-en-acrylique-renforce-epaisseur-5-cm-disponible-en-differents-modeles.html"]}]},{"@type":"ImageObject","inLanguage":"fr-FR","@id":"https:\/\/www.bagnoitalia.com\/fr\/produit\/receveur-de-douche-en-demi-cercle-en-acrylique-renforce-epaisseur-5-cm-disponible-en-differents-modeles.html#primaryimage","url":"https:\/\/img.bagnoitalia.com\/wp-content\/uploads\/virtuemart\/product\/Semicircular-acrilic-reinforced-shower-tray-1_1542813451_5132.jpg","contentUrl":"https:\/\/img.bagnoitalia.com\/wp-content\/uploads\/virtuemart\/product\/Semicircular-acrilic-reinforced-shower-tray-1_1542813451_5132.jpg","width":548,"height":548},{"@type":"BreadcrumbList","@id":"https:\/\/www.bagnoitalia.com\/fr\/produit\/receveur-de-douche-en-demi-cercle-en-acrylique-renforce-epaisseur-5-cm-disponible-en-differents-modeles.html#breadcrumb","itemListElement":[{"@type":"ListItem","position":1,"name":"Home","item":"https:\/\/www.bagnoitalia.com\/fr"},{"@type":"ListItem","position":2,"name":"Produits","item":"https:\/\/www.bagnoitalia.com\/fr\/shop"},{"@type":"ListItem","position":3,"name":"Receveur de douche semi-circulaire en acrylique renforc\u00e9, \u00e9paisseur 5 cm, disponible en diff\u00e9rents mod\u00e8les PA013"}]},{"@type":"WebSite","@id":"https:\/\/www.bagnoitalia.com\/fr#website","url":"https:\/\/www.bagnoitalia.com\/fr","name":"Bagno Italia","description":"","publisher":{"@id":"https:\/\/www.bagnoitalia.com\/fr#organization"},"potentialAction":[{"@type":"SearchAction","target":{"@type":"EntryPoint","urlTemplate":"https:\/\/www.bagnoitalia.com\/fr?s={search_term_string}"},"query-input":{"@type":"PropertyValueSpecification","valueRequired":true,"valueName":"search_term_string"}}],"inLanguage":"fr-FR"},{"@type":"Organization","@id":"https:\/\/www.bagnoitalia.com\/fr#organization","name":"Bagno Italia","url":"https:\/\/www.bagnoitalia.com\/fr","logo":{"@type":"ImageObject","inLanguage":"fr-FR","@id":"https:\/\/www.bagnoitalia.com\/fr#\/schema\/logo\/image\/","url":"https:\/\/img.bagnoitalia.com\/wp-content\/uploads\/logo-bagnoitalia.webp","contentUrl":"https:\/\/img.bagnoitalia.com\/wp-content\/uploads\/logo-bagnoitalia.webp","width":400,"height":70,"caption":"Bagno Italia"},"image":{"@id":"https:\/\/www.bagnoitalia.com\/fr#\/schema\/logo\/image\/"}}]}},"_links":{"self":[{"href":"https:\/\/www.bagnoitalia.com\/fr\/wp-json\/wp\/v2\/product\/80246","targetHints":{"allow":["GET"]}}],"collection":[{"href":"https:\/\/www.bagnoitalia.com\/fr\/wp-json\/wp\/v2\/product"}],"about":[{"href":"https:\/\/www.bagnoitalia.com\/fr\/wp-json\/wp\/v2\/types\/product"}],"replies":[{"embeddable":true,"href":"https:\/\/www.bagnoitalia.com\/fr\/wp-json\/wp\/v2\/comments?post=80246"}],"version-history":[{"count":1,"href":"https:\/\/www.bagnoitalia.com\/fr\/wp-json\/wp\/v2\/product\/80246\/revisions"}],"predecessor-version":[{"id":88076,"href":"https:\/\/www.bagnoitalia.com\/fr\/wp-json\/wp\/v2\/product\/80246\/revisions\/88076"}],"wp:featuredmedia":[{"embeddable":true,"href":"https:\/\/www.bagnoitalia.com\/fr\/wp-json\/wp\/v2\/media\/33082"}],"wp:attachment":[{"href":"https:\/\/www.bagnoitalia.com\/fr\/wp-json\/wp\/v2\/media?parent=80246"}],"wp:term":[{"taxonomy":"product_brand","embeddable":true,"href":"https:\/\/www.bagnoitalia.com\/fr\/wp-json\/wp\/v2\/product_brand?post=80246"},{"taxonomy":"product_cat","embeddable":true,"href":"https:\/\/www.bagnoitalia.com\/fr\/wp-json\/wp\/v2\/product_cat?post=80246"},{"taxonomy":"product_tag","embeddable":true,"href":"https:\/\/www.bagnoitalia.com\/fr\/wp-json\/wp\/v2\/product_tag?post=80246"}],"curies":[{"name":"wp","href":"https:\/\/api.w.org\/{rel}","templated":true}]}}