{"id":80242,"date":"2016-10-11T15:43:28","date_gmt":"2016-10-11T13:43:28","guid":{"rendered":"https:\/\/www.bagnoitalia.com\/product\/receveur-de-douche-en-acrylique-renforce-epaisseur-5-cm-carre-rectangulaire-de-differentes-tailles"},"modified":"2024-05-24T14:44:11","modified_gmt":"2024-05-24T12:44:11","slug":"receveur-de-douche-en-acrylique-renforce-epaisseur-5-cm-carre-rectangulaire-de-differentes-tailles","status":"publish","type":"product","link":"https:\/\/www.bagnoitalia.com\/fr\/produit\/receveur-de-douche-en-acrylique-renforce-epaisseur-5-cm-carre-rectangulaire-de-differentes-tailles.html","title":{"rendered":"Receveur de douche en acrylique renforc\u00e9, \u00e9paisseur 5 cm, carr\u00e9 ou rectangulaire en plusieurs dimensions PA01"},"content":{"rendered":"<p><span style=\"text-decoration: underline; font-size: 12pt;\"><strong>Receveur de douche en acrylique renforc\u00e9, \u00e9paisseur 5 cm, carr\u00e9 ou rectangulaire en plusieurs dimensions<\/strong><\/span><\/p>\n<p><span style=\"font-size: 12pt; color: #000000;\"><strong>Caract\u00e9ristiques sp\u00e9cifiques:<br \/>\n<\/strong><\/span><\/p>\n<p><span style=\"font-size: 12pt; color: #000000;\">&#8211; Receveur de douche, carr\u00e9 ou rectangulaire, en pur acrylique renforc\u00e9, blanc<br \/>\n<\/span><\/p>\n<p><span style=\"font-size: 12pt; color: #000000;\">&#8211; Style moderne et ultra-plat d&rsquo;une \u00e9paisseur de 5 cm<\/span><\/p>\n<p><span style=\"font-size: 12pt; color: #000000;\">&#8211; Installation \u00e0 la fois encastr\u00e9 et avec le syst\u00e8me traditionnel<\/span><\/p>\n<p><span style=\"font-size: 12pt;\">&#8211; Fond due receveur renforc\u00e9 en fibre de verre\u00a0<\/span><\/p>\n<p><span style=\"font-size: 12pt;\">&#8211; Dimensions disponibles: 70&#215;90 \/ 70&#215;100 \/ 70&#215;120 \/ 70&#215;170 \/ 80&#215;80 \/ \u200b\u200b80&#215;100 \/ 80&#215;120 \/ 90&#215;90<\/span><\/p>\n<p><span style=\"font-size: 12pt;\"><strong>Il est possible d&rsquo;acheter le drain sp\u00e9cial pour ce type de receveur (\u00e0 s\u00e9lectionner dans le menu sus-jacent)<\/strong><\/span><\/p>\n<p><span style=\"font-size: 10pt; color: #ffffff;\">.<\/span><\/p>\n","protected":false},"excerpt":{"rendered":"<p>Receveur de douche en acrylique renforc\u00e9, \u00e9paisseur 5 cm, de forme carr\u00e9e ou rectangulaire, disponible en plusieurs dimensions<\/p>\n","protected":false},"featured_media":33046,"comment_status":"open","ping_status":"closed","template":"","meta":[],"product_brand":[5008],"product_cat":[9755],"product_tag":[],"class_list":{"0":"post-80242","1":"product","2":"type-product","3":"status-publish","4":"has-post-thumbnail","6":"product_brand-idrom","7":"product_cat-receveurs-de-douche","9":"first","10":"instock","11":"sale","12":"taxable","13":"shipping-taxable","14":"purchasable","15":"product-type-simple"},"exclude_global_add_ons":false,"addons":[{"name":"Dimensions","type":"multiple_choice","position":0,"required":true,"title_format":"heading","default":"","description_enable":false,"description":"","placeholder_enable":false,"placeholder":"","display":"select","restrictions_type":"any_text","adjust_price":false,"price":"","price_type":"flat_fee","restrictions":false,"min":"0","max":"0","options":[{"label":"NON DISPONIBLE -80x80","price":"","price_type":"quantity_based","image":0,"visibility":true},{"label":"NON DISPONIBLE -70x90","price":"","price_type":"quantity_based","image":0,"visibility":true},{"label":"NON DISPONIBLE - 70x100","price":"4","price_type":"quantity_based","image":0,"visibility":true},{"label":"NON DISPONIBLE -80x100","price":"10","price_type":"quantity_based","image":0,"visibility":true},{"label":"90x90","price":"14","price_type":"quantity_based","image":0,"visibility":true},{"label":"NON DISPONIBLE - 70x120","price":"20","price_type":"quantity_based","image":0,"visibility":true},{"label":"80x120","price":"24","price_type":"quantity_based","image":0,"visibility":true},{"label":"70x170","price":"80","price_type":"quantity_based","image":0,"visibility":true}],"id":1716561852},{"name":"Vidange","type":"multiple_choice","position":1,"required":true,"title_format":"heading","default":"","description_enable":false,"description":"","placeholder_enable":false,"placeholder":"","display":"select","restrictions_type":"any_text","adjust_price":false,"price":"","price_type":"flat_fee","restrictions":false,"min":"0","max":"0","options":[{"label":"Pas de vidange","price":"","price_type":"quantity_based","image":0,"visibility":true},{"label":"vidange","price":"27","price_type":"quantity_based","image":0,"visibility":true}],"id":1716561853}],"yoast_head":"<!-- This site is optimized with the Yoast SEO plugin v26.7 - https:\/\/yoast.com\/wordpress\/plugins\/seo\/ -->\n<title>Receveur de douche en acrylique renforc\u00e9, \u00e9paisseur 5 cm, carr\u00e9 ou rectangulaire en plusieurs dimensions PA01<\/title>\n<meta name=\"description\" content=\"Receveur de douche en acrylique renforc\u00e9 \u00e9paisseur 5 cm, de forme carr\u00e9e ou rectangulaire, disponible en diff\u00e9rentes tailles\" \/>\n<meta name=\"robots\" content=\"index, follow, max-snippet:-1, max-image-preview:large, max-video-preview:-1\" \/>\n<link rel=\"canonical\" href=\"https:\/\/www.bagnoitalia.com\/fr\/produit\/receveur-de-douche-en-acrylique-renforce-epaisseur-5-cm-carre-rectangulaire-de-differentes-tailles.html\" \/>\n<meta property=\"og:locale\" content=\"fr_FR\" \/>\n<meta property=\"og:type\" content=\"article\" \/>\n<meta property=\"og:title\" content=\"Receveur de douche en acrylique renforc\u00e9, \u00e9paisseur 5 cm, carr\u00e9 ou rectangulaire en plusieurs dimensions PA01\" \/>\n<meta property=\"og:description\" content=\"Receveur de douche en acrylique renforc\u00e9 \u00e9paisseur 5 cm, de forme carr\u00e9e ou rectangulaire, disponible en diff\u00e9rentes tailles\" \/>\n<meta property=\"og:url\" content=\"https:\/\/www.bagnoitalia.com\/fr\/produit\/receveur-de-douche-en-acrylique-renforce-epaisseur-5-cm-carre-rectangulaire-de-differentes-tailles.html\" \/>\n<meta property=\"og:site_name\" content=\"Bagno Italia\" \/>\n<meta property=\"article:modified_time\" content=\"2024-05-24T12:44:11+00:00\" \/>\n<meta property=\"og:image\" content=\"https:\/\/img.bagnoitalia.com\/wp-content\/uploads\/virtuemart\/product\/Rectangular-or-square-acrilic-reinforced-shower-tray-1_1542813693_6866.jpg\" \/>\n\t<meta property=\"og:image:width\" content=\"615\" \/>\n\t<meta property=\"og:image:height\" content=\"614\" \/>\n\t<meta property=\"og:image:type\" content=\"image\/jpeg\" \/>\n<meta name=\"twitter:card\" content=\"summary_large_image\" \/>\n<meta name=\"twitter:label1\" content=\"Dur\u00e9e de lecture estim\u00e9e\" \/>\n\t<meta name=\"twitter:data1\" content=\"1 minute\" \/>\n<script type=\"application\/ld+json\" class=\"yoast-schema-graph\">{\"@context\":\"https:\/\/schema.org\",\"@graph\":[{\"@type\":\"WebPage\",\"@id\":\"https:\/\/www.bagnoitalia.com\/fr\/produit\/receveur-de-douche-en-acrylique-renforce-epaisseur-5-cm-carre-rectangulaire-de-differentes-tailles.html\",\"url\":\"https:\/\/www.bagnoitalia.com\/fr\/produit\/receveur-de-douche-en-acrylique-renforce-epaisseur-5-cm-carre-rectangulaire-de-differentes-tailles.html\",\"name\":\"Receveur de douche en acrylique renforc\u00e9, \u00e9paisseur 5 cm, carr\u00e9 ou rectangulaire en plusieurs dimensions PA01\",\"isPartOf\":{\"@id\":\"https:\/\/www.bagnoitalia.com\/fr#website\"},\"primaryImageOfPage\":{\"@id\":\"https:\/\/www.bagnoitalia.com\/fr\/produit\/receveur-de-douche-en-acrylique-renforce-epaisseur-5-cm-carre-rectangulaire-de-differentes-tailles.html#primaryimage\"},\"image\":{\"@id\":\"https:\/\/www.bagnoitalia.com\/fr\/produit\/receveur-de-douche-en-acrylique-renforce-epaisseur-5-cm-carre-rectangulaire-de-differentes-tailles.html#primaryimage\"},\"thumbnailUrl\":\"https:\/\/img.bagnoitalia.com\/wp-content\/uploads\/virtuemart\/product\/Rectangular-or-square-acrilic-reinforced-shower-tray-1_1542813693_6866.jpg\",\"datePublished\":\"2016-10-11T13:43:28+00:00\",\"dateModified\":\"2024-05-24T12:44:11+00:00\",\"description\":\"Receveur de douche en acrylique renforc\u00e9 \u00e9paisseur 5 cm, de forme carr\u00e9e ou rectangulaire, disponible en diff\u00e9rentes tailles\",\"breadcrumb\":{\"@id\":\"https:\/\/www.bagnoitalia.com\/fr\/produit\/receveur-de-douche-en-acrylique-renforce-epaisseur-5-cm-carre-rectangulaire-de-differentes-tailles.html#breadcrumb\"},\"inLanguage\":\"fr-FR\",\"potentialAction\":[{\"@type\":\"ReadAction\",\"target\":[\"https:\/\/www.bagnoitalia.com\/fr\/produit\/receveur-de-douche-en-acrylique-renforce-epaisseur-5-cm-carre-rectangulaire-de-differentes-tailles.html\"]}]},{\"@type\":\"ImageObject\",\"inLanguage\":\"fr-FR\",\"@id\":\"https:\/\/www.bagnoitalia.com\/fr\/produit\/receveur-de-douche-en-acrylique-renforce-epaisseur-5-cm-carre-rectangulaire-de-differentes-tailles.html#primaryimage\",\"url\":\"https:\/\/img.bagnoitalia.com\/wp-content\/uploads\/virtuemart\/product\/Rectangular-or-square-acrilic-reinforced-shower-tray-1_1542813693_6866.jpg\",\"contentUrl\":\"https:\/\/img.bagnoitalia.com\/wp-content\/uploads\/virtuemart\/product\/Rectangular-or-square-acrilic-reinforced-shower-tray-1_1542813693_6866.jpg\",\"width\":615,\"height\":614},{\"@type\":\"BreadcrumbList\",\"@id\":\"https:\/\/www.bagnoitalia.com\/fr\/produit\/receveur-de-douche-en-acrylique-renforce-epaisseur-5-cm-carre-rectangulaire-de-differentes-tailles.html#breadcrumb\",\"itemListElement\":[{\"@type\":\"ListItem\",\"position\":1,\"name\":\"Home\",\"item\":\"https:\/\/www.bagnoitalia.com\/fr\"},{\"@type\":\"ListItem\",\"position\":2,\"name\":\"Produits\",\"item\":\"https:\/\/www.bagnoitalia.com\/fr\/shop\"},{\"@type\":\"ListItem\",\"position\":3,\"name\":\"Receveur de douche en acrylique renforc\u00e9, \u00e9paisseur 5 cm, carr\u00e9 ou rectangulaire en plusieurs dimensions PA01\"}]},{\"@type\":\"WebSite\",\"@id\":\"https:\/\/www.bagnoitalia.com\/fr#website\",\"url\":\"https:\/\/www.bagnoitalia.com\/fr\",\"name\":\"Bagno Italia\",\"description\":\"\",\"publisher\":{\"@id\":\"https:\/\/www.bagnoitalia.com\/fr#organization\"},\"potentialAction\":[{\"@type\":\"SearchAction\",\"target\":{\"@type\":\"EntryPoint\",\"urlTemplate\":\"https:\/\/www.bagnoitalia.com\/fr?s={search_term_string}\"},\"query-input\":{\"@type\":\"PropertyValueSpecification\",\"valueRequired\":true,\"valueName\":\"search_term_string\"}}],\"inLanguage\":\"fr-FR\"},{\"@type\":\"Organization\",\"@id\":\"https:\/\/www.bagnoitalia.com\/fr#organization\",\"name\":\"Bagno Italia\",\"url\":\"https:\/\/www.bagnoitalia.com\/fr\",\"logo\":{\"@type\":\"ImageObject\",\"inLanguage\":\"fr-FR\",\"@id\":\"https:\/\/www.bagnoitalia.com\/fr#\/schema\/logo\/image\/\",\"url\":\"https:\/\/img.bagnoitalia.com\/wp-content\/uploads\/logo-bagnoitalia.webp\",\"contentUrl\":\"https:\/\/img.bagnoitalia.com\/wp-content\/uploads\/logo-bagnoitalia.webp\",\"width\":400,\"height\":70,\"caption\":\"Bagno Italia\"},\"image\":{\"@id\":\"https:\/\/www.bagnoitalia.com\/fr#\/schema\/logo\/image\/\"}}]}<\/script>\n<!-- \/ Yoast SEO plugin. -->","yoast_head_json":{"title":"Receveur de douche en acrylique renforc\u00e9, \u00e9paisseur 5 cm, carr\u00e9 ou rectangulaire en plusieurs dimensions PA01","description":"Receveur de douche en acrylique renforc\u00e9 \u00e9paisseur 5 cm, de forme carr\u00e9e ou rectangulaire, disponible en diff\u00e9rentes tailles","robots":{"index":"index","follow":"follow","max-snippet":"max-snippet:-1","max-image-preview":"max-image-preview:large","max-video-preview":"max-video-preview:-1"},"canonical":"https:\/\/www.bagnoitalia.com\/fr\/produit\/receveur-de-douche-en-acrylique-renforce-epaisseur-5-cm-carre-rectangulaire-de-differentes-tailles.html","og_locale":"fr_FR","og_type":"article","og_title":"Receveur de douche en acrylique renforc\u00e9, \u00e9paisseur 5 cm, carr\u00e9 ou rectangulaire en plusieurs dimensions PA01","og_description":"Receveur de douche en acrylique renforc\u00e9 \u00e9paisseur 5 cm, de forme carr\u00e9e ou rectangulaire, disponible en diff\u00e9rentes tailles","og_url":"https:\/\/www.bagnoitalia.com\/fr\/produit\/receveur-de-douche-en-acrylique-renforce-epaisseur-5-cm-carre-rectangulaire-de-differentes-tailles.html","og_site_name":"Bagno Italia","article_modified_time":"2024-05-24T12:44:11+00:00","og_image":[{"width":615,"height":614,"url":"https:\/\/img.bagnoitalia.com\/wp-content\/uploads\/virtuemart\/product\/Rectangular-or-square-acrilic-reinforced-shower-tray-1_1542813693_6866.jpg","type":"image\/jpeg"}],"twitter_card":"summary_large_image","twitter_misc":{"Dur\u00e9e de lecture estim\u00e9e":"1 minute"},"schema":{"@context":"https:\/\/schema.org","@graph":[{"@type":"WebPage","@id":"https:\/\/www.bagnoitalia.com\/fr\/produit\/receveur-de-douche-en-acrylique-renforce-epaisseur-5-cm-carre-rectangulaire-de-differentes-tailles.html","url":"https:\/\/www.bagnoitalia.com\/fr\/produit\/receveur-de-douche-en-acrylique-renforce-epaisseur-5-cm-carre-rectangulaire-de-differentes-tailles.html","name":"Receveur de douche en acrylique renforc\u00e9, \u00e9paisseur 5 cm, carr\u00e9 ou rectangulaire en plusieurs dimensions PA01","isPartOf":{"@id":"https:\/\/www.bagnoitalia.com\/fr#website"},"primaryImageOfPage":{"@id":"https:\/\/www.bagnoitalia.com\/fr\/produit\/receveur-de-douche-en-acrylique-renforce-epaisseur-5-cm-carre-rectangulaire-de-differentes-tailles.html#primaryimage"},"image":{"@id":"https:\/\/www.bagnoitalia.com\/fr\/produit\/receveur-de-douche-en-acrylique-renforce-epaisseur-5-cm-carre-rectangulaire-de-differentes-tailles.html#primaryimage"},"thumbnailUrl":"https:\/\/img.bagnoitalia.com\/wp-content\/uploads\/virtuemart\/product\/Rectangular-or-square-acrilic-reinforced-shower-tray-1_1542813693_6866.jpg","datePublished":"2016-10-11T13:43:28+00:00","dateModified":"2024-05-24T12:44:11+00:00","description":"Receveur de douche en acrylique renforc\u00e9 \u00e9paisseur 5 cm, de forme carr\u00e9e ou rectangulaire, disponible en diff\u00e9rentes tailles","breadcrumb":{"@id":"https:\/\/www.bagnoitalia.com\/fr\/produit\/receveur-de-douche-en-acrylique-renforce-epaisseur-5-cm-carre-rectangulaire-de-differentes-tailles.html#breadcrumb"},"inLanguage":"fr-FR","potentialAction":[{"@type":"ReadAction","target":["https:\/\/www.bagnoitalia.com\/fr\/produit\/receveur-de-douche-en-acrylique-renforce-epaisseur-5-cm-carre-rectangulaire-de-differentes-tailles.html"]}]},{"@type":"ImageObject","inLanguage":"fr-FR","@id":"https:\/\/www.bagnoitalia.com\/fr\/produit\/receveur-de-douche-en-acrylique-renforce-epaisseur-5-cm-carre-rectangulaire-de-differentes-tailles.html#primaryimage","url":"https:\/\/img.bagnoitalia.com\/wp-content\/uploads\/virtuemart\/product\/Rectangular-or-square-acrilic-reinforced-shower-tray-1_1542813693_6866.jpg","contentUrl":"https:\/\/img.bagnoitalia.com\/wp-content\/uploads\/virtuemart\/product\/Rectangular-or-square-acrilic-reinforced-shower-tray-1_1542813693_6866.jpg","width":615,"height":614},{"@type":"BreadcrumbList","@id":"https:\/\/www.bagnoitalia.com\/fr\/produit\/receveur-de-douche-en-acrylique-renforce-epaisseur-5-cm-carre-rectangulaire-de-differentes-tailles.html#breadcrumb","itemListElement":[{"@type":"ListItem","position":1,"name":"Home","item":"https:\/\/www.bagnoitalia.com\/fr"},{"@type":"ListItem","position":2,"name":"Produits","item":"https:\/\/www.bagnoitalia.com\/fr\/shop"},{"@type":"ListItem","position":3,"name":"Receveur de douche en acrylique renforc\u00e9, \u00e9paisseur 5 cm, carr\u00e9 ou rectangulaire en plusieurs dimensions PA01"}]},{"@type":"WebSite","@id":"https:\/\/www.bagnoitalia.com\/fr#website","url":"https:\/\/www.bagnoitalia.com\/fr","name":"Bagno Italia","description":"","publisher":{"@id":"https:\/\/www.bagnoitalia.com\/fr#organization"},"potentialAction":[{"@type":"SearchAction","target":{"@type":"EntryPoint","urlTemplate":"https:\/\/www.bagnoitalia.com\/fr?s={search_term_string}"},"query-input":{"@type":"PropertyValueSpecification","valueRequired":true,"valueName":"search_term_string"}}],"inLanguage":"fr-FR"},{"@type":"Organization","@id":"https:\/\/www.bagnoitalia.com\/fr#organization","name":"Bagno Italia","url":"https:\/\/www.bagnoitalia.com\/fr","logo":{"@type":"ImageObject","inLanguage":"fr-FR","@id":"https:\/\/www.bagnoitalia.com\/fr#\/schema\/logo\/image\/","url":"https:\/\/img.bagnoitalia.com\/wp-content\/uploads\/logo-bagnoitalia.webp","contentUrl":"https:\/\/img.bagnoitalia.com\/wp-content\/uploads\/logo-bagnoitalia.webp","width":400,"height":70,"caption":"Bagno Italia"},"image":{"@id":"https:\/\/www.bagnoitalia.com\/fr#\/schema\/logo\/image\/"}}]}},"_links":{"self":[{"href":"https:\/\/www.bagnoitalia.com\/fr\/wp-json\/wp\/v2\/product\/80242","targetHints":{"allow":["GET"]}}],"collection":[{"href":"https:\/\/www.bagnoitalia.com\/fr\/wp-json\/wp\/v2\/product"}],"about":[{"href":"https:\/\/www.bagnoitalia.com\/fr\/wp-json\/wp\/v2\/types\/product"}],"replies":[{"embeddable":true,"href":"https:\/\/www.bagnoitalia.com\/fr\/wp-json\/wp\/v2\/comments?post=80242"}],"version-history":[{"count":1,"href":"https:\/\/www.bagnoitalia.com\/fr\/wp-json\/wp\/v2\/product\/80242\/revisions"}],"predecessor-version":[{"id":88140,"href":"https:\/\/www.bagnoitalia.com\/fr\/wp-json\/wp\/v2\/product\/80242\/revisions\/88140"}],"wp:featuredmedia":[{"embeddable":true,"href":"https:\/\/www.bagnoitalia.com\/fr\/wp-json\/wp\/v2\/media\/33046"}],"wp:attachment":[{"href":"https:\/\/www.bagnoitalia.com\/fr\/wp-json\/wp\/v2\/media?parent=80242"}],"wp:term":[{"taxonomy":"product_brand","embeddable":true,"href":"https:\/\/www.bagnoitalia.com\/fr\/wp-json\/wp\/v2\/product_brand?post=80242"},{"taxonomy":"product_cat","embeddable":true,"href":"https:\/\/www.bagnoitalia.com\/fr\/wp-json\/wp\/v2\/product_cat?post=80242"},{"taxonomy":"product_tag","embeddable":true,"href":"https:\/\/www.bagnoitalia.com\/fr\/wp-json\/wp\/v2\/product_tag?post=80242"}],"curies":[{"name":"wp","href":"https:\/\/api.w.org\/{rel}","templated":true}]}}