{"id":80238,"date":"2016-10-11T09:05:42","date_gmt":"2016-10-11T07:05:42","guid":{"rendered":"https:\/\/www.bagnoitalia.com\/product\/arbre-ecologique-arbre-de-synthese-en-pin-vert-avec-base-en-differentes-tailles-et-modeles"},"modified":"2024-05-23T15:38:47","modified_gmt":"2024-05-23T13:38:47","slug":"arbre-ecologique-arbre-de-synthese-en-pin-vert-avec-base-en-differentes-tailles-et-modeles","status":"publish","type":"product","link":"https:\/\/www.bagnoitalia.com\/fr\/produit\/arbre-ecologique-arbre-de-synthese-en-pin-vert-avec-base-en-differentes-tailles-et-modeles.html","title":{"rendered":"Arbre de No\u00ebl synth\u00e9tique \u00e9cologique pin vert avec la base de soutien dans diff\u00e9rentes tailles et mod\u00e8les"},"content":{"rendered":"<p><span style=\"text-decoration: underline;\"><span style=\"font-size: 12pt;\"><strong>Pin vert synth\u00e9tique Arbre de No<\/strong><strong>\u00ebl<\/strong><strong> \u00e9cologique avec la base en diff\u00e9rentes tailles et mod\u00e8les<\/strong><\/span><\/span><\/p>\n<ul>\n<li>\n<ul>\n<li><span style=\"font-size: 14pt;\">Excellente qualit\u00e9 des mat\u00e9riaux utilis\u00e9s, style moderne et \u00e9l\u00e9gant<\/span><\/li>\n<li><span style=\"font-size: 14pt;\">Equip\u00e9 d&rsquo;une base en plastique ou en fer<\/span><\/li>\n<li><span style=\"font-size: 14pt;\">L\u00e9ger et facile \u00e0 ranger m\u00eame dans des espaces restreints<\/span><\/li>\n<li><span style=\"font-size: 14pt;\">Branches \u00e9paisses<\/span><\/li>\n<li><span style=\"font-size: 14pt;\">Mat\u00e9riaux ignifuges et non toxiques, certifi\u00e9s CE<\/span><\/li>\n<\/ul>\n<\/li>\n<\/ul>\n<p>_____________________________________________________________________________________________<\/p>\n<p><span style=\"text-decoration: underline;\"><span style=\"font-size: 12pt;\"><strong>Sapin de No\u00ebl 210 cm avec 1500 branches synth\u00e9tiques mod\u00e8le ALB01<\/strong><\/span><\/span><\/p>\n<p><img fetchpriority=\"high\" decoding=\"async\" class=\" size-full wp-image-33027\" src=\"https:\/\/img.bagnoitalia.com\/wp-content\/uploads\/albero-natale-210-cm.jpg\" alt=\"\" width=\"535\" height=\"392\" srcset=\"https:\/\/img.bagnoitalia.com\/wp-content\/uploads\/albero-natale-210-cm.jpg 600w, https:\/\/img.bagnoitalia.com\/wp-content\/uploads\/albero-natale-210-cm-441x323.jpg 441w, https:\/\/img.bagnoitalia.com\/wp-content\/uploads\/albero-natale-210-cm-150x110.jpg 150w\" sizes=\"(max-width: 535px) 100vw, 535px\" \/><\/p>\n<p>__________________________________________________________________________________________________<\/p>\n<p><span style=\"text-decoration: underline;\"><span style=\"font-size: 12pt;\"><strong>Pin de No\u00ebl 240 cm avec 1032 branches synth\u00e9tiques mod\u00e8le ALB02<\/strong><\/span><\/span><\/p>\n<p><img decoding=\"async\" class=\" size-full wp-image-33031\" src=\"https:\/\/img.bagnoitalia.com\/wp-content\/uploads\/albero-di-natale-240-cm-artificiale-pino-addobbo-1032-rami-per-interni-ALB05.jpg\" alt=\"\" width=\"540\" height=\"395\" srcset=\"https:\/\/img.bagnoitalia.com\/wp-content\/uploads\/albero-di-natale-240-cm-artificiale-pino-addobbo-1032-rami-per-interni-ALB05.jpg 600w, https:\/\/img.bagnoitalia.com\/wp-content\/uploads\/albero-di-natale-240-cm-artificiale-pino-addobbo-1032-rami-per-interni-ALB05-441x323.jpg 441w, https:\/\/img.bagnoitalia.com\/wp-content\/uploads\/albero-di-natale-240-cm-artificiale-pino-addobbo-1032-rami-per-interni-ALB05-150x110.jpg 150w\" sizes=\"(max-width: 540px) 100vw, 540px\" \/><\/p>\n<p>__________________________________________________________________________________________________________<\/p>\n<p><span style=\"text-decoration: underline;\"><span style=\"font-size: 12pt;\"><strong>Pin de No\u00ebl 240 cm avec 2200 branches synth\u00e9tiques mod\u00e8le ALB03 (base en fer)<br \/>\n<\/strong><\/span><\/span><\/p>\n<p><img decoding=\"async\" class=\" size-full wp-image-33035\" src=\"https:\/\/img.bagnoitalia.com\/wp-content\/uploads\/albero-di-natale-240-cm-artificiale-pino-addobbo-2200-rami-sintetici-per-interno-ecologico-ALB09.jpg\" alt=\"\" width=\"543\" height=\"398\" srcset=\"https:\/\/img.bagnoitalia.com\/wp-content\/uploads\/albero-di-natale-240-cm-artificiale-pino-addobbo-2200-rami-sintetici-per-interno-ecologico-ALB09.jpg 600w, https:\/\/img.bagnoitalia.com\/wp-content\/uploads\/albero-di-natale-240-cm-artificiale-pino-addobbo-2200-rami-sintetici-per-interno-ecologico-ALB09-441x323.jpg 441w, https:\/\/img.bagnoitalia.com\/wp-content\/uploads\/albero-di-natale-240-cm-artificiale-pino-addobbo-2200-rami-sintetici-per-interno-ecologico-ALB09-150x110.jpg 150w\" sizes=\"(max-width: 543px) 100vw, 543px\" \/><\/p>\n<p>_____________________________________________________________________________________________________________________<\/p>\n<p><span style=\"text-decoration: underline;\"><span style=\"font-size: 12pt;\"><strong>Pin de No\u00ebl 270 cm avec 2000 branches synth\u00e9tiques, mod\u00e8le ALB04 (base en fer)<br \/>\n<\/strong><\/span><\/span><\/p>\n<p><img loading=\"lazy\" decoding=\"async\" class=\" size-full wp-image-33039\" src=\"https:\/\/img.bagnoitalia.com\/wp-content\/uploads\/albero-di-natale-270-cm-artificiale-pino-addobbo-sintetico-con-treppiedi-verde-ALB010.jpg\" alt=\"\" width=\"543\" height=\"447\" srcset=\"https:\/\/img.bagnoitalia.com\/wp-content\/uploads\/albero-di-natale-270-cm-artificiale-pino-addobbo-sintetico-con-treppiedi-verde-ALB010.jpg 800w, https:\/\/img.bagnoitalia.com\/wp-content\/uploads\/albero-di-natale-270-cm-artificiale-pino-addobbo-sintetico-con-treppiedi-verde-ALB010-768x634.jpg 768w, https:\/\/img.bagnoitalia.com\/wp-content\/uploads\/albero-di-natale-270-cm-artificiale-pino-addobbo-sintetico-con-treppiedi-verde-ALB010-441x364.jpg 441w, https:\/\/img.bagnoitalia.com\/wp-content\/uploads\/albero-di-natale-270-cm-artificiale-pino-addobbo-sintetico-con-treppiedi-verde-ALB010-600x495.jpg 600w, https:\/\/img.bagnoitalia.com\/wp-content\/uploads\/albero-di-natale-270-cm-artificiale-pino-addobbo-sintetico-con-treppiedi-verde-ALB010-150x124.jpg 150w\" sizes=\"(max-width: 543px) 100vw, 543px\" \/><\/p>\n<p>_________________________________________________________________________________________________________________<\/p>\n<p><span style=\"text-decoration: underline;\"><span style=\"font-size: 12pt;\"><strong>\u00a0<\/strong><\/span><\/span><\/p>\n","protected":false},"excerpt":{"rendered":"<p>Arbre de No\u00ebl synth\u00e9tique \u00e9cologique pin vert avec la base de soutien dans diff\u00e9rentes tailles et mod\u00e8les<\/p>\n","protected":false},"featured_media":32982,"comment_status":"open","ping_status":"closed","template":"","meta":[],"product_brand":[5021],"product_cat":[9787],"product_tag":[],"class_list":{"0":"post-80238","1":"product","2":"type-product","3":"status-publish","4":"has-post-thumbnail","6":"product_brand-predator-arredo-casa","7":"product_cat-meubles","9":"first","10":"instock","11":"sale","12":"taxable","13":"shipping-taxable","14":"purchasable","15":"product-type-simple"},"exclude_global_add_ons":false,"addons":[{"name":"Type d'arbre","type":"multiple_choice","position":0,"required":true,"title_format":"heading","default":"","description_enable":false,"description":"","placeholder_enable":false,"placeholder":"","display":"select","restrictions_type":"any_text","adjust_price":false,"price":"","price_type":"flat_fee","restrictions":false,"min":"0","max":"0","options":[{"label":"180 cm avec 742 branches","price":"","price_type":"quantity_based","image":0,"visibility":true},{"label":"180 cm avec 1200 branches","price":"9","price_type":"quantity_based","image":0,"visibility":true},{"label":"210 cm avec 974 branches","price":"19","price_type":"quantity_based","image":0,"visibility":true},{"label":"210 cm avec 1500 branches","price":"29","price_type":"quantity_based","image":0,"visibility":true},{"label":"240 cm avec 1032 branches","price":"","price_type":"quantity_based","image":0,"visibility":true},{"label":"240 cm avec 2200 branches","price":"82","price_type":"quantity_based","image":0,"visibility":true},{"label":"270 cm avec 2000 branches","price":"81","price_type":"quantity_based","image":0,"visibility":true},{"label":"300 cm avec 2800 branches","price":"129","price_type":"quantity_based","image":0,"visibility":true}],"id":1716478727}],"yoast_head":"<!-- This site is optimized with the Yoast SEO plugin v26.7 - https:\/\/yoast.com\/wordpress\/plugins\/seo\/ -->\n<title>Arbre de No\u00ebl synth\u00e9tique \u00e9cologique pin vert avec la base de soutien dans diff\u00e9rentes tailles et mod\u00e8les<\/title>\n<meta name=\"description\" content=\"Arbre \u00e9cologique en pin vert synth\u00e9tique avec base et disponible en diff\u00e9rentes tailles et mod\u00e8les\" \/>\n<meta name=\"robots\" content=\"index, follow, max-snippet:-1, max-image-preview:large, max-video-preview:-1\" \/>\n<link rel=\"canonical\" href=\"https:\/\/www.bagnoitalia.com\/fr\/produit\/arbre-ecologique-arbre-de-synthese-en-pin-vert-avec-base-en-differentes-tailles-et-modeles.html\" \/>\n<meta property=\"og:locale\" content=\"fr_FR\" \/>\n<meta property=\"og:type\" content=\"article\" \/>\n<meta property=\"og:title\" content=\"Arbre de No\u00ebl synth\u00e9tique \u00e9cologique pin vert avec la base de soutien dans diff\u00e9rentes tailles et mod\u00e8les\" \/>\n<meta property=\"og:description\" content=\"Arbre \u00e9cologique en pin vert synth\u00e9tique avec base et disponible en diff\u00e9rentes tailles et mod\u00e8les\" \/>\n<meta property=\"og:url\" content=\"https:\/\/www.bagnoitalia.com\/fr\/produit\/arbre-ecologique-arbre-de-synthese-en-pin-vert-avec-base-en-differentes-tailles-et-modeles.html\" \/>\n<meta property=\"og:site_name\" content=\"Bagno Italia\" \/>\n<meta property=\"article:modified_time\" content=\"2024-05-23T13:38:47+00:00\" \/>\n<meta property=\"og:image\" content=\"https:\/\/img.bagnoitalia.com\/wp-content\/uploads\/virtuemart\/product\/ecological-christmas-tree.jpg\" \/>\n\t<meta property=\"og:image:width\" content=\"550\" \/>\n\t<meta property=\"og:image:height\" content=\"403\" \/>\n\t<meta property=\"og:image:type\" content=\"image\/jpeg\" \/>\n<meta name=\"twitter:card\" content=\"summary_large_image\" \/>\n<meta name=\"twitter:label1\" content=\"Dur\u00e9e de lecture estim\u00e9e\" \/>\n\t<meta name=\"twitter:data1\" content=\"2 minutes\" \/>\n<script type=\"application\/ld+json\" class=\"yoast-schema-graph\">{\"@context\":\"https:\/\/schema.org\",\"@graph\":[{\"@type\":\"WebPage\",\"@id\":\"https:\/\/www.bagnoitalia.com\/fr\/produit\/arbre-ecologique-arbre-de-synthese-en-pin-vert-avec-base-en-differentes-tailles-et-modeles.html\",\"url\":\"https:\/\/www.bagnoitalia.com\/fr\/produit\/arbre-ecologique-arbre-de-synthese-en-pin-vert-avec-base-en-differentes-tailles-et-modeles.html\",\"name\":\"Arbre de No\u00ebl synth\u00e9tique \u00e9cologique pin vert avec la base de soutien dans diff\u00e9rentes tailles et mod\u00e8les\",\"isPartOf\":{\"@id\":\"https:\/\/www.bagnoitalia.com\/fr#website\"},\"primaryImageOfPage\":{\"@id\":\"https:\/\/www.bagnoitalia.com\/fr\/produit\/arbre-ecologique-arbre-de-synthese-en-pin-vert-avec-base-en-differentes-tailles-et-modeles.html#primaryimage\"},\"image\":{\"@id\":\"https:\/\/www.bagnoitalia.com\/fr\/produit\/arbre-ecologique-arbre-de-synthese-en-pin-vert-avec-base-en-differentes-tailles-et-modeles.html#primaryimage\"},\"thumbnailUrl\":\"https:\/\/img.bagnoitalia.com\/wp-content\/uploads\/virtuemart\/product\/ecological-christmas-tree.jpg\",\"datePublished\":\"2016-10-11T07:05:42+00:00\",\"dateModified\":\"2024-05-23T13:38:47+00:00\",\"description\":\"Arbre \u00e9cologique en pin vert synth\u00e9tique avec base et disponible en diff\u00e9rentes tailles et mod\u00e8les\",\"breadcrumb\":{\"@id\":\"https:\/\/www.bagnoitalia.com\/fr\/produit\/arbre-ecologique-arbre-de-synthese-en-pin-vert-avec-base-en-differentes-tailles-et-modeles.html#breadcrumb\"},\"inLanguage\":\"fr-FR\",\"potentialAction\":[{\"@type\":\"ReadAction\",\"target\":[\"https:\/\/www.bagnoitalia.com\/fr\/produit\/arbre-ecologique-arbre-de-synthese-en-pin-vert-avec-base-en-differentes-tailles-et-modeles.html\"]}]},{\"@type\":\"ImageObject\",\"inLanguage\":\"fr-FR\",\"@id\":\"https:\/\/www.bagnoitalia.com\/fr\/produit\/arbre-ecologique-arbre-de-synthese-en-pin-vert-avec-base-en-differentes-tailles-et-modeles.html#primaryimage\",\"url\":\"https:\/\/img.bagnoitalia.com\/wp-content\/uploads\/virtuemart\/product\/ecological-christmas-tree.jpg\",\"contentUrl\":\"https:\/\/img.bagnoitalia.com\/wp-content\/uploads\/virtuemart\/product\/ecological-christmas-tree.jpg\",\"width\":550,\"height\":403},{\"@type\":\"BreadcrumbList\",\"@id\":\"https:\/\/www.bagnoitalia.com\/fr\/produit\/arbre-ecologique-arbre-de-synthese-en-pin-vert-avec-base-en-differentes-tailles-et-modeles.html#breadcrumb\",\"itemListElement\":[{\"@type\":\"ListItem\",\"position\":1,\"name\":\"Home\",\"item\":\"https:\/\/www.bagnoitalia.com\/fr\"},{\"@type\":\"ListItem\",\"position\":2,\"name\":\"Produits\",\"item\":\"https:\/\/www.bagnoitalia.com\/fr\/shop\"},{\"@type\":\"ListItem\",\"position\":3,\"name\":\"Arbre de No\u00ebl synth\u00e9tique \u00e9cologique pin vert avec la base de soutien dans diff\u00e9rentes tailles et mod\u00e8les\"}]},{\"@type\":\"WebSite\",\"@id\":\"https:\/\/www.bagnoitalia.com\/fr#website\",\"url\":\"https:\/\/www.bagnoitalia.com\/fr\",\"name\":\"Bagno Italia\",\"description\":\"\",\"publisher\":{\"@id\":\"https:\/\/www.bagnoitalia.com\/fr#organization\"},\"potentialAction\":[{\"@type\":\"SearchAction\",\"target\":{\"@type\":\"EntryPoint\",\"urlTemplate\":\"https:\/\/www.bagnoitalia.com\/fr?s={search_term_string}\"},\"query-input\":{\"@type\":\"PropertyValueSpecification\",\"valueRequired\":true,\"valueName\":\"search_term_string\"}}],\"inLanguage\":\"fr-FR\"},{\"@type\":\"Organization\",\"@id\":\"https:\/\/www.bagnoitalia.com\/fr#organization\",\"name\":\"Bagno Italia\",\"url\":\"https:\/\/www.bagnoitalia.com\/fr\",\"logo\":{\"@type\":\"ImageObject\",\"inLanguage\":\"fr-FR\",\"@id\":\"https:\/\/www.bagnoitalia.com\/fr#\/schema\/logo\/image\/\",\"url\":\"https:\/\/img.bagnoitalia.com\/wp-content\/uploads\/logo-bagnoitalia.webp\",\"contentUrl\":\"https:\/\/img.bagnoitalia.com\/wp-content\/uploads\/logo-bagnoitalia.webp\",\"width\":400,\"height\":70,\"caption\":\"Bagno Italia\"},\"image\":{\"@id\":\"https:\/\/www.bagnoitalia.com\/fr#\/schema\/logo\/image\/\"}}]}<\/script>\n<!-- \/ Yoast SEO plugin. -->","yoast_head_json":{"title":"Arbre de No\u00ebl synth\u00e9tique \u00e9cologique pin vert avec la base de soutien dans diff\u00e9rentes tailles et mod\u00e8les","description":"Arbre \u00e9cologique en pin vert synth\u00e9tique avec base et disponible en diff\u00e9rentes tailles et mod\u00e8les","robots":{"index":"index","follow":"follow","max-snippet":"max-snippet:-1","max-image-preview":"max-image-preview:large","max-video-preview":"max-video-preview:-1"},"canonical":"https:\/\/www.bagnoitalia.com\/fr\/produit\/arbre-ecologique-arbre-de-synthese-en-pin-vert-avec-base-en-differentes-tailles-et-modeles.html","og_locale":"fr_FR","og_type":"article","og_title":"Arbre de No\u00ebl synth\u00e9tique \u00e9cologique pin vert avec la base de soutien dans diff\u00e9rentes tailles et mod\u00e8les","og_description":"Arbre \u00e9cologique en pin vert synth\u00e9tique avec base et disponible en diff\u00e9rentes tailles et mod\u00e8les","og_url":"https:\/\/www.bagnoitalia.com\/fr\/produit\/arbre-ecologique-arbre-de-synthese-en-pin-vert-avec-base-en-differentes-tailles-et-modeles.html","og_site_name":"Bagno Italia","article_modified_time":"2024-05-23T13:38:47+00:00","og_image":[{"width":550,"height":403,"url":"https:\/\/img.bagnoitalia.com\/wp-content\/uploads\/virtuemart\/product\/ecological-christmas-tree.jpg","type":"image\/jpeg"}],"twitter_card":"summary_large_image","twitter_misc":{"Dur\u00e9e de lecture estim\u00e9e":"2 minutes"},"schema":{"@context":"https:\/\/schema.org","@graph":[{"@type":"WebPage","@id":"https:\/\/www.bagnoitalia.com\/fr\/produit\/arbre-ecologique-arbre-de-synthese-en-pin-vert-avec-base-en-differentes-tailles-et-modeles.html","url":"https:\/\/www.bagnoitalia.com\/fr\/produit\/arbre-ecologique-arbre-de-synthese-en-pin-vert-avec-base-en-differentes-tailles-et-modeles.html","name":"Arbre de No\u00ebl synth\u00e9tique \u00e9cologique pin vert avec la base de soutien dans diff\u00e9rentes tailles et mod\u00e8les","isPartOf":{"@id":"https:\/\/www.bagnoitalia.com\/fr#website"},"primaryImageOfPage":{"@id":"https:\/\/www.bagnoitalia.com\/fr\/produit\/arbre-ecologique-arbre-de-synthese-en-pin-vert-avec-base-en-differentes-tailles-et-modeles.html#primaryimage"},"image":{"@id":"https:\/\/www.bagnoitalia.com\/fr\/produit\/arbre-ecologique-arbre-de-synthese-en-pin-vert-avec-base-en-differentes-tailles-et-modeles.html#primaryimage"},"thumbnailUrl":"https:\/\/img.bagnoitalia.com\/wp-content\/uploads\/virtuemart\/product\/ecological-christmas-tree.jpg","datePublished":"2016-10-11T07:05:42+00:00","dateModified":"2024-05-23T13:38:47+00:00","description":"Arbre \u00e9cologique en pin vert synth\u00e9tique avec base et disponible en diff\u00e9rentes tailles et mod\u00e8les","breadcrumb":{"@id":"https:\/\/www.bagnoitalia.com\/fr\/produit\/arbre-ecologique-arbre-de-synthese-en-pin-vert-avec-base-en-differentes-tailles-et-modeles.html#breadcrumb"},"inLanguage":"fr-FR","potentialAction":[{"@type":"ReadAction","target":["https:\/\/www.bagnoitalia.com\/fr\/produit\/arbre-ecologique-arbre-de-synthese-en-pin-vert-avec-base-en-differentes-tailles-et-modeles.html"]}]},{"@type":"ImageObject","inLanguage":"fr-FR","@id":"https:\/\/www.bagnoitalia.com\/fr\/produit\/arbre-ecologique-arbre-de-synthese-en-pin-vert-avec-base-en-differentes-tailles-et-modeles.html#primaryimage","url":"https:\/\/img.bagnoitalia.com\/wp-content\/uploads\/virtuemart\/product\/ecological-christmas-tree.jpg","contentUrl":"https:\/\/img.bagnoitalia.com\/wp-content\/uploads\/virtuemart\/product\/ecological-christmas-tree.jpg","width":550,"height":403},{"@type":"BreadcrumbList","@id":"https:\/\/www.bagnoitalia.com\/fr\/produit\/arbre-ecologique-arbre-de-synthese-en-pin-vert-avec-base-en-differentes-tailles-et-modeles.html#breadcrumb","itemListElement":[{"@type":"ListItem","position":1,"name":"Home","item":"https:\/\/www.bagnoitalia.com\/fr"},{"@type":"ListItem","position":2,"name":"Produits","item":"https:\/\/www.bagnoitalia.com\/fr\/shop"},{"@type":"ListItem","position":3,"name":"Arbre de No\u00ebl synth\u00e9tique \u00e9cologique pin vert avec la base de soutien dans diff\u00e9rentes tailles et mod\u00e8les"}]},{"@type":"WebSite","@id":"https:\/\/www.bagnoitalia.com\/fr#website","url":"https:\/\/www.bagnoitalia.com\/fr","name":"Bagno Italia","description":"","publisher":{"@id":"https:\/\/www.bagnoitalia.com\/fr#organization"},"potentialAction":[{"@type":"SearchAction","target":{"@type":"EntryPoint","urlTemplate":"https:\/\/www.bagnoitalia.com\/fr?s={search_term_string}"},"query-input":{"@type":"PropertyValueSpecification","valueRequired":true,"valueName":"search_term_string"}}],"inLanguage":"fr-FR"},{"@type":"Organization","@id":"https:\/\/www.bagnoitalia.com\/fr#organization","name":"Bagno Italia","url":"https:\/\/www.bagnoitalia.com\/fr","logo":{"@type":"ImageObject","inLanguage":"fr-FR","@id":"https:\/\/www.bagnoitalia.com\/fr#\/schema\/logo\/image\/","url":"https:\/\/img.bagnoitalia.com\/wp-content\/uploads\/logo-bagnoitalia.webp","contentUrl":"https:\/\/img.bagnoitalia.com\/wp-content\/uploads\/logo-bagnoitalia.webp","width":400,"height":70,"caption":"Bagno Italia"},"image":{"@id":"https:\/\/www.bagnoitalia.com\/fr#\/schema\/logo\/image\/"}}]}},"_links":{"self":[{"href":"https:\/\/www.bagnoitalia.com\/fr\/wp-json\/wp\/v2\/product\/80238","targetHints":{"allow":["GET"]}}],"collection":[{"href":"https:\/\/www.bagnoitalia.com\/fr\/wp-json\/wp\/v2\/product"}],"about":[{"href":"https:\/\/www.bagnoitalia.com\/fr\/wp-json\/wp\/v2\/types\/product"}],"replies":[{"embeddable":true,"href":"https:\/\/www.bagnoitalia.com\/fr\/wp-json\/wp\/v2\/comments?post=80238"}],"version-history":[{"count":1,"href":"https:\/\/www.bagnoitalia.com\/fr\/wp-json\/wp\/v2\/product\/80238\/revisions"}],"predecessor-version":[{"id":87868,"href":"https:\/\/www.bagnoitalia.com\/fr\/wp-json\/wp\/v2\/product\/80238\/revisions\/87868"}],"wp:featuredmedia":[{"embeddable":true,"href":"https:\/\/www.bagnoitalia.com\/fr\/wp-json\/wp\/v2\/media\/32982"}],"wp:attachment":[{"href":"https:\/\/www.bagnoitalia.com\/fr\/wp-json\/wp\/v2\/media?parent=80238"}],"wp:term":[{"taxonomy":"product_brand","embeddable":true,"href":"https:\/\/www.bagnoitalia.com\/fr\/wp-json\/wp\/v2\/product_brand?post=80238"},{"taxonomy":"product_cat","embeddable":true,"href":"https:\/\/www.bagnoitalia.com\/fr\/wp-json\/wp\/v2\/product_cat?post=80238"},{"taxonomy":"product_tag","embeddable":true,"href":"https:\/\/www.bagnoitalia.com\/fr\/wp-json\/wp\/v2\/product_tag?post=80238"}],"curies":[{"name":"wp","href":"https:\/\/api.w.org\/{rel}","templated":true}]}}