{"id":80190,"date":"2016-09-27T15:04:20","date_gmt":"2016-09-27T13:04:20","guid":{"rendered":"https:\/\/www.bagnoitalia.com\/product\/armoire-de-toilette-lady-double-evier-en-ceramique-noir-ou-blanc-120-cm-2-colonnes-et-mitigeurs-gratuits"},"modified":"2024-05-23T14:12:59","modified_gmt":"2024-05-23T12:12:59","slug":"armoire-de-toilette-lady-double-evier-en-ceramique-noir-ou-blanc-120-cm-2-colonnes-et-mitigeurs-gratuits","status":"publish","type":"product","link":"https:\/\/www.bagnoitalia.com\/fr\/produit\/armoire-de-toilette-lady-double-evier-en-ceramique-noir-ou-blanc-120-cm-2-colonnes-et-mitigeurs-gratuits.html","title":{"rendered":"Armoire de toilette Lady 120 cm noir ou blanc, lavabo double en c\u00e9ramique, avec 2 colonnes et mitigeurs en cadeau"},"content":{"rendered":"<p><span style=\"color: #ff0000; font-size: 12pt;\"><strong><span style=\"text-decoration: underline;\">Meuble de salle de bain Lady <span style=\"text-decoration: underline;\">120 cm lavabo\u00a0<\/span>double\u00a0\u00a0<\/span><\/strong><\/span><\/p>\n<h5><span style=\"font-size: 10pt;\"><span style=\"font-family: Arial, sans-serif;\">Le meuble\u00a0<\/span><span style=\"font-family: Arial, sans-serif;\"><strong>Lady<\/strong><\/span> <span style=\"font-family: Arial, sans-serif;\">est l\u2019un des mod\u00e8les les plus complets de notre catalogue.<\/span><\/span><\/h5>\n<p style=\"margin-bottom: 0cm;\"><span style=\"font-family: Arial, sans-serif;\">D&rsquo;un <strong>design innovant<\/strong> et en phase avec son temp, il se combine parfaitement avec un style moderne, mais aussi dans des environnements plus classiques et \u00e9l\u00e9gants gr\u00e2ce au lavabo double en c\u00e9ramique.<\/span> <span style=\"font-family: Arial, sans-serif;\">La structure, <strong>robuste<\/strong> et <strong>r\u00e9sistante,<\/strong> est en bois MDF laqu\u00e9 noir ou blanc\u00a0 et dispose de 4 portes qui vous permettront de ranger tout ce dont vous avez besoin pour votre salle de bain.<\/span><\/p>\n<p style=\"margin-bottom: 0cm;\"><span style=\"font-family: Arial, sans-serif;\">\u00c9quip\u00e9 d&rsquo;un miroir de 110&#215;60 cm avec une \u00e9tag\u00e8re, il vous permettra de vous tenir \u00e0 deux c<\/span><span lang=\"fr\" tabindex=\"0\">\u00f4te \u00e0\u00a0<span style=\"font-family: Arial, sans-serif;\">c<\/span><span lang=\"fr\" tabindex=\"0\">\u00f4te et chacun face \u00e8 son lavabo<\/span><\/span><span style=\"font-family: Arial, sans-serif;\">\u00a0en c\u00e9ramique blanche. Parfait pour la vie de couple.<\/span><\/p>\n<p style=\"margin-bottom: 0cm;\"><span style=\"font-family: Arial, sans-serif;\"><strong>En cadeau<\/strong>\u00a0avec ce meuble, vous disposerez de deux mitigeurs en acier chrom\u00e9 et de deux colonnes.<\/span><\/p>\n<h5><span style=\"text-decoration: underline; font-size: 12pt;\"><strong>Le prix comprend:<\/strong><\/span><\/h5>\n<ul>\n<li><span style=\"font-size: 12pt;\">1 meuble sous lavabo de 120x46x50H cm avec 4 portes<\/span><\/li>\n<li><span style=\"font-size: 12pt;\">1 miroir de 110&#215;60 cm<\/span><\/li>\n<li><span style=\"font-size: 12pt;\">2 lavabo en c\u00e9ramique blanche<\/span><\/li>\n<li><span style=\"font-size: 12pt;\">2 mitigeurs et\u00a0 deux colonnes (mesures 30x30x150H cm) <span style=\"text-decoration: underline;\"><strong>en cadeau\u00a0<\/strong><\/span>avec le meuble<\/span><\/li>\n<\/ul>\n<h5><\/h5>\n<p><span style=\"text-decoration: underline; font-size: 12pt;\"><strong>Mat\u00e9riaux:<\/strong><\/span><\/p>\n<ul>\n<li><span style=\"font-size: 12pt;\">Meuble en bois MDF<\/span><\/li>\n<li><span style=\"font-size: 12pt;\">Lavabo moderne en c\u00e9ramique blanche<\/span><\/li>\n<li><span style=\"font-size: 12pt;\">Miroir avec \u00e9tag\u00e8re en MDF<\/span><\/li>\n<li><span style=\"font-size: 12pt;\">Mitigeurs en acier<\/span><\/li>\n<\/ul>\n<p>&nbsp;<\/p>\n<p><span style=\"font-size: 12pt;\"><strong>ATTENTION: Les meubles sont vendus comme present\u00e9s sur les photos. Il n&rsquo;est pas possible d&rsquo;aqu\u00e9rir les \u00e9l\u00e9ments s\u00e9par\u00e9ment!<\/strong><\/span><\/p>\n","protected":false},"excerpt":{"rendered":"<p>Meuble de salle de bain Lady de 120 cm disponible en blanc ou noir, type lavabo double en c\u00e9ramique, avec 2 colonnes et mitigeurs en cadeau<\/p>\n","protected":false},"featured_media":32706,"comment_status":"open","ping_status":"closed","template":"","meta":[],"product_brand":[9912],"product_cat":[9703],"product_tag":[],"class_list":{"0":"post-80190","1":"product","2":"type-product","3":"status-publish","4":"has-post-thumbnail","6":"product_brand-simba-fr","7":"product_cat-meuble-de-salle-de-bain-avec-double-vasque","9":"first","10":"instock","11":"sale","12":"taxable","13":"shipping-taxable","14":"purchasable","15":"product-type-simple"},"exclude_global_add_ons":false,"addons":[{"name":"Couleur","type":"multiple_choice","position":0,"required":true,"title_format":"heading","default":"","description_enable":false,"description":"","placeholder_enable":false,"placeholder":"","display":"select","restrictions_type":"any_text","adjust_price":false,"price":"","price_type":"flat_fee","restrictions":false,"min":"0","max":"0","options":[{"label":"noir","price":"","price_type":"quantity_based","image":0,"visibility":true},{"label":"blanc","price":"","price_type":"quantity_based","image":0,"visibility":true}],"id":1716473580}],"yoast_head":"<!-- This site is optimized with the Yoast SEO plugin v26.7 - https:\/\/yoast.com\/wordpress\/plugins\/seo\/ -->\n<title>Armoire de toilette Lady 120 cm noir ou blanc, lavabo double en c\u00e9ramique, avec 2 colonnes et mitigeurs en cadeau<\/title>\n<meta name=\"description\" content=\"Le mobilier Lady est l\u2019un des mod\u00e8les les plus complets de notre catalogue. Il pr\u00e9sente un design innovant et en phase avec son \u00e9poque, qui se combine parfaitement avec un style moderne, mais aussi dans des environnements plus classiques et \u00e9l\u00e9gants gr\u00e2ce au double \u00e9vier en c\u00e9ramique. La structure, robuste et durable, est en bois MDF laqu\u00e9 noir et dispose de 4 portes qui vous permettront de\" \/>\n<meta name=\"robots\" content=\"index, follow, max-snippet:-1, max-image-preview:large, max-video-preview:-1\" \/>\n<link rel=\"canonical\" href=\"https:\/\/www.bagnoitalia.com\/fr\/produit\/armoire-de-toilette-lady-double-evier-en-ceramique-noir-ou-blanc-120-cm-2-colonnes-et-mitigeurs-gratuits.html\" \/>\n<meta property=\"og:locale\" content=\"fr_FR\" \/>\n<meta property=\"og:type\" content=\"article\" \/>\n<meta property=\"og:title\" content=\"Armoire de toilette Lady 120 cm noir ou blanc, lavabo double en c\u00e9ramique, avec 2 colonnes et mitigeurs en cadeau\" \/>\n<meta property=\"og:description\" content=\"Le mobilier Lady est l\u2019un des mod\u00e8les les plus complets de notre catalogue. Il pr\u00e9sente un design innovant et en phase avec son \u00e9poque, qui se combine parfaitement avec un style moderne, mais aussi dans des environnements plus classiques et \u00e9l\u00e9gants gr\u00e2ce au double \u00e9vier en c\u00e9ramique. La structure, robuste et durable, est en bois MDF laqu\u00e9 noir et dispose de 4 portes qui vous permettront de\" \/>\n<meta property=\"og:url\" content=\"https:\/\/www.bagnoitalia.com\/fr\/produit\/armoire-de-toilette-lady-double-evier-en-ceramique-noir-ou-blanc-120-cm-2-colonnes-et-mitigeurs-gratuits.html\" \/>\n<meta property=\"og:site_name\" content=\"Bagno Italia\" \/>\n<meta property=\"article:modified_time\" content=\"2024-05-23T12:12:59+00:00\" \/>\n<meta property=\"og:image\" content=\"https:\/\/img.bagnoitalia.com\/wp-content\/uploads\/virtuemart\/product\/Bathroom-Lady-model-120-cm-double-ceramic-washbasin-32415_1542625774_582.jpg\" \/>\n\t<meta property=\"og:image:width\" content=\"600\" \/>\n\t<meta property=\"og:image:height\" content=\"600\" \/>\n\t<meta property=\"og:image:type\" content=\"image\/jpeg\" \/>\n<meta name=\"twitter:card\" content=\"summary_large_image\" \/>\n<meta name=\"twitter:label1\" content=\"Dur\u00e9e de lecture estim\u00e9e\" \/>\n\t<meta name=\"twitter:data1\" content=\"2 minutes\" \/>\n<script type=\"application\/ld+json\" class=\"yoast-schema-graph\">{\"@context\":\"https:\/\/schema.org\",\"@graph\":[{\"@type\":\"WebPage\",\"@id\":\"https:\/\/www.bagnoitalia.com\/fr\/produit\/armoire-de-toilette-lady-double-evier-en-ceramique-noir-ou-blanc-120-cm-2-colonnes-et-mitigeurs-gratuits.html\",\"url\":\"https:\/\/www.bagnoitalia.com\/fr\/produit\/armoire-de-toilette-lady-double-evier-en-ceramique-noir-ou-blanc-120-cm-2-colonnes-et-mitigeurs-gratuits.html\",\"name\":\"Armoire de toilette Lady 120 cm noir ou blanc, lavabo double en c\u00e9ramique, avec 2 colonnes et mitigeurs en cadeau\",\"isPartOf\":{\"@id\":\"https:\/\/www.bagnoitalia.com\/fr#website\"},\"primaryImageOfPage\":{\"@id\":\"https:\/\/www.bagnoitalia.com\/fr\/produit\/armoire-de-toilette-lady-double-evier-en-ceramique-noir-ou-blanc-120-cm-2-colonnes-et-mitigeurs-gratuits.html#primaryimage\"},\"image\":{\"@id\":\"https:\/\/www.bagnoitalia.com\/fr\/produit\/armoire-de-toilette-lady-double-evier-en-ceramique-noir-ou-blanc-120-cm-2-colonnes-et-mitigeurs-gratuits.html#primaryimage\"},\"thumbnailUrl\":\"https:\/\/img.bagnoitalia.com\/wp-content\/uploads\/virtuemart\/product\/Bathroom-Lady-model-120-cm-double-ceramic-washbasin-32415_1542625774_582.jpg\",\"datePublished\":\"2016-09-27T13:04:20+00:00\",\"dateModified\":\"2024-05-23T12:12:59+00:00\",\"description\":\"Le mobilier Lady est l\u2019un des mod\u00e8les les plus complets de notre catalogue. Il pr\u00e9sente un design innovant et en phase avec son \u00e9poque, qui se combine parfaitement avec un style moderne, mais aussi dans des environnements plus classiques et \u00e9l\u00e9gants gr\u00e2ce au double \u00e9vier en c\u00e9ramique. La structure, robuste et durable, est en bois MDF laqu\u00e9 noir et dispose de 4 portes qui vous permettront de\",\"breadcrumb\":{\"@id\":\"https:\/\/www.bagnoitalia.com\/fr\/produit\/armoire-de-toilette-lady-double-evier-en-ceramique-noir-ou-blanc-120-cm-2-colonnes-et-mitigeurs-gratuits.html#breadcrumb\"},\"inLanguage\":\"fr-FR\",\"potentialAction\":[{\"@type\":\"ReadAction\",\"target\":[\"https:\/\/www.bagnoitalia.com\/fr\/produit\/armoire-de-toilette-lady-double-evier-en-ceramique-noir-ou-blanc-120-cm-2-colonnes-et-mitigeurs-gratuits.html\"]}]},{\"@type\":\"ImageObject\",\"inLanguage\":\"fr-FR\",\"@id\":\"https:\/\/www.bagnoitalia.com\/fr\/produit\/armoire-de-toilette-lady-double-evier-en-ceramique-noir-ou-blanc-120-cm-2-colonnes-et-mitigeurs-gratuits.html#primaryimage\",\"url\":\"https:\/\/img.bagnoitalia.com\/wp-content\/uploads\/virtuemart\/product\/Bathroom-Lady-model-120-cm-double-ceramic-washbasin-32415_1542625774_582.jpg\",\"contentUrl\":\"https:\/\/img.bagnoitalia.com\/wp-content\/uploads\/virtuemart\/product\/Bathroom-Lady-model-120-cm-double-ceramic-washbasin-32415_1542625774_582.jpg\",\"width\":600,\"height\":600},{\"@type\":\"BreadcrumbList\",\"@id\":\"https:\/\/www.bagnoitalia.com\/fr\/produit\/armoire-de-toilette-lady-double-evier-en-ceramique-noir-ou-blanc-120-cm-2-colonnes-et-mitigeurs-gratuits.html#breadcrumb\",\"itemListElement\":[{\"@type\":\"ListItem\",\"position\":1,\"name\":\"Home\",\"item\":\"https:\/\/www.bagnoitalia.com\/fr\"},{\"@type\":\"ListItem\",\"position\":2,\"name\":\"Produits\",\"item\":\"https:\/\/www.bagnoitalia.com\/fr\/shop\"},{\"@type\":\"ListItem\",\"position\":3,\"name\":\"Armoire de toilette Lady 120 cm noir ou blanc, lavabo double en c\u00e9ramique, avec 2 colonnes et mitigeurs en cadeau\"}]},{\"@type\":\"WebSite\",\"@id\":\"https:\/\/www.bagnoitalia.com\/fr#website\",\"url\":\"https:\/\/www.bagnoitalia.com\/fr\",\"name\":\"Bagno Italia\",\"description\":\"\",\"publisher\":{\"@id\":\"https:\/\/www.bagnoitalia.com\/fr#organization\"},\"potentialAction\":[{\"@type\":\"SearchAction\",\"target\":{\"@type\":\"EntryPoint\",\"urlTemplate\":\"https:\/\/www.bagnoitalia.com\/fr?s={search_term_string}\"},\"query-input\":{\"@type\":\"PropertyValueSpecification\",\"valueRequired\":true,\"valueName\":\"search_term_string\"}}],\"inLanguage\":\"fr-FR\"},{\"@type\":\"Organization\",\"@id\":\"https:\/\/www.bagnoitalia.com\/fr#organization\",\"name\":\"Bagno Italia\",\"url\":\"https:\/\/www.bagnoitalia.com\/fr\",\"logo\":{\"@type\":\"ImageObject\",\"inLanguage\":\"fr-FR\",\"@id\":\"https:\/\/www.bagnoitalia.com\/fr#\/schema\/logo\/image\/\",\"url\":\"https:\/\/img.bagnoitalia.com\/wp-content\/uploads\/logo-bagnoitalia.webp\",\"contentUrl\":\"https:\/\/img.bagnoitalia.com\/wp-content\/uploads\/logo-bagnoitalia.webp\",\"width\":400,\"height\":70,\"caption\":\"Bagno Italia\"},\"image\":{\"@id\":\"https:\/\/www.bagnoitalia.com\/fr#\/schema\/logo\/image\/\"}}]}<\/script>\n<!-- \/ Yoast SEO plugin. -->","yoast_head_json":{"title":"Armoire de toilette Lady 120 cm noir ou blanc, lavabo double en c\u00e9ramique, avec 2 colonnes et mitigeurs en cadeau","description":"Le mobilier Lady est l\u2019un des mod\u00e8les les plus complets de notre catalogue. Il pr\u00e9sente un design innovant et en phase avec son \u00e9poque, qui se combine parfaitement avec un style moderne, mais aussi dans des environnements plus classiques et \u00e9l\u00e9gants gr\u00e2ce au double \u00e9vier en c\u00e9ramique. La structure, robuste et durable, est en bois MDF laqu\u00e9 noir et dispose de 4 portes qui vous permettront de","robots":{"index":"index","follow":"follow","max-snippet":"max-snippet:-1","max-image-preview":"max-image-preview:large","max-video-preview":"max-video-preview:-1"},"canonical":"https:\/\/www.bagnoitalia.com\/fr\/produit\/armoire-de-toilette-lady-double-evier-en-ceramique-noir-ou-blanc-120-cm-2-colonnes-et-mitigeurs-gratuits.html","og_locale":"fr_FR","og_type":"article","og_title":"Armoire de toilette Lady 120 cm noir ou blanc, lavabo double en c\u00e9ramique, avec 2 colonnes et mitigeurs en cadeau","og_description":"Le mobilier Lady est l\u2019un des mod\u00e8les les plus complets de notre catalogue. Il pr\u00e9sente un design innovant et en phase avec son \u00e9poque, qui se combine parfaitement avec un style moderne, mais aussi dans des environnements plus classiques et \u00e9l\u00e9gants gr\u00e2ce au double \u00e9vier en c\u00e9ramique. La structure, robuste et durable, est en bois MDF laqu\u00e9 noir et dispose de 4 portes qui vous permettront de","og_url":"https:\/\/www.bagnoitalia.com\/fr\/produit\/armoire-de-toilette-lady-double-evier-en-ceramique-noir-ou-blanc-120-cm-2-colonnes-et-mitigeurs-gratuits.html","og_site_name":"Bagno Italia","article_modified_time":"2024-05-23T12:12:59+00:00","og_image":[{"width":600,"height":600,"url":"https:\/\/img.bagnoitalia.com\/wp-content\/uploads\/virtuemart\/product\/Bathroom-Lady-model-120-cm-double-ceramic-washbasin-32415_1542625774_582.jpg","type":"image\/jpeg"}],"twitter_card":"summary_large_image","twitter_misc":{"Dur\u00e9e de lecture estim\u00e9e":"2 minutes"},"schema":{"@context":"https:\/\/schema.org","@graph":[{"@type":"WebPage","@id":"https:\/\/www.bagnoitalia.com\/fr\/produit\/armoire-de-toilette-lady-double-evier-en-ceramique-noir-ou-blanc-120-cm-2-colonnes-et-mitigeurs-gratuits.html","url":"https:\/\/www.bagnoitalia.com\/fr\/produit\/armoire-de-toilette-lady-double-evier-en-ceramique-noir-ou-blanc-120-cm-2-colonnes-et-mitigeurs-gratuits.html","name":"Armoire de toilette Lady 120 cm noir ou blanc, lavabo double en c\u00e9ramique, avec 2 colonnes et mitigeurs en cadeau","isPartOf":{"@id":"https:\/\/www.bagnoitalia.com\/fr#website"},"primaryImageOfPage":{"@id":"https:\/\/www.bagnoitalia.com\/fr\/produit\/armoire-de-toilette-lady-double-evier-en-ceramique-noir-ou-blanc-120-cm-2-colonnes-et-mitigeurs-gratuits.html#primaryimage"},"image":{"@id":"https:\/\/www.bagnoitalia.com\/fr\/produit\/armoire-de-toilette-lady-double-evier-en-ceramique-noir-ou-blanc-120-cm-2-colonnes-et-mitigeurs-gratuits.html#primaryimage"},"thumbnailUrl":"https:\/\/img.bagnoitalia.com\/wp-content\/uploads\/virtuemart\/product\/Bathroom-Lady-model-120-cm-double-ceramic-washbasin-32415_1542625774_582.jpg","datePublished":"2016-09-27T13:04:20+00:00","dateModified":"2024-05-23T12:12:59+00:00","description":"Le mobilier Lady est l\u2019un des mod\u00e8les les plus complets de notre catalogue. Il pr\u00e9sente un design innovant et en phase avec son \u00e9poque, qui se combine parfaitement avec un style moderne, mais aussi dans des environnements plus classiques et \u00e9l\u00e9gants gr\u00e2ce au double \u00e9vier en c\u00e9ramique. La structure, robuste et durable, est en bois MDF laqu\u00e9 noir et dispose de 4 portes qui vous permettront de","breadcrumb":{"@id":"https:\/\/www.bagnoitalia.com\/fr\/produit\/armoire-de-toilette-lady-double-evier-en-ceramique-noir-ou-blanc-120-cm-2-colonnes-et-mitigeurs-gratuits.html#breadcrumb"},"inLanguage":"fr-FR","potentialAction":[{"@type":"ReadAction","target":["https:\/\/www.bagnoitalia.com\/fr\/produit\/armoire-de-toilette-lady-double-evier-en-ceramique-noir-ou-blanc-120-cm-2-colonnes-et-mitigeurs-gratuits.html"]}]},{"@type":"ImageObject","inLanguage":"fr-FR","@id":"https:\/\/www.bagnoitalia.com\/fr\/produit\/armoire-de-toilette-lady-double-evier-en-ceramique-noir-ou-blanc-120-cm-2-colonnes-et-mitigeurs-gratuits.html#primaryimage","url":"https:\/\/img.bagnoitalia.com\/wp-content\/uploads\/virtuemart\/product\/Bathroom-Lady-model-120-cm-double-ceramic-washbasin-32415_1542625774_582.jpg","contentUrl":"https:\/\/img.bagnoitalia.com\/wp-content\/uploads\/virtuemart\/product\/Bathroom-Lady-model-120-cm-double-ceramic-washbasin-32415_1542625774_582.jpg","width":600,"height":600},{"@type":"BreadcrumbList","@id":"https:\/\/www.bagnoitalia.com\/fr\/produit\/armoire-de-toilette-lady-double-evier-en-ceramique-noir-ou-blanc-120-cm-2-colonnes-et-mitigeurs-gratuits.html#breadcrumb","itemListElement":[{"@type":"ListItem","position":1,"name":"Home","item":"https:\/\/www.bagnoitalia.com\/fr"},{"@type":"ListItem","position":2,"name":"Produits","item":"https:\/\/www.bagnoitalia.com\/fr\/shop"},{"@type":"ListItem","position":3,"name":"Armoire de toilette Lady 120 cm noir ou blanc, lavabo double en c\u00e9ramique, avec 2 colonnes et mitigeurs en cadeau"}]},{"@type":"WebSite","@id":"https:\/\/www.bagnoitalia.com\/fr#website","url":"https:\/\/www.bagnoitalia.com\/fr","name":"Bagno Italia","description":"","publisher":{"@id":"https:\/\/www.bagnoitalia.com\/fr#organization"},"potentialAction":[{"@type":"SearchAction","target":{"@type":"EntryPoint","urlTemplate":"https:\/\/www.bagnoitalia.com\/fr?s={search_term_string}"},"query-input":{"@type":"PropertyValueSpecification","valueRequired":true,"valueName":"search_term_string"}}],"inLanguage":"fr-FR"},{"@type":"Organization","@id":"https:\/\/www.bagnoitalia.com\/fr#organization","name":"Bagno Italia","url":"https:\/\/www.bagnoitalia.com\/fr","logo":{"@type":"ImageObject","inLanguage":"fr-FR","@id":"https:\/\/www.bagnoitalia.com\/fr#\/schema\/logo\/image\/","url":"https:\/\/img.bagnoitalia.com\/wp-content\/uploads\/logo-bagnoitalia.webp","contentUrl":"https:\/\/img.bagnoitalia.com\/wp-content\/uploads\/logo-bagnoitalia.webp","width":400,"height":70,"caption":"Bagno Italia"},"image":{"@id":"https:\/\/www.bagnoitalia.com\/fr#\/schema\/logo\/image\/"}}]}},"_links":{"self":[{"href":"https:\/\/www.bagnoitalia.com\/fr\/wp-json\/wp\/v2\/product\/80190","targetHints":{"allow":["GET"]}}],"collection":[{"href":"https:\/\/www.bagnoitalia.com\/fr\/wp-json\/wp\/v2\/product"}],"about":[{"href":"https:\/\/www.bagnoitalia.com\/fr\/wp-json\/wp\/v2\/types\/product"}],"replies":[{"embeddable":true,"href":"https:\/\/www.bagnoitalia.com\/fr\/wp-json\/wp\/v2\/comments?post=80190"}],"version-history":[{"count":1,"href":"https:\/\/www.bagnoitalia.com\/fr\/wp-json\/wp\/v2\/product\/80190\/revisions"}],"predecessor-version":[{"id":87797,"href":"https:\/\/www.bagnoitalia.com\/fr\/wp-json\/wp\/v2\/product\/80190\/revisions\/87797"}],"wp:featuredmedia":[{"embeddable":true,"href":"https:\/\/www.bagnoitalia.com\/fr\/wp-json\/wp\/v2\/media\/32706"}],"wp:attachment":[{"href":"https:\/\/www.bagnoitalia.com\/fr\/wp-json\/wp\/v2\/media?parent=80190"}],"wp:term":[{"taxonomy":"product_brand","embeddable":true,"href":"https:\/\/www.bagnoitalia.com\/fr\/wp-json\/wp\/v2\/product_brand?post=80190"},{"taxonomy":"product_cat","embeddable":true,"href":"https:\/\/www.bagnoitalia.com\/fr\/wp-json\/wp\/v2\/product_cat?post=80190"},{"taxonomy":"product_tag","embeddable":true,"href":"https:\/\/www.bagnoitalia.com\/fr\/wp-json\/wp\/v2\/product_tag?post=80190"}],"curies":[{"name":"wp","href":"https:\/\/api.w.org\/{rel}","templated":true}]}}