{"id":80138,"date":"2016-07-28T10:46:02","date_gmt":"2016-07-28T08:46:02","guid":{"rendered":"https:\/\/www.bagnoitalia.com\/product\/purge-automatique-universelle-90-mm-pour-receveur-de-douche"},"modified":"2024-05-10T23:44:20","modified_gmt":"2024-05-10T21:44:20","slug":"purge-automatique-universelle-90-mm-pour-receveur-de-douche","status":"publish","type":"product","link":"https:\/\/www.bagnoitalia.com\/fr\/produit\/purge-automatique-universelle-90-mm-pour-receveur-de-douche.html","title":{"rendered":"Bonde automatique universelle 90 mm pour receveur de douche."},"content":{"rendered":"<p lang=\"\" style=\"margin-bottom: 0.35cm; line-height: 115%;\"><span style=\"text-decoration: underline;\"><strong><span style=\"font-size: 12pt;\">Siphon et bonde 90MM<\/span><\/strong><\/span><\/p>\n<\/p>\n<p lang=\"\" style=\"margin-bottom: 0.35cm; line-height: 115%;\"><span style=\"font-size: 12pt;\">Trou de drainage \u00d8 90 mm, couvercle chrom\u00e9 \u00d8 115 mm et tuyau flexible de 33 \u00e0 82 cm de longueur<\/span><\/p>\n<p lang=\"\" style=\"margin-bottom: 0.35cm; line-height: 115%;\"><span style=\"font-size: 12pt;\">Enti\u00e8rement compatible avec tous nos receveurs de douche.<\/span><\/p>\n<\/p>\n<p lang=\"\" style=\"margin-bottom: 0.35cm; line-height: 115%;\"><span style=\"text-decoration: underline;\"><strong><span style=\"font-size: 12pt;\">Caract\u00e9ristiques:<\/span><\/strong><\/span><\/p>\n<ul>\n<li style=\"margin-bottom: 0.35cm; line-height: 115%;\"><span style=\"font-size: 12pt;\">Le couvercle chrom\u00e9 est en ABS renforc\u00e9 de \u00d8 115 mm<\/span><\/li>\n<li style=\"margin-bottom: 0.35cm; line-height: 115%;\"><span style=\"font-size: 12pt;\">Diam\u00e8tre du trou de drainage: 90 mm<\/span><\/li>\n<li style=\"margin-bottom: 0.35cm; line-height: 115%;\"><span style=\"font-size: 12pt;\">Tuyau accord\u00e9on, longueur 33-82 cm<\/span><\/li>\n<li style=\"margin-bottom: 0.35cm; line-height: 115%;\"><span style=\"font-size: 12pt;\">Installation facile m\u00eame pour les non-initi\u00e9s<\/span><\/li>\n<li style=\"margin-bottom: 0.35cm; line-height: 115%;\"><span style=\"font-size: 12pt;\">Facile \u00e0 enlever pour un nettoyage plus confortable et en profondeur.<\/span><\/li>\n<li style=\"margin-bottom: 0.35cm; line-height: 115%;\"><span style=\"font-size: 12pt;\">Compatible avec tous nos receveurs de douche<\/span><\/li>\n<\/ul>\n<\/p>\n<p lang=\"\" style=\"margin-bottom: 0.35cm; line-height: 115%;\"><span style=\"text-decoration: underline;\"><strong><span style=\"font-size: 12pt;\">Contenu de l&#8217;emballage:<\/span><\/strong><\/span><\/p>\n<ul>\n<li style=\"margin-bottom: 0.35cm; line-height: 115%;\"><span style=\"font-size: 12pt;\">1 couvercle avec syst\u00e8me de pression<\/span><\/li>\n<li style=\"margin-bottom: 0.35cm; line-height: 115%;\"><span style=\"font-size: 12pt;\">1 siphon<\/span><\/li>\n<li style=\"margin-bottom: 0.35cm; line-height: 115%;\"><span style=\"font-size: 12pt;\">1 tuyau flexible accord\u00e9on<\/span><\/li>\n<li style=\"margin-bottom: 0.35cm; line-height: 115%;\"><span style=\"font-size: 12pt;\">joints<\/span><\/li>\n<\/ul>\n","protected":false},"excerpt":{"rendered":"<p>Bonde automatique universelle de 90 mm, adaptable \u00e0 tout les types de receveurs de douche <\/p>\n","protected":false},"featured_media":32190,"comment_status":"open","ping_status":"closed","template":"","meta":[],"product_brand":[5008],"product_cat":[9755],"product_tag":[],"class_list":{"0":"post-80138","1":"product","2":"type-product","3":"status-publish","4":"has-post-thumbnail","6":"product_brand-idrom","7":"product_cat-receveurs-de-douche","9":"first","10":"instock","11":"sale","12":"taxable","13":"shipping-taxable","14":"purchasable","15":"product-type-simple"},"exclude_global_add_ons":[],"addons":[],"yoast_head":"<!-- This site is optimized with the Yoast SEO plugin v26.7 - https:\/\/yoast.com\/wordpress\/plugins\/seo\/ -->\n<title>Bonde automatique universelle 90 mm pour receveur de douche.<\/title>\n<meta name=\"description\" content=\"Purge automatique universelle et adaptable \u00e0 tout type de receveur de douche\" \/>\n<meta name=\"robots\" content=\"index, follow, max-snippet:-1, max-image-preview:large, max-video-preview:-1\" \/>\n<link rel=\"canonical\" href=\"https:\/\/www.bagnoitalia.com\/fr\/produit\/purge-automatique-universelle-90-mm-pour-receveur-de-douche.html\" \/>\n<meta property=\"og:locale\" content=\"fr_FR\" \/>\n<meta property=\"og:type\" content=\"article\" \/>\n<meta property=\"og:title\" content=\"Bonde automatique universelle 90 mm pour receveur de douche.\" \/>\n<meta property=\"og:description\" content=\"Purge automatique universelle et adaptable \u00e0 tout type de receveur de douche\" \/>\n<meta property=\"og:url\" content=\"https:\/\/www.bagnoitalia.com\/fr\/produit\/purge-automatique-universelle-90-mm-pour-receveur-de-douche.html\" \/>\n<meta property=\"og:site_name\" content=\"Bagno Italia\" \/>\n<meta property=\"article:modified_time\" content=\"2024-05-10T21:44:20+00:00\" \/>\n<meta property=\"og:image\" content=\"https:\/\/img.bagnoitalia.com\/wp-content\/uploads\/virtuemart\/product\/Universal-click-clack-shower-tray-waste-1_1542815191_956.jpg\" \/>\n\t<meta property=\"og:image:width\" content=\"604\" \/>\n\t<meta property=\"og:image:height\" content=\"407\" \/>\n\t<meta property=\"og:image:type\" content=\"image\/jpeg\" \/>\n<meta name=\"twitter:card\" content=\"summary_large_image\" \/>\n<script type=\"application\/ld+json\" class=\"yoast-schema-graph\">{\"@context\":\"https:\/\/schema.org\",\"@graph\":[{\"@type\":\"WebPage\",\"@id\":\"https:\/\/www.bagnoitalia.com\/fr\/produit\/purge-automatique-universelle-90-mm-pour-receveur-de-douche.html\",\"url\":\"https:\/\/www.bagnoitalia.com\/fr\/produit\/purge-automatique-universelle-90-mm-pour-receveur-de-douche.html\",\"name\":\"Bonde automatique universelle 90 mm pour receveur de douche.\",\"isPartOf\":{\"@id\":\"https:\/\/www.bagnoitalia.com\/fr#website\"},\"primaryImageOfPage\":{\"@id\":\"https:\/\/www.bagnoitalia.com\/fr\/produit\/purge-automatique-universelle-90-mm-pour-receveur-de-douche.html#primaryimage\"},\"image\":{\"@id\":\"https:\/\/www.bagnoitalia.com\/fr\/produit\/purge-automatique-universelle-90-mm-pour-receveur-de-douche.html#primaryimage\"},\"thumbnailUrl\":\"https:\/\/img.bagnoitalia.com\/wp-content\/uploads\/virtuemart\/product\/Universal-click-clack-shower-tray-waste-1_1542815191_956.jpg\",\"datePublished\":\"2016-07-28T08:46:02+00:00\",\"dateModified\":\"2024-05-10T21:44:20+00:00\",\"description\":\"Purge automatique universelle et adaptable \u00e0 tout type de receveur de douche\",\"breadcrumb\":{\"@id\":\"https:\/\/www.bagnoitalia.com\/fr\/produit\/purge-automatique-universelle-90-mm-pour-receveur-de-douche.html#breadcrumb\"},\"inLanguage\":\"fr-FR\",\"potentialAction\":[{\"@type\":\"ReadAction\",\"target\":[\"https:\/\/www.bagnoitalia.com\/fr\/produit\/purge-automatique-universelle-90-mm-pour-receveur-de-douche.html\"]}]},{\"@type\":\"ImageObject\",\"inLanguage\":\"fr-FR\",\"@id\":\"https:\/\/www.bagnoitalia.com\/fr\/produit\/purge-automatique-universelle-90-mm-pour-receveur-de-douche.html#primaryimage\",\"url\":\"https:\/\/img.bagnoitalia.com\/wp-content\/uploads\/virtuemart\/product\/Universal-click-clack-shower-tray-waste-1_1542815191_956.jpg\",\"contentUrl\":\"https:\/\/img.bagnoitalia.com\/wp-content\/uploads\/virtuemart\/product\/Universal-click-clack-shower-tray-waste-1_1542815191_956.jpg\",\"width\":604,\"height\":407},{\"@type\":\"BreadcrumbList\",\"@id\":\"https:\/\/www.bagnoitalia.com\/fr\/produit\/purge-automatique-universelle-90-mm-pour-receveur-de-douche.html#breadcrumb\",\"itemListElement\":[{\"@type\":\"ListItem\",\"position\":1,\"name\":\"Home\",\"item\":\"https:\/\/www.bagnoitalia.com\/fr\"},{\"@type\":\"ListItem\",\"position\":2,\"name\":\"Produits\",\"item\":\"https:\/\/www.bagnoitalia.com\/fr\/shop\"},{\"@type\":\"ListItem\",\"position\":3,\"name\":\"Bonde automatique universelle 90 mm pour receveur de douche.\"}]},{\"@type\":\"WebSite\",\"@id\":\"https:\/\/www.bagnoitalia.com\/fr#website\",\"url\":\"https:\/\/www.bagnoitalia.com\/fr\",\"name\":\"Bagno Italia\",\"description\":\"\",\"publisher\":{\"@id\":\"https:\/\/www.bagnoitalia.com\/fr#organization\"},\"potentialAction\":[{\"@type\":\"SearchAction\",\"target\":{\"@type\":\"EntryPoint\",\"urlTemplate\":\"https:\/\/www.bagnoitalia.com\/fr?s={search_term_string}\"},\"query-input\":{\"@type\":\"PropertyValueSpecification\",\"valueRequired\":true,\"valueName\":\"search_term_string\"}}],\"inLanguage\":\"fr-FR\"},{\"@type\":\"Organization\",\"@id\":\"https:\/\/www.bagnoitalia.com\/fr#organization\",\"name\":\"Bagno Italia\",\"url\":\"https:\/\/www.bagnoitalia.com\/fr\",\"logo\":{\"@type\":\"ImageObject\",\"inLanguage\":\"fr-FR\",\"@id\":\"https:\/\/www.bagnoitalia.com\/fr#\/schema\/logo\/image\/\",\"url\":\"https:\/\/img.bagnoitalia.com\/wp-content\/uploads\/logo-bagnoitalia.webp\",\"contentUrl\":\"https:\/\/img.bagnoitalia.com\/wp-content\/uploads\/logo-bagnoitalia.webp\",\"width\":400,\"height\":70,\"caption\":\"Bagno Italia\"},\"image\":{\"@id\":\"https:\/\/www.bagnoitalia.com\/fr#\/schema\/logo\/image\/\"}}]}<\/script>\n<!-- \/ Yoast SEO plugin. -->","yoast_head_json":{"title":"Bonde automatique universelle 90 mm pour receveur de douche.","description":"Purge automatique universelle et adaptable \u00e0 tout type de receveur de douche","robots":{"index":"index","follow":"follow","max-snippet":"max-snippet:-1","max-image-preview":"max-image-preview:large","max-video-preview":"max-video-preview:-1"},"canonical":"https:\/\/www.bagnoitalia.com\/fr\/produit\/purge-automatique-universelle-90-mm-pour-receveur-de-douche.html","og_locale":"fr_FR","og_type":"article","og_title":"Bonde automatique universelle 90 mm pour receveur de douche.","og_description":"Purge automatique universelle et adaptable \u00e0 tout type de receveur de douche","og_url":"https:\/\/www.bagnoitalia.com\/fr\/produit\/purge-automatique-universelle-90-mm-pour-receveur-de-douche.html","og_site_name":"Bagno Italia","article_modified_time":"2024-05-10T21:44:20+00:00","og_image":[{"width":604,"height":407,"url":"https:\/\/img.bagnoitalia.com\/wp-content\/uploads\/virtuemart\/product\/Universal-click-clack-shower-tray-waste-1_1542815191_956.jpg","type":"image\/jpeg"}],"twitter_card":"summary_large_image","schema":{"@context":"https:\/\/schema.org","@graph":[{"@type":"WebPage","@id":"https:\/\/www.bagnoitalia.com\/fr\/produit\/purge-automatique-universelle-90-mm-pour-receveur-de-douche.html","url":"https:\/\/www.bagnoitalia.com\/fr\/produit\/purge-automatique-universelle-90-mm-pour-receveur-de-douche.html","name":"Bonde automatique universelle 90 mm pour receveur de douche.","isPartOf":{"@id":"https:\/\/www.bagnoitalia.com\/fr#website"},"primaryImageOfPage":{"@id":"https:\/\/www.bagnoitalia.com\/fr\/produit\/purge-automatique-universelle-90-mm-pour-receveur-de-douche.html#primaryimage"},"image":{"@id":"https:\/\/www.bagnoitalia.com\/fr\/produit\/purge-automatique-universelle-90-mm-pour-receveur-de-douche.html#primaryimage"},"thumbnailUrl":"https:\/\/img.bagnoitalia.com\/wp-content\/uploads\/virtuemart\/product\/Universal-click-clack-shower-tray-waste-1_1542815191_956.jpg","datePublished":"2016-07-28T08:46:02+00:00","dateModified":"2024-05-10T21:44:20+00:00","description":"Purge automatique universelle et adaptable \u00e0 tout type de receveur de douche","breadcrumb":{"@id":"https:\/\/www.bagnoitalia.com\/fr\/produit\/purge-automatique-universelle-90-mm-pour-receveur-de-douche.html#breadcrumb"},"inLanguage":"fr-FR","potentialAction":[{"@type":"ReadAction","target":["https:\/\/www.bagnoitalia.com\/fr\/produit\/purge-automatique-universelle-90-mm-pour-receveur-de-douche.html"]}]},{"@type":"ImageObject","inLanguage":"fr-FR","@id":"https:\/\/www.bagnoitalia.com\/fr\/produit\/purge-automatique-universelle-90-mm-pour-receveur-de-douche.html#primaryimage","url":"https:\/\/img.bagnoitalia.com\/wp-content\/uploads\/virtuemart\/product\/Universal-click-clack-shower-tray-waste-1_1542815191_956.jpg","contentUrl":"https:\/\/img.bagnoitalia.com\/wp-content\/uploads\/virtuemart\/product\/Universal-click-clack-shower-tray-waste-1_1542815191_956.jpg","width":604,"height":407},{"@type":"BreadcrumbList","@id":"https:\/\/www.bagnoitalia.com\/fr\/produit\/purge-automatique-universelle-90-mm-pour-receveur-de-douche.html#breadcrumb","itemListElement":[{"@type":"ListItem","position":1,"name":"Home","item":"https:\/\/www.bagnoitalia.com\/fr"},{"@type":"ListItem","position":2,"name":"Produits","item":"https:\/\/www.bagnoitalia.com\/fr\/shop"},{"@type":"ListItem","position":3,"name":"Bonde automatique universelle 90 mm pour receveur de douche."}]},{"@type":"WebSite","@id":"https:\/\/www.bagnoitalia.com\/fr#website","url":"https:\/\/www.bagnoitalia.com\/fr","name":"Bagno Italia","description":"","publisher":{"@id":"https:\/\/www.bagnoitalia.com\/fr#organization"},"potentialAction":[{"@type":"SearchAction","target":{"@type":"EntryPoint","urlTemplate":"https:\/\/www.bagnoitalia.com\/fr?s={search_term_string}"},"query-input":{"@type":"PropertyValueSpecification","valueRequired":true,"valueName":"search_term_string"}}],"inLanguage":"fr-FR"},{"@type":"Organization","@id":"https:\/\/www.bagnoitalia.com\/fr#organization","name":"Bagno Italia","url":"https:\/\/www.bagnoitalia.com\/fr","logo":{"@type":"ImageObject","inLanguage":"fr-FR","@id":"https:\/\/www.bagnoitalia.com\/fr#\/schema\/logo\/image\/","url":"https:\/\/img.bagnoitalia.com\/wp-content\/uploads\/logo-bagnoitalia.webp","contentUrl":"https:\/\/img.bagnoitalia.com\/wp-content\/uploads\/logo-bagnoitalia.webp","width":400,"height":70,"caption":"Bagno Italia"},"image":{"@id":"https:\/\/www.bagnoitalia.com\/fr#\/schema\/logo\/image\/"}}]}},"_links":{"self":[{"href":"https:\/\/www.bagnoitalia.com\/fr\/wp-json\/wp\/v2\/product\/80138","targetHints":{"allow":["GET"]}}],"collection":[{"href":"https:\/\/www.bagnoitalia.com\/fr\/wp-json\/wp\/v2\/product"}],"about":[{"href":"https:\/\/www.bagnoitalia.com\/fr\/wp-json\/wp\/v2\/types\/product"}],"replies":[{"embeddable":true,"href":"https:\/\/www.bagnoitalia.com\/fr\/wp-json\/wp\/v2\/comments?post=80138"}],"version-history":[{"count":0,"href":"https:\/\/www.bagnoitalia.com\/fr\/wp-json\/wp\/v2\/product\/80138\/revisions"}],"wp:featuredmedia":[{"embeddable":true,"href":"https:\/\/www.bagnoitalia.com\/fr\/wp-json\/wp\/v2\/media\/32190"}],"wp:attachment":[{"href":"https:\/\/www.bagnoitalia.com\/fr\/wp-json\/wp\/v2\/media?parent=80138"}],"wp:term":[{"taxonomy":"product_brand","embeddable":true,"href":"https:\/\/www.bagnoitalia.com\/fr\/wp-json\/wp\/v2\/product_brand?post=80138"},{"taxonomy":"product_cat","embeddable":true,"href":"https:\/\/www.bagnoitalia.com\/fr\/wp-json\/wp\/v2\/product_cat?post=80138"},{"taxonomy":"product_tag","embeddable":true,"href":"https:\/\/www.bagnoitalia.com\/fr\/wp-json\/wp\/v2\/product_tag?post=80138"}],"curies":[{"name":"wp","href":"https:\/\/api.w.org\/{rel}","templated":true}]}}