{"id":80118,"date":"2016-06-28T12:54:12","date_gmt":"2016-06-28T10:54:12","guid":{"rendered":"https:\/\/www.bagnoitalia.com\/product\/paroi-de-douche-deux-portes-fixes-porte-battante-porte-simple-hauteur-185-198-cm-verre-trempe-6-mm-transparent-opaque-de-differentes-tailles-box011"},"modified":"2024-05-16T16:55:53","modified_gmt":"2024-05-16T14:55:53","slug":"paroi-de-douche-deux-portes-fixes-porte-battante-porte-simple-hauteur-185-198-cm-verre-trempe-6-mm-transparent-opaque-de-differentes-tailles-box011","status":"publish","type":"product","link":"https:\/\/www.bagnoitalia.com\/fr\/produit\/paroi-de-douche-deux-portes-fixes-porte-battante-porte-simple-hauteur-185-198-cm-verre-trempe-6-mm-transparent-opaque-de-differentes-tailles-box011.html","title":{"rendered":"Cabine de douche \u00e0 deux parois fixes et 1 porte battante simple hauteur 185 ou 198 cm verre tremp\u00e9 6 mm transparent ou opaque en plusieurs dimensions BOX011"},"content":{"rendered":"<p style=\"margin-bottom: 0cm;\"><span style=\"font-size: 12pt;\"><strong><span style=\"font-style: normal;\"><span style=\"text-decoration: underline;\"><strong>Cabine de douche \u00e0 3<strong>&nbsp;c\u00f4t\u00e9s,&nbsp;<\/strong>compos\u00e9e de 2 parois fixes et 1 porte battante simple<\/strong><\/span><\/span><\/strong><\/span><\/p>\n<\/p>\n<p style=\"margin-bottom: 0cm;\"><span style=\"font-size: 12pt;\"><strong><span style=\"text-decoration: underline;\">ATTENTION: dans le menu sup\u00e9rieur, les premi\u00e8re et troisi\u00e8me dimensions concernent les parois fixes, tandis que la deuxi\u00e8me concerne les portes battantes (par exemple, 70X90x70 2 parois fixes de 70 cm, porte battante de 90 cm)<\/span><\/strong><\/span><\/p>\n<ul>\n<li>\n<p style=\"margin-bottom: 0cm;\"><span style=\"font-size: 10pt;\">Syst\u00e8me d&rsquo;ouverture&nbsp; porte battante simple sur un axe fixe vers l&rsquo;ext\u00e9rieur<\/span><\/p>\n<\/li>\n<li>\n<p style=\"margin-bottom: 0cm;\"><span style=\"font-size: 10pt;\"><strong><span style=\"font-weight: normal;\">Hauteur de la cabine: 185 ou<\/span><\/strong> <span style=\"font-weight: normal;\">198 cm<\/span><\/span><\/p>\n<\/li>\n<li>\n<p style=\"margin-bottom: 0cm;\"><span style=\"font-size: 10pt;\">Verre de s\u00e9curit\u00e9 tremp\u00e9 transparent ou opaque de 6 mm d&rsquo;\u00e9paisseur<\/span><\/p>\n<\/li>\n<li>\n<p style=\"margin-bottom: 0cm;\"><span style=\"font-size: 10pt;\">Profils en aluminium anodis\u00e9 chrom\u00e9<\/span><\/p>\n<\/li>\n<li>\n<p style=\"margin-bottom: 0cm;\"><span style=\"font-size: 10pt;\">Fermeture magn\u00e9tique de la porte<\/span><\/p>\n<\/li>\n<li>\n<p style=\"margin-bottom: 0cm;\"><span style=\"font-size: 10pt;\">Joints munis d&rsquo;ailettes anti-gouttes sur la porte emp\u00eachant l&rsquo;eau de s&rsquo;\u00e9chapper de l\u2019utilisation.<\/span><\/p>\n<\/li>\n<li>\n<p style=\"margin-bottom: 0cm;\"><span style=\"font-size: 10pt;\">Poign\u00e9e style moderne en acier chrom\u00e9<\/span><\/p>\n<\/li>\n<li>\n<p style=\"margin-bottom: 0cm;\"><span style=\"font-size: 10pt;\">Cabine de douche r\u00e9versible lors du montage<\/span><\/p>\n<\/li>\n<li>\n<p style=\"margin-bottom: 0cm;\"><span style=\"font-size: 10pt;\">Tol\u00e9rance de 2 cm (2,5 cm dans la version \u00e0 hauteur de 198 cm) pour un montage correct<\/span><\/p>\n<\/li>\n<li>\n<p style=\"margin-bottom: 0cm;\"><span style=\"font-size: 10pt;\">Receveur de douche non inclus<\/span><\/p>\n<\/li>\n<li>\n<p><span style=\"font-size: 10pt;\"><strong><span style=\"font-weight: normal;\">Produit certifi\u00e9 CE<\/span><\/strong><\/span><\/p>\n<\/li>\n<\/ul>\n<p><span style=\"font-size: 10pt;\"><\/span><\/p>\n<p><span style=\"font-size: 10pt;\"><span style=\"color: #ff0000;\"><strong>ATTENTION<\/strong><\/span><strong><span style=\"color: #ff0000;\">:<\/span> il est \u00e9galement possible d&rsquo;ajouter des profils de compensation s&rsquo;il est n\u00e9cessaire d&rsquo;augmenter les dimensions de quelques centim\u00e8tres au-del\u00e0 de celles indiqu\u00e9es<\/strong><\/span><\/p>\n<\/p>\n<p><span style=\"text-decoration: underline; font-size: 12pt;\"><strong>Cabine de douche hauteur 185 cm<\/strong><\/span><\/p>\n<p><img fetchpriority=\"high\" decoding=\"async\" class=\" size-full wp-image-32058\" src=\"https:\/\/img.bagnoitalia.com\/wp-content\/uploads\/bo_12_anta-unica-10.jpg\" alt=\"\" width=\"501\" height=\"501\" srcset=\"https:\/\/img.bagnoitalia.com\/wp-content\/uploads\/bo_12_anta-unica-10.jpg 1500w, https:\/\/img.bagnoitalia.com\/wp-content\/uploads\/bo_12_anta-unica-10-768x768.jpg 768w, https:\/\/img.bagnoitalia.com\/wp-content\/uploads\/bo_12_anta-unica-10-990x990.jpg 990w, https:\/\/img.bagnoitalia.com\/wp-content\/uploads\/bo_12_anta-unica-10-441x441.jpg 441w, https:\/\/img.bagnoitalia.com\/wp-content\/uploads\/bo_12_anta-unica-10-100x100.jpg 100w, https:\/\/img.bagnoitalia.com\/wp-content\/uploads\/bo_12_anta-unica-10-600x600.jpg 600w, https:\/\/img.bagnoitalia.com\/wp-content\/uploads\/bo_12_anta-unica-10-150x150.jpg 150w\" sizes=\"(max-width: 501px) 100vw, 501px\" \/><\/p>\n<\/p>\n<p><span style=\"text-decoration: underline; font-size: 12pt;\"><strong>Poign\u00e9e de cabine de douche hauteur 185 cm<\/strong><\/span><\/p>\n<p><img decoding=\"async\" class=\" size-full wp-image-26754\" src=\"https:\/\/img.bagnoitalia.com\/wp-content\/uploads\/box_doccia_12_scorrevole-11.jpg\" alt=\"\" width=\"501\" height=\"501\" srcset=\"https:\/\/img.bagnoitalia.com\/wp-content\/uploads\/box_doccia_12_scorrevole-11.jpg 1500w, https:\/\/img.bagnoitalia.com\/wp-content\/uploads\/box_doccia_12_scorrevole-11-768x768.jpg 768w, https:\/\/img.bagnoitalia.com\/wp-content\/uploads\/box_doccia_12_scorrevole-11-990x990.jpg 990w, https:\/\/img.bagnoitalia.com\/wp-content\/uploads\/box_doccia_12_scorrevole-11-441x441.jpg 441w, https:\/\/img.bagnoitalia.com\/wp-content\/uploads\/box_doccia_12_scorrevole-11-100x100.jpg 100w, https:\/\/img.bagnoitalia.com\/wp-content\/uploads\/box_doccia_12_scorrevole-11-600x600.jpg 600w, https:\/\/img.bagnoitalia.com\/wp-content\/uploads\/box_doccia_12_scorrevole-11-150x150.jpg 150w\" sizes=\"(max-width: 501px) 100vw, 501px\" \/><\/p>\n<p>__________________________________________________________________________________<\/p>\n<p><span style=\"text-decoration: underline; font-size: 12pt;\"><strong>Bo\u00eete de douche hauteur 198 cm<\/strong><\/span><\/p>\n<p><img decoding=\"async\" class=\" size-full wp-image-32062\" src=\"https:\/\/img.bagnoitalia.com\/wp-content\/uploads\/bo_12_anta-unica-5.jpg\" alt=\"\" width=\"501\" height=\"501\" srcset=\"https:\/\/img.bagnoitalia.com\/wp-content\/uploads\/bo_12_anta-unica-5.jpg 1500w, https:\/\/img.bagnoitalia.com\/wp-content\/uploads\/bo_12_anta-unica-5-768x768.jpg 768w, https:\/\/img.bagnoitalia.com\/wp-content\/uploads\/bo_12_anta-unica-5-990x990.jpg 990w, https:\/\/img.bagnoitalia.com\/wp-content\/uploads\/bo_12_anta-unica-5-441x441.jpg 441w, https:\/\/img.bagnoitalia.com\/wp-content\/uploads\/bo_12_anta-unica-5-100x100.jpg 100w, https:\/\/img.bagnoitalia.com\/wp-content\/uploads\/bo_12_anta-unica-5-600x600.jpg 600w, https:\/\/img.bagnoitalia.com\/wp-content\/uploads\/bo_12_anta-unica-5-150x150.jpg 150w\" sizes=\"(max-width: 501px) 100vw, 501px\" \/><\/p>\n<\/p>\n<p><span style=\"text-decoration: underline; font-size: 12pt;\"><strong><strong>Poign\u00e9e de cabine de douche hauteur<\/strong><span style=\"text-decoration: underline; font-size: 12pt;\"><\/span> 198 cm<\/strong><\/span><\/p>\n<p><img loading=\"lazy\" decoding=\"async\" class=\" size-full wp-image-26758\" src=\"https:\/\/img.bagnoitalia.com\/wp-content\/uploads\/box_doccia_12_scorrevole-9.jpg\" alt=\"\" width=\"501\" height=\"501\" srcset=\"https:\/\/img.bagnoitalia.com\/wp-content\/uploads\/box_doccia_12_scorrevole-9.jpg 1500w, https:\/\/img.bagnoitalia.com\/wp-content\/uploads\/box_doccia_12_scorrevole-9-768x768.jpg 768w, https:\/\/img.bagnoitalia.com\/wp-content\/uploads\/box_doccia_12_scorrevole-9-990x990.jpg 990w, https:\/\/img.bagnoitalia.com\/wp-content\/uploads\/box_doccia_12_scorrevole-9-441x441.jpg 441w, https:\/\/img.bagnoitalia.com\/wp-content\/uploads\/box_doccia_12_scorrevole-9-100x100.jpg 100w, https:\/\/img.bagnoitalia.com\/wp-content\/uploads\/box_doccia_12_scorrevole-9-600x600.jpg 600w, https:\/\/img.bagnoitalia.com\/wp-content\/uploads\/box_doccia_12_scorrevole-9-150x150.jpg 150w\" sizes=\"(max-width: 501px) 100vw, 501px\" \/><\/p>\n<p>_____________________________________________________________________________<\/p>\n","protected":false},"excerpt":{"rendered":"<p>Cabine de douche compos\u00e9e de deux parois fixes et d&rsquo;une porte battante simple,  hauteur 185 ou 198 cm,  verre tremp\u00e9 transparent ou opaque de 6 mm, disponible en plusieurs dimensions.<\/p>\n","protected":false},"featured_media":32010,"comment_status":"open","ping_status":"closed","template":"","meta":[],"product_brand":[9891],"product_cat":[15],"product_tag":[],"class_list":{"0":"post-80118","1":"product","2":"type-product","3":"status-publish","4":"has-post-thumbnail","6":"product_brand-idralite-fr","7":"product_cat-senza-categoria","9":"first","10":"outofstock","11":"taxable","12":"shipping-taxable","13":"purchasable","14":"product-type-simple"},"exclude_global_add_ons":false,"addons":[{"name":"CAMPI_DIMENSIONI\r\n","type":"select","position":0,"required":true,"title_format":"label","default":"","description_enable":false,"description":"","placeholder_enable":false,"placeholder":"","display":"select","restrictions_type":"any_text","adjust_price":false,"price":"","price_type":"","restrictions":false,"min":"0","max":"0","options":[]},{"name":"CAMPI_CRISTALLO\r\n","type":"select","position":0,"required":true,"title_format":"label","default":"","description_enable":false,"description":"","placeholder_enable":false,"placeholder":"","display":"select","restrictions_type":"any_text","adjust_price":false,"price":"","price_type":"","restrictions":false,"min":"0","max":"0","options":[]},{"name":"CAMPI_ALTEZZA\r\n","type":"select","position":0,"required":true,"title_format":"label","default":"","description_enable":false,"description":"","placeholder_enable":false,"placeholder":"","display":"select","restrictions_type":"any_text","adjust_price":false,"price":"","price_type":"","restrictions":false,"min":"0","max":"0","options":[]},{"name":"CAMPI_PROFILO_DI_COMPENSAZIONE\r\n","type":"select","position":0,"required":true,"title_format":"label","default":"","description_enable":false,"description":"","placeholder_enable":false,"placeholder":"","display":"select","restrictions_type":"any_text","adjust_price":false,"price":"","price_type":"","restrictions":false,"min":"0","max":"0","options":[]}],"yoast_head":"<!-- This site is optimized with the Yoast SEO plugin v26.7 - https:\/\/yoast.com\/wordpress\/plugins\/seo\/ -->\n<title>Cabine de douche \u00e0 deux parois fixes et 1 porte battante simple hauteur 185 ou 198 cm verre tremp\u00e9 6 mm transparent ou opaque en plusieurs dimensions BOX011<\/title>\n<meta name=\"description\" content=\"Paroi de douche compos\u00e9e de deux portes fixes et une porte battante \u00e0 porte simple disponibles en hauteur 185 ou 198 cm avec verre tremp\u00e9 transparent ou opaque de 6 mm de diff\u00e9rentes tailles\" \/>\n<meta name=\"robots\" content=\"index, follow, max-snippet:-1, max-image-preview:large, max-video-preview:-1\" \/>\n<link rel=\"canonical\" href=\"https:\/\/www.bagnoitalia.com\/fr\/produit\/paroi-de-douche-deux-portes-fixes-porte-battante-porte-simple-hauteur-185-198-cm-verre-trempe-6-mm-transparent-opaque-de-differentes-tailles-box011.html\" \/>\n<meta property=\"og:locale\" content=\"fr_FR\" \/>\n<meta property=\"og:type\" content=\"article\" \/>\n<meta property=\"og:title\" content=\"Cabine de douche \u00e0 deux parois fixes et 1 porte battante simple hauteur 185 ou 198 cm verre tremp\u00e9 6 mm transparent ou opaque en plusieurs dimensions BOX011\" \/>\n<meta property=\"og:description\" content=\"Paroi de douche compos\u00e9e de deux portes fixes et une porte battante \u00e0 porte simple disponibles en hauteur 185 ou 198 cm avec verre tremp\u00e9 transparent ou opaque de 6 mm de diff\u00e9rentes tailles\" \/>\n<meta property=\"og:url\" content=\"https:\/\/www.bagnoitalia.com\/fr\/produit\/paroi-de-douche-deux-portes-fixes-porte-battante-porte-simple-hauteur-185-198-cm-verre-trempe-6-mm-transparent-opaque-de-differentes-tailles-box011.html\" \/>\n<meta property=\"og:site_name\" content=\"Bagno Italia\" \/>\n<meta property=\"article:modified_time\" content=\"2024-05-16T14:55:53+00:00\" \/>\n<meta property=\"og:image\" content=\"https:\/\/img.bagnoitalia.com\/wp-content\/uploads\/virtuemart\/product\/shower-enclosure-two-fixed-and-single-swing-doors-box011-1_1543569905_358.jpg\" \/>\n\t<meta property=\"og:image:width\" content=\"1784\" \/>\n\t<meta property=\"og:image:height\" content=\"1880\" \/>\n\t<meta property=\"og:image:type\" content=\"image\/jpeg\" \/>\n<meta name=\"twitter:card\" content=\"summary_large_image\" \/>\n<meta name=\"twitter:label1\" content=\"Dur\u00e9e de lecture estim\u00e9e\" \/>\n\t<meta name=\"twitter:data1\" content=\"1 minute\" \/>\n<script type=\"application\/ld+json\" class=\"yoast-schema-graph\">{\"@context\":\"https:\/\/schema.org\",\"@graph\":[{\"@type\":\"WebPage\",\"@id\":\"https:\/\/www.bagnoitalia.com\/fr\/produit\/paroi-de-douche-deux-portes-fixes-porte-battante-porte-simple-hauteur-185-198-cm-verre-trempe-6-mm-transparent-opaque-de-differentes-tailles-box011.html\",\"url\":\"https:\/\/www.bagnoitalia.com\/fr\/produit\/paroi-de-douche-deux-portes-fixes-porte-battante-porte-simple-hauteur-185-198-cm-verre-trempe-6-mm-transparent-opaque-de-differentes-tailles-box011.html\",\"name\":\"Cabine de douche \u00e0 deux parois fixes et 1 porte battante simple hauteur 185 ou 198 cm verre tremp\u00e9 6 mm transparent ou opaque en plusieurs dimensions BOX011\",\"isPartOf\":{\"@id\":\"https:\/\/www.bagnoitalia.com\/fr#website\"},\"primaryImageOfPage\":{\"@id\":\"https:\/\/www.bagnoitalia.com\/fr\/produit\/paroi-de-douche-deux-portes-fixes-porte-battante-porte-simple-hauteur-185-198-cm-verre-trempe-6-mm-transparent-opaque-de-differentes-tailles-box011.html#primaryimage\"},\"image\":{\"@id\":\"https:\/\/www.bagnoitalia.com\/fr\/produit\/paroi-de-douche-deux-portes-fixes-porte-battante-porte-simple-hauteur-185-198-cm-verre-trempe-6-mm-transparent-opaque-de-differentes-tailles-box011.html#primaryimage\"},\"thumbnailUrl\":\"https:\/\/img.bagnoitalia.com\/wp-content\/uploads\/virtuemart\/product\/shower-enclosure-two-fixed-and-single-swing-doors-box011-1_1543569905_358.jpg\",\"datePublished\":\"2016-06-28T10:54:12+00:00\",\"dateModified\":\"2024-05-16T14:55:53+00:00\",\"description\":\"Paroi de douche compos\u00e9e de deux portes fixes et une porte battante \u00e0 porte simple disponibles en hauteur 185 ou 198 cm avec verre tremp\u00e9 transparent ou opaque de 6 mm de diff\u00e9rentes tailles\",\"breadcrumb\":{\"@id\":\"https:\/\/www.bagnoitalia.com\/fr\/produit\/paroi-de-douche-deux-portes-fixes-porte-battante-porte-simple-hauteur-185-198-cm-verre-trempe-6-mm-transparent-opaque-de-differentes-tailles-box011.html#breadcrumb\"},\"inLanguage\":\"fr-FR\",\"potentialAction\":[{\"@type\":\"ReadAction\",\"target\":[\"https:\/\/www.bagnoitalia.com\/fr\/produit\/paroi-de-douche-deux-portes-fixes-porte-battante-porte-simple-hauteur-185-198-cm-verre-trempe-6-mm-transparent-opaque-de-differentes-tailles-box011.html\"]}]},{\"@type\":\"ImageObject\",\"inLanguage\":\"fr-FR\",\"@id\":\"https:\/\/www.bagnoitalia.com\/fr\/produit\/paroi-de-douche-deux-portes-fixes-porte-battante-porte-simple-hauteur-185-198-cm-verre-trempe-6-mm-transparent-opaque-de-differentes-tailles-box011.html#primaryimage\",\"url\":\"https:\/\/img.bagnoitalia.com\/wp-content\/uploads\/virtuemart\/product\/shower-enclosure-two-fixed-and-single-swing-doors-box011-1_1543569905_358.jpg\",\"contentUrl\":\"https:\/\/img.bagnoitalia.com\/wp-content\/uploads\/virtuemart\/product\/shower-enclosure-two-fixed-and-single-swing-doors-box011-1_1543569905_358.jpg\",\"width\":1784,\"height\":1880},{\"@type\":\"BreadcrumbList\",\"@id\":\"https:\/\/www.bagnoitalia.com\/fr\/produit\/paroi-de-douche-deux-portes-fixes-porte-battante-porte-simple-hauteur-185-198-cm-verre-trempe-6-mm-transparent-opaque-de-differentes-tailles-box011.html#breadcrumb\",\"itemListElement\":[{\"@type\":\"ListItem\",\"position\":1,\"name\":\"Home\",\"item\":\"https:\/\/www.bagnoitalia.com\/fr\"},{\"@type\":\"ListItem\",\"position\":2,\"name\":\"Produits\",\"item\":\"https:\/\/www.bagnoitalia.com\/fr\/shop\"},{\"@type\":\"ListItem\",\"position\":3,\"name\":\"Cabine de douche \u00e0 deux parois fixes et 1 porte battante simple hauteur 185 ou 198 cm verre tremp\u00e9 6 mm transparent ou opaque en plusieurs dimensions BOX011\"}]},{\"@type\":\"WebSite\",\"@id\":\"https:\/\/www.bagnoitalia.com\/fr#website\",\"url\":\"https:\/\/www.bagnoitalia.com\/fr\",\"name\":\"Bagno Italia\",\"description\":\"\",\"publisher\":{\"@id\":\"https:\/\/www.bagnoitalia.com\/fr#organization\"},\"potentialAction\":[{\"@type\":\"SearchAction\",\"target\":{\"@type\":\"EntryPoint\",\"urlTemplate\":\"https:\/\/www.bagnoitalia.com\/fr?s={search_term_string}\"},\"query-input\":{\"@type\":\"PropertyValueSpecification\",\"valueRequired\":true,\"valueName\":\"search_term_string\"}}],\"inLanguage\":\"fr-FR\"},{\"@type\":\"Organization\",\"@id\":\"https:\/\/www.bagnoitalia.com\/fr#organization\",\"name\":\"Bagno Italia\",\"url\":\"https:\/\/www.bagnoitalia.com\/fr\",\"logo\":{\"@type\":\"ImageObject\",\"inLanguage\":\"fr-FR\",\"@id\":\"https:\/\/www.bagnoitalia.com\/fr#\/schema\/logo\/image\/\",\"url\":\"https:\/\/img.bagnoitalia.com\/wp-content\/uploads\/logo-bagnoitalia.webp\",\"contentUrl\":\"https:\/\/img.bagnoitalia.com\/wp-content\/uploads\/logo-bagnoitalia.webp\",\"width\":400,\"height\":70,\"caption\":\"Bagno Italia\"},\"image\":{\"@id\":\"https:\/\/www.bagnoitalia.com\/fr#\/schema\/logo\/image\/\"}}]}<\/script>\n<!-- \/ Yoast SEO plugin. -->","yoast_head_json":{"title":"Cabine de douche \u00e0 deux parois fixes et 1 porte battante simple hauteur 185 ou 198 cm verre tremp\u00e9 6 mm transparent ou opaque en plusieurs dimensions BOX011","description":"Paroi de douche compos\u00e9e de deux portes fixes et une porte battante \u00e0 porte simple disponibles en hauteur 185 ou 198 cm avec verre tremp\u00e9 transparent ou opaque de 6 mm de diff\u00e9rentes tailles","robots":{"index":"index","follow":"follow","max-snippet":"max-snippet:-1","max-image-preview":"max-image-preview:large","max-video-preview":"max-video-preview:-1"},"canonical":"https:\/\/www.bagnoitalia.com\/fr\/produit\/paroi-de-douche-deux-portes-fixes-porte-battante-porte-simple-hauteur-185-198-cm-verre-trempe-6-mm-transparent-opaque-de-differentes-tailles-box011.html","og_locale":"fr_FR","og_type":"article","og_title":"Cabine de douche \u00e0 deux parois fixes et 1 porte battante simple hauteur 185 ou 198 cm verre tremp\u00e9 6 mm transparent ou opaque en plusieurs dimensions BOX011","og_description":"Paroi de douche compos\u00e9e de deux portes fixes et une porte battante \u00e0 porte simple disponibles en hauteur 185 ou 198 cm avec verre tremp\u00e9 transparent ou opaque de 6 mm de diff\u00e9rentes tailles","og_url":"https:\/\/www.bagnoitalia.com\/fr\/produit\/paroi-de-douche-deux-portes-fixes-porte-battante-porte-simple-hauteur-185-198-cm-verre-trempe-6-mm-transparent-opaque-de-differentes-tailles-box011.html","og_site_name":"Bagno Italia","article_modified_time":"2024-05-16T14:55:53+00:00","og_image":[{"width":1784,"height":1880,"url":"https:\/\/img.bagnoitalia.com\/wp-content\/uploads\/virtuemart\/product\/shower-enclosure-two-fixed-and-single-swing-doors-box011-1_1543569905_358.jpg","type":"image\/jpeg"}],"twitter_card":"summary_large_image","twitter_misc":{"Dur\u00e9e de lecture estim\u00e9e":"1 minute"},"schema":{"@context":"https:\/\/schema.org","@graph":[{"@type":"WebPage","@id":"https:\/\/www.bagnoitalia.com\/fr\/produit\/paroi-de-douche-deux-portes-fixes-porte-battante-porte-simple-hauteur-185-198-cm-verre-trempe-6-mm-transparent-opaque-de-differentes-tailles-box011.html","url":"https:\/\/www.bagnoitalia.com\/fr\/produit\/paroi-de-douche-deux-portes-fixes-porte-battante-porte-simple-hauteur-185-198-cm-verre-trempe-6-mm-transparent-opaque-de-differentes-tailles-box011.html","name":"Cabine de douche \u00e0 deux parois fixes et 1 porte battante simple hauteur 185 ou 198 cm verre tremp\u00e9 6 mm transparent ou opaque en plusieurs dimensions BOX011","isPartOf":{"@id":"https:\/\/www.bagnoitalia.com\/fr#website"},"primaryImageOfPage":{"@id":"https:\/\/www.bagnoitalia.com\/fr\/produit\/paroi-de-douche-deux-portes-fixes-porte-battante-porte-simple-hauteur-185-198-cm-verre-trempe-6-mm-transparent-opaque-de-differentes-tailles-box011.html#primaryimage"},"image":{"@id":"https:\/\/www.bagnoitalia.com\/fr\/produit\/paroi-de-douche-deux-portes-fixes-porte-battante-porte-simple-hauteur-185-198-cm-verre-trempe-6-mm-transparent-opaque-de-differentes-tailles-box011.html#primaryimage"},"thumbnailUrl":"https:\/\/img.bagnoitalia.com\/wp-content\/uploads\/virtuemart\/product\/shower-enclosure-two-fixed-and-single-swing-doors-box011-1_1543569905_358.jpg","datePublished":"2016-06-28T10:54:12+00:00","dateModified":"2024-05-16T14:55:53+00:00","description":"Paroi de douche compos\u00e9e de deux portes fixes et une porte battante \u00e0 porte simple disponibles en hauteur 185 ou 198 cm avec verre tremp\u00e9 transparent ou opaque de 6 mm de diff\u00e9rentes tailles","breadcrumb":{"@id":"https:\/\/www.bagnoitalia.com\/fr\/produit\/paroi-de-douche-deux-portes-fixes-porte-battante-porte-simple-hauteur-185-198-cm-verre-trempe-6-mm-transparent-opaque-de-differentes-tailles-box011.html#breadcrumb"},"inLanguage":"fr-FR","potentialAction":[{"@type":"ReadAction","target":["https:\/\/www.bagnoitalia.com\/fr\/produit\/paroi-de-douche-deux-portes-fixes-porte-battante-porte-simple-hauteur-185-198-cm-verre-trempe-6-mm-transparent-opaque-de-differentes-tailles-box011.html"]}]},{"@type":"ImageObject","inLanguage":"fr-FR","@id":"https:\/\/www.bagnoitalia.com\/fr\/produit\/paroi-de-douche-deux-portes-fixes-porte-battante-porte-simple-hauteur-185-198-cm-verre-trempe-6-mm-transparent-opaque-de-differentes-tailles-box011.html#primaryimage","url":"https:\/\/img.bagnoitalia.com\/wp-content\/uploads\/virtuemart\/product\/shower-enclosure-two-fixed-and-single-swing-doors-box011-1_1543569905_358.jpg","contentUrl":"https:\/\/img.bagnoitalia.com\/wp-content\/uploads\/virtuemart\/product\/shower-enclosure-two-fixed-and-single-swing-doors-box011-1_1543569905_358.jpg","width":1784,"height":1880},{"@type":"BreadcrumbList","@id":"https:\/\/www.bagnoitalia.com\/fr\/produit\/paroi-de-douche-deux-portes-fixes-porte-battante-porte-simple-hauteur-185-198-cm-verre-trempe-6-mm-transparent-opaque-de-differentes-tailles-box011.html#breadcrumb","itemListElement":[{"@type":"ListItem","position":1,"name":"Home","item":"https:\/\/www.bagnoitalia.com\/fr"},{"@type":"ListItem","position":2,"name":"Produits","item":"https:\/\/www.bagnoitalia.com\/fr\/shop"},{"@type":"ListItem","position":3,"name":"Cabine de douche \u00e0 deux parois fixes et 1 porte battante simple hauteur 185 ou 198 cm verre tremp\u00e9 6 mm transparent ou opaque en plusieurs dimensions BOX011"}]},{"@type":"WebSite","@id":"https:\/\/www.bagnoitalia.com\/fr#website","url":"https:\/\/www.bagnoitalia.com\/fr","name":"Bagno Italia","description":"","publisher":{"@id":"https:\/\/www.bagnoitalia.com\/fr#organization"},"potentialAction":[{"@type":"SearchAction","target":{"@type":"EntryPoint","urlTemplate":"https:\/\/www.bagnoitalia.com\/fr?s={search_term_string}"},"query-input":{"@type":"PropertyValueSpecification","valueRequired":true,"valueName":"search_term_string"}}],"inLanguage":"fr-FR"},{"@type":"Organization","@id":"https:\/\/www.bagnoitalia.com\/fr#organization","name":"Bagno Italia","url":"https:\/\/www.bagnoitalia.com\/fr","logo":{"@type":"ImageObject","inLanguage":"fr-FR","@id":"https:\/\/www.bagnoitalia.com\/fr#\/schema\/logo\/image\/","url":"https:\/\/img.bagnoitalia.com\/wp-content\/uploads\/logo-bagnoitalia.webp","contentUrl":"https:\/\/img.bagnoitalia.com\/wp-content\/uploads\/logo-bagnoitalia.webp","width":400,"height":70,"caption":"Bagno Italia"},"image":{"@id":"https:\/\/www.bagnoitalia.com\/fr#\/schema\/logo\/image\/"}}]}},"_links":{"self":[{"href":"https:\/\/www.bagnoitalia.com\/fr\/wp-json\/wp\/v2\/product\/80118","targetHints":{"allow":["GET"]}}],"collection":[{"href":"https:\/\/www.bagnoitalia.com\/fr\/wp-json\/wp\/v2\/product"}],"about":[{"href":"https:\/\/www.bagnoitalia.com\/fr\/wp-json\/wp\/v2\/types\/product"}],"replies":[{"embeddable":true,"href":"https:\/\/www.bagnoitalia.com\/fr\/wp-json\/wp\/v2\/comments?post=80118"}],"version-history":[{"count":0,"href":"https:\/\/www.bagnoitalia.com\/fr\/wp-json\/wp\/v2\/product\/80118\/revisions"}],"wp:featuredmedia":[{"embeddable":true,"href":"https:\/\/www.bagnoitalia.com\/fr\/wp-json\/wp\/v2\/media\/32010"}],"wp:attachment":[{"href":"https:\/\/www.bagnoitalia.com\/fr\/wp-json\/wp\/v2\/media?parent=80118"}],"wp:term":[{"taxonomy":"product_brand","embeddable":true,"href":"https:\/\/www.bagnoitalia.com\/fr\/wp-json\/wp\/v2\/product_brand?post=80118"},{"taxonomy":"product_cat","embeddable":true,"href":"https:\/\/www.bagnoitalia.com\/fr\/wp-json\/wp\/v2\/product_cat?post=80118"},{"taxonomy":"product_tag","embeddable":true,"href":"https:\/\/www.bagnoitalia.com\/fr\/wp-json\/wp\/v2\/product_tag?post=80118"}],"curies":[{"name":"wp","href":"https:\/\/api.w.org\/{rel}","templated":true}]}}