{"id":80102,"date":"2016-06-22T10:46:12","date_gmt":"2016-06-22T08:46:12","guid":{"rendered":"https:\/\/www.bagnoitalia.com\/product\/mobilier-d-39-exterieur-ursula-double-chaise-longue-noir-coussins-avec-parasol"},"modified":"2024-05-10T23:36:07","modified_gmt":"2024-05-10T21:36:07","slug":"mobilier-d-39-exterieur-ursula-double-chaise-longue-noir-coussins-avec-parasol","status":"publish","type":"product","link":"https:\/\/www.bagnoitalia.com\/fr\/produit\/mobilier-d-39-exterieur-ursula-double-chaise-longue-noir-coussins-avec-parasol.html","title":{"rendered":"Meubles d&rsquo;ext\u00e9rieur Ursula chaise longue double noir coussins blancs avec parasol"},"content":{"rendered":"<p style=\"margin-bottom: 0cm;\"><span style=\"text-decoration: underline; font-size: 12pt;\"><strong>Meubles de jardin Ursula compos\u00e9s d&rsquo;une chaise longue double en rotin noir et coussins blancs<\/strong><\/span><\/p>\n<p style=\"margin-bottom: 0cm;\"><span style=\"font-size: 10pt;\">Chaise longue double en rotin de grande qualit\u00e9, con\u00e7ues avec une architecture moderne, \u00e9quip\u00e9es d&rsquo;un arbre central avec un rideau pare-soleil qui le rend encore plus \u00e9l\u00e9gant&nbsp;<\/span><\/p>\n<p style=\"margin-bottom: 0cm;\"><span style=\"font-size: 12pt;\"><strong>Le prix comprend:<\/strong><\/span><\/p>\n<ul>\n<li style=\"margin-bottom: 0cm;\"><span style=\"font-size: 10pt;\">Chaise longue double en rotin noir dimensions 202x145x200 cm<\/span><\/li>\n<li style=\"margin-bottom: 0cm;\"><span style=\"font-size: 10pt;\">Parasol inclus dans le prix<\/span><\/li>\n<\/ul>\n<p style=\"margin-bottom: 0cm;\"><strong><span style=\"font-size: 12pt;\">Caract\u00e9ristiques:<\/span><\/strong><\/p>\n<ul>\n<li style=\"margin-bottom: 0cm;\"><span style=\"font-size: 10pt;\">Cadre en aluminium anodis\u00e9 tress\u00e9 avec rotin \u00e9cologique<\/span><\/li>\n<li style=\"margin-bottom: 0cm;\"><span style=\"font-size: 10pt;\">R\u00e9sistant \u00e0 tout type de temps quelle que soit la saison de l&rsquo;ann\u00e9e<\/span><\/li>\n<li style=\"margin-bottom: 0cm;\"><span style=\"font-size: 10pt;\">Nettoyage facile<\/span><\/li>\n<li style=\"margin-bottom: 0cm;\"><span style=\"font-size: 10pt;\">Haute qualit\u00e9<\/span><\/li>\n<li style=\"margin-bottom: 0cm;\"><span style=\"font-size: 10pt;\">Parasol avec \u00ab\u00a0arbre\u00a0\u00bb central<\/span><\/li>\n<li style=\"margin-bottom: 0cm;\"><span style=\"font-size: 10pt;\">Table basse centrale avec plateau en verre<\/span><\/li>\n<li style=\"margin-bottom: 0cm;\"><span style=\"font-size: 10pt;\">R\u00e9sistant \u00e0 l&rsquo;eau de mer, aux rayons UV et mat\u00e9riaux anti-d\u00e9coloration<\/span><\/li>\n<\/ul>\n","protected":false},"excerpt":{"rendered":"<p>Meubles d&rsquo;ext\u00e9rieur mod\u00e8le Ursula se compose d&rsquo;une chaise longue double noir avec coussins blancs et parasol inclus dans l&rsquo;offre<\/p>\n","protected":false},"featured_media":31886,"comment_status":"open","ping_status":"closed","template":"","meta":[],"product_brand":[5021],"product_cat":[10012,9783],"product_tag":[],"class_list":{"0":"post-80102","1":"product","2":"type-product","3":"status-publish","4":"has-post-thumbnail","6":"product_brand-predator-arredo-casa","7":"product_cat-canapes-dexterieur","8":"product_cat-mobilier-d-39-exterieur","10":"first","11":"instock","12":"sale","13":"taxable","14":"shipping-taxable","15":"purchasable","16":"product-type-simple"},"exclude_global_add_ons":[],"addons":[],"yoast_head":"<!-- This site is optimized with the Yoast SEO plugin v26.7 - https:\/\/yoast.com\/wordpress\/plugins\/seo\/ -->\n<title>Meubles d&#039;ext\u00e9rieur Ursula chaise longue double noir coussins blancs avec parasol<\/title>\n<meta name=\"description\" content=\"Mobilier d&#039;ext\u00e9rieur mod\u00e8le Ursula compos\u00e9 d&#039;un transat double \u00e0 coussins noir et blanc avec parasol inclus dans l&#039;offre\" \/>\n<meta name=\"robots\" content=\"index, follow, max-snippet:-1, max-image-preview:large, max-video-preview:-1\" \/>\n<link rel=\"canonical\" href=\"https:\/\/www.bagnoitalia.com\/fr\/produit\/mobilier-d-39-exterieur-ursula-double-chaise-longue-noir-coussins-avec-parasol.html\" \/>\n<meta property=\"og:locale\" content=\"fr_FR\" \/>\n<meta property=\"og:type\" content=\"article\" \/>\n<meta property=\"og:title\" content=\"Meubles d&#039;ext\u00e9rieur Ursula chaise longue double noir coussins blancs avec parasol\" \/>\n<meta property=\"og:description\" content=\"Mobilier d&#039;ext\u00e9rieur mod\u00e8le Ursula compos\u00e9 d&#039;un transat double \u00e0 coussins noir et blanc avec parasol inclus dans l&#039;offre\" \/>\n<meta property=\"og:url\" content=\"https:\/\/www.bagnoitalia.com\/fr\/produit\/mobilier-d-39-exterieur-ursula-double-chaise-longue-noir-coussins-avec-parasol.html\" \/>\n<meta property=\"og:site_name\" content=\"Bagno Italia\" \/>\n<meta property=\"article:modified_time\" content=\"2024-05-10T21:36:07+00:00\" \/>\n<meta property=\"og:image\" content=\"https:\/\/img.bagnoitalia.com\/wp-content\/uploads\/virtuemart\/product\/Outdoor-furniture-ursula-model-double-black-deckchair-white-cushions-sunshade-1_1541165881_294.jpg\" \/>\n\t<meta property=\"og:image:width\" content=\"200\" \/>\n\t<meta property=\"og:image:height\" content=\"200\" \/>\n\t<meta property=\"og:image:type\" content=\"image\/jpeg\" \/>\n<meta name=\"twitter:card\" content=\"summary_large_image\" \/>\n<meta name=\"twitter:label1\" content=\"Dur\u00e9e de lecture estim\u00e9e\" \/>\n\t<meta name=\"twitter:data1\" content=\"1 minute\" \/>\n<script type=\"application\/ld+json\" class=\"yoast-schema-graph\">{\"@context\":\"https:\/\/schema.org\",\"@graph\":[{\"@type\":\"WebPage\",\"@id\":\"https:\/\/www.bagnoitalia.com\/fr\/produit\/mobilier-d-39-exterieur-ursula-double-chaise-longue-noir-coussins-avec-parasol.html\",\"url\":\"https:\/\/www.bagnoitalia.com\/fr\/produit\/mobilier-d-39-exterieur-ursula-double-chaise-longue-noir-coussins-avec-parasol.html\",\"name\":\"Meubles d'ext\u00e9rieur Ursula chaise longue double noir coussins blancs avec parasol\",\"isPartOf\":{\"@id\":\"https:\/\/www.bagnoitalia.com\/fr#website\"},\"primaryImageOfPage\":{\"@id\":\"https:\/\/www.bagnoitalia.com\/fr\/produit\/mobilier-d-39-exterieur-ursula-double-chaise-longue-noir-coussins-avec-parasol.html#primaryimage\"},\"image\":{\"@id\":\"https:\/\/www.bagnoitalia.com\/fr\/produit\/mobilier-d-39-exterieur-ursula-double-chaise-longue-noir-coussins-avec-parasol.html#primaryimage\"},\"thumbnailUrl\":\"https:\/\/img.bagnoitalia.com\/wp-content\/uploads\/virtuemart\/product\/Outdoor-furniture-ursula-model-double-black-deckchair-white-cushions-sunshade-1_1541165881_294.jpg\",\"datePublished\":\"2016-06-22T08:46:12+00:00\",\"dateModified\":\"2024-05-10T21:36:07+00:00\",\"description\":\"Mobilier d&#39;ext\u00e9rieur mod\u00e8le Ursula compos\u00e9 d&#39;un transat double \u00e0 coussins noir et blanc avec parasol inclus dans l&#39;offre\",\"breadcrumb\":{\"@id\":\"https:\/\/www.bagnoitalia.com\/fr\/produit\/mobilier-d-39-exterieur-ursula-double-chaise-longue-noir-coussins-avec-parasol.html#breadcrumb\"},\"inLanguage\":\"fr-FR\",\"potentialAction\":[{\"@type\":\"ReadAction\",\"target\":[\"https:\/\/www.bagnoitalia.com\/fr\/produit\/mobilier-d-39-exterieur-ursula-double-chaise-longue-noir-coussins-avec-parasol.html\"]}]},{\"@type\":\"ImageObject\",\"inLanguage\":\"fr-FR\",\"@id\":\"https:\/\/www.bagnoitalia.com\/fr\/produit\/mobilier-d-39-exterieur-ursula-double-chaise-longue-noir-coussins-avec-parasol.html#primaryimage\",\"url\":\"https:\/\/img.bagnoitalia.com\/wp-content\/uploads\/virtuemart\/product\/Outdoor-furniture-ursula-model-double-black-deckchair-white-cushions-sunshade-1_1541165881_294.jpg\",\"contentUrl\":\"https:\/\/img.bagnoitalia.com\/wp-content\/uploads\/virtuemart\/product\/Outdoor-furniture-ursula-model-double-black-deckchair-white-cushions-sunshade-1_1541165881_294.jpg\",\"width\":200,\"height\":200},{\"@type\":\"BreadcrumbList\",\"@id\":\"https:\/\/www.bagnoitalia.com\/fr\/produit\/mobilier-d-39-exterieur-ursula-double-chaise-longue-noir-coussins-avec-parasol.html#breadcrumb\",\"itemListElement\":[{\"@type\":\"ListItem\",\"position\":1,\"name\":\"Home\",\"item\":\"https:\/\/www.bagnoitalia.com\/fr\"},{\"@type\":\"ListItem\",\"position\":2,\"name\":\"Produits\",\"item\":\"https:\/\/www.bagnoitalia.com\/fr\/shop\"},{\"@type\":\"ListItem\",\"position\":3,\"name\":\"Meubles d&#8217;ext\u00e9rieur Ursula chaise longue double noir coussins blancs avec parasol\"}]},{\"@type\":\"WebSite\",\"@id\":\"https:\/\/www.bagnoitalia.com\/fr#website\",\"url\":\"https:\/\/www.bagnoitalia.com\/fr\",\"name\":\"Bagno Italia\",\"description\":\"\",\"publisher\":{\"@id\":\"https:\/\/www.bagnoitalia.com\/fr#organization\"},\"potentialAction\":[{\"@type\":\"SearchAction\",\"target\":{\"@type\":\"EntryPoint\",\"urlTemplate\":\"https:\/\/www.bagnoitalia.com\/fr?s={search_term_string}\"},\"query-input\":{\"@type\":\"PropertyValueSpecification\",\"valueRequired\":true,\"valueName\":\"search_term_string\"}}],\"inLanguage\":\"fr-FR\"},{\"@type\":\"Organization\",\"@id\":\"https:\/\/www.bagnoitalia.com\/fr#organization\",\"name\":\"Bagno Italia\",\"url\":\"https:\/\/www.bagnoitalia.com\/fr\",\"logo\":{\"@type\":\"ImageObject\",\"inLanguage\":\"fr-FR\",\"@id\":\"https:\/\/www.bagnoitalia.com\/fr#\/schema\/logo\/image\/\",\"url\":\"https:\/\/img.bagnoitalia.com\/wp-content\/uploads\/logo-bagnoitalia.webp\",\"contentUrl\":\"https:\/\/img.bagnoitalia.com\/wp-content\/uploads\/logo-bagnoitalia.webp\",\"width\":400,\"height\":70,\"caption\":\"Bagno Italia\"},\"image\":{\"@id\":\"https:\/\/www.bagnoitalia.com\/fr#\/schema\/logo\/image\/\"}}]}<\/script>\n<!-- \/ Yoast SEO plugin. -->","yoast_head_json":{"title":"Meubles d'ext\u00e9rieur Ursula chaise longue double noir coussins blancs avec parasol","description":"Mobilier d&#39;ext\u00e9rieur mod\u00e8le Ursula compos\u00e9 d&#39;un transat double \u00e0 coussins noir et blanc avec parasol inclus dans l&#39;offre","robots":{"index":"index","follow":"follow","max-snippet":"max-snippet:-1","max-image-preview":"max-image-preview:large","max-video-preview":"max-video-preview:-1"},"canonical":"https:\/\/www.bagnoitalia.com\/fr\/produit\/mobilier-d-39-exterieur-ursula-double-chaise-longue-noir-coussins-avec-parasol.html","og_locale":"fr_FR","og_type":"article","og_title":"Meubles d'ext\u00e9rieur Ursula chaise longue double noir coussins blancs avec parasol","og_description":"Mobilier d&#39;ext\u00e9rieur mod\u00e8le Ursula compos\u00e9 d&#39;un transat double \u00e0 coussins noir et blanc avec parasol inclus dans l&#39;offre","og_url":"https:\/\/www.bagnoitalia.com\/fr\/produit\/mobilier-d-39-exterieur-ursula-double-chaise-longue-noir-coussins-avec-parasol.html","og_site_name":"Bagno Italia","article_modified_time":"2024-05-10T21:36:07+00:00","og_image":[{"width":200,"height":200,"url":"https:\/\/img.bagnoitalia.com\/wp-content\/uploads\/virtuemart\/product\/Outdoor-furniture-ursula-model-double-black-deckchair-white-cushions-sunshade-1_1541165881_294.jpg","type":"image\/jpeg"}],"twitter_card":"summary_large_image","twitter_misc":{"Dur\u00e9e de lecture estim\u00e9e":"1 minute"},"schema":{"@context":"https:\/\/schema.org","@graph":[{"@type":"WebPage","@id":"https:\/\/www.bagnoitalia.com\/fr\/produit\/mobilier-d-39-exterieur-ursula-double-chaise-longue-noir-coussins-avec-parasol.html","url":"https:\/\/www.bagnoitalia.com\/fr\/produit\/mobilier-d-39-exterieur-ursula-double-chaise-longue-noir-coussins-avec-parasol.html","name":"Meubles d'ext\u00e9rieur Ursula chaise longue double noir coussins blancs avec parasol","isPartOf":{"@id":"https:\/\/www.bagnoitalia.com\/fr#website"},"primaryImageOfPage":{"@id":"https:\/\/www.bagnoitalia.com\/fr\/produit\/mobilier-d-39-exterieur-ursula-double-chaise-longue-noir-coussins-avec-parasol.html#primaryimage"},"image":{"@id":"https:\/\/www.bagnoitalia.com\/fr\/produit\/mobilier-d-39-exterieur-ursula-double-chaise-longue-noir-coussins-avec-parasol.html#primaryimage"},"thumbnailUrl":"https:\/\/img.bagnoitalia.com\/wp-content\/uploads\/virtuemart\/product\/Outdoor-furniture-ursula-model-double-black-deckchair-white-cushions-sunshade-1_1541165881_294.jpg","datePublished":"2016-06-22T08:46:12+00:00","dateModified":"2024-05-10T21:36:07+00:00","description":"Mobilier d&#39;ext\u00e9rieur mod\u00e8le Ursula compos\u00e9 d&#39;un transat double \u00e0 coussins noir et blanc avec parasol inclus dans l&#39;offre","breadcrumb":{"@id":"https:\/\/www.bagnoitalia.com\/fr\/produit\/mobilier-d-39-exterieur-ursula-double-chaise-longue-noir-coussins-avec-parasol.html#breadcrumb"},"inLanguage":"fr-FR","potentialAction":[{"@type":"ReadAction","target":["https:\/\/www.bagnoitalia.com\/fr\/produit\/mobilier-d-39-exterieur-ursula-double-chaise-longue-noir-coussins-avec-parasol.html"]}]},{"@type":"ImageObject","inLanguage":"fr-FR","@id":"https:\/\/www.bagnoitalia.com\/fr\/produit\/mobilier-d-39-exterieur-ursula-double-chaise-longue-noir-coussins-avec-parasol.html#primaryimage","url":"https:\/\/img.bagnoitalia.com\/wp-content\/uploads\/virtuemart\/product\/Outdoor-furniture-ursula-model-double-black-deckchair-white-cushions-sunshade-1_1541165881_294.jpg","contentUrl":"https:\/\/img.bagnoitalia.com\/wp-content\/uploads\/virtuemart\/product\/Outdoor-furniture-ursula-model-double-black-deckchair-white-cushions-sunshade-1_1541165881_294.jpg","width":200,"height":200},{"@type":"BreadcrumbList","@id":"https:\/\/www.bagnoitalia.com\/fr\/produit\/mobilier-d-39-exterieur-ursula-double-chaise-longue-noir-coussins-avec-parasol.html#breadcrumb","itemListElement":[{"@type":"ListItem","position":1,"name":"Home","item":"https:\/\/www.bagnoitalia.com\/fr"},{"@type":"ListItem","position":2,"name":"Produits","item":"https:\/\/www.bagnoitalia.com\/fr\/shop"},{"@type":"ListItem","position":3,"name":"Meubles d&#8217;ext\u00e9rieur Ursula chaise longue double noir coussins blancs avec parasol"}]},{"@type":"WebSite","@id":"https:\/\/www.bagnoitalia.com\/fr#website","url":"https:\/\/www.bagnoitalia.com\/fr","name":"Bagno Italia","description":"","publisher":{"@id":"https:\/\/www.bagnoitalia.com\/fr#organization"},"potentialAction":[{"@type":"SearchAction","target":{"@type":"EntryPoint","urlTemplate":"https:\/\/www.bagnoitalia.com\/fr?s={search_term_string}"},"query-input":{"@type":"PropertyValueSpecification","valueRequired":true,"valueName":"search_term_string"}}],"inLanguage":"fr-FR"},{"@type":"Organization","@id":"https:\/\/www.bagnoitalia.com\/fr#organization","name":"Bagno Italia","url":"https:\/\/www.bagnoitalia.com\/fr","logo":{"@type":"ImageObject","inLanguage":"fr-FR","@id":"https:\/\/www.bagnoitalia.com\/fr#\/schema\/logo\/image\/","url":"https:\/\/img.bagnoitalia.com\/wp-content\/uploads\/logo-bagnoitalia.webp","contentUrl":"https:\/\/img.bagnoitalia.com\/wp-content\/uploads\/logo-bagnoitalia.webp","width":400,"height":70,"caption":"Bagno Italia"},"image":{"@id":"https:\/\/www.bagnoitalia.com\/fr#\/schema\/logo\/image\/"}}]}},"_links":{"self":[{"href":"https:\/\/www.bagnoitalia.com\/fr\/wp-json\/wp\/v2\/product\/80102","targetHints":{"allow":["GET"]}}],"collection":[{"href":"https:\/\/www.bagnoitalia.com\/fr\/wp-json\/wp\/v2\/product"}],"about":[{"href":"https:\/\/www.bagnoitalia.com\/fr\/wp-json\/wp\/v2\/types\/product"}],"replies":[{"embeddable":true,"href":"https:\/\/www.bagnoitalia.com\/fr\/wp-json\/wp\/v2\/comments?post=80102"}],"version-history":[{"count":0,"href":"https:\/\/www.bagnoitalia.com\/fr\/wp-json\/wp\/v2\/product\/80102\/revisions"}],"wp:featuredmedia":[{"embeddable":true,"href":"https:\/\/www.bagnoitalia.com\/fr\/wp-json\/wp\/v2\/media\/31886"}],"wp:attachment":[{"href":"https:\/\/www.bagnoitalia.com\/fr\/wp-json\/wp\/v2\/media?parent=80102"}],"wp:term":[{"taxonomy":"product_brand","embeddable":true,"href":"https:\/\/www.bagnoitalia.com\/fr\/wp-json\/wp\/v2\/product_brand?post=80102"},{"taxonomy":"product_cat","embeddable":true,"href":"https:\/\/www.bagnoitalia.com\/fr\/wp-json\/wp\/v2\/product_cat?post=80102"},{"taxonomy":"product_tag","embeddable":true,"href":"https:\/\/www.bagnoitalia.com\/fr\/wp-json\/wp\/v2\/product_tag?post=80102"}],"curies":[{"name":"wp","href":"https:\/\/api.w.org\/{rel}","templated":true}]}}