{"id":80090,"date":"2016-06-22T09:10:15","date_gmt":"2016-06-22T07:10:15","guid":{"rendered":"https:\/\/www.bagnoitalia.com\/product\/mobilier-d-39-exterieur-jane-avec-table-en-verre-6-chaises-avec-accoudoirs-et-parasol"},"modified":"2024-05-10T23:45:00","modified_gmt":"2024-05-10T21:45:00","slug":"mobilier-d-39-exterieur-jane-avec-table-en-verre-6-chaises-avec-accoudoirs-et-parasol","status":"publish","type":"product","link":"https:\/\/www.bagnoitalia.com\/fr\/produit\/mobilier-d-39-exterieur-jane-avec-table-en-verre-6-chaises-avec-accoudoirs-et-parasol.html","title":{"rendered":"Meubles d&rsquo;ext\u00e9rieur Jane Table en verre 6 chaises avec accoudoirs et parasol"},"content":{"rendered":"<p><span style=\"text-decoration: underline; font-size: 12pt;\"><strong>Meubles d&rsquo;ext\u00e9rieur Jane compos\u00e9 d&rsquo;une table en fer et plateau en verre + 6 chaises en fer<\/strong><\/span><\/p>\n<p><span style=\"font-size: 10pt;\"><strong>Beaux meubles d&rsquo;ext\u00e9rieur <strong>constitu\u00e9s de table en fer avec dessus en verre transparent, 6 chaises en fer avec accoudoirs et un parasol bleu nuit<\/strong><span style=\"font-size: 10pt;\"><\/span>&nbsp;de 200 cm de diam\u00e8tre&nbsp;<strong>assortis aux chaises <\/strong><span style=\"font-size: 10pt;\"><\/span> avec possibilit\u00e9 de le placer au centre de la table gr\u00e2ce au trou d\u00e9j\u00e0 pr\u00e9par\u00e9.&nbsp;<\/strong><\/span><\/p>\n<p><span style=\"font-size: 12pt;\"><strong>Le prix comprend:<\/strong><\/span><\/p>\n<p><span style=\"font-size: 10pt;\">N \u00b0 6 chaises en fer avec accoudoirs de 120cm x 75cm x 80cm<\/span> <br \/><span style=\"font-size: 10pt;\">N \u00b0 1 <span style=\"font-size: 10pt;\">table <\/span>en fer avec dessus en verre transparent de 93cm x 67cm x 53cm<\/span> <br \/> <span style=\"font-size: 10pt;\">N \u00b0 1 parasol de 200 cm de diam\u00e8tre<\/span><\/p>\n<p><span style=\"font-size: 12pt;\"><strong>Caract\u00e9ristiques techniques:<\/strong><\/span><\/p>\n<p><span style=\"font-size: 10pt;\">Produit \u00e0 haute r\u00e9sistance et durabilit\u00e9 dans le temps<\/span><\/p>\n<p><span style=\"font-size: 10pt;\">R\u00e9sistant \u00e0 la corrosion des eaux marines et chlor\u00e9es<\/span><\/p>\n<p><span style=\"font-size: 10pt;\">Nettoyage facile<\/span><\/p>\n<p>R\u00e9siste \u00e0 toutes les temp\u00e9ratures<\/p><\/p>\n","protected":false},"excerpt":{"rendered":"<p>Meubles d&rsquo;ext\u00e9rieur mod\u00e8le Jane compos\u00e9s d&rsquo;une table en verre, de 6 chaises avec accoudoirs et d&rsquo;un parasol<\/p>\n","protected":false},"featured_media":31822,"comment_status":"open","ping_status":"closed","template":"","meta":[],"product_brand":[5021],"product_cat":[10027,9783],"product_tag":[],"class_list":{"0":"post-80090","1":"product","2":"type-product","3":"status-publish","4":"has-post-thumbnail","6":"product_brand-predator-arredo-casa","7":"product_cat-tables-avec-chaises","8":"product_cat-mobilier-d-39-exterieur","10":"first","11":"instock","12":"sale","13":"taxable","14":"shipping-taxable","15":"purchasable","16":"product-type-simple"},"exclude_global_add_ons":[],"addons":[],"yoast_head":"<!-- This site is optimized with the Yoast SEO plugin v26.7 - https:\/\/yoast.com\/wordpress\/plugins\/seo\/ -->\n<title>Meubles d&#039;ext\u00e9rieur Jane Table en verre 6 chaises avec accoudoirs et parasol<\/title>\n<meta name=\"description\" content=\"Mod\u00e8le de mobilier d&#039;ext\u00e9rieur jane compos\u00e9 d&#039;une table en verre, 6 chaises avec accoudoirs et omblellone\" \/>\n<meta name=\"robots\" content=\"index, follow, max-snippet:-1, max-image-preview:large, max-video-preview:-1\" \/>\n<link rel=\"canonical\" href=\"https:\/\/www.bagnoitalia.com\/fr\/produit\/mobilier-d-39-exterieur-jane-avec-table-en-verre-6-chaises-avec-accoudoirs-et-parasol.html\" \/>\n<meta property=\"og:locale\" content=\"fr_FR\" \/>\n<meta property=\"og:type\" content=\"article\" \/>\n<meta property=\"og:title\" content=\"Meubles d&#039;ext\u00e9rieur Jane Table en verre 6 chaises avec accoudoirs et parasol\" \/>\n<meta property=\"og:description\" content=\"Mod\u00e8le de mobilier d&#039;ext\u00e9rieur jane compos\u00e9 d&#039;une table en verre, 6 chaises avec accoudoirs et omblellone\" \/>\n<meta property=\"og:url\" content=\"https:\/\/www.bagnoitalia.com\/fr\/produit\/mobilier-d-39-exterieur-jane-avec-table-en-verre-6-chaises-avec-accoudoirs-et-parasol.html\" \/>\n<meta property=\"og:site_name\" content=\"Bagno Italia\" \/>\n<meta property=\"article:modified_time\" content=\"2024-05-10T21:45:00+00:00\" \/>\n<meta property=\"og:image\" content=\"https:\/\/img.bagnoitalia.com\/wp-content\/uploads\/virtuemart\/product\/Outdoor-furniture-Jane-model-1-glass-table-6-chairs-armrests-umbrella-parasol-1_1541166701_967.jpg\" \/>\n\t<meta property=\"og:image:width\" content=\"200\" \/>\n\t<meta property=\"og:image:height\" content=\"199\" \/>\n\t<meta property=\"og:image:type\" content=\"image\/jpeg\" \/>\n<meta name=\"twitter:card\" content=\"summary_large_image\" \/>\n<meta name=\"twitter:label1\" content=\"Dur\u00e9e de lecture estim\u00e9e\" \/>\n\t<meta name=\"twitter:data1\" content=\"1 minute\" \/>\n<script type=\"application\/ld+json\" class=\"yoast-schema-graph\">{\"@context\":\"https:\/\/schema.org\",\"@graph\":[{\"@type\":\"WebPage\",\"@id\":\"https:\/\/www.bagnoitalia.com\/fr\/produit\/mobilier-d-39-exterieur-jane-avec-table-en-verre-6-chaises-avec-accoudoirs-et-parasol.html\",\"url\":\"https:\/\/www.bagnoitalia.com\/fr\/produit\/mobilier-d-39-exterieur-jane-avec-table-en-verre-6-chaises-avec-accoudoirs-et-parasol.html\",\"name\":\"Meubles d'ext\u00e9rieur Jane Table en verre 6 chaises avec accoudoirs et parasol\",\"isPartOf\":{\"@id\":\"https:\/\/www.bagnoitalia.com\/fr#website\"},\"primaryImageOfPage\":{\"@id\":\"https:\/\/www.bagnoitalia.com\/fr\/produit\/mobilier-d-39-exterieur-jane-avec-table-en-verre-6-chaises-avec-accoudoirs-et-parasol.html#primaryimage\"},\"image\":{\"@id\":\"https:\/\/www.bagnoitalia.com\/fr\/produit\/mobilier-d-39-exterieur-jane-avec-table-en-verre-6-chaises-avec-accoudoirs-et-parasol.html#primaryimage\"},\"thumbnailUrl\":\"https:\/\/img.bagnoitalia.com\/wp-content\/uploads\/virtuemart\/product\/Outdoor-furniture-Jane-model-1-glass-table-6-chairs-armrests-umbrella-parasol-1_1541166701_967.jpg\",\"datePublished\":\"2016-06-22T07:10:15+00:00\",\"dateModified\":\"2024-05-10T21:45:00+00:00\",\"description\":\"Mod\u00e8le de mobilier d&#39;ext\u00e9rieur jane compos\u00e9 d&#39;une table en verre, 6 chaises avec accoudoirs et omblellone\",\"breadcrumb\":{\"@id\":\"https:\/\/www.bagnoitalia.com\/fr\/produit\/mobilier-d-39-exterieur-jane-avec-table-en-verre-6-chaises-avec-accoudoirs-et-parasol.html#breadcrumb\"},\"inLanguage\":\"fr-FR\",\"potentialAction\":[{\"@type\":\"ReadAction\",\"target\":[\"https:\/\/www.bagnoitalia.com\/fr\/produit\/mobilier-d-39-exterieur-jane-avec-table-en-verre-6-chaises-avec-accoudoirs-et-parasol.html\"]}]},{\"@type\":\"ImageObject\",\"inLanguage\":\"fr-FR\",\"@id\":\"https:\/\/www.bagnoitalia.com\/fr\/produit\/mobilier-d-39-exterieur-jane-avec-table-en-verre-6-chaises-avec-accoudoirs-et-parasol.html#primaryimage\",\"url\":\"https:\/\/img.bagnoitalia.com\/wp-content\/uploads\/virtuemart\/product\/Outdoor-furniture-Jane-model-1-glass-table-6-chairs-armrests-umbrella-parasol-1_1541166701_967.jpg\",\"contentUrl\":\"https:\/\/img.bagnoitalia.com\/wp-content\/uploads\/virtuemart\/product\/Outdoor-furniture-Jane-model-1-glass-table-6-chairs-armrests-umbrella-parasol-1_1541166701_967.jpg\",\"width\":200,\"height\":199},{\"@type\":\"BreadcrumbList\",\"@id\":\"https:\/\/www.bagnoitalia.com\/fr\/produit\/mobilier-d-39-exterieur-jane-avec-table-en-verre-6-chaises-avec-accoudoirs-et-parasol.html#breadcrumb\",\"itemListElement\":[{\"@type\":\"ListItem\",\"position\":1,\"name\":\"Home\",\"item\":\"https:\/\/www.bagnoitalia.com\/fr\"},{\"@type\":\"ListItem\",\"position\":2,\"name\":\"Produits\",\"item\":\"https:\/\/www.bagnoitalia.com\/fr\/shop\"},{\"@type\":\"ListItem\",\"position\":3,\"name\":\"Meubles d&#8217;ext\u00e9rieur Jane Table en verre 6 chaises avec accoudoirs et parasol\"}]},{\"@type\":\"WebSite\",\"@id\":\"https:\/\/www.bagnoitalia.com\/fr#website\",\"url\":\"https:\/\/www.bagnoitalia.com\/fr\",\"name\":\"Bagno Italia\",\"description\":\"\",\"publisher\":{\"@id\":\"https:\/\/www.bagnoitalia.com\/fr#organization\"},\"potentialAction\":[{\"@type\":\"SearchAction\",\"target\":{\"@type\":\"EntryPoint\",\"urlTemplate\":\"https:\/\/www.bagnoitalia.com\/fr?s={search_term_string}\"},\"query-input\":{\"@type\":\"PropertyValueSpecification\",\"valueRequired\":true,\"valueName\":\"search_term_string\"}}],\"inLanguage\":\"fr-FR\"},{\"@type\":\"Organization\",\"@id\":\"https:\/\/www.bagnoitalia.com\/fr#organization\",\"name\":\"Bagno Italia\",\"url\":\"https:\/\/www.bagnoitalia.com\/fr\",\"logo\":{\"@type\":\"ImageObject\",\"inLanguage\":\"fr-FR\",\"@id\":\"https:\/\/www.bagnoitalia.com\/fr#\/schema\/logo\/image\/\",\"url\":\"https:\/\/img.bagnoitalia.com\/wp-content\/uploads\/logo-bagnoitalia.webp\",\"contentUrl\":\"https:\/\/img.bagnoitalia.com\/wp-content\/uploads\/logo-bagnoitalia.webp\",\"width\":400,\"height\":70,\"caption\":\"Bagno Italia\"},\"image\":{\"@id\":\"https:\/\/www.bagnoitalia.com\/fr#\/schema\/logo\/image\/\"}}]}<\/script>\n<!-- \/ Yoast SEO plugin. -->","yoast_head_json":{"title":"Meubles d'ext\u00e9rieur Jane Table en verre 6 chaises avec accoudoirs et parasol","description":"Mod\u00e8le de mobilier d&#39;ext\u00e9rieur jane compos\u00e9 d&#39;une table en verre, 6 chaises avec accoudoirs et omblellone","robots":{"index":"index","follow":"follow","max-snippet":"max-snippet:-1","max-image-preview":"max-image-preview:large","max-video-preview":"max-video-preview:-1"},"canonical":"https:\/\/www.bagnoitalia.com\/fr\/produit\/mobilier-d-39-exterieur-jane-avec-table-en-verre-6-chaises-avec-accoudoirs-et-parasol.html","og_locale":"fr_FR","og_type":"article","og_title":"Meubles d'ext\u00e9rieur Jane Table en verre 6 chaises avec accoudoirs et parasol","og_description":"Mod\u00e8le de mobilier d&#39;ext\u00e9rieur jane compos\u00e9 d&#39;une table en verre, 6 chaises avec accoudoirs et omblellone","og_url":"https:\/\/www.bagnoitalia.com\/fr\/produit\/mobilier-d-39-exterieur-jane-avec-table-en-verre-6-chaises-avec-accoudoirs-et-parasol.html","og_site_name":"Bagno Italia","article_modified_time":"2024-05-10T21:45:00+00:00","og_image":[{"width":200,"height":199,"url":"https:\/\/img.bagnoitalia.com\/wp-content\/uploads\/virtuemart\/product\/Outdoor-furniture-Jane-model-1-glass-table-6-chairs-armrests-umbrella-parasol-1_1541166701_967.jpg","type":"image\/jpeg"}],"twitter_card":"summary_large_image","twitter_misc":{"Dur\u00e9e de lecture estim\u00e9e":"1 minute"},"schema":{"@context":"https:\/\/schema.org","@graph":[{"@type":"WebPage","@id":"https:\/\/www.bagnoitalia.com\/fr\/produit\/mobilier-d-39-exterieur-jane-avec-table-en-verre-6-chaises-avec-accoudoirs-et-parasol.html","url":"https:\/\/www.bagnoitalia.com\/fr\/produit\/mobilier-d-39-exterieur-jane-avec-table-en-verre-6-chaises-avec-accoudoirs-et-parasol.html","name":"Meubles d'ext\u00e9rieur Jane Table en verre 6 chaises avec accoudoirs et parasol","isPartOf":{"@id":"https:\/\/www.bagnoitalia.com\/fr#website"},"primaryImageOfPage":{"@id":"https:\/\/www.bagnoitalia.com\/fr\/produit\/mobilier-d-39-exterieur-jane-avec-table-en-verre-6-chaises-avec-accoudoirs-et-parasol.html#primaryimage"},"image":{"@id":"https:\/\/www.bagnoitalia.com\/fr\/produit\/mobilier-d-39-exterieur-jane-avec-table-en-verre-6-chaises-avec-accoudoirs-et-parasol.html#primaryimage"},"thumbnailUrl":"https:\/\/img.bagnoitalia.com\/wp-content\/uploads\/virtuemart\/product\/Outdoor-furniture-Jane-model-1-glass-table-6-chairs-armrests-umbrella-parasol-1_1541166701_967.jpg","datePublished":"2016-06-22T07:10:15+00:00","dateModified":"2024-05-10T21:45:00+00:00","description":"Mod\u00e8le de mobilier d&#39;ext\u00e9rieur jane compos\u00e9 d&#39;une table en verre, 6 chaises avec accoudoirs et omblellone","breadcrumb":{"@id":"https:\/\/www.bagnoitalia.com\/fr\/produit\/mobilier-d-39-exterieur-jane-avec-table-en-verre-6-chaises-avec-accoudoirs-et-parasol.html#breadcrumb"},"inLanguage":"fr-FR","potentialAction":[{"@type":"ReadAction","target":["https:\/\/www.bagnoitalia.com\/fr\/produit\/mobilier-d-39-exterieur-jane-avec-table-en-verre-6-chaises-avec-accoudoirs-et-parasol.html"]}]},{"@type":"ImageObject","inLanguage":"fr-FR","@id":"https:\/\/www.bagnoitalia.com\/fr\/produit\/mobilier-d-39-exterieur-jane-avec-table-en-verre-6-chaises-avec-accoudoirs-et-parasol.html#primaryimage","url":"https:\/\/img.bagnoitalia.com\/wp-content\/uploads\/virtuemart\/product\/Outdoor-furniture-Jane-model-1-glass-table-6-chairs-armrests-umbrella-parasol-1_1541166701_967.jpg","contentUrl":"https:\/\/img.bagnoitalia.com\/wp-content\/uploads\/virtuemart\/product\/Outdoor-furniture-Jane-model-1-glass-table-6-chairs-armrests-umbrella-parasol-1_1541166701_967.jpg","width":200,"height":199},{"@type":"BreadcrumbList","@id":"https:\/\/www.bagnoitalia.com\/fr\/produit\/mobilier-d-39-exterieur-jane-avec-table-en-verre-6-chaises-avec-accoudoirs-et-parasol.html#breadcrumb","itemListElement":[{"@type":"ListItem","position":1,"name":"Home","item":"https:\/\/www.bagnoitalia.com\/fr"},{"@type":"ListItem","position":2,"name":"Produits","item":"https:\/\/www.bagnoitalia.com\/fr\/shop"},{"@type":"ListItem","position":3,"name":"Meubles d&#8217;ext\u00e9rieur Jane Table en verre 6 chaises avec accoudoirs et parasol"}]},{"@type":"WebSite","@id":"https:\/\/www.bagnoitalia.com\/fr#website","url":"https:\/\/www.bagnoitalia.com\/fr","name":"Bagno Italia","description":"","publisher":{"@id":"https:\/\/www.bagnoitalia.com\/fr#organization"},"potentialAction":[{"@type":"SearchAction","target":{"@type":"EntryPoint","urlTemplate":"https:\/\/www.bagnoitalia.com\/fr?s={search_term_string}"},"query-input":{"@type":"PropertyValueSpecification","valueRequired":true,"valueName":"search_term_string"}}],"inLanguage":"fr-FR"},{"@type":"Organization","@id":"https:\/\/www.bagnoitalia.com\/fr#organization","name":"Bagno Italia","url":"https:\/\/www.bagnoitalia.com\/fr","logo":{"@type":"ImageObject","inLanguage":"fr-FR","@id":"https:\/\/www.bagnoitalia.com\/fr#\/schema\/logo\/image\/","url":"https:\/\/img.bagnoitalia.com\/wp-content\/uploads\/logo-bagnoitalia.webp","contentUrl":"https:\/\/img.bagnoitalia.com\/wp-content\/uploads\/logo-bagnoitalia.webp","width":400,"height":70,"caption":"Bagno Italia"},"image":{"@id":"https:\/\/www.bagnoitalia.com\/fr#\/schema\/logo\/image\/"}}]}},"_links":{"self":[{"href":"https:\/\/www.bagnoitalia.com\/fr\/wp-json\/wp\/v2\/product\/80090","targetHints":{"allow":["GET"]}}],"collection":[{"href":"https:\/\/www.bagnoitalia.com\/fr\/wp-json\/wp\/v2\/product"}],"about":[{"href":"https:\/\/www.bagnoitalia.com\/fr\/wp-json\/wp\/v2\/types\/product"}],"replies":[{"embeddable":true,"href":"https:\/\/www.bagnoitalia.com\/fr\/wp-json\/wp\/v2\/comments?post=80090"}],"version-history":[{"count":0,"href":"https:\/\/www.bagnoitalia.com\/fr\/wp-json\/wp\/v2\/product\/80090\/revisions"}],"wp:featuredmedia":[{"embeddable":true,"href":"https:\/\/www.bagnoitalia.com\/fr\/wp-json\/wp\/v2\/media\/31822"}],"wp:attachment":[{"href":"https:\/\/www.bagnoitalia.com\/fr\/wp-json\/wp\/v2\/media?parent=80090"}],"wp:term":[{"taxonomy":"product_brand","embeddable":true,"href":"https:\/\/www.bagnoitalia.com\/fr\/wp-json\/wp\/v2\/product_brand?post=80090"},{"taxonomy":"product_cat","embeddable":true,"href":"https:\/\/www.bagnoitalia.com\/fr\/wp-json\/wp\/v2\/product_cat?post=80090"},{"taxonomy":"product_tag","embeddable":true,"href":"https:\/\/www.bagnoitalia.com\/fr\/wp-json\/wp\/v2\/product_tag?post=80090"}],"curies":[{"name":"wp","href":"https:\/\/api.w.org\/{rel}","templated":true}]}}