{"id":80086,"date":"2016-06-22T08:35:33","date_gmt":"2016-06-22T06:35:33","guid":{"rendered":"https:\/\/www.bagnoitalia.com\/product\/bain-a-remous-125x125-pompe-double-bain-a-remous-airpool-15-jets-robinetterie-complete-en-option-pour-la-chromotherapie-vs051"},"modified":"2024-05-10T23:33:26","modified_gmt":"2024-05-10T21:33:26","slug":"bain-a-remous-125x125-pompe-double-bain-a-remous-airpool-15-jets-robinetterie-complete-en-option-pour-la-chromotherapie-vs051","status":"publish","type":"product","link":"https:\/\/www.bagnoitalia.com\/fr\/produit\/bain-a-remous-125x125-pompe-double-bain-a-remous-airpool-15-jets-robinetterie-complete-en-option-pour-la-chromotherapie-vs051.html","title":{"rendered":"Baignoire \u00e0 remous 125&#215;125 ,deux  pompes \u00e0 eau et \u00e0 air, 15 jets, toutes options, chromoth\u00e9rapie et robinets inclus VS051"},"content":{"rendered":"<h1 style=\"text-align: justify;\"><span style=\"font-size: 10pt;\"><span style=\"text-decoration: underline; font-size: 12pt;\"><strong>Baignoire \u00e0 remous 125&#215;125, 15 jets, toutes options avec chromoth\u00e9rapie et robinets inclus<\/strong><\/span> <br \/><\/span><\/h1>\n<ul>\n<li class=\"western\" style=\"margin-top: 0cm; margin-bottom: 0cm; font-weight: normal;\"><span style=\"font-size: 10pt;\">Baignoire en abs renforc\u00e9<\/span><\/li>\n<li class=\"western\" style=\"margin-top: 0cm; margin-bottom: 0cm; font-weight: normal;\"><span style=\"font-size: 10pt;\">Dimensions: 125x125x68 cm <br \/><\/span><\/li>\n<li style=\"margin-bottom: 0cm; font-weight: normal;\"><span style=\"font-size: 10pt;\">Pompe Whirlpool Am\u00e9lior\u00e9e 1.5 Hp<\/span><\/li>\n<li style=\"margin-bottom: 0cm; font-weight: normal;\"><span style=\"font-size: 10pt;\">8 petits jets d&rsquo;hydromassage en laiton<\/span><\/li>\n<li style=\"margin-bottom: 0cm; font-weight: normal;\"><span style=\"font-size: 10pt;\">4 grands jets et 3 petits jets <span style=\"font-size: 10pt;\">d&rsquo;hydromassage<\/span> chrom\u00e9s<\/span><\/li>\n<li style=\"margin-bottom: 0cm; font-weight: normal;\"><span style=\"font-size: 10pt;\">Disjoncteur \u00e9lectrique inclus<\/span><\/li>\n<li style=\"margin-bottom: 0cm; font-weight: normal;\"><span style=\"font-size: 10pt;\">Pommeau de douche multifonctions<\/span><\/li>\n<li style=\"margin-bottom: 0cm; font-weight: normal;\"><span style=\"font-size: 10pt;\">Prise d&rsquo;eau en forme de T<\/span><\/li>\n<li style=\"margin-bottom: 0cm; font-weight: normal;\"><span style=\"font-size: 10pt;\">Tuyaux renforc\u00e9s pour la circulation de l&rsquo;eau<\/span><\/li>\n<li style=\"margin-bottom: 0cm; font-weight: normal;\"><span style=\"font-size: 10pt;\">R\u00e9gulateur eau chaude \/ froide<\/span><\/li>\n<li style=\"margin-bottom: 0cm; font-weight: normal;\"><span style=\"font-size: 10pt;\">\u00c9clairage&nbsp;<span style=\"font-size: 10pt;\">LED<\/span> sous l&rsquo;eau pour la chromoth\u00e9rapie et l&rsquo;\u00e9clairage de la baignoire<\/span><\/li>\n<li style=\"margin-bottom: 0cm; font-weight: normal;\"><span style=\"font-size: 10pt;\">Robinets inclus dans le prix<\/span><\/li>\n<\/ul><\/p>\n","protected":false},"excerpt":{"rendered":"<p>Baignoire \u00e0 remous, dimensions 125&#215;125 avec deux pompes \u00e0 eau et \u00e0 air, 15 jets, toutes options avec chromoth\u00e9rapie et robinets inclus<\/p>\n","protected":false},"featured_media":31802,"comment_status":"open","ping_status":"closed","template":"","meta":[],"product_brand":[9924],"product_cat":[9707,9743],"product_tag":[],"class_list":{"0":"post-80086","1":"product","2":"type-product","3":"status-publish","4":"has-post-thumbnail","6":"product_brand-predator-arredo-casa-fr","7":"product_cat-baignoire-balneo","8":"product_cat-piscines-d-39-hydromassage","10":"first","11":"instock","12":"sale","13":"taxable","14":"shipping-taxable","15":"purchasable","16":"product-type-simple"},"exclude_global_add_ons":[],"addons":[],"yoast_head":"<!-- This site is optimized with the Yoast SEO plugin v26.7 - https:\/\/yoast.com\/wordpress\/plugins\/seo\/ -->\n<title>Baignoire \u00e0 remous 125x125 ,deux pompes \u00e0 eau et \u00e0 air, 15 jets, toutes options, chromoth\u00e9rapie et robinets inclus VS051<\/title>\n<meta name=\"description\" content=\"Le bain \u00e0 remous mesure 125x125 avec double pompe \u00e0 remous et airpool \u00e0 15 jets, version optionnelle compl\u00e8te avec chromoth\u00e9rapie et robinets inclus\" \/>\n<meta name=\"robots\" content=\"index, follow, max-snippet:-1, max-image-preview:large, max-video-preview:-1\" \/>\n<link rel=\"canonical\" href=\"https:\/\/www.bagnoitalia.com\/fr\/produit\/bain-a-remous-125x125-pompe-double-bain-a-remous-airpool-15-jets-robinetterie-complete-en-option-pour-la-chromotherapie-vs051.html\" \/>\n<meta property=\"og:locale\" content=\"fr_FR\" \/>\n<meta property=\"og:type\" content=\"article\" \/>\n<meta property=\"og:title\" content=\"Baignoire \u00e0 remous 125x125 ,deux pompes \u00e0 eau et \u00e0 air, 15 jets, toutes options, chromoth\u00e9rapie et robinets inclus VS051\" \/>\n<meta property=\"og:description\" content=\"Le bain \u00e0 remous mesure 125x125 avec double pompe \u00e0 remous et airpool \u00e0 15 jets, version optionnelle compl\u00e8te avec chromoth\u00e9rapie et robinets inclus\" \/>\n<meta property=\"og:url\" content=\"https:\/\/www.bagnoitalia.com\/fr\/produit\/bain-a-remous-125x125-pompe-double-bain-a-remous-airpool-15-jets-robinetterie-complete-en-option-pour-la-chromotherapie-vs051.html\" \/>\n<meta property=\"og:site_name\" content=\"Bagno Italia\" \/>\n<meta property=\"article:modified_time\" content=\"2024-05-10T21:33:26+00:00\" \/>\n<meta property=\"og:image\" content=\"https:\/\/img.bagnoitalia.com\/wp-content\/uploads\/virtuemart\/product\/125x125-Jacuzzi-double-whirpool-1_1541783978_343.jpg\" \/>\n\t<meta property=\"og:image:width\" content=\"621\" \/>\n\t<meta property=\"og:image:height\" content=\"550\" \/>\n\t<meta property=\"og:image:type\" content=\"image\/jpeg\" \/>\n<meta name=\"twitter:card\" content=\"summary_large_image\" \/>\n<script type=\"application\/ld+json\" class=\"yoast-schema-graph\">{\"@context\":\"https:\/\/schema.org\",\"@graph\":[{\"@type\":\"WebPage\",\"@id\":\"https:\/\/www.bagnoitalia.com\/fr\/produit\/bain-a-remous-125x125-pompe-double-bain-a-remous-airpool-15-jets-robinetterie-complete-en-option-pour-la-chromotherapie-vs051.html\",\"url\":\"https:\/\/www.bagnoitalia.com\/fr\/produit\/bain-a-remous-125x125-pompe-double-bain-a-remous-airpool-15-jets-robinetterie-complete-en-option-pour-la-chromotherapie-vs051.html\",\"name\":\"Baignoire \u00e0 remous 125x125 ,deux pompes \u00e0 eau et \u00e0 air, 15 jets, toutes options, chromoth\u00e9rapie et robinets inclus VS051\",\"isPartOf\":{\"@id\":\"https:\/\/www.bagnoitalia.com\/fr#website\"},\"primaryImageOfPage\":{\"@id\":\"https:\/\/www.bagnoitalia.com\/fr\/produit\/bain-a-remous-125x125-pompe-double-bain-a-remous-airpool-15-jets-robinetterie-complete-en-option-pour-la-chromotherapie-vs051.html#primaryimage\"},\"image\":{\"@id\":\"https:\/\/www.bagnoitalia.com\/fr\/produit\/bain-a-remous-125x125-pompe-double-bain-a-remous-airpool-15-jets-robinetterie-complete-en-option-pour-la-chromotherapie-vs051.html#primaryimage\"},\"thumbnailUrl\":\"https:\/\/img.bagnoitalia.com\/wp-content\/uploads\/virtuemart\/product\/125x125-Jacuzzi-double-whirpool-1_1541783978_343.jpg\",\"datePublished\":\"2016-06-22T06:35:33+00:00\",\"dateModified\":\"2024-05-10T21:33:26+00:00\",\"description\":\"Le bain \u00e0 remous mesure 125x125 avec double pompe \u00e0 remous et airpool \u00e0 15 jets, version optionnelle compl\u00e8te avec chromoth\u00e9rapie et robinets inclus\",\"breadcrumb\":{\"@id\":\"https:\/\/www.bagnoitalia.com\/fr\/produit\/bain-a-remous-125x125-pompe-double-bain-a-remous-airpool-15-jets-robinetterie-complete-en-option-pour-la-chromotherapie-vs051.html#breadcrumb\"},\"inLanguage\":\"fr-FR\",\"potentialAction\":[{\"@type\":\"ReadAction\",\"target\":[\"https:\/\/www.bagnoitalia.com\/fr\/produit\/bain-a-remous-125x125-pompe-double-bain-a-remous-airpool-15-jets-robinetterie-complete-en-option-pour-la-chromotherapie-vs051.html\"]}]},{\"@type\":\"ImageObject\",\"inLanguage\":\"fr-FR\",\"@id\":\"https:\/\/www.bagnoitalia.com\/fr\/produit\/bain-a-remous-125x125-pompe-double-bain-a-remous-airpool-15-jets-robinetterie-complete-en-option-pour-la-chromotherapie-vs051.html#primaryimage\",\"url\":\"https:\/\/img.bagnoitalia.com\/wp-content\/uploads\/virtuemart\/product\/125x125-Jacuzzi-double-whirpool-1_1541783978_343.jpg\",\"contentUrl\":\"https:\/\/img.bagnoitalia.com\/wp-content\/uploads\/virtuemart\/product\/125x125-Jacuzzi-double-whirpool-1_1541783978_343.jpg\",\"width\":621,\"height\":550},{\"@type\":\"BreadcrumbList\",\"@id\":\"https:\/\/www.bagnoitalia.com\/fr\/produit\/bain-a-remous-125x125-pompe-double-bain-a-remous-airpool-15-jets-robinetterie-complete-en-option-pour-la-chromotherapie-vs051.html#breadcrumb\",\"itemListElement\":[{\"@type\":\"ListItem\",\"position\":1,\"name\":\"Home\",\"item\":\"https:\/\/www.bagnoitalia.com\/fr\"},{\"@type\":\"ListItem\",\"position\":2,\"name\":\"Produits\",\"item\":\"https:\/\/www.bagnoitalia.com\/fr\/shop\"},{\"@type\":\"ListItem\",\"position\":3,\"name\":\"Baignoire \u00e0 remous 125&#215;125 ,deux pompes \u00e0 eau et \u00e0 air, 15 jets, toutes options, chromoth\u00e9rapie et robinets inclus VS051\"}]},{\"@type\":\"WebSite\",\"@id\":\"https:\/\/www.bagnoitalia.com\/fr#website\",\"url\":\"https:\/\/www.bagnoitalia.com\/fr\",\"name\":\"Bagno Italia\",\"description\":\"\",\"publisher\":{\"@id\":\"https:\/\/www.bagnoitalia.com\/fr#organization\"},\"potentialAction\":[{\"@type\":\"SearchAction\",\"target\":{\"@type\":\"EntryPoint\",\"urlTemplate\":\"https:\/\/www.bagnoitalia.com\/fr?s={search_term_string}\"},\"query-input\":{\"@type\":\"PropertyValueSpecification\",\"valueRequired\":true,\"valueName\":\"search_term_string\"}}],\"inLanguage\":\"fr-FR\"},{\"@type\":\"Organization\",\"@id\":\"https:\/\/www.bagnoitalia.com\/fr#organization\",\"name\":\"Bagno Italia\",\"url\":\"https:\/\/www.bagnoitalia.com\/fr\",\"logo\":{\"@type\":\"ImageObject\",\"inLanguage\":\"fr-FR\",\"@id\":\"https:\/\/www.bagnoitalia.com\/fr#\/schema\/logo\/image\/\",\"url\":\"https:\/\/img.bagnoitalia.com\/wp-content\/uploads\/logo-bagnoitalia.webp\",\"contentUrl\":\"https:\/\/img.bagnoitalia.com\/wp-content\/uploads\/logo-bagnoitalia.webp\",\"width\":400,\"height\":70,\"caption\":\"Bagno Italia\"},\"image\":{\"@id\":\"https:\/\/www.bagnoitalia.com\/fr#\/schema\/logo\/image\/\"}}]}<\/script>\n<!-- \/ Yoast SEO plugin. -->","yoast_head_json":{"title":"Baignoire \u00e0 remous 125x125 ,deux pompes \u00e0 eau et \u00e0 air, 15 jets, toutes options, chromoth\u00e9rapie et robinets inclus VS051","description":"Le bain \u00e0 remous mesure 125x125 avec double pompe \u00e0 remous et airpool \u00e0 15 jets, version optionnelle compl\u00e8te avec chromoth\u00e9rapie et robinets inclus","robots":{"index":"index","follow":"follow","max-snippet":"max-snippet:-1","max-image-preview":"max-image-preview:large","max-video-preview":"max-video-preview:-1"},"canonical":"https:\/\/www.bagnoitalia.com\/fr\/produit\/bain-a-remous-125x125-pompe-double-bain-a-remous-airpool-15-jets-robinetterie-complete-en-option-pour-la-chromotherapie-vs051.html","og_locale":"fr_FR","og_type":"article","og_title":"Baignoire \u00e0 remous 125x125 ,deux pompes \u00e0 eau et \u00e0 air, 15 jets, toutes options, chromoth\u00e9rapie et robinets inclus VS051","og_description":"Le bain \u00e0 remous mesure 125x125 avec double pompe \u00e0 remous et airpool \u00e0 15 jets, version optionnelle compl\u00e8te avec chromoth\u00e9rapie et robinets inclus","og_url":"https:\/\/www.bagnoitalia.com\/fr\/produit\/bain-a-remous-125x125-pompe-double-bain-a-remous-airpool-15-jets-robinetterie-complete-en-option-pour-la-chromotherapie-vs051.html","og_site_name":"Bagno Italia","article_modified_time":"2024-05-10T21:33:26+00:00","og_image":[{"width":621,"height":550,"url":"https:\/\/img.bagnoitalia.com\/wp-content\/uploads\/virtuemart\/product\/125x125-Jacuzzi-double-whirpool-1_1541783978_343.jpg","type":"image\/jpeg"}],"twitter_card":"summary_large_image","schema":{"@context":"https:\/\/schema.org","@graph":[{"@type":"WebPage","@id":"https:\/\/www.bagnoitalia.com\/fr\/produit\/bain-a-remous-125x125-pompe-double-bain-a-remous-airpool-15-jets-robinetterie-complete-en-option-pour-la-chromotherapie-vs051.html","url":"https:\/\/www.bagnoitalia.com\/fr\/produit\/bain-a-remous-125x125-pompe-double-bain-a-remous-airpool-15-jets-robinetterie-complete-en-option-pour-la-chromotherapie-vs051.html","name":"Baignoire \u00e0 remous 125x125 ,deux pompes \u00e0 eau et \u00e0 air, 15 jets, toutes options, chromoth\u00e9rapie et robinets inclus VS051","isPartOf":{"@id":"https:\/\/www.bagnoitalia.com\/fr#website"},"primaryImageOfPage":{"@id":"https:\/\/www.bagnoitalia.com\/fr\/produit\/bain-a-remous-125x125-pompe-double-bain-a-remous-airpool-15-jets-robinetterie-complete-en-option-pour-la-chromotherapie-vs051.html#primaryimage"},"image":{"@id":"https:\/\/www.bagnoitalia.com\/fr\/produit\/bain-a-remous-125x125-pompe-double-bain-a-remous-airpool-15-jets-robinetterie-complete-en-option-pour-la-chromotherapie-vs051.html#primaryimage"},"thumbnailUrl":"https:\/\/img.bagnoitalia.com\/wp-content\/uploads\/virtuemart\/product\/125x125-Jacuzzi-double-whirpool-1_1541783978_343.jpg","datePublished":"2016-06-22T06:35:33+00:00","dateModified":"2024-05-10T21:33:26+00:00","description":"Le bain \u00e0 remous mesure 125x125 avec double pompe \u00e0 remous et airpool \u00e0 15 jets, version optionnelle compl\u00e8te avec chromoth\u00e9rapie et robinets inclus","breadcrumb":{"@id":"https:\/\/www.bagnoitalia.com\/fr\/produit\/bain-a-remous-125x125-pompe-double-bain-a-remous-airpool-15-jets-robinetterie-complete-en-option-pour-la-chromotherapie-vs051.html#breadcrumb"},"inLanguage":"fr-FR","potentialAction":[{"@type":"ReadAction","target":["https:\/\/www.bagnoitalia.com\/fr\/produit\/bain-a-remous-125x125-pompe-double-bain-a-remous-airpool-15-jets-robinetterie-complete-en-option-pour-la-chromotherapie-vs051.html"]}]},{"@type":"ImageObject","inLanguage":"fr-FR","@id":"https:\/\/www.bagnoitalia.com\/fr\/produit\/bain-a-remous-125x125-pompe-double-bain-a-remous-airpool-15-jets-robinetterie-complete-en-option-pour-la-chromotherapie-vs051.html#primaryimage","url":"https:\/\/img.bagnoitalia.com\/wp-content\/uploads\/virtuemart\/product\/125x125-Jacuzzi-double-whirpool-1_1541783978_343.jpg","contentUrl":"https:\/\/img.bagnoitalia.com\/wp-content\/uploads\/virtuemart\/product\/125x125-Jacuzzi-double-whirpool-1_1541783978_343.jpg","width":621,"height":550},{"@type":"BreadcrumbList","@id":"https:\/\/www.bagnoitalia.com\/fr\/produit\/bain-a-remous-125x125-pompe-double-bain-a-remous-airpool-15-jets-robinetterie-complete-en-option-pour-la-chromotherapie-vs051.html#breadcrumb","itemListElement":[{"@type":"ListItem","position":1,"name":"Home","item":"https:\/\/www.bagnoitalia.com\/fr"},{"@type":"ListItem","position":2,"name":"Produits","item":"https:\/\/www.bagnoitalia.com\/fr\/shop"},{"@type":"ListItem","position":3,"name":"Baignoire \u00e0 remous 125&#215;125 ,deux pompes \u00e0 eau et \u00e0 air, 15 jets, toutes options, chromoth\u00e9rapie et robinets inclus VS051"}]},{"@type":"WebSite","@id":"https:\/\/www.bagnoitalia.com\/fr#website","url":"https:\/\/www.bagnoitalia.com\/fr","name":"Bagno Italia","description":"","publisher":{"@id":"https:\/\/www.bagnoitalia.com\/fr#organization"},"potentialAction":[{"@type":"SearchAction","target":{"@type":"EntryPoint","urlTemplate":"https:\/\/www.bagnoitalia.com\/fr?s={search_term_string}"},"query-input":{"@type":"PropertyValueSpecification","valueRequired":true,"valueName":"search_term_string"}}],"inLanguage":"fr-FR"},{"@type":"Organization","@id":"https:\/\/www.bagnoitalia.com\/fr#organization","name":"Bagno Italia","url":"https:\/\/www.bagnoitalia.com\/fr","logo":{"@type":"ImageObject","inLanguage":"fr-FR","@id":"https:\/\/www.bagnoitalia.com\/fr#\/schema\/logo\/image\/","url":"https:\/\/img.bagnoitalia.com\/wp-content\/uploads\/logo-bagnoitalia.webp","contentUrl":"https:\/\/img.bagnoitalia.com\/wp-content\/uploads\/logo-bagnoitalia.webp","width":400,"height":70,"caption":"Bagno Italia"},"image":{"@id":"https:\/\/www.bagnoitalia.com\/fr#\/schema\/logo\/image\/"}}]}},"_links":{"self":[{"href":"https:\/\/www.bagnoitalia.com\/fr\/wp-json\/wp\/v2\/product\/80086","targetHints":{"allow":["GET"]}}],"collection":[{"href":"https:\/\/www.bagnoitalia.com\/fr\/wp-json\/wp\/v2\/product"}],"about":[{"href":"https:\/\/www.bagnoitalia.com\/fr\/wp-json\/wp\/v2\/types\/product"}],"replies":[{"embeddable":true,"href":"https:\/\/www.bagnoitalia.com\/fr\/wp-json\/wp\/v2\/comments?post=80086"}],"version-history":[{"count":0,"href":"https:\/\/www.bagnoitalia.com\/fr\/wp-json\/wp\/v2\/product\/80086\/revisions"}],"wp:featuredmedia":[{"embeddable":true,"href":"https:\/\/www.bagnoitalia.com\/fr\/wp-json\/wp\/v2\/media\/31802"}],"wp:attachment":[{"href":"https:\/\/www.bagnoitalia.com\/fr\/wp-json\/wp\/v2\/media?parent=80086"}],"wp:term":[{"taxonomy":"product_brand","embeddable":true,"href":"https:\/\/www.bagnoitalia.com\/fr\/wp-json\/wp\/v2\/product_brand?post=80086"},{"taxonomy":"product_cat","embeddable":true,"href":"https:\/\/www.bagnoitalia.com\/fr\/wp-json\/wp\/v2\/product_cat?post=80086"},{"taxonomy":"product_tag","embeddable":true,"href":"https:\/\/www.bagnoitalia.com\/fr\/wp-json\/wp\/v2\/product_tag?post=80086"}],"curies":[{"name":"wp","href":"https:\/\/api.w.org\/{rel}","templated":true}]}}