{"id":80074,"date":"2016-06-15T08:02:16","date_gmt":"2016-06-15T06:02:16","guid":{"rendered":"https:\/\/www.bagnoitalia.com\/product\/armoire-de-toilette-en-chene-cm-85-chene-clair-blanc-deux-portes-deux-tiroirs-avec-lavabo-en-miroir-au-sol-avec-socle"},"modified":"2024-06-12T09:15:48","modified_gmt":"2024-06-12T07:15:48","slug":"armoire-de-toilette-en-chene-cm-85-chene-clair-blanc-deux-portes-deux-tiroirs-avec-lavabo-en-miroir-au-sol-avec-socle","status":"publish","type":"product","link":"https:\/\/www.bagnoitalia.com\/fr\/produit\/armoire-de-toilette-en-chene-cm-85-chene-clair-blanc-deux-portes-deux-tiroirs-avec-lavabo-en-miroir-au-sol-avec-socle.html","title":{"rendered":"Meuble sous lavabo Rovereto 85 cm blanc ou ch\u00eane clair, deux portes et deux tiroirs avec base  au sol, lavabo, miroir avec placard et hauts"},"content":{"rendered":"<div id=\"tab-descrizione\" class=\"clearfix ui-tabs-panel ui-widget-content ui-corner-bottom\">\n<p><strong style=\"font-size: 12pt; background-color: inherit; color: inherit;\">Meuble sous lavabo Rovereto 85 cm en blanc ou ch\u00eane clair, miroir avec placard et hauts<\/strong><\/p>\n<p><span style=\"text-decoration: underline; font-size: 12pt;\"><strong>Le prix comprend:<\/strong><\/span><\/p>\n<ul>\n<li style=\"text-align: justify;\"><span style=\"font-size: 10pt;\">Meuble sous lavabo en\u00a0 m\u00e9lamin\u00e9 de 18 mm avec 2 portes et 2 tiroirs<br \/>\n<\/span><\/li>\n<li style=\"text-align: justify;\"><span style=\"font-size: 10pt;\">Dimensions du meuble 80x46xH86\u00a0<span style=\"font-size: 10pt;\">cm <\/span><\/span><\/li>\n<li><span style=\"font-size: 10pt;\">Lavabo en c\u00e9ramique<\/span><\/li>\n<li><span style=\"font-size: 10pt;\">Miroir cm 78&#215;20,5&#215;104,5h avec placard et hauts \u00e0 \u00e9clairage<\/span><\/li>\n<\/ul>\n<p><span style=\"font-size: 12pt;\"><strong><span style=\"color: #ff0000;\">Le meuble est propos\u00e9 et vendu exclusivement complet<\/span><\/strong><\/span><\/p>\n<p>&nbsp;<\/p>\n<p><span style=\"font-size: 12pt;\"><strong>Couleurs disponibles: blanc brillant, ch\u00eane clair<\/strong><\/span><\/p>\n<p>&nbsp;<\/p>\n<p><span style=\"text-decoration: underline; font-size: 12pt;\"><strong>Mat\u00e9riaux:<\/strong><\/span><\/p>\n<div id=\"tab-caratteristicheTecniche\" class=\"clearfix ui-tabs-panel ui-widget-content ui-corner-bottom\">\n<ul>\n<li><span style=\"font-size: 10pt;\">Structure en m\u00e9lamin\u00e9<br \/>\n<\/span><\/li>\n<li><span style=\"font-size: 10pt;\">Guides en m\u00e9tal<\/span><\/li>\n<li><span style=\"font-size: 10pt;\">Poign\u00e9e chrom\u00e9e<\/span><\/li>\n<\/ul>\n<\/div>\n<\/div>\n","protected":false},"excerpt":{"rendered":"<p>Meuble de salle de bain Rovereto 85 disponible en blanc ou ch\u00eane clair, compos\u00e9 de deux portes et de deux tiroirs avec base au sol, lavabo et miroir avec placard et hauts.<\/p>\n","protected":false},"featured_media":31638,"comment_status":"open","ping_status":"closed","template":"","meta":[],"product_brand":[5018],"product_cat":[9719,9659],"product_tag":[],"class_list":{"0":"post-80074","1":"product","2":"type-product","3":"status-publish","4":"has-post-thumbnail","6":"product_brand-brand-store","7":"product_cat-meubles-de-salle-de-bain-de-71-a-100-cm","8":"product_cat-meubles-de-salle-de-bain-bon-marche","10":"first","11":"instock","12":"sale","13":"taxable","14":"shipping-taxable","15":"purchasable","16":"product-type-simple"},"exclude_global_add_ons":false,"addons":[{"name":"couleur","type":"multiple_choice","position":0,"required":false,"title_format":"heading","default":"","description_enable":false,"description":"","placeholder_enable":false,"placeholder":"","display":"select","restrictions_type":"any_text","adjust_price":false,"price":"","price_type":"flat_fee","restrictions":false,"min":"0","max":"0","options":[{"label":"blanc","price":"","price_type":"quantity_based","image":0,"visibility":true},{"label":"ch\u00eane clair","price":"","price_type":"quantity_based","image":0,"visibility":true},{"label":"gris","price":"","price_type":"quantity_based","image":0,"visibility":true}],"id":1718183749}],"yoast_head":"<!-- This site is optimized with the Yoast SEO plugin v26.7 - https:\/\/yoast.com\/wordpress\/plugins\/seo\/ -->\n<title>Meuble sous lavabo Rovereto 85 cm blanc ou ch\u00eane clair, deux portes et deux tiroirs avec base au sol, lavabo, miroir avec placard et hauts<\/title>\n<meta name=\"description\" content=\"Le meuble de salle de bain en ch\u00eane mesure 85 cm dans les couleurs blanc et ch\u00eane clair, compos\u00e9 de deux portes et de deux tiroirs avec socle au sol, y compris un \u00e9vier et un miroir avec meuble et tettino.\" \/>\n<meta name=\"robots\" content=\"index, follow, max-snippet:-1, max-image-preview:large, max-video-preview:-1\" \/>\n<link rel=\"canonical\" href=\"https:\/\/www.bagnoitalia.com\/fr\/produit\/armoire-de-toilette-en-chene-cm-85-chene-clair-blanc-deux-portes-deux-tiroirs-avec-lavabo-en-miroir-au-sol-avec-socle.html\" \/>\n<meta property=\"og:locale\" content=\"fr_FR\" \/>\n<meta property=\"og:type\" content=\"article\" \/>\n<meta property=\"og:title\" content=\"Meuble sous lavabo Rovereto 85 cm blanc ou ch\u00eane clair, deux portes et deux tiroirs avec base au sol, lavabo, miroir avec placard et hauts\" \/>\n<meta property=\"og:description\" content=\"Le meuble de salle de bain en ch\u00eane mesure 85 cm dans les couleurs blanc et ch\u00eane clair, compos\u00e9 de deux portes et de deux tiroirs avec socle au sol, y compris un \u00e9vier et un miroir avec meuble et tettino.\" \/>\n<meta property=\"og:url\" content=\"https:\/\/www.bagnoitalia.com\/fr\/produit\/armoire-de-toilette-en-chene-cm-85-chene-clair-blanc-deux-portes-deux-tiroirs-avec-lavabo-en-miroir-au-sol-avec-socle.html\" \/>\n<meta property=\"og:site_name\" content=\"Bagno Italia\" \/>\n<meta property=\"article:modified_time\" content=\"2024-06-12T07:15:48+00:00\" \/>\n<meta property=\"og:image\" content=\"https:\/\/img.bagnoitalia.com\/wp-content\/uploads\/virtuemart\/product\/bathroom-cabinet-cm-85-3-colors_1568127368_9903.jpg\" \/>\n\t<meta property=\"og:image:width\" content=\"550\" \/>\n\t<meta property=\"og:image:height\" content=\"550\" \/>\n\t<meta property=\"og:image:type\" content=\"image\/jpeg\" \/>\n<meta name=\"twitter:card\" content=\"summary_large_image\" \/>\n<meta name=\"twitter:label1\" content=\"Dur\u00e9e de lecture estim\u00e9e\" \/>\n\t<meta name=\"twitter:data1\" content=\"1 minute\" \/>\n<script type=\"application\/ld+json\" class=\"yoast-schema-graph\">{\"@context\":\"https:\/\/schema.org\",\"@graph\":[{\"@type\":\"WebPage\",\"@id\":\"https:\/\/www.bagnoitalia.com\/fr\/produit\/armoire-de-toilette-en-chene-cm-85-chene-clair-blanc-deux-portes-deux-tiroirs-avec-lavabo-en-miroir-au-sol-avec-socle.html\",\"url\":\"https:\/\/www.bagnoitalia.com\/fr\/produit\/armoire-de-toilette-en-chene-cm-85-chene-clair-blanc-deux-portes-deux-tiroirs-avec-lavabo-en-miroir-au-sol-avec-socle.html\",\"name\":\"Meuble sous lavabo Rovereto 85 cm blanc ou ch\u00eane clair, deux portes et deux tiroirs avec base au sol, lavabo, miroir avec placard et hauts\",\"isPartOf\":{\"@id\":\"https:\/\/www.bagnoitalia.com\/fr#website\"},\"primaryImageOfPage\":{\"@id\":\"https:\/\/www.bagnoitalia.com\/fr\/produit\/armoire-de-toilette-en-chene-cm-85-chene-clair-blanc-deux-portes-deux-tiroirs-avec-lavabo-en-miroir-au-sol-avec-socle.html#primaryimage\"},\"image\":{\"@id\":\"https:\/\/www.bagnoitalia.com\/fr\/produit\/armoire-de-toilette-en-chene-cm-85-chene-clair-blanc-deux-portes-deux-tiroirs-avec-lavabo-en-miroir-au-sol-avec-socle.html#primaryimage\"},\"thumbnailUrl\":\"https:\/\/img.bagnoitalia.com\/wp-content\/uploads\/virtuemart\/product\/bathroom-cabinet-cm-85-3-colors_1568127368_9903.jpg\",\"datePublished\":\"2016-06-15T06:02:16+00:00\",\"dateModified\":\"2024-06-12T07:15:48+00:00\",\"description\":\"Le meuble de salle de bain en ch\u00eane mesure 85 cm dans les couleurs blanc et ch\u00eane clair, compos\u00e9 de deux portes et de deux tiroirs avec socle au sol, y compris un \u00e9vier et un miroir avec meuble et tettino.\",\"breadcrumb\":{\"@id\":\"https:\/\/www.bagnoitalia.com\/fr\/produit\/armoire-de-toilette-en-chene-cm-85-chene-clair-blanc-deux-portes-deux-tiroirs-avec-lavabo-en-miroir-au-sol-avec-socle.html#breadcrumb\"},\"inLanguage\":\"fr-FR\",\"potentialAction\":[{\"@type\":\"ReadAction\",\"target\":[\"https:\/\/www.bagnoitalia.com\/fr\/produit\/armoire-de-toilette-en-chene-cm-85-chene-clair-blanc-deux-portes-deux-tiroirs-avec-lavabo-en-miroir-au-sol-avec-socle.html\"]}]},{\"@type\":\"ImageObject\",\"inLanguage\":\"fr-FR\",\"@id\":\"https:\/\/www.bagnoitalia.com\/fr\/produit\/armoire-de-toilette-en-chene-cm-85-chene-clair-blanc-deux-portes-deux-tiroirs-avec-lavabo-en-miroir-au-sol-avec-socle.html#primaryimage\",\"url\":\"https:\/\/img.bagnoitalia.com\/wp-content\/uploads\/virtuemart\/product\/bathroom-cabinet-cm-85-3-colors_1568127368_9903.jpg\",\"contentUrl\":\"https:\/\/img.bagnoitalia.com\/wp-content\/uploads\/virtuemart\/product\/bathroom-cabinet-cm-85-3-colors_1568127368_9903.jpg\",\"width\":550,\"height\":550},{\"@type\":\"BreadcrumbList\",\"@id\":\"https:\/\/www.bagnoitalia.com\/fr\/produit\/armoire-de-toilette-en-chene-cm-85-chene-clair-blanc-deux-portes-deux-tiroirs-avec-lavabo-en-miroir-au-sol-avec-socle.html#breadcrumb\",\"itemListElement\":[{\"@type\":\"ListItem\",\"position\":1,\"name\":\"Home\",\"item\":\"https:\/\/www.bagnoitalia.com\/fr\"},{\"@type\":\"ListItem\",\"position\":2,\"name\":\"Produits\",\"item\":\"https:\/\/www.bagnoitalia.com\/fr\/shop\"},{\"@type\":\"ListItem\",\"position\":3,\"name\":\"Meuble sous lavabo Rovereto 85 cm blanc ou ch\u00eane clair, deux portes et deux tiroirs avec base au sol, lavabo, miroir avec placard et hauts\"}]},{\"@type\":\"WebSite\",\"@id\":\"https:\/\/www.bagnoitalia.com\/fr#website\",\"url\":\"https:\/\/www.bagnoitalia.com\/fr\",\"name\":\"Bagno Italia\",\"description\":\"\",\"publisher\":{\"@id\":\"https:\/\/www.bagnoitalia.com\/fr#organization\"},\"potentialAction\":[{\"@type\":\"SearchAction\",\"target\":{\"@type\":\"EntryPoint\",\"urlTemplate\":\"https:\/\/www.bagnoitalia.com\/fr?s={search_term_string}\"},\"query-input\":{\"@type\":\"PropertyValueSpecification\",\"valueRequired\":true,\"valueName\":\"search_term_string\"}}],\"inLanguage\":\"fr-FR\"},{\"@type\":\"Organization\",\"@id\":\"https:\/\/www.bagnoitalia.com\/fr#organization\",\"name\":\"Bagno Italia\",\"url\":\"https:\/\/www.bagnoitalia.com\/fr\",\"logo\":{\"@type\":\"ImageObject\",\"inLanguage\":\"fr-FR\",\"@id\":\"https:\/\/www.bagnoitalia.com\/fr#\/schema\/logo\/image\/\",\"url\":\"https:\/\/img.bagnoitalia.com\/wp-content\/uploads\/logo-bagnoitalia.webp\",\"contentUrl\":\"https:\/\/img.bagnoitalia.com\/wp-content\/uploads\/logo-bagnoitalia.webp\",\"width\":400,\"height\":70,\"caption\":\"Bagno Italia\"},\"image\":{\"@id\":\"https:\/\/www.bagnoitalia.com\/fr#\/schema\/logo\/image\/\"}}]}<\/script>\n<!-- \/ Yoast SEO plugin. -->","yoast_head_json":{"title":"Meuble sous lavabo Rovereto 85 cm blanc ou ch\u00eane clair, deux portes et deux tiroirs avec base au sol, lavabo, miroir avec placard et hauts","description":"Le meuble de salle de bain en ch\u00eane mesure 85 cm dans les couleurs blanc et ch\u00eane clair, compos\u00e9 de deux portes et de deux tiroirs avec socle au sol, y compris un \u00e9vier et un miroir avec meuble et tettino.","robots":{"index":"index","follow":"follow","max-snippet":"max-snippet:-1","max-image-preview":"max-image-preview:large","max-video-preview":"max-video-preview:-1"},"canonical":"https:\/\/www.bagnoitalia.com\/fr\/produit\/armoire-de-toilette-en-chene-cm-85-chene-clair-blanc-deux-portes-deux-tiroirs-avec-lavabo-en-miroir-au-sol-avec-socle.html","og_locale":"fr_FR","og_type":"article","og_title":"Meuble sous lavabo Rovereto 85 cm blanc ou ch\u00eane clair, deux portes et deux tiroirs avec base au sol, lavabo, miroir avec placard et hauts","og_description":"Le meuble de salle de bain en ch\u00eane mesure 85 cm dans les couleurs blanc et ch\u00eane clair, compos\u00e9 de deux portes et de deux tiroirs avec socle au sol, y compris un \u00e9vier et un miroir avec meuble et tettino.","og_url":"https:\/\/www.bagnoitalia.com\/fr\/produit\/armoire-de-toilette-en-chene-cm-85-chene-clair-blanc-deux-portes-deux-tiroirs-avec-lavabo-en-miroir-au-sol-avec-socle.html","og_site_name":"Bagno Italia","article_modified_time":"2024-06-12T07:15:48+00:00","og_image":[{"width":550,"height":550,"url":"https:\/\/img.bagnoitalia.com\/wp-content\/uploads\/virtuemart\/product\/bathroom-cabinet-cm-85-3-colors_1568127368_9903.jpg","type":"image\/jpeg"}],"twitter_card":"summary_large_image","twitter_misc":{"Dur\u00e9e de lecture estim\u00e9e":"1 minute"},"schema":{"@context":"https:\/\/schema.org","@graph":[{"@type":"WebPage","@id":"https:\/\/www.bagnoitalia.com\/fr\/produit\/armoire-de-toilette-en-chene-cm-85-chene-clair-blanc-deux-portes-deux-tiroirs-avec-lavabo-en-miroir-au-sol-avec-socle.html","url":"https:\/\/www.bagnoitalia.com\/fr\/produit\/armoire-de-toilette-en-chene-cm-85-chene-clair-blanc-deux-portes-deux-tiroirs-avec-lavabo-en-miroir-au-sol-avec-socle.html","name":"Meuble sous lavabo Rovereto 85 cm blanc ou ch\u00eane clair, deux portes et deux tiroirs avec base au sol, lavabo, miroir avec placard et hauts","isPartOf":{"@id":"https:\/\/www.bagnoitalia.com\/fr#website"},"primaryImageOfPage":{"@id":"https:\/\/www.bagnoitalia.com\/fr\/produit\/armoire-de-toilette-en-chene-cm-85-chene-clair-blanc-deux-portes-deux-tiroirs-avec-lavabo-en-miroir-au-sol-avec-socle.html#primaryimage"},"image":{"@id":"https:\/\/www.bagnoitalia.com\/fr\/produit\/armoire-de-toilette-en-chene-cm-85-chene-clair-blanc-deux-portes-deux-tiroirs-avec-lavabo-en-miroir-au-sol-avec-socle.html#primaryimage"},"thumbnailUrl":"https:\/\/img.bagnoitalia.com\/wp-content\/uploads\/virtuemart\/product\/bathroom-cabinet-cm-85-3-colors_1568127368_9903.jpg","datePublished":"2016-06-15T06:02:16+00:00","dateModified":"2024-06-12T07:15:48+00:00","description":"Le meuble de salle de bain en ch\u00eane mesure 85 cm dans les couleurs blanc et ch\u00eane clair, compos\u00e9 de deux portes et de deux tiroirs avec socle au sol, y compris un \u00e9vier et un miroir avec meuble et tettino.","breadcrumb":{"@id":"https:\/\/www.bagnoitalia.com\/fr\/produit\/armoire-de-toilette-en-chene-cm-85-chene-clair-blanc-deux-portes-deux-tiroirs-avec-lavabo-en-miroir-au-sol-avec-socle.html#breadcrumb"},"inLanguage":"fr-FR","potentialAction":[{"@type":"ReadAction","target":["https:\/\/www.bagnoitalia.com\/fr\/produit\/armoire-de-toilette-en-chene-cm-85-chene-clair-blanc-deux-portes-deux-tiroirs-avec-lavabo-en-miroir-au-sol-avec-socle.html"]}]},{"@type":"ImageObject","inLanguage":"fr-FR","@id":"https:\/\/www.bagnoitalia.com\/fr\/produit\/armoire-de-toilette-en-chene-cm-85-chene-clair-blanc-deux-portes-deux-tiroirs-avec-lavabo-en-miroir-au-sol-avec-socle.html#primaryimage","url":"https:\/\/img.bagnoitalia.com\/wp-content\/uploads\/virtuemart\/product\/bathroom-cabinet-cm-85-3-colors_1568127368_9903.jpg","contentUrl":"https:\/\/img.bagnoitalia.com\/wp-content\/uploads\/virtuemart\/product\/bathroom-cabinet-cm-85-3-colors_1568127368_9903.jpg","width":550,"height":550},{"@type":"BreadcrumbList","@id":"https:\/\/www.bagnoitalia.com\/fr\/produit\/armoire-de-toilette-en-chene-cm-85-chene-clair-blanc-deux-portes-deux-tiroirs-avec-lavabo-en-miroir-au-sol-avec-socle.html#breadcrumb","itemListElement":[{"@type":"ListItem","position":1,"name":"Home","item":"https:\/\/www.bagnoitalia.com\/fr"},{"@type":"ListItem","position":2,"name":"Produits","item":"https:\/\/www.bagnoitalia.com\/fr\/shop"},{"@type":"ListItem","position":3,"name":"Meuble sous lavabo Rovereto 85 cm blanc ou ch\u00eane clair, deux portes et deux tiroirs avec base au sol, lavabo, miroir avec placard et hauts"}]},{"@type":"WebSite","@id":"https:\/\/www.bagnoitalia.com\/fr#website","url":"https:\/\/www.bagnoitalia.com\/fr","name":"Bagno Italia","description":"","publisher":{"@id":"https:\/\/www.bagnoitalia.com\/fr#organization"},"potentialAction":[{"@type":"SearchAction","target":{"@type":"EntryPoint","urlTemplate":"https:\/\/www.bagnoitalia.com\/fr?s={search_term_string}"},"query-input":{"@type":"PropertyValueSpecification","valueRequired":true,"valueName":"search_term_string"}}],"inLanguage":"fr-FR"},{"@type":"Organization","@id":"https:\/\/www.bagnoitalia.com\/fr#organization","name":"Bagno Italia","url":"https:\/\/www.bagnoitalia.com\/fr","logo":{"@type":"ImageObject","inLanguage":"fr-FR","@id":"https:\/\/www.bagnoitalia.com\/fr#\/schema\/logo\/image\/","url":"https:\/\/img.bagnoitalia.com\/wp-content\/uploads\/logo-bagnoitalia.webp","contentUrl":"https:\/\/img.bagnoitalia.com\/wp-content\/uploads\/logo-bagnoitalia.webp","width":400,"height":70,"caption":"Bagno Italia"},"image":{"@id":"https:\/\/www.bagnoitalia.com\/fr#\/schema\/logo\/image\/"}}]}},"_links":{"self":[{"href":"https:\/\/www.bagnoitalia.com\/fr\/wp-json\/wp\/v2\/product\/80074","targetHints":{"allow":["GET"]}}],"collection":[{"href":"https:\/\/www.bagnoitalia.com\/fr\/wp-json\/wp\/v2\/product"}],"about":[{"href":"https:\/\/www.bagnoitalia.com\/fr\/wp-json\/wp\/v2\/types\/product"}],"replies":[{"embeddable":true,"href":"https:\/\/www.bagnoitalia.com\/fr\/wp-json\/wp\/v2\/comments?post=80074"}],"version-history":[{"count":1,"href":"https:\/\/www.bagnoitalia.com\/fr\/wp-json\/wp\/v2\/product\/80074\/revisions"}],"predecessor-version":[{"id":89965,"href":"https:\/\/www.bagnoitalia.com\/fr\/wp-json\/wp\/v2\/product\/80074\/revisions\/89965"}],"wp:featuredmedia":[{"embeddable":true,"href":"https:\/\/www.bagnoitalia.com\/fr\/wp-json\/wp\/v2\/media\/31638"}],"wp:attachment":[{"href":"https:\/\/www.bagnoitalia.com\/fr\/wp-json\/wp\/v2\/media?parent=80074"}],"wp:term":[{"taxonomy":"product_brand","embeddable":true,"href":"https:\/\/www.bagnoitalia.com\/fr\/wp-json\/wp\/v2\/product_brand?post=80074"},{"taxonomy":"product_cat","embeddable":true,"href":"https:\/\/www.bagnoitalia.com\/fr\/wp-json\/wp\/v2\/product_cat?post=80074"},{"taxonomy":"product_tag","embeddable":true,"href":"https:\/\/www.bagnoitalia.com\/fr\/wp-json\/wp\/v2\/product_tag?post=80074"}],"curies":[{"name":"wp","href":"https:\/\/api.w.org\/{rel}","templated":true}]}}