{"id":80070,"date":"2016-06-15T07:42:08","date_gmt":"2016-06-15T05:42:08","guid":{"rendered":"https:\/\/www.bagnoitalia.com\/product\/armoire-de-toilette-rovere-cm-56-deux-portes-au-sol-avec-lavabo-en-miroir-en-chene-blanc"},"modified":"2025-02-25T16:21:30","modified_gmt":"2025-02-25T15:21:30","slug":"armoire-de-toilette-rovere-cm-56-deux-portes-au-sol-avec-lavabo-en-miroir-en-chene-blanc","status":"publish","type":"product","link":"https:\/\/www.bagnoitalia.com\/fr\/produit\/armoire-de-toilette-rovere-cm-56-deux-portes-au-sol-avec-lavabo-en-miroir-en-chene-blanc.html","title":{"rendered":"rovereto cm 56 armoire de toilette blanche \u00e0 deux portes avec pieds, lavabo et miroir"},"content":{"rendered":"<p>&nbsp;<\/p>\n<p>Le meuble de salle de bains Rovereto (56&#215;44,5&#215;87) en m\u00e9lamin\u00e9 18 mm est compos\u00e9 de deux portes avec poign\u00e9es chrom\u00e9es et d&rsquo;un lavabo en c\u00e9ramique. Son \u00e9l\u00e9gance et sa discr\u00e9tion en font un meuble adapt\u00e9 \u00e0 ceux qui recherchent un meuble discret, fonctionnel et esth\u00e9tique. La qualit\u00e9 de ses mat\u00e9riaux en fait \u00e9galement une bonne affaire !<\/p>\n<p>Le miroir 48&#215;57 est \u00e9galement inclus dans le prix.<\/p>\n<p>Une applique LED peut \u00e9galement \u00eatre ajout\u00e9e \u00e0 la commande via le menu lat\u00e9ral.<\/p>\n<p>Armoire de toilette rovereto cm 56 avec lavabo et miroir blanc<\/p>\n<p>Dimensions cm 56x87h (Profondeur de l&rsquo;\u00e9l\u00e9ment bas seulement 30,50 cm ; Profondeur maximale (avec lavabo) 33 cm sur les c\u00f4t\u00e9s et 44,50 cm au centre)<br \/>\nCouleur blanc brillant<br \/>\nMeuble en m\u00e9lamin\u00e9 18 mm compos\u00e9 de 2 portes<br \/>\nLavabo en c\u00e9ramique<br \/>\nMiroir 48&#215;57 cm<\/p>\n<p>&nbsp;<\/p>\n<p>&nbsp;<\/p>\n<p>Le meuble est offert et vendu complet uniquement<\/p>\n<p>&nbsp;<\/p>\n<p>Il est possible d&rsquo;ajouter l&rsquo;applique led \u00e0 partir du menu lat\u00e9ral<\/p>\n<p>M\u00e9langeur NON inclus<\/p>\n<p>Mat\u00e9riaux :<\/p>\n<p>Structure en m\u00e9lamine<\/p>\n<p>Pieds chrom\u00e9s<br \/>\nPatins en m\u00e9tal<br \/>\nPoign\u00e9e chrom\u00e9e<\/p>\n<p>&nbsp;<\/p>\n","protected":false},"excerpt":{"rendered":"<p>Meuble de salle de bain sur pied rovereto de 56 cm \u00e0 deux portes avec pieds comprenant un lavabo et un miroir<\/p>\n","protected":false},"featured_media":102982,"comment_status":"open","ping_status":"closed","template":"","meta":[],"product_brand":[9915],"product_cat":[9961,9715,9659],"product_tag":[],"class_list":{"0":"post-80070","1":"product","2":"type-product","3":"status-publish","4":"has-post-thumbnail","6":"product_brand-brand-store-fr","7":"product_cat-showroom-fr","8":"product_cat-meubles-de-salle-de-bain-de-40-a-70-cm","9":"product_cat-meubles-de-salle-de-bain-bon-marche","11":"first","12":"instock","13":"sale","14":"taxable","15":"shipping-taxable","16":"purchasable","17":"product-type-simple"},"exclude_global_add_ons":false,"addons":[{"name":"Applique","type":"multiple_choice","position":1,"required":true,"title_format":"heading","default":"","description_enable":false,"description":"","placeholder_enable":false,"placeholder":"","display":"select","restrictions_type":"any_text","adjust_price":false,"price":"","price_type":"flat_fee","restrictions":false,"min":"0","max":"0","options":[{"label":"non","price":"","price_type":"quantity_based","image":0,"visibility":true},{"label":"Lumi\u00e8re LED chrom\u00e9e","price":"20","price_type":"quantity_based","image":0,"visibility":true},{"label":"Lumi\u00e8re LED Noir mat","price":"25","price_type":"quantity_based","image":0,"visibility":true}],"id":1717773264}],"yoast_head":"<!-- This site is optimized with the Yoast SEO plugin v26.7 - https:\/\/yoast.com\/wordpress\/plugins\/seo\/ -->\n<title>Meuble sous lavabo Rovereto, cm 56, deux portes avec b\u00e2t, au sol , blanc ou ch\u00eane clair, lavabo et miroir<\/title>\n<meta name=\"description\" content=\"Armoire de toilette en ch\u00eane 56 cm au sol avec deux portes et socle avec lavabo et miroir en ch\u00eane blanc et ch\u00eane clair\" \/>\n<meta name=\"robots\" content=\"index, follow, max-snippet:-1, max-image-preview:large, max-video-preview:-1\" \/>\n<link rel=\"canonical\" href=\"https:\/\/www.bagnoitalia.com\/fr\/produit\/armoire-de-toilette-rovere-cm-56-deux-portes-au-sol-avec-lavabo-en-miroir-en-chene-blanc.html\" \/>\n<meta property=\"og:locale\" content=\"fr_FR\" \/>\n<meta property=\"og:type\" content=\"article\" \/>\n<meta property=\"og:title\" content=\"Meuble sous lavabo Rovereto, cm 56, deux portes avec b\u00e2t, au sol , blanc ou ch\u00eane clair, lavabo et miroir\" \/>\n<meta property=\"og:description\" content=\"Armoire de toilette en ch\u00eane 56 cm au sol avec deux portes et socle avec lavabo et miroir en ch\u00eane blanc et ch\u00eane clair\" \/>\n<meta property=\"og:url\" content=\"https:\/\/www.bagnoitalia.com\/fr\/produit\/armoire-de-toilette-rovere-cm-56-deux-portes-au-sol-avec-lavabo-en-miroir-en-chene-blanc.html\" \/>\n<meta property=\"og:site_name\" content=\"Bagno Italia\" \/>\n<meta property=\"article:modified_time\" content=\"2025-02-25T15:21:30+00:00\" \/>\n<meta property=\"og:image\" content=\"https:\/\/img.bagnoitalia.com\/wp-content\/uploads\/1-206.webp\" \/>\n\t<meta property=\"og:image:width\" content=\"550\" \/>\n\t<meta property=\"og:image:height\" content=\"550\" \/>\n\t<meta property=\"og:image:type\" content=\"image\/webp\" \/>\n<meta name=\"twitter:card\" content=\"summary_large_image\" \/>\n<meta name=\"twitter:label1\" content=\"Dur\u00e9e de lecture estim\u00e9e\" \/>\n\t<meta name=\"twitter:data1\" content=\"1 minute\" \/>\n<script type=\"application\/ld+json\" class=\"yoast-schema-graph\">{\"@context\":\"https:\/\/schema.org\",\"@graph\":[{\"@type\":\"WebPage\",\"@id\":\"https:\/\/www.bagnoitalia.com\/fr\/produit\/armoire-de-toilette-rovere-cm-56-deux-portes-au-sol-avec-lavabo-en-miroir-en-chene-blanc.html\",\"url\":\"https:\/\/www.bagnoitalia.com\/fr\/produit\/armoire-de-toilette-rovere-cm-56-deux-portes-au-sol-avec-lavabo-en-miroir-en-chene-blanc.html\",\"name\":\"Meuble sous lavabo Rovereto, cm 56, deux portes avec b\u00e2t, au sol , blanc ou ch\u00eane clair, lavabo et miroir\",\"isPartOf\":{\"@id\":\"https:\/\/www.bagnoitalia.com\/fr#website\"},\"primaryImageOfPage\":{\"@id\":\"https:\/\/www.bagnoitalia.com\/fr\/produit\/armoire-de-toilette-rovere-cm-56-deux-portes-au-sol-avec-lavabo-en-miroir-en-chene-blanc.html#primaryimage\"},\"image\":{\"@id\":\"https:\/\/www.bagnoitalia.com\/fr\/produit\/armoire-de-toilette-rovere-cm-56-deux-portes-au-sol-avec-lavabo-en-miroir-en-chene-blanc.html#primaryimage\"},\"thumbnailUrl\":\"https:\/\/img.bagnoitalia.com\/wp-content\/uploads\/1-206.webp\",\"datePublished\":\"2016-06-15T05:42:08+00:00\",\"dateModified\":\"2025-02-25T15:21:30+00:00\",\"description\":\"Armoire de toilette en ch\u00eane 56 cm au sol avec deux portes et socle avec lavabo et miroir en ch\u00eane blanc et ch\u00eane clair\",\"breadcrumb\":{\"@id\":\"https:\/\/www.bagnoitalia.com\/fr\/produit\/armoire-de-toilette-rovere-cm-56-deux-portes-au-sol-avec-lavabo-en-miroir-en-chene-blanc.html#breadcrumb\"},\"inLanguage\":\"fr-FR\",\"potentialAction\":[{\"@type\":\"ReadAction\",\"target\":[\"https:\/\/www.bagnoitalia.com\/fr\/produit\/armoire-de-toilette-rovere-cm-56-deux-portes-au-sol-avec-lavabo-en-miroir-en-chene-blanc.html\"]}]},{\"@type\":\"ImageObject\",\"inLanguage\":\"fr-FR\",\"@id\":\"https:\/\/www.bagnoitalia.com\/fr\/produit\/armoire-de-toilette-rovere-cm-56-deux-portes-au-sol-avec-lavabo-en-miroir-en-chene-blanc.html#primaryimage\",\"url\":\"https:\/\/img.bagnoitalia.com\/wp-content\/uploads\/1-206.webp\",\"contentUrl\":\"https:\/\/img.bagnoitalia.com\/wp-content\/uploads\/1-206.webp\",\"width\":550,\"height\":550},{\"@type\":\"BreadcrumbList\",\"@id\":\"https:\/\/www.bagnoitalia.com\/fr\/produit\/armoire-de-toilette-rovere-cm-56-deux-portes-au-sol-avec-lavabo-en-miroir-en-chene-blanc.html#breadcrumb\",\"itemListElement\":[{\"@type\":\"ListItem\",\"position\":1,\"name\":\"Home\",\"item\":\"https:\/\/www.bagnoitalia.com\/fr\"},{\"@type\":\"ListItem\",\"position\":2,\"name\":\"Produits\",\"item\":\"https:\/\/www.bagnoitalia.com\/fr\/shop\"},{\"@type\":\"ListItem\",\"position\":3,\"name\":\"rovereto cm 56 armoire de toilette blanche \u00e0 deux portes avec pieds, lavabo et miroir\"}]},{\"@type\":\"WebSite\",\"@id\":\"https:\/\/www.bagnoitalia.com\/fr#website\",\"url\":\"https:\/\/www.bagnoitalia.com\/fr\",\"name\":\"Bagno Italia\",\"description\":\"\",\"publisher\":{\"@id\":\"https:\/\/www.bagnoitalia.com\/fr#organization\"},\"potentialAction\":[{\"@type\":\"SearchAction\",\"target\":{\"@type\":\"EntryPoint\",\"urlTemplate\":\"https:\/\/www.bagnoitalia.com\/fr?s={search_term_string}\"},\"query-input\":{\"@type\":\"PropertyValueSpecification\",\"valueRequired\":true,\"valueName\":\"search_term_string\"}}],\"inLanguage\":\"fr-FR\"},{\"@type\":\"Organization\",\"@id\":\"https:\/\/www.bagnoitalia.com\/fr#organization\",\"name\":\"Bagno Italia\",\"url\":\"https:\/\/www.bagnoitalia.com\/fr\",\"logo\":{\"@type\":\"ImageObject\",\"inLanguage\":\"fr-FR\",\"@id\":\"https:\/\/www.bagnoitalia.com\/fr#\/schema\/logo\/image\/\",\"url\":\"https:\/\/img.bagnoitalia.com\/wp-content\/uploads\/logo-bagnoitalia.webp\",\"contentUrl\":\"https:\/\/img.bagnoitalia.com\/wp-content\/uploads\/logo-bagnoitalia.webp\",\"width\":400,\"height\":70,\"caption\":\"Bagno Italia\"},\"image\":{\"@id\":\"https:\/\/www.bagnoitalia.com\/fr#\/schema\/logo\/image\/\"}}]}<\/script>\n<!-- \/ Yoast SEO plugin. -->","yoast_head_json":{"title":"Meuble sous lavabo Rovereto, cm 56, deux portes avec b\u00e2t, au sol , blanc ou ch\u00eane clair, lavabo et miroir","description":"Armoire de toilette en ch\u00eane 56 cm au sol avec deux portes et socle avec lavabo et miroir en ch\u00eane blanc et ch\u00eane clair","robots":{"index":"index","follow":"follow","max-snippet":"max-snippet:-1","max-image-preview":"max-image-preview:large","max-video-preview":"max-video-preview:-1"},"canonical":"https:\/\/www.bagnoitalia.com\/fr\/produit\/armoire-de-toilette-rovere-cm-56-deux-portes-au-sol-avec-lavabo-en-miroir-en-chene-blanc.html","og_locale":"fr_FR","og_type":"article","og_title":"Meuble sous lavabo Rovereto, cm 56, deux portes avec b\u00e2t, au sol , blanc ou ch\u00eane clair, lavabo et miroir","og_description":"Armoire de toilette en ch\u00eane 56 cm au sol avec deux portes et socle avec lavabo et miroir en ch\u00eane blanc et ch\u00eane clair","og_url":"https:\/\/www.bagnoitalia.com\/fr\/produit\/armoire-de-toilette-rovere-cm-56-deux-portes-au-sol-avec-lavabo-en-miroir-en-chene-blanc.html","og_site_name":"Bagno Italia","article_modified_time":"2025-02-25T15:21:30+00:00","og_image":[{"width":550,"height":550,"url":"https:\/\/img.bagnoitalia.com\/wp-content\/uploads\/1-206.webp","type":"image\/webp"}],"twitter_card":"summary_large_image","twitter_misc":{"Dur\u00e9e de lecture estim\u00e9e":"1 minute"},"schema":{"@context":"https:\/\/schema.org","@graph":[{"@type":"WebPage","@id":"https:\/\/www.bagnoitalia.com\/fr\/produit\/armoire-de-toilette-rovere-cm-56-deux-portes-au-sol-avec-lavabo-en-miroir-en-chene-blanc.html","url":"https:\/\/www.bagnoitalia.com\/fr\/produit\/armoire-de-toilette-rovere-cm-56-deux-portes-au-sol-avec-lavabo-en-miroir-en-chene-blanc.html","name":"Meuble sous lavabo Rovereto, cm 56, deux portes avec b\u00e2t, au sol , blanc ou ch\u00eane clair, lavabo et miroir","isPartOf":{"@id":"https:\/\/www.bagnoitalia.com\/fr#website"},"primaryImageOfPage":{"@id":"https:\/\/www.bagnoitalia.com\/fr\/produit\/armoire-de-toilette-rovere-cm-56-deux-portes-au-sol-avec-lavabo-en-miroir-en-chene-blanc.html#primaryimage"},"image":{"@id":"https:\/\/www.bagnoitalia.com\/fr\/produit\/armoire-de-toilette-rovere-cm-56-deux-portes-au-sol-avec-lavabo-en-miroir-en-chene-blanc.html#primaryimage"},"thumbnailUrl":"https:\/\/img.bagnoitalia.com\/wp-content\/uploads\/1-206.webp","datePublished":"2016-06-15T05:42:08+00:00","dateModified":"2025-02-25T15:21:30+00:00","description":"Armoire de toilette en ch\u00eane 56 cm au sol avec deux portes et socle avec lavabo et miroir en ch\u00eane blanc et ch\u00eane clair","breadcrumb":{"@id":"https:\/\/www.bagnoitalia.com\/fr\/produit\/armoire-de-toilette-rovere-cm-56-deux-portes-au-sol-avec-lavabo-en-miroir-en-chene-blanc.html#breadcrumb"},"inLanguage":"fr-FR","potentialAction":[{"@type":"ReadAction","target":["https:\/\/www.bagnoitalia.com\/fr\/produit\/armoire-de-toilette-rovere-cm-56-deux-portes-au-sol-avec-lavabo-en-miroir-en-chene-blanc.html"]}]},{"@type":"ImageObject","inLanguage":"fr-FR","@id":"https:\/\/www.bagnoitalia.com\/fr\/produit\/armoire-de-toilette-rovere-cm-56-deux-portes-au-sol-avec-lavabo-en-miroir-en-chene-blanc.html#primaryimage","url":"https:\/\/img.bagnoitalia.com\/wp-content\/uploads\/1-206.webp","contentUrl":"https:\/\/img.bagnoitalia.com\/wp-content\/uploads\/1-206.webp","width":550,"height":550},{"@type":"BreadcrumbList","@id":"https:\/\/www.bagnoitalia.com\/fr\/produit\/armoire-de-toilette-rovere-cm-56-deux-portes-au-sol-avec-lavabo-en-miroir-en-chene-blanc.html#breadcrumb","itemListElement":[{"@type":"ListItem","position":1,"name":"Home","item":"https:\/\/www.bagnoitalia.com\/fr"},{"@type":"ListItem","position":2,"name":"Produits","item":"https:\/\/www.bagnoitalia.com\/fr\/shop"},{"@type":"ListItem","position":3,"name":"rovereto cm 56 armoire de toilette blanche \u00e0 deux portes avec pieds, lavabo et miroir"}]},{"@type":"WebSite","@id":"https:\/\/www.bagnoitalia.com\/fr#website","url":"https:\/\/www.bagnoitalia.com\/fr","name":"Bagno Italia","description":"","publisher":{"@id":"https:\/\/www.bagnoitalia.com\/fr#organization"},"potentialAction":[{"@type":"SearchAction","target":{"@type":"EntryPoint","urlTemplate":"https:\/\/www.bagnoitalia.com\/fr?s={search_term_string}"},"query-input":{"@type":"PropertyValueSpecification","valueRequired":true,"valueName":"search_term_string"}}],"inLanguage":"fr-FR"},{"@type":"Organization","@id":"https:\/\/www.bagnoitalia.com\/fr#organization","name":"Bagno Italia","url":"https:\/\/www.bagnoitalia.com\/fr","logo":{"@type":"ImageObject","inLanguage":"fr-FR","@id":"https:\/\/www.bagnoitalia.com\/fr#\/schema\/logo\/image\/","url":"https:\/\/img.bagnoitalia.com\/wp-content\/uploads\/logo-bagnoitalia.webp","contentUrl":"https:\/\/img.bagnoitalia.com\/wp-content\/uploads\/logo-bagnoitalia.webp","width":400,"height":70,"caption":"Bagno Italia"},"image":{"@id":"https:\/\/www.bagnoitalia.com\/fr#\/schema\/logo\/image\/"}}]}},"_links":{"self":[{"href":"https:\/\/www.bagnoitalia.com\/fr\/wp-json\/wp\/v2\/product\/80070","targetHints":{"allow":["GET"]}}],"collection":[{"href":"https:\/\/www.bagnoitalia.com\/fr\/wp-json\/wp\/v2\/product"}],"about":[{"href":"https:\/\/www.bagnoitalia.com\/fr\/wp-json\/wp\/v2\/types\/product"}],"replies":[{"embeddable":true,"href":"https:\/\/www.bagnoitalia.com\/fr\/wp-json\/wp\/v2\/comments?post=80070"}],"version-history":[{"count":2,"href":"https:\/\/www.bagnoitalia.com\/fr\/wp-json\/wp\/v2\/product\/80070\/revisions"}],"predecessor-version":[{"id":103014,"href":"https:\/\/www.bagnoitalia.com\/fr\/wp-json\/wp\/v2\/product\/80070\/revisions\/103014"}],"wp:featuredmedia":[{"embeddable":true,"href":"https:\/\/www.bagnoitalia.com\/fr\/wp-json\/wp\/v2\/media\/102982"}],"wp:attachment":[{"href":"https:\/\/www.bagnoitalia.com\/fr\/wp-json\/wp\/v2\/media?parent=80070"}],"wp:term":[{"taxonomy":"product_brand","embeddable":true,"href":"https:\/\/www.bagnoitalia.com\/fr\/wp-json\/wp\/v2\/product_brand?post=80070"},{"taxonomy":"product_cat","embeddable":true,"href":"https:\/\/www.bagnoitalia.com\/fr\/wp-json\/wp\/v2\/product_cat?post=80070"},{"taxonomy":"product_tag","embeddable":true,"href":"https:\/\/www.bagnoitalia.com\/fr\/wp-json\/wp\/v2\/product_tag?post=80070"}],"curies":[{"name":"wp","href":"https:\/\/api.w.org\/{rel}","templated":true}]}}