{"id":80058,"date":"2016-05-31T09:35:10","date_gmt":"2016-05-31T07:35:10","guid":{"rendered":"https:\/\/www.bagnoitalia.com\/product\/climatiseur-ariston-monosplit-alys-25-35-50-mc8-et-aeres-70-mc8-inverter-dc-9000-12000-18000-24000-btu"},"modified":"2025-05-31T05:33:53","modified_gmt":"2025-05-31T03:33:53","slug":"climatiseur-ariston-monosplit-alys-25-35-50-mc8-et-aeres-70-mc8-inverter-dc-9000-12000-18000-24000-btu","status":"publish","type":"product","link":"https:\/\/www.bagnoitalia.com\/fr\/produit\/climatiseur-ariston-monosplit-alys-25-35-50-mc8-et-aeres-70-mc8-inverter-dc-9000-12000-18000-24000-btu.html","title":{"rendered":"Climatiseur ariston monosplit ALYS 25 35 50 MC8 et AERES 70 MC8 inverter DC 9000 12000 18000 24000 BTU"},"content":{"rendered":"<p><span style=\"text-decoration: underline; font-size: 12pt;\"><strong><strong>Climatiseur <\/strong><span style=\"text-decoration: underline; font-size: 12pt;\"><\/span>ARYSTON mod\u00e8le ALYS ou AERES de 9000 \u00e0 24000 BTU<\/strong><\/span><\/p>\n<p>Actuellement, le plus haut degr\u00e9 d&rsquo;efficacit\u00e9 \u00e9nerg\u00e9tique exig\u00e9 par la l\u00e9gislation et donc disponible est A +, mais Ariston anticipe etajoute \u00e0 sa gamme de produits , la classe d&rsquo;\u00e9nergie A + + +, qui garantit le plus haut rendement et efficacit\u00e9 pour une satisfaction maximale de la client\u00e8le. La fonction Follow Me (Suivez-moi) est fournie, ce qui permet, gr\u00e2ce \u00e0 la t\u00e9l\u00e9commande qui devient un thermostat gr\u00e2ce au capteur int\u00e9gr\u00e9, de faire fonctionner le climatiseur par rapport \u00e0 la temp\u00e9rature r\u00e9ellement mesur\u00e9e l\u00e0 ou se trouve la t\u00e9l\u00e9commande.<\/p>\n<p>Le bien-\u00eatre et la satisfaction de la client\u00e8le sont la base de la philosophie de la soci\u00e9t\u00e9 Ariston. Pour cette raison,Ces principes ont \u00e9t\u00e9 introduits dans tous les produits des dispositifs technologiques innovants qui garantissent un niveau de silence \u00e9lev\u00e9 pendant le fonctionnement, presque comme si le climatiseur \u00e9tait \u00e9teint. En plus pour chacune des trois vitesses de \u00abbase\u00bb, c&rsquo;est-\u00e0-dire HIGH, MED et LOW, le climatiseur dispose de trois sous-niveaux de vitesse suppl\u00e9mentaires r\u00e9gl\u00e9s automatiquement qui, ajout\u00e9s \u00e0 la vitesse des fonctions de d\u00e9shumidification, \u00e0 savoir turbo et silence, permettent de disposer de 12 vitesses diff\u00e9rentes, une fonctionnalit\u00e9 qui peut satisfaire tout type de client. Enfin, existe aussi la fonction \u00ab\u00a0Memory\u00a0\u00bb qui vous permet de r\u00e9gler et de stocker \u00e0 la fois la temp\u00e9rature et la vitesse du ventilateur (ainsi que la fonction Sleep, si activ\u00e9e) pour assurer un plus grand confort lors de la prochaine mise en service.<\/p>\n<\/p>\n<p><span style=\"text-decoration: underline; font-size: 12pt;\"><strong>LE PRIX COMPREND:<\/strong><\/span><\/p>\n<ul>\n<li><span style=\"font-size: 10pt;\">CONDITIONNEUR MOD\u00c8LE ALYS 25 DE 9000 BTU<\/span><\/li>\n<li><span style=\"font-size: 10pt;\">UNIT\u00c9S <strong>EXT\u00c9RIEURE <\/strong> ET T\u00c9L\u00c9COMMANDE INCLUS DANS LE PRIX<\/span><\/li>\n<li><span style=\"font-size: 10pt;\">POUR LES AUTRES MOD\u00c8LES, IL FAUT LES CHOISIR DANS LE MENU \u00abTYPE\u00bb SUS-JACENT<\/span><\/li>\n<\/ul>\n<p style=\"text-align: justify;\"><img fetchpriority=\"high\" decoding=\"async\" class=\" size-full wp-image-31511\" src=\"https:\/\/img.bagnoitalia.com\/wp-content\/uploads\/1-3.jpg\" alt=\"\" width=\"625\" height=\"1021\" srcset=\"https:\/\/img.bagnoitalia.com\/wp-content\/uploads\/1-3.jpg 625w, https:\/\/img.bagnoitalia.com\/wp-content\/uploads\/1-3-441x720.jpg 441w, https:\/\/img.bagnoitalia.com\/wp-content\/uploads\/1-3-600x980.jpg 600w, https:\/\/img.bagnoitalia.com\/wp-content\/uploads\/1-3-150x245.jpg 150w\" sizes=\"(max-width: 625px) 100vw, 625px\" \/><\/p>\n<\/p>\n<p>_______________________________________________________________________________________________<\/p>\n<\/p>\n<p style=\"text-align: justify;\"><img decoding=\"async\" class=\" size-full wp-image-31515\" src=\"https:\/\/img.bagnoitalia.com\/wp-content\/uploads\/sche_ALY_123.jpg\" alt=\"\" width=\"609\" height=\"1024\" srcset=\"https:\/\/img.bagnoitalia.com\/wp-content\/uploads\/sche_ALY_123.jpg 609w, https:\/\/img.bagnoitalia.com\/wp-content\/uploads\/sche_ALY_123-441x742.jpg 441w, https:\/\/img.bagnoitalia.com\/wp-content\/uploads\/sche_ALY_123-600x1009.jpg 600w, https:\/\/img.bagnoitalia.com\/wp-content\/uploads\/sche_ALY_123-150x252.jpg 150w\" sizes=\"(max-width: 609px) 100vw, 609px\" \/><\/p>\n<\/p>\n<p>_____________________________________________________________________________________________<\/p>\n<\/p>\n<p><img decoding=\"async\" class=\" size-full wp-image-31519\" src=\"https:\/\/img.bagnoitalia.com\/wp-content\/uploads\/1-4.jpg\" alt=\"\" width=\"624\" height=\"1026\" srcset=\"https:\/\/img.bagnoitalia.com\/wp-content\/uploads\/1-4.jpg 624w, https:\/\/img.bagnoitalia.com\/wp-content\/uploads\/1-4-441x725.jpg 441w, https:\/\/img.bagnoitalia.com\/wp-content\/uploads\/1-4-600x987.jpg 600w, https:\/\/img.bagnoitalia.com\/wp-content\/uploads\/1-4-150x247.jpg 150w\" sizes=\"(max-width: 624px) 100vw, 624px\" \/><\/p>\n<\/p>\n<p>___________________________________________________________________________________________<\/p>\n<\/p>\n<p><img loading=\"lazy\" decoding=\"async\" class=\" size-full wp-image-31523\" src=\"https:\/\/img.bagnoitalia.com\/wp-content\/uploads\/1-2.jpg\" alt=\"\" width=\"610\" height=\"1024\" srcset=\"https:\/\/img.bagnoitalia.com\/wp-content\/uploads\/1-2.jpg 610w, https:\/\/img.bagnoitalia.com\/wp-content\/uploads\/1-2-441x740.jpg 441w, https:\/\/img.bagnoitalia.com\/wp-content\/uploads\/1-2-600x1007.jpg 600w, https:\/\/img.bagnoitalia.com\/wp-content\/uploads\/1-2-150x252.jpg 150w\" sizes=\"(max-width: 610px) 100vw, 610px\" \/><\/p>\n","protected":false},"excerpt":{"rendered":"<p>Conditionneur Ariston monosplit mod\u00e8le ALYS 25 35 50 MC8 et mod\u00e8le AERES 70 MC8 inverter DC 9000 12000 18000 ou 24000 BTU<\/p>\n","protected":false},"featured_media":31490,"comment_status":"open","ping_status":"closed","template":"","meta":[],"product_brand":[9879],"product_cat":[15,10115],"product_tag":[],"class_list":{"0":"post-80058","1":"product","2":"type-product","3":"status-publish","4":"has-post-thumbnail","6":"product_brand-vari-produttori-fr","7":"product_cat-senza-categoria","8":"product_cat-senza-categoria-fr","10":"first","11":"outofstock","12":"taxable","13":"shipping-taxable","14":"purchasable","15":"product-type-simple"},"exclude_global_add_ons":false,"addons":[{"name":"CAMPI_TIPOLOGIA\r\n","type":"select","position":0,"required":true,"title_format":"label","default":"","description_enable":false,"description":"","placeholder_enable":false,"placeholder":"","display":"select","restrictions_type":"any_text","adjust_price":false,"price":"","price_type":"","restrictions":false,"min":"0","max":"0","options":[]}],"yoast_head":"<!-- This site is optimized with the Yoast SEO plugin v26.7 - https:\/\/yoast.com\/wordpress\/plugins\/seo\/ -->\n<title>Climatiseur ariston monosplit ALYS 25 35 50 MC8 et AERES 70 MC8 inverter DC 9000 12000 18000 24000 BTU<\/title>\n<meta name=\"description\" content=\"Climatiseur Climatiseur ariston monosplit mod\u00e8le ALYS 25 35 50 MC8 et mod\u00e8le AERES 70 MC8 Convertisseur DC 9000 12000 18000 et 24000 BTU\" \/>\n<meta name=\"robots\" content=\"index, follow, max-snippet:-1, max-image-preview:large, max-video-preview:-1\" \/>\n<link rel=\"canonical\" href=\"https:\/\/www.bagnoitalia.com\/fr\/produit\/climatiseur-ariston-monosplit-alys-25-35-50-mc8-et-aeres-70-mc8-inverter-dc-9000-12000-18000-24000-btu.html\" \/>\n<meta property=\"og:locale\" content=\"fr_FR\" \/>\n<meta property=\"og:type\" content=\"article\" \/>\n<meta property=\"og:title\" content=\"Climatiseur ariston monosplit ALYS 25 35 50 MC8 et AERES 70 MC8 inverter DC 9000 12000 18000 24000 BTU\" \/>\n<meta property=\"og:description\" content=\"Climatiseur Climatiseur ariston monosplit mod\u00e8le ALYS 25 35 50 MC8 et mod\u00e8le AERES 70 MC8 Convertisseur DC 9000 12000 18000 et 24000 BTU\" \/>\n<meta property=\"og:url\" content=\"https:\/\/www.bagnoitalia.com\/fr\/produit\/climatiseur-ariston-monosplit-alys-25-35-50-mc8-et-aeres-70-mc8-inverter-dc-9000-12000-18000-24000-btu.html\" \/>\n<meta property=\"og:site_name\" content=\"Bagno Italia\" \/>\n<meta property=\"article:modified_time\" content=\"2025-05-31T03:33:53+00:00\" \/>\n<meta property=\"og:image\" content=\"https:\/\/img.bagnoitalia.com\/wp-content\/uploads\/virtuemart\/product\/ariston-alys-air-conditioner-monosplit-12_1544623195_734.jpg\" \/>\n\t<meta property=\"og:image:width\" content=\"515\" \/>\n\t<meta property=\"og:image:height\" content=\"515\" \/>\n\t<meta property=\"og:image:type\" content=\"image\/jpeg\" \/>\n<meta name=\"twitter:card\" content=\"summary_large_image\" \/>\n<meta name=\"twitter:label1\" content=\"Dur\u00e9e de lecture estim\u00e9e\" \/>\n\t<meta name=\"twitter:data1\" content=\"1 minute\" \/>\n<script type=\"application\/ld+json\" class=\"yoast-schema-graph\">{\"@context\":\"https:\/\/schema.org\",\"@graph\":[{\"@type\":\"WebPage\",\"@id\":\"https:\/\/www.bagnoitalia.com\/fr\/produit\/climatiseur-ariston-monosplit-alys-25-35-50-mc8-et-aeres-70-mc8-inverter-dc-9000-12000-18000-24000-btu.html\",\"url\":\"https:\/\/www.bagnoitalia.com\/fr\/produit\/climatiseur-ariston-monosplit-alys-25-35-50-mc8-et-aeres-70-mc8-inverter-dc-9000-12000-18000-24000-btu.html\",\"name\":\"Climatiseur ariston monosplit ALYS 25 35 50 MC8 et AERES 70 MC8 inverter DC 9000 12000 18000 24000 BTU\",\"isPartOf\":{\"@id\":\"https:\/\/www.bagnoitalia.com\/fr#website\"},\"primaryImageOfPage\":{\"@id\":\"https:\/\/www.bagnoitalia.com\/fr\/produit\/climatiseur-ariston-monosplit-alys-25-35-50-mc8-et-aeres-70-mc8-inverter-dc-9000-12000-18000-24000-btu.html#primaryimage\"},\"image\":{\"@id\":\"https:\/\/www.bagnoitalia.com\/fr\/produit\/climatiseur-ariston-monosplit-alys-25-35-50-mc8-et-aeres-70-mc8-inverter-dc-9000-12000-18000-24000-btu.html#primaryimage\"},\"thumbnailUrl\":\"https:\/\/img.bagnoitalia.com\/wp-content\/uploads\/virtuemart\/product\/ariston-alys-air-conditioner-monosplit-12_1544623195_734.jpg\",\"datePublished\":\"2016-05-31T07:35:10+00:00\",\"dateModified\":\"2025-05-31T03:33:53+00:00\",\"description\":\"Climatiseur Climatiseur ariston monosplit mod\u00e8le ALYS 25 35 50 MC8 et mod\u00e8le AERES 70 MC8 Convertisseur DC 9000 12000 18000 et 24000 BTU\",\"breadcrumb\":{\"@id\":\"https:\/\/www.bagnoitalia.com\/fr\/produit\/climatiseur-ariston-monosplit-alys-25-35-50-mc8-et-aeres-70-mc8-inverter-dc-9000-12000-18000-24000-btu.html#breadcrumb\"},\"inLanguage\":\"fr-FR\",\"potentialAction\":[{\"@type\":\"ReadAction\",\"target\":[\"https:\/\/www.bagnoitalia.com\/fr\/produit\/climatiseur-ariston-monosplit-alys-25-35-50-mc8-et-aeres-70-mc8-inverter-dc-9000-12000-18000-24000-btu.html\"]}]},{\"@type\":\"ImageObject\",\"inLanguage\":\"fr-FR\",\"@id\":\"https:\/\/www.bagnoitalia.com\/fr\/produit\/climatiseur-ariston-monosplit-alys-25-35-50-mc8-et-aeres-70-mc8-inverter-dc-9000-12000-18000-24000-btu.html#primaryimage\",\"url\":\"https:\/\/img.bagnoitalia.com\/wp-content\/uploads\/virtuemart\/product\/ariston-alys-air-conditioner-monosplit-12_1544623195_734.jpg\",\"contentUrl\":\"https:\/\/img.bagnoitalia.com\/wp-content\/uploads\/virtuemart\/product\/ariston-alys-air-conditioner-monosplit-12_1544623195_734.jpg\",\"width\":515,\"height\":515},{\"@type\":\"BreadcrumbList\",\"@id\":\"https:\/\/www.bagnoitalia.com\/fr\/produit\/climatiseur-ariston-monosplit-alys-25-35-50-mc8-et-aeres-70-mc8-inverter-dc-9000-12000-18000-24000-btu.html#breadcrumb\",\"itemListElement\":[{\"@type\":\"ListItem\",\"position\":1,\"name\":\"Home\",\"item\":\"https:\/\/www.bagnoitalia.com\/fr\"},{\"@type\":\"ListItem\",\"position\":2,\"name\":\"Produits\",\"item\":\"https:\/\/www.bagnoitalia.com\/fr\/shop\"},{\"@type\":\"ListItem\",\"position\":3,\"name\":\"Climatiseur ariston monosplit ALYS 25 35 50 MC8 et AERES 70 MC8 inverter DC 9000 12000 18000 24000 BTU\"}]},{\"@type\":\"WebSite\",\"@id\":\"https:\/\/www.bagnoitalia.com\/fr#website\",\"url\":\"https:\/\/www.bagnoitalia.com\/fr\",\"name\":\"Bagno Italia\",\"description\":\"\",\"publisher\":{\"@id\":\"https:\/\/www.bagnoitalia.com\/fr#organization\"},\"potentialAction\":[{\"@type\":\"SearchAction\",\"target\":{\"@type\":\"EntryPoint\",\"urlTemplate\":\"https:\/\/www.bagnoitalia.com\/fr?s={search_term_string}\"},\"query-input\":{\"@type\":\"PropertyValueSpecification\",\"valueRequired\":true,\"valueName\":\"search_term_string\"}}],\"inLanguage\":\"fr-FR\"},{\"@type\":\"Organization\",\"@id\":\"https:\/\/www.bagnoitalia.com\/fr#organization\",\"name\":\"Bagno Italia\",\"url\":\"https:\/\/www.bagnoitalia.com\/fr\",\"logo\":{\"@type\":\"ImageObject\",\"inLanguage\":\"fr-FR\",\"@id\":\"https:\/\/www.bagnoitalia.com\/fr#\/schema\/logo\/image\/\",\"url\":\"https:\/\/img.bagnoitalia.com\/wp-content\/uploads\/logo-bagnoitalia.webp\",\"contentUrl\":\"https:\/\/img.bagnoitalia.com\/wp-content\/uploads\/logo-bagnoitalia.webp\",\"width\":400,\"height\":70,\"caption\":\"Bagno Italia\"},\"image\":{\"@id\":\"https:\/\/www.bagnoitalia.com\/fr#\/schema\/logo\/image\/\"}}]}<\/script>\n<!-- \/ Yoast SEO plugin. -->","yoast_head_json":{"title":"Climatiseur ariston monosplit ALYS 25 35 50 MC8 et AERES 70 MC8 inverter DC 9000 12000 18000 24000 BTU","description":"Climatiseur Climatiseur ariston monosplit mod\u00e8le ALYS 25 35 50 MC8 et mod\u00e8le AERES 70 MC8 Convertisseur DC 9000 12000 18000 et 24000 BTU","robots":{"index":"index","follow":"follow","max-snippet":"max-snippet:-1","max-image-preview":"max-image-preview:large","max-video-preview":"max-video-preview:-1"},"canonical":"https:\/\/www.bagnoitalia.com\/fr\/produit\/climatiseur-ariston-monosplit-alys-25-35-50-mc8-et-aeres-70-mc8-inverter-dc-9000-12000-18000-24000-btu.html","og_locale":"fr_FR","og_type":"article","og_title":"Climatiseur ariston monosplit ALYS 25 35 50 MC8 et AERES 70 MC8 inverter DC 9000 12000 18000 24000 BTU","og_description":"Climatiseur Climatiseur ariston monosplit mod\u00e8le ALYS 25 35 50 MC8 et mod\u00e8le AERES 70 MC8 Convertisseur DC 9000 12000 18000 et 24000 BTU","og_url":"https:\/\/www.bagnoitalia.com\/fr\/produit\/climatiseur-ariston-monosplit-alys-25-35-50-mc8-et-aeres-70-mc8-inverter-dc-9000-12000-18000-24000-btu.html","og_site_name":"Bagno Italia","article_modified_time":"2025-05-31T03:33:53+00:00","og_image":[{"width":515,"height":515,"url":"https:\/\/img.bagnoitalia.com\/wp-content\/uploads\/virtuemart\/product\/ariston-alys-air-conditioner-monosplit-12_1544623195_734.jpg","type":"image\/jpeg"}],"twitter_card":"summary_large_image","twitter_misc":{"Dur\u00e9e de lecture estim\u00e9e":"1 minute"},"schema":{"@context":"https:\/\/schema.org","@graph":[{"@type":"WebPage","@id":"https:\/\/www.bagnoitalia.com\/fr\/produit\/climatiseur-ariston-monosplit-alys-25-35-50-mc8-et-aeres-70-mc8-inverter-dc-9000-12000-18000-24000-btu.html","url":"https:\/\/www.bagnoitalia.com\/fr\/produit\/climatiseur-ariston-monosplit-alys-25-35-50-mc8-et-aeres-70-mc8-inverter-dc-9000-12000-18000-24000-btu.html","name":"Climatiseur ariston monosplit ALYS 25 35 50 MC8 et AERES 70 MC8 inverter DC 9000 12000 18000 24000 BTU","isPartOf":{"@id":"https:\/\/www.bagnoitalia.com\/fr#website"},"primaryImageOfPage":{"@id":"https:\/\/www.bagnoitalia.com\/fr\/produit\/climatiseur-ariston-monosplit-alys-25-35-50-mc8-et-aeres-70-mc8-inverter-dc-9000-12000-18000-24000-btu.html#primaryimage"},"image":{"@id":"https:\/\/www.bagnoitalia.com\/fr\/produit\/climatiseur-ariston-monosplit-alys-25-35-50-mc8-et-aeres-70-mc8-inverter-dc-9000-12000-18000-24000-btu.html#primaryimage"},"thumbnailUrl":"https:\/\/img.bagnoitalia.com\/wp-content\/uploads\/virtuemart\/product\/ariston-alys-air-conditioner-monosplit-12_1544623195_734.jpg","datePublished":"2016-05-31T07:35:10+00:00","dateModified":"2025-05-31T03:33:53+00:00","description":"Climatiseur Climatiseur ariston monosplit mod\u00e8le ALYS 25 35 50 MC8 et mod\u00e8le AERES 70 MC8 Convertisseur DC 9000 12000 18000 et 24000 BTU","breadcrumb":{"@id":"https:\/\/www.bagnoitalia.com\/fr\/produit\/climatiseur-ariston-monosplit-alys-25-35-50-mc8-et-aeres-70-mc8-inverter-dc-9000-12000-18000-24000-btu.html#breadcrumb"},"inLanguage":"fr-FR","potentialAction":[{"@type":"ReadAction","target":["https:\/\/www.bagnoitalia.com\/fr\/produit\/climatiseur-ariston-monosplit-alys-25-35-50-mc8-et-aeres-70-mc8-inverter-dc-9000-12000-18000-24000-btu.html"]}]},{"@type":"ImageObject","inLanguage":"fr-FR","@id":"https:\/\/www.bagnoitalia.com\/fr\/produit\/climatiseur-ariston-monosplit-alys-25-35-50-mc8-et-aeres-70-mc8-inverter-dc-9000-12000-18000-24000-btu.html#primaryimage","url":"https:\/\/img.bagnoitalia.com\/wp-content\/uploads\/virtuemart\/product\/ariston-alys-air-conditioner-monosplit-12_1544623195_734.jpg","contentUrl":"https:\/\/img.bagnoitalia.com\/wp-content\/uploads\/virtuemart\/product\/ariston-alys-air-conditioner-monosplit-12_1544623195_734.jpg","width":515,"height":515},{"@type":"BreadcrumbList","@id":"https:\/\/www.bagnoitalia.com\/fr\/produit\/climatiseur-ariston-monosplit-alys-25-35-50-mc8-et-aeres-70-mc8-inverter-dc-9000-12000-18000-24000-btu.html#breadcrumb","itemListElement":[{"@type":"ListItem","position":1,"name":"Home","item":"https:\/\/www.bagnoitalia.com\/fr"},{"@type":"ListItem","position":2,"name":"Produits","item":"https:\/\/www.bagnoitalia.com\/fr\/shop"},{"@type":"ListItem","position":3,"name":"Climatiseur ariston monosplit ALYS 25 35 50 MC8 et AERES 70 MC8 inverter DC 9000 12000 18000 24000 BTU"}]},{"@type":"WebSite","@id":"https:\/\/www.bagnoitalia.com\/fr#website","url":"https:\/\/www.bagnoitalia.com\/fr","name":"Bagno Italia","description":"","publisher":{"@id":"https:\/\/www.bagnoitalia.com\/fr#organization"},"potentialAction":[{"@type":"SearchAction","target":{"@type":"EntryPoint","urlTemplate":"https:\/\/www.bagnoitalia.com\/fr?s={search_term_string}"},"query-input":{"@type":"PropertyValueSpecification","valueRequired":true,"valueName":"search_term_string"}}],"inLanguage":"fr-FR"},{"@type":"Organization","@id":"https:\/\/www.bagnoitalia.com\/fr#organization","name":"Bagno Italia","url":"https:\/\/www.bagnoitalia.com\/fr","logo":{"@type":"ImageObject","inLanguage":"fr-FR","@id":"https:\/\/www.bagnoitalia.com\/fr#\/schema\/logo\/image\/","url":"https:\/\/img.bagnoitalia.com\/wp-content\/uploads\/logo-bagnoitalia.webp","contentUrl":"https:\/\/img.bagnoitalia.com\/wp-content\/uploads\/logo-bagnoitalia.webp","width":400,"height":70,"caption":"Bagno Italia"},"image":{"@id":"https:\/\/www.bagnoitalia.com\/fr#\/schema\/logo\/image\/"}}]}},"_links":{"self":[{"href":"https:\/\/www.bagnoitalia.com\/fr\/wp-json\/wp\/v2\/product\/80058","targetHints":{"allow":["GET"]}}],"collection":[{"href":"https:\/\/www.bagnoitalia.com\/fr\/wp-json\/wp\/v2\/product"}],"about":[{"href":"https:\/\/www.bagnoitalia.com\/fr\/wp-json\/wp\/v2\/types\/product"}],"replies":[{"embeddable":true,"href":"https:\/\/www.bagnoitalia.com\/fr\/wp-json\/wp\/v2\/comments?post=80058"}],"version-history":[{"count":0,"href":"https:\/\/www.bagnoitalia.com\/fr\/wp-json\/wp\/v2\/product\/80058\/revisions"}],"wp:featuredmedia":[{"embeddable":true,"href":"https:\/\/www.bagnoitalia.com\/fr\/wp-json\/wp\/v2\/media\/31490"}],"wp:attachment":[{"href":"https:\/\/www.bagnoitalia.com\/fr\/wp-json\/wp\/v2\/media?parent=80058"}],"wp:term":[{"taxonomy":"product_brand","embeddable":true,"href":"https:\/\/www.bagnoitalia.com\/fr\/wp-json\/wp\/v2\/product_brand?post=80058"},{"taxonomy":"product_cat","embeddable":true,"href":"https:\/\/www.bagnoitalia.com\/fr\/wp-json\/wp\/v2\/product_cat?post=80058"},{"taxonomy":"product_tag","embeddable":true,"href":"https:\/\/www.bagnoitalia.com\/fr\/wp-json\/wp\/v2\/product_tag?post=80058"}],"curies":[{"name":"wp","href":"https:\/\/api.w.org\/{rel}","templated":true}]}}