{"id":80030,"date":"2016-05-13T09:27:04","date_gmt":"2016-05-13T07:27:04","guid":{"rendered":"https:\/\/www.bagnoitalia.com\/product\/canape-lit-inclinable-luciana-195x115x38-microfibre-disponible-en-deux-couleurs"},"modified":"2025-06-09T11:16:40","modified_gmt":"2025-06-09T09:16:40","slug":"canape-lit-inclinable-luciana-195x115x38-microfibre-disponible-en-deux-couleurs","status":"publish","type":"product","link":"https:\/\/www.bagnoitalia.com\/fr\/produit\/canape-lit-inclinable-luciana-195x115x38-microfibre-disponible-en-deux-couleurs.html","title":{"rendered":"Canap\u00e9-lit inclinable Luciana 195x115x38 microfibre disponible en deux couleurs"},"content":{"rendered":"<h1><\/h1>\n<h1 class=\"western\" style=\"margin-top: 0cm; margin-bottom: 0cm; page-break-after: avoid;\"><span style=\"font-size: 12pt;\"><strong><span style=\"text-decoration: underline;\">CANAP\u00c9 LIT LUCIANA INCLINABLE 3 SI\u00c8GES<\/span><\/strong><\/span><\/h1>\n<ul>\n<li style=\"margin-bottom: 0cm;\"><span style=\"font-size: 10pt;\"><strong><span style=\"font-weight: normal;\">Canap\u00e9 3 si\u00e8ges rembourr\u00e9 en microfibre blanc<br \/>\n<\/span><\/strong><\/span><\/li>\n<li style=\"margin-bottom: 0cm;\"><span style=\"font-size: 10pt;\"><strong><span style=\"font-weight: normal;\">Canap\u00e9 transformable en lit double de 115 cm.\u00a0<\/span><\/strong><\/span><\/li>\n<li style=\"margin-bottom: 0cm;\"><span style=\"font-size: 10pt;\"><strong><span style=\"font-weight: normal;\">Dimensions du canap\u00e9: 195xH87x92 cm.<\/span><\/strong><\/span><\/li>\n<li style=\"margin-bottom: 0cm;\"><span style=\"font-size: 10pt;\"><strong><span style=\"font-weight: normal;\">Dimensions du lit: 195x115x38 cm<\/span><\/strong><\/span><\/li>\n<li style=\"margin-bottom: 0cm;\"><span style=\"font-size: 10pt;\"><strong><span style=\"font-weight: normal;\">Hauteur du si\u00e8ge cm. 38<\/span><\/strong><\/span><\/li>\n<li style=\"margin-bottom: 0cm;\"><span style=\"font-size: 10pt;\"><strong><span style=\"font-weight: normal;\">Profondeur: cm. 92<\/span><\/strong><\/span><\/li>\n<\/ul>\n<p style=\"margin-bottom: 0cm;\"><span style=\"text-decoration: underline; font-size: 12pt;\"><strong>CARACT\u00c9RISTIQUES:<\/strong><\/span><\/p>\n<ul>\n<li style=\"margin-bottom: 0cm;\"><span style=\"font-size: 10pt;\"><strong><span style=\"font-weight: normal;\">R\u00e9sistant \u00e0 l&rsquo;usure;<\/span><\/strong><\/span><\/li>\n<li style=\"margin-bottom: 0cm;\"><span style=\"font-size: 10pt;\"><strong><span style=\"font-weight: normal;\">Nettoyage facile;<\/span><\/strong><\/span><\/li>\n<li style=\"margin-bottom: 0cm;\"><span style=\"font-size: 10pt;\"><strong><span style=\"font-weight: normal;\">Fini \u00e0 la main;<\/span><\/strong><\/span><\/li>\n<li style=\"margin-bottom: 0cm;\"><span style=\"font-size: 10pt;\"><strong><span style=\"font-weight: normal;\">Canap\u00e9 recouvert de microfibre;<\/span><\/strong><\/span><\/li>\n<li style=\"margin-bottom: 0cm;\"><span style=\"font-size: 10pt;\"><strong><span style=\"font-weight: normal;\">Coussins \u00e9paissis;<\/span><\/strong><\/span><\/li>\n<li style=\"margin-bottom: 0cm;\"><span style=\"font-size: 10pt;\"><strong><span style=\"font-weight: normal;\">Cadre renforc\u00e9 en h\u00eatre massif et recouvert d&rsquo;une couche de polyur\u00e9thane<\/span><\/strong><\/span><\/li>\n<li style=\"margin-bottom: 0cm;\"><span style=\"font-size: 10pt;\"><strong><span style=\"font-weight: normal;\">Canap\u00e9 rembourr\u00e9 en mousse de polyur\u00e9thane \u00e0 densit\u00e9 diff\u00e9renci\u00e9e recouvert d&rsquo;une couche de dacron qui assure un confort maximal<\/span><\/strong><\/span><\/li>\n<\/ul>\n","protected":false},"excerpt":{"rendered":"<p>Canap\u00e9-lit inclinable mod\u00e8le Luciana en microfibre disponible sur l\u2019offre en couleur blanche<\/p>\n","protected":false},"featured_media":31254,"comment_status":"open","ping_status":"closed","template":"","meta":[],"product_brand":[9924],"product_cat":[9795],"product_tag":[],"class_list":{"0":"post-80030","1":"product","2":"type-product","3":"status-publish","4":"has-post-thumbnail","6":"product_brand-predator-arredo-casa-fr","7":"product_cat-canape-lit","9":"first","10":"instock","11":"sale","12":"taxable","13":"shipping-taxable","14":"purchasable","15":"product-type-simple"},"exclude_global_add_ons":false,"addons":[{"name":"Couleur","type":"multiple_choice","position":0,"required":true,"title_format":"heading","default":"","description_enable":false,"description":"","placeholder_enable":false,"placeholder":"","display":"select","restrictions_type":"any_text","adjust_price":false,"price":"","price_type":"flat_fee","restrictions":false,"min":"0","max":"0","options":[{"label":"noir","price":"","price_type":"quantity_based","image":0,"visibility":true},{"label":"blanc","price":"","price_type":"quantity_based","image":0,"visibility":true}],"id":1717775096}],"yoast_head":"<!-- This site is optimized with the Yoast SEO plugin v26.7 - https:\/\/yoast.com\/wordpress\/plugins\/seo\/ -->\n<title>Canap\u00e9-lit inclinable Luciana 195x115x38 microfibre disponible en deux couleurs<\/title>\n<meta name=\"description\" content=\"Canap\u00e9-lit inclinable mod\u00e8le Luciana, dimensions 195x87 cm en microfibre, disponible en blanc\" \/>\n<meta name=\"robots\" content=\"index, follow, max-snippet:-1, max-image-preview:large, max-video-preview:-1\" \/>\n<link rel=\"canonical\" href=\"https:\/\/www.bagnoitalia.com\/fr\/produit\/canape-lit-inclinable-luciana-195x115x38-microfibre-disponible-en-deux-couleurs.html\" \/>\n<meta property=\"og:locale\" content=\"fr_FR\" \/>\n<meta property=\"og:type\" content=\"article\" \/>\n<meta property=\"og:title\" content=\"Canap\u00e9-lit inclinable Luciana 195x115x38 microfibre disponible en deux couleurs\" \/>\n<meta property=\"og:description\" content=\"Canap\u00e9-lit inclinable mod\u00e8le Luciana, dimensions 195x87 cm en microfibre, disponible en blanc\" \/>\n<meta property=\"og:url\" content=\"https:\/\/www.bagnoitalia.com\/fr\/produit\/canape-lit-inclinable-luciana-195x115x38-microfibre-disponible-en-deux-couleurs.html\" \/>\n<meta property=\"og:site_name\" content=\"Bagno Italia\" \/>\n<meta property=\"article:modified_time\" content=\"2025-06-09T09:16:40+00:00\" \/>\n<meta property=\"og:image\" content=\"https:\/\/img.bagnoitalia.com\/wp-content\/uploads\/virtuemart\/product\/Reclining-microfibre-sofa-bed-Luciana-1_1541772587_537.jpg\" \/>\n\t<meta property=\"og:image:width\" content=\"680\" \/>\n\t<meta property=\"og:image:height\" content=\"432\" \/>\n\t<meta property=\"og:image:type\" content=\"image\/jpeg\" \/>\n<meta name=\"twitter:card\" content=\"summary_large_image\" \/>\n<meta name=\"twitter:label1\" content=\"Dur\u00e9e de lecture estim\u00e9e\" \/>\n\t<meta name=\"twitter:data1\" content=\"1 minute\" \/>\n<script type=\"application\/ld+json\" class=\"yoast-schema-graph\">{\"@context\":\"https:\/\/schema.org\",\"@graph\":[{\"@type\":\"WebPage\",\"@id\":\"https:\/\/www.bagnoitalia.com\/fr\/produit\/canape-lit-inclinable-luciana-195x115x38-microfibre-disponible-en-deux-couleurs.html\",\"url\":\"https:\/\/www.bagnoitalia.com\/fr\/produit\/canape-lit-inclinable-luciana-195x115x38-microfibre-disponible-en-deux-couleurs.html\",\"name\":\"Canap\u00e9-lit inclinable Luciana 195x115x38 microfibre disponible en deux couleurs\",\"isPartOf\":{\"@id\":\"https:\/\/www.bagnoitalia.com\/fr#website\"},\"primaryImageOfPage\":{\"@id\":\"https:\/\/www.bagnoitalia.com\/fr\/produit\/canape-lit-inclinable-luciana-195x115x38-microfibre-disponible-en-deux-couleurs.html#primaryimage\"},\"image\":{\"@id\":\"https:\/\/www.bagnoitalia.com\/fr\/produit\/canape-lit-inclinable-luciana-195x115x38-microfibre-disponible-en-deux-couleurs.html#primaryimage\"},\"thumbnailUrl\":\"https:\/\/img.bagnoitalia.com\/wp-content\/uploads\/virtuemart\/product\/Reclining-microfibre-sofa-bed-Luciana-1_1541772587_537.jpg\",\"datePublished\":\"2016-05-13T07:27:04+00:00\",\"dateModified\":\"2025-06-09T09:16:40+00:00\",\"description\":\"Canap\u00e9-lit inclinable mod\u00e8le Luciana, dimensions 195x87 cm en microfibre, disponible en blanc\",\"breadcrumb\":{\"@id\":\"https:\/\/www.bagnoitalia.com\/fr\/produit\/canape-lit-inclinable-luciana-195x115x38-microfibre-disponible-en-deux-couleurs.html#breadcrumb\"},\"inLanguage\":\"fr-FR\",\"potentialAction\":[{\"@type\":\"ReadAction\",\"target\":[\"https:\/\/www.bagnoitalia.com\/fr\/produit\/canape-lit-inclinable-luciana-195x115x38-microfibre-disponible-en-deux-couleurs.html\"]}]},{\"@type\":\"ImageObject\",\"inLanguage\":\"fr-FR\",\"@id\":\"https:\/\/www.bagnoitalia.com\/fr\/produit\/canape-lit-inclinable-luciana-195x115x38-microfibre-disponible-en-deux-couleurs.html#primaryimage\",\"url\":\"https:\/\/img.bagnoitalia.com\/wp-content\/uploads\/virtuemart\/product\/Reclining-microfibre-sofa-bed-Luciana-1_1541772587_537.jpg\",\"contentUrl\":\"https:\/\/img.bagnoitalia.com\/wp-content\/uploads\/virtuemart\/product\/Reclining-microfibre-sofa-bed-Luciana-1_1541772587_537.jpg\",\"width\":680,\"height\":432},{\"@type\":\"BreadcrumbList\",\"@id\":\"https:\/\/www.bagnoitalia.com\/fr\/produit\/canape-lit-inclinable-luciana-195x115x38-microfibre-disponible-en-deux-couleurs.html#breadcrumb\",\"itemListElement\":[{\"@type\":\"ListItem\",\"position\":1,\"name\":\"Home\",\"item\":\"https:\/\/www.bagnoitalia.com\/fr\"},{\"@type\":\"ListItem\",\"position\":2,\"name\":\"Produits\",\"item\":\"https:\/\/www.bagnoitalia.com\/fr\/shop\"},{\"@type\":\"ListItem\",\"position\":3,\"name\":\"Canap\u00e9-lit inclinable Luciana 195x115x38 microfibre disponible en deux couleurs\"}]},{\"@type\":\"WebSite\",\"@id\":\"https:\/\/www.bagnoitalia.com\/fr#website\",\"url\":\"https:\/\/www.bagnoitalia.com\/fr\",\"name\":\"Bagno Italia\",\"description\":\"\",\"publisher\":{\"@id\":\"https:\/\/www.bagnoitalia.com\/fr#organization\"},\"potentialAction\":[{\"@type\":\"SearchAction\",\"target\":{\"@type\":\"EntryPoint\",\"urlTemplate\":\"https:\/\/www.bagnoitalia.com\/fr?s={search_term_string}\"},\"query-input\":{\"@type\":\"PropertyValueSpecification\",\"valueRequired\":true,\"valueName\":\"search_term_string\"}}],\"inLanguage\":\"fr-FR\"},{\"@type\":\"Organization\",\"@id\":\"https:\/\/www.bagnoitalia.com\/fr#organization\",\"name\":\"Bagno Italia\",\"url\":\"https:\/\/www.bagnoitalia.com\/fr\",\"logo\":{\"@type\":\"ImageObject\",\"inLanguage\":\"fr-FR\",\"@id\":\"https:\/\/www.bagnoitalia.com\/fr#\/schema\/logo\/image\/\",\"url\":\"https:\/\/img.bagnoitalia.com\/wp-content\/uploads\/logo-bagnoitalia.webp\",\"contentUrl\":\"https:\/\/img.bagnoitalia.com\/wp-content\/uploads\/logo-bagnoitalia.webp\",\"width\":400,\"height\":70,\"caption\":\"Bagno Italia\"},\"image\":{\"@id\":\"https:\/\/www.bagnoitalia.com\/fr#\/schema\/logo\/image\/\"}}]}<\/script>\n<!-- \/ Yoast SEO plugin. -->","yoast_head_json":{"title":"Canap\u00e9-lit inclinable Luciana 195x115x38 microfibre disponible en deux couleurs","description":"Canap\u00e9-lit inclinable mod\u00e8le Luciana, dimensions 195x87 cm en microfibre, disponible en blanc","robots":{"index":"index","follow":"follow","max-snippet":"max-snippet:-1","max-image-preview":"max-image-preview:large","max-video-preview":"max-video-preview:-1"},"canonical":"https:\/\/www.bagnoitalia.com\/fr\/produit\/canape-lit-inclinable-luciana-195x115x38-microfibre-disponible-en-deux-couleurs.html","og_locale":"fr_FR","og_type":"article","og_title":"Canap\u00e9-lit inclinable Luciana 195x115x38 microfibre disponible en deux couleurs","og_description":"Canap\u00e9-lit inclinable mod\u00e8le Luciana, dimensions 195x87 cm en microfibre, disponible en blanc","og_url":"https:\/\/www.bagnoitalia.com\/fr\/produit\/canape-lit-inclinable-luciana-195x115x38-microfibre-disponible-en-deux-couleurs.html","og_site_name":"Bagno Italia","article_modified_time":"2025-06-09T09:16:40+00:00","og_image":[{"width":680,"height":432,"url":"https:\/\/img.bagnoitalia.com\/wp-content\/uploads\/virtuemart\/product\/Reclining-microfibre-sofa-bed-Luciana-1_1541772587_537.jpg","type":"image\/jpeg"}],"twitter_card":"summary_large_image","twitter_misc":{"Dur\u00e9e de lecture estim\u00e9e":"1 minute"},"schema":{"@context":"https:\/\/schema.org","@graph":[{"@type":"WebPage","@id":"https:\/\/www.bagnoitalia.com\/fr\/produit\/canape-lit-inclinable-luciana-195x115x38-microfibre-disponible-en-deux-couleurs.html","url":"https:\/\/www.bagnoitalia.com\/fr\/produit\/canape-lit-inclinable-luciana-195x115x38-microfibre-disponible-en-deux-couleurs.html","name":"Canap\u00e9-lit inclinable Luciana 195x115x38 microfibre disponible en deux couleurs","isPartOf":{"@id":"https:\/\/www.bagnoitalia.com\/fr#website"},"primaryImageOfPage":{"@id":"https:\/\/www.bagnoitalia.com\/fr\/produit\/canape-lit-inclinable-luciana-195x115x38-microfibre-disponible-en-deux-couleurs.html#primaryimage"},"image":{"@id":"https:\/\/www.bagnoitalia.com\/fr\/produit\/canape-lit-inclinable-luciana-195x115x38-microfibre-disponible-en-deux-couleurs.html#primaryimage"},"thumbnailUrl":"https:\/\/img.bagnoitalia.com\/wp-content\/uploads\/virtuemart\/product\/Reclining-microfibre-sofa-bed-Luciana-1_1541772587_537.jpg","datePublished":"2016-05-13T07:27:04+00:00","dateModified":"2025-06-09T09:16:40+00:00","description":"Canap\u00e9-lit inclinable mod\u00e8le Luciana, dimensions 195x87 cm en microfibre, disponible en blanc","breadcrumb":{"@id":"https:\/\/www.bagnoitalia.com\/fr\/produit\/canape-lit-inclinable-luciana-195x115x38-microfibre-disponible-en-deux-couleurs.html#breadcrumb"},"inLanguage":"fr-FR","potentialAction":[{"@type":"ReadAction","target":["https:\/\/www.bagnoitalia.com\/fr\/produit\/canape-lit-inclinable-luciana-195x115x38-microfibre-disponible-en-deux-couleurs.html"]}]},{"@type":"ImageObject","inLanguage":"fr-FR","@id":"https:\/\/www.bagnoitalia.com\/fr\/produit\/canape-lit-inclinable-luciana-195x115x38-microfibre-disponible-en-deux-couleurs.html#primaryimage","url":"https:\/\/img.bagnoitalia.com\/wp-content\/uploads\/virtuemart\/product\/Reclining-microfibre-sofa-bed-Luciana-1_1541772587_537.jpg","contentUrl":"https:\/\/img.bagnoitalia.com\/wp-content\/uploads\/virtuemart\/product\/Reclining-microfibre-sofa-bed-Luciana-1_1541772587_537.jpg","width":680,"height":432},{"@type":"BreadcrumbList","@id":"https:\/\/www.bagnoitalia.com\/fr\/produit\/canape-lit-inclinable-luciana-195x115x38-microfibre-disponible-en-deux-couleurs.html#breadcrumb","itemListElement":[{"@type":"ListItem","position":1,"name":"Home","item":"https:\/\/www.bagnoitalia.com\/fr"},{"@type":"ListItem","position":2,"name":"Produits","item":"https:\/\/www.bagnoitalia.com\/fr\/shop"},{"@type":"ListItem","position":3,"name":"Canap\u00e9-lit inclinable Luciana 195x115x38 microfibre disponible en deux couleurs"}]},{"@type":"WebSite","@id":"https:\/\/www.bagnoitalia.com\/fr#website","url":"https:\/\/www.bagnoitalia.com\/fr","name":"Bagno Italia","description":"","publisher":{"@id":"https:\/\/www.bagnoitalia.com\/fr#organization"},"potentialAction":[{"@type":"SearchAction","target":{"@type":"EntryPoint","urlTemplate":"https:\/\/www.bagnoitalia.com\/fr?s={search_term_string}"},"query-input":{"@type":"PropertyValueSpecification","valueRequired":true,"valueName":"search_term_string"}}],"inLanguage":"fr-FR"},{"@type":"Organization","@id":"https:\/\/www.bagnoitalia.com\/fr#organization","name":"Bagno Italia","url":"https:\/\/www.bagnoitalia.com\/fr","logo":{"@type":"ImageObject","inLanguage":"fr-FR","@id":"https:\/\/www.bagnoitalia.com\/fr#\/schema\/logo\/image\/","url":"https:\/\/img.bagnoitalia.com\/wp-content\/uploads\/logo-bagnoitalia.webp","contentUrl":"https:\/\/img.bagnoitalia.com\/wp-content\/uploads\/logo-bagnoitalia.webp","width":400,"height":70,"caption":"Bagno Italia"},"image":{"@id":"https:\/\/www.bagnoitalia.com\/fr#\/schema\/logo\/image\/"}}]}},"_links":{"self":[{"href":"https:\/\/www.bagnoitalia.com\/fr\/wp-json\/wp\/v2\/product\/80030","targetHints":{"allow":["GET"]}}],"collection":[{"href":"https:\/\/www.bagnoitalia.com\/fr\/wp-json\/wp\/v2\/product"}],"about":[{"href":"https:\/\/www.bagnoitalia.com\/fr\/wp-json\/wp\/v2\/types\/product"}],"replies":[{"embeddable":true,"href":"https:\/\/www.bagnoitalia.com\/fr\/wp-json\/wp\/v2\/comments?post=80030"}],"version-history":[{"count":2,"href":"https:\/\/www.bagnoitalia.com\/fr\/wp-json\/wp\/v2\/product\/80030\/revisions"}],"predecessor-version":[{"id":108973,"href":"https:\/\/www.bagnoitalia.com\/fr\/wp-json\/wp\/v2\/product\/80030\/revisions\/108973"}],"wp:featuredmedia":[{"embeddable":true,"href":"https:\/\/www.bagnoitalia.com\/fr\/wp-json\/wp\/v2\/media\/31254"}],"wp:attachment":[{"href":"https:\/\/www.bagnoitalia.com\/fr\/wp-json\/wp\/v2\/media?parent=80030"}],"wp:term":[{"taxonomy":"product_brand","embeddable":true,"href":"https:\/\/www.bagnoitalia.com\/fr\/wp-json\/wp\/v2\/product_brand?post=80030"},{"taxonomy":"product_cat","embeddable":true,"href":"https:\/\/www.bagnoitalia.com\/fr\/wp-json\/wp\/v2\/product_cat?post=80030"},{"taxonomy":"product_tag","embeddable":true,"href":"https:\/\/www.bagnoitalia.com\/fr\/wp-json\/wp\/v2\/product_tag?post=80030"}],"curies":[{"name":"wp","href":"https:\/\/api.w.org\/{rel}","templated":true}]}}