{"id":80022,"date":"2016-05-12T16:49:51","date_gmt":"2016-05-12T14:49:51","guid":{"rendered":"https:\/\/www.bagnoitalia.com\/product\/baignoire-180x141-pour-deux-personnes-complet-en-option-avec-32-jets-ozonoteapia-rechauffeur-vs049"},"modified":"2025-06-13T15:03:15","modified_gmt":"2025-06-13T13:03:15","slug":"baignoire-180x141-pour-deux-personnes-complet-en-option-avec-32-jets-ozonoteapia-rechauffeur-vs049","status":"publish","type":"product","link":"https:\/\/www.bagnoitalia.com\/fr\/produit\/baignoire-180x141-pour-deux-personnes-complet-en-option-avec-32-jets-ozonoteapia-rechauffeur-vs049.html","title":{"rendered":"Baignoire 180&#215;141 pour deux personnes 32 jets Chauffage Toutes options VS049"},"content":{"rendered":"<p><strong>La baignoire \u00e0 remous 180x141x74 TOUTES OPTIONS peut \u00e9galement \u00eatre install\u00e9e encastr\u00e9e en retirant les panneaux lat\u00e9raux<\/strong><\/p>\n<table style=\"width: 775px;\" border=\"3\" frame=\"ABOVE\" cellspacing=\"0\" cellpadding=\"7\">\n<colgroup>\n<col width=\"340\" \/>\n<col width=\"407\" \/><\/colgroup>\n<tbody>\n<tr valign=\"TOP\">\n<td style=\"width: 340px;\" bgcolor=\"#f2f2f2\"><span style=\"font-size: 8pt; font-family: arial, helvetica, sans-serif;\">DIMENSIONS<\/span><\/p>\n<p>mesures avec l&#8217;emballage<\/td>\n<td style=\"width: 407px;\" bgcolor=\"#f2f2f2\"><span style=\"font-size: 8pt; font-family: arial, helvetica, sans-serif;\">1800 X 1415 X 740 mm<\/span><\/p>\n<p>154x195x87 cm<\/td>\n<\/tr>\n<tr valign=\"TOP\">\n<td style=\"width: 340px;\" bgcolor=\"#cccccc\"><span style=\"font-size: 8pt; font-family: arial, helvetica, sans-serif;\">MAT\u00c9RIEL<\/span><\/td>\n<td style=\"width: 407px;\" bgcolor=\"#cccccc\"><span style=\"font-size: 8pt; font-family: arial, helvetica, sans-serif;\">acrylique, cadre en acier<\/span><\/td>\n<\/tr>\n<tr valign=\"TOP\">\n<td style=\"width: 340px;\" bgcolor=\"#cccccc\"><span style=\"font-size: 8pt; font-family: arial, helvetica, sans-serif;\">PANNEAU LAT\u00c9RAUX<\/span><\/td>\n<td style=\"width: 407px;\" bgcolor=\"#cccccc\"><span style=\"font-size: 8pt; font-family: arial, helvetica, sans-serif;\">3<\/span><\/td>\n<\/tr>\n<tr valign=\"TOP\">\n<td style=\"width: 340px;\" bgcolor=\"#f2f2f2\"><span style=\"font-size: 8pt; font-family: arial, helvetica, sans-serif;\">POMPE \u00c0 EAU (2 HP)<\/span><\/td>\n<td style=\"width: 407px;\" bgcolor=\"#f2f2f2\"><span style=\"font-size: 8pt; font-family: arial, helvetica, sans-serif;\">1<\/span><\/td>\n<\/tr>\n<tr valign=\"TOP\">\n<td style=\"width: 340px;\" bgcolor=\"#f2f2f2\"><span style=\"font-size: 8pt; font-family: arial, helvetica, sans-serif;\">POMPE \u00c0 AIR<br \/>\n<\/span><\/td>\n<td style=\"width: 407px;\" bgcolor=\"#f2f2f2\"><span style=\"font-size: 8pt; font-family: arial, helvetica, sans-serif;\">1<\/span><\/td>\n<\/tr>\n<tr valign=\"TOP\">\n<td style=\"width: 340px;\" bgcolor=\"#f2f2f2\"><span style=\"font-size: 8pt; font-family: arial, helvetica, sans-serif;\">CHAUFFAGE<\/span><\/td>\n<td style=\"width: 407px;\" bgcolor=\"#f2f2f2\"><span style=\"font-size: 8pt; font-family: arial, helvetica, sans-serif;\">1<\/span><\/td>\n<\/tr>\n<tr valign=\"TOP\">\n<td style=\"width: 340px;\" bgcolor=\"#f2f2f2\"><\/td>\n<td style=\"width: 407px;\" bgcolor=\"#f2f2f2\"><\/td>\n<\/tr>\n<tr valign=\"TOP\">\n<td style=\"width: 340px;\" bgcolor=\"#cccccc\"><span style=\"font-size: 8pt; font-family: arial, helvetica, sans-serif;\">ROBINETS THERMOSTATIQUES<\/span><\/td>\n<td style=\"width: 407px;\" bgcolor=\"#cccccc\"><span style=\"font-size: 8pt; font-family: arial, helvetica, sans-serif;\">Y COMPRIS<\/span><\/td>\n<\/tr>\n<tr valign=\"TOP\">\n<td style=\"width: 340px;\" bgcolor=\"#f2f2f2\">\n<p lang=\"en-US\"><span style=\"font-size: 8pt; font-family: arial, helvetica, sans-serif;\">REGULATEUR DE D\u00c9BIT D&rsquo;AIR<\/span><\/p>\n<\/td>\n<td style=\"width: 407px;\" bgcolor=\"#f2f2f2\">\n<p lang=\"en-US\"><span style=\"font-size: 8pt; font-family: arial, helvetica, sans-serif;\">1<\/span><\/p>\n<\/td>\n<\/tr>\n<tr valign=\"TOP\">\n<td style=\"width: 340px;\" bgcolor=\"#cccccc\"><span style=\"font-size: 8pt; font-family: arial, helvetica, sans-serif;\">\u00c9CLAIRAGE LED SOUS L&rsquo;EAU POUR CHROMOTH\u00c9RAPIE\u00a0<\/span><\/td>\n<td style=\"width: 407px;\" bgcolor=\"#cccccc\"><span style=\"font-size: 8pt; font-family: arial, helvetica, sans-serif;\">1<\/span><\/td>\n<\/tr>\n<tr valign=\"TOP\">\n<td style=\"width: 340px;\" bgcolor=\"#f2f2f2\"><span style=\"font-size: 8pt; font-family: arial, helvetica, sans-serif;\">RADIO<\/span><\/td>\n<td style=\"width: 407px;\" bgcolor=\"#f2f2f2\"><span style=\"font-size: 8pt; font-family: arial, helvetica, sans-serif;\">1<\/span><\/td>\n<\/tr>\n<tr valign=\"TOP\">\n<td style=\"width: 340px;\" bgcolor=\"#cccccc\"><span style=\"font-size: 8pt; font-family: arial, helvetica, sans-serif;\">HAUT-PARLEURS<\/span><\/td>\n<td style=\"width: 407px;\" bgcolor=\"#cccccc\"><span style=\"font-size: 8pt; font-family: arial, helvetica, sans-serif;\">1<\/span><\/td>\n<\/tr>\n<tr valign=\"TOP\">\n<td style=\"width: 340px;\" bgcolor=\"#f2f2f2\"><span style=\"font-size: 8pt; font-family: arial, helvetica, sans-serif;\">GRANDS JETS R\u00c9GLABLES<\/span><\/td>\n<td style=\"width: 407px;\" bgcolor=\"#f2f2f2\"><span style=\"font-size: 8pt; font-family: arial, helvetica, sans-serif;\">6<\/span><\/td>\n<\/tr>\n<tr valign=\"TOP\">\n<td style=\"width: 340px;\" bgcolor=\"#cccccc\"><span style=\"font-size: 8pt; font-family: arial, helvetica, sans-serif;\">PETITS JETS\u00a0<\/span><\/td>\n<td style=\"width: 407px;\" bgcolor=\"#cccccc\"><span style=\"font-size: 8pt; font-family: arial, helvetica, sans-serif;\">10<\/span><\/td>\n<\/tr>\n<tr valign=\"TOP\">\n<td style=\"width: 340px;\" bgcolor=\"#cccccc\"><span style=\"font-size: 8pt; font-family: arial, helvetica, sans-serif;\">JETS \u00c0 AIR<\/span><\/td>\n<td style=\"width: 407px;\" bgcolor=\"#cccccc\"><span style=\"font-size: 8pt; font-family: arial, helvetica, sans-serif;\">16<\/span><\/td>\n<\/tr>\n<tr valign=\"TOP\">\n<td style=\"width: 340px;\" bgcolor=\"#f2f2f2\">\n<p style=\"margin-bottom: 0cm;\"><span style=\"font-size: 8pt; font-family: arial, helvetica, sans-serif;\">JET\u00a0\u00c0\u00a0CASCADE<\/span><\/p>\n<p><span style=\"font-size: 8pt; font-family: arial, helvetica, sans-serif;\">SI\u00c8GES<\/span><\/td>\n<td style=\"width: 407px;\" bgcolor=\"#f2f2f2\">\n<p style=\"margin-bottom: 0cm;\"><span style=\"font-size: 8pt; font-family: arial, helvetica, sans-serif;\">1<\/span><\/p>\n<p><span style=\"font-size: 8pt; font-family: arial, helvetica, sans-serif;\">2<\/span><\/td>\n<\/tr>\n<tr valign=\"TOP\">\n<td style=\"width: 340px;\" bgcolor=\"#cccccc\"><span style=\"font-size: 8pt; font-family: arial, helvetica, sans-serif;\">APPUIE- \u00caTE EN PVC<\/span><\/td>\n<td style=\"width: 407px;\" bgcolor=\"#cccccc\"><span style=\"font-size: 8pt; font-family: arial, helvetica, sans-serif;\">2<\/span><\/td>\n<\/tr>\n<tr valign=\"TOP\">\n<td style=\"width: 340px;\" bgcolor=\"#cccccc\"><span style=\"font-size: 8pt; font-family: arial, helvetica, sans-serif;\">CERTIFICATION<\/span><\/td>\n<td style=\"width: 407px;\" bgcolor=\"#cccccc\"><span style=\"font-size: 8pt; font-family: arial, helvetica, sans-serif;\"><span lang=\"fr-FR\">CE, TUV, ISO9001<\/span><\/span><\/td>\n<\/tr>\n<tr valign=\"TOP\">\n<td style=\"width: 340px;\" bgcolor=\"#f2f2f2\"><span style=\"font-size: 8pt; font-family: arial, helvetica, sans-serif;\"><span style=\"font-size: 8pt; font-family: arial, helvetica, sans-serif;\">DUR\u00c9E DE\u00a0<span style=\"font-size: 8pt; font-family: arial, helvetica, sans-serif;\">GARANTIE\u00a0<span style=\"font-size: 8pt; font-family: arial, helvetica, sans-serif;\"><br \/>\n<\/span><\/span><\/span><\/span><\/td>\n<td style=\"width: 407px;\" bgcolor=\"#f2f2f2\"><span style=\"font-size: 8pt; font-family: arial, helvetica, sans-serif;\">2 ANS<\/span><\/td>\n<\/tr>\n<\/tbody>\n<\/table>\n","protected":false},"excerpt":{"rendered":"<p>La baignoire \u00e0 remou 180&#215;141 toutes options, existe en version \u00e0 encastrer .<\/p>\n","protected":false},"featured_media":31118,"comment_status":"open","ping_status":"closed","template":"","meta":[],"product_brand":[9909],"product_cat":[9707,9743],"product_tag":[],"class_list":{"0":"post-80022","1":"product","2":"type-product","3":"status-publish","4":"has-post-thumbnail","6":"product_brand-puntorelax-fr","7":"product_cat-baignoire-balneo","8":"product_cat-piscines-d-39-hydromassage","10":"first","11":"instock","12":"sale","13":"taxable","14":"shipping-taxable","15":"purchasable","16":"product-type-simple"},"exclude_global_add_ons":[],"addons":[],"yoast_head":"<!-- This site is optimized with the Yoast SEO plugin v26.7 - https:\/\/yoast.com\/wordpress\/plugins\/seo\/ -->\n<title>Baignoire 180x141 pour deux personnes 32 jets Ozonoth\u00e9rapie Chauffage Toutes options VS049<\/title>\n<meta name=\"robots\" content=\"index, follow, max-snippet:-1, max-image-preview:large, max-video-preview:-1\" \/>\n<link rel=\"canonical\" href=\"https:\/\/www.bagnoitalia.com\/fr\/produit\/baignoire-180x141-pour-deux-personnes-complet-en-option-avec-32-jets-ozonoteapia-rechauffeur-vs049.html\" \/>\n<meta property=\"og:locale\" content=\"fr_FR\" \/>\n<meta property=\"og:type\" content=\"article\" \/>\n<meta property=\"og:title\" content=\"Baignoire 180x141 pour deux personnes 32 jets Ozonoth\u00e9rapie Chauffage Toutes options VS049\" \/>\n<meta property=\"og:description\" content=\"La baignoire \u00e0 remou 180x141 toutes options, existe en version \u00e0 encastrer .\" \/>\n<meta property=\"og:url\" content=\"https:\/\/www.bagnoitalia.com\/fr\/produit\/baignoire-180x141-pour-deux-personnes-complet-en-option-avec-32-jets-ozonoteapia-rechauffeur-vs049.html\" \/>\n<meta property=\"og:site_name\" content=\"Bagno Italia\" \/>\n<meta property=\"article:modified_time\" content=\"2025-06-13T13:03:15+00:00\" \/>\n<meta property=\"og:image\" content=\"https:\/\/img.bagnoitalia.com\/wp-content\/uploads\/virtuemart\/product\/Two-persons-Jacuzzi-180x141-1_1541784792_6691.jpg\" \/>\n\t<meta property=\"og:image:width\" content=\"699\" \/>\n\t<meta property=\"og:image:height\" content=\"700\" \/>\n\t<meta property=\"og:image:type\" content=\"image\/jpeg\" \/>\n<meta name=\"twitter:card\" content=\"summary_large_image\" \/>\n<meta name=\"twitter:label1\" content=\"Dur\u00e9e de lecture estim\u00e9e\" \/>\n\t<meta name=\"twitter:data1\" content=\"1 minute\" \/>\n<script type=\"application\/ld+json\" class=\"yoast-schema-graph\">{\"@context\":\"https:\/\/schema.org\",\"@graph\":[{\"@type\":\"WebPage\",\"@id\":\"https:\/\/www.bagnoitalia.com\/fr\/produit\/baignoire-180x141-pour-deux-personnes-complet-en-option-avec-32-jets-ozonoteapia-rechauffeur-vs049.html\",\"url\":\"https:\/\/www.bagnoitalia.com\/fr\/produit\/baignoire-180x141-pour-deux-personnes-complet-en-option-avec-32-jets-ozonoteapia-rechauffeur-vs049.html\",\"name\":\"Baignoire 180x141 pour deux personnes 32 jets Ozonoth\u00e9rapie Chauffage Toutes options VS049\",\"isPartOf\":{\"@id\":\"https:\/\/www.bagnoitalia.com\/fr#website\"},\"primaryImageOfPage\":{\"@id\":\"https:\/\/www.bagnoitalia.com\/fr\/produit\/baignoire-180x141-pour-deux-personnes-complet-en-option-avec-32-jets-ozonoteapia-rechauffeur-vs049.html#primaryimage\"},\"image\":{\"@id\":\"https:\/\/www.bagnoitalia.com\/fr\/produit\/baignoire-180x141-pour-deux-personnes-complet-en-option-avec-32-jets-ozonoteapia-rechauffeur-vs049.html#primaryimage\"},\"thumbnailUrl\":\"https:\/\/img.bagnoitalia.com\/wp-content\/uploads\/virtuemart\/product\/Two-persons-Jacuzzi-180x141-1_1541784792_6691.jpg\",\"datePublished\":\"2016-05-12T14:49:51+00:00\",\"dateModified\":\"2025-06-13T13:03:15+00:00\",\"breadcrumb\":{\"@id\":\"https:\/\/www.bagnoitalia.com\/fr\/produit\/baignoire-180x141-pour-deux-personnes-complet-en-option-avec-32-jets-ozonoteapia-rechauffeur-vs049.html#breadcrumb\"},\"inLanguage\":\"fr-FR\",\"potentialAction\":[{\"@type\":\"ReadAction\",\"target\":[\"https:\/\/www.bagnoitalia.com\/fr\/produit\/baignoire-180x141-pour-deux-personnes-complet-en-option-avec-32-jets-ozonoteapia-rechauffeur-vs049.html\"]}]},{\"@type\":\"ImageObject\",\"inLanguage\":\"fr-FR\",\"@id\":\"https:\/\/www.bagnoitalia.com\/fr\/produit\/baignoire-180x141-pour-deux-personnes-complet-en-option-avec-32-jets-ozonoteapia-rechauffeur-vs049.html#primaryimage\",\"url\":\"https:\/\/img.bagnoitalia.com\/wp-content\/uploads\/virtuemart\/product\/Two-persons-Jacuzzi-180x141-1_1541784792_6691.jpg\",\"contentUrl\":\"https:\/\/img.bagnoitalia.com\/wp-content\/uploads\/virtuemart\/product\/Two-persons-Jacuzzi-180x141-1_1541784792_6691.jpg\",\"width\":699,\"height\":700},{\"@type\":\"BreadcrumbList\",\"@id\":\"https:\/\/www.bagnoitalia.com\/fr\/produit\/baignoire-180x141-pour-deux-personnes-complet-en-option-avec-32-jets-ozonoteapia-rechauffeur-vs049.html#breadcrumb\",\"itemListElement\":[{\"@type\":\"ListItem\",\"position\":1,\"name\":\"Home\",\"item\":\"https:\/\/www.bagnoitalia.com\/fr\"},{\"@type\":\"ListItem\",\"position\":2,\"name\":\"Produits\",\"item\":\"https:\/\/www.bagnoitalia.com\/fr\/shop\"},{\"@type\":\"ListItem\",\"position\":3,\"name\":\"Baignoire 180&#215;141 pour deux personnes 32 jets Chauffage Toutes options VS049\"}]},{\"@type\":\"WebSite\",\"@id\":\"https:\/\/www.bagnoitalia.com\/fr#website\",\"url\":\"https:\/\/www.bagnoitalia.com\/fr\",\"name\":\"Bagno Italia\",\"description\":\"\",\"publisher\":{\"@id\":\"https:\/\/www.bagnoitalia.com\/fr#organization\"},\"potentialAction\":[{\"@type\":\"SearchAction\",\"target\":{\"@type\":\"EntryPoint\",\"urlTemplate\":\"https:\/\/www.bagnoitalia.com\/fr?s={search_term_string}\"},\"query-input\":{\"@type\":\"PropertyValueSpecification\",\"valueRequired\":true,\"valueName\":\"search_term_string\"}}],\"inLanguage\":\"fr-FR\"},{\"@type\":\"Organization\",\"@id\":\"https:\/\/www.bagnoitalia.com\/fr#organization\",\"name\":\"Bagno Italia\",\"url\":\"https:\/\/www.bagnoitalia.com\/fr\",\"logo\":{\"@type\":\"ImageObject\",\"inLanguage\":\"fr-FR\",\"@id\":\"https:\/\/www.bagnoitalia.com\/fr#\/schema\/logo\/image\/\",\"url\":\"https:\/\/img.bagnoitalia.com\/wp-content\/uploads\/logo-bagnoitalia.webp\",\"contentUrl\":\"https:\/\/img.bagnoitalia.com\/wp-content\/uploads\/logo-bagnoitalia.webp\",\"width\":400,\"height\":70,\"caption\":\"Bagno Italia\"},\"image\":{\"@id\":\"https:\/\/www.bagnoitalia.com\/fr#\/schema\/logo\/image\/\"}}]}<\/script>\n<!-- \/ Yoast SEO plugin. -->","yoast_head_json":{"title":"Baignoire 180x141 pour deux personnes 32 jets Ozonoth\u00e9rapie Chauffage Toutes options VS049","robots":{"index":"index","follow":"follow","max-snippet":"max-snippet:-1","max-image-preview":"max-image-preview:large","max-video-preview":"max-video-preview:-1"},"canonical":"https:\/\/www.bagnoitalia.com\/fr\/produit\/baignoire-180x141-pour-deux-personnes-complet-en-option-avec-32-jets-ozonoteapia-rechauffeur-vs049.html","og_locale":"fr_FR","og_type":"article","og_title":"Baignoire 180x141 pour deux personnes 32 jets Ozonoth\u00e9rapie Chauffage Toutes options VS049","og_description":"La baignoire \u00e0 remou 180x141 toutes options, existe en version \u00e0 encastrer .","og_url":"https:\/\/www.bagnoitalia.com\/fr\/produit\/baignoire-180x141-pour-deux-personnes-complet-en-option-avec-32-jets-ozonoteapia-rechauffeur-vs049.html","og_site_name":"Bagno Italia","article_modified_time":"2025-06-13T13:03:15+00:00","og_image":[{"width":699,"height":700,"url":"https:\/\/img.bagnoitalia.com\/wp-content\/uploads\/virtuemart\/product\/Two-persons-Jacuzzi-180x141-1_1541784792_6691.jpg","type":"image\/jpeg"}],"twitter_card":"summary_large_image","twitter_misc":{"Dur\u00e9e de lecture estim\u00e9e":"1 minute"},"schema":{"@context":"https:\/\/schema.org","@graph":[{"@type":"WebPage","@id":"https:\/\/www.bagnoitalia.com\/fr\/produit\/baignoire-180x141-pour-deux-personnes-complet-en-option-avec-32-jets-ozonoteapia-rechauffeur-vs049.html","url":"https:\/\/www.bagnoitalia.com\/fr\/produit\/baignoire-180x141-pour-deux-personnes-complet-en-option-avec-32-jets-ozonoteapia-rechauffeur-vs049.html","name":"Baignoire 180x141 pour deux personnes 32 jets Ozonoth\u00e9rapie Chauffage Toutes options VS049","isPartOf":{"@id":"https:\/\/www.bagnoitalia.com\/fr#website"},"primaryImageOfPage":{"@id":"https:\/\/www.bagnoitalia.com\/fr\/produit\/baignoire-180x141-pour-deux-personnes-complet-en-option-avec-32-jets-ozonoteapia-rechauffeur-vs049.html#primaryimage"},"image":{"@id":"https:\/\/www.bagnoitalia.com\/fr\/produit\/baignoire-180x141-pour-deux-personnes-complet-en-option-avec-32-jets-ozonoteapia-rechauffeur-vs049.html#primaryimage"},"thumbnailUrl":"https:\/\/img.bagnoitalia.com\/wp-content\/uploads\/virtuemart\/product\/Two-persons-Jacuzzi-180x141-1_1541784792_6691.jpg","datePublished":"2016-05-12T14:49:51+00:00","dateModified":"2025-06-13T13:03:15+00:00","breadcrumb":{"@id":"https:\/\/www.bagnoitalia.com\/fr\/produit\/baignoire-180x141-pour-deux-personnes-complet-en-option-avec-32-jets-ozonoteapia-rechauffeur-vs049.html#breadcrumb"},"inLanguage":"fr-FR","potentialAction":[{"@type":"ReadAction","target":["https:\/\/www.bagnoitalia.com\/fr\/produit\/baignoire-180x141-pour-deux-personnes-complet-en-option-avec-32-jets-ozonoteapia-rechauffeur-vs049.html"]}]},{"@type":"ImageObject","inLanguage":"fr-FR","@id":"https:\/\/www.bagnoitalia.com\/fr\/produit\/baignoire-180x141-pour-deux-personnes-complet-en-option-avec-32-jets-ozonoteapia-rechauffeur-vs049.html#primaryimage","url":"https:\/\/img.bagnoitalia.com\/wp-content\/uploads\/virtuemart\/product\/Two-persons-Jacuzzi-180x141-1_1541784792_6691.jpg","contentUrl":"https:\/\/img.bagnoitalia.com\/wp-content\/uploads\/virtuemart\/product\/Two-persons-Jacuzzi-180x141-1_1541784792_6691.jpg","width":699,"height":700},{"@type":"BreadcrumbList","@id":"https:\/\/www.bagnoitalia.com\/fr\/produit\/baignoire-180x141-pour-deux-personnes-complet-en-option-avec-32-jets-ozonoteapia-rechauffeur-vs049.html#breadcrumb","itemListElement":[{"@type":"ListItem","position":1,"name":"Home","item":"https:\/\/www.bagnoitalia.com\/fr"},{"@type":"ListItem","position":2,"name":"Produits","item":"https:\/\/www.bagnoitalia.com\/fr\/shop"},{"@type":"ListItem","position":3,"name":"Baignoire 180&#215;141 pour deux personnes 32 jets Chauffage Toutes options VS049"}]},{"@type":"WebSite","@id":"https:\/\/www.bagnoitalia.com\/fr#website","url":"https:\/\/www.bagnoitalia.com\/fr","name":"Bagno Italia","description":"","publisher":{"@id":"https:\/\/www.bagnoitalia.com\/fr#organization"},"potentialAction":[{"@type":"SearchAction","target":{"@type":"EntryPoint","urlTemplate":"https:\/\/www.bagnoitalia.com\/fr?s={search_term_string}"},"query-input":{"@type":"PropertyValueSpecification","valueRequired":true,"valueName":"search_term_string"}}],"inLanguage":"fr-FR"},{"@type":"Organization","@id":"https:\/\/www.bagnoitalia.com\/fr#organization","name":"Bagno Italia","url":"https:\/\/www.bagnoitalia.com\/fr","logo":{"@type":"ImageObject","inLanguage":"fr-FR","@id":"https:\/\/www.bagnoitalia.com\/fr#\/schema\/logo\/image\/","url":"https:\/\/img.bagnoitalia.com\/wp-content\/uploads\/logo-bagnoitalia.webp","contentUrl":"https:\/\/img.bagnoitalia.com\/wp-content\/uploads\/logo-bagnoitalia.webp","width":400,"height":70,"caption":"Bagno Italia"},"image":{"@id":"https:\/\/www.bagnoitalia.com\/fr#\/schema\/logo\/image\/"}}]}},"_links":{"self":[{"href":"https:\/\/www.bagnoitalia.com\/fr\/wp-json\/wp\/v2\/product\/80022","targetHints":{"allow":["GET"]}}],"collection":[{"href":"https:\/\/www.bagnoitalia.com\/fr\/wp-json\/wp\/v2\/product"}],"about":[{"href":"https:\/\/www.bagnoitalia.com\/fr\/wp-json\/wp\/v2\/types\/product"}],"replies":[{"embeddable":true,"href":"https:\/\/www.bagnoitalia.com\/fr\/wp-json\/wp\/v2\/comments?post=80022"}],"version-history":[{"count":2,"href":"https:\/\/www.bagnoitalia.com\/fr\/wp-json\/wp\/v2\/product\/80022\/revisions"}],"predecessor-version":[{"id":109031,"href":"https:\/\/www.bagnoitalia.com\/fr\/wp-json\/wp\/v2\/product\/80022\/revisions\/109031"}],"wp:featuredmedia":[{"embeddable":true,"href":"https:\/\/www.bagnoitalia.com\/fr\/wp-json\/wp\/v2\/media\/31118"}],"wp:attachment":[{"href":"https:\/\/www.bagnoitalia.com\/fr\/wp-json\/wp\/v2\/media?parent=80022"}],"wp:term":[{"taxonomy":"product_brand","embeddable":true,"href":"https:\/\/www.bagnoitalia.com\/fr\/wp-json\/wp\/v2\/product_brand?post=80022"},{"taxonomy":"product_cat","embeddable":true,"href":"https:\/\/www.bagnoitalia.com\/fr\/wp-json\/wp\/v2\/product_cat?post=80022"},{"taxonomy":"product_tag","embeddable":true,"href":"https:\/\/www.bagnoitalia.com\/fr\/wp-json\/wp\/v2\/product_tag?post=80022"}],"curies":[{"name":"wp","href":"https:\/\/api.w.org\/{rel}","templated":true}]}}