{"id":80010,"date":"2016-05-11T13:15:33","date_gmt":"2016-05-11T11:15:33","guid":{"rendered":"https:\/\/www.bagnoitalia.com\/product\/eleonora-canape-lit-192x87-blanc-simili-cuir-3-places"},"modified":"2025-06-09T11:52:14","modified_gmt":"2025-06-09T09:52:14","slug":"eleonora-canape-lit-192x87-blanc-simili-cuir-3-places","status":"publish","type":"product","link":"https:\/\/www.bagnoitalia.com\/fr\/produit\/eleonora-canape-lit-192x87-blanc-simili-cuir-3-places.html","title":{"rendered":"Canap\u00e9 lit Eleonora 192&#215;87 blanc simili cuir 3 places"},"content":{"rendered":"<h1 class=\"western\" style=\"margin-top: 0cm; margin-bottom: 0cm;\"><span style=\"font-size: 12pt;\"><strong><span style=\"text-decoration: underline;\">Canap\u00e9-lit mod\u00e8le Eleonora 192&#215;87 cm<\/span><\/strong><\/span><\/h1>\n<ul>\n<li class=\"western\" style=\"margin-top: 0cm; margin-bottom: 0cm;\"><span style=\"font-size: 10pt;\"><strong><span style=\"font-weight: normal;\">Lit double avec syst\u00e8me anti-basculement<\/span><\/strong><\/span><\/li>\n<li class=\"western\" style=\"margin-top: 0cm; margin-bottom: 0cm;\"><span style=\"font-size: 10pt;\"><strong><span style=\"font-weight: normal;\">Canap\u00e9 en simili cuir noir ou blanc 3 places<br \/>\n<\/span><\/strong><\/span><\/li>\n<li class=\"western\" style=\"margin-top: 0cm; margin-bottom: 0cm;\"><span style=\"font-size: 10pt;\"><strong><span style=\"font-weight: normal;\">Canap\u00e9 inclinable convertible en lit de 116 cm<\/span><\/strong><\/span><\/li>\n<li class=\"western\" style=\"margin-top: 0cm; margin-bottom: 0cm;\"><span style=\"font-size: 10pt;\"><strong><span style=\"font-weight: normal;\">Dimensions du canap\u00e9: 192 cm x 87 cm<\/span><\/strong><\/span><\/li>\n<li class=\"western\" style=\"margin-top: 0cm; margin-bottom: 0cm;\"><span style=\"font-size: 10pt;\"><strong><span style=\"font-weight: normal;\">Dimensions du lit ouvert: 92 x 116 x 43 cm<\/span><\/strong><\/span><\/li>\n<\/ul>\n<h1 class=\"western\" style=\"margin-top: 0cm; margin-bottom: 0cm; font-weight: normal;\"><span style=\"text-decoration: underline; font-size: 12pt;\"><strong>Caract\u00e9ristiques sp\u00e9cifiques:<\/strong><\/span><\/h1>\n<ul>\n<li class=\"western\" style=\"margin-top: 0cm; margin-bottom: 0cm;\"><span style=\"font-size: 10pt;\"><strong><span style=\"font-weight: normal;\">R\u00e9sistant \u00e0 l&rsquo;usure<\/span><\/strong><\/span><\/li>\n<li class=\"western\" style=\"margin-top: 0cm; margin-bottom: 0cm;\"><span style=\"font-size: 10pt;\"><strong><span style=\"font-weight: normal;\">Nettoyage facile<\/span><\/strong><\/span><\/li>\n<li class=\"western\" style=\"margin-top: 0cm; margin-bottom: 0cm;\"><span style=\"font-size: 10pt;\"><strong><span style=\"font-weight: normal;\">Fini \u00e0 la main<\/span><\/strong><\/span><\/li>\n<li class=\"western\" style=\"margin-top: 0cm; margin-bottom: 0cm;\"><span style=\"font-size: 10pt;\"><strong><span style=\"font-weight: normal;\">Canap\u00e9 en similicuir<\/span><\/strong><\/span><\/li>\n<li class=\"western\" style=\"margin-top: 0cm; margin-bottom: 0cm;\"><span style=\"font-size: 10pt;\"><strong><span style=\"font-weight: normal;\">Coussins \u00e9paissis<\/span><\/strong><\/span><\/li>\n<li class=\"western\" style=\"margin-top: 0cm; margin-bottom: 0cm;\"><span style=\"font-size: 10pt;\"><strong><span style=\"font-weight: normal;\">Ch\u00e2ssis renforc\u00e9 en h\u00eatre massif recouvert d&rsquo;une couche de polyur\u00e9thane<\/span><\/strong><\/span><\/li>\n<\/ul>\n","protected":false},"excerpt":{"rendered":"<p>Le canap\u00e9-lit mod\u00e8le Eleonora mesure 192&#215;87 cm est disponible en simili cuir blanc ou noir, 3 places<\/p>\n","protected":false},"featured_media":30970,"comment_status":"open","ping_status":"closed","template":"","meta":[],"product_brand":[9924],"product_cat":[9795],"product_tag":[],"class_list":{"0":"post-80010","1":"product","2":"type-product","3":"status-publish","4":"has-post-thumbnail","6":"product_brand-predator-arredo-casa-fr","7":"product_cat-canape-lit","9":"first","10":"instock","11":"sale","12":"taxable","13":"shipping-taxable","14":"purchasable","15":"product-type-simple"},"exclude_global_add_ons":false,"addons":[{"name":"couleur","type":"multiple_choice","position":0,"required":true,"title_format":"heading","default":"","description_enable":false,"description":"","placeholder_enable":false,"placeholder":"","display":"select","restrictions_type":"any_text","adjust_price":false,"price":"","price_type":"flat_fee","restrictions":false,"min":"0","max":"0","options":[{"label":"blanc","price":"","price_type":"quantity_based","image":0,"visibility":true},{"label":"noir","price":"","price_type":"quantity_based","image":0,"visibility":true}],"id":1718712417}],"yoast_head":"<!-- This site is optimized with the Yoast SEO plugin v26.7 - https:\/\/yoast.com\/wordpress\/plugins\/seo\/ -->\n<title>Canap\u00e9 lit Eleonora 192x87 blanc simili cuir 3 places<\/title>\n<meta name=\"description\" content=\"Le canap\u00e9-lit mod\u00e8le Eleonora mesure 192x87 et est disponible en blanc et noir en \u00e9co-cuir 3 places\" \/>\n<meta name=\"robots\" content=\"index, follow, max-snippet:-1, max-image-preview:large, max-video-preview:-1\" \/>\n<link rel=\"canonical\" href=\"https:\/\/www.bagnoitalia.com\/fr\/produit\/eleonora-canape-lit-192x87-blanc-simili-cuir-3-places.html\" \/>\n<meta property=\"og:locale\" content=\"fr_FR\" \/>\n<meta property=\"og:type\" content=\"article\" \/>\n<meta property=\"og:title\" content=\"Canap\u00e9 lit Eleonora 192x87 blanc simili cuir 3 places\" \/>\n<meta property=\"og:description\" content=\"Le canap\u00e9-lit mod\u00e8le Eleonora mesure 192x87 et est disponible en blanc et noir en \u00e9co-cuir 3 places\" \/>\n<meta property=\"og:url\" content=\"https:\/\/www.bagnoitalia.com\/fr\/produit\/eleonora-canape-lit-192x87-blanc-simili-cuir-3-places.html\" \/>\n<meta property=\"og:site_name\" content=\"Bagno Italia\" \/>\n<meta property=\"article:modified_time\" content=\"2025-06-09T09:52:14+00:00\" \/>\n<meta property=\"og:image\" content=\"https:\/\/img.bagnoitalia.com\/wp-content\/uploads\/virtuemart\/product\/3-seater-sofa-bed-Eleonora-1_1541774527_852.jpg\" \/>\n\t<meta property=\"og:image:width\" content=\"954\" \/>\n\t<meta property=\"og:image:height\" content=\"952\" \/>\n\t<meta property=\"og:image:type\" content=\"image\/jpeg\" \/>\n<meta name=\"twitter:card\" content=\"summary_large_image\" \/>\n<meta name=\"twitter:label1\" content=\"Dur\u00e9e de lecture estim\u00e9e\" \/>\n\t<meta name=\"twitter:data1\" content=\"1 minute\" \/>\n<script type=\"application\/ld+json\" class=\"yoast-schema-graph\">{\"@context\":\"https:\/\/schema.org\",\"@graph\":[{\"@type\":\"WebPage\",\"@id\":\"https:\/\/www.bagnoitalia.com\/fr\/produit\/eleonora-canape-lit-192x87-blanc-simili-cuir-3-places.html\",\"url\":\"https:\/\/www.bagnoitalia.com\/fr\/produit\/eleonora-canape-lit-192x87-blanc-simili-cuir-3-places.html\",\"name\":\"Canap\u00e9 lit Eleonora 192x87 blanc simili cuir 3 places\",\"isPartOf\":{\"@id\":\"https:\/\/www.bagnoitalia.com\/fr#website\"},\"primaryImageOfPage\":{\"@id\":\"https:\/\/www.bagnoitalia.com\/fr\/produit\/eleonora-canape-lit-192x87-blanc-simili-cuir-3-places.html#primaryimage\"},\"image\":{\"@id\":\"https:\/\/www.bagnoitalia.com\/fr\/produit\/eleonora-canape-lit-192x87-blanc-simili-cuir-3-places.html#primaryimage\"},\"thumbnailUrl\":\"https:\/\/img.bagnoitalia.com\/wp-content\/uploads\/virtuemart\/product\/3-seater-sofa-bed-Eleonora-1_1541774527_852.jpg\",\"datePublished\":\"2016-05-11T11:15:33+00:00\",\"dateModified\":\"2025-06-09T09:52:14+00:00\",\"description\":\"Le canap\u00e9-lit mod\u00e8le Eleonora mesure 192x87 et est disponible en blanc et noir en \u00e9co-cuir 3 places\",\"breadcrumb\":{\"@id\":\"https:\/\/www.bagnoitalia.com\/fr\/produit\/eleonora-canape-lit-192x87-blanc-simili-cuir-3-places.html#breadcrumb\"},\"inLanguage\":\"fr-FR\",\"potentialAction\":[{\"@type\":\"ReadAction\",\"target\":[\"https:\/\/www.bagnoitalia.com\/fr\/produit\/eleonora-canape-lit-192x87-blanc-simili-cuir-3-places.html\"]}]},{\"@type\":\"ImageObject\",\"inLanguage\":\"fr-FR\",\"@id\":\"https:\/\/www.bagnoitalia.com\/fr\/produit\/eleonora-canape-lit-192x87-blanc-simili-cuir-3-places.html#primaryimage\",\"url\":\"https:\/\/img.bagnoitalia.com\/wp-content\/uploads\/virtuemart\/product\/3-seater-sofa-bed-Eleonora-1_1541774527_852.jpg\",\"contentUrl\":\"https:\/\/img.bagnoitalia.com\/wp-content\/uploads\/virtuemart\/product\/3-seater-sofa-bed-Eleonora-1_1541774527_852.jpg\",\"width\":954,\"height\":952},{\"@type\":\"BreadcrumbList\",\"@id\":\"https:\/\/www.bagnoitalia.com\/fr\/produit\/eleonora-canape-lit-192x87-blanc-simili-cuir-3-places.html#breadcrumb\",\"itemListElement\":[{\"@type\":\"ListItem\",\"position\":1,\"name\":\"Home\",\"item\":\"https:\/\/www.bagnoitalia.com\/fr\"},{\"@type\":\"ListItem\",\"position\":2,\"name\":\"Produits\",\"item\":\"https:\/\/www.bagnoitalia.com\/fr\/shop\"},{\"@type\":\"ListItem\",\"position\":3,\"name\":\"Canap\u00e9 lit Eleonora 192&#215;87 blanc simili cuir 3 places\"}]},{\"@type\":\"WebSite\",\"@id\":\"https:\/\/www.bagnoitalia.com\/fr#website\",\"url\":\"https:\/\/www.bagnoitalia.com\/fr\",\"name\":\"Bagno Italia\",\"description\":\"\",\"publisher\":{\"@id\":\"https:\/\/www.bagnoitalia.com\/fr#organization\"},\"potentialAction\":[{\"@type\":\"SearchAction\",\"target\":{\"@type\":\"EntryPoint\",\"urlTemplate\":\"https:\/\/www.bagnoitalia.com\/fr?s={search_term_string}\"},\"query-input\":{\"@type\":\"PropertyValueSpecification\",\"valueRequired\":true,\"valueName\":\"search_term_string\"}}],\"inLanguage\":\"fr-FR\"},{\"@type\":\"Organization\",\"@id\":\"https:\/\/www.bagnoitalia.com\/fr#organization\",\"name\":\"Bagno Italia\",\"url\":\"https:\/\/www.bagnoitalia.com\/fr\",\"logo\":{\"@type\":\"ImageObject\",\"inLanguage\":\"fr-FR\",\"@id\":\"https:\/\/www.bagnoitalia.com\/fr#\/schema\/logo\/image\/\",\"url\":\"https:\/\/img.bagnoitalia.com\/wp-content\/uploads\/logo-bagnoitalia.webp\",\"contentUrl\":\"https:\/\/img.bagnoitalia.com\/wp-content\/uploads\/logo-bagnoitalia.webp\",\"width\":400,\"height\":70,\"caption\":\"Bagno Italia\"},\"image\":{\"@id\":\"https:\/\/www.bagnoitalia.com\/fr#\/schema\/logo\/image\/\"}}]}<\/script>\n<!-- \/ Yoast SEO plugin. -->","yoast_head_json":{"title":"Canap\u00e9 lit Eleonora 192x87 blanc simili cuir 3 places","description":"Le canap\u00e9-lit mod\u00e8le Eleonora mesure 192x87 et est disponible en blanc et noir en \u00e9co-cuir 3 places","robots":{"index":"index","follow":"follow","max-snippet":"max-snippet:-1","max-image-preview":"max-image-preview:large","max-video-preview":"max-video-preview:-1"},"canonical":"https:\/\/www.bagnoitalia.com\/fr\/produit\/eleonora-canape-lit-192x87-blanc-simili-cuir-3-places.html","og_locale":"fr_FR","og_type":"article","og_title":"Canap\u00e9 lit Eleonora 192x87 blanc simili cuir 3 places","og_description":"Le canap\u00e9-lit mod\u00e8le Eleonora mesure 192x87 et est disponible en blanc et noir en \u00e9co-cuir 3 places","og_url":"https:\/\/www.bagnoitalia.com\/fr\/produit\/eleonora-canape-lit-192x87-blanc-simili-cuir-3-places.html","og_site_name":"Bagno Italia","article_modified_time":"2025-06-09T09:52:14+00:00","og_image":[{"width":954,"height":952,"url":"https:\/\/img.bagnoitalia.com\/wp-content\/uploads\/virtuemart\/product\/3-seater-sofa-bed-Eleonora-1_1541774527_852.jpg","type":"image\/jpeg"}],"twitter_card":"summary_large_image","twitter_misc":{"Dur\u00e9e de lecture estim\u00e9e":"1 minute"},"schema":{"@context":"https:\/\/schema.org","@graph":[{"@type":"WebPage","@id":"https:\/\/www.bagnoitalia.com\/fr\/produit\/eleonora-canape-lit-192x87-blanc-simili-cuir-3-places.html","url":"https:\/\/www.bagnoitalia.com\/fr\/produit\/eleonora-canape-lit-192x87-blanc-simili-cuir-3-places.html","name":"Canap\u00e9 lit Eleonora 192x87 blanc simili cuir 3 places","isPartOf":{"@id":"https:\/\/www.bagnoitalia.com\/fr#website"},"primaryImageOfPage":{"@id":"https:\/\/www.bagnoitalia.com\/fr\/produit\/eleonora-canape-lit-192x87-blanc-simili-cuir-3-places.html#primaryimage"},"image":{"@id":"https:\/\/www.bagnoitalia.com\/fr\/produit\/eleonora-canape-lit-192x87-blanc-simili-cuir-3-places.html#primaryimage"},"thumbnailUrl":"https:\/\/img.bagnoitalia.com\/wp-content\/uploads\/virtuemart\/product\/3-seater-sofa-bed-Eleonora-1_1541774527_852.jpg","datePublished":"2016-05-11T11:15:33+00:00","dateModified":"2025-06-09T09:52:14+00:00","description":"Le canap\u00e9-lit mod\u00e8le Eleonora mesure 192x87 et est disponible en blanc et noir en \u00e9co-cuir 3 places","breadcrumb":{"@id":"https:\/\/www.bagnoitalia.com\/fr\/produit\/eleonora-canape-lit-192x87-blanc-simili-cuir-3-places.html#breadcrumb"},"inLanguage":"fr-FR","potentialAction":[{"@type":"ReadAction","target":["https:\/\/www.bagnoitalia.com\/fr\/produit\/eleonora-canape-lit-192x87-blanc-simili-cuir-3-places.html"]}]},{"@type":"ImageObject","inLanguage":"fr-FR","@id":"https:\/\/www.bagnoitalia.com\/fr\/produit\/eleonora-canape-lit-192x87-blanc-simili-cuir-3-places.html#primaryimage","url":"https:\/\/img.bagnoitalia.com\/wp-content\/uploads\/virtuemart\/product\/3-seater-sofa-bed-Eleonora-1_1541774527_852.jpg","contentUrl":"https:\/\/img.bagnoitalia.com\/wp-content\/uploads\/virtuemart\/product\/3-seater-sofa-bed-Eleonora-1_1541774527_852.jpg","width":954,"height":952},{"@type":"BreadcrumbList","@id":"https:\/\/www.bagnoitalia.com\/fr\/produit\/eleonora-canape-lit-192x87-blanc-simili-cuir-3-places.html#breadcrumb","itemListElement":[{"@type":"ListItem","position":1,"name":"Home","item":"https:\/\/www.bagnoitalia.com\/fr"},{"@type":"ListItem","position":2,"name":"Produits","item":"https:\/\/www.bagnoitalia.com\/fr\/shop"},{"@type":"ListItem","position":3,"name":"Canap\u00e9 lit Eleonora 192&#215;87 blanc simili cuir 3 places"}]},{"@type":"WebSite","@id":"https:\/\/www.bagnoitalia.com\/fr#website","url":"https:\/\/www.bagnoitalia.com\/fr","name":"Bagno Italia","description":"","publisher":{"@id":"https:\/\/www.bagnoitalia.com\/fr#organization"},"potentialAction":[{"@type":"SearchAction","target":{"@type":"EntryPoint","urlTemplate":"https:\/\/www.bagnoitalia.com\/fr?s={search_term_string}"},"query-input":{"@type":"PropertyValueSpecification","valueRequired":true,"valueName":"search_term_string"}}],"inLanguage":"fr-FR"},{"@type":"Organization","@id":"https:\/\/www.bagnoitalia.com\/fr#organization","name":"Bagno Italia","url":"https:\/\/www.bagnoitalia.com\/fr","logo":{"@type":"ImageObject","inLanguage":"fr-FR","@id":"https:\/\/www.bagnoitalia.com\/fr#\/schema\/logo\/image\/","url":"https:\/\/img.bagnoitalia.com\/wp-content\/uploads\/logo-bagnoitalia.webp","contentUrl":"https:\/\/img.bagnoitalia.com\/wp-content\/uploads\/logo-bagnoitalia.webp","width":400,"height":70,"caption":"Bagno Italia"},"image":{"@id":"https:\/\/www.bagnoitalia.com\/fr#\/schema\/logo\/image\/"}}]}},"_links":{"self":[{"href":"https:\/\/www.bagnoitalia.com\/fr\/wp-json\/wp\/v2\/product\/80010","targetHints":{"allow":["GET"]}}],"collection":[{"href":"https:\/\/www.bagnoitalia.com\/fr\/wp-json\/wp\/v2\/product"}],"about":[{"href":"https:\/\/www.bagnoitalia.com\/fr\/wp-json\/wp\/v2\/types\/product"}],"replies":[{"embeddable":true,"href":"https:\/\/www.bagnoitalia.com\/fr\/wp-json\/wp\/v2\/comments?post=80010"}],"version-history":[{"count":1,"href":"https:\/\/www.bagnoitalia.com\/fr\/wp-json\/wp\/v2\/product\/80010\/revisions"}],"predecessor-version":[{"id":90439,"href":"https:\/\/www.bagnoitalia.com\/fr\/wp-json\/wp\/v2\/product\/80010\/revisions\/90439"}],"wp:featuredmedia":[{"embeddable":true,"href":"https:\/\/www.bagnoitalia.com\/fr\/wp-json\/wp\/v2\/media\/30970"}],"wp:attachment":[{"href":"https:\/\/www.bagnoitalia.com\/fr\/wp-json\/wp\/v2\/media?parent=80010"}],"wp:term":[{"taxonomy":"product_brand","embeddable":true,"href":"https:\/\/www.bagnoitalia.com\/fr\/wp-json\/wp\/v2\/product_brand?post=80010"},{"taxonomy":"product_cat","embeddable":true,"href":"https:\/\/www.bagnoitalia.com\/fr\/wp-json\/wp\/v2\/product_cat?post=80010"},{"taxonomy":"product_tag","embeddable":true,"href":"https:\/\/www.bagnoitalia.com\/fr\/wp-json\/wp\/v2\/product_tag?post=80010"}],"curies":[{"name":"wp","href":"https:\/\/api.w.org\/{rel}","templated":true}]}}