{"id":80002,"date":"2016-04-29T13:04:55","date_gmt":"2016-04-29T11:04:55","guid":{"rendered":"https:\/\/www.bagnoitalia.com\/product\/spa-carre-gonflable-180x180-gris-bestway-lay-z-6-fonctions-8-jets-d-39-hydromassage"},"modified":"2024-05-16T16:55:46","modified_gmt":"2024-05-16T14:55:46","slug":"spa-carre-gonflable-180x180-gris-bestway-lay-z-6-fonctions-8-jets-d-39-hydromassage","status":"publish","type":"product","link":"https:\/\/www.bagnoitalia.com\/fr\/produit\/spa-carre-gonflable-180x180-gris-bestway-lay-z-6-fonctions-8-jets-d-39-hydromassage.html","title":{"rendered":"Spa carr\u00e9 gonflable 180&#215;180 gris bestway lay-z 6 fonctions 8 hydrojets"},"content":{"rendered":"<p style=\"margin-bottom: 0cm;\"><span style=\"text-decoration: underline; font-size: 12pt;\"><strong>HYDROMASSAGE 180 x 180 POUR 4\/6 PERSONNES<\/strong><\/span><\/p>\n<ul>\n<li style=\"margin-bottom: 0cm;\"><span style=\"font-size: 10pt;\">Les parois du spa gonflable sont principalement constitu\u00e9es de TriTech, un mat\u00e9riau qui garantit une durabilit\u00e9 maximale et un confort exceptionnel<\/span><\/li>\n<li style=\"margin-bottom: 0cm;\"><span style=\"font-size: 10pt;\">Le syst\u00e8me ClearSoft Lay-Z-SPA garantit la s\u00e9curit\u00e9 environnementale et une qualit\u00e9 de l&rsquo;eau ad\u00e9quate&nbsp;<\/span><\/li>\n<li style=\"margin-bottom: 0cm;\"><span style=\"font-size: 10pt;\">Syst\u00e8me de chauffage rapide et automatique (jusqu&rsquo;\u00e0 une temp\u00e9rature maximale de 40 \u00b0 C) avec d\u00e9marrage et arr\u00eat contr\u00f4l\u00e9s par minuterie<\/span><\/li>\n<li style=\"margin-bottom: 0cm;\"><span style=\"font-size: 10pt;\"><span style=\"font-size: 10pt;\">Plancher doux et spa \u00e9quip\u00e9e&nbsp;<\/span><\/span>\u00e9quip\u00e9s d&rsquo;un syst\u00e8me de drainage rapide, en quelques secondes<\/li>\n<li style=\"margin-bottom: 0cm;\"><span style=\"font-size: 10pt;\">Couvercle en similicuir avec double clip de verrou de s\u00e9curit\u00e9 et chambre \u00e0 air int\u00e9gr\u00e9e pour une isolation totale.<\/span><\/li>\n<li style=\"margin-bottom: 0cm;\"><span style=\"font-size: 10pt;\">La pompe \u00e0 6 fonctions est aliment\u00e9e par un interrupteur diff\u00e9rentiel int\u00e9gr\u00e9 \u00e0 courant r\u00e9siduel nominal ne d\u00e9passant pas 10 mA<\/span><\/li>\n<li style=\"margin-bottom: 0cm;\"><span style=\"font-size: 10pt;\">Pompe num\u00e9rique avec panneau de contr\u00f4le au design moderne<\/span><\/li>\n<li style=\"margin-bottom: 0cm;\"><span style=\"font-size: 10pt;\">\u00c9conomie d&rsquo;\u00e9nergie<\/span><\/li>\n<li style=\"margin-bottom: 0cm;\"><span style=\"font-size: 10pt;\">Filtration d&rsquo;eau int\u00e9gr\u00e9e<\/span><\/li>\n<li style=\"margin-bottom: 0cm;\"><span style=\"font-size: 10pt;\">Panneau de contr\u00f4le num\u00e9rique<\/span><\/li>\n<li style=\"margin-bottom: 0cm;\"><span style=\"font-size: 10pt;\">Installation rapide et facile<\/span><\/li>\n<li style=\"margin-bottom: 0cm;\"><span style=\"font-size: 10pt;\">Peut \u00eatre utilis\u00e9 \u00e0 l&rsquo;ext\u00e9rieur et \u00e0 l&rsquo;int\u00e9rieur<\/span><\/li>\n<\/ul>\n<p><span style=\"font-size: 10pt;\"><\/span><\/p>\n<p><strong><span style=\"font-size: 12pt;\">Pour obtenir le kit de traitement de l&rsquo;eau, <a href=\"kit-trattamento-dellacqua-per-minipiscine.html\">cliquez ici<\/a><\/span><\/strong><\/p>\n<\/p>\n<p style=\"margin-bottom: 0cm;\"><span style=\"text-decoration: underline; font-size: 12pt;\"><strong>Caract\u00e9ristiques sp\u00e9cifiques:<\/strong><\/span><\/p>\n<ul style=\"list-style-type: square;\">\n<li style=\"margin-bottom: 0cm;\"><span style=\"font-size: 10pt;\">Dimensions: 180x180xH71 cm<\/span><\/li>\n<li style=\"margin-bottom: 0cm;\"><span style=\"font-size: 10pt;\">Capacit\u00e9: 795 litres<\/span><\/li>\n<li style=\"margin-bottom: 0cm;\"><span style=\"font-size: 10pt;\">Type de massage: hydromassage<\/span><\/li>\n<li style=\"margin-bottom: 0cm;\"><span style=\"font-size: 10pt;\">Syst\u00e8me d&rsquo;hydromassage dynamic Lay-Z SPA &#8211; Jets \u00e0 air et \u00e0 eau et hydromassage \u00e0 vapeur&nbsp;<\/span><\/li>\n<li style=\"margin-bottom: 0cm;\"><span style=\"font-size: 10pt;\">Filtration de l&rsquo;eau<\/span><\/li>\n<li style=\"margin-bottom: 0cm;\"><span style=\"font-size: 10pt;\">Chauffage rapide<\/span><\/li>\n<li style=\"margin-bottom: 0cm;\"><span style=\"font-size: 10pt;\">Voltage 220-240 50 Hz &#8211; 2060 Watt \u00e0 20 \u00b0<\/span><\/li>\n<li style=\"margin-bottom: 0cm;\"><span style=\"font-size: 10pt;\">Capacit\u00e9 795 litres <br \/><\/span><\/li>\n<li style=\"margin-bottom: 0cm;\"><span style=\"font-size: 10pt;\">D\u00e9bit d\u2019eau 1 325 litres \/ h environ<\/span><\/li>\n<li style=\"margin-bottom: 0cm;\"><span style=\"font-size: 10pt;\">Temp\u00e9rature maximale 40 \u00b0 C<\/span><\/li>\n<li style=\"margin-bottom: 0cm;\"><span style=\"font-size: 10pt;\">Certification CE<\/span><\/li>\n<\/ul>\n","protected":false},"excerpt":{"rendered":"<p>Spa gonflable de forme carr\u00e9e 180 cm bestway lay-z grey \u00e0 6 fonctions et 8 hydrojets<\/p>\n","protected":false},"featured_media":30862,"comment_status":"open","ping_status":"closed","template":"","meta":[],"product_brand":[9879],"product_cat":[15],"product_tag":[],"class_list":{"0":"post-80002","1":"product","2":"type-product","3":"status-publish","4":"has-post-thumbnail","6":"product_brand-vari-produttori-fr","7":"product_cat-senza-categoria","9":"first","10":"outofstock","11":"taxable","12":"shipping-taxable","13":"purchasable","14":"product-type-simple"},"exclude_global_add_ons":[],"addons":[],"yoast_head":"<!-- This site is optimized with the Yoast SEO plugin v26.7 - https:\/\/yoast.com\/wordpress\/plugins\/seo\/ -->\n<title>Spa carr\u00e9 gonflable 180x180 gris bestway lay-z 6 fonctions 8 hydrojets<\/title>\n<meta name=\"description\" content=\"Mini-piscine gonflable de 180 cm de forme carr\u00e9e bestway lay-z grey avec 6 fonctions et 8 jets \u00e0 remous\" \/>\n<meta name=\"robots\" content=\"index, follow, max-snippet:-1, max-image-preview:large, max-video-preview:-1\" \/>\n<link rel=\"canonical\" href=\"https:\/\/www.bagnoitalia.com\/fr\/produit\/spa-carre-gonflable-180x180-gris-bestway-lay-z-6-fonctions-8-jets-d-39-hydromassage.html\" \/>\n<meta property=\"og:locale\" content=\"fr_FR\" \/>\n<meta property=\"og:type\" content=\"article\" \/>\n<meta property=\"og:title\" content=\"Spa carr\u00e9 gonflable 180x180 gris bestway lay-z 6 fonctions 8 hydrojets\" \/>\n<meta property=\"og:description\" content=\"Mini-piscine gonflable de 180 cm de forme carr\u00e9e bestway lay-z grey avec 6 fonctions et 8 jets \u00e0 remous\" \/>\n<meta property=\"og:url\" content=\"https:\/\/www.bagnoitalia.com\/fr\/produit\/spa-carre-gonflable-180x180-gris-bestway-lay-z-6-fonctions-8-jets-d-39-hydromassage.html\" \/>\n<meta property=\"og:site_name\" content=\"Bagno Italia\" \/>\n<meta property=\"article:modified_time\" content=\"2024-05-16T14:55:46+00:00\" \/>\n<meta property=\"og:image\" content=\"https:\/\/img.bagnoitalia.com\/wp-content\/uploads\/virtuemart\/product\/Square-inflatable-hot-tub-180x180-grey-1_1540993393_711.jpg\" \/>\n\t<meta property=\"og:image:width\" content=\"800\" \/>\n\t<meta property=\"og:image:height\" content=\"800\" \/>\n\t<meta property=\"og:image:type\" content=\"image\/jpeg\" \/>\n<meta name=\"twitter:card\" content=\"summary_large_image\" \/>\n<meta name=\"twitter:label1\" content=\"Dur\u00e9e de lecture estim\u00e9e\" \/>\n\t<meta name=\"twitter:data1\" content=\"1 minute\" \/>\n<script type=\"application\/ld+json\" class=\"yoast-schema-graph\">{\"@context\":\"https:\/\/schema.org\",\"@graph\":[{\"@type\":\"WebPage\",\"@id\":\"https:\/\/www.bagnoitalia.com\/fr\/produit\/spa-carre-gonflable-180x180-gris-bestway-lay-z-6-fonctions-8-jets-d-39-hydromassage.html\",\"url\":\"https:\/\/www.bagnoitalia.com\/fr\/produit\/spa-carre-gonflable-180x180-gris-bestway-lay-z-6-fonctions-8-jets-d-39-hydromassage.html\",\"name\":\"Spa carr\u00e9 gonflable 180x180 gris bestway lay-z 6 fonctions 8 hydrojets\",\"isPartOf\":{\"@id\":\"https:\/\/www.bagnoitalia.com\/fr#website\"},\"primaryImageOfPage\":{\"@id\":\"https:\/\/www.bagnoitalia.com\/fr\/produit\/spa-carre-gonflable-180x180-gris-bestway-lay-z-6-fonctions-8-jets-d-39-hydromassage.html#primaryimage\"},\"image\":{\"@id\":\"https:\/\/www.bagnoitalia.com\/fr\/produit\/spa-carre-gonflable-180x180-gris-bestway-lay-z-6-fonctions-8-jets-d-39-hydromassage.html#primaryimage\"},\"thumbnailUrl\":\"https:\/\/img.bagnoitalia.com\/wp-content\/uploads\/virtuemart\/product\/Square-inflatable-hot-tub-180x180-grey-1_1540993393_711.jpg\",\"datePublished\":\"2016-04-29T11:04:55+00:00\",\"dateModified\":\"2024-05-16T14:55:46+00:00\",\"description\":\"Mini-piscine gonflable de 180 cm de forme carr\u00e9e bestway lay-z grey avec 6 fonctions et 8 jets \u00e0 remous\",\"breadcrumb\":{\"@id\":\"https:\/\/www.bagnoitalia.com\/fr\/produit\/spa-carre-gonflable-180x180-gris-bestway-lay-z-6-fonctions-8-jets-d-39-hydromassage.html#breadcrumb\"},\"inLanguage\":\"fr-FR\",\"potentialAction\":[{\"@type\":\"ReadAction\",\"target\":[\"https:\/\/www.bagnoitalia.com\/fr\/produit\/spa-carre-gonflable-180x180-gris-bestway-lay-z-6-fonctions-8-jets-d-39-hydromassage.html\"]}]},{\"@type\":\"ImageObject\",\"inLanguage\":\"fr-FR\",\"@id\":\"https:\/\/www.bagnoitalia.com\/fr\/produit\/spa-carre-gonflable-180x180-gris-bestway-lay-z-6-fonctions-8-jets-d-39-hydromassage.html#primaryimage\",\"url\":\"https:\/\/img.bagnoitalia.com\/wp-content\/uploads\/virtuemart\/product\/Square-inflatable-hot-tub-180x180-grey-1_1540993393_711.jpg\",\"contentUrl\":\"https:\/\/img.bagnoitalia.com\/wp-content\/uploads\/virtuemart\/product\/Square-inflatable-hot-tub-180x180-grey-1_1540993393_711.jpg\",\"width\":800,\"height\":800},{\"@type\":\"BreadcrumbList\",\"@id\":\"https:\/\/www.bagnoitalia.com\/fr\/produit\/spa-carre-gonflable-180x180-gris-bestway-lay-z-6-fonctions-8-jets-d-39-hydromassage.html#breadcrumb\",\"itemListElement\":[{\"@type\":\"ListItem\",\"position\":1,\"name\":\"Home\",\"item\":\"https:\/\/www.bagnoitalia.com\/fr\"},{\"@type\":\"ListItem\",\"position\":2,\"name\":\"Produits\",\"item\":\"https:\/\/www.bagnoitalia.com\/fr\/shop\"},{\"@type\":\"ListItem\",\"position\":3,\"name\":\"Spa carr\u00e9 gonflable 180&#215;180 gris bestway lay-z 6 fonctions 8 hydrojets\"}]},{\"@type\":\"WebSite\",\"@id\":\"https:\/\/www.bagnoitalia.com\/fr#website\",\"url\":\"https:\/\/www.bagnoitalia.com\/fr\",\"name\":\"Bagno Italia\",\"description\":\"\",\"publisher\":{\"@id\":\"https:\/\/www.bagnoitalia.com\/fr#organization\"},\"potentialAction\":[{\"@type\":\"SearchAction\",\"target\":{\"@type\":\"EntryPoint\",\"urlTemplate\":\"https:\/\/www.bagnoitalia.com\/fr?s={search_term_string}\"},\"query-input\":{\"@type\":\"PropertyValueSpecification\",\"valueRequired\":true,\"valueName\":\"search_term_string\"}}],\"inLanguage\":\"fr-FR\"},{\"@type\":\"Organization\",\"@id\":\"https:\/\/www.bagnoitalia.com\/fr#organization\",\"name\":\"Bagno Italia\",\"url\":\"https:\/\/www.bagnoitalia.com\/fr\",\"logo\":{\"@type\":\"ImageObject\",\"inLanguage\":\"fr-FR\",\"@id\":\"https:\/\/www.bagnoitalia.com\/fr#\/schema\/logo\/image\/\",\"url\":\"https:\/\/img.bagnoitalia.com\/wp-content\/uploads\/logo-bagnoitalia.webp\",\"contentUrl\":\"https:\/\/img.bagnoitalia.com\/wp-content\/uploads\/logo-bagnoitalia.webp\",\"width\":400,\"height\":70,\"caption\":\"Bagno Italia\"},\"image\":{\"@id\":\"https:\/\/www.bagnoitalia.com\/fr#\/schema\/logo\/image\/\"}}]}<\/script>\n<!-- \/ Yoast SEO plugin. -->","yoast_head_json":{"title":"Spa carr\u00e9 gonflable 180x180 gris bestway lay-z 6 fonctions 8 hydrojets","description":"Mini-piscine gonflable de 180 cm de forme carr\u00e9e bestway lay-z grey avec 6 fonctions et 8 jets \u00e0 remous","robots":{"index":"index","follow":"follow","max-snippet":"max-snippet:-1","max-image-preview":"max-image-preview:large","max-video-preview":"max-video-preview:-1"},"canonical":"https:\/\/www.bagnoitalia.com\/fr\/produit\/spa-carre-gonflable-180x180-gris-bestway-lay-z-6-fonctions-8-jets-d-39-hydromassage.html","og_locale":"fr_FR","og_type":"article","og_title":"Spa carr\u00e9 gonflable 180x180 gris bestway lay-z 6 fonctions 8 hydrojets","og_description":"Mini-piscine gonflable de 180 cm de forme carr\u00e9e bestway lay-z grey avec 6 fonctions et 8 jets \u00e0 remous","og_url":"https:\/\/www.bagnoitalia.com\/fr\/produit\/spa-carre-gonflable-180x180-gris-bestway-lay-z-6-fonctions-8-jets-d-39-hydromassage.html","og_site_name":"Bagno Italia","article_modified_time":"2024-05-16T14:55:46+00:00","og_image":[{"width":800,"height":800,"url":"https:\/\/img.bagnoitalia.com\/wp-content\/uploads\/virtuemart\/product\/Square-inflatable-hot-tub-180x180-grey-1_1540993393_711.jpg","type":"image\/jpeg"}],"twitter_card":"summary_large_image","twitter_misc":{"Dur\u00e9e de lecture estim\u00e9e":"1 minute"},"schema":{"@context":"https:\/\/schema.org","@graph":[{"@type":"WebPage","@id":"https:\/\/www.bagnoitalia.com\/fr\/produit\/spa-carre-gonflable-180x180-gris-bestway-lay-z-6-fonctions-8-jets-d-39-hydromassage.html","url":"https:\/\/www.bagnoitalia.com\/fr\/produit\/spa-carre-gonflable-180x180-gris-bestway-lay-z-6-fonctions-8-jets-d-39-hydromassage.html","name":"Spa carr\u00e9 gonflable 180x180 gris bestway lay-z 6 fonctions 8 hydrojets","isPartOf":{"@id":"https:\/\/www.bagnoitalia.com\/fr#website"},"primaryImageOfPage":{"@id":"https:\/\/www.bagnoitalia.com\/fr\/produit\/spa-carre-gonflable-180x180-gris-bestway-lay-z-6-fonctions-8-jets-d-39-hydromassage.html#primaryimage"},"image":{"@id":"https:\/\/www.bagnoitalia.com\/fr\/produit\/spa-carre-gonflable-180x180-gris-bestway-lay-z-6-fonctions-8-jets-d-39-hydromassage.html#primaryimage"},"thumbnailUrl":"https:\/\/img.bagnoitalia.com\/wp-content\/uploads\/virtuemart\/product\/Square-inflatable-hot-tub-180x180-grey-1_1540993393_711.jpg","datePublished":"2016-04-29T11:04:55+00:00","dateModified":"2024-05-16T14:55:46+00:00","description":"Mini-piscine gonflable de 180 cm de forme carr\u00e9e bestway lay-z grey avec 6 fonctions et 8 jets \u00e0 remous","breadcrumb":{"@id":"https:\/\/www.bagnoitalia.com\/fr\/produit\/spa-carre-gonflable-180x180-gris-bestway-lay-z-6-fonctions-8-jets-d-39-hydromassage.html#breadcrumb"},"inLanguage":"fr-FR","potentialAction":[{"@type":"ReadAction","target":["https:\/\/www.bagnoitalia.com\/fr\/produit\/spa-carre-gonflable-180x180-gris-bestway-lay-z-6-fonctions-8-jets-d-39-hydromassage.html"]}]},{"@type":"ImageObject","inLanguage":"fr-FR","@id":"https:\/\/www.bagnoitalia.com\/fr\/produit\/spa-carre-gonflable-180x180-gris-bestway-lay-z-6-fonctions-8-jets-d-39-hydromassage.html#primaryimage","url":"https:\/\/img.bagnoitalia.com\/wp-content\/uploads\/virtuemart\/product\/Square-inflatable-hot-tub-180x180-grey-1_1540993393_711.jpg","contentUrl":"https:\/\/img.bagnoitalia.com\/wp-content\/uploads\/virtuemart\/product\/Square-inflatable-hot-tub-180x180-grey-1_1540993393_711.jpg","width":800,"height":800},{"@type":"BreadcrumbList","@id":"https:\/\/www.bagnoitalia.com\/fr\/produit\/spa-carre-gonflable-180x180-gris-bestway-lay-z-6-fonctions-8-jets-d-39-hydromassage.html#breadcrumb","itemListElement":[{"@type":"ListItem","position":1,"name":"Home","item":"https:\/\/www.bagnoitalia.com\/fr"},{"@type":"ListItem","position":2,"name":"Produits","item":"https:\/\/www.bagnoitalia.com\/fr\/shop"},{"@type":"ListItem","position":3,"name":"Spa carr\u00e9 gonflable 180&#215;180 gris bestway lay-z 6 fonctions 8 hydrojets"}]},{"@type":"WebSite","@id":"https:\/\/www.bagnoitalia.com\/fr#website","url":"https:\/\/www.bagnoitalia.com\/fr","name":"Bagno Italia","description":"","publisher":{"@id":"https:\/\/www.bagnoitalia.com\/fr#organization"},"potentialAction":[{"@type":"SearchAction","target":{"@type":"EntryPoint","urlTemplate":"https:\/\/www.bagnoitalia.com\/fr?s={search_term_string}"},"query-input":{"@type":"PropertyValueSpecification","valueRequired":true,"valueName":"search_term_string"}}],"inLanguage":"fr-FR"},{"@type":"Organization","@id":"https:\/\/www.bagnoitalia.com\/fr#organization","name":"Bagno Italia","url":"https:\/\/www.bagnoitalia.com\/fr","logo":{"@type":"ImageObject","inLanguage":"fr-FR","@id":"https:\/\/www.bagnoitalia.com\/fr#\/schema\/logo\/image\/","url":"https:\/\/img.bagnoitalia.com\/wp-content\/uploads\/logo-bagnoitalia.webp","contentUrl":"https:\/\/img.bagnoitalia.com\/wp-content\/uploads\/logo-bagnoitalia.webp","width":400,"height":70,"caption":"Bagno Italia"},"image":{"@id":"https:\/\/www.bagnoitalia.com\/fr#\/schema\/logo\/image\/"}}]}},"_links":{"self":[{"href":"https:\/\/www.bagnoitalia.com\/fr\/wp-json\/wp\/v2\/product\/80002","targetHints":{"allow":["GET"]}}],"collection":[{"href":"https:\/\/www.bagnoitalia.com\/fr\/wp-json\/wp\/v2\/product"}],"about":[{"href":"https:\/\/www.bagnoitalia.com\/fr\/wp-json\/wp\/v2\/types\/product"}],"replies":[{"embeddable":true,"href":"https:\/\/www.bagnoitalia.com\/fr\/wp-json\/wp\/v2\/comments?post=80002"}],"version-history":[{"count":0,"href":"https:\/\/www.bagnoitalia.com\/fr\/wp-json\/wp\/v2\/product\/80002\/revisions"}],"wp:featuredmedia":[{"embeddable":true,"href":"https:\/\/www.bagnoitalia.com\/fr\/wp-json\/wp\/v2\/media\/30862"}],"wp:attachment":[{"href":"https:\/\/www.bagnoitalia.com\/fr\/wp-json\/wp\/v2\/media?parent=80002"}],"wp:term":[{"taxonomy":"product_brand","embeddable":true,"href":"https:\/\/www.bagnoitalia.com\/fr\/wp-json\/wp\/v2\/product_brand?post=80002"},{"taxonomy":"product_cat","embeddable":true,"href":"https:\/\/www.bagnoitalia.com\/fr\/wp-json\/wp\/v2\/product_cat?post=80002"},{"taxonomy":"product_tag","embeddable":true,"href":"https:\/\/www.bagnoitalia.com\/fr\/wp-json\/wp\/v2\/product_tag?post=80002"}],"curies":[{"name":"wp","href":"https:\/\/api.w.org\/{rel}","templated":true}]}}