{"id":79982,"date":"2016-04-28T07:42:49","date_gmt":"2016-04-28T05:42:49","guid":{"rendered":"https:\/\/www.bagnoitalia.com\/product\/180x66-bestway-spa-lay-z-spa-autogonflant-pour-4-personnes"},"modified":"2024-05-16T16:55:43","modified_gmt":"2024-05-16T14:55:43","slug":"180x66-bestway-spa-lay-z-spa-autogonflant-pour-4-personnes","status":"publish","type":"product","link":"https:\/\/www.bagnoitalia.com\/fr\/produit\/180x66-bestway-spa-lay-z-spa-autogonflant-pour-4-personnes.html","title":{"rendered":"Spa autogonflant 180&#215;66 bestway spa lay-z pour 4 personnes"},"content":{"rendered":"<p><span style=\"text-decoration: underline; font-size: 12pt;\"><strong>SPA 180X66 POUR 4 PERSONNES<\/strong><\/span><\/p>\n<ul>\n<li style=\"margin-bottom: 0cm;\"><span style=\"font-size: 10pt;\">Montage rapide et facile<\/span><\/li>\n<li style=\"margin-bottom: 0cm;\"><span style=\"font-size: 10pt;\">Minipiscine adapt\u00e9 aux environnements int\u00e9rieurs et ext\u00e9rieurs<\/span><\/li>\n<li style=\"margin-bottom: 0cm;\"><span style=\"font-size: 10pt;\">Syst\u00e8me d&rsquo;hydromassage Lay-Z<\/span><\/li>\n<li style=\"margin-bottom: 0cm;\"><span style=\"font-size: 10pt;\">Syst\u00e8me de filtration de l&rsquo;eau<\/span><\/li>\n<li style=\"margin-bottom: 0cm;\"><span style=\"font-size: 10pt;\">Syst\u00e8me de chauffage rapide jusqu&rsquo;\u00e0 40 \u00b0 C<\/span><\/li>\n<li style=\"margin-bottom: 0cm;\"><span style=\"font-size: 10pt;\">Syst\u00e8me \u00e0 bulles \u00e0 360 \u00b0 pour un massage relaxant<\/span><\/li>\n<\/ul>\n<p><strong><span style=\"font-size: 12pt;\">Pour obtenir le kit de traitement de l&rsquo;eau, <a href=\"kit-trattamento-dellacqua-per-minipiscine.html\">cliquez ici<\/a><\/span><\/strong><\/p>\n<\/p>\n<p style=\"margin-bottom: 0cm;\"><span style=\"text-decoration: underline; font-size: 12pt;\"><strong>CARACTERISTIQUES TECHNIQUES:<\/strong><\/span><\/p>\n<ul>\n<li style=\"margin-bottom: 0cm;\"><span style=\"font-size: 10pt;\">Spa pour 4 personnes<\/span><\/li>\n<li style=\"margin-bottom: 0cm;\"><span style=\"font-size: 10pt;\">Capacit\u00e9 800 litres<\/span><\/li>\n<li style=\"margin-bottom: 0cm;\"><span style=\"font-size: 10pt;\">Ordinateur num\u00e9rique pour le contr\u00f4le de la pompe d&rsquo;hydromassage<br \/><\/span><\/li>\n<li style=\"margin-bottom: 0cm;\"><span style=\"font-size: 10pt;\">Dimensions apr\u00e8s inflation: 180&#215;65 cm<\/span><\/li>\n<li style=\"margin-bottom: 0cm;\"><span style=\"font-size: 10pt;\">Poids avec de l&rsquo;eau: 1100kg<\/span><\/li>\n<li style=\"margin-bottom: 0cm;\"><span style=\"font-size: 10pt;\">Tension 220-240Vsim50Hz, 2,050W \u00e0 20 \u00b0 C<\/span><\/li>\n<li style=\"margin-bottom: 0cm;\"><span style=\"font-size: 10pt;\">D\u00e9bit d&rsquo;eau r\u00e9el \u22651,325lt \/ h<\/span><\/li>\n<li style=\"margin-bottom: 0cm;\"><span style=\"font-size: 10pt;\">Syst\u00e8me de chauffage rapide environ 1,5-2,0 \u00b0 C \/ h<\/span><\/li>\n<\/ul>\n<\/p>\n<p style=\"margin-bottom: 0cm;\"><span style=\"text-decoration: underline; font-size: 12pt;\"><strong>Inclus dans le prix<\/strong><\/span><\/p>\n<ul>\n<li style=\"margin-bottom: 0cm;\"><span style=\"font-size: 10pt;\">DVD contenant les instructions pour le montage et la maintenance du spa<\/span><\/li>\n<li style=\"margin-bottom: 0cm;\"><span style=\"font-size: 10pt;\">Cartouche de filtre \u00e0 eau<\/span><\/li>\n<li style=\"margin-bottom: 0cm;\"><span style=\"font-size: 10pt;\">Flottant \u00e0 utiliser pour la lib\u00e9ration de produits chimiques<\/span><\/li>\n<li style=\"margin-bottom: 0cm;\"><span style=\"font-size: 10pt;\">Patch pour r\u00e9parations&nbsp;<span style=\"font-size: 10pt;\">r\u00e9sistants <\/span><\/span><\/li>\n<li style=\"margin-bottom: 0cm;\"><span style=\"font-size: 10pt;\">Couverture renforc\u00e9e<\/span><\/li>\n<\/ul>\n","protected":false},"excerpt":{"rendered":"<p>Spa autogonflante de dimensions 180&#215;66 bestway avec pompo d\u2019hydromassage lay-z pour 4 personnes<\/p>\n","protected":false},"featured_media":30614,"comment_status":"open","ping_status":"closed","template":"","meta":[],"product_brand":[9879],"product_cat":[15],"product_tag":[],"class_list":{"0":"post-79982","1":"product","2":"type-product","3":"status-publish","4":"has-post-thumbnail","6":"product_brand-vari-produttori-fr","7":"product_cat-senza-categoria","9":"first","10":"outofstock","11":"taxable","12":"shipping-taxable","13":"purchasable","14":"product-type-simple"},"exclude_global_add_ons":[],"addons":[],"yoast_head":"<!-- This site is optimized with the Yoast SEO plugin v26.7 - https:\/\/yoast.com\/wordpress\/plugins\/seo\/ -->\n<title>Spa autogonflant 180x66 bestway spa lay-z pour 4 personnes<\/title>\n<meta name=\"description\" content=\"Station thermale d&#039;hydromassage autogonflante de mesures 180x66 avec acc\u00e8s au spa hydro-massage lay-z pour 4 personnes\" \/>\n<meta name=\"robots\" content=\"index, follow, max-snippet:-1, max-image-preview:large, max-video-preview:-1\" \/>\n<link rel=\"canonical\" href=\"https:\/\/www.bagnoitalia.com\/fr\/produit\/180x66-bestway-spa-lay-z-spa-autogonflant-pour-4-personnes.html\" \/>\n<meta property=\"og:locale\" content=\"fr_FR\" \/>\n<meta property=\"og:type\" content=\"article\" \/>\n<meta property=\"og:title\" content=\"Spa autogonflant 180x66 bestway spa lay-z pour 4 personnes\" \/>\n<meta property=\"og:description\" content=\"Station thermale d&#039;hydromassage autogonflante de mesures 180x66 avec acc\u00e8s au spa hydro-massage lay-z pour 4 personnes\" \/>\n<meta property=\"og:url\" content=\"https:\/\/www.bagnoitalia.com\/fr\/produit\/180x66-bestway-spa-lay-z-spa-autogonflant-pour-4-personnes.html\" \/>\n<meta property=\"og:site_name\" content=\"Bagno Italia\" \/>\n<meta property=\"article:modified_time\" content=\"2024-05-16T14:55:43+00:00\" \/>\n<meta property=\"og:image\" content=\"https:\/\/img.bagnoitalia.com\/wp-content\/uploads\/virtuemart\/product\/4-person-self-inflatable-hot-tub-180x66-1_1540997183_968.jpg\" \/>\n\t<meta property=\"og:image:width\" content=\"800\" \/>\n\t<meta property=\"og:image:height\" content=\"800\" \/>\n\t<meta property=\"og:image:type\" content=\"image\/jpeg\" \/>\n<meta name=\"twitter:card\" content=\"summary_large_image\" \/>\n<meta name=\"twitter:label1\" content=\"Dur\u00e9e de lecture estim\u00e9e\" \/>\n\t<meta name=\"twitter:data1\" content=\"1 minute\" \/>\n<script type=\"application\/ld+json\" class=\"yoast-schema-graph\">{\"@context\":\"https:\/\/schema.org\",\"@graph\":[{\"@type\":\"WebPage\",\"@id\":\"https:\/\/www.bagnoitalia.com\/fr\/produit\/180x66-bestway-spa-lay-z-spa-autogonflant-pour-4-personnes.html\",\"url\":\"https:\/\/www.bagnoitalia.com\/fr\/produit\/180x66-bestway-spa-lay-z-spa-autogonflant-pour-4-personnes.html\",\"name\":\"Spa autogonflant 180x66 bestway spa lay-z pour 4 personnes\",\"isPartOf\":{\"@id\":\"https:\/\/www.bagnoitalia.com\/fr#website\"},\"primaryImageOfPage\":{\"@id\":\"https:\/\/www.bagnoitalia.com\/fr\/produit\/180x66-bestway-spa-lay-z-spa-autogonflant-pour-4-personnes.html#primaryimage\"},\"image\":{\"@id\":\"https:\/\/www.bagnoitalia.com\/fr\/produit\/180x66-bestway-spa-lay-z-spa-autogonflant-pour-4-personnes.html#primaryimage\"},\"thumbnailUrl\":\"https:\/\/img.bagnoitalia.com\/wp-content\/uploads\/virtuemart\/product\/4-person-self-inflatable-hot-tub-180x66-1_1540997183_968.jpg\",\"datePublished\":\"2016-04-28T05:42:49+00:00\",\"dateModified\":\"2024-05-16T14:55:43+00:00\",\"description\":\"Station thermale d&#39;hydromassage autogonflante de mesures 180x66 avec acc\u00e8s au spa hydro-massage lay-z pour 4 personnes\",\"breadcrumb\":{\"@id\":\"https:\/\/www.bagnoitalia.com\/fr\/produit\/180x66-bestway-spa-lay-z-spa-autogonflant-pour-4-personnes.html#breadcrumb\"},\"inLanguage\":\"fr-FR\",\"potentialAction\":[{\"@type\":\"ReadAction\",\"target\":[\"https:\/\/www.bagnoitalia.com\/fr\/produit\/180x66-bestway-spa-lay-z-spa-autogonflant-pour-4-personnes.html\"]}]},{\"@type\":\"ImageObject\",\"inLanguage\":\"fr-FR\",\"@id\":\"https:\/\/www.bagnoitalia.com\/fr\/produit\/180x66-bestway-spa-lay-z-spa-autogonflant-pour-4-personnes.html#primaryimage\",\"url\":\"https:\/\/img.bagnoitalia.com\/wp-content\/uploads\/virtuemart\/product\/4-person-self-inflatable-hot-tub-180x66-1_1540997183_968.jpg\",\"contentUrl\":\"https:\/\/img.bagnoitalia.com\/wp-content\/uploads\/virtuemart\/product\/4-person-self-inflatable-hot-tub-180x66-1_1540997183_968.jpg\",\"width\":800,\"height\":800},{\"@type\":\"BreadcrumbList\",\"@id\":\"https:\/\/www.bagnoitalia.com\/fr\/produit\/180x66-bestway-spa-lay-z-spa-autogonflant-pour-4-personnes.html#breadcrumb\",\"itemListElement\":[{\"@type\":\"ListItem\",\"position\":1,\"name\":\"Home\",\"item\":\"https:\/\/www.bagnoitalia.com\/fr\"},{\"@type\":\"ListItem\",\"position\":2,\"name\":\"Produits\",\"item\":\"https:\/\/www.bagnoitalia.com\/fr\/shop\"},{\"@type\":\"ListItem\",\"position\":3,\"name\":\"Spa autogonflant 180&#215;66 bestway spa lay-z pour 4 personnes\"}]},{\"@type\":\"WebSite\",\"@id\":\"https:\/\/www.bagnoitalia.com\/fr#website\",\"url\":\"https:\/\/www.bagnoitalia.com\/fr\",\"name\":\"Bagno Italia\",\"description\":\"\",\"publisher\":{\"@id\":\"https:\/\/www.bagnoitalia.com\/fr#organization\"},\"potentialAction\":[{\"@type\":\"SearchAction\",\"target\":{\"@type\":\"EntryPoint\",\"urlTemplate\":\"https:\/\/www.bagnoitalia.com\/fr?s={search_term_string}\"},\"query-input\":{\"@type\":\"PropertyValueSpecification\",\"valueRequired\":true,\"valueName\":\"search_term_string\"}}],\"inLanguage\":\"fr-FR\"},{\"@type\":\"Organization\",\"@id\":\"https:\/\/www.bagnoitalia.com\/fr#organization\",\"name\":\"Bagno Italia\",\"url\":\"https:\/\/www.bagnoitalia.com\/fr\",\"logo\":{\"@type\":\"ImageObject\",\"inLanguage\":\"fr-FR\",\"@id\":\"https:\/\/www.bagnoitalia.com\/fr#\/schema\/logo\/image\/\",\"url\":\"https:\/\/img.bagnoitalia.com\/wp-content\/uploads\/logo-bagnoitalia.webp\",\"contentUrl\":\"https:\/\/img.bagnoitalia.com\/wp-content\/uploads\/logo-bagnoitalia.webp\",\"width\":400,\"height\":70,\"caption\":\"Bagno Italia\"},\"image\":{\"@id\":\"https:\/\/www.bagnoitalia.com\/fr#\/schema\/logo\/image\/\"}}]}<\/script>\n<!-- \/ Yoast SEO plugin. -->","yoast_head_json":{"title":"Spa autogonflant 180x66 bestway spa lay-z pour 4 personnes","description":"Station thermale d&#39;hydromassage autogonflante de mesures 180x66 avec acc\u00e8s au spa hydro-massage lay-z pour 4 personnes","robots":{"index":"index","follow":"follow","max-snippet":"max-snippet:-1","max-image-preview":"max-image-preview:large","max-video-preview":"max-video-preview:-1"},"canonical":"https:\/\/www.bagnoitalia.com\/fr\/produit\/180x66-bestway-spa-lay-z-spa-autogonflant-pour-4-personnes.html","og_locale":"fr_FR","og_type":"article","og_title":"Spa autogonflant 180x66 bestway spa lay-z pour 4 personnes","og_description":"Station thermale d&#39;hydromassage autogonflante de mesures 180x66 avec acc\u00e8s au spa hydro-massage lay-z pour 4 personnes","og_url":"https:\/\/www.bagnoitalia.com\/fr\/produit\/180x66-bestway-spa-lay-z-spa-autogonflant-pour-4-personnes.html","og_site_name":"Bagno Italia","article_modified_time":"2024-05-16T14:55:43+00:00","og_image":[{"width":800,"height":800,"url":"https:\/\/img.bagnoitalia.com\/wp-content\/uploads\/virtuemart\/product\/4-person-self-inflatable-hot-tub-180x66-1_1540997183_968.jpg","type":"image\/jpeg"}],"twitter_card":"summary_large_image","twitter_misc":{"Dur\u00e9e de lecture estim\u00e9e":"1 minute"},"schema":{"@context":"https:\/\/schema.org","@graph":[{"@type":"WebPage","@id":"https:\/\/www.bagnoitalia.com\/fr\/produit\/180x66-bestway-spa-lay-z-spa-autogonflant-pour-4-personnes.html","url":"https:\/\/www.bagnoitalia.com\/fr\/produit\/180x66-bestway-spa-lay-z-spa-autogonflant-pour-4-personnes.html","name":"Spa autogonflant 180x66 bestway spa lay-z pour 4 personnes","isPartOf":{"@id":"https:\/\/www.bagnoitalia.com\/fr#website"},"primaryImageOfPage":{"@id":"https:\/\/www.bagnoitalia.com\/fr\/produit\/180x66-bestway-spa-lay-z-spa-autogonflant-pour-4-personnes.html#primaryimage"},"image":{"@id":"https:\/\/www.bagnoitalia.com\/fr\/produit\/180x66-bestway-spa-lay-z-spa-autogonflant-pour-4-personnes.html#primaryimage"},"thumbnailUrl":"https:\/\/img.bagnoitalia.com\/wp-content\/uploads\/virtuemart\/product\/4-person-self-inflatable-hot-tub-180x66-1_1540997183_968.jpg","datePublished":"2016-04-28T05:42:49+00:00","dateModified":"2024-05-16T14:55:43+00:00","description":"Station thermale d&#39;hydromassage autogonflante de mesures 180x66 avec acc\u00e8s au spa hydro-massage lay-z pour 4 personnes","breadcrumb":{"@id":"https:\/\/www.bagnoitalia.com\/fr\/produit\/180x66-bestway-spa-lay-z-spa-autogonflant-pour-4-personnes.html#breadcrumb"},"inLanguage":"fr-FR","potentialAction":[{"@type":"ReadAction","target":["https:\/\/www.bagnoitalia.com\/fr\/produit\/180x66-bestway-spa-lay-z-spa-autogonflant-pour-4-personnes.html"]}]},{"@type":"ImageObject","inLanguage":"fr-FR","@id":"https:\/\/www.bagnoitalia.com\/fr\/produit\/180x66-bestway-spa-lay-z-spa-autogonflant-pour-4-personnes.html#primaryimage","url":"https:\/\/img.bagnoitalia.com\/wp-content\/uploads\/virtuemart\/product\/4-person-self-inflatable-hot-tub-180x66-1_1540997183_968.jpg","contentUrl":"https:\/\/img.bagnoitalia.com\/wp-content\/uploads\/virtuemart\/product\/4-person-self-inflatable-hot-tub-180x66-1_1540997183_968.jpg","width":800,"height":800},{"@type":"BreadcrumbList","@id":"https:\/\/www.bagnoitalia.com\/fr\/produit\/180x66-bestway-spa-lay-z-spa-autogonflant-pour-4-personnes.html#breadcrumb","itemListElement":[{"@type":"ListItem","position":1,"name":"Home","item":"https:\/\/www.bagnoitalia.com\/fr"},{"@type":"ListItem","position":2,"name":"Produits","item":"https:\/\/www.bagnoitalia.com\/fr\/shop"},{"@type":"ListItem","position":3,"name":"Spa autogonflant 180&#215;66 bestway spa lay-z pour 4 personnes"}]},{"@type":"WebSite","@id":"https:\/\/www.bagnoitalia.com\/fr#website","url":"https:\/\/www.bagnoitalia.com\/fr","name":"Bagno Italia","description":"","publisher":{"@id":"https:\/\/www.bagnoitalia.com\/fr#organization"},"potentialAction":[{"@type":"SearchAction","target":{"@type":"EntryPoint","urlTemplate":"https:\/\/www.bagnoitalia.com\/fr?s={search_term_string}"},"query-input":{"@type":"PropertyValueSpecification","valueRequired":true,"valueName":"search_term_string"}}],"inLanguage":"fr-FR"},{"@type":"Organization","@id":"https:\/\/www.bagnoitalia.com\/fr#organization","name":"Bagno Italia","url":"https:\/\/www.bagnoitalia.com\/fr","logo":{"@type":"ImageObject","inLanguage":"fr-FR","@id":"https:\/\/www.bagnoitalia.com\/fr#\/schema\/logo\/image\/","url":"https:\/\/img.bagnoitalia.com\/wp-content\/uploads\/logo-bagnoitalia.webp","contentUrl":"https:\/\/img.bagnoitalia.com\/wp-content\/uploads\/logo-bagnoitalia.webp","width":400,"height":70,"caption":"Bagno Italia"},"image":{"@id":"https:\/\/www.bagnoitalia.com\/fr#\/schema\/logo\/image\/"}}]}},"_links":{"self":[{"href":"https:\/\/www.bagnoitalia.com\/fr\/wp-json\/wp\/v2\/product\/79982","targetHints":{"allow":["GET"]}}],"collection":[{"href":"https:\/\/www.bagnoitalia.com\/fr\/wp-json\/wp\/v2\/product"}],"about":[{"href":"https:\/\/www.bagnoitalia.com\/fr\/wp-json\/wp\/v2\/types\/product"}],"replies":[{"embeddable":true,"href":"https:\/\/www.bagnoitalia.com\/fr\/wp-json\/wp\/v2\/comments?post=79982"}],"version-history":[{"count":0,"href":"https:\/\/www.bagnoitalia.com\/fr\/wp-json\/wp\/v2\/product\/79982\/revisions"}],"wp:featuredmedia":[{"embeddable":true,"href":"https:\/\/www.bagnoitalia.com\/fr\/wp-json\/wp\/v2\/media\/30614"}],"wp:attachment":[{"href":"https:\/\/www.bagnoitalia.com\/fr\/wp-json\/wp\/v2\/media?parent=79982"}],"wp:term":[{"taxonomy":"product_brand","embeddable":true,"href":"https:\/\/www.bagnoitalia.com\/fr\/wp-json\/wp\/v2\/product_brand?post=79982"},{"taxonomy":"product_cat","embeddable":true,"href":"https:\/\/www.bagnoitalia.com\/fr\/wp-json\/wp\/v2\/product_cat?post=79982"},{"taxonomy":"product_tag","embeddable":true,"href":"https:\/\/www.bagnoitalia.com\/fr\/wp-json\/wp\/v2\/product_tag?post=79982"}],"curies":[{"name":"wp","href":"https:\/\/api.w.org\/{rel}","templated":true}]}}