{"id":79974,"date":"2016-04-15T10:05:12","date_gmt":"2016-04-15T08:05:12","guid":{"rendered":"https:\/\/www.bagnoitalia.com\/product\/mobilier-moderne-table-en-cristal-4-fauteuils-kim-noir-ou-blanc"},"modified":"2025-06-09T11:14:36","modified_gmt":"2025-06-09T09:14:36","slug":"mobilier-moderne-table-en-cristal-4-fauteuils-kim-noir-ou-blanc","status":"publish","type":"product","link":"https:\/\/www.bagnoitalia.com\/fr\/produit\/mobilier-moderne-table-en-cristal-4-fauteuils-kim-noir-ou-blanc.html","title":{"rendered":"Meubles modernes Kim table basse en verre avec 4 fauteuils noir ou blanc"},"content":{"rendered":"<p style=\"margin-bottom: 0cm; font-weight: normal;\"><span style=\"font-size: 18pt;\"><strong><span style=\"text-decoration: underline;\"><strong>Meubles d&rsquo;ext\u00e9rieur modernes Kim disponible en deux couleurs<\/strong><\/span><\/strong><\/span><\/p>\n<h1 class=\"western\" style=\"margin-top: 0cm; margin-bottom: 0cm; font-weight: normal;\"><\/h1>\n<h1 class=\"western\" style=\"margin-top: 0cm; margin-bottom: 0cm; font-weight: normal;\"><span style=\"text-decoration: underline; font-size: 18pt;\"><strong>Meubles Kim compos\u00e9s de:<\/strong><\/span><\/h1>\n<ul>\n<li class=\"western\" style=\"margin-top: 0cm; margin-bottom: 0cm; font-weight: normal;\"><span style=\"font-size: 14pt;\">4 petits fauteuils de 65&#215;66 cm<\/span><\/li>\n<li class=\"western\" style=\"margin-top: 0cm; margin-bottom: 0cm; font-weight: normal;\"><span style=\"font-size: 14pt;\">Table basse dimensions 65&#215;36 cm<\/span><\/li>\n<li style=\"margin-bottom: 0cm; font-weight: normal;\"><span style=\"font-size: 14pt;\">Coussins\u00a0<span style=\"font-size: 14pt;\">de 8 cm d&rsquo;\u00e9paisseur<\/span> inclus dans la composition\u00a0<\/span><\/li>\n<li><span style=\"font-size: 14pt;\"><strong><span style=\"font-weight: normal;\">Couleurs disponibles: blanc, noir<\/span><\/strong><\/span><\/li>\n<\/ul>\n<p><span style=\"text-decoration: underline; font-size: 14pt;\"><strong>Composition empilable de mani\u00e8re \u00e0 prendre moins de place, sous la forme d&rsquo;un totem comme le montre la photo ci-dessous:<\/strong><\/span><\/p>\n<p><img fetchpriority=\"high\" decoding=\"async\" id=\"fancybox-img\" class=\" size-full wp-image-30558\" src=\"https:\/\/img.bagnoitalia.com\/wp-content\/uploads\/virtuemart\/product\/Tav_Kim_13e23eu323.jpg\" alt=\"Tav_Kim_13e23eu32 - Copia.jpg_product\" width=\"396\" height=\"659\" srcset=\"https:\/\/img.bagnoitalia.com\/wp-content\/uploads\/virtuemart\/product\/Tav_Kim_13e23eu323.jpg 480w, https:\/\/img.bagnoitalia.com\/wp-content\/uploads\/virtuemart\/product\/Tav_Kim_13e23eu323-441x735.jpg 441w, https:\/\/img.bagnoitalia.com\/wp-content\/uploads\/virtuemart\/product\/Tav_Kim_13e23eu323-150x250.jpg 150w\" sizes=\"(max-width: 396px) 100vw, 396px\" \/><\/p>\n<h1 class=\"western\" style=\"margin-top: 0cm; margin-bottom: 0cm;\"><\/h1>\n<h1 class=\"western\" style=\"margin-top: 0cm; margin-bottom: 0cm;\"><span style=\"font-size: 18pt;\"><strong><span style=\"text-decoration: underline;\">Caract\u00e9ristiques sp\u00e9cifiques:<\/span><\/strong><\/span><\/h1>\n<ul>\n<li class=\"western\" style=\"margin-top: 0cm; margin-bottom: 0cm;\"><span style=\"font-size: 14pt;\"><strong><span style=\"font-weight: normal;\">R\u00e9sistant \u00e0 toutes les conditions m\u00e9t\u00e9orologiques.<\/span><\/strong><\/span><\/li>\n<li class=\"western\" style=\"margin-top: 0cm; margin-bottom: 0cm;\"><span style=\"font-size: 14pt;\"><strong><span style=\"font-weight: normal;\">Nettoyage facile<\/span><\/strong><\/span><\/li>\n<li class=\"western\" style=\"margin-top: 0cm; margin-bottom: 0cm;\"><span style=\"font-size: 14pt;\"><strong><span style=\"font-weight: normal;\">Fini \u00e0 la main<\/span><\/strong><\/span><\/li>\n<li class=\"western\" style=\"margin-top: 0cm; margin-bottom: 0cm;\"><span style=\"font-size: 14pt;\"><strong><span style=\"font-weight: normal;\">Doublure coussins amovibles<\/span><\/strong><\/span><\/li>\n<li class=\"western\" style=\"margin-top: 0cm; margin-bottom: 0cm;\"><span style=\"font-size: 14pt;\"><strong><span style=\"font-weight: normal;\">R\u00e9sistance \u00e0 l&rsquo;eau sal\u00e9e<\/span><\/strong><\/span><\/li>\n<li class=\"western\" style=\"margin-top: 0cm; margin-bottom: 0cm;\"><span style=\"font-size: 14pt;\"><strong><span style=\"font-weight: normal;\">Article 100% poly rotin d&rsquo;excellente qualit\u00e9<\/span><\/strong><\/span><\/li>\n<li class=\"western\" style=\"margin-top: 0cm; margin-bottom: 0cm;\"><span style=\"font-size: 14pt;\"><strong><span style=\"font-weight: normal;\">R\u00e9sistant aux rayons UV et anti-d\u00e9coloration<\/span><\/strong><\/span><\/li>\n<li class=\"western\" style=\"margin-top: 0cm; margin-bottom: 0cm;\"><span style=\"font-size: 14pt;\"><strong><span style=\"font-weight: normal;\">Coussins imperm\u00e9ables et armature renforc\u00e9e<\/span><\/strong><\/span><\/li>\n<\/ul>\n<p><span style=\"text-decoration: underline; font-size: 18pt;\"><strong>Meubles Kim blancs<\/strong><\/span><\/p>\n<p><img decoding=\"async\" id=\"fancybox-img\" class=\" size-full wp-image-30562\" src=\"https:\/\/img.bagnoitalia.com\/wp-content\/uploads\/virtuemart\/product\/Tav_Kim_13e23eu32.jpg\" alt=\"Tav_Kim_13e23eu32 - Copia.jpg_product\" width=\"408\" height=\"293\" srcset=\"https:\/\/img.bagnoitalia.com\/wp-content\/uploads\/virtuemart\/product\/Tav_Kim_13e23eu32.jpg 709w, https:\/\/img.bagnoitalia.com\/wp-content\/uploads\/virtuemart\/product\/Tav_Kim_13e23eu32-441x317.jpg 441w, https:\/\/img.bagnoitalia.com\/wp-content\/uploads\/virtuemart\/product\/Tav_Kim_13e23eu32-600x432.jpg 600w, https:\/\/img.bagnoitalia.com\/wp-content\/uploads\/virtuemart\/product\/Tav_Kim_13e23eu32-150x108.jpg 150w\" sizes=\"(max-width: 408px) 100vw, 408px\" \/><\/p>\n<p>__________________________________________________________________________________________________<\/p>\n<p><span style=\"text-decoration: underline; font-size: 18pt;\"><strong>Meubles Kim noirs<\/strong><\/span><\/p>\n<p><span class=\"pinfo\"><img decoding=\"async\" id=\"fancybox-img\" class=\" size-full wp-image-30566\" src=\"https:\/\/img.bagnoitalia.com\/wp-content\/uploads\/virtuemart\/product\/Tav_Kim_13e23eu324.jpg\" alt=\"Tav_Kim_13e23eu32 - Copia.jpg_product\" width=\"401\" height=\"287\" srcset=\"https:\/\/img.bagnoitalia.com\/wp-content\/uploads\/virtuemart\/product\/Tav_Kim_13e23eu324.jpg 709w, https:\/\/img.bagnoitalia.com\/wp-content\/uploads\/virtuemart\/product\/Tav_Kim_13e23eu324-441x317.jpg 441w, https:\/\/img.bagnoitalia.com\/wp-content\/uploads\/virtuemart\/product\/Tav_Kim_13e23eu324-150x108.jpg 150w\" sizes=\"(max-width: 401px) 100vw, 401px\" \/><\/span><\/p>\n<p>&nbsp;<\/p>\n","protected":false},"excerpt":{"rendered":"<p>Meubles modernes mod\u00e8le Kim compos\u00e9s de 4 fauteuils et une table basse en verre disponible en noir ou blanc<\/p>\n","protected":false},"featured_media":30518,"comment_status":"open","ping_status":"closed","template":"","meta":[],"product_brand":[9924],"product_cat":[10027,9783],"product_tag":[],"class_list":{"0":"post-79974","1":"product","2":"type-product","3":"status-publish","4":"has-post-thumbnail","6":"product_brand-predator-arredo-casa-fr","7":"product_cat-tables-avec-chaises","8":"product_cat-mobilier-d-39-exterieur","10":"first","11":"instock","12":"sale","13":"taxable","14":"shipping-taxable","15":"purchasable","16":"product-type-simple"},"exclude_global_add_ons":false,"addons":[{"name":"Couleur","type":"multiple_choice","position":0,"required":true,"title_format":"heading","default":"","description_enable":false,"description":"","placeholder_enable":false,"placeholder":"","display":"select","restrictions_type":"any_text","adjust_price":false,"price":"","price_type":"flat_fee","restrictions":false,"min":"0","max":"0","options":[{"label":"blanc","price":"","price_type":"quantity_based","image":0,"visibility":true},{"label":"noir","price":"","price_type":"quantity_based","image":0,"visibility":true}],"id":1717429760}],"yoast_head":"<!-- This site is optimized with the Yoast SEO plugin v26.7 - https:\/\/yoast.com\/wordpress\/plugins\/seo\/ -->\n<title>Meubles modernes Kim table basse en verre avec 4 fauteuils noir ou blanc<\/title>\n<meta name=\"description\" content=\"Mobilier moderne mod\u00e8le Kim disponible en noir ou blanc avec 4 fauteuils et une petite table en cristal\" \/>\n<meta name=\"robots\" content=\"index, follow, max-snippet:-1, max-image-preview:large, max-video-preview:-1\" \/>\n<link rel=\"canonical\" href=\"https:\/\/www.bagnoitalia.com\/fr\/produit\/mobilier-moderne-table-en-cristal-4-fauteuils-kim-noir-ou-blanc.html\" \/>\n<meta property=\"og:locale\" content=\"fr_FR\" \/>\n<meta property=\"og:type\" content=\"article\" \/>\n<meta property=\"og:title\" content=\"Meubles modernes Kim table basse en verre avec 4 fauteuils noir ou blanc\" \/>\n<meta property=\"og:description\" content=\"Mobilier moderne mod\u00e8le Kim disponible en noir ou blanc avec 4 fauteuils et une petite table en cristal\" \/>\n<meta property=\"og:url\" content=\"https:\/\/www.bagnoitalia.com\/fr\/produit\/mobilier-moderne-table-en-cristal-4-fauteuils-kim-noir-ou-blanc.html\" \/>\n<meta property=\"og:site_name\" content=\"Bagno Italia\" \/>\n<meta property=\"article:modified_time\" content=\"2025-06-09T09:14:36+00:00\" \/>\n<meta property=\"og:image\" content=\"https:\/\/img.bagnoitalia.com\/wp-content\/uploads\/virtuemart\/product\/Modern-furnishing-black-or-white-4-armchairs-crystal-table-1.jpg\" \/>\n\t<meta property=\"og:image:width\" content=\"199\" \/>\n\t<meta property=\"og:image:height\" content=\"200\" \/>\n\t<meta property=\"og:image:type\" content=\"image\/jpeg\" \/>\n<meta name=\"twitter:card\" content=\"summary_large_image\" \/>\n<meta name=\"twitter:label1\" content=\"Dur\u00e9e de lecture estim\u00e9e\" \/>\n\t<meta name=\"twitter:data1\" content=\"2 minutes\" \/>\n<script type=\"application\/ld+json\" class=\"yoast-schema-graph\">{\"@context\":\"https:\/\/schema.org\",\"@graph\":[{\"@type\":\"WebPage\",\"@id\":\"https:\/\/www.bagnoitalia.com\/fr\/produit\/mobilier-moderne-table-en-cristal-4-fauteuils-kim-noir-ou-blanc.html\",\"url\":\"https:\/\/www.bagnoitalia.com\/fr\/produit\/mobilier-moderne-table-en-cristal-4-fauteuils-kim-noir-ou-blanc.html\",\"name\":\"Meubles modernes Kim table basse en verre avec 4 fauteuils noir ou blanc\",\"isPartOf\":{\"@id\":\"https:\/\/www.bagnoitalia.com\/fr#website\"},\"primaryImageOfPage\":{\"@id\":\"https:\/\/www.bagnoitalia.com\/fr\/produit\/mobilier-moderne-table-en-cristal-4-fauteuils-kim-noir-ou-blanc.html#primaryimage\"},\"image\":{\"@id\":\"https:\/\/www.bagnoitalia.com\/fr\/produit\/mobilier-moderne-table-en-cristal-4-fauteuils-kim-noir-ou-blanc.html#primaryimage\"},\"thumbnailUrl\":\"https:\/\/img.bagnoitalia.com\/wp-content\/uploads\/virtuemart\/product\/Modern-furnishing-black-or-white-4-armchairs-crystal-table-1.jpg\",\"datePublished\":\"2016-04-15T08:05:12+00:00\",\"dateModified\":\"2025-06-09T09:14:36+00:00\",\"description\":\"Mobilier moderne mod\u00e8le Kim disponible en noir ou blanc avec 4 fauteuils et une petite table en cristal\",\"breadcrumb\":{\"@id\":\"https:\/\/www.bagnoitalia.com\/fr\/produit\/mobilier-moderne-table-en-cristal-4-fauteuils-kim-noir-ou-blanc.html#breadcrumb\"},\"inLanguage\":\"fr-FR\",\"potentialAction\":[{\"@type\":\"ReadAction\",\"target\":[\"https:\/\/www.bagnoitalia.com\/fr\/produit\/mobilier-moderne-table-en-cristal-4-fauteuils-kim-noir-ou-blanc.html\"]}]},{\"@type\":\"ImageObject\",\"inLanguage\":\"fr-FR\",\"@id\":\"https:\/\/www.bagnoitalia.com\/fr\/produit\/mobilier-moderne-table-en-cristal-4-fauteuils-kim-noir-ou-blanc.html#primaryimage\",\"url\":\"https:\/\/img.bagnoitalia.com\/wp-content\/uploads\/virtuemart\/product\/Modern-furnishing-black-or-white-4-armchairs-crystal-table-1.jpg\",\"contentUrl\":\"https:\/\/img.bagnoitalia.com\/wp-content\/uploads\/virtuemart\/product\/Modern-furnishing-black-or-white-4-armchairs-crystal-table-1.jpg\",\"width\":199,\"height\":200},{\"@type\":\"BreadcrumbList\",\"@id\":\"https:\/\/www.bagnoitalia.com\/fr\/produit\/mobilier-moderne-table-en-cristal-4-fauteuils-kim-noir-ou-blanc.html#breadcrumb\",\"itemListElement\":[{\"@type\":\"ListItem\",\"position\":1,\"name\":\"Home\",\"item\":\"https:\/\/www.bagnoitalia.com\/fr\"},{\"@type\":\"ListItem\",\"position\":2,\"name\":\"Produits\",\"item\":\"https:\/\/www.bagnoitalia.com\/fr\/shop\"},{\"@type\":\"ListItem\",\"position\":3,\"name\":\"Meubles modernes Kim table basse en verre avec 4 fauteuils noir ou blanc\"}]},{\"@type\":\"WebSite\",\"@id\":\"https:\/\/www.bagnoitalia.com\/fr#website\",\"url\":\"https:\/\/www.bagnoitalia.com\/fr\",\"name\":\"Bagno Italia\",\"description\":\"\",\"publisher\":{\"@id\":\"https:\/\/www.bagnoitalia.com\/fr#organization\"},\"potentialAction\":[{\"@type\":\"SearchAction\",\"target\":{\"@type\":\"EntryPoint\",\"urlTemplate\":\"https:\/\/www.bagnoitalia.com\/fr?s={search_term_string}\"},\"query-input\":{\"@type\":\"PropertyValueSpecification\",\"valueRequired\":true,\"valueName\":\"search_term_string\"}}],\"inLanguage\":\"fr-FR\"},{\"@type\":\"Organization\",\"@id\":\"https:\/\/www.bagnoitalia.com\/fr#organization\",\"name\":\"Bagno Italia\",\"url\":\"https:\/\/www.bagnoitalia.com\/fr\",\"logo\":{\"@type\":\"ImageObject\",\"inLanguage\":\"fr-FR\",\"@id\":\"https:\/\/www.bagnoitalia.com\/fr#\/schema\/logo\/image\/\",\"url\":\"https:\/\/img.bagnoitalia.com\/wp-content\/uploads\/logo-bagnoitalia.webp\",\"contentUrl\":\"https:\/\/img.bagnoitalia.com\/wp-content\/uploads\/logo-bagnoitalia.webp\",\"width\":400,\"height\":70,\"caption\":\"Bagno Italia\"},\"image\":{\"@id\":\"https:\/\/www.bagnoitalia.com\/fr#\/schema\/logo\/image\/\"}}]}<\/script>\n<!-- \/ Yoast SEO plugin. -->","yoast_head_json":{"title":"Meubles modernes Kim table basse en verre avec 4 fauteuils noir ou blanc","description":"Mobilier moderne mod\u00e8le Kim disponible en noir ou blanc avec 4 fauteuils et une petite table en cristal","robots":{"index":"index","follow":"follow","max-snippet":"max-snippet:-1","max-image-preview":"max-image-preview:large","max-video-preview":"max-video-preview:-1"},"canonical":"https:\/\/www.bagnoitalia.com\/fr\/produit\/mobilier-moderne-table-en-cristal-4-fauteuils-kim-noir-ou-blanc.html","og_locale":"fr_FR","og_type":"article","og_title":"Meubles modernes Kim table basse en verre avec 4 fauteuils noir ou blanc","og_description":"Mobilier moderne mod\u00e8le Kim disponible en noir ou blanc avec 4 fauteuils et une petite table en cristal","og_url":"https:\/\/www.bagnoitalia.com\/fr\/produit\/mobilier-moderne-table-en-cristal-4-fauteuils-kim-noir-ou-blanc.html","og_site_name":"Bagno Italia","article_modified_time":"2025-06-09T09:14:36+00:00","og_image":[{"width":199,"height":200,"url":"https:\/\/img.bagnoitalia.com\/wp-content\/uploads\/virtuemart\/product\/Modern-furnishing-black-or-white-4-armchairs-crystal-table-1.jpg","type":"image\/jpeg"}],"twitter_card":"summary_large_image","twitter_misc":{"Dur\u00e9e de lecture estim\u00e9e":"2 minutes"},"schema":{"@context":"https:\/\/schema.org","@graph":[{"@type":"WebPage","@id":"https:\/\/www.bagnoitalia.com\/fr\/produit\/mobilier-moderne-table-en-cristal-4-fauteuils-kim-noir-ou-blanc.html","url":"https:\/\/www.bagnoitalia.com\/fr\/produit\/mobilier-moderne-table-en-cristal-4-fauteuils-kim-noir-ou-blanc.html","name":"Meubles modernes Kim table basse en verre avec 4 fauteuils noir ou blanc","isPartOf":{"@id":"https:\/\/www.bagnoitalia.com\/fr#website"},"primaryImageOfPage":{"@id":"https:\/\/www.bagnoitalia.com\/fr\/produit\/mobilier-moderne-table-en-cristal-4-fauteuils-kim-noir-ou-blanc.html#primaryimage"},"image":{"@id":"https:\/\/www.bagnoitalia.com\/fr\/produit\/mobilier-moderne-table-en-cristal-4-fauteuils-kim-noir-ou-blanc.html#primaryimage"},"thumbnailUrl":"https:\/\/img.bagnoitalia.com\/wp-content\/uploads\/virtuemart\/product\/Modern-furnishing-black-or-white-4-armchairs-crystal-table-1.jpg","datePublished":"2016-04-15T08:05:12+00:00","dateModified":"2025-06-09T09:14:36+00:00","description":"Mobilier moderne mod\u00e8le Kim disponible en noir ou blanc avec 4 fauteuils et une petite table en cristal","breadcrumb":{"@id":"https:\/\/www.bagnoitalia.com\/fr\/produit\/mobilier-moderne-table-en-cristal-4-fauteuils-kim-noir-ou-blanc.html#breadcrumb"},"inLanguage":"fr-FR","potentialAction":[{"@type":"ReadAction","target":["https:\/\/www.bagnoitalia.com\/fr\/produit\/mobilier-moderne-table-en-cristal-4-fauteuils-kim-noir-ou-blanc.html"]}]},{"@type":"ImageObject","inLanguage":"fr-FR","@id":"https:\/\/www.bagnoitalia.com\/fr\/produit\/mobilier-moderne-table-en-cristal-4-fauteuils-kim-noir-ou-blanc.html#primaryimage","url":"https:\/\/img.bagnoitalia.com\/wp-content\/uploads\/virtuemart\/product\/Modern-furnishing-black-or-white-4-armchairs-crystal-table-1.jpg","contentUrl":"https:\/\/img.bagnoitalia.com\/wp-content\/uploads\/virtuemart\/product\/Modern-furnishing-black-or-white-4-armchairs-crystal-table-1.jpg","width":199,"height":200},{"@type":"BreadcrumbList","@id":"https:\/\/www.bagnoitalia.com\/fr\/produit\/mobilier-moderne-table-en-cristal-4-fauteuils-kim-noir-ou-blanc.html#breadcrumb","itemListElement":[{"@type":"ListItem","position":1,"name":"Home","item":"https:\/\/www.bagnoitalia.com\/fr"},{"@type":"ListItem","position":2,"name":"Produits","item":"https:\/\/www.bagnoitalia.com\/fr\/shop"},{"@type":"ListItem","position":3,"name":"Meubles modernes Kim table basse en verre avec 4 fauteuils noir ou blanc"}]},{"@type":"WebSite","@id":"https:\/\/www.bagnoitalia.com\/fr#website","url":"https:\/\/www.bagnoitalia.com\/fr","name":"Bagno Italia","description":"","publisher":{"@id":"https:\/\/www.bagnoitalia.com\/fr#organization"},"potentialAction":[{"@type":"SearchAction","target":{"@type":"EntryPoint","urlTemplate":"https:\/\/www.bagnoitalia.com\/fr?s={search_term_string}"},"query-input":{"@type":"PropertyValueSpecification","valueRequired":true,"valueName":"search_term_string"}}],"inLanguage":"fr-FR"},{"@type":"Organization","@id":"https:\/\/www.bagnoitalia.com\/fr#organization","name":"Bagno Italia","url":"https:\/\/www.bagnoitalia.com\/fr","logo":{"@type":"ImageObject","inLanguage":"fr-FR","@id":"https:\/\/www.bagnoitalia.com\/fr#\/schema\/logo\/image\/","url":"https:\/\/img.bagnoitalia.com\/wp-content\/uploads\/logo-bagnoitalia.webp","contentUrl":"https:\/\/img.bagnoitalia.com\/wp-content\/uploads\/logo-bagnoitalia.webp","width":400,"height":70,"caption":"Bagno Italia"},"image":{"@id":"https:\/\/www.bagnoitalia.com\/fr#\/schema\/logo\/image\/"}}]}},"_links":{"self":[{"href":"https:\/\/www.bagnoitalia.com\/fr\/wp-json\/wp\/v2\/product\/79974","targetHints":{"allow":["GET"]}}],"collection":[{"href":"https:\/\/www.bagnoitalia.com\/fr\/wp-json\/wp\/v2\/product"}],"about":[{"href":"https:\/\/www.bagnoitalia.com\/fr\/wp-json\/wp\/v2\/types\/product"}],"replies":[{"embeddable":true,"href":"https:\/\/www.bagnoitalia.com\/fr\/wp-json\/wp\/v2\/comments?post=79974"}],"version-history":[{"count":2,"href":"https:\/\/www.bagnoitalia.com\/fr\/wp-json\/wp\/v2\/product\/79974\/revisions"}],"predecessor-version":[{"id":108970,"href":"https:\/\/www.bagnoitalia.com\/fr\/wp-json\/wp\/v2\/product\/79974\/revisions\/108970"}],"wp:featuredmedia":[{"embeddable":true,"href":"https:\/\/www.bagnoitalia.com\/fr\/wp-json\/wp\/v2\/media\/30518"}],"wp:attachment":[{"href":"https:\/\/www.bagnoitalia.com\/fr\/wp-json\/wp\/v2\/media?parent=79974"}],"wp:term":[{"taxonomy":"product_brand","embeddable":true,"href":"https:\/\/www.bagnoitalia.com\/fr\/wp-json\/wp\/v2\/product_brand?post=79974"},{"taxonomy":"product_cat","embeddable":true,"href":"https:\/\/www.bagnoitalia.com\/fr\/wp-json\/wp\/v2\/product_cat?post=79974"},{"taxonomy":"product_tag","embeddable":true,"href":"https:\/\/www.bagnoitalia.com\/fr\/wp-json\/wp\/v2\/product_tag?post=79974"}],"curies":[{"name":"wp","href":"https:\/\/api.w.org\/{rel}","templated":true}]}}