{"id":79970,"date":"2016-04-15T09:28:49","date_gmt":"2016-04-15T07:28:49","guid":{"rendered":"https:\/\/www.bagnoitalia.com\/product\/double-bonnie-furniture-deux-petits-fauteuils-rouges"},"modified":"2024-05-10T23:54:20","modified_gmt":"2024-05-10T21:54:20","slug":"double-bonnie-furniture-deux-petits-fauteuils-rouges","status":"publish","type":"product","link":"https:\/\/www.bagnoitalia.com\/fr\/produit\/double-bonnie-furniture-deux-petits-fauteuils-rouges.html","title":{"rendered":"Meubles d\u2019ext\u00e9rieur Bonnie avec un table basse et deux petits fauteuils et coussins rouges"},"content":{"rendered":"<h1 class=\"western\" style=\"margin-top: 0cm; margin-bottom: 0cm;\"><span style=\"font-size: 14pt;\"><strong><span style=\"font-size: medium;\"><span style=\"text-decoration: underline;\"><strong>Meubles d&rsquo;ext\u00e9rieur&nbsp;<strong>Bonnie&nbsp;<\/strong><\/strong><\/span><\/span><\/strong><\/span><span style=\"font-size: 14pt;\"><strong><span style=\"font-size: medium;\"><span style=\"text-decoration: underline;\"><strong>65&#215;66 cm avec coussins rouges<\/strong><\/span><\/span><\/strong><\/span><\/h1>\n<h1><\/h1>\n<h1 class=\"western\" style=\"margin-top: 0cm; margin-bottom: 0cm; font-weight: normal;\"><span style=\"font-size: 8pt;\"><\/span><span style=\"font-size: small;\">Fauteuils: dimensions 65&#215;66 cm<\/span><\/h1>\n<h1 class=\"western\" style=\"margin-top: 0cm; margin-bottom: 0cm; font-weight: normal;\"><span style=\"font-size: small;\">Table basse: dimensions 65&#215;36 cm<\/span><\/h1>\n<h1 class=\"western\" style=\"margin-top: 0cm; margin-bottom: 0cm; font-weight: normal;\"><span style=\"font-size: small;\">Coussins rouges de 8 cm d&rsquo;\u00e9paisseur<\/span><\/h1>\n<h1 class=\"western\" style=\"margin-top: 0cm; margin-bottom: 0cm;\"><span style=\"font-size: 12pt;\"><\/span><\/h1>\n<\/p>\n<p style=\"margin-bottom: 0cm;\"><span style=\"font-size: medium;\"><strong><span style=\"text-decoration: underline;\">Caract\u00e9ristiques:<\/span><\/strong><\/span><\/p>\n<ul>\n<li class=\"western\" style=\"margin-top: 0cm; margin-bottom: 0cm; font-weight: normal;\"><span style=\"font-size: small;\">R\u00e9sistant \u00e0 tous les types de temps et utilisable tout l&rsquo;ann\u00e9e<\/span><\/li>\n<li class=\"western\" style=\"margin-top: 0cm; margin-bottom: 0cm; font-weight: normal;\"><span style=\"font-size: small;\">Nettoyage facile;<\/span><\/li>\n<li class=\"western\" style=\"margin-top: 0cm; margin-bottom: 0cm; font-weight: normal;\"><span style=\"font-size: small;\">Fini \u00e0 la main;<\/span><\/li>\n<li class=\"western\" style=\"margin-top: 0cm; margin-bottom: 0cm; font-weight: normal;\"><span style=\"font-size: small;\">Doublure coussins amovibles<\/span><\/li>\n<li class=\"western\" style=\"margin-top: 0cm; margin-bottom: 0cm; font-weight: normal;\"><span style=\"font-size: small;\">R\u00e9sistance \u00e0 l&rsquo;eau sal\u00e9e;<\/span><\/li>\n<li class=\"western\" style=\"margin-top: 0cm; margin-bottom: 0cm; font-weight: normal;\"><span style=\"font-size: small;\">Meubles 100% polyrattan d&rsquo;excellente qualit\u00e9<\/span><\/li>\n<li class=\"western\" style=\"margin-top: 0cm; margin-bottom: 0cm; font-weight: normal;\"><span style=\"font-size: small;\">R\u00e9sistant aux rayons UV et anti-d\u00e9coloration<\/span><\/li>\n<li class=\"western\" style=\"margin-top: 0cm; margin-bottom: 0cm; font-weight: normal;\"><span style=\"font-size: small;\">Coussins imperm\u00e9ables<\/span><\/li>\n<li class=\"western\" style=\"margin-top: 0cm; margin-bottom: 0cm; font-weight: normal;\"><span style=\"font-size: small;\">Cadre renforc\u00e9<\/span><\/li>\n<\/ul>\n<p style=\"text-align: justify;\"><span style=\"text-decoration: underline;\"><span class=\"pinfo\"><\/span><\/span><\/p>\n","protected":false},"excerpt":{"rendered":"<p>Meuble mod\u00e8le Bonnie compos\u00e9 d\u2019une  table basse et de deux fauteuils \u00e0 coussins rouges<\/p>\n","protected":false},"featured_media":30502,"comment_status":"open","ping_status":"closed","template":"","meta":[],"product_brand":[5021],"product_cat":[10027,9783],"product_tag":[],"class_list":{"0":"post-79970","1":"product","2":"type-product","3":"status-publish","4":"has-post-thumbnail","6":"product_brand-predator-arredo-casa","7":"product_cat-tables-avec-chaises","8":"product_cat-mobilier-d-39-exterieur","10":"first","11":"instock","12":"sale","13":"taxable","14":"shipping-taxable","15":"purchasable","16":"product-type-simple"},"exclude_global_add_ons":[],"addons":[],"yoast_head":"<!-- This site is optimized with the Yoast SEO plugin v26.7 - https:\/\/yoast.com\/wordpress\/plugins\/seo\/ -->\n<title>Meubles d\u2019ext\u00e9rieur Bonnie avec un table basse et deux petits fauteuils et coussins rouges<\/title>\n<meta name=\"description\" content=\"Meuble mod\u00e8le Bonnie double compos\u00e9 de deux fauteuils et d&#039;une petite table \u00e0 coussins rouges\" \/>\n<meta name=\"robots\" content=\"index, follow, max-snippet:-1, max-image-preview:large, max-video-preview:-1\" \/>\n<link rel=\"canonical\" href=\"https:\/\/www.bagnoitalia.com\/fr\/produit\/double-bonnie-furniture-deux-petits-fauteuils-rouges.html\" \/>\n<meta property=\"og:locale\" content=\"fr_FR\" \/>\n<meta property=\"og:type\" content=\"article\" \/>\n<meta property=\"og:title\" content=\"Meubles d\u2019ext\u00e9rieur Bonnie avec un table basse et deux petits fauteuils et coussins rouges\" \/>\n<meta property=\"og:description\" content=\"Meuble mod\u00e8le Bonnie double compos\u00e9 de deux fauteuils et d&#039;une petite table \u00e0 coussins rouges\" \/>\n<meta property=\"og:url\" content=\"https:\/\/www.bagnoitalia.com\/fr\/produit\/double-bonnie-furniture-deux-petits-fauteuils-rouges.html\" \/>\n<meta property=\"og:site_name\" content=\"Bagno Italia\" \/>\n<meta property=\"article:modified_time\" content=\"2024-05-10T21:54:20+00:00\" \/>\n<meta property=\"og:image\" content=\"https:\/\/img.bagnoitalia.com\/wp-content\/uploads\/virtuemart\/product\/Two-armchairs-red-cushions-coffee-table-Bonnie-model-furnishing-1.jpg\" \/>\n\t<meta property=\"og:image:width\" content=\"200\" \/>\n\t<meta property=\"og:image:height\" content=\"200\" \/>\n\t<meta property=\"og:image:type\" content=\"image\/jpeg\" \/>\n<meta name=\"twitter:card\" content=\"summary_large_image\" \/>\n<script type=\"application\/ld+json\" class=\"yoast-schema-graph\">{\"@context\":\"https:\/\/schema.org\",\"@graph\":[{\"@type\":\"WebPage\",\"@id\":\"https:\/\/www.bagnoitalia.com\/fr\/produit\/double-bonnie-furniture-deux-petits-fauteuils-rouges.html\",\"url\":\"https:\/\/www.bagnoitalia.com\/fr\/produit\/double-bonnie-furniture-deux-petits-fauteuils-rouges.html\",\"name\":\"Meubles d\u2019ext\u00e9rieur Bonnie avec un table basse et deux petits fauteuils et coussins rouges\",\"isPartOf\":{\"@id\":\"https:\/\/www.bagnoitalia.com\/fr#website\"},\"primaryImageOfPage\":{\"@id\":\"https:\/\/www.bagnoitalia.com\/fr\/produit\/double-bonnie-furniture-deux-petits-fauteuils-rouges.html#primaryimage\"},\"image\":{\"@id\":\"https:\/\/www.bagnoitalia.com\/fr\/produit\/double-bonnie-furniture-deux-petits-fauteuils-rouges.html#primaryimage\"},\"thumbnailUrl\":\"https:\/\/img.bagnoitalia.com\/wp-content\/uploads\/virtuemart\/product\/Two-armchairs-red-cushions-coffee-table-Bonnie-model-furnishing-1.jpg\",\"datePublished\":\"2016-04-15T07:28:49+00:00\",\"dateModified\":\"2024-05-10T21:54:20+00:00\",\"description\":\"Meuble mod\u00e8le Bonnie double compos\u00e9 de deux fauteuils et d&#39;une petite table \u00e0 coussins rouges\",\"breadcrumb\":{\"@id\":\"https:\/\/www.bagnoitalia.com\/fr\/produit\/double-bonnie-furniture-deux-petits-fauteuils-rouges.html#breadcrumb\"},\"inLanguage\":\"fr-FR\",\"potentialAction\":[{\"@type\":\"ReadAction\",\"target\":[\"https:\/\/www.bagnoitalia.com\/fr\/produit\/double-bonnie-furniture-deux-petits-fauteuils-rouges.html\"]}]},{\"@type\":\"ImageObject\",\"inLanguage\":\"fr-FR\",\"@id\":\"https:\/\/www.bagnoitalia.com\/fr\/produit\/double-bonnie-furniture-deux-petits-fauteuils-rouges.html#primaryimage\",\"url\":\"https:\/\/img.bagnoitalia.com\/wp-content\/uploads\/virtuemart\/product\/Two-armchairs-red-cushions-coffee-table-Bonnie-model-furnishing-1.jpg\",\"contentUrl\":\"https:\/\/img.bagnoitalia.com\/wp-content\/uploads\/virtuemart\/product\/Two-armchairs-red-cushions-coffee-table-Bonnie-model-furnishing-1.jpg\",\"width\":200,\"height\":200},{\"@type\":\"BreadcrumbList\",\"@id\":\"https:\/\/www.bagnoitalia.com\/fr\/produit\/double-bonnie-furniture-deux-petits-fauteuils-rouges.html#breadcrumb\",\"itemListElement\":[{\"@type\":\"ListItem\",\"position\":1,\"name\":\"Home\",\"item\":\"https:\/\/www.bagnoitalia.com\/fr\"},{\"@type\":\"ListItem\",\"position\":2,\"name\":\"Produits\",\"item\":\"https:\/\/www.bagnoitalia.com\/fr\/shop\"},{\"@type\":\"ListItem\",\"position\":3,\"name\":\"Meubles d\u2019ext\u00e9rieur Bonnie avec un table basse et deux petits fauteuils et coussins rouges\"}]},{\"@type\":\"WebSite\",\"@id\":\"https:\/\/www.bagnoitalia.com\/fr#website\",\"url\":\"https:\/\/www.bagnoitalia.com\/fr\",\"name\":\"Bagno Italia\",\"description\":\"\",\"publisher\":{\"@id\":\"https:\/\/www.bagnoitalia.com\/fr#organization\"},\"potentialAction\":[{\"@type\":\"SearchAction\",\"target\":{\"@type\":\"EntryPoint\",\"urlTemplate\":\"https:\/\/www.bagnoitalia.com\/fr?s={search_term_string}\"},\"query-input\":{\"@type\":\"PropertyValueSpecification\",\"valueRequired\":true,\"valueName\":\"search_term_string\"}}],\"inLanguage\":\"fr-FR\"},{\"@type\":\"Organization\",\"@id\":\"https:\/\/www.bagnoitalia.com\/fr#organization\",\"name\":\"Bagno Italia\",\"url\":\"https:\/\/www.bagnoitalia.com\/fr\",\"logo\":{\"@type\":\"ImageObject\",\"inLanguage\":\"fr-FR\",\"@id\":\"https:\/\/www.bagnoitalia.com\/fr#\/schema\/logo\/image\/\",\"url\":\"https:\/\/img.bagnoitalia.com\/wp-content\/uploads\/logo-bagnoitalia.webp\",\"contentUrl\":\"https:\/\/img.bagnoitalia.com\/wp-content\/uploads\/logo-bagnoitalia.webp\",\"width\":400,\"height\":70,\"caption\":\"Bagno Italia\"},\"image\":{\"@id\":\"https:\/\/www.bagnoitalia.com\/fr#\/schema\/logo\/image\/\"}}]}<\/script>\n<!-- \/ Yoast SEO plugin. -->","yoast_head_json":{"title":"Meubles d\u2019ext\u00e9rieur Bonnie avec un table basse et deux petits fauteuils et coussins rouges","description":"Meuble mod\u00e8le Bonnie double compos\u00e9 de deux fauteuils et d&#39;une petite table \u00e0 coussins rouges","robots":{"index":"index","follow":"follow","max-snippet":"max-snippet:-1","max-image-preview":"max-image-preview:large","max-video-preview":"max-video-preview:-1"},"canonical":"https:\/\/www.bagnoitalia.com\/fr\/produit\/double-bonnie-furniture-deux-petits-fauteuils-rouges.html","og_locale":"fr_FR","og_type":"article","og_title":"Meubles d\u2019ext\u00e9rieur Bonnie avec un table basse et deux petits fauteuils et coussins rouges","og_description":"Meuble mod\u00e8le Bonnie double compos\u00e9 de deux fauteuils et d&#39;une petite table \u00e0 coussins rouges","og_url":"https:\/\/www.bagnoitalia.com\/fr\/produit\/double-bonnie-furniture-deux-petits-fauteuils-rouges.html","og_site_name":"Bagno Italia","article_modified_time":"2024-05-10T21:54:20+00:00","og_image":[{"width":200,"height":200,"url":"https:\/\/img.bagnoitalia.com\/wp-content\/uploads\/virtuemart\/product\/Two-armchairs-red-cushions-coffee-table-Bonnie-model-furnishing-1.jpg","type":"image\/jpeg"}],"twitter_card":"summary_large_image","schema":{"@context":"https:\/\/schema.org","@graph":[{"@type":"WebPage","@id":"https:\/\/www.bagnoitalia.com\/fr\/produit\/double-bonnie-furniture-deux-petits-fauteuils-rouges.html","url":"https:\/\/www.bagnoitalia.com\/fr\/produit\/double-bonnie-furniture-deux-petits-fauteuils-rouges.html","name":"Meubles d\u2019ext\u00e9rieur Bonnie avec un table basse et deux petits fauteuils et coussins rouges","isPartOf":{"@id":"https:\/\/www.bagnoitalia.com\/fr#website"},"primaryImageOfPage":{"@id":"https:\/\/www.bagnoitalia.com\/fr\/produit\/double-bonnie-furniture-deux-petits-fauteuils-rouges.html#primaryimage"},"image":{"@id":"https:\/\/www.bagnoitalia.com\/fr\/produit\/double-bonnie-furniture-deux-petits-fauteuils-rouges.html#primaryimage"},"thumbnailUrl":"https:\/\/img.bagnoitalia.com\/wp-content\/uploads\/virtuemart\/product\/Two-armchairs-red-cushions-coffee-table-Bonnie-model-furnishing-1.jpg","datePublished":"2016-04-15T07:28:49+00:00","dateModified":"2024-05-10T21:54:20+00:00","description":"Meuble mod\u00e8le Bonnie double compos\u00e9 de deux fauteuils et d&#39;une petite table \u00e0 coussins rouges","breadcrumb":{"@id":"https:\/\/www.bagnoitalia.com\/fr\/produit\/double-bonnie-furniture-deux-petits-fauteuils-rouges.html#breadcrumb"},"inLanguage":"fr-FR","potentialAction":[{"@type":"ReadAction","target":["https:\/\/www.bagnoitalia.com\/fr\/produit\/double-bonnie-furniture-deux-petits-fauteuils-rouges.html"]}]},{"@type":"ImageObject","inLanguage":"fr-FR","@id":"https:\/\/www.bagnoitalia.com\/fr\/produit\/double-bonnie-furniture-deux-petits-fauteuils-rouges.html#primaryimage","url":"https:\/\/img.bagnoitalia.com\/wp-content\/uploads\/virtuemart\/product\/Two-armchairs-red-cushions-coffee-table-Bonnie-model-furnishing-1.jpg","contentUrl":"https:\/\/img.bagnoitalia.com\/wp-content\/uploads\/virtuemart\/product\/Two-armchairs-red-cushions-coffee-table-Bonnie-model-furnishing-1.jpg","width":200,"height":200},{"@type":"BreadcrumbList","@id":"https:\/\/www.bagnoitalia.com\/fr\/produit\/double-bonnie-furniture-deux-petits-fauteuils-rouges.html#breadcrumb","itemListElement":[{"@type":"ListItem","position":1,"name":"Home","item":"https:\/\/www.bagnoitalia.com\/fr"},{"@type":"ListItem","position":2,"name":"Produits","item":"https:\/\/www.bagnoitalia.com\/fr\/shop"},{"@type":"ListItem","position":3,"name":"Meubles d\u2019ext\u00e9rieur Bonnie avec un table basse et deux petits fauteuils et coussins rouges"}]},{"@type":"WebSite","@id":"https:\/\/www.bagnoitalia.com\/fr#website","url":"https:\/\/www.bagnoitalia.com\/fr","name":"Bagno Italia","description":"","publisher":{"@id":"https:\/\/www.bagnoitalia.com\/fr#organization"},"potentialAction":[{"@type":"SearchAction","target":{"@type":"EntryPoint","urlTemplate":"https:\/\/www.bagnoitalia.com\/fr?s={search_term_string}"},"query-input":{"@type":"PropertyValueSpecification","valueRequired":true,"valueName":"search_term_string"}}],"inLanguage":"fr-FR"},{"@type":"Organization","@id":"https:\/\/www.bagnoitalia.com\/fr#organization","name":"Bagno Italia","url":"https:\/\/www.bagnoitalia.com\/fr","logo":{"@type":"ImageObject","inLanguage":"fr-FR","@id":"https:\/\/www.bagnoitalia.com\/fr#\/schema\/logo\/image\/","url":"https:\/\/img.bagnoitalia.com\/wp-content\/uploads\/logo-bagnoitalia.webp","contentUrl":"https:\/\/img.bagnoitalia.com\/wp-content\/uploads\/logo-bagnoitalia.webp","width":400,"height":70,"caption":"Bagno Italia"},"image":{"@id":"https:\/\/www.bagnoitalia.com\/fr#\/schema\/logo\/image\/"}}]}},"_links":{"self":[{"href":"https:\/\/www.bagnoitalia.com\/fr\/wp-json\/wp\/v2\/product\/79970","targetHints":{"allow":["GET"]}}],"collection":[{"href":"https:\/\/www.bagnoitalia.com\/fr\/wp-json\/wp\/v2\/product"}],"about":[{"href":"https:\/\/www.bagnoitalia.com\/fr\/wp-json\/wp\/v2\/types\/product"}],"replies":[{"embeddable":true,"href":"https:\/\/www.bagnoitalia.com\/fr\/wp-json\/wp\/v2\/comments?post=79970"}],"version-history":[{"count":0,"href":"https:\/\/www.bagnoitalia.com\/fr\/wp-json\/wp\/v2\/product\/79970\/revisions"}],"wp:featuredmedia":[{"embeddable":true,"href":"https:\/\/www.bagnoitalia.com\/fr\/wp-json\/wp\/v2\/media\/30502"}],"wp:attachment":[{"href":"https:\/\/www.bagnoitalia.com\/fr\/wp-json\/wp\/v2\/media?parent=79970"}],"wp:term":[{"taxonomy":"product_brand","embeddable":true,"href":"https:\/\/www.bagnoitalia.com\/fr\/wp-json\/wp\/v2\/product_brand?post=79970"},{"taxonomy":"product_cat","embeddable":true,"href":"https:\/\/www.bagnoitalia.com\/fr\/wp-json\/wp\/v2\/product_cat?post=79970"},{"taxonomy":"product_tag","embeddable":true,"href":"https:\/\/www.bagnoitalia.com\/fr\/wp-json\/wp\/v2\/product_tag?post=79970"}],"curies":[{"name":"wp","href":"https:\/\/api.w.org\/{rel}","templated":true}]}}