{"id":79926,"date":"2016-04-11T10:57:56","date_gmt":"2016-04-11T08:57:56","guid":{"rendered":"https:\/\/www.bagnoitalia.com\/product\/mobilier-d-39-exterieur-wendy-250x80-canape-circulaire-grande-table-en-cristal-noir-blanc"},"modified":"2025-06-18T16:22:28","modified_gmt":"2025-06-18T14:22:28","slug":"mobilier-d-39-exterieur-wendy-250x80-canape-circulaire-grande-table-en-cristal-noir-blanc","status":"publish","type":"product","link":"https:\/\/www.bagnoitalia.com\/fr\/produit\/mobilier-d-39-exterieur-wendy-250x80-canape-circulaire-grande-table-en-cristal-noir-blanc.html","title":{"rendered":"Mobilier d&rsquo;ext\u00e9rieur Wendy 250&#215;80 canap\u00e9 circulaire blanc ou noir avec table et coussins"},"content":{"rendered":"<p>Meubles d&rsquo;ext\u00e9rieur Wendy<\/p>\n<p>&nbsp;<\/p>\n<p>CARACT\u00c9RISTIQUES DU PRODUIT<\/p>\n<p>Meuble d&rsquo;ext\u00e9rieur compos\u00e9 d&rsquo;un canap\u00e9 rond s\u00e9parable et d&rsquo;une table basse<\/p>\n<p>Structure disponible en blanc ou en noir (choisir la couleur dans le menu d\u00e9roulant ci-dessus)<\/p>\n<p>Dimensions : 250xP83xH70 cm : 250xD83xH70 cm<\/p>\n<p>Hauteur de l&rsquo;assise \u00e0 partir du sol 40 cm<\/p>\n<p>Table ronde 80xH35 cm<\/p>\n<p>&nbsp;<\/p>\n<p>&nbsp;<\/p>\n<p>MAT\u00c9RIAUX ET AUTRES SP\u00c9CIFICATIONS<\/p>\n<p>Structure du canap\u00e9 et de la table basse : polyrattan<\/p>\n<p>Plateau de table : verre de 5 mm d&rsquo;\u00e9paisseur<\/p>\n<p>Coussins de 8 cm d&rsquo;\u00e9paisseur<\/p>\n<p>Facile \u00e0 laver<\/p>\n<p>Housse de coussin amovible<\/p>\n<p>R\u00e9sistant \u00e0 l&rsquo;eau de mer et aux intemp\u00e9ries<\/p>\n<p>R\u00e9sistant aux UV et \u00e0 la d\u00e9coloration<\/p>\n","protected":false},"excerpt":{"rendered":"<p>Ensemble d&rsquo;ext\u00e9rieur compos\u00e9 d&rsquo;un canap\u00e9 rond amovible avec structure en polyrattan (au choix noir ou blanc) et coussins amovibles. Une table basse ronde, avec base en polyrattan et plateau en verre, est \u00e9galement incluse.<\/p>\n","protected":false},"featured_media":109180,"comment_status":"open","ping_status":"closed","template":"","meta":[],"product_brand":[9924],"product_cat":[10012],"product_tag":[],"class_list":{"0":"post-79926","1":"product","2":"type-product","3":"status-publish","4":"has-post-thumbnail","6":"product_brand-predator-arredo-casa-fr","7":"product_cat-canapes-dexterieur","9":"first","10":"instock","11":"sale","12":"taxable","13":"shipping-taxable","14":"purchasable","15":"product-type-simple"},"exclude_global_add_ons":false,"addons":[{"name":"Couleur","type":"multiple_choice","position":0,"required":true,"title_format":"heading","default":"","description_enable":false,"description":"","placeholder_enable":false,"placeholder":"","display":"select","restrictions_type":"any_text","adjust_price":false,"price":"","price_type":"flat_fee","restrictions":false,"min":"0","max":"0","options":[{"label":"blanc","price":"","price_type":"quantity_based","image":0,"visibility":true},{"label":"noir","price":"","price_type":"quantity_based","image":0,"visibility":true}],"id":1750263749}],"yoast_head":"<!-- This site is optimized with the Yoast SEO plugin v26.7 - https:\/\/yoast.com\/wordpress\/plugins\/seo\/ -->\n<title>Meubles d&#039;ext\u00e9rieur Wendy Grand canap\u00e9 circulaire 250x80 table basse en cristal noir ou blanc<\/title>\n<meta name=\"description\" content=\"Le mod\u00e8le de mobilier d&#039;ext\u00e9rieur Wendy mesure 250x80 de forme circulaire avec un grand canap\u00e9 blanc et une table en verre\" \/>\n<meta name=\"robots\" content=\"index, follow, max-snippet:-1, max-image-preview:large, max-video-preview:-1\" \/>\n<link rel=\"canonical\" href=\"https:\/\/www.bagnoitalia.com\/fr\/produit\/mobilier-d-39-exterieur-wendy-250x80-canape-circulaire-grande-table-en-cristal-noir-blanc.html\" \/>\n<meta property=\"og:locale\" content=\"fr_FR\" \/>\n<meta property=\"og:type\" content=\"article\" \/>\n<meta property=\"og:title\" content=\"Meubles d&#039;ext\u00e9rieur Wendy Grand canap\u00e9 circulaire 250x80 table basse en cristal noir ou blanc\" \/>\n<meta property=\"og:description\" content=\"Le mod\u00e8le de mobilier d&#039;ext\u00e9rieur Wendy mesure 250x80 de forme circulaire avec un grand canap\u00e9 blanc et une table en verre\" \/>\n<meta property=\"og:url\" content=\"https:\/\/www.bagnoitalia.com\/fr\/produit\/mobilier-d-39-exterieur-wendy-250x80-canape-circulaire-grande-table-en-cristal-noir-blanc.html\" \/>\n<meta property=\"og:site_name\" content=\"Bagno Italia\" \/>\n<meta property=\"article:modified_time\" content=\"2025-06-18T14:22:28+00:00\" \/>\n<meta property=\"og:image\" content=\"https:\/\/img.bagnoitalia.com\/wp-content\/uploads\/1-33.jpg\" \/>\n\t<meta property=\"og:image:width\" content=\"1000\" \/>\n\t<meta property=\"og:image:height\" content=\"1000\" \/>\n\t<meta property=\"og:image:type\" content=\"image\/jpeg\" \/>\n<meta name=\"twitter:card\" content=\"summary_large_image\" \/>\n<meta name=\"twitter:label1\" content=\"Dur\u00e9e de lecture estim\u00e9e\" \/>\n\t<meta name=\"twitter:data1\" content=\"1 minute\" \/>\n<script type=\"application\/ld+json\" class=\"yoast-schema-graph\">{\"@context\":\"https:\/\/schema.org\",\"@graph\":[{\"@type\":\"WebPage\",\"@id\":\"https:\/\/www.bagnoitalia.com\/fr\/produit\/mobilier-d-39-exterieur-wendy-250x80-canape-circulaire-grande-table-en-cristal-noir-blanc.html\",\"url\":\"https:\/\/www.bagnoitalia.com\/fr\/produit\/mobilier-d-39-exterieur-wendy-250x80-canape-circulaire-grande-table-en-cristal-noir-blanc.html\",\"name\":\"Meubles d'ext\u00e9rieur Wendy Grand canap\u00e9 circulaire 250x80 table basse en cristal noir ou blanc\",\"isPartOf\":{\"@id\":\"https:\/\/www.bagnoitalia.com\/fr#website\"},\"primaryImageOfPage\":{\"@id\":\"https:\/\/www.bagnoitalia.com\/fr\/produit\/mobilier-d-39-exterieur-wendy-250x80-canape-circulaire-grande-table-en-cristal-noir-blanc.html#primaryimage\"},\"image\":{\"@id\":\"https:\/\/www.bagnoitalia.com\/fr\/produit\/mobilier-d-39-exterieur-wendy-250x80-canape-circulaire-grande-table-en-cristal-noir-blanc.html#primaryimage\"},\"thumbnailUrl\":\"https:\/\/img.bagnoitalia.com\/wp-content\/uploads\/1-33.jpg\",\"datePublished\":\"2016-04-11T08:57:56+00:00\",\"dateModified\":\"2025-06-18T14:22:28+00:00\",\"description\":\"Le mod\u00e8le de mobilier d'ext\u00e9rieur Wendy mesure 250x80 de forme circulaire avec un grand canap\u00e9 blanc et une table en verre\",\"breadcrumb\":{\"@id\":\"https:\/\/www.bagnoitalia.com\/fr\/produit\/mobilier-d-39-exterieur-wendy-250x80-canape-circulaire-grande-table-en-cristal-noir-blanc.html#breadcrumb\"},\"inLanguage\":\"fr-FR\",\"potentialAction\":[{\"@type\":\"ReadAction\",\"target\":[\"https:\/\/www.bagnoitalia.com\/fr\/produit\/mobilier-d-39-exterieur-wendy-250x80-canape-circulaire-grande-table-en-cristal-noir-blanc.html\"]}]},{\"@type\":\"ImageObject\",\"inLanguage\":\"fr-FR\",\"@id\":\"https:\/\/www.bagnoitalia.com\/fr\/produit\/mobilier-d-39-exterieur-wendy-250x80-canape-circulaire-grande-table-en-cristal-noir-blanc.html#primaryimage\",\"url\":\"https:\/\/img.bagnoitalia.com\/wp-content\/uploads\/1-33.jpg\",\"contentUrl\":\"https:\/\/img.bagnoitalia.com\/wp-content\/uploads\/1-33.jpg\",\"width\":1000,\"height\":1000},{\"@type\":\"BreadcrumbList\",\"@id\":\"https:\/\/www.bagnoitalia.com\/fr\/produit\/mobilier-d-39-exterieur-wendy-250x80-canape-circulaire-grande-table-en-cristal-noir-blanc.html#breadcrumb\",\"itemListElement\":[{\"@type\":\"ListItem\",\"position\":1,\"name\":\"Home\",\"item\":\"https:\/\/www.bagnoitalia.com\/fr\"},{\"@type\":\"ListItem\",\"position\":2,\"name\":\"Produits\",\"item\":\"https:\/\/www.bagnoitalia.com\/fr\/shop\"},{\"@type\":\"ListItem\",\"position\":3,\"name\":\"Mobilier d&#8217;ext\u00e9rieur Wendy 250&#215;80 canap\u00e9 circulaire blanc ou noir avec table et coussins\"}]},{\"@type\":\"WebSite\",\"@id\":\"https:\/\/www.bagnoitalia.com\/fr#website\",\"url\":\"https:\/\/www.bagnoitalia.com\/fr\",\"name\":\"Bagno Italia\",\"description\":\"\",\"publisher\":{\"@id\":\"https:\/\/www.bagnoitalia.com\/fr#organization\"},\"potentialAction\":[{\"@type\":\"SearchAction\",\"target\":{\"@type\":\"EntryPoint\",\"urlTemplate\":\"https:\/\/www.bagnoitalia.com\/fr?s={search_term_string}\"},\"query-input\":{\"@type\":\"PropertyValueSpecification\",\"valueRequired\":true,\"valueName\":\"search_term_string\"}}],\"inLanguage\":\"fr-FR\"},{\"@type\":\"Organization\",\"@id\":\"https:\/\/www.bagnoitalia.com\/fr#organization\",\"name\":\"Bagno Italia\",\"url\":\"https:\/\/www.bagnoitalia.com\/fr\",\"logo\":{\"@type\":\"ImageObject\",\"inLanguage\":\"fr-FR\",\"@id\":\"https:\/\/www.bagnoitalia.com\/fr#\/schema\/logo\/image\/\",\"url\":\"https:\/\/img.bagnoitalia.com\/wp-content\/uploads\/logo-bagnoitalia.webp\",\"contentUrl\":\"https:\/\/img.bagnoitalia.com\/wp-content\/uploads\/logo-bagnoitalia.webp\",\"width\":400,\"height\":70,\"caption\":\"Bagno Italia\"},\"image\":{\"@id\":\"https:\/\/www.bagnoitalia.com\/fr#\/schema\/logo\/image\/\"}}]}<\/script>\n<!-- \/ Yoast SEO plugin. -->","yoast_head_json":{"title":"Meubles d'ext\u00e9rieur Wendy Grand canap\u00e9 circulaire 250x80 table basse en cristal noir ou blanc","description":"Le mod\u00e8le de mobilier d'ext\u00e9rieur Wendy mesure 250x80 de forme circulaire avec un grand canap\u00e9 blanc et une table en verre","robots":{"index":"index","follow":"follow","max-snippet":"max-snippet:-1","max-image-preview":"max-image-preview:large","max-video-preview":"max-video-preview:-1"},"canonical":"https:\/\/www.bagnoitalia.com\/fr\/produit\/mobilier-d-39-exterieur-wendy-250x80-canape-circulaire-grande-table-en-cristal-noir-blanc.html","og_locale":"fr_FR","og_type":"article","og_title":"Meubles d'ext\u00e9rieur Wendy Grand canap\u00e9 circulaire 250x80 table basse en cristal noir ou blanc","og_description":"Le mod\u00e8le de mobilier d'ext\u00e9rieur Wendy mesure 250x80 de forme circulaire avec un grand canap\u00e9 blanc et une table en verre","og_url":"https:\/\/www.bagnoitalia.com\/fr\/produit\/mobilier-d-39-exterieur-wendy-250x80-canape-circulaire-grande-table-en-cristal-noir-blanc.html","og_site_name":"Bagno Italia","article_modified_time":"2025-06-18T14:22:28+00:00","og_image":[{"width":1000,"height":1000,"url":"https:\/\/img.bagnoitalia.com\/wp-content\/uploads\/1-33.jpg","type":"image\/jpeg"}],"twitter_card":"summary_large_image","twitter_misc":{"Dur\u00e9e de lecture estim\u00e9e":"1 minute"},"schema":{"@context":"https:\/\/schema.org","@graph":[{"@type":"WebPage","@id":"https:\/\/www.bagnoitalia.com\/fr\/produit\/mobilier-d-39-exterieur-wendy-250x80-canape-circulaire-grande-table-en-cristal-noir-blanc.html","url":"https:\/\/www.bagnoitalia.com\/fr\/produit\/mobilier-d-39-exterieur-wendy-250x80-canape-circulaire-grande-table-en-cristal-noir-blanc.html","name":"Meubles d'ext\u00e9rieur Wendy Grand canap\u00e9 circulaire 250x80 table basse en cristal noir ou blanc","isPartOf":{"@id":"https:\/\/www.bagnoitalia.com\/fr#website"},"primaryImageOfPage":{"@id":"https:\/\/www.bagnoitalia.com\/fr\/produit\/mobilier-d-39-exterieur-wendy-250x80-canape-circulaire-grande-table-en-cristal-noir-blanc.html#primaryimage"},"image":{"@id":"https:\/\/www.bagnoitalia.com\/fr\/produit\/mobilier-d-39-exterieur-wendy-250x80-canape-circulaire-grande-table-en-cristal-noir-blanc.html#primaryimage"},"thumbnailUrl":"https:\/\/img.bagnoitalia.com\/wp-content\/uploads\/1-33.jpg","datePublished":"2016-04-11T08:57:56+00:00","dateModified":"2025-06-18T14:22:28+00:00","description":"Le mod\u00e8le de mobilier d'ext\u00e9rieur Wendy mesure 250x80 de forme circulaire avec un grand canap\u00e9 blanc et une table en verre","breadcrumb":{"@id":"https:\/\/www.bagnoitalia.com\/fr\/produit\/mobilier-d-39-exterieur-wendy-250x80-canape-circulaire-grande-table-en-cristal-noir-blanc.html#breadcrumb"},"inLanguage":"fr-FR","potentialAction":[{"@type":"ReadAction","target":["https:\/\/www.bagnoitalia.com\/fr\/produit\/mobilier-d-39-exterieur-wendy-250x80-canape-circulaire-grande-table-en-cristal-noir-blanc.html"]}]},{"@type":"ImageObject","inLanguage":"fr-FR","@id":"https:\/\/www.bagnoitalia.com\/fr\/produit\/mobilier-d-39-exterieur-wendy-250x80-canape-circulaire-grande-table-en-cristal-noir-blanc.html#primaryimage","url":"https:\/\/img.bagnoitalia.com\/wp-content\/uploads\/1-33.jpg","contentUrl":"https:\/\/img.bagnoitalia.com\/wp-content\/uploads\/1-33.jpg","width":1000,"height":1000},{"@type":"BreadcrumbList","@id":"https:\/\/www.bagnoitalia.com\/fr\/produit\/mobilier-d-39-exterieur-wendy-250x80-canape-circulaire-grande-table-en-cristal-noir-blanc.html#breadcrumb","itemListElement":[{"@type":"ListItem","position":1,"name":"Home","item":"https:\/\/www.bagnoitalia.com\/fr"},{"@type":"ListItem","position":2,"name":"Produits","item":"https:\/\/www.bagnoitalia.com\/fr\/shop"},{"@type":"ListItem","position":3,"name":"Mobilier d&#8217;ext\u00e9rieur Wendy 250&#215;80 canap\u00e9 circulaire blanc ou noir avec table et coussins"}]},{"@type":"WebSite","@id":"https:\/\/www.bagnoitalia.com\/fr#website","url":"https:\/\/www.bagnoitalia.com\/fr","name":"Bagno Italia","description":"","publisher":{"@id":"https:\/\/www.bagnoitalia.com\/fr#organization"},"potentialAction":[{"@type":"SearchAction","target":{"@type":"EntryPoint","urlTemplate":"https:\/\/www.bagnoitalia.com\/fr?s={search_term_string}"},"query-input":{"@type":"PropertyValueSpecification","valueRequired":true,"valueName":"search_term_string"}}],"inLanguage":"fr-FR"},{"@type":"Organization","@id":"https:\/\/www.bagnoitalia.com\/fr#organization","name":"Bagno Italia","url":"https:\/\/www.bagnoitalia.com\/fr","logo":{"@type":"ImageObject","inLanguage":"fr-FR","@id":"https:\/\/www.bagnoitalia.com\/fr#\/schema\/logo\/image\/","url":"https:\/\/img.bagnoitalia.com\/wp-content\/uploads\/logo-bagnoitalia.webp","contentUrl":"https:\/\/img.bagnoitalia.com\/wp-content\/uploads\/logo-bagnoitalia.webp","width":400,"height":70,"caption":"Bagno Italia"},"image":{"@id":"https:\/\/www.bagnoitalia.com\/fr#\/schema\/logo\/image\/"}}]}},"_links":{"self":[{"href":"https:\/\/www.bagnoitalia.com\/fr\/wp-json\/wp\/v2\/product\/79926","targetHints":{"allow":["GET"]}}],"collection":[{"href":"https:\/\/www.bagnoitalia.com\/fr\/wp-json\/wp\/v2\/product"}],"about":[{"href":"https:\/\/www.bagnoitalia.com\/fr\/wp-json\/wp\/v2\/types\/product"}],"replies":[{"embeddable":true,"href":"https:\/\/www.bagnoitalia.com\/fr\/wp-json\/wp\/v2\/comments?post=79926"}],"version-history":[{"count":2,"href":"https:\/\/www.bagnoitalia.com\/fr\/wp-json\/wp\/v2\/product\/79926\/revisions"}],"predecessor-version":[{"id":109222,"href":"https:\/\/www.bagnoitalia.com\/fr\/wp-json\/wp\/v2\/product\/79926\/revisions\/109222"}],"wp:featuredmedia":[{"embeddable":true,"href":"https:\/\/www.bagnoitalia.com\/fr\/wp-json\/wp\/v2\/media\/109180"}],"wp:attachment":[{"href":"https:\/\/www.bagnoitalia.com\/fr\/wp-json\/wp\/v2\/media?parent=79926"}],"wp:term":[{"taxonomy":"product_brand","embeddable":true,"href":"https:\/\/www.bagnoitalia.com\/fr\/wp-json\/wp\/v2\/product_brand?post=79926"},{"taxonomy":"product_cat","embeddable":true,"href":"https:\/\/www.bagnoitalia.com\/fr\/wp-json\/wp\/v2\/product_cat?post=79926"},{"taxonomy":"product_tag","embeddable":true,"href":"https:\/\/www.bagnoitalia.com\/fr\/wp-json\/wp\/v2\/product_tag?post=79926"}],"curies":[{"name":"wp","href":"https:\/\/api.w.org\/{rel}","templated":true}]}}