{"id":79922,"date":"2016-04-08T15:54:24","date_gmt":"2016-04-08T13:54:24","guid":{"rendered":"https:\/\/www.bagnoitalia.com\/product\/mobilier-d-39-exterieur-sere-560x75-canape-simple-table-basse-noire-design-moderne"},"modified":"2016-04-08T15:54:24","modified_gmt":"2016-04-08T13:54:24","slug":"mobilier-d-39-exterieur-sere-560x75-canape-simple-table-basse-noire-design-moderne","status":"publish","type":"product","link":"https:\/\/www.bagnoitalia.com\/fr\/produit\/mobilier-d-39-exterieur-sere-560x75-canape-simple-table-basse-noire-design-moderne.html","title":{"rendered":"Mobilier d&rsquo;ext\u00e9rieur Sere 560&#215;75 canap\u00e9 simple table basse noire design moderne"},"content":{"rendered":"<h1 class=\"western\"><span style=\"font-family: Arial,sans-serif;\"><strong><span style=\"font-size: medium;\"><span style=\"text-decoration: underline;\">Mobilier d&rsquo;ext\u00e9rieur Sere 560&#215;75 design moderne noir<\/span><\/span><\/strong><\/span><\/h1>\n<h1 class=\"western\" style=\"font-weight: normal;\"><span style=\"font-family: Arial,sans-serif;\"><span style=\"font-size: small;\">Mobilier compos\u00e9 d&rsquo;un canap\u00e9 de 5,60 m\u00e8tres, de deux tables (une centrale et une en verre tremp\u00e9 de 5 mm) et d&rsquo;une extension lat\u00e9rale<\/span><\/span><\/h1>\n<h1 class=\"western\"><strong><span style=\"font-family: Arial,sans-serif;\"><span style=\"font-size: medium;\">dimensions:<\/span><\/span><\/strong><\/h1>\n<ul style=\"list-style-type: circle;\">\n<li class=\"western\"><strong><span style=\"font-family: Arial,sans-serif;\"><span style=\"font-size: small;\"><span style=\"font-weight: normal;\">MEGA SOFA &lsquo;: 560x75x89cm<\/span><\/span><\/span><\/strong><\/li>\n<li class=\"western\"><strong><span style=\"font-family: Arial,sans-serif;\"><span style=\"font-size: small;\"><span style=\"font-weight: normal;\">TABLEAU: 72x40x68 cm<\/span><\/span><\/span><\/strong><\/li>\n<li class=\"western\"><strong><span style=\"font-family: Arial,sans-serif;\"><span style=\"font-size: small;\"><span style=\"font-weight: normal;\">TABLE CENTRALE: 60x42x32 cm<\/span><\/span><\/span><\/strong><\/li>\n<li class=\"western\"><strong><span style=\"font-family: Arial,sans-serif;\"><span style=\"font-size: small;\"><span style=\"font-weight: normal;\">EXTENSION LAT\u00c9RALE: 77x68x380 cm<\/span><\/span><\/span><\/strong><\/li>\n<li class=\"western\"><strong><span style=\"font-family: Arial,sans-serif;\"><span style=\"font-size: small;\"><span style=\"font-weight: normal;\">ENSEMBLE COMPRENANT LES COUSSINS ROUGES ET BLANCS.<\/span><\/span><\/span><\/strong><\/li>\n<\/ul>\n<h1 class=\"western\"><\/h1>\n<h1 class=\"western\"><strong><span style=\"font-family: Arial,sans-serif;\"><span style=\"font-size: medium;\">CARACT\u00c9RISTIQUES:<\/span><\/span><\/strong><\/h1>\n<ul style=\"list-style-type: circle;\">\n<li class=\"western\"><strong><span style=\"font-family: Arial,sans-serif;\"><span style=\"font-size: small;\"><span style=\"font-weight: normal;\">R\u00e9sistant \u00e0 toutes les conditions m\u00e9t\u00e9orologiques et adapt\u00e9 \u00e0 chaque saison de l&rsquo;ann\u00e9e<\/span><\/span><\/span><\/strong><\/li>\n<li class=\"western\"><strong><span style=\"font-family: Arial,sans-serif;\"><span style=\"font-size: small;\"><span style=\"font-weight: normal;\">Facile \u00e0 laver<\/span><\/span><\/span><\/strong><\/li>\n<li class=\"western\"><strong><span style=\"font-family: Arial,sans-serif;\"><span style=\"font-size: small;\"><span style=\"font-weight: normal;\">Fini \u00e0 la main<\/span><\/span><\/span><\/strong><\/li>\n<li class=\"western\"><strong><span style=\"font-family: Arial,sans-serif;\"><span style=\"font-size: small;\"><span style=\"font-weight: normal;\">Doublure coussins amovibles<\/span><\/span><\/span><\/strong><\/li>\n<li class=\"western\"><strong><span style=\"font-family: Arial,sans-serif;\"><span style=\"font-size: small;\"><span style=\"font-weight: normal;\">R\u00e9sistant \u00e0 l&rsquo;eau sal\u00e9e<\/span><\/span><\/span><\/strong><\/li>\n<li class=\"western\"><strong><span style=\"font-family: Arial,sans-serif;\"><span style=\"font-size: small;\"><span style=\"font-weight: normal;\">Mobilier compos\u00e9 \u00e0 100% de polyrattan<\/span><\/span><\/span><\/strong><\/li>\n<li class=\"western\"><strong><span style=\"font-family: Arial,sans-serif;\"><span style=\"font-size: small;\"><span style=\"font-weight: normal;\">Produit r\u00e9sistant aux rayons UV et \u00e0 la d\u00e9coloration<\/span><\/span><\/span><\/strong><\/li>\n<li class=\"western\"><strong><span style=\"font-family: Arial,sans-serif;\"><span style=\"font-size: small;\"><span style=\"font-weight: normal;\">Coussins imperm\u00e9ables et armature renforc\u00e9e<\/span><\/span><\/span><\/strong><\/li>\n<\/ul>\n<p style=\"text-align: center;\">\n","protected":false},"excerpt":{"rendered":"<p>Mobilier d&rsquo;ext\u00e9rieur mod\u00e8le Sere 560&#215;75 canap\u00e9 simple avec table noire design moderne<\/p>\n","protected":false},"featured_media":30130,"comment_status":"open","ping_status":"closed","template":"","meta":[],"product_brand":[9924],"product_cat":[15],"product_tag":[],"class_list":{"0":"post-79922","1":"product","2":"type-product","3":"status-publish","4":"has-post-thumbnail","6":"product_brand-predator-arredo-casa-fr","7":"product_cat-senza-categoria","9":"first","10":"outofstock","11":"taxable","12":"shipping-taxable","13":"purchasable","14":"product-type-simple"},"exclude_global_add_ons":[],"addons":[],"yoast_head":"<!-- This site is optimized with the Yoast SEO plugin v26.7 - https:\/\/yoast.com\/wordpress\/plugins\/seo\/ -->\n<title>Mobilier d&#039;ext\u00e9rieur Sere 560x75 canap\u00e9 simple table basse noire design moderne<\/title>\n<meta name=\"description\" content=\"Mobilier d&#039;ext\u00e9rieur mod\u00e8le Sere 560x75 canap\u00e9 simple avec table noire design moderne\" \/>\n<meta name=\"robots\" content=\"index, follow, max-snippet:-1, max-image-preview:large, max-video-preview:-1\" \/>\n<link rel=\"canonical\" href=\"https:\/\/www.bagnoitalia.com\/fr\/produit\/mobilier-d-39-exterieur-sere-560x75-canape-simple-table-basse-noire-design-moderne.html\" \/>\n<meta property=\"og:locale\" content=\"fr_FR\" \/>\n<meta property=\"og:type\" content=\"article\" \/>\n<meta property=\"og:title\" content=\"Mobilier d&#039;ext\u00e9rieur Sere 560x75 canap\u00e9 simple table basse noire design moderne\" \/>\n<meta property=\"og:description\" content=\"Mobilier d&#039;ext\u00e9rieur mod\u00e8le Sere 560x75 canap\u00e9 simple avec table noire design moderne\" \/>\n<meta property=\"og:url\" content=\"https:\/\/www.bagnoitalia.com\/fr\/produit\/mobilier-d-39-exterieur-sere-560x75-canape-simple-table-basse-noire-design-moderne.html\" \/>\n<meta property=\"og:site_name\" content=\"Bagno Italia\" \/>\n<meta property=\"og:image\" content=\"https:\/\/img.bagnoitalia.com\/wp-content\/uploads\/virtuemart\/product\/div_sere_5767g9gtr91.jpg\" \/>\n\t<meta property=\"og:image:width\" content=\"530\" \/>\n\t<meta property=\"og:image:height\" content=\"530\" \/>\n\t<meta property=\"og:image:type\" content=\"image\/jpeg\" \/>\n<meta name=\"twitter:card\" content=\"summary_large_image\" \/>\n<meta name=\"twitter:label1\" content=\"Dur\u00e9e de lecture estim\u00e9e\" \/>\n\t<meta name=\"twitter:data1\" content=\"1 minute\" \/>\n<script type=\"application\/ld+json\" class=\"yoast-schema-graph\">{\"@context\":\"https:\/\/schema.org\",\"@graph\":[{\"@type\":\"WebPage\",\"@id\":\"https:\/\/www.bagnoitalia.com\/fr\/produit\/mobilier-d-39-exterieur-sere-560x75-canape-simple-table-basse-noire-design-moderne.html\",\"url\":\"https:\/\/www.bagnoitalia.com\/fr\/produit\/mobilier-d-39-exterieur-sere-560x75-canape-simple-table-basse-noire-design-moderne.html\",\"name\":\"Mobilier d'ext\u00e9rieur Sere 560x75 canap\u00e9 simple table basse noire design moderne\",\"isPartOf\":{\"@id\":\"https:\/\/www.bagnoitalia.com\/fr#website\"},\"primaryImageOfPage\":{\"@id\":\"https:\/\/www.bagnoitalia.com\/fr\/produit\/mobilier-d-39-exterieur-sere-560x75-canape-simple-table-basse-noire-design-moderne.html#primaryimage\"},\"image\":{\"@id\":\"https:\/\/www.bagnoitalia.com\/fr\/produit\/mobilier-d-39-exterieur-sere-560x75-canape-simple-table-basse-noire-design-moderne.html#primaryimage\"},\"thumbnailUrl\":\"https:\/\/img.bagnoitalia.com\/wp-content\/uploads\/virtuemart\/product\/div_sere_5767g9gtr91.jpg\",\"datePublished\":\"2016-04-08T13:54:24+00:00\",\"description\":\"Mobilier d&#39;ext\u00e9rieur mod\u00e8le Sere 560x75 canap\u00e9 simple avec table noire design moderne\",\"breadcrumb\":{\"@id\":\"https:\/\/www.bagnoitalia.com\/fr\/produit\/mobilier-d-39-exterieur-sere-560x75-canape-simple-table-basse-noire-design-moderne.html#breadcrumb\"},\"inLanguage\":\"fr-FR\",\"potentialAction\":[{\"@type\":\"ReadAction\",\"target\":[\"https:\/\/www.bagnoitalia.com\/fr\/produit\/mobilier-d-39-exterieur-sere-560x75-canape-simple-table-basse-noire-design-moderne.html\"]}]},{\"@type\":\"ImageObject\",\"inLanguage\":\"fr-FR\",\"@id\":\"https:\/\/www.bagnoitalia.com\/fr\/produit\/mobilier-d-39-exterieur-sere-560x75-canape-simple-table-basse-noire-design-moderne.html#primaryimage\",\"url\":\"https:\/\/img.bagnoitalia.com\/wp-content\/uploads\/virtuemart\/product\/div_sere_5767g9gtr91.jpg\",\"contentUrl\":\"https:\/\/img.bagnoitalia.com\/wp-content\/uploads\/virtuemart\/product\/div_sere_5767g9gtr91.jpg\",\"width\":530,\"height\":530},{\"@type\":\"BreadcrumbList\",\"@id\":\"https:\/\/www.bagnoitalia.com\/fr\/produit\/mobilier-d-39-exterieur-sere-560x75-canape-simple-table-basse-noire-design-moderne.html#breadcrumb\",\"itemListElement\":[{\"@type\":\"ListItem\",\"position\":1,\"name\":\"Home\",\"item\":\"https:\/\/www.bagnoitalia.com\/fr\"},{\"@type\":\"ListItem\",\"position\":2,\"name\":\"Produits\",\"item\":\"https:\/\/www.bagnoitalia.com\/fr\/shop\"},{\"@type\":\"ListItem\",\"position\":3,\"name\":\"Mobilier d&#8217;ext\u00e9rieur Sere 560&#215;75 canap\u00e9 simple table basse noire design moderne\"}]},{\"@type\":\"WebSite\",\"@id\":\"https:\/\/www.bagnoitalia.com\/fr#website\",\"url\":\"https:\/\/www.bagnoitalia.com\/fr\",\"name\":\"Bagno Italia\",\"description\":\"\",\"publisher\":{\"@id\":\"https:\/\/www.bagnoitalia.com\/fr#organization\"},\"potentialAction\":[{\"@type\":\"SearchAction\",\"target\":{\"@type\":\"EntryPoint\",\"urlTemplate\":\"https:\/\/www.bagnoitalia.com\/fr?s={search_term_string}\"},\"query-input\":{\"@type\":\"PropertyValueSpecification\",\"valueRequired\":true,\"valueName\":\"search_term_string\"}}],\"inLanguage\":\"fr-FR\"},{\"@type\":\"Organization\",\"@id\":\"https:\/\/www.bagnoitalia.com\/fr#organization\",\"name\":\"Bagno Italia\",\"url\":\"https:\/\/www.bagnoitalia.com\/fr\",\"logo\":{\"@type\":\"ImageObject\",\"inLanguage\":\"fr-FR\",\"@id\":\"https:\/\/www.bagnoitalia.com\/fr#\/schema\/logo\/image\/\",\"url\":\"https:\/\/img.bagnoitalia.com\/wp-content\/uploads\/logo-bagnoitalia.webp\",\"contentUrl\":\"https:\/\/img.bagnoitalia.com\/wp-content\/uploads\/logo-bagnoitalia.webp\",\"width\":400,\"height\":70,\"caption\":\"Bagno Italia\"},\"image\":{\"@id\":\"https:\/\/www.bagnoitalia.com\/fr#\/schema\/logo\/image\/\"}}]}<\/script>\n<!-- \/ Yoast SEO plugin. -->","yoast_head_json":{"title":"Mobilier d'ext\u00e9rieur Sere 560x75 canap\u00e9 simple table basse noire design moderne","description":"Mobilier d&#39;ext\u00e9rieur mod\u00e8le Sere 560x75 canap\u00e9 simple avec table noire design moderne","robots":{"index":"index","follow":"follow","max-snippet":"max-snippet:-1","max-image-preview":"max-image-preview:large","max-video-preview":"max-video-preview:-1"},"canonical":"https:\/\/www.bagnoitalia.com\/fr\/produit\/mobilier-d-39-exterieur-sere-560x75-canape-simple-table-basse-noire-design-moderne.html","og_locale":"fr_FR","og_type":"article","og_title":"Mobilier d'ext\u00e9rieur Sere 560x75 canap\u00e9 simple table basse noire design moderne","og_description":"Mobilier d&#39;ext\u00e9rieur mod\u00e8le Sere 560x75 canap\u00e9 simple avec table noire design moderne","og_url":"https:\/\/www.bagnoitalia.com\/fr\/produit\/mobilier-d-39-exterieur-sere-560x75-canape-simple-table-basse-noire-design-moderne.html","og_site_name":"Bagno Italia","og_image":[{"width":530,"height":530,"url":"https:\/\/img.bagnoitalia.com\/wp-content\/uploads\/virtuemart\/product\/div_sere_5767g9gtr91.jpg","type":"image\/jpeg"}],"twitter_card":"summary_large_image","twitter_misc":{"Dur\u00e9e de lecture estim\u00e9e":"1 minute"},"schema":{"@context":"https:\/\/schema.org","@graph":[{"@type":"WebPage","@id":"https:\/\/www.bagnoitalia.com\/fr\/produit\/mobilier-d-39-exterieur-sere-560x75-canape-simple-table-basse-noire-design-moderne.html","url":"https:\/\/www.bagnoitalia.com\/fr\/produit\/mobilier-d-39-exterieur-sere-560x75-canape-simple-table-basse-noire-design-moderne.html","name":"Mobilier d'ext\u00e9rieur Sere 560x75 canap\u00e9 simple table basse noire design moderne","isPartOf":{"@id":"https:\/\/www.bagnoitalia.com\/fr#website"},"primaryImageOfPage":{"@id":"https:\/\/www.bagnoitalia.com\/fr\/produit\/mobilier-d-39-exterieur-sere-560x75-canape-simple-table-basse-noire-design-moderne.html#primaryimage"},"image":{"@id":"https:\/\/www.bagnoitalia.com\/fr\/produit\/mobilier-d-39-exterieur-sere-560x75-canape-simple-table-basse-noire-design-moderne.html#primaryimage"},"thumbnailUrl":"https:\/\/img.bagnoitalia.com\/wp-content\/uploads\/virtuemart\/product\/div_sere_5767g9gtr91.jpg","datePublished":"2016-04-08T13:54:24+00:00","description":"Mobilier d&#39;ext\u00e9rieur mod\u00e8le Sere 560x75 canap\u00e9 simple avec table noire design moderne","breadcrumb":{"@id":"https:\/\/www.bagnoitalia.com\/fr\/produit\/mobilier-d-39-exterieur-sere-560x75-canape-simple-table-basse-noire-design-moderne.html#breadcrumb"},"inLanguage":"fr-FR","potentialAction":[{"@type":"ReadAction","target":["https:\/\/www.bagnoitalia.com\/fr\/produit\/mobilier-d-39-exterieur-sere-560x75-canape-simple-table-basse-noire-design-moderne.html"]}]},{"@type":"ImageObject","inLanguage":"fr-FR","@id":"https:\/\/www.bagnoitalia.com\/fr\/produit\/mobilier-d-39-exterieur-sere-560x75-canape-simple-table-basse-noire-design-moderne.html#primaryimage","url":"https:\/\/img.bagnoitalia.com\/wp-content\/uploads\/virtuemart\/product\/div_sere_5767g9gtr91.jpg","contentUrl":"https:\/\/img.bagnoitalia.com\/wp-content\/uploads\/virtuemart\/product\/div_sere_5767g9gtr91.jpg","width":530,"height":530},{"@type":"BreadcrumbList","@id":"https:\/\/www.bagnoitalia.com\/fr\/produit\/mobilier-d-39-exterieur-sere-560x75-canape-simple-table-basse-noire-design-moderne.html#breadcrumb","itemListElement":[{"@type":"ListItem","position":1,"name":"Home","item":"https:\/\/www.bagnoitalia.com\/fr"},{"@type":"ListItem","position":2,"name":"Produits","item":"https:\/\/www.bagnoitalia.com\/fr\/shop"},{"@type":"ListItem","position":3,"name":"Mobilier d&#8217;ext\u00e9rieur Sere 560&#215;75 canap\u00e9 simple table basse noire design moderne"}]},{"@type":"WebSite","@id":"https:\/\/www.bagnoitalia.com\/fr#website","url":"https:\/\/www.bagnoitalia.com\/fr","name":"Bagno Italia","description":"","publisher":{"@id":"https:\/\/www.bagnoitalia.com\/fr#organization"},"potentialAction":[{"@type":"SearchAction","target":{"@type":"EntryPoint","urlTemplate":"https:\/\/www.bagnoitalia.com\/fr?s={search_term_string}"},"query-input":{"@type":"PropertyValueSpecification","valueRequired":true,"valueName":"search_term_string"}}],"inLanguage":"fr-FR"},{"@type":"Organization","@id":"https:\/\/www.bagnoitalia.com\/fr#organization","name":"Bagno Italia","url":"https:\/\/www.bagnoitalia.com\/fr","logo":{"@type":"ImageObject","inLanguage":"fr-FR","@id":"https:\/\/www.bagnoitalia.com\/fr#\/schema\/logo\/image\/","url":"https:\/\/img.bagnoitalia.com\/wp-content\/uploads\/logo-bagnoitalia.webp","contentUrl":"https:\/\/img.bagnoitalia.com\/wp-content\/uploads\/logo-bagnoitalia.webp","width":400,"height":70,"caption":"Bagno Italia"},"image":{"@id":"https:\/\/www.bagnoitalia.com\/fr#\/schema\/logo\/image\/"}}]}},"_links":{"self":[{"href":"https:\/\/www.bagnoitalia.com\/fr\/wp-json\/wp\/v2\/product\/79922","targetHints":{"allow":["GET"]}}],"collection":[{"href":"https:\/\/www.bagnoitalia.com\/fr\/wp-json\/wp\/v2\/product"}],"about":[{"href":"https:\/\/www.bagnoitalia.com\/fr\/wp-json\/wp\/v2\/types\/product"}],"replies":[{"embeddable":true,"href":"https:\/\/www.bagnoitalia.com\/fr\/wp-json\/wp\/v2\/comments?post=79922"}],"version-history":[{"count":0,"href":"https:\/\/www.bagnoitalia.com\/fr\/wp-json\/wp\/v2\/product\/79922\/revisions"}],"wp:featuredmedia":[{"embeddable":true,"href":"https:\/\/www.bagnoitalia.com\/fr\/wp-json\/wp\/v2\/media\/30130"}],"wp:attachment":[{"href":"https:\/\/www.bagnoitalia.com\/fr\/wp-json\/wp\/v2\/media?parent=79922"}],"wp:term":[{"taxonomy":"product_brand","embeddable":true,"href":"https:\/\/www.bagnoitalia.com\/fr\/wp-json\/wp\/v2\/product_brand?post=79922"},{"taxonomy":"product_cat","embeddable":true,"href":"https:\/\/www.bagnoitalia.com\/fr\/wp-json\/wp\/v2\/product_cat?post=79922"},{"taxonomy":"product_tag","embeddable":true,"href":"https:\/\/www.bagnoitalia.com\/fr\/wp-json\/wp\/v2\/product_tag?post=79922"}],"curies":[{"name":"wp","href":"https:\/\/api.w.org\/{rel}","templated":true}]}}